{"id":8463,"date":"2025-03-03T15:23:04","date_gmt":"2025-03-03T15:23:04","guid":{"rendered":"https:\/\/distribuidorcintastesa.es\/producto\/fita-tesa-60077\/"},"modified":"2025-03-03T15:54:21","modified_gmt":"2025-03-03T15:54:21","slug":"fita-tesa-60077","status":"publish","type":"product","link":"https:\/\/distribuidorcintastesa.es\/pt-pt\/producto\/fita-tesa-60077\/","title":{"rendered":"Fita Tesa\u00ae 60077"},"content":{"rendered":"<p>A fita Tesa\u00ae 60077 \u00e9 constitu\u00edda por uma pel\u00edcula de polietileno e um adesivo acr\u00edlico. \u00c9 uma solu\u00e7\u00e3o forte e duradoura para a impermeabiliza\u00e7\u00e3o com placas de barreira de vapor. Concebida para proteger e manter os telhados secos gra\u00e7as \u00e0 sua tecnologia de barreira de vapor. Aplica-se da mesma forma que uma fita normal, exercendo uma ligeira press\u00e3o manual para permitir uma boa ader\u00eancia da fita \u00e0 superf\u00edcie. Possui uma elevada resist\u00eancia ao envelhecimento.<\/p>\n<p><strong style=\"color: #000000; font-size: 24px;\">Comprar em linha<\/strong><\/p>\n<h4><a href=\"https:\/\/solbi-mural.com\/pt\/fitas-protecao-e-revestimento\/601-tesa-fita-de-barreira-anti-vapor-para-selagem-60077-rolo-de-25m-x-50mm.html\" target=\"_blank\" rel=\"noopener\"><span style=\"color: #3366ff;\">60077<\/span><\/a><\/h4>\n<p>&nbsp;<\/p>\n<p><strong style=\"font-size: 1.3em;\">Carater\u00edsticas<\/strong><\/p>\n<ul>\n<li>A fita Tesa\u00ae 60077 tem um adesivo acr\u00edlico<\/li>\n<li>Substrato: filme PE<\/li>\n<li>Espessura total 290 \u00b5m<\/li>\n<li>For\u00e7a adesiva muito elevada e permanente ao longo do tempo<\/li>\n<li>Fita auto-adesiva para selagem de juntas<\/li>\n<li>Elevada resist\u00eancia ao envelhecimento<\/li>\n<li>Fita de baixas emiss\u00f5es com certificado GEV-EMICODE<\/li>\n<\/ul>\n<p><strong style=\"font-size: 1.3em;\">Aplica\u00e7\u00f5es<\/strong><\/p>\n<ul>\n<li>Esta fita de impermeabiliza\u00e7\u00e3o \u00e9 ideal para criar uma barreira \u00e0 humidade com camadas de controlo de vapor (em conformidade com a norma DIN 4108-11).<\/li>\n<li>Foi tamb\u00e9m concebida para proteger os edif\u00edcios contra a humidade.<\/li>\n<li>As aplica\u00e7\u00f5es incluem a estanquidade ao ar, a veda\u00e7\u00e3o de penetra\u00e7\u00f5es de cabos ou tubos nas paredes e a impermeabiliza\u00e7\u00e3o em ambientes agressivos.<\/li>\n<li>Adequado para criar barreiras de vapor em novas constru\u00e7\u00f5es e renova\u00e7\u00f5es de telhados.<\/li>\n<li>R\u00e1pido e f\u00e1cil de aplicar<\/li>\n<li>Aplica\u00e7\u00e3o em interiores e exteriores<\/li>\n<\/ul>\n<h4><strong>Perguntas frequentes<\/strong><\/h4>\n<h5>O que \u00e9 uma fita de veda\u00e7\u00e3o?<\/h5>\n<p>Fita auto-adesiva utilizada para impedir a infiltra\u00e7\u00e3o de \u00e1gua e proteger as superf\u00edcies expostas \u00e0 humidade, como telhados, paredes ou pavimentos.<\/p>\n<h5>Como \u00e9 que se repara uma fuga de \u00e1gua?<\/h5>\n<p>Para as fugas de \u00e1gua nos canos, \u00e9 essencial localizar a fuga e aplicar outra fita, uma fita especial de repara\u00e7\u00e3o de canos chamada <a href=\"https:\/\/solbi-mural.com\/pt\/fitas-adesivas-de-uma-face\/102-fita-eletrica-auto-soldavel-de-epr-preto-rolo-de-910m-x-19mm.html\" target=\"_blank\" rel=\"noopener\">fita vulcaniz\u00e1vel que pode encontrar aqui.<\/a><\/p>\n<h5>Que fita adesiva n\u00e3o se solta em condi\u00e7\u00f5es de humidade?<\/h5>\n<p>Esta fita Tesa \u00e9 ideal para isso, uma vez que foi concebida para criar uma barreira contra o vapor e a humidade.<\/p>\n<h5>Qual \u00e9 a melhor fita adesiva para reparar canos?<\/h5>\n<p>A melhor fita para reparar canos ou fugas \u00e9 a fita vulcaniz\u00e1vel, que se funde com ela pr\u00f3pria, criando uma extens\u00e3o do pr\u00f3prio cano, impedindo que a \u00e1gua volte a sair e n\u00e3o se descole. \u00c9 uma solu\u00e7\u00e3o barata, f\u00e1cil e duradoura, que n\u00e3o exige que se chame o canalizador.<\/p>\n<p>&nbsp;<\/p>\n<h4><strong>Outros produtos interessantes<\/strong><\/h4>\n<ul>\n<li style=\"list-style-type: none;\">\n<ul>\n<li><a href=\"https:\/\/distribuidorcintastesa.es\/pt-pt\/producto\/fita-tesa-4965-original-next-gen\/\" target=\"_blank\" rel=\"noopener\">4965<\/a><\/li>\n<li><a href=\"https:\/\/distribuidorcintastesa.es\/pt-pt\/producto\/tesa-50650-conformavel\/\" target=\"_blank\" rel=\"noopener\">50650<\/a><\/li>\n<li><a href=\"https:\/\/distribuidorcintastesa.es\/pt-pt\/producto\/fita-tesa-excellent-56546\/\" target=\"_blank\" rel=\"noopener\">56546<\/a><\/li>\n<\/ul>\n<\/li>\n<\/ul>\n","protected":false},"excerpt":{"rendered":"<p>A fita Tesa\u00ae 60077 \u00e9 constitu\u00edda por uma pel\u00edcula de polietileno e um adesivo acr\u00edlico. \u00c9 uma solu\u00e7\u00e3o forte e duradoura para a impermeabiliza\u00e7\u00e3o com placas de barreira de vapor. Concebida para proteger e manter os telhados secos gra\u00e7as \u00e0 sua tecnologia de barreira de vapor. Aplica-se da mesma forma que uma fita normal, exercendo [&hellip;]<\/p>\n","protected":false},"featured_media":8395,"template":"","meta":{"site-sidebar-layout":"default","site-content-layout":"","ast-site-content-layout":"default","site-content-style":"default","site-sidebar-style":"default","ast-global-header-display":"","ast-banner-title-visibility":"","ast-main-header-display":"","ast-hfb-above-header-display":"","ast-hfb-below-header-display":"","ast-hfb-mobile-header-display":"","site-post-title":"","ast-breadcrumbs-content":"","ast-featured-img":"","footer-sml-layout":"","ast-disable-related-posts":"","theme-transparent-header-meta":"default","adv-header-id-meta":"","stick-header-meta":"","header-above-stick-meta":"","header-main-stick-meta":"","header-below-stick-meta":"","astra-migrate-meta-layouts":"set","ast-page-background-enabled":"default","ast-page-background-meta":{"desktop":{"background-color":"","background-image":"","background-repeat":"repeat","background-position":"center center","background-size":"auto","background-attachment":"scroll","background-type":"","background-media":"","overlay-type":"","overlay-color":"","overlay-opacity":"","overlay-gradient":""},"tablet":{"background-color":"","background-image":"","background-repeat":"repeat","background-position":"center center","background-size":"auto","background-attachment":"scroll","background-type":"","background-media":"","overlay-type":"","overlay-color":"","overlay-opacity":"","overlay-gradient":""},"mobile":{"background-color":"","background-image":"","background-repeat":"repeat","background-position":"center center","background-size":"auto","background-attachment":"scroll","background-type":"","background-media":"","overlay-type":"","overlay-color":"","overlay-opacity":"","overlay-gradient":""}},"ast-content-background-meta":{"desktop":{"background-color":"var(--ast-global-color-5)","background-image":"","background-repeat":"repeat","background-position":"center center","background-size":"auto","background-attachment":"scroll","background-type":"","background-media":"","overlay-type":"","overlay-color":"","overlay-opacity":"","overlay-gradient":""},"tablet":{"background-color":"var(--ast-global-color-5)","background-image":"","background-repeat":"repeat","background-position":"center center","background-size":"auto","background-attachment":"scroll","background-type":"","background-media":"","overlay-type":"","overlay-color":"","overlay-opacity":"","overlay-gradient":""},"mobile":{"background-color":"var(--ast-global-color-5)","background-image":"","background-repeat":"repeat","background-position":"center center","background-size":"auto","background-attachment":"scroll","background-type":"","background-media":"","overlay-type":"","overlay-color":"","overlay-opacity":"","overlay-gradient":""}}},"product_brand":[],"product_cat":[147,169],"product_tag":[4235,4236,4237],"class_list":{"0":"post-8463","1":"product","2":"type-product","3":"status-publish","4":"has-post-thumbnail","6":"product_cat-solucoes-de-fixacao","7":"product_cat-suporte-de-producao","8":"product_tag-fita-de-selagem","9":"product_tag-fita-de-selagem-pt-pt","10":"product_tag-fita-de-vedacao-ultra-resistente","11":"desktop-align-center","12":"tablet-align-center","13":"mobile-align-center","15":"first","16":"instock","17":"shipping-taxable","18":"product-type-simple"},"yoast_head":"<!-- This site is optimized with the Yoast SEO Premium plugin v27.2 (Yoast SEO v27.2) - https:\/\/yoast.com\/product\/yoast-seo-premium-wordpress\/ -->\n<title>Fita Tesa\u00ae 60077<\/title>\n<meta name=\"description\" content=\"Fita Tesa\u00ae 60077 para veda\u00e7\u00e3o \u00e0 prova de \u00e1gua e herm\u00e9tica, criando uma barreira contra a \u00e1gua, o vapor e a humidade.\" \/>\n<meta name=\"robots\" content=\"index, follow, max-snippet:-1, max-image-preview:large, max-video-preview:-1\" \/>\n<link rel=\"canonical\" href=\"https:\/\/distribuidorcintastesa.es\/pt-pt\/producto\/fita-tesa-60077\/\" \/>\n<meta property=\"og:locale\" content=\"pt_PT\" \/>\n<meta property=\"og:type\" content=\"article\" \/>\n<meta property=\"og:title\" content=\"Fita Tesa\u00ae 60077\" \/>\n<meta property=\"og:description\" content=\"Fita Tesa\u00ae 60077 para veda\u00e7\u00e3o \u00e0 prova de \u00e1gua e herm\u00e9tica, criando uma barreira contra a \u00e1gua, o vapor e a humidade.\" \/>\n<meta property=\"og:url\" content=\"https:\/\/distribuidorcintastesa.es\/pt-pt\/producto\/fita-tesa-60077\/\" \/>\n<meta property=\"og:site_name\" content=\"Distribuidor de cintas tesa, cintas tesa, tesa cintas, distribuidor tesa, tesa productos, productos tesa, tesa distribuidores, http:\/\/www.http:\/\/distribuidorcintas3m.es, Mejores ofertas en cintas\" \/>\n<meta property=\"article:modified_time\" content=\"2025-03-03T15:54:21+00:00\" \/>\n<meta property=\"og:image\" content=\"https:\/\/distribuidorcintastesa.es\/wp-content\/uploads\/2025\/02\/Cinta-para-barrera-de-vapor-Tesa-60077.png\" \/>\n\t<meta property=\"og:image:width\" content=\"800\" \/>\n\t<meta property=\"og:image:height\" content=\"800\" \/>\n\t<meta property=\"og:image:type\" content=\"image\/png\" \/>\n<meta name=\"twitter:card\" content=\"summary_large_image\" \/>\n<meta name=\"twitter:label1\" content=\"Tempo estimado de leitura\" \/>\n\t<meta name=\"twitter:data1\" content=\"2 minutos\" \/>\n<script type=\"application\/ld+json\" class=\"yoast-schema-graph\">{\"@context\":\"https:\/\/schema.org\",\"@graph\":[{\"@type\":\"WebPage\",\"@id\":\"https:\/\/distribuidorcintastesa.es\/pt-pt\/producto\/fita-tesa-60077\/\",\"url\":\"https:\/\/distribuidorcintastesa.es\/pt-pt\/producto\/fita-tesa-60077\/\",\"name\":\"Fita Tesa\u00ae 60077\",\"isPartOf\":{\"@id\":\"https:\/\/distribuidorcintastesa.es\/pt-pt\/#website\"},\"primaryImageOfPage\":{\"@id\":\"https:\/\/distribuidorcintastesa.es\/pt-pt\/producto\/fita-tesa-60077\/#primaryimage\"},\"image\":{\"@id\":\"https:\/\/distribuidorcintastesa.es\/pt-pt\/producto\/fita-tesa-60077\/#primaryimage\"},\"thumbnailUrl\":\"https:\/\/distribuidorcintastesa.es\/wp-content\/uploads\/2025\/02\/Cinta-para-barrera-de-vapor-Tesa-60077.png\",\"datePublished\":\"2025-03-03T15:23:04+00:00\",\"dateModified\":\"2025-03-03T15:54:21+00:00\",\"description\":\"Fita Tesa\u00ae 60077 para veda\u00e7\u00e3o \u00e0 prova de \u00e1gua e herm\u00e9tica, criando uma barreira contra a \u00e1gua, o vapor e a humidade.\",\"breadcrumb\":{\"@id\":\"https:\/\/distribuidorcintastesa.es\/pt-pt\/producto\/fita-tesa-60077\/#breadcrumb\"},\"inLanguage\":\"pt-PT\",\"potentialAction\":[{\"@type\":\"ReadAction\",\"target\":[\"https:\/\/distribuidorcintastesa.es\/pt-pt\/producto\/fita-tesa-60077\/\"]}]},{\"@type\":\"ImageObject\",\"inLanguage\":\"pt-PT\",\"@id\":\"https:\/\/distribuidorcintastesa.es\/pt-pt\/producto\/fita-tesa-60077\/#primaryimage\",\"url\":\"https:\/\/distribuidorcintastesa.es\/wp-content\/uploads\/2025\/02\/Cinta-para-barrera-de-vapor-Tesa-60077.png\",\"contentUrl\":\"https:\/\/distribuidorcintastesa.es\/wp-content\/uploads\/2025\/02\/Cinta-para-barrera-de-vapor-Tesa-60077.png\",\"width\":800,\"height\":800,\"caption\":\"Cinta para barreira de vapor Tesa 60077\"},{\"@type\":\"BreadcrumbList\",\"@id\":\"https:\/\/distribuidorcintastesa.es\/pt-pt\/producto\/fita-tesa-60077\/#breadcrumb\",\"itemListElement\":[{\"@type\":\"ListItem\",\"position\":1,\"name\":\"Portada\",\"item\":\"https:\/\/distribuidorcintastesa.es\/pt-pt\/\"},{\"@type\":\"ListItem\",\"position\":2,\"name\":\"Produtos\",\"item\":\"https:\/\/distribuidorcintastesa.es\/pt-pt\/produtos\/\"},{\"@type\":\"ListItem\",\"position\":3,\"name\":\"Fita Tesa\u00ae 60077\"}]},{\"@type\":\"WebSite\",\"@id\":\"https:\/\/distribuidorcintastesa.es\/pt-pt\/#website\",\"url\":\"https:\/\/distribuidorcintastesa.es\/pt-pt\/\",\"name\":\"Distribuidor de cintas tesa\",\"description\":\"Distribuidor de cintas tesa, cintas tesa, tesa cintas, distribuidor tesa, tesa productos, productos tesa, tesa distribuidores, cintas y adhesivos, tesa cinta doble cara, cinta tesa doble cara, adhesivos tesa, cinta antideslizante, velcro tesa, cinta reflectante, tesa supergen, softprint, cinta doble cara tesa, selladores y adhesivos, cintas adhesivas de doble cara, cintas de aluminio, cintas de vinilo para se\u00f1alizaci\u00f3n, cintas de tela americanas, cintas de papel para enmascarar, cintas para embalaje\",\"publisher\":{\"@id\":\"https:\/\/distribuidorcintastesa.es\/pt-pt\/#organization\"},\"potentialAction\":[{\"@type\":\"SearchAction\",\"target\":{\"@type\":\"EntryPoint\",\"urlTemplate\":\"https:\/\/distribuidorcintastesa.es\/pt-pt\/?s={search_term_string}\"},\"query-input\":{\"@type\":\"PropertyValueSpecification\",\"valueRequired\":true,\"valueName\":\"search_term_string\"}}],\"inLanguage\":\"pt-PT\"},{\"@type\":\"Organization\",\"@id\":\"https:\/\/distribuidorcintastesa.es\/pt-pt\/#organization\",\"name\":\"Distribuidor de cintas tesa\",\"url\":\"https:\/\/distribuidorcintastesa.es\/pt-pt\/\",\"logo\":{\"@type\":\"ImageObject\",\"inLanguage\":\"pt-PT\",\"@id\":\"https:\/\/distribuidorcintastesa.es\/pt-pt\/#\/schema\/logo\/image\/\",\"url\":\"https:\/\/distribuidorcintastesa.es\/wp-content\/uploads\/2022\/10\/logo-espanol-portugues.png\",\"contentUrl\":\"https:\/\/distribuidorcintastesa.es\/wp-content\/uploads\/2022\/10\/logo-espanol-portugues.png\",\"width\":871,\"height\":142,\"caption\":\"Distribuidor de cintas tesa\"},\"image\":{\"@id\":\"https:\/\/distribuidorcintastesa.es\/pt-pt\/#\/schema\/logo\/image\/\"},\"sameAs\":[\"https:\/\/muralsrd.com\/\",\"https:\/\/solbi-mural.com\/es\/\",\"https:\/\/distribuidor-cintas-adhesivas.es\",\"https:\/\/www.instagram.com\/solbimural\/?igsh=ZnR6ZmkzZm1ubWhl\"]}]}<\/script>\n<!-- \/ Yoast SEO Premium plugin. -->","yoast_head_json":{"title":"Fita Tesa\u00ae 60077","description":"Fita Tesa\u00ae 60077 para veda\u00e7\u00e3o \u00e0 prova de \u00e1gua e herm\u00e9tica, criando uma barreira contra a \u00e1gua, o vapor e a humidade.","robots":{"index":"index","follow":"follow","max-snippet":"max-snippet:-1","max-image-preview":"max-image-preview:large","max-video-preview":"max-video-preview:-1"},"canonical":"https:\/\/distribuidorcintastesa.es\/pt-pt\/producto\/fita-tesa-60077\/","og_locale":"pt_PT","og_type":"article","og_title":"Fita Tesa\u00ae 60077","og_description":"Fita Tesa\u00ae 60077 para veda\u00e7\u00e3o \u00e0 prova de \u00e1gua e herm\u00e9tica, criando uma barreira contra a \u00e1gua, o vapor e a humidade.","og_url":"https:\/\/distribuidorcintastesa.es\/pt-pt\/producto\/fita-tesa-60077\/","og_site_name":"Distribuidor de cintas tesa, cintas tesa, tesa cintas, distribuidor tesa, tesa productos, productos tesa, tesa distribuidores, http:\/\/www.http:\/\/distribuidorcintas3m.es, Mejores ofertas en cintas","article_modified_time":"2025-03-03T15:54:21+00:00","og_image":[{"width":800,"height":800,"url":"https:\/\/distribuidorcintastesa.es\/wp-content\/uploads\/2025\/02\/Cinta-para-barrera-de-vapor-Tesa-60077.png","type":"image\/png"}],"twitter_card":"summary_large_image","twitter_misc":{"Tempo estimado de leitura":"2 minutos"},"schema":{"@context":"https:\/\/schema.org","@graph":[{"@type":"WebPage","@id":"https:\/\/distribuidorcintastesa.es\/pt-pt\/producto\/fita-tesa-60077\/","url":"https:\/\/distribuidorcintastesa.es\/pt-pt\/producto\/fita-tesa-60077\/","name":"Fita Tesa\u00ae 60077","isPartOf":{"@id":"https:\/\/distribuidorcintastesa.es\/pt-pt\/#website"},"primaryImageOfPage":{"@id":"https:\/\/distribuidorcintastesa.es\/pt-pt\/producto\/fita-tesa-60077\/#primaryimage"},"image":{"@id":"https:\/\/distribuidorcintastesa.es\/pt-pt\/producto\/fita-tesa-60077\/#primaryimage"},"thumbnailUrl":"https:\/\/distribuidorcintastesa.es\/wp-content\/uploads\/2025\/02\/Cinta-para-barrera-de-vapor-Tesa-60077.png","datePublished":"2025-03-03T15:23:04+00:00","dateModified":"2025-03-03T15:54:21+00:00","description":"Fita Tesa\u00ae 60077 para veda\u00e7\u00e3o \u00e0 prova de \u00e1gua e herm\u00e9tica, criando uma barreira contra a \u00e1gua, o vapor e a humidade.","breadcrumb":{"@id":"https:\/\/distribuidorcintastesa.es\/pt-pt\/producto\/fita-tesa-60077\/#breadcrumb"},"inLanguage":"pt-PT","potentialAction":[{"@type":"ReadAction","target":["https:\/\/distribuidorcintastesa.es\/pt-pt\/producto\/fita-tesa-60077\/"]}]},{"@type":"ImageObject","inLanguage":"pt-PT","@id":"https:\/\/distribuidorcintastesa.es\/pt-pt\/producto\/fita-tesa-60077\/#primaryimage","url":"https:\/\/distribuidorcintastesa.es\/wp-content\/uploads\/2025\/02\/Cinta-para-barrera-de-vapor-Tesa-60077.png","contentUrl":"https:\/\/distribuidorcintastesa.es\/wp-content\/uploads\/2025\/02\/Cinta-para-barrera-de-vapor-Tesa-60077.png","width":800,"height":800,"caption":"Cinta para barreira de vapor Tesa 60077"},{"@type":"BreadcrumbList","@id":"https:\/\/distribuidorcintastesa.es\/pt-pt\/producto\/fita-tesa-60077\/#breadcrumb","itemListElement":[{"@type":"ListItem","position":1,"name":"Portada","item":"https:\/\/distribuidorcintastesa.es\/pt-pt\/"},{"@type":"ListItem","position":2,"name":"Produtos","item":"https:\/\/distribuidorcintastesa.es\/pt-pt\/produtos\/"},{"@type":"ListItem","position":3,"name":"Fita Tesa\u00ae 60077"}]},{"@type":"WebSite","@id":"https:\/\/distribuidorcintastesa.es\/pt-pt\/#website","url":"https:\/\/distribuidorcintastesa.es\/pt-pt\/","name":"Distribuidor de cintas tesa","description":"Distribuidor de cintas tesa, cintas tesa, tesa cintas, distribuidor tesa, tesa productos, productos tesa, tesa distribuidores, cintas y adhesivos, tesa cinta doble cara, cinta tesa doble cara, adhesivos tesa, cinta antideslizante, velcro tesa, cinta reflectante, tesa supergen, softprint, cinta doble cara tesa, selladores y adhesivos, cintas adhesivas de doble cara, cintas de aluminio, cintas de vinilo para se\u00f1alizaci\u00f3n, cintas de tela americanas, cintas de papel para enmascarar, cintas para embalaje","publisher":{"@id":"https:\/\/distribuidorcintastesa.es\/pt-pt\/#organization"},"potentialAction":[{"@type":"SearchAction","target":{"@type":"EntryPoint","urlTemplate":"https:\/\/distribuidorcintastesa.es\/pt-pt\/?s={search_term_string}"},"query-input":{"@type":"PropertyValueSpecification","valueRequired":true,"valueName":"search_term_string"}}],"inLanguage":"pt-PT"},{"@type":"Organization","@id":"https:\/\/distribuidorcintastesa.es\/pt-pt\/#organization","name":"Distribuidor de cintas tesa","url":"https:\/\/distribuidorcintastesa.es\/pt-pt\/","logo":{"@type":"ImageObject","inLanguage":"pt-PT","@id":"https:\/\/distribuidorcintastesa.es\/pt-pt\/#\/schema\/logo\/image\/","url":"https:\/\/distribuidorcintastesa.es\/wp-content\/uploads\/2022\/10\/logo-espanol-portugues.png","contentUrl":"https:\/\/distribuidorcintastesa.es\/wp-content\/uploads\/2022\/10\/logo-espanol-portugues.png","width":871,"height":142,"caption":"Distribuidor de cintas tesa"},"image":{"@id":"https:\/\/distribuidorcintastesa.es\/pt-pt\/#\/schema\/logo\/image\/"},"sameAs":["https:\/\/muralsrd.com\/","https:\/\/solbi-mural.com\/es\/","https:\/\/distribuidor-cintas-adhesivas.es","https:\/\/www.instagram.com\/solbimural\/?igsh=ZnR6ZmkzZm1ubWhl"]}]}},"_links":{"self":[{"href":"https:\/\/distribuidorcintastesa.es\/pt-pt\/wp-json\/wp\/v2\/product\/8463","targetHints":{"allow":["GET"]}}],"collection":[{"href":"https:\/\/distribuidorcintastesa.es\/pt-pt\/wp-json\/wp\/v2\/product"}],"about":[{"href":"https:\/\/distribuidorcintastesa.es\/pt-pt\/wp-json\/wp\/v2\/types\/product"}],"wp:featuredmedia":[{"embeddable":true,"href":"https:\/\/distribuidorcintastesa.es\/pt-pt\/wp-json\/wp\/v2\/media\/8395"}],"wp:attachment":[{"href":"https:\/\/distribuidorcintastesa.es\/pt-pt\/wp-json\/wp\/v2\/media?parent=8463"}],"wp:term":[{"taxonomy":"product_brand","embeddable":true,"href":"https:\/\/distribuidorcintastesa.es\/pt-pt\/wp-json\/wp\/v2\/product_brand?post=8463"},{"taxonomy":"product_cat","embeddable":true,"href":"https:\/\/distribuidorcintastesa.es\/pt-pt\/wp-json\/wp\/v2\/product_cat?post=8463"},{"taxonomy":"product_tag","embeddable":true,"href":"https:\/\/distribuidorcintastesa.es\/pt-pt\/wp-json\/wp\/v2\/product_tag?post=8463"}],"curies":[{"name":"wp","href":"https:\/\/api.w.org\/{rel}","templated":true}]}}