{"id":8164,"date":"2025-01-09T10:27:14","date_gmt":"2025-01-09T10:27:14","guid":{"rendered":"https:\/\/distribuidorcintastesa.es\/producto\/tesa-50650-conformavel\/"},"modified":"2025-01-21T09:58:30","modified_gmt":"2025-01-21T09:58:30","slug":"tesa-50650-conformavel","status":"publish","type":"product","link":"https:\/\/distribuidorcintastesa.es\/pt-pt\/producto\/tesa-50650-conformavel\/","title":{"rendered":"Tesa\u00ae 50650 Conform\u00e1vel"},"content":{"rendered":"<p>A fita Tesa\u00ae 50650 Conform\u00e1vel tem um suporte em PETP e um adesivo de silicone. Foi concebida para mascarar, proteger e cobrir diferentes \u00e1reas durante os processos de revestimento a p\u00f3, colagem de materiais n\u00e3o polares, tem uma forte ades\u00e3o, flexibilidade e a capacidade de manter liga\u00e7\u00f5es fortes e duradouras. Esta fita \u00e9 removida sem deixar res\u00edduos ou res\u00edduos, sendo tamb\u00e9m extremamente resistente ao calor e a temperaturas at\u00e9 220\u00b0C durante 30 minutos, garantindo um \u00f3timo desempenho em aplica\u00e7\u00f5es exigentes e ambientes industriais adversos.<\/p>\n<p><strong style=\"color: #000000; font-size: 24px;\">Compra em linha<\/strong><\/p>\n<h4><a href=\"https:\/\/solbi-mural.com\/pt\/fitas-protecao-e-revestimento\/521-tesa-fita-de-mascara-de-alta-temperatura-50650-azul-rolo-66m.html\" target=\"_blank\" rel=\"noopener\"><span style=\"color: #3366ff;\">50650<\/span><\/a><\/h4>\n<p>&nbsp;<\/p>\n<p><strong style=\"font-size: 1.3em;\">Caracter\u00edsticas<\/strong><\/p>\n<ul>\n<li>A Fita Tesa\u00ae 50650 Conform\u00e1vel possui um adesivo de silicone<\/li>\n<li>Material de suporte PETP poli\u00e9ster<\/li>\n<li>Espessura total 55 \u00b5m<\/li>\n<li>Male\u00e1vel e conform\u00e1vel<\/li>\n<li>Fita resistente a altas temperaturas at\u00e9 220\u00b0C durante 30 minutos<\/li>\n<li>Cor azul transl\u00facida<\/li>\n<\/ul>\n<p><strong style=\"font-size: 1.3em;\">Aplica\u00e7\u00f5es<\/strong><\/p>\n<ul>\n<li>Esta fita conform\u00e1vel Tesa\u00ae 50650, altamente vers\u00e1til, \u00e9 utilizada principalmente na ind\u00fastria autom\u00f3vel para fixar componentes interiores e exteriores, assegurando uma liga\u00e7\u00e3o forte. \u00c9 tamb\u00e9m ideal na ind\u00fastria da constru\u00e7\u00e3o para a montagem de pain\u00e9is e perfis e, em casa, \u00e9 \u00fatil para repara\u00e7\u00f5es e trabalhos manuais, gra\u00e7as \u00e0 sua resist\u00eancia e flexibilidade.<\/li>\n<li>Aplica\u00e7\u00e3o em interiores e exteriores, gra\u00e7as \u00e0 sua elevada resist\u00eancia a diferentes condi\u00e7\u00f5es ambientais, incluindo calor, humidade e varia\u00e7\u00f5es de temperatura.<\/li>\n<\/ul>\n<h4><strong>Produtos Relacionados<\/strong><\/h4>\n<ul>\n<li style=\"list-style-type: none;\">\n<ul>\n<li><a href=\"https:\/\/distribuidorcintastesa.es\/pt-pt\/producto\/fita-tesa-4965-original-next-gen\/\" target=\"_blank\" rel=\"noopener\">4965<\/a><\/li>\n<li><a href=\"https:\/\/distribuidorcintastesa.es\/pt-pt\/producto\/fita-tesa-excellent-56546\/\" target=\"_blank\" rel=\"noopener\">56546<\/a><\/li>\n<\/ul>\n<\/li>\n<\/ul>\n","protected":false},"excerpt":{"rendered":"<p>A fita Tesa\u00ae 50650 Conform\u00e1vel tem um suporte em PETP e um adesivo de silicone. Foi concebida para mascarar, proteger e cobrir diferentes \u00e1reas durante os processos de revestimento a p\u00f3, colagem de materiais n\u00e3o polares, tem uma forte ades\u00e3o, flexibilidade e a capacidade de manter liga\u00e7\u00f5es fortes e duradouras. Esta fita \u00e9 removida sem [&hellip;]<\/p>\n","protected":false},"featured_media":8159,"template":"","meta":{"site-sidebar-layout":"default","site-content-layout":"","ast-site-content-layout":"default","site-content-style":"default","site-sidebar-style":"default","ast-global-header-display":"","ast-banner-title-visibility":"","ast-main-header-display":"","ast-hfb-above-header-display":"","ast-hfb-below-header-display":"","ast-hfb-mobile-header-display":"","site-post-title":"","ast-breadcrumbs-content":"","ast-featured-img":"","footer-sml-layout":"","ast-disable-related-posts":"","theme-transparent-header-meta":"default","adv-header-id-meta":"","stick-header-meta":"","header-above-stick-meta":"","header-main-stick-meta":"","header-below-stick-meta":"","astra-migrate-meta-layouts":"set","ast-page-background-enabled":"default","ast-page-background-meta":{"desktop":{"background-color":"","background-image":"","background-repeat":"repeat","background-position":"center center","background-size":"auto","background-attachment":"scroll","background-type":"","background-media":"","overlay-type":"","overlay-color":"","overlay-opacity":"","overlay-gradient":""},"tablet":{"background-color":"","background-image":"","background-repeat":"repeat","background-position":"center center","background-size":"auto","background-attachment":"scroll","background-type":"","background-media":"","overlay-type":"","overlay-color":"","overlay-opacity":"","overlay-gradient":""},"mobile":{"background-color":"","background-image":"","background-repeat":"repeat","background-position":"center center","background-size":"auto","background-attachment":"scroll","background-type":"","background-media":"","overlay-type":"","overlay-color":"","overlay-opacity":"","overlay-gradient":""}},"ast-content-background-meta":{"desktop":{"background-color":"var(--ast-global-color-5)","background-image":"","background-repeat":"repeat","background-position":"center center","background-size":"auto","background-attachment":"scroll","background-type":"","background-media":"","overlay-type":"","overlay-color":"","overlay-opacity":"","overlay-gradient":""},"tablet":{"background-color":"var(--ast-global-color-5)","background-image":"","background-repeat":"repeat","background-position":"center center","background-size":"auto","background-attachment":"scroll","background-type":"","background-media":"","overlay-type":"","overlay-color":"","overlay-opacity":"","overlay-gradient":""},"mobile":{"background-color":"var(--ast-global-color-5)","background-image":"","background-repeat":"repeat","background-position":"center center","background-size":"auto","background-attachment":"scroll","background-type":"","background-media":"","overlay-type":"","overlay-color":"","overlay-opacity":"","overlay-gradient":""}}},"product_brand":[],"product_cat":[162],"product_tag":[4064,4068],"class_list":{"0":"post-8164","1":"product","2":"type-product","3":"status-publish","4":"has-post-thumbnail","6":"product_cat-solucoes-de-mascaramento","7":"product_tag-cinta-tesa-50650","8":"product_tag-fita-resistente-a-altas-temperaturas","9":"desktop-align-center","10":"tablet-align-center","11":"mobile-align-center","13":"first","14":"instock","15":"shipping-taxable","16":"product-type-simple"},"yoast_head":"<!-- This site is optimized with the Yoast SEO Premium plugin v27.2 (Yoast SEO v27.2) - https:\/\/yoast.com\/product\/yoast-seo-premium-wordpress\/ -->\n<title>Tesa\u00ae 50650 Conform\u00e1vel<\/title>\n<meta name=\"description\" content=\"Tesa\u00ae 50650 Conform\u00e1vel vers\u00e1til principalmente na ind\u00fastria autom\u00f3vel para fixa\u00e7\u00e3o em interiores e exteriores, assegurando uma liga\u00e7\u00e3o resistente ao calor.\" \/>\n<meta name=\"robots\" content=\"index, follow, max-snippet:-1, max-image-preview:large, max-video-preview:-1\" \/>\n<link rel=\"canonical\" href=\"https:\/\/distribuidorcintastesa.es\/pt-pt\/producto\/tesa-50650-conformavel\/\" \/>\n<meta property=\"og:locale\" content=\"pt_PT\" \/>\n<meta property=\"og:type\" content=\"article\" \/>\n<meta property=\"og:title\" content=\"Tesa\u00ae 50650 Conform\u00e1vel\" \/>\n<meta property=\"og:description\" content=\"Tesa\u00ae 50650 Conform\u00e1vel vers\u00e1til principalmente na ind\u00fastria autom\u00f3vel para fixa\u00e7\u00e3o em interiores e exteriores, assegurando uma liga\u00e7\u00e3o resistente ao calor.\" \/>\n<meta property=\"og:url\" content=\"https:\/\/distribuidorcintastesa.es\/pt-pt\/producto\/tesa-50650-conformavel\/\" \/>\n<meta property=\"og:site_name\" content=\"Distribuidor de cintas tesa, cintas tesa, tesa cintas, distribuidor tesa, tesa productos, productos tesa, tesa distribuidores, http:\/\/www.http:\/\/distribuidorcintas3m.es, Mejores ofertas en cintas\" \/>\n<meta property=\"article:modified_time\" content=\"2025-01-21T09:58:30+00:00\" \/>\n<meta property=\"og:image\" content=\"https:\/\/distribuidorcintastesa.es\/wp-content\/uploads\/2025\/01\/CINTA-TESA-50650.png\" \/>\n\t<meta property=\"og:image:width\" content=\"800\" \/>\n\t<meta property=\"og:image:height\" content=\"800\" \/>\n\t<meta property=\"og:image:type\" content=\"image\/png\" \/>\n<meta name=\"twitter:card\" content=\"summary_large_image\" \/>\n<meta name=\"twitter:label1\" content=\"Tempo estimado de leitura\" \/>\n\t<meta name=\"twitter:data1\" content=\"2 minutos\" \/>\n<script type=\"application\/ld+json\" class=\"yoast-schema-graph\">{\"@context\":\"https:\/\/schema.org\",\"@graph\":[{\"@type\":\"WebPage\",\"@id\":\"https:\/\/distribuidorcintastesa.es\/pt-pt\/producto\/tesa-50650-conformavel\/\",\"url\":\"https:\/\/distribuidorcintastesa.es\/pt-pt\/producto\/tesa-50650-conformavel\/\",\"name\":\"Tesa\u00ae 50650 Conform\u00e1vel\",\"isPartOf\":{\"@id\":\"https:\/\/distribuidorcintastesa.es\/pt-pt\/#website\"},\"primaryImageOfPage\":{\"@id\":\"https:\/\/distribuidorcintastesa.es\/pt-pt\/producto\/tesa-50650-conformavel\/#primaryimage\"},\"image\":{\"@id\":\"https:\/\/distribuidorcintastesa.es\/pt-pt\/producto\/tesa-50650-conformavel\/#primaryimage\"},\"thumbnailUrl\":\"https:\/\/distribuidorcintastesa.es\/wp-content\/uploads\/2025\/01\/CINTA-TESA-50650.png\",\"datePublished\":\"2025-01-09T10:27:14+00:00\",\"dateModified\":\"2025-01-21T09:58:30+00:00\",\"description\":\"Tesa\u00ae 50650 Conform\u00e1vel vers\u00e1til principalmente na ind\u00fastria autom\u00f3vel para fixa\u00e7\u00e3o em interiores e exteriores, assegurando uma liga\u00e7\u00e3o resistente ao calor.\",\"breadcrumb\":{\"@id\":\"https:\/\/distribuidorcintastesa.es\/pt-pt\/producto\/tesa-50650-conformavel\/#breadcrumb\"},\"inLanguage\":\"pt-PT\",\"potentialAction\":[{\"@type\":\"ReadAction\",\"target\":[\"https:\/\/distribuidorcintastesa.es\/pt-pt\/producto\/tesa-50650-conformavel\/\"]}]},{\"@type\":\"ImageObject\",\"inLanguage\":\"pt-PT\",\"@id\":\"https:\/\/distribuidorcintastesa.es\/pt-pt\/producto\/tesa-50650-conformavel\/#primaryimage\",\"url\":\"https:\/\/distribuidorcintastesa.es\/wp-content\/uploads\/2025\/01\/CINTA-TESA-50650.png\",\"contentUrl\":\"https:\/\/distribuidorcintastesa.es\/wp-content\/uploads\/2025\/01\/CINTA-TESA-50650.png\",\"width\":800,\"height\":800,\"caption\":\"FITA TESA 50650\"},{\"@type\":\"BreadcrumbList\",\"@id\":\"https:\/\/distribuidorcintastesa.es\/pt-pt\/producto\/tesa-50650-conformavel\/#breadcrumb\",\"itemListElement\":[{\"@type\":\"ListItem\",\"position\":1,\"name\":\"Portada\",\"item\":\"https:\/\/distribuidorcintastesa.es\/pt-pt\/\"},{\"@type\":\"ListItem\",\"position\":2,\"name\":\"Produtos\",\"item\":\"https:\/\/distribuidorcintastesa.es\/pt-pt\/produtos\/\"},{\"@type\":\"ListItem\",\"position\":3,\"name\":\"Tesa\u00ae 50650 Conform\u00e1vel\"}]},{\"@type\":\"WebSite\",\"@id\":\"https:\/\/distribuidorcintastesa.es\/pt-pt\/#website\",\"url\":\"https:\/\/distribuidorcintastesa.es\/pt-pt\/\",\"name\":\"Distribuidor de cintas tesa\",\"description\":\"Distribuidor de cintas tesa, cintas tesa, tesa cintas, distribuidor tesa, tesa productos, productos tesa, tesa distribuidores, cintas y adhesivos, tesa cinta doble cara, cinta tesa doble cara, adhesivos tesa, cinta antideslizante, velcro tesa, cinta reflectante, tesa supergen, softprint, cinta doble cara tesa, selladores y adhesivos, cintas adhesivas de doble cara, cintas de aluminio, cintas de vinilo para se\u00f1alizaci\u00f3n, cintas de tela americanas, cintas de papel para enmascarar, cintas para embalaje\",\"publisher\":{\"@id\":\"https:\/\/distribuidorcintastesa.es\/pt-pt\/#organization\"},\"potentialAction\":[{\"@type\":\"SearchAction\",\"target\":{\"@type\":\"EntryPoint\",\"urlTemplate\":\"https:\/\/distribuidorcintastesa.es\/pt-pt\/?s={search_term_string}\"},\"query-input\":{\"@type\":\"PropertyValueSpecification\",\"valueRequired\":true,\"valueName\":\"search_term_string\"}}],\"inLanguage\":\"pt-PT\"},{\"@type\":\"Organization\",\"@id\":\"https:\/\/distribuidorcintastesa.es\/pt-pt\/#organization\",\"name\":\"Distribuidor de cintas tesa\",\"url\":\"https:\/\/distribuidorcintastesa.es\/pt-pt\/\",\"logo\":{\"@type\":\"ImageObject\",\"inLanguage\":\"pt-PT\",\"@id\":\"https:\/\/distribuidorcintastesa.es\/pt-pt\/#\/schema\/logo\/image\/\",\"url\":\"https:\/\/distribuidorcintastesa.es\/wp-content\/uploads\/2022\/10\/logo-espanol-portugues.png\",\"contentUrl\":\"https:\/\/distribuidorcintastesa.es\/wp-content\/uploads\/2022\/10\/logo-espanol-portugues.png\",\"width\":871,\"height\":142,\"caption\":\"Distribuidor de cintas tesa\"},\"image\":{\"@id\":\"https:\/\/distribuidorcintastesa.es\/pt-pt\/#\/schema\/logo\/image\/\"},\"sameAs\":[\"https:\/\/muralsrd.com\/\",\"https:\/\/solbi-mural.com\/es\/\",\"https:\/\/distribuidor-cintas-adhesivas.es\",\"https:\/\/www.instagram.com\/solbimural\/?igsh=ZnR6ZmkzZm1ubWhl\"]}]}<\/script>\n<!-- \/ Yoast SEO Premium plugin. -->","yoast_head_json":{"title":"Tesa\u00ae 50650 Conform\u00e1vel","description":"Tesa\u00ae 50650 Conform\u00e1vel vers\u00e1til principalmente na ind\u00fastria autom\u00f3vel para fixa\u00e7\u00e3o em interiores e exteriores, assegurando uma liga\u00e7\u00e3o resistente ao calor.","robots":{"index":"index","follow":"follow","max-snippet":"max-snippet:-1","max-image-preview":"max-image-preview:large","max-video-preview":"max-video-preview:-1"},"canonical":"https:\/\/distribuidorcintastesa.es\/pt-pt\/producto\/tesa-50650-conformavel\/","og_locale":"pt_PT","og_type":"article","og_title":"Tesa\u00ae 50650 Conform\u00e1vel","og_description":"Tesa\u00ae 50650 Conform\u00e1vel vers\u00e1til principalmente na ind\u00fastria autom\u00f3vel para fixa\u00e7\u00e3o em interiores e exteriores, assegurando uma liga\u00e7\u00e3o resistente ao calor.","og_url":"https:\/\/distribuidorcintastesa.es\/pt-pt\/producto\/tesa-50650-conformavel\/","og_site_name":"Distribuidor de cintas tesa, cintas tesa, tesa cintas, distribuidor tesa, tesa productos, productos tesa, tesa distribuidores, http:\/\/www.http:\/\/distribuidorcintas3m.es, Mejores ofertas en cintas","article_modified_time":"2025-01-21T09:58:30+00:00","og_image":[{"width":800,"height":800,"url":"https:\/\/distribuidorcintastesa.es\/wp-content\/uploads\/2025\/01\/CINTA-TESA-50650.png","type":"image\/png"}],"twitter_card":"summary_large_image","twitter_misc":{"Tempo estimado de leitura":"2 minutos"},"schema":{"@context":"https:\/\/schema.org","@graph":[{"@type":"WebPage","@id":"https:\/\/distribuidorcintastesa.es\/pt-pt\/producto\/tesa-50650-conformavel\/","url":"https:\/\/distribuidorcintastesa.es\/pt-pt\/producto\/tesa-50650-conformavel\/","name":"Tesa\u00ae 50650 Conform\u00e1vel","isPartOf":{"@id":"https:\/\/distribuidorcintastesa.es\/pt-pt\/#website"},"primaryImageOfPage":{"@id":"https:\/\/distribuidorcintastesa.es\/pt-pt\/producto\/tesa-50650-conformavel\/#primaryimage"},"image":{"@id":"https:\/\/distribuidorcintastesa.es\/pt-pt\/producto\/tesa-50650-conformavel\/#primaryimage"},"thumbnailUrl":"https:\/\/distribuidorcintastesa.es\/wp-content\/uploads\/2025\/01\/CINTA-TESA-50650.png","datePublished":"2025-01-09T10:27:14+00:00","dateModified":"2025-01-21T09:58:30+00:00","description":"Tesa\u00ae 50650 Conform\u00e1vel vers\u00e1til principalmente na ind\u00fastria autom\u00f3vel para fixa\u00e7\u00e3o em interiores e exteriores, assegurando uma liga\u00e7\u00e3o resistente ao calor.","breadcrumb":{"@id":"https:\/\/distribuidorcintastesa.es\/pt-pt\/producto\/tesa-50650-conformavel\/#breadcrumb"},"inLanguage":"pt-PT","potentialAction":[{"@type":"ReadAction","target":["https:\/\/distribuidorcintastesa.es\/pt-pt\/producto\/tesa-50650-conformavel\/"]}]},{"@type":"ImageObject","inLanguage":"pt-PT","@id":"https:\/\/distribuidorcintastesa.es\/pt-pt\/producto\/tesa-50650-conformavel\/#primaryimage","url":"https:\/\/distribuidorcintastesa.es\/wp-content\/uploads\/2025\/01\/CINTA-TESA-50650.png","contentUrl":"https:\/\/distribuidorcintastesa.es\/wp-content\/uploads\/2025\/01\/CINTA-TESA-50650.png","width":800,"height":800,"caption":"FITA TESA 50650"},{"@type":"BreadcrumbList","@id":"https:\/\/distribuidorcintastesa.es\/pt-pt\/producto\/tesa-50650-conformavel\/#breadcrumb","itemListElement":[{"@type":"ListItem","position":1,"name":"Portada","item":"https:\/\/distribuidorcintastesa.es\/pt-pt\/"},{"@type":"ListItem","position":2,"name":"Produtos","item":"https:\/\/distribuidorcintastesa.es\/pt-pt\/produtos\/"},{"@type":"ListItem","position":3,"name":"Tesa\u00ae 50650 Conform\u00e1vel"}]},{"@type":"WebSite","@id":"https:\/\/distribuidorcintastesa.es\/pt-pt\/#website","url":"https:\/\/distribuidorcintastesa.es\/pt-pt\/","name":"Distribuidor de cintas tesa","description":"Distribuidor de cintas tesa, cintas tesa, tesa cintas, distribuidor tesa, tesa productos, productos tesa, tesa distribuidores, cintas y adhesivos, tesa cinta doble cara, cinta tesa doble cara, adhesivos tesa, cinta antideslizante, velcro tesa, cinta reflectante, tesa supergen, softprint, cinta doble cara tesa, selladores y adhesivos, cintas adhesivas de doble cara, cintas de aluminio, cintas de vinilo para se\u00f1alizaci\u00f3n, cintas de tela americanas, cintas de papel para enmascarar, cintas para embalaje","publisher":{"@id":"https:\/\/distribuidorcintastesa.es\/pt-pt\/#organization"},"potentialAction":[{"@type":"SearchAction","target":{"@type":"EntryPoint","urlTemplate":"https:\/\/distribuidorcintastesa.es\/pt-pt\/?s={search_term_string}"},"query-input":{"@type":"PropertyValueSpecification","valueRequired":true,"valueName":"search_term_string"}}],"inLanguage":"pt-PT"},{"@type":"Organization","@id":"https:\/\/distribuidorcintastesa.es\/pt-pt\/#organization","name":"Distribuidor de cintas tesa","url":"https:\/\/distribuidorcintastesa.es\/pt-pt\/","logo":{"@type":"ImageObject","inLanguage":"pt-PT","@id":"https:\/\/distribuidorcintastesa.es\/pt-pt\/#\/schema\/logo\/image\/","url":"https:\/\/distribuidorcintastesa.es\/wp-content\/uploads\/2022\/10\/logo-espanol-portugues.png","contentUrl":"https:\/\/distribuidorcintastesa.es\/wp-content\/uploads\/2022\/10\/logo-espanol-portugues.png","width":871,"height":142,"caption":"Distribuidor de cintas tesa"},"image":{"@id":"https:\/\/distribuidorcintastesa.es\/pt-pt\/#\/schema\/logo\/image\/"},"sameAs":["https:\/\/muralsrd.com\/","https:\/\/solbi-mural.com\/es\/","https:\/\/distribuidor-cintas-adhesivas.es","https:\/\/www.instagram.com\/solbimural\/?igsh=ZnR6ZmkzZm1ubWhl"]}]}},"_links":{"self":[{"href":"https:\/\/distribuidorcintastesa.es\/pt-pt\/wp-json\/wp\/v2\/product\/8164","targetHints":{"allow":["GET"]}}],"collection":[{"href":"https:\/\/distribuidorcintastesa.es\/pt-pt\/wp-json\/wp\/v2\/product"}],"about":[{"href":"https:\/\/distribuidorcintastesa.es\/pt-pt\/wp-json\/wp\/v2\/types\/product"}],"wp:featuredmedia":[{"embeddable":true,"href":"https:\/\/distribuidorcintastesa.es\/pt-pt\/wp-json\/wp\/v2\/media\/8159"}],"wp:attachment":[{"href":"https:\/\/distribuidorcintastesa.es\/pt-pt\/wp-json\/wp\/v2\/media?parent=8164"}],"wp:term":[{"taxonomy":"product_brand","embeddable":true,"href":"https:\/\/distribuidorcintastesa.es\/pt-pt\/wp-json\/wp\/v2\/product_brand?post=8164"},{"taxonomy":"product_cat","embeddable":true,"href":"https:\/\/distribuidorcintastesa.es\/pt-pt\/wp-json\/wp\/v2\/product_cat?post=8164"},{"taxonomy":"product_tag","embeddable":true,"href":"https:\/\/distribuidorcintastesa.es\/pt-pt\/wp-json\/wp\/v2\/product_tag?post=8164"}],"curies":[{"name":"wp","href":"https:\/\/api.w.org\/{rel}","templated":true}]}}