{"id":8088,"date":"2024-12-19T16:27:36","date_gmt":"2024-12-19T16:27:05","guid":{"rendered":"https:\/\/distribuidorcintastesa.es\/?post_type=product&#038;p=8088"},"modified":"2025-01-08T10:54:43","modified_gmt":"2025-01-08T10:54:43","slug":"fita-de-velo-tesa-51608","status":"publish","type":"product","link":"https:\/\/distribuidorcintastesa.es\/pt-pt\/producto\/fita-de-velo-tesa-51608\/","title":{"rendered":"Fita de velo Tesa 51608"},"content":{"rendered":"<p>A Fita Tesa Fleece 51608 \u00e9 uma fita de poli\u00e9ster (PET) com um adesivo de borracha. Foi concebida para agrupar cablagens no compartimento dos passageiros dos ve\u00edculos, proporcionando absor\u00e7\u00e3o de ru\u00eddo, resist\u00eancia \u00e0 abras\u00e3o e flexibilidade. A sua fixa\u00e7\u00e3o ao arn\u00eas \u00e9 forte, mas permite uma montagem f\u00e1cil e flex\u00edvel. Al\u00e9m disso, \u00e9 resistente ao envelhecimento e pode ser cortado \u00e0 m\u00e3o.<\/p>\n<p><strong style=\"color: #000000; font-size: 24px;\">Compra em linha<\/strong><\/p>\n<h4><a href=\"https:\/\/solbi-mural.com\/pt\/fitas-adesivas-de-uma-face\/320-tesa-fita-de-isolamento-em-velo-105c-rolo-de-25m-x-19mm-x-280mic-4005800084232.html\" target=\"_blank\" rel=\"noopener\"><span style=\"color: #3366ff;\">51608<\/span><\/a><\/h4>\n<p>&nbsp;<\/p>\n<p>Dispon\u00edvel em v\u00e1rias larguras, 9, 19 e em 32 mm<\/p>\n<p><strong style=\"font-size: 1.3em;\">Caracter\u00edsticas<\/strong><\/p>\n<ul>\n<li>A Fita de Velo Tesa 51608 est\u00e1 optimizada para uma aplica\u00e7\u00e3o manual e corte r\u00e1pidos.<\/li>\n<li>Possui um adesivo de borracha<\/li>\n<li>Amortecimento de ru\u00eddos<\/li>\n<li>Resist\u00eancia b\u00e1sica \u00e0 abras\u00e3o e boa resist\u00eancia ao envelhecimento<\/li>\n<li>Alongamento na rutura de 20 %, resist\u00eancia \u00e0 tra\u00e7\u00e3o de 37 N\/cm, resist\u00eancia a temperaturas entre -40 \u00b0C e 105 \u00b0C, amortecimento de ru\u00eddo de Classe C, resist\u00eancia \u00e0 abras\u00e3o de Classe A com mandril de 5 mm e de Classe B com mandril de 10 mm e for\u00e7a de desenrolamento de 9 N\/rolo (30 m\/min)<\/li>\n<li>Ader\u00eancia em a\u00e7o: 3 N\/cm<\/li>\n<li>Cor preta<\/li>\n<\/ul>\n<p><strong style=\"font-size: 1.3em;\">Aplica\u00e7\u00f5es <\/strong><\/p>\n<ul>\n<li>A fita polar 51608 da Tesa \u00e9 ideal para uma variedade de aplica\u00e7\u00f5es na ind\u00fastria autom\u00f3vel. Uma das suas principais aplica\u00e7\u00f5es \u00e9 o agrupamento de cablagens no compartimento dos passageiros, onde a sua absor\u00e7\u00e3o de ru\u00eddo e resist\u00eancia \u00e0 abras\u00e3o garantem uma instala\u00e7\u00e3o duradoura e silenciosa.<\/li>\n<li>Excelente para proteger os cabos em zonas do ve\u00edculo expostas a vibra\u00e7\u00f5es constantes, evitando danos e prolongando a vida dos componentes el\u00e9ctricos.<\/li>\n<li>A sua flexibilidade e facilidade de corte manual tornam-no perfeito para repara\u00e7\u00f5es r\u00e1pidas e personalizadas dos sistemas de cablagem, adaptando-se a diferentes configura\u00e7\u00f5es e necessidades espec\u00edficas.<\/li>\n<\/ul>\n<h4><strong>Outros produtos de interesse<\/strong><\/h4>\n<ul>\n<li style=\"list-style-type: none;\">\n<ul>\n<li><a href=\"https:\/\/distribuidorcintastesa.es\/pt-pt\/produtos\/\" target=\"_blank\" rel=\"noopener\">Cat\u00e1logo de produtos<\/a><\/li>\n<\/ul>\n<\/li>\n<\/ul>\n","protected":false},"excerpt":{"rendered":"<p>A Fita Tesa Fleece 51608 \u00e9 uma fita de poli\u00e9ster (PET) com um adesivo de borracha. Foi concebida para agrupar cablagens no compartimento dos passageiros dos ve\u00edculos, proporcionando absor\u00e7\u00e3o de ru\u00eddo, resist\u00eancia \u00e0 abras\u00e3o e flexibilidade. A sua fixa\u00e7\u00e3o ao arn\u00eas \u00e9 forte, mas permite uma montagem f\u00e1cil e flex\u00edvel. Al\u00e9m disso, \u00e9 resistente ao [&hellip;]<\/p>\n","protected":false},"featured_media":8079,"template":"","meta":{"site-sidebar-layout":"default","site-content-layout":"","ast-site-content-layout":"default","site-content-style":"default","site-sidebar-style":"default","ast-global-header-display":"","ast-banner-title-visibility":"","ast-main-header-display":"","ast-hfb-above-header-display":"","ast-hfb-below-header-display":"","ast-hfb-mobile-header-display":"","site-post-title":"","ast-breadcrumbs-content":"","ast-featured-img":"","footer-sml-layout":"","ast-disable-related-posts":"","theme-transparent-header-meta":"default","adv-header-id-meta":"","stick-header-meta":"","header-above-stick-meta":"","header-main-stick-meta":"","header-below-stick-meta":"","astra-migrate-meta-layouts":"set","ast-page-background-enabled":"default","ast-page-background-meta":{"desktop":{"background-color":"","background-image":"","background-repeat":"repeat","background-position":"center center","background-size":"auto","background-attachment":"scroll","background-type":"","background-media":"","overlay-type":"","overlay-color":"","overlay-opacity":"","overlay-gradient":""},"tablet":{"background-color":"","background-image":"","background-repeat":"repeat","background-position":"center center","background-size":"auto","background-attachment":"scroll","background-type":"","background-media":"","overlay-type":"","overlay-color":"","overlay-opacity":"","overlay-gradient":""},"mobile":{"background-color":"","background-image":"","background-repeat":"repeat","background-position":"center center","background-size":"auto","background-attachment":"scroll","background-type":"","background-media":"","overlay-type":"","overlay-color":"","overlay-opacity":"","overlay-gradient":""}},"ast-content-background-meta":{"desktop":{"background-color":"var(--ast-global-color-5)","background-image":"","background-repeat":"repeat","background-position":"center center","background-size":"auto","background-attachment":"scroll","background-type":"","background-media":"","overlay-type":"","overlay-color":"","overlay-opacity":"","overlay-gradient":""},"tablet":{"background-color":"var(--ast-global-color-5)","background-image":"","background-repeat":"repeat","background-position":"center center","background-size":"auto","background-attachment":"scroll","background-type":"","background-media":"","overlay-type":"","overlay-color":"","overlay-opacity":"","overlay-gradient":""},"mobile":{"background-color":"var(--ast-global-color-5)","background-image":"","background-repeat":"repeat","background-position":"center center","background-size":"auto","background-attachment":"scroll","background-type":"","background-media":"","overlay-type":"","overlay-color":"","overlay-opacity":"","overlay-gradient":""}}},"product_brand":[],"product_cat":[161],"product_tag":[4030,4031,4032,4033],"class_list":{"0":"post-8088","1":"product","2":"type-product","3":"status-publish","4":"has-post-thumbnail","6":"product_cat-fita-isolante","7":"product_tag-fita-de-isolamento-eletrico","8":"product_tag-fita-de-isolamento-termico","9":"product_tag-fita-de-velo","10":"product_tag-tesa-51608-pt-pt","11":"desktop-align-center","12":"tablet-align-center","13":"mobile-align-center","15":"first","16":"instock","17":"shipping-taxable","18":"product-type-simple"},"yoast_head":"<!-- This site is optimized with the Yoast SEO Premium plugin v27.2 (Yoast SEO v27.2) - https:\/\/yoast.com\/product\/yoast-seo-premium-wordpress\/ -->\n<title>Fita de velo Tesa 51608<\/title>\n<meta name=\"description\" content=\"Fita de velo Tesa 51608 para agrupar e proteger os cabos nos ve\u00edculos. Oferece absor\u00e7\u00e3o de ru\u00eddo, resist\u00eancia \u00e0 abras\u00e3o e f\u00e1cil manuseamento.\" \/>\n<meta name=\"robots\" content=\"index, follow, max-snippet:-1, max-image-preview:large, max-video-preview:-1\" \/>\n<link rel=\"canonical\" href=\"https:\/\/distribuidorcintastesa.es\/pt-pt\/producto\/fita-de-velo-tesa-51608\/\" \/>\n<meta property=\"og:locale\" content=\"pt_PT\" \/>\n<meta property=\"og:type\" content=\"article\" \/>\n<meta property=\"og:title\" content=\"Fita de velo Tesa 51608\" \/>\n<meta property=\"og:description\" content=\"Fita de velo Tesa 51608 para agrupar e proteger os cabos nos ve\u00edculos. Oferece absor\u00e7\u00e3o de ru\u00eddo, resist\u00eancia \u00e0 abras\u00e3o e f\u00e1cil manuseamento.\" \/>\n<meta property=\"og:url\" content=\"https:\/\/distribuidorcintastesa.es\/pt-pt\/producto\/fita-de-velo-tesa-51608\/\" \/>\n<meta property=\"og:site_name\" content=\"Distribuidor de cintas tesa, cintas tesa, tesa cintas, distribuidor tesa, tesa productos, productos tesa, tesa distribuidores, http:\/\/www.http:\/\/distribuidorcintas3m.es, Mejores ofertas en cintas\" \/>\n<meta property=\"article:modified_time\" content=\"2025-01-08T10:54:43+00:00\" \/>\n<meta property=\"og:image\" content=\"https:\/\/distribuidorcintastesa.es\/wp-content\/uploads\/2024\/12\/Cinta-de-Vellon-Tesa-51608.jpg\" \/>\n\t<meta property=\"og:image:width\" content=\"800\" \/>\n\t<meta property=\"og:image:height\" content=\"800\" \/>\n\t<meta property=\"og:image:type\" content=\"image\/jpeg\" \/>\n<meta name=\"twitter:card\" content=\"summary_large_image\" \/>\n<meta name=\"twitter:label1\" content=\"Tempo estimado de leitura\" \/>\n\t<meta name=\"twitter:data1\" content=\"2 minutos\" \/>\n<script type=\"application\/ld+json\" class=\"yoast-schema-graph\">{\"@context\":\"https:\/\/schema.org\",\"@graph\":[{\"@type\":\"WebPage\",\"@id\":\"https:\/\/distribuidorcintastesa.es\/pt-pt\/producto\/fita-de-velo-tesa-51608\/\",\"url\":\"https:\/\/distribuidorcintastesa.es\/pt-pt\/producto\/fita-de-velo-tesa-51608\/\",\"name\":\"Fita de velo Tesa 51608\",\"isPartOf\":{\"@id\":\"https:\/\/distribuidorcintastesa.es\/pt-pt\/#website\"},\"primaryImageOfPage\":{\"@id\":\"https:\/\/distribuidorcintastesa.es\/pt-pt\/producto\/fita-de-velo-tesa-51608\/#primaryimage\"},\"image\":{\"@id\":\"https:\/\/distribuidorcintastesa.es\/pt-pt\/producto\/fita-de-velo-tesa-51608\/#primaryimage\"},\"thumbnailUrl\":\"https:\/\/distribuidorcintastesa.es\/wp-content\/uploads\/2024\/12\/Cinta-de-Vellon-Tesa-51608.jpg\",\"datePublished\":\"2024-12-19T16:27:05+00:00\",\"dateModified\":\"2025-01-08T10:54:43+00:00\",\"description\":\"Fita de velo Tesa 51608 para agrupar e proteger os cabos nos ve\u00edculos. Oferece absor\u00e7\u00e3o de ru\u00eddo, resist\u00eancia \u00e0 abras\u00e3o e f\u00e1cil manuseamento.\",\"breadcrumb\":{\"@id\":\"https:\/\/distribuidorcintastesa.es\/pt-pt\/producto\/fita-de-velo-tesa-51608\/#breadcrumb\"},\"inLanguage\":\"pt-PT\",\"potentialAction\":[{\"@type\":\"ReadAction\",\"target\":[\"https:\/\/distribuidorcintastesa.es\/pt-pt\/producto\/fita-de-velo-tesa-51608\/\"]}]},{\"@type\":\"ImageObject\",\"inLanguage\":\"pt-PT\",\"@id\":\"https:\/\/distribuidorcintastesa.es\/pt-pt\/producto\/fita-de-velo-tesa-51608\/#primaryimage\",\"url\":\"https:\/\/distribuidorcintastesa.es\/wp-content\/uploads\/2024\/12\/Cinta-de-Vellon-Tesa-51608.jpg\",\"contentUrl\":\"https:\/\/distribuidorcintastesa.es\/wp-content\/uploads\/2024\/12\/Cinta-de-Vellon-Tesa-51608.jpg\",\"width\":800,\"height\":800,\"caption\":\"Fita de velo Tesa 51608\"},{\"@type\":\"BreadcrumbList\",\"@id\":\"https:\/\/distribuidorcintastesa.es\/pt-pt\/producto\/fita-de-velo-tesa-51608\/#breadcrumb\",\"itemListElement\":[{\"@type\":\"ListItem\",\"position\":1,\"name\":\"Portada\",\"item\":\"https:\/\/distribuidorcintastesa.es\/pt-pt\/\"},{\"@type\":\"ListItem\",\"position\":2,\"name\":\"Produtos\",\"item\":\"https:\/\/distribuidorcintastesa.es\/pt-pt\/produtos\/\"},{\"@type\":\"ListItem\",\"position\":3,\"name\":\"Fita de velo Tesa 51608\"}]},{\"@type\":\"WebSite\",\"@id\":\"https:\/\/distribuidorcintastesa.es\/pt-pt\/#website\",\"url\":\"https:\/\/distribuidorcintastesa.es\/pt-pt\/\",\"name\":\"Distribuidor de cintas tesa\",\"description\":\"Distribuidor de cintas tesa, cintas tesa, tesa cintas, distribuidor tesa, tesa productos, productos tesa, tesa distribuidores, cintas y adhesivos, tesa cinta doble cara, cinta tesa doble cara, adhesivos tesa, cinta antideslizante, velcro tesa, cinta reflectante, tesa supergen, softprint, cinta doble cara tesa, selladores y adhesivos, cintas adhesivas de doble cara, cintas de aluminio, cintas de vinilo para se\u00f1alizaci\u00f3n, cintas de tela americanas, cintas de papel para enmascarar, cintas para embalaje\",\"publisher\":{\"@id\":\"https:\/\/distribuidorcintastesa.es\/pt-pt\/#organization\"},\"potentialAction\":[{\"@type\":\"SearchAction\",\"target\":{\"@type\":\"EntryPoint\",\"urlTemplate\":\"https:\/\/distribuidorcintastesa.es\/pt-pt\/?s={search_term_string}\"},\"query-input\":{\"@type\":\"PropertyValueSpecification\",\"valueRequired\":true,\"valueName\":\"search_term_string\"}}],\"inLanguage\":\"pt-PT\"},{\"@type\":\"Organization\",\"@id\":\"https:\/\/distribuidorcintastesa.es\/pt-pt\/#organization\",\"name\":\"Distribuidor de cintas tesa\",\"url\":\"https:\/\/distribuidorcintastesa.es\/pt-pt\/\",\"logo\":{\"@type\":\"ImageObject\",\"inLanguage\":\"pt-PT\",\"@id\":\"https:\/\/distribuidorcintastesa.es\/pt-pt\/#\/schema\/logo\/image\/\",\"url\":\"https:\/\/distribuidorcintastesa.es\/wp-content\/uploads\/2022\/10\/logo-espanol-portugues.png\",\"contentUrl\":\"https:\/\/distribuidorcintastesa.es\/wp-content\/uploads\/2022\/10\/logo-espanol-portugues.png\",\"width\":871,\"height\":142,\"caption\":\"Distribuidor de cintas tesa\"},\"image\":{\"@id\":\"https:\/\/distribuidorcintastesa.es\/pt-pt\/#\/schema\/logo\/image\/\"},\"sameAs\":[\"https:\/\/muralsrd.com\/\",\"https:\/\/solbi-mural.com\/es\/\",\"https:\/\/distribuidor-cintas-adhesivas.es\",\"https:\/\/www.instagram.com\/solbimural\/?igsh=ZnR6ZmkzZm1ubWhl\"]}]}<\/script>\n<!-- \/ Yoast SEO Premium plugin. -->","yoast_head_json":{"title":"Fita de velo Tesa 51608","description":"Fita de velo Tesa 51608 para agrupar e proteger os cabos nos ve\u00edculos. Oferece absor\u00e7\u00e3o de ru\u00eddo, resist\u00eancia \u00e0 abras\u00e3o e f\u00e1cil manuseamento.","robots":{"index":"index","follow":"follow","max-snippet":"max-snippet:-1","max-image-preview":"max-image-preview:large","max-video-preview":"max-video-preview:-1"},"canonical":"https:\/\/distribuidorcintastesa.es\/pt-pt\/producto\/fita-de-velo-tesa-51608\/","og_locale":"pt_PT","og_type":"article","og_title":"Fita de velo Tesa 51608","og_description":"Fita de velo Tesa 51608 para agrupar e proteger os cabos nos ve\u00edculos. Oferece absor\u00e7\u00e3o de ru\u00eddo, resist\u00eancia \u00e0 abras\u00e3o e f\u00e1cil manuseamento.","og_url":"https:\/\/distribuidorcintastesa.es\/pt-pt\/producto\/fita-de-velo-tesa-51608\/","og_site_name":"Distribuidor de cintas tesa, cintas tesa, tesa cintas, distribuidor tesa, tesa productos, productos tesa, tesa distribuidores, http:\/\/www.http:\/\/distribuidorcintas3m.es, Mejores ofertas en cintas","article_modified_time":"2025-01-08T10:54:43+00:00","og_image":[{"width":800,"height":800,"url":"https:\/\/distribuidorcintastesa.es\/wp-content\/uploads\/2024\/12\/Cinta-de-Vellon-Tesa-51608.jpg","type":"image\/jpeg"}],"twitter_card":"summary_large_image","twitter_misc":{"Tempo estimado de leitura":"2 minutos"},"schema":{"@context":"https:\/\/schema.org","@graph":[{"@type":"WebPage","@id":"https:\/\/distribuidorcintastesa.es\/pt-pt\/producto\/fita-de-velo-tesa-51608\/","url":"https:\/\/distribuidorcintastesa.es\/pt-pt\/producto\/fita-de-velo-tesa-51608\/","name":"Fita de velo Tesa 51608","isPartOf":{"@id":"https:\/\/distribuidorcintastesa.es\/pt-pt\/#website"},"primaryImageOfPage":{"@id":"https:\/\/distribuidorcintastesa.es\/pt-pt\/producto\/fita-de-velo-tesa-51608\/#primaryimage"},"image":{"@id":"https:\/\/distribuidorcintastesa.es\/pt-pt\/producto\/fita-de-velo-tesa-51608\/#primaryimage"},"thumbnailUrl":"https:\/\/distribuidorcintastesa.es\/wp-content\/uploads\/2024\/12\/Cinta-de-Vellon-Tesa-51608.jpg","datePublished":"2024-12-19T16:27:05+00:00","dateModified":"2025-01-08T10:54:43+00:00","description":"Fita de velo Tesa 51608 para agrupar e proteger os cabos nos ve\u00edculos. Oferece absor\u00e7\u00e3o de ru\u00eddo, resist\u00eancia \u00e0 abras\u00e3o e f\u00e1cil manuseamento.","breadcrumb":{"@id":"https:\/\/distribuidorcintastesa.es\/pt-pt\/producto\/fita-de-velo-tesa-51608\/#breadcrumb"},"inLanguage":"pt-PT","potentialAction":[{"@type":"ReadAction","target":["https:\/\/distribuidorcintastesa.es\/pt-pt\/producto\/fita-de-velo-tesa-51608\/"]}]},{"@type":"ImageObject","inLanguage":"pt-PT","@id":"https:\/\/distribuidorcintastesa.es\/pt-pt\/producto\/fita-de-velo-tesa-51608\/#primaryimage","url":"https:\/\/distribuidorcintastesa.es\/wp-content\/uploads\/2024\/12\/Cinta-de-Vellon-Tesa-51608.jpg","contentUrl":"https:\/\/distribuidorcintastesa.es\/wp-content\/uploads\/2024\/12\/Cinta-de-Vellon-Tesa-51608.jpg","width":800,"height":800,"caption":"Fita de velo Tesa 51608"},{"@type":"BreadcrumbList","@id":"https:\/\/distribuidorcintastesa.es\/pt-pt\/producto\/fita-de-velo-tesa-51608\/#breadcrumb","itemListElement":[{"@type":"ListItem","position":1,"name":"Portada","item":"https:\/\/distribuidorcintastesa.es\/pt-pt\/"},{"@type":"ListItem","position":2,"name":"Produtos","item":"https:\/\/distribuidorcintastesa.es\/pt-pt\/produtos\/"},{"@type":"ListItem","position":3,"name":"Fita de velo Tesa 51608"}]},{"@type":"WebSite","@id":"https:\/\/distribuidorcintastesa.es\/pt-pt\/#website","url":"https:\/\/distribuidorcintastesa.es\/pt-pt\/","name":"Distribuidor de cintas tesa","description":"Distribuidor de cintas tesa, cintas tesa, tesa cintas, distribuidor tesa, tesa productos, productos tesa, tesa distribuidores, cintas y adhesivos, tesa cinta doble cara, cinta tesa doble cara, adhesivos tesa, cinta antideslizante, velcro tesa, cinta reflectante, tesa supergen, softprint, cinta doble cara tesa, selladores y adhesivos, cintas adhesivas de doble cara, cintas de aluminio, cintas de vinilo para se\u00f1alizaci\u00f3n, cintas de tela americanas, cintas de papel para enmascarar, cintas para embalaje","publisher":{"@id":"https:\/\/distribuidorcintastesa.es\/pt-pt\/#organization"},"potentialAction":[{"@type":"SearchAction","target":{"@type":"EntryPoint","urlTemplate":"https:\/\/distribuidorcintastesa.es\/pt-pt\/?s={search_term_string}"},"query-input":{"@type":"PropertyValueSpecification","valueRequired":true,"valueName":"search_term_string"}}],"inLanguage":"pt-PT"},{"@type":"Organization","@id":"https:\/\/distribuidorcintastesa.es\/pt-pt\/#organization","name":"Distribuidor de cintas tesa","url":"https:\/\/distribuidorcintastesa.es\/pt-pt\/","logo":{"@type":"ImageObject","inLanguage":"pt-PT","@id":"https:\/\/distribuidorcintastesa.es\/pt-pt\/#\/schema\/logo\/image\/","url":"https:\/\/distribuidorcintastesa.es\/wp-content\/uploads\/2022\/10\/logo-espanol-portugues.png","contentUrl":"https:\/\/distribuidorcintastesa.es\/wp-content\/uploads\/2022\/10\/logo-espanol-portugues.png","width":871,"height":142,"caption":"Distribuidor de cintas tesa"},"image":{"@id":"https:\/\/distribuidorcintastesa.es\/pt-pt\/#\/schema\/logo\/image\/"},"sameAs":["https:\/\/muralsrd.com\/","https:\/\/solbi-mural.com\/es\/","https:\/\/distribuidor-cintas-adhesivas.es","https:\/\/www.instagram.com\/solbimural\/?igsh=ZnR6ZmkzZm1ubWhl"]}]}},"_links":{"self":[{"href":"https:\/\/distribuidorcintastesa.es\/pt-pt\/wp-json\/wp\/v2\/product\/8088","targetHints":{"allow":["GET"]}}],"collection":[{"href":"https:\/\/distribuidorcintastesa.es\/pt-pt\/wp-json\/wp\/v2\/product"}],"about":[{"href":"https:\/\/distribuidorcintastesa.es\/pt-pt\/wp-json\/wp\/v2\/types\/product"}],"wp:featuredmedia":[{"embeddable":true,"href":"https:\/\/distribuidorcintastesa.es\/pt-pt\/wp-json\/wp\/v2\/media\/8079"}],"wp:attachment":[{"href":"https:\/\/distribuidorcintastesa.es\/pt-pt\/wp-json\/wp\/v2\/media?parent=8088"}],"wp:term":[{"taxonomy":"product_brand","embeddable":true,"href":"https:\/\/distribuidorcintastesa.es\/pt-pt\/wp-json\/wp\/v2\/product_brand?post=8088"},{"taxonomy":"product_cat","embeddable":true,"href":"https:\/\/distribuidorcintastesa.es\/pt-pt\/wp-json\/wp\/v2\/product_cat?post=8088"},{"taxonomy":"product_tag","embeddable":true,"href":"https:\/\/distribuidorcintastesa.es\/pt-pt\/wp-json\/wp\/v2\/product_tag?post=8088"}],"curies":[{"name":"wp","href":"https:\/\/api.w.org\/{rel}","templated":true}]}}