{"id":8058,"date":"2024-12-11T16:08:08","date_gmt":"2024-12-11T16:08:08","guid":{"rendered":"https:\/\/distribuidorcintastesa.es\/producto\/tesa-profissional-4024\/"},"modified":"2025-01-20T14:13:50","modified_gmt":"2025-01-20T14:13:50","slug":"tesa-profissional-4024","status":"publish","type":"product","link":"https:\/\/distribuidorcintastesa.es\/pt-pt\/producto\/tesa-profissional-4024\/","title":{"rendered":"Tesa\u00ae Profissional 4024"},"content":{"rendered":"<p>O selo Tesa\u00ae Profissional 4024 PV 2 tem um suporte de filme de polipropileno e um adesivo acr\u00edlico especial \u00e0 base de \u00e1gua com elevada ader\u00eancia. O selo \u00e9 uma ferramenta essencial em m\u00faltiplas aplica\u00e7\u00f5es. A sua versatilidade permite-lhe ser utilizado em actividades de embalagem, assegurando a integridade de caixas e embalagens durante o transporte. Para al\u00e9m disso, o selo colorido \u00e9 muito \u00fatil para uma identifica\u00e7\u00e3o r\u00e1pida e f\u00e1cil dos envios, facilitando a triagem e a organiza\u00e7\u00e3o em armaz\u00e9ns e centros de distribui\u00e7\u00e3o. A fita transparente \u00e9 ideal para aplica\u00e7\u00f5es em que \u00e9 necess\u00e1rio manter a visibilidade do conte\u00fado ou das etiquetas por baixo da fita, enquanto a fita castanha proporciona uma op\u00e7\u00e3o discreta e esteticamente agrad\u00e1vel para embalagens padr\u00e3o. A resist\u00eancia e a durabilidade do adesivo garantem que as embalagens permanecem fechadas e seguras at\u00e9 ao seu destino final.<\/p>\n<p><strong style=\"color: #000000; font-size: 24px;\">Compra em linha<\/strong><\/p>\n<h4><a href=\"https:\/\/solbi-mural.com\/pt\/pesquisa?s=4024\" target=\"_blank\" rel=\"noopener\"><span style=\"color: #3366ff;\">4024<\/span><\/a><\/h4>\n<p>&nbsp;<\/p>\n<p>Dispon\u00edvel em cor transparente ou castanha (camur\u00e7a)<\/p>\n<p><strong style=\"font-size: 1.3em;\">Caracter\u00edsticas<\/strong><\/p>\n<ul>\n<li>Tesa\u00ae Profissional 4024 \u00e9 compat\u00edvel com dispensadores manuais e m\u00e1quinas autom\u00e1ticas.<\/li>\n<li>Muito boa ader\u00eancia inicial e excelente resist\u00eancia ao envelhecimento<\/li>\n<li>Possui um adesivo acr\u00edlico especial \u00e0 base de \u00e1gua com elevada ader\u00eancia<\/li>\n<li>Desenrolamento silencioso<\/li>\n<li>Material de suporte: pel\u00edcula PP<\/li>\n<li>Ader\u00eancia em a\u00e7o: 2,5 N\/cm<\/li>\n<li>Espessura total 50 \u00b5m<\/li>\n<li>Sem cloretos e \u00e0 base de derivados de \u00f3leo mineral.<\/li>\n<\/ul>\n<p><strong style=\"font-size: 1.3em;\">Aplica\u00e7\u00f5es <\/strong><\/p>\n<ul>\n<li>Esta fita \u00e9 ideal para fixar embalagens e caixas de cart\u00e3o, assegurando que permanecem seladas durante o transporte e o armazenamento.<\/li>\n<li>Agrupamento de produtos perfeito para agrupar v\u00e1rios artigos, como garrafas ou latas, em embalagens mais f\u00e1ceis de gerir para transporte e venda.<\/li>\n<\/ul>\n<h4><strong>Outros produtos de interesse<\/strong><\/h4>\n<ul>\n<li style=\"list-style-type: none;\">\n<ul>\n<li><a href=\"https:\/\/distribuidorcintastesa.es\/pt-pt\/producto\/tesa-4101-pv2\/\" target=\"_blank\" rel=\"noopener\">4101<\/a><\/li>\n<li><a href=\"https:\/\/distribuidorcintastesa.es\/pt-pt\/producto\/fita-tesa-4089\/\" target=\"_blank\" rel=\"noopener\">4089<\/a><\/li>\n<li><a href=\"https:\/\/solbi-mural.com\/pt\/aparelhos-e-distribuidores\/365-tesa-dispensador-de-fita-para-embalagem-56404.html\" target=\"_blank\" rel=\"noopener\">Dispensador de fita adesiva<\/a><\/li>\n<\/ul>\n<\/li>\n<\/ul>\n","protected":false},"excerpt":{"rendered":"<p>O selo Tesa\u00ae Profissional 4024 PV 2 tem um suporte de filme de polipropileno e um adesivo acr\u00edlico especial \u00e0 base de \u00e1gua com elevada ader\u00eancia. O selo \u00e9 uma ferramenta essencial em m\u00faltiplas aplica\u00e7\u00f5es. A sua versatilidade permite-lhe ser utilizado em actividades de embalagem, assegurando a integridade de caixas e embalagens durante o transporte. [&hellip;]<\/p>\n","protected":false},"featured_media":8048,"template":"","meta":{"site-sidebar-layout":"default","site-content-layout":"","ast-site-content-layout":"default","site-content-style":"default","site-sidebar-style":"default","ast-global-header-display":"","ast-banner-title-visibility":"","ast-main-header-display":"","ast-hfb-above-header-display":"","ast-hfb-below-header-display":"","ast-hfb-mobile-header-display":"","site-post-title":"","ast-breadcrumbs-content":"","ast-featured-img":"","footer-sml-layout":"","ast-disable-related-posts":"","theme-transparent-header-meta":"default","adv-header-id-meta":"","stick-header-meta":"","header-above-stick-meta":"","header-main-stick-meta":"","header-below-stick-meta":"","astra-migrate-meta-layouts":"set","ast-page-background-enabled":"default","ast-page-background-meta":{"desktop":{"background-color":"","background-image":"","background-repeat":"repeat","background-position":"center center","background-size":"auto","background-attachment":"scroll","background-type":"","background-media":"","overlay-type":"","overlay-color":"","overlay-opacity":"","overlay-gradient":""},"tablet":{"background-color":"","background-image":"","background-repeat":"repeat","background-position":"center center","background-size":"auto","background-attachment":"scroll","background-type":"","background-media":"","overlay-type":"","overlay-color":"","overlay-opacity":"","overlay-gradient":""},"mobile":{"background-color":"","background-image":"","background-repeat":"repeat","background-position":"center center","background-size":"auto","background-attachment":"scroll","background-type":"","background-media":"","overlay-type":"","overlay-color":"","overlay-opacity":"","overlay-gradient":""}},"ast-content-background-meta":{"desktop":{"background-color":"var(--ast-global-color-5)","background-image":"","background-repeat":"repeat","background-position":"center center","background-size":"auto","background-attachment":"scroll","background-type":"","background-media":"","overlay-type":"","overlay-color":"","overlay-opacity":"","overlay-gradient":""},"tablet":{"background-color":"var(--ast-global-color-5)","background-image":"","background-repeat":"repeat","background-position":"center center","background-size":"auto","background-attachment":"scroll","background-type":"","background-media":"","overlay-type":"","overlay-color":"","overlay-opacity":"","overlay-gradient":""},"mobile":{"background-color":"var(--ast-global-color-5)","background-image":"","background-repeat":"repeat","background-position":"center center","background-size":"auto","background-attachment":"scroll","background-type":"","background-media":"","overlay-type":"","overlay-color":"","overlay-opacity":"","overlay-gradient":""}}},"product_brand":[],"product_cat":[2502],"product_tag":[4012,4013],"class_list":{"0":"post-8058","1":"product","2":"type-product","3":"status-publish","4":"has-post-thumbnail","6":"product_cat-fitas-de-embalagem","7":"product_tag-selo-profissional-tesa","8":"product_tag-tesa-4024-pt-pt","9":"desktop-align-center","10":"tablet-align-center","11":"mobile-align-center","13":"first","14":"instock","15":"shipping-taxable","16":"product-type-simple"},"yoast_head":"<!-- This site is optimized with the Yoast SEO Premium plugin v27.2 (Yoast SEO v27.2) - https:\/\/yoast.com\/product\/yoast-seo-premium-wordpress\/ -->\n<title>Tesa\u00ae Profissional 4024<\/title>\n<meta name=\"description\" content=\"Tesa\u00ae Profissional 4024 concebido para proteger as embalagens e os cart\u00f5es, assegurando que permanecem selados durante o transporte e a armazenagem.\" \/>\n<meta name=\"robots\" content=\"index, follow, max-snippet:-1, max-image-preview:large, max-video-preview:-1\" \/>\n<link rel=\"canonical\" href=\"https:\/\/distribuidorcintastesa.es\/pt-pt\/producto\/tesa-profissional-4024\/\" \/>\n<meta property=\"og:locale\" content=\"pt_PT\" \/>\n<meta property=\"og:type\" content=\"article\" \/>\n<meta property=\"og:title\" content=\"Tesa\u00ae Profissional 4024\" \/>\n<meta property=\"og:description\" content=\"Tesa\u00ae Profissional 4024 concebido para proteger as embalagens e os cart\u00f5es, assegurando que permanecem selados durante o transporte e a armazenagem.\" \/>\n<meta property=\"og:url\" content=\"https:\/\/distribuidorcintastesa.es\/pt-pt\/producto\/tesa-profissional-4024\/\" \/>\n<meta property=\"og:site_name\" content=\"Distribuidor de cintas tesa, cintas tesa, tesa cintas, distribuidor tesa, tesa productos, productos tesa, tesa distribuidores, http:\/\/www.http:\/\/distribuidorcintas3m.es, Mejores ofertas en cintas\" \/>\n<meta property=\"article:modified_time\" content=\"2025-01-20T14:13:50+00:00\" \/>\n<meta property=\"og:image\" content=\"https:\/\/distribuidorcintastesa.es\/wp-content\/uploads\/2024\/12\/cinta3.jpeg\" \/>\n\t<meta property=\"og:image:width\" content=\"600\" \/>\n\t<meta property=\"og:image:height\" content=\"600\" \/>\n\t<meta property=\"og:image:type\" content=\"image\/jpeg\" \/>\n<meta name=\"twitter:card\" content=\"summary_large_image\" \/>\n<meta name=\"twitter:label1\" content=\"Tempo estimado de leitura\" \/>\n\t<meta name=\"twitter:data1\" content=\"2 minutos\" \/>\n<script type=\"application\/ld+json\" class=\"yoast-schema-graph\">{\"@context\":\"https:\/\/schema.org\",\"@graph\":[{\"@type\":\"WebPage\",\"@id\":\"https:\/\/distribuidorcintastesa.es\/pt-pt\/producto\/tesa-profissional-4024\/\",\"url\":\"https:\/\/distribuidorcintastesa.es\/pt-pt\/producto\/tesa-profissional-4024\/\",\"name\":\"Tesa\u00ae Profissional 4024\",\"isPartOf\":{\"@id\":\"https:\/\/distribuidorcintastesa.es\/pt-pt\/#website\"},\"primaryImageOfPage\":{\"@id\":\"https:\/\/distribuidorcintastesa.es\/pt-pt\/producto\/tesa-profissional-4024\/#primaryimage\"},\"image\":{\"@id\":\"https:\/\/distribuidorcintastesa.es\/pt-pt\/producto\/tesa-profissional-4024\/#primaryimage\"},\"thumbnailUrl\":\"https:\/\/distribuidorcintastesa.es\/wp-content\/uploads\/2024\/12\/cinta3.jpeg\",\"datePublished\":\"2024-12-11T16:08:08+00:00\",\"dateModified\":\"2025-01-20T14:13:50+00:00\",\"description\":\"Tesa\u00ae Profissional 4024 concebido para proteger as embalagens e os cart\u00f5es, assegurando que permanecem selados durante o transporte e a armazenagem.\",\"breadcrumb\":{\"@id\":\"https:\/\/distribuidorcintastesa.es\/pt-pt\/producto\/tesa-profissional-4024\/#breadcrumb\"},\"inLanguage\":\"pt-PT\",\"potentialAction\":[{\"@type\":\"ReadAction\",\"target\":[\"https:\/\/distribuidorcintastesa.es\/pt-pt\/producto\/tesa-profissional-4024\/\"]}]},{\"@type\":\"ImageObject\",\"inLanguage\":\"pt-PT\",\"@id\":\"https:\/\/distribuidorcintastesa.es\/pt-pt\/producto\/tesa-profissional-4024\/#primaryimage\",\"url\":\"https:\/\/distribuidorcintastesa.es\/wp-content\/uploads\/2024\/12\/cinta3.jpeg\",\"contentUrl\":\"https:\/\/distribuidorcintastesa.es\/wp-content\/uploads\/2024\/12\/cinta3.jpeg\",\"width\":600,\"height\":600,\"caption\":\"Selo transparente TESA 4024\"},{\"@type\":\"BreadcrumbList\",\"@id\":\"https:\/\/distribuidorcintastesa.es\/pt-pt\/producto\/tesa-profissional-4024\/#breadcrumb\",\"itemListElement\":[{\"@type\":\"ListItem\",\"position\":1,\"name\":\"Portada\",\"item\":\"https:\/\/distribuidorcintastesa.es\/pt-pt\/\"},{\"@type\":\"ListItem\",\"position\":2,\"name\":\"Produtos\",\"item\":\"https:\/\/distribuidorcintastesa.es\/pt-pt\/produtos\/\"},{\"@type\":\"ListItem\",\"position\":3,\"name\":\"Tesa\u00ae Profissional 4024\"}]},{\"@type\":\"WebSite\",\"@id\":\"https:\/\/distribuidorcintastesa.es\/pt-pt\/#website\",\"url\":\"https:\/\/distribuidorcintastesa.es\/pt-pt\/\",\"name\":\"Distribuidor de cintas tesa\",\"description\":\"Distribuidor de cintas tesa, cintas tesa, tesa cintas, distribuidor tesa, tesa productos, productos tesa, tesa distribuidores, cintas y adhesivos, tesa cinta doble cara, cinta tesa doble cara, adhesivos tesa, cinta antideslizante, velcro tesa, cinta reflectante, tesa supergen, softprint, cinta doble cara tesa, selladores y adhesivos, cintas adhesivas de doble cara, cintas de aluminio, cintas de vinilo para se\u00f1alizaci\u00f3n, cintas de tela americanas, cintas de papel para enmascarar, cintas para embalaje\",\"publisher\":{\"@id\":\"https:\/\/distribuidorcintastesa.es\/pt-pt\/#organization\"},\"potentialAction\":[{\"@type\":\"SearchAction\",\"target\":{\"@type\":\"EntryPoint\",\"urlTemplate\":\"https:\/\/distribuidorcintastesa.es\/pt-pt\/?s={search_term_string}\"},\"query-input\":{\"@type\":\"PropertyValueSpecification\",\"valueRequired\":true,\"valueName\":\"search_term_string\"}}],\"inLanguage\":\"pt-PT\"},{\"@type\":\"Organization\",\"@id\":\"https:\/\/distribuidorcintastesa.es\/pt-pt\/#organization\",\"name\":\"Distribuidor de cintas tesa\",\"url\":\"https:\/\/distribuidorcintastesa.es\/pt-pt\/\",\"logo\":{\"@type\":\"ImageObject\",\"inLanguage\":\"pt-PT\",\"@id\":\"https:\/\/distribuidorcintastesa.es\/pt-pt\/#\/schema\/logo\/image\/\",\"url\":\"https:\/\/distribuidorcintastesa.es\/wp-content\/uploads\/2022\/10\/logo-espanol-portugues.png\",\"contentUrl\":\"https:\/\/distribuidorcintastesa.es\/wp-content\/uploads\/2022\/10\/logo-espanol-portugues.png\",\"width\":871,\"height\":142,\"caption\":\"Distribuidor de cintas tesa\"},\"image\":{\"@id\":\"https:\/\/distribuidorcintastesa.es\/pt-pt\/#\/schema\/logo\/image\/\"},\"sameAs\":[\"https:\/\/muralsrd.com\/\",\"https:\/\/solbi-mural.com\/es\/\",\"https:\/\/distribuidor-cintas-adhesivas.es\",\"https:\/\/www.instagram.com\/solbimural\/?igsh=ZnR6ZmkzZm1ubWhl\"]}]}<\/script>\n<!-- \/ Yoast SEO Premium plugin. -->","yoast_head_json":{"title":"Tesa\u00ae Profissional 4024","description":"Tesa\u00ae Profissional 4024 concebido para proteger as embalagens e os cart\u00f5es, assegurando que permanecem selados durante o transporte e a armazenagem.","robots":{"index":"index","follow":"follow","max-snippet":"max-snippet:-1","max-image-preview":"max-image-preview:large","max-video-preview":"max-video-preview:-1"},"canonical":"https:\/\/distribuidorcintastesa.es\/pt-pt\/producto\/tesa-profissional-4024\/","og_locale":"pt_PT","og_type":"article","og_title":"Tesa\u00ae Profissional 4024","og_description":"Tesa\u00ae Profissional 4024 concebido para proteger as embalagens e os cart\u00f5es, assegurando que permanecem selados durante o transporte e a armazenagem.","og_url":"https:\/\/distribuidorcintastesa.es\/pt-pt\/producto\/tesa-profissional-4024\/","og_site_name":"Distribuidor de cintas tesa, cintas tesa, tesa cintas, distribuidor tesa, tesa productos, productos tesa, tesa distribuidores, http:\/\/www.http:\/\/distribuidorcintas3m.es, Mejores ofertas en cintas","article_modified_time":"2025-01-20T14:13:50+00:00","og_image":[{"width":600,"height":600,"url":"https:\/\/distribuidorcintastesa.es\/wp-content\/uploads\/2024\/12\/cinta3.jpeg","type":"image\/jpeg"}],"twitter_card":"summary_large_image","twitter_misc":{"Tempo estimado de leitura":"2 minutos"},"schema":{"@context":"https:\/\/schema.org","@graph":[{"@type":"WebPage","@id":"https:\/\/distribuidorcintastesa.es\/pt-pt\/producto\/tesa-profissional-4024\/","url":"https:\/\/distribuidorcintastesa.es\/pt-pt\/producto\/tesa-profissional-4024\/","name":"Tesa\u00ae Profissional 4024","isPartOf":{"@id":"https:\/\/distribuidorcintastesa.es\/pt-pt\/#website"},"primaryImageOfPage":{"@id":"https:\/\/distribuidorcintastesa.es\/pt-pt\/producto\/tesa-profissional-4024\/#primaryimage"},"image":{"@id":"https:\/\/distribuidorcintastesa.es\/pt-pt\/producto\/tesa-profissional-4024\/#primaryimage"},"thumbnailUrl":"https:\/\/distribuidorcintastesa.es\/wp-content\/uploads\/2024\/12\/cinta3.jpeg","datePublished":"2024-12-11T16:08:08+00:00","dateModified":"2025-01-20T14:13:50+00:00","description":"Tesa\u00ae Profissional 4024 concebido para proteger as embalagens e os cart\u00f5es, assegurando que permanecem selados durante o transporte e a armazenagem.","breadcrumb":{"@id":"https:\/\/distribuidorcintastesa.es\/pt-pt\/producto\/tesa-profissional-4024\/#breadcrumb"},"inLanguage":"pt-PT","potentialAction":[{"@type":"ReadAction","target":["https:\/\/distribuidorcintastesa.es\/pt-pt\/producto\/tesa-profissional-4024\/"]}]},{"@type":"ImageObject","inLanguage":"pt-PT","@id":"https:\/\/distribuidorcintastesa.es\/pt-pt\/producto\/tesa-profissional-4024\/#primaryimage","url":"https:\/\/distribuidorcintastesa.es\/wp-content\/uploads\/2024\/12\/cinta3.jpeg","contentUrl":"https:\/\/distribuidorcintastesa.es\/wp-content\/uploads\/2024\/12\/cinta3.jpeg","width":600,"height":600,"caption":"Selo transparente TESA 4024"},{"@type":"BreadcrumbList","@id":"https:\/\/distribuidorcintastesa.es\/pt-pt\/producto\/tesa-profissional-4024\/#breadcrumb","itemListElement":[{"@type":"ListItem","position":1,"name":"Portada","item":"https:\/\/distribuidorcintastesa.es\/pt-pt\/"},{"@type":"ListItem","position":2,"name":"Produtos","item":"https:\/\/distribuidorcintastesa.es\/pt-pt\/produtos\/"},{"@type":"ListItem","position":3,"name":"Tesa\u00ae Profissional 4024"}]},{"@type":"WebSite","@id":"https:\/\/distribuidorcintastesa.es\/pt-pt\/#website","url":"https:\/\/distribuidorcintastesa.es\/pt-pt\/","name":"Distribuidor de cintas tesa","description":"Distribuidor de cintas tesa, cintas tesa, tesa cintas, distribuidor tesa, tesa productos, productos tesa, tesa distribuidores, cintas y adhesivos, tesa cinta doble cara, cinta tesa doble cara, adhesivos tesa, cinta antideslizante, velcro tesa, cinta reflectante, tesa supergen, softprint, cinta doble cara tesa, selladores y adhesivos, cintas adhesivas de doble cara, cintas de aluminio, cintas de vinilo para se\u00f1alizaci\u00f3n, cintas de tela americanas, cintas de papel para enmascarar, cintas para embalaje","publisher":{"@id":"https:\/\/distribuidorcintastesa.es\/pt-pt\/#organization"},"potentialAction":[{"@type":"SearchAction","target":{"@type":"EntryPoint","urlTemplate":"https:\/\/distribuidorcintastesa.es\/pt-pt\/?s={search_term_string}"},"query-input":{"@type":"PropertyValueSpecification","valueRequired":true,"valueName":"search_term_string"}}],"inLanguage":"pt-PT"},{"@type":"Organization","@id":"https:\/\/distribuidorcintastesa.es\/pt-pt\/#organization","name":"Distribuidor de cintas tesa","url":"https:\/\/distribuidorcintastesa.es\/pt-pt\/","logo":{"@type":"ImageObject","inLanguage":"pt-PT","@id":"https:\/\/distribuidorcintastesa.es\/pt-pt\/#\/schema\/logo\/image\/","url":"https:\/\/distribuidorcintastesa.es\/wp-content\/uploads\/2022\/10\/logo-espanol-portugues.png","contentUrl":"https:\/\/distribuidorcintastesa.es\/wp-content\/uploads\/2022\/10\/logo-espanol-portugues.png","width":871,"height":142,"caption":"Distribuidor de cintas tesa"},"image":{"@id":"https:\/\/distribuidorcintastesa.es\/pt-pt\/#\/schema\/logo\/image\/"},"sameAs":["https:\/\/muralsrd.com\/","https:\/\/solbi-mural.com\/es\/","https:\/\/distribuidor-cintas-adhesivas.es","https:\/\/www.instagram.com\/solbimural\/?igsh=ZnR6ZmkzZm1ubWhl"]}]}},"_links":{"self":[{"href":"https:\/\/distribuidorcintastesa.es\/pt-pt\/wp-json\/wp\/v2\/product\/8058","targetHints":{"allow":["GET"]}}],"collection":[{"href":"https:\/\/distribuidorcintastesa.es\/pt-pt\/wp-json\/wp\/v2\/product"}],"about":[{"href":"https:\/\/distribuidorcintastesa.es\/pt-pt\/wp-json\/wp\/v2\/types\/product"}],"wp:featuredmedia":[{"embeddable":true,"href":"https:\/\/distribuidorcintastesa.es\/pt-pt\/wp-json\/wp\/v2\/media\/8048"}],"wp:attachment":[{"href":"https:\/\/distribuidorcintastesa.es\/pt-pt\/wp-json\/wp\/v2\/media?parent=8058"}],"wp:term":[{"taxonomy":"product_brand","embeddable":true,"href":"https:\/\/distribuidorcintastesa.es\/pt-pt\/wp-json\/wp\/v2\/product_brand?post=8058"},{"taxonomy":"product_cat","embeddable":true,"href":"https:\/\/distribuidorcintastesa.es\/pt-pt\/wp-json\/wp\/v2\/product_cat?post=8058"},{"taxonomy":"product_tag","embeddable":true,"href":"https:\/\/distribuidorcintastesa.es\/pt-pt\/wp-json\/wp\/v2\/product_tag?post=8058"}],"curies":[{"name":"wp","href":"https:\/\/api.w.org\/{rel}","templated":true}]}}