{"id":7864,"date":"2024-11-20T10:49:28","date_gmt":"2024-11-20T10:49:28","guid":{"rendered":"https:\/\/distribuidorcintastesa.es\/producto\/tesa-4333-mascara-de-precisao-sensivel\/"},"modified":"2024-11-21T16:02:08","modified_gmt":"2024-11-21T16:02:08","slug":"tesa-4333-mascara-de-precisao-sensivel","status":"publish","type":"product","link":"https:\/\/distribuidorcintastesa.es\/pt-pt\/producto\/tesa-4333-mascara-de-precisao-sensivel\/","title":{"rendered":"Tesa 4333 M\u00e1scara de Precis\u00e3o\u00ae Sens\u00edvel"},"content":{"rendered":"<p>A fita Tesa 4333 M\u00e1scara de Precis\u00e3o\u00ae Sens\u00edvel tem um suporte de papel extrafino muito forte e um adesivo acr\u00edlico modificado. Foi concebida para quase todos os tipos de trabalhos de pintura de interiores, uma vez que o suporte de papel torna a fita altamente mold\u00e1vel para se adaptar a diferentes superf\u00edcies. Para al\u00e9m disso, o adesivo tem uma f\u00f3rmula especial que permite aplica\u00e7\u00f5es em superf\u00edcies dif\u00edceis com remo\u00e7\u00e3o f\u00e1cil at\u00e9 14 dias ap\u00f3s a aplica\u00e7\u00e3o.<\/p>\n<p><strong style=\"color: #000000; font-size: 24px;\">Compra em linha<\/strong><\/p>\n<h4><a href=\"https:\/\/solbi-mural.com\/pt\/fitas-adesivas-de-uma-face\/310-tesa-fita-de-pintura-precision-mask-sensitive-4333-mascara-de-precisao-rosa-rolo-50m-4042448280978.html\" target=\"_blank\" rel=\"noopener\"><span style=\"color: #3366ff;\">4333<\/span><\/a><\/h4>\n<p>&nbsp;<\/p>\n<p><strong style=\"font-size: 1.3em;\">Caracter\u00edsticas<\/strong><\/p>\n<ul>\n<li>Muito boa resist\u00eancia \u00e0 \u00e1gua e boa resist\u00eancia \u00e0 abras\u00e3o<\/li>\n<li>A fita Tesa 4333 M\u00e1scara de Precis\u00e3o\u00ae Sens\u00edvel muito flex\u00edvel e capaz de se adaptar a diferentes superf\u00edcie<\/li>\n<li>Possui um adesivo acr\u00edlico modificado que tem uma elevada ader\u00eancia em diferentes materiais.<\/li>\n<li>Material de suporte: papel liso<\/li>\n<li>Ader\u00eancia sobre o a\u00e7o: 4,5 %.<\/li>\n<li>Espessura total 85 \u00b5m<\/li>\n<li>Cor-de-rosam<\/li>\n<\/ul>\n<p><strong style=\"font-size: 1.3em;\">Aplica\u00e7\u00f5es <\/strong><\/p>\n<ul>\n<li>Esta fita foi concebida para aplica\u00e7\u00f5es no sector industrial, como empresas de pintura ou de venda de tintas e acess\u00f3rios, para uso privado, para obter melhores resultados.<\/li>\n<li>Adequada para paredes com papel de parede, tintas \u00e0 base de \u00e1gua, vernizes e at\u00e9 trabalhos mais t\u00e9cnicos com esp\u00e1tula, e outras superf\u00edcies onde seja necess\u00e1rio um acabamento muito preciso.<\/li>\n<li>Aplica\u00e7\u00e3o em interiores<\/li>\n<\/ul>\n<h4><strong>Produtos Relacionados<\/strong><\/h4>\n<ul>\n<li style=\"list-style-type: none;\">\n<ul>\n<li><a href=\"https:\/\/distribuidorcintastesa.es\/pt-pt\/producto\/tesa-4342-mascaramento-de-precisao\/\" target=\"_blank\" rel=\"noopener\">4342<\/a><\/li>\n<li><a href=\"https:\/\/distribuidorcintastesa.es\/pt-pt\/producto\/fita-de-mascara-para-exterior-tesa-4439\/\" target=\"_blank\" rel=\"noopener\">4439<\/a><\/li>\n<\/ul>\n<\/li>\n<\/ul>\n","protected":false},"excerpt":{"rendered":"<p>A fita Tesa 4333 M\u00e1scara de Precis\u00e3o\u00ae Sens\u00edvel tem um suporte de papel extrafino muito forte e um adesivo acr\u00edlico modificado. Foi concebida para quase todos os tipos de trabalhos de pintura de interiores, uma vez que o suporte de papel torna a fita altamente mold\u00e1vel para se adaptar a diferentes superf\u00edcies. Para al\u00e9m disso, [&hellip;]<\/p>\n","protected":false},"featured_media":7848,"template":"","meta":{"site-sidebar-layout":"default","site-content-layout":"","ast-site-content-layout":"default","site-content-style":"default","site-sidebar-style":"default","ast-global-header-display":"","ast-banner-title-visibility":"","ast-main-header-display":"","ast-hfb-above-header-display":"","ast-hfb-below-header-display":"","ast-hfb-mobile-header-display":"","site-post-title":"","ast-breadcrumbs-content":"","ast-featured-img":"","footer-sml-layout":"","ast-disable-related-posts":"","theme-transparent-header-meta":"default","adv-header-id-meta":"","stick-header-meta":"","header-above-stick-meta":"","header-main-stick-meta":"","header-below-stick-meta":"","astra-migrate-meta-layouts":"set","ast-page-background-enabled":"default","ast-page-background-meta":{"desktop":{"background-color":"","background-image":"","background-repeat":"repeat","background-position":"center center","background-size":"auto","background-attachment":"scroll","background-type":"","background-media":"","overlay-type":"","overlay-color":"","overlay-opacity":"","overlay-gradient":""},"tablet":{"background-color":"","background-image":"","background-repeat":"repeat","background-position":"center center","background-size":"auto","background-attachment":"scroll","background-type":"","background-media":"","overlay-type":"","overlay-color":"","overlay-opacity":"","overlay-gradient":""},"mobile":{"background-color":"","background-image":"","background-repeat":"repeat","background-position":"center center","background-size":"auto","background-attachment":"scroll","background-type":"","background-media":"","overlay-type":"","overlay-color":"","overlay-opacity":"","overlay-gradient":""}},"ast-content-background-meta":{"desktop":{"background-color":"var(--ast-global-color-5)","background-image":"","background-repeat":"repeat","background-position":"center center","background-size":"auto","background-attachment":"scroll","background-type":"","background-media":"","overlay-type":"","overlay-color":"","overlay-opacity":"","overlay-gradient":""},"tablet":{"background-color":"var(--ast-global-color-5)","background-image":"","background-repeat":"repeat","background-position":"center center","background-size":"auto","background-attachment":"scroll","background-type":"","background-media":"","overlay-type":"","overlay-color":"","overlay-opacity":"","overlay-gradient":""},"mobile":{"background-color":"var(--ast-global-color-5)","background-image":"","background-repeat":"repeat","background-position":"center center","background-size":"auto","background-attachment":"scroll","background-type":"","background-media":"","overlay-type":"","overlay-color":"","overlay-opacity":"","overlay-gradient":""}}},"product_brand":[],"product_cat":[165,162],"product_tag":[3862,3863,3864],"class_list":{"0":"post-7864","1":"product","2":"type-product","3":"status-publish","4":"has-post-thumbnail","6":"product_cat-fita-de-protecao-de-superficie","7":"product_cat-solucoes-de-mascaramento","8":"product_tag-fita-adesiva-de-precisao","9":"product_tag-fita-adesiva-sensivel-a-mascara-de-precisao","10":"product_tag-fita-adesiva-tesa-4333","11":"desktop-align-center","12":"tablet-align-center","13":"mobile-align-center","15":"first","16":"instock","17":"shipping-taxable","18":"product-type-simple"},"yoast_head":"<!-- This site is optimized with the Yoast SEO Premium plugin v27.2 (Yoast SEO v27.2) - https:\/\/yoast.com\/product\/yoast-seo-premium-wordpress\/ -->\n<title>Tesa 4333 M\u00e1scara de Precis\u00e3o\u00ae Sens\u00edvel<\/title>\n<meta name=\"description\" content=\"Tesa 4333 M\u00e1scara de Precis\u00e3o\u00ae Sens\u00edvel Ideal para qualquer tipo de trabalho de pintura interior. F\u00e1cil remo\u00e7\u00e3o at\u00e9 14 dias ap\u00f3s a aplica\u00e7\u00e3o.\" \/>\n<meta name=\"robots\" content=\"index, follow, max-snippet:-1, max-image-preview:large, max-video-preview:-1\" \/>\n<link rel=\"canonical\" href=\"https:\/\/distribuidorcintastesa.es\/pt-pt\/producto\/tesa-4333-mascara-de-precisao-sensivel\/\" \/>\n<meta property=\"og:locale\" content=\"pt_PT\" \/>\n<meta property=\"og:type\" content=\"article\" \/>\n<meta property=\"og:title\" content=\"Tesa 4333 M\u00e1scara de Precis\u00e3o\u00ae Sens\u00edvel\" \/>\n<meta property=\"og:description\" content=\"Tesa 4333 M\u00e1scara de Precis\u00e3o\u00ae Sens\u00edvel Ideal para qualquer tipo de trabalho de pintura interior. F\u00e1cil remo\u00e7\u00e3o at\u00e9 14 dias ap\u00f3s a aplica\u00e7\u00e3o.\" \/>\n<meta property=\"og:url\" content=\"https:\/\/distribuidorcintastesa.es\/pt-pt\/producto\/tesa-4333-mascara-de-precisao-sensivel\/\" \/>\n<meta property=\"og:site_name\" content=\"Distribuidor de cintas tesa, cintas tesa, tesa cintas, distribuidor tesa, tesa productos, productos tesa, tesa distribuidores, http:\/\/www.http:\/\/distribuidorcintas3m.es, Mejores ofertas en cintas\" \/>\n<meta property=\"article:modified_time\" content=\"2024-11-21T16:02:08+00:00\" \/>\n<meta property=\"og:image\" content=\"https:\/\/distribuidorcintastesa.es\/wp-content\/uploads\/2024\/11\/Cinta-Tesa-4333-Precision-Mask-Sensitive-cinta-de-enmascarado.jpg\" \/>\n\t<meta property=\"og:image:width\" content=\"800\" \/>\n\t<meta property=\"og:image:height\" content=\"800\" \/>\n\t<meta property=\"og:image:type\" content=\"image\/jpeg\" \/>\n<meta name=\"twitter:card\" content=\"summary_large_image\" \/>\n<meta name=\"twitter:label1\" content=\"Tempo estimado de leitura\" \/>\n\t<meta name=\"twitter:data1\" content=\"2 minutos\" \/>\n<script type=\"application\/ld+json\" class=\"yoast-schema-graph\">{\"@context\":\"https:\/\/schema.org\",\"@graph\":[{\"@type\":\"WebPage\",\"@id\":\"https:\/\/distribuidorcintastesa.es\/pt-pt\/producto\/tesa-4333-mascara-de-precisao-sensivel\/\",\"url\":\"https:\/\/distribuidorcintastesa.es\/pt-pt\/producto\/tesa-4333-mascara-de-precisao-sensivel\/\",\"name\":\"Tesa 4333 M\u00e1scara de Precis\u00e3o\u00ae Sens\u00edvel\",\"isPartOf\":{\"@id\":\"https:\/\/distribuidorcintastesa.es\/pt-pt\/#website\"},\"primaryImageOfPage\":{\"@id\":\"https:\/\/distribuidorcintastesa.es\/pt-pt\/producto\/tesa-4333-mascara-de-precisao-sensivel\/#primaryimage\"},\"image\":{\"@id\":\"https:\/\/distribuidorcintastesa.es\/pt-pt\/producto\/tesa-4333-mascara-de-precisao-sensivel\/#primaryimage\"},\"thumbnailUrl\":\"https:\/\/distribuidorcintastesa.es\/wp-content\/uploads\/2024\/11\/Cinta-Tesa-4333-Precision-Mask-Sensitive-cinta-de-enmascarado.jpg\",\"datePublished\":\"2024-11-20T10:49:28+00:00\",\"dateModified\":\"2024-11-21T16:02:08+00:00\",\"description\":\"Tesa 4333 M\u00e1scara de Precis\u00e3o\u00ae Sens\u00edvel Ideal para qualquer tipo de trabalho de pintura interior. F\u00e1cil remo\u00e7\u00e3o at\u00e9 14 dias ap\u00f3s a aplica\u00e7\u00e3o.\",\"breadcrumb\":{\"@id\":\"https:\/\/distribuidorcintastesa.es\/pt-pt\/producto\/tesa-4333-mascara-de-precisao-sensivel\/#breadcrumb\"},\"inLanguage\":\"pt-PT\",\"potentialAction\":[{\"@type\":\"ReadAction\",\"target\":[\"https:\/\/distribuidorcintastesa.es\/pt-pt\/producto\/tesa-4333-mascara-de-precisao-sensivel\/\"]}]},{\"@type\":\"ImageObject\",\"inLanguage\":\"pt-PT\",\"@id\":\"https:\/\/distribuidorcintastesa.es\/pt-pt\/producto\/tesa-4333-mascara-de-precisao-sensivel\/#primaryimage\",\"url\":\"https:\/\/distribuidorcintastesa.es\/wp-content\/uploads\/2024\/11\/Cinta-Tesa-4333-Precision-Mask-Sensitive-cinta-de-enmascarado.jpg\",\"contentUrl\":\"https:\/\/distribuidorcintastesa.es\/wp-content\/uploads\/2024\/11\/Cinta-Tesa-4333-Precision-Mask-Sensitive-cinta-de-enmascarado.jpg\",\"width\":800,\"height\":800,\"caption\":\"Tesa 4333 Precision Mask Sensitive Tape - Fita de Mascaramento\"},{\"@type\":\"BreadcrumbList\",\"@id\":\"https:\/\/distribuidorcintastesa.es\/pt-pt\/producto\/tesa-4333-mascara-de-precisao-sensivel\/#breadcrumb\",\"itemListElement\":[{\"@type\":\"ListItem\",\"position\":1,\"name\":\"Portada\",\"item\":\"https:\/\/distribuidorcintastesa.es\/pt-pt\/\"},{\"@type\":\"ListItem\",\"position\":2,\"name\":\"Produtos\",\"item\":\"https:\/\/distribuidorcintastesa.es\/pt-pt\/produtos\/\"},{\"@type\":\"ListItem\",\"position\":3,\"name\":\"Tesa 4333 M\u00e1scara de Precis\u00e3o\u00ae Sens\u00edvel\"}]},{\"@type\":\"WebSite\",\"@id\":\"https:\/\/distribuidorcintastesa.es\/pt-pt\/#website\",\"url\":\"https:\/\/distribuidorcintastesa.es\/pt-pt\/\",\"name\":\"Distribuidor de cintas tesa\",\"description\":\"Distribuidor de cintas tesa, cintas tesa, tesa cintas, distribuidor tesa, tesa productos, productos tesa, tesa distribuidores, cintas y adhesivos, tesa cinta doble cara, cinta tesa doble cara, adhesivos tesa, cinta antideslizante, velcro tesa, cinta reflectante, tesa supergen, softprint, cinta doble cara tesa, selladores y adhesivos, cintas adhesivas de doble cara, cintas de aluminio, cintas de vinilo para se\u00f1alizaci\u00f3n, cintas de tela americanas, cintas de papel para enmascarar, cintas para embalaje\",\"publisher\":{\"@id\":\"https:\/\/distribuidorcintastesa.es\/pt-pt\/#organization\"},\"potentialAction\":[{\"@type\":\"SearchAction\",\"target\":{\"@type\":\"EntryPoint\",\"urlTemplate\":\"https:\/\/distribuidorcintastesa.es\/pt-pt\/?s={search_term_string}\"},\"query-input\":{\"@type\":\"PropertyValueSpecification\",\"valueRequired\":true,\"valueName\":\"search_term_string\"}}],\"inLanguage\":\"pt-PT\"},{\"@type\":\"Organization\",\"@id\":\"https:\/\/distribuidorcintastesa.es\/pt-pt\/#organization\",\"name\":\"Distribuidor de cintas tesa\",\"url\":\"https:\/\/distribuidorcintastesa.es\/pt-pt\/\",\"logo\":{\"@type\":\"ImageObject\",\"inLanguage\":\"pt-PT\",\"@id\":\"https:\/\/distribuidorcintastesa.es\/pt-pt\/#\/schema\/logo\/image\/\",\"url\":\"https:\/\/distribuidorcintastesa.es\/wp-content\/uploads\/2022\/10\/logo-espanol-portugues.png\",\"contentUrl\":\"https:\/\/distribuidorcintastesa.es\/wp-content\/uploads\/2022\/10\/logo-espanol-portugues.png\",\"width\":871,\"height\":142,\"caption\":\"Distribuidor de cintas tesa\"},\"image\":{\"@id\":\"https:\/\/distribuidorcintastesa.es\/pt-pt\/#\/schema\/logo\/image\/\"},\"sameAs\":[\"https:\/\/muralsrd.com\/\",\"https:\/\/solbi-mural.com\/es\/\",\"https:\/\/distribuidor-cintas-adhesivas.es\",\"https:\/\/www.instagram.com\/solbimural\/?igsh=ZnR6ZmkzZm1ubWhl\"]}]}<\/script>\n<!-- \/ Yoast SEO Premium plugin. -->","yoast_head_json":{"title":"Tesa 4333 M\u00e1scara de Precis\u00e3o\u00ae Sens\u00edvel","description":"Tesa 4333 M\u00e1scara de Precis\u00e3o\u00ae Sens\u00edvel Ideal para qualquer tipo de trabalho de pintura interior. F\u00e1cil remo\u00e7\u00e3o at\u00e9 14 dias ap\u00f3s a aplica\u00e7\u00e3o.","robots":{"index":"index","follow":"follow","max-snippet":"max-snippet:-1","max-image-preview":"max-image-preview:large","max-video-preview":"max-video-preview:-1"},"canonical":"https:\/\/distribuidorcintastesa.es\/pt-pt\/producto\/tesa-4333-mascara-de-precisao-sensivel\/","og_locale":"pt_PT","og_type":"article","og_title":"Tesa 4333 M\u00e1scara de Precis\u00e3o\u00ae Sens\u00edvel","og_description":"Tesa 4333 M\u00e1scara de Precis\u00e3o\u00ae Sens\u00edvel Ideal para qualquer tipo de trabalho de pintura interior. F\u00e1cil remo\u00e7\u00e3o at\u00e9 14 dias ap\u00f3s a aplica\u00e7\u00e3o.","og_url":"https:\/\/distribuidorcintastesa.es\/pt-pt\/producto\/tesa-4333-mascara-de-precisao-sensivel\/","og_site_name":"Distribuidor de cintas tesa, cintas tesa, tesa cintas, distribuidor tesa, tesa productos, productos tesa, tesa distribuidores, http:\/\/www.http:\/\/distribuidorcintas3m.es, Mejores ofertas en cintas","article_modified_time":"2024-11-21T16:02:08+00:00","og_image":[{"width":800,"height":800,"url":"https:\/\/distribuidorcintastesa.es\/wp-content\/uploads\/2024\/11\/Cinta-Tesa-4333-Precision-Mask-Sensitive-cinta-de-enmascarado.jpg","type":"image\/jpeg"}],"twitter_card":"summary_large_image","twitter_misc":{"Tempo estimado de leitura":"2 minutos"},"schema":{"@context":"https:\/\/schema.org","@graph":[{"@type":"WebPage","@id":"https:\/\/distribuidorcintastesa.es\/pt-pt\/producto\/tesa-4333-mascara-de-precisao-sensivel\/","url":"https:\/\/distribuidorcintastesa.es\/pt-pt\/producto\/tesa-4333-mascara-de-precisao-sensivel\/","name":"Tesa 4333 M\u00e1scara de Precis\u00e3o\u00ae Sens\u00edvel","isPartOf":{"@id":"https:\/\/distribuidorcintastesa.es\/pt-pt\/#website"},"primaryImageOfPage":{"@id":"https:\/\/distribuidorcintastesa.es\/pt-pt\/producto\/tesa-4333-mascara-de-precisao-sensivel\/#primaryimage"},"image":{"@id":"https:\/\/distribuidorcintastesa.es\/pt-pt\/producto\/tesa-4333-mascara-de-precisao-sensivel\/#primaryimage"},"thumbnailUrl":"https:\/\/distribuidorcintastesa.es\/wp-content\/uploads\/2024\/11\/Cinta-Tesa-4333-Precision-Mask-Sensitive-cinta-de-enmascarado.jpg","datePublished":"2024-11-20T10:49:28+00:00","dateModified":"2024-11-21T16:02:08+00:00","description":"Tesa 4333 M\u00e1scara de Precis\u00e3o\u00ae Sens\u00edvel Ideal para qualquer tipo de trabalho de pintura interior. F\u00e1cil remo\u00e7\u00e3o at\u00e9 14 dias ap\u00f3s a aplica\u00e7\u00e3o.","breadcrumb":{"@id":"https:\/\/distribuidorcintastesa.es\/pt-pt\/producto\/tesa-4333-mascara-de-precisao-sensivel\/#breadcrumb"},"inLanguage":"pt-PT","potentialAction":[{"@type":"ReadAction","target":["https:\/\/distribuidorcintastesa.es\/pt-pt\/producto\/tesa-4333-mascara-de-precisao-sensivel\/"]}]},{"@type":"ImageObject","inLanguage":"pt-PT","@id":"https:\/\/distribuidorcintastesa.es\/pt-pt\/producto\/tesa-4333-mascara-de-precisao-sensivel\/#primaryimage","url":"https:\/\/distribuidorcintastesa.es\/wp-content\/uploads\/2024\/11\/Cinta-Tesa-4333-Precision-Mask-Sensitive-cinta-de-enmascarado.jpg","contentUrl":"https:\/\/distribuidorcintastesa.es\/wp-content\/uploads\/2024\/11\/Cinta-Tesa-4333-Precision-Mask-Sensitive-cinta-de-enmascarado.jpg","width":800,"height":800,"caption":"Tesa 4333 Precision Mask Sensitive Tape - Fita de Mascaramento"},{"@type":"BreadcrumbList","@id":"https:\/\/distribuidorcintastesa.es\/pt-pt\/producto\/tesa-4333-mascara-de-precisao-sensivel\/#breadcrumb","itemListElement":[{"@type":"ListItem","position":1,"name":"Portada","item":"https:\/\/distribuidorcintastesa.es\/pt-pt\/"},{"@type":"ListItem","position":2,"name":"Produtos","item":"https:\/\/distribuidorcintastesa.es\/pt-pt\/produtos\/"},{"@type":"ListItem","position":3,"name":"Tesa 4333 M\u00e1scara de Precis\u00e3o\u00ae Sens\u00edvel"}]},{"@type":"WebSite","@id":"https:\/\/distribuidorcintastesa.es\/pt-pt\/#website","url":"https:\/\/distribuidorcintastesa.es\/pt-pt\/","name":"Distribuidor de cintas tesa","description":"Distribuidor de cintas tesa, cintas tesa, tesa cintas, distribuidor tesa, tesa productos, productos tesa, tesa distribuidores, cintas y adhesivos, tesa cinta doble cara, cinta tesa doble cara, adhesivos tesa, cinta antideslizante, velcro tesa, cinta reflectante, tesa supergen, softprint, cinta doble cara tesa, selladores y adhesivos, cintas adhesivas de doble cara, cintas de aluminio, cintas de vinilo para se\u00f1alizaci\u00f3n, cintas de tela americanas, cintas de papel para enmascarar, cintas para embalaje","publisher":{"@id":"https:\/\/distribuidorcintastesa.es\/pt-pt\/#organization"},"potentialAction":[{"@type":"SearchAction","target":{"@type":"EntryPoint","urlTemplate":"https:\/\/distribuidorcintastesa.es\/pt-pt\/?s={search_term_string}"},"query-input":{"@type":"PropertyValueSpecification","valueRequired":true,"valueName":"search_term_string"}}],"inLanguage":"pt-PT"},{"@type":"Organization","@id":"https:\/\/distribuidorcintastesa.es\/pt-pt\/#organization","name":"Distribuidor de cintas tesa","url":"https:\/\/distribuidorcintastesa.es\/pt-pt\/","logo":{"@type":"ImageObject","inLanguage":"pt-PT","@id":"https:\/\/distribuidorcintastesa.es\/pt-pt\/#\/schema\/logo\/image\/","url":"https:\/\/distribuidorcintastesa.es\/wp-content\/uploads\/2022\/10\/logo-espanol-portugues.png","contentUrl":"https:\/\/distribuidorcintastesa.es\/wp-content\/uploads\/2022\/10\/logo-espanol-portugues.png","width":871,"height":142,"caption":"Distribuidor de cintas tesa"},"image":{"@id":"https:\/\/distribuidorcintastesa.es\/pt-pt\/#\/schema\/logo\/image\/"},"sameAs":["https:\/\/muralsrd.com\/","https:\/\/solbi-mural.com\/es\/","https:\/\/distribuidor-cintas-adhesivas.es","https:\/\/www.instagram.com\/solbimural\/?igsh=ZnR6ZmkzZm1ubWhl"]}]}},"_links":{"self":[{"href":"https:\/\/distribuidorcintastesa.es\/pt-pt\/wp-json\/wp\/v2\/product\/7864","targetHints":{"allow":["GET"]}}],"collection":[{"href":"https:\/\/distribuidorcintastesa.es\/pt-pt\/wp-json\/wp\/v2\/product"}],"about":[{"href":"https:\/\/distribuidorcintastesa.es\/pt-pt\/wp-json\/wp\/v2\/types\/product"}],"wp:featuredmedia":[{"embeddable":true,"href":"https:\/\/distribuidorcintastesa.es\/pt-pt\/wp-json\/wp\/v2\/media\/7848"}],"wp:attachment":[{"href":"https:\/\/distribuidorcintastesa.es\/pt-pt\/wp-json\/wp\/v2\/media?parent=7864"}],"wp:term":[{"taxonomy":"product_brand","embeddable":true,"href":"https:\/\/distribuidorcintastesa.es\/pt-pt\/wp-json\/wp\/v2\/product_brand?post=7864"},{"taxonomy":"product_cat","embeddable":true,"href":"https:\/\/distribuidorcintastesa.es\/pt-pt\/wp-json\/wp\/v2\/product_cat?post=7864"},{"taxonomy":"product_tag","embeddable":true,"href":"https:\/\/distribuidorcintastesa.es\/pt-pt\/wp-json\/wp\/v2\/product_tag?post=7864"}],"curies":[{"name":"wp","href":"https:\/\/api.w.org\/{rel}","templated":true}]}}