{"id":7742,"date":"2024-10-15T15:04:01","date_gmt":"2024-10-15T15:04:02","guid":{"rendered":"https:\/\/distribuidorcintastesa.es\/?post_type=product&#038;p=7742"},"modified":"2024-11-20T09:04:23","modified_gmt":"2024-11-20T09:04:23","slug":"tesa-6032-strap-it-dispensador-de-mao-industrial","status":"publish","type":"product","link":"https:\/\/distribuidorcintastesa.es\/pt-pt\/producto\/tesa-6032-strap-it-dispensador-de-mao-industrial\/","title":{"rendered":"Tesa\u00ae 6032 Strap-it dispensador de m\u00e3o industrial"},"content":{"rendered":"<p>Tesa\u00ae 6032 Strap-it dispensador de m\u00e3o industrial \u00e9 um dispensador de fita manual que facilita a aplica\u00e7\u00e3o de cintas adesivas, fitas de filamentos ou fitas refor\u00e7adas com fibras de fios at\u00e9 25 mm de largura. Este dispensador permite, nomeadamente, selar caixas com selagem em forma de L, fivelas e fixar cargas de paletes. As suas l\u00e2minas, criadas especificamente para cortar fitas refor\u00e7adas com fibra de vidro, eliminam a necessidade de tesouras ou cortadores. Para evitar que as l\u00e2minas fiquem ba\u00e7as, embotadas ou com res\u00edduos de cola, recomenda-se a sua limpeza peri\u00f3dica com \u00e1lcool.<\/p>\n<h4><strong style=\"color: #000000; font-size: 24px;\">Compra em linha<\/strong><\/h4>\n<h4><a href=\"https:\/\/solbi-mural.com\/pt\/aparelhos-e-distribuidores\/689-tesa-6032-dispositivo-distribuidor-manual-para-fitas-adesivas-de-cintar-paletes.html\" target=\"_blank\" rel=\"noopener\"><span style=\"color: #3366ff;\">6032<\/span><\/a><\/h4>\n<p>&nbsp;<\/p>\n<h4><strong>Caracter\u00edsticas<\/strong><\/h4>\n<ul>\n<li>O dispensador manual industrial Tesa\u00ae 6032 Strap-it corta filamentos e fitas refor\u00e7adas com fibra de vidro com facilidade.<\/li>\n<li>Peso do dispensador 335 gramas<\/li>\n<li>Dispositivo para uso manual<\/li>\n<li>Di\u00e2metro m\u00e1ximo do rolo: 15 cm<\/li>\n<li>Largura m\u00e1xima do rolo: 2,5 cm<\/li>\n<li>Comprimento m\u00e1ximo do rolo aceite: 66 m<\/li>\n<\/ul>\n<p><strong style=\"font-size: 1.3em;\">Aplica\u00e7\u00f5es <\/strong><\/p>\n<ul>\n<li>Este dispositivo foi concebido para ser utilizado como cortador de fitas de seguran\u00e7a para o transporte de mercadorias, ou para cortar fitas ideais para unir v\u00e1rias embalagens numa palete e tamb\u00e9m para unir a pel\u00edcula na palete, entre outras aplica\u00e7\u00f5es.<\/li>\n<li>\u00c9 perfeita para agrupar e proteger mercadorias. Quando utilizar as fitas de cintagem Tesa\u00ae, pressione o trav\u00e3o para garantir a tens\u00e3o desejada.<\/li>\n<\/ul>\n<h4><strong>Produtos relacionados<\/strong><\/h4>\n<ul>\n<li style=\"list-style-type: none;\">\n<ul>\n<li><a href=\"https:\/\/distribuidorcintastesa.es\/pt-pt\/producto\/dispensador-manual-industrial-tesa-6012-multi-track\/\" target=\"_blank\" rel=\"noopener\">6012<\/a><\/li>\n<\/ul>\n<\/li>\n<\/ul>\n<ul>\n<li style=\"list-style-type: none;\"><\/li>\n<\/ul>\n","protected":false},"excerpt":{"rendered":"<p>Tesa\u00ae 6032 Strap-it dispensador de m\u00e3o industrial \u00e9 um dispensador de fita manual que facilita a aplica\u00e7\u00e3o de cintas adesivas, fitas de filamentos ou fitas refor\u00e7adas com fibras de fios at\u00e9 25 mm de largura. Este dispensador permite, nomeadamente, selar caixas com selagem em forma de L, fivelas e fixar cargas de paletes. As suas [&hellip;]<\/p>\n","protected":false},"featured_media":7758,"template":"","meta":{"site-sidebar-layout":"default","site-content-layout":"","ast-site-content-layout":"default","site-content-style":"default","site-sidebar-style":"default","ast-global-header-display":"","ast-banner-title-visibility":"","ast-main-header-display":"","ast-hfb-above-header-display":"","ast-hfb-below-header-display":"","ast-hfb-mobile-header-display":"","site-post-title":"","ast-breadcrumbs-content":"","ast-featured-img":"","footer-sml-layout":"","ast-disable-related-posts":"","theme-transparent-header-meta":"default","adv-header-id-meta":"","stick-header-meta":"","header-above-stick-meta":"","header-main-stick-meta":"","header-below-stick-meta":"","astra-migrate-meta-layouts":"set","ast-page-background-enabled":"default","ast-page-background-meta":{"desktop":{"background-color":"","background-image":"","background-repeat":"repeat","background-position":"center center","background-size":"auto","background-attachment":"scroll","background-type":"","background-media":"","overlay-type":"","overlay-color":"","overlay-opacity":"","overlay-gradient":""},"tablet":{"background-color":"","background-image":"","background-repeat":"repeat","background-position":"center center","background-size":"auto","background-attachment":"scroll","background-type":"","background-media":"","overlay-type":"","overlay-color":"","overlay-opacity":"","overlay-gradient":""},"mobile":{"background-color":"","background-image":"","background-repeat":"repeat","background-position":"center center","background-size":"auto","background-attachment":"scroll","background-type":"","background-media":"","overlay-type":"","overlay-color":"","overlay-opacity":"","overlay-gradient":""}},"ast-content-background-meta":{"desktop":{"background-color":"var(--ast-global-color-5)","background-image":"","background-repeat":"repeat","background-position":"center center","background-size":"auto","background-attachment":"scroll","background-type":"","background-media":"","overlay-type":"","overlay-color":"","overlay-opacity":"","overlay-gradient":""},"tablet":{"background-color":"var(--ast-global-color-5)","background-image":"","background-repeat":"repeat","background-position":"center center","background-size":"auto","background-attachment":"scroll","background-type":"","background-media":"","overlay-type":"","overlay-color":"","overlay-opacity":"","overlay-gradient":""},"mobile":{"background-color":"var(--ast-global-color-5)","background-image":"","background-repeat":"repeat","background-position":"center center","background-size":"auto","background-attachment":"scroll","background-type":"","background-media":"","overlay-type":"","overlay-color":"","overlay-opacity":"","overlay-gradient":""}}},"product_brand":[],"product_cat":[171],"product_tag":[3833],"class_list":{"0":"post-7742","1":"product","2":"type-product","3":"status-publish","4":"has-post-thumbnail","6":"product_cat-dispensers-pt-pt","7":"product_tag-tesa-6032-pt-pt","8":"desktop-align-center","9":"tablet-align-center","10":"mobile-align-center","12":"first","13":"instock","14":"shipping-taxable","15":"product-type-simple"},"yoast_head":"<!-- This site is optimized with the Yoast SEO Premium plugin v27.2 (Yoast SEO v27.2) - https:\/\/yoast.com\/product\/yoast-seo-premium-wordpress\/ -->\n<title>Tesa\u00ae 6032 Strap-it dispensador de m\u00e3o industrial<\/title>\n<meta name=\"description\" content=\"Tesa\u00ae 6032 Strap-it dispensador de m\u00e3o industrial dispensador de fita manual especialmente concebido para o corte de fitas refor\u00e7adas com fibra de vidro.\" \/>\n<meta name=\"robots\" content=\"index, follow, max-snippet:-1, max-image-preview:large, max-video-preview:-1\" \/>\n<link rel=\"canonical\" href=\"https:\/\/distribuidorcintastesa.es\/pt-pt\/producto\/tesa-6032-strap-it-dispensador-de-mao-industrial\/\" \/>\n<meta property=\"og:locale\" content=\"pt_PT\" \/>\n<meta property=\"og:type\" content=\"article\" \/>\n<meta property=\"og:title\" content=\"Tesa\u00ae 6032 Strap-it dispensador de m\u00e3o industrial\" \/>\n<meta property=\"og:description\" content=\"Tesa\u00ae 6032 Strap-it dispensador de m\u00e3o industrial dispensador de fita manual especialmente concebido para o corte de fitas refor\u00e7adas com fibra de vidro.\" \/>\n<meta property=\"og:url\" content=\"https:\/\/distribuidorcintastesa.es\/pt-pt\/producto\/tesa-6032-strap-it-dispensador-de-mao-industrial\/\" \/>\n<meta property=\"og:site_name\" content=\"Distribuidor de cintas tesa, cintas tesa, tesa cintas, distribuidor tesa, tesa productos, productos tesa, tesa distribuidores, http:\/\/www.http:\/\/distribuidorcintas3m.es, Mejores ofertas en cintas\" \/>\n<meta property=\"article:modified_time\" content=\"2024-11-20T09:04:23+00:00\" \/>\n<meta property=\"og:image\" content=\"https:\/\/distribuidorcintastesa.es\/wp-content\/uploads\/2024\/10\/Tesa-6032-Dispensador-de-mano-industrial-Strap-it.jpg\" \/>\n\t<meta property=\"og:image:width\" content=\"800\" \/>\n\t<meta property=\"og:image:height\" content=\"800\" \/>\n\t<meta property=\"og:image:type\" content=\"image\/jpeg\" \/>\n<meta name=\"twitter:card\" content=\"summary_large_image\" \/>\n<meta name=\"twitter:label1\" content=\"Tempo estimado de leitura\" \/>\n\t<meta name=\"twitter:data1\" content=\"2 minutos\" \/>\n<script type=\"application\/ld+json\" class=\"yoast-schema-graph\">{\"@context\":\"https:\/\/schema.org\",\"@graph\":[{\"@type\":\"WebPage\",\"@id\":\"https:\/\/distribuidorcintastesa.es\/pt-pt\/producto\/tesa-6032-strap-it-dispensador-de-mao-industrial\/\",\"url\":\"https:\/\/distribuidorcintastesa.es\/pt-pt\/producto\/tesa-6032-strap-it-dispensador-de-mao-industrial\/\",\"name\":\"Tesa\u00ae 6032 Strap-it dispensador de m\u00e3o industrial\",\"isPartOf\":{\"@id\":\"https:\/\/distribuidorcintastesa.es\/pt-pt\/#website\"},\"primaryImageOfPage\":{\"@id\":\"https:\/\/distribuidorcintastesa.es\/pt-pt\/producto\/tesa-6032-strap-it-dispensador-de-mao-industrial\/#primaryimage\"},\"image\":{\"@id\":\"https:\/\/distribuidorcintastesa.es\/pt-pt\/producto\/tesa-6032-strap-it-dispensador-de-mao-industrial\/#primaryimage\"},\"thumbnailUrl\":\"https:\/\/distribuidorcintastesa.es\/wp-content\/uploads\/2024\/10\/Tesa-6032-Dispensador-de-mano-industrial-Strap-it.jpg\",\"datePublished\":\"2024-10-15T15:04:02+00:00\",\"dateModified\":\"2024-11-20T09:04:23+00:00\",\"description\":\"Tesa\u00ae 6032 Strap-it dispensador de m\u00e3o industrial dispensador de fita manual especialmente concebido para o corte de fitas refor\u00e7adas com fibra de vidro.\",\"breadcrumb\":{\"@id\":\"https:\/\/distribuidorcintastesa.es\/pt-pt\/producto\/tesa-6032-strap-it-dispensador-de-mao-industrial\/#breadcrumb\"},\"inLanguage\":\"pt-PT\",\"potentialAction\":[{\"@type\":\"ReadAction\",\"target\":[\"https:\/\/distribuidorcintastesa.es\/pt-pt\/producto\/tesa-6032-strap-it-dispensador-de-mao-industrial\/\"]}]},{\"@type\":\"ImageObject\",\"inLanguage\":\"pt-PT\",\"@id\":\"https:\/\/distribuidorcintastesa.es\/pt-pt\/producto\/tesa-6032-strap-it-dispensador-de-mao-industrial\/#primaryimage\",\"url\":\"https:\/\/distribuidorcintastesa.es\/wp-content\/uploads\/2024\/10\/Tesa-6032-Dispensador-de-mano-industrial-Strap-it.jpg\",\"contentUrl\":\"https:\/\/distribuidorcintastesa.es\/wp-content\/uploads\/2024\/10\/Tesa-6032-Dispensador-de-mano-industrial-Strap-it.jpg\",\"width\":800,\"height\":800,\"caption\":\"Tesa 6032 Dispensador de mano industrial Strap-it\"},{\"@type\":\"BreadcrumbList\",\"@id\":\"https:\/\/distribuidorcintastesa.es\/pt-pt\/producto\/tesa-6032-strap-it-dispensador-de-mao-industrial\/#breadcrumb\",\"itemListElement\":[{\"@type\":\"ListItem\",\"position\":1,\"name\":\"Portada\",\"item\":\"https:\/\/distribuidorcintastesa.es\/pt-pt\/\"},{\"@type\":\"ListItem\",\"position\":2,\"name\":\"Produtos\",\"item\":\"https:\/\/distribuidorcintastesa.es\/pt-pt\/produtos\/\"},{\"@type\":\"ListItem\",\"position\":3,\"name\":\"Tesa\u00ae 6032 Strap-it dispensador de m\u00e3o industrial\"}]},{\"@type\":\"WebSite\",\"@id\":\"https:\/\/distribuidorcintastesa.es\/pt-pt\/#website\",\"url\":\"https:\/\/distribuidorcintastesa.es\/pt-pt\/\",\"name\":\"Distribuidor de cintas tesa\",\"description\":\"Distribuidor de cintas tesa, cintas tesa, tesa cintas, distribuidor tesa, tesa productos, productos tesa, tesa distribuidores, cintas y adhesivos, tesa cinta doble cara, cinta tesa doble cara, adhesivos tesa, cinta antideslizante, velcro tesa, cinta reflectante, tesa supergen, softprint, cinta doble cara tesa, selladores y adhesivos, cintas adhesivas de doble cara, cintas de aluminio, cintas de vinilo para se\u00f1alizaci\u00f3n, cintas de tela americanas, cintas de papel para enmascarar, cintas para embalaje\",\"publisher\":{\"@id\":\"https:\/\/distribuidorcintastesa.es\/pt-pt\/#organization\"},\"potentialAction\":[{\"@type\":\"SearchAction\",\"target\":{\"@type\":\"EntryPoint\",\"urlTemplate\":\"https:\/\/distribuidorcintastesa.es\/pt-pt\/?s={search_term_string}\"},\"query-input\":{\"@type\":\"PropertyValueSpecification\",\"valueRequired\":true,\"valueName\":\"search_term_string\"}}],\"inLanguage\":\"pt-PT\"},{\"@type\":\"Organization\",\"@id\":\"https:\/\/distribuidorcintastesa.es\/pt-pt\/#organization\",\"name\":\"Distribuidor de cintas tesa\",\"url\":\"https:\/\/distribuidorcintastesa.es\/pt-pt\/\",\"logo\":{\"@type\":\"ImageObject\",\"inLanguage\":\"pt-PT\",\"@id\":\"https:\/\/distribuidorcintastesa.es\/pt-pt\/#\/schema\/logo\/image\/\",\"url\":\"https:\/\/distribuidorcintastesa.es\/wp-content\/uploads\/2022\/10\/logo-espanol-portugues.png\",\"contentUrl\":\"https:\/\/distribuidorcintastesa.es\/wp-content\/uploads\/2022\/10\/logo-espanol-portugues.png\",\"width\":871,\"height\":142,\"caption\":\"Distribuidor de cintas tesa\"},\"image\":{\"@id\":\"https:\/\/distribuidorcintastesa.es\/pt-pt\/#\/schema\/logo\/image\/\"},\"sameAs\":[\"https:\/\/muralsrd.com\/\",\"https:\/\/solbi-mural.com\/es\/\",\"https:\/\/distribuidor-cintas-adhesivas.es\",\"https:\/\/www.instagram.com\/solbimural\/?igsh=ZnR6ZmkzZm1ubWhl\"]}]}<\/script>\n<!-- \/ Yoast SEO Premium plugin. -->","yoast_head_json":{"title":"Tesa\u00ae 6032 Strap-it dispensador de m\u00e3o industrial","description":"Tesa\u00ae 6032 Strap-it dispensador de m\u00e3o industrial dispensador de fita manual especialmente concebido para o corte de fitas refor\u00e7adas com fibra de vidro.","robots":{"index":"index","follow":"follow","max-snippet":"max-snippet:-1","max-image-preview":"max-image-preview:large","max-video-preview":"max-video-preview:-1"},"canonical":"https:\/\/distribuidorcintastesa.es\/pt-pt\/producto\/tesa-6032-strap-it-dispensador-de-mao-industrial\/","og_locale":"pt_PT","og_type":"article","og_title":"Tesa\u00ae 6032 Strap-it dispensador de m\u00e3o industrial","og_description":"Tesa\u00ae 6032 Strap-it dispensador de m\u00e3o industrial dispensador de fita manual especialmente concebido para o corte de fitas refor\u00e7adas com fibra de vidro.","og_url":"https:\/\/distribuidorcintastesa.es\/pt-pt\/producto\/tesa-6032-strap-it-dispensador-de-mao-industrial\/","og_site_name":"Distribuidor de cintas tesa, cintas tesa, tesa cintas, distribuidor tesa, tesa productos, productos tesa, tesa distribuidores, http:\/\/www.http:\/\/distribuidorcintas3m.es, Mejores ofertas en cintas","article_modified_time":"2024-11-20T09:04:23+00:00","og_image":[{"width":800,"height":800,"url":"https:\/\/distribuidorcintastesa.es\/wp-content\/uploads\/2024\/10\/Tesa-6032-Dispensador-de-mano-industrial-Strap-it.jpg","type":"image\/jpeg"}],"twitter_card":"summary_large_image","twitter_misc":{"Tempo estimado de leitura":"2 minutos"},"schema":{"@context":"https:\/\/schema.org","@graph":[{"@type":"WebPage","@id":"https:\/\/distribuidorcintastesa.es\/pt-pt\/producto\/tesa-6032-strap-it-dispensador-de-mao-industrial\/","url":"https:\/\/distribuidorcintastesa.es\/pt-pt\/producto\/tesa-6032-strap-it-dispensador-de-mao-industrial\/","name":"Tesa\u00ae 6032 Strap-it dispensador de m\u00e3o industrial","isPartOf":{"@id":"https:\/\/distribuidorcintastesa.es\/pt-pt\/#website"},"primaryImageOfPage":{"@id":"https:\/\/distribuidorcintastesa.es\/pt-pt\/producto\/tesa-6032-strap-it-dispensador-de-mao-industrial\/#primaryimage"},"image":{"@id":"https:\/\/distribuidorcintastesa.es\/pt-pt\/producto\/tesa-6032-strap-it-dispensador-de-mao-industrial\/#primaryimage"},"thumbnailUrl":"https:\/\/distribuidorcintastesa.es\/wp-content\/uploads\/2024\/10\/Tesa-6032-Dispensador-de-mano-industrial-Strap-it.jpg","datePublished":"2024-10-15T15:04:02+00:00","dateModified":"2024-11-20T09:04:23+00:00","description":"Tesa\u00ae 6032 Strap-it dispensador de m\u00e3o industrial dispensador de fita manual especialmente concebido para o corte de fitas refor\u00e7adas com fibra de vidro.","breadcrumb":{"@id":"https:\/\/distribuidorcintastesa.es\/pt-pt\/producto\/tesa-6032-strap-it-dispensador-de-mao-industrial\/#breadcrumb"},"inLanguage":"pt-PT","potentialAction":[{"@type":"ReadAction","target":["https:\/\/distribuidorcintastesa.es\/pt-pt\/producto\/tesa-6032-strap-it-dispensador-de-mao-industrial\/"]}]},{"@type":"ImageObject","inLanguage":"pt-PT","@id":"https:\/\/distribuidorcintastesa.es\/pt-pt\/producto\/tesa-6032-strap-it-dispensador-de-mao-industrial\/#primaryimage","url":"https:\/\/distribuidorcintastesa.es\/wp-content\/uploads\/2024\/10\/Tesa-6032-Dispensador-de-mano-industrial-Strap-it.jpg","contentUrl":"https:\/\/distribuidorcintastesa.es\/wp-content\/uploads\/2024\/10\/Tesa-6032-Dispensador-de-mano-industrial-Strap-it.jpg","width":800,"height":800,"caption":"Tesa 6032 Dispensador de mano industrial Strap-it"},{"@type":"BreadcrumbList","@id":"https:\/\/distribuidorcintastesa.es\/pt-pt\/producto\/tesa-6032-strap-it-dispensador-de-mao-industrial\/#breadcrumb","itemListElement":[{"@type":"ListItem","position":1,"name":"Portada","item":"https:\/\/distribuidorcintastesa.es\/pt-pt\/"},{"@type":"ListItem","position":2,"name":"Produtos","item":"https:\/\/distribuidorcintastesa.es\/pt-pt\/produtos\/"},{"@type":"ListItem","position":3,"name":"Tesa\u00ae 6032 Strap-it dispensador de m\u00e3o industrial"}]},{"@type":"WebSite","@id":"https:\/\/distribuidorcintastesa.es\/pt-pt\/#website","url":"https:\/\/distribuidorcintastesa.es\/pt-pt\/","name":"Distribuidor de cintas tesa","description":"Distribuidor de cintas tesa, cintas tesa, tesa cintas, distribuidor tesa, tesa productos, productos tesa, tesa distribuidores, cintas y adhesivos, tesa cinta doble cara, cinta tesa doble cara, adhesivos tesa, cinta antideslizante, velcro tesa, cinta reflectante, tesa supergen, softprint, cinta doble cara tesa, selladores y adhesivos, cintas adhesivas de doble cara, cintas de aluminio, cintas de vinilo para se\u00f1alizaci\u00f3n, cintas de tela americanas, cintas de papel para enmascarar, cintas para embalaje","publisher":{"@id":"https:\/\/distribuidorcintastesa.es\/pt-pt\/#organization"},"potentialAction":[{"@type":"SearchAction","target":{"@type":"EntryPoint","urlTemplate":"https:\/\/distribuidorcintastesa.es\/pt-pt\/?s={search_term_string}"},"query-input":{"@type":"PropertyValueSpecification","valueRequired":true,"valueName":"search_term_string"}}],"inLanguage":"pt-PT"},{"@type":"Organization","@id":"https:\/\/distribuidorcintastesa.es\/pt-pt\/#organization","name":"Distribuidor de cintas tesa","url":"https:\/\/distribuidorcintastesa.es\/pt-pt\/","logo":{"@type":"ImageObject","inLanguage":"pt-PT","@id":"https:\/\/distribuidorcintastesa.es\/pt-pt\/#\/schema\/logo\/image\/","url":"https:\/\/distribuidorcintastesa.es\/wp-content\/uploads\/2022\/10\/logo-espanol-portugues.png","contentUrl":"https:\/\/distribuidorcintastesa.es\/wp-content\/uploads\/2022\/10\/logo-espanol-portugues.png","width":871,"height":142,"caption":"Distribuidor de cintas tesa"},"image":{"@id":"https:\/\/distribuidorcintastesa.es\/pt-pt\/#\/schema\/logo\/image\/"},"sameAs":["https:\/\/muralsrd.com\/","https:\/\/solbi-mural.com\/es\/","https:\/\/distribuidor-cintas-adhesivas.es","https:\/\/www.instagram.com\/solbimural\/?igsh=ZnR6ZmkzZm1ubWhl"]}]}},"_links":{"self":[{"href":"https:\/\/distribuidorcintastesa.es\/pt-pt\/wp-json\/wp\/v2\/product\/7742","targetHints":{"allow":["GET"]}}],"collection":[{"href":"https:\/\/distribuidorcintastesa.es\/pt-pt\/wp-json\/wp\/v2\/product"}],"about":[{"href":"https:\/\/distribuidorcintastesa.es\/pt-pt\/wp-json\/wp\/v2\/types\/product"}],"wp:featuredmedia":[{"embeddable":true,"href":"https:\/\/distribuidorcintastesa.es\/pt-pt\/wp-json\/wp\/v2\/media\/7758"}],"wp:attachment":[{"href":"https:\/\/distribuidorcintastesa.es\/pt-pt\/wp-json\/wp\/v2\/media?parent=7742"}],"wp:term":[{"taxonomy":"product_brand","embeddable":true,"href":"https:\/\/distribuidorcintastesa.es\/pt-pt\/wp-json\/wp\/v2\/product_brand?post=7742"},{"taxonomy":"product_cat","embeddable":true,"href":"https:\/\/distribuidorcintastesa.es\/pt-pt\/wp-json\/wp\/v2\/product_cat?post=7742"},{"taxonomy":"product_tag","embeddable":true,"href":"https:\/\/distribuidorcintastesa.es\/pt-pt\/wp-json\/wp\/v2\/product_tag?post=7742"}],"curies":[{"name":"wp","href":"https:\/\/api.w.org\/{rel}","templated":true}]}}