{"id":7729,"date":"2024-10-15T11:15:36","date_gmt":"2024-10-15T11:15:36","guid":{"rendered":"https:\/\/distribuidorcintastesa.es\/producto\/fita-steelmaster-tesa-softprint-72024\/"},"modified":"2024-10-15T11:30:42","modified_gmt":"2024-10-15T11:30:42","slug":"fita-steelmaster-tesa-softprint-72024","status":"publish","type":"product","link":"https:\/\/distribuidorcintastesa.es\/pt-pt\/producto\/fita-steelmaster-tesa-softprint-72024\/","title":{"rendered":"Fita Steelmaster Tesa\u00ae Softprint 72024"},"content":{"rendered":"<p>A fita Steelmaster Tesa\u00ae Softprint 72024 \u00e9 uma fita de espuma de dupla face especificamente concebida para a montagem de fotopol\u00edmeros de 1,14 mm (0,045\u201c) e 1,70 mm (0,067\u201d) em impress\u00e3o flexogr\u00e1fica. Tem um design cl\u00e1ssico. Ideal para processos de impress\u00e3o de alta qualidade com uma combina\u00e7\u00e3o de meios-tons, em rolos de a\u00e7o, alum\u00ednio, PU ou manga. A montagem das chapas como o adesivo garante uma liga\u00e7\u00e3o fi\u00e1vel entre a chapa de impress\u00e3o e a pel\u00edcula de suporte, que por sua vez, este adesivo pode ser facilmente removido. A estrutura \u00fanica deste protetor de fita impede que o ar fique preso no interior da fita durante a montagem da chapa.<\/p>\n<p><strong style=\"color: #000000; font-size: 24px;\">Compra em linha<\/strong><\/p>\n<h4><a href=\"https:\/\/solbi-mural.com\/pt\/fitas-adesivas-dupla-face\/519-tesa-fita-de-montagem-de-cliches-flexograficos-softprint-72024-rolo-25m-x-460mm.html\" target=\"_blank\" rel=\"noopener\"><span style=\"color: #3366ff;\">72024<\/span><\/a><\/h4>\n<p>&nbsp;<\/p>\n<h4><strong>Caracter\u00edsticas<\/strong><\/h4>\n<ul>\n<li>A fita adesiva Tesa\u00ae Softprint 72024 Steelmaster \u00e9 ideal para a montagem de fotopol\u00edmeros.<\/li>\n<li>Material de suporte em espuma PE de alta compress\u00e3o e alta recupera\u00e7\u00e3o com uma pel\u00edcula laminada para uma excelente capacidade de impress\u00e3o.<\/li>\n<li>Recupera\u00e7\u00e3o de longa dura\u00e7\u00e3o para trabalhos de impress\u00e3o a alta velocidade<\/li>\n<li>Alta ader\u00eancia que adere ao cilindro de a\u00e7o, alum\u00ednio, PU ou manga para evitar qualquer movimento da chapa.<\/li>\n<li>Forro de polipropileno com micro-ranhuras para evitar bolhas de ar durante a montagem da chapa<\/li>\n<li>Adesivo acr\u00edlico modificado com uma estrutura altamente coesiva para uma desmontagem sem res\u00edduos<\/li>\n<li>Espessura total de 550 \u00b5m<\/li>\n<li>Oferece uma elevada flexibilidade<\/li>\n<\/ul>\n<p><strong style=\"font-size: 1.3em;\">Aplica\u00e7\u00f5es <\/strong><\/p>\n<ul>\n<li>Esta fita foi concebida de forma ideal para a montagem de fotopol\u00edmeros.<\/li>\n<li>Alta ader\u00eancia que adere ao cilindro de a\u00e7o, alum\u00ednio, PU ou manga para evitar qualquer movimento da placa.<\/li>\n<\/ul>\n<h4><strong>Produtos similares<\/strong><\/h4>\n<ul>\n<li style=\"list-style-type: none;\">\n<ul>\n<li><a href=\"https:\/\/distribuidorcintastesa.es\/pt-pt\/producto\/fita-dupla-face-tesa-52330\/\" target=\"_blank\" rel=\"noopener\">52330<\/a><\/li>\n<\/ul>\n<\/li>\n<\/ul>\n","protected":false},"excerpt":{"rendered":"<p>A fita Steelmaster Tesa\u00ae Softprint 72024 \u00e9 uma fita de espuma de dupla face especificamente concebida para a montagem de fotopol\u00edmeros de 1,14 mm (0,045\u201c) e 1,70 mm (0,067\u201d) em impress\u00e3o flexogr\u00e1fica. Tem um design cl\u00e1ssico. Ideal para processos de impress\u00e3o de alta qualidade com uma combina\u00e7\u00e3o de meios-tons, em rolos de a\u00e7o, alum\u00ednio, PU [&hellip;]<\/p>\n","protected":false},"featured_media":7733,"template":"","meta":{"site-sidebar-layout":"default","site-content-layout":"","ast-site-content-layout":"default","site-content-style":"default","site-sidebar-style":"default","ast-global-header-display":"","ast-banner-title-visibility":"","ast-main-header-display":"","ast-hfb-above-header-display":"","ast-hfb-below-header-display":"","ast-hfb-mobile-header-display":"","site-post-title":"","ast-breadcrumbs-content":"","ast-featured-img":"","footer-sml-layout":"","ast-disable-related-posts":"","theme-transparent-header-meta":"default","adv-header-id-meta":"","stick-header-meta":"","header-above-stick-meta":"","header-main-stick-meta":"","header-below-stick-meta":"","astra-migrate-meta-layouts":"set","ast-page-background-enabled":"default","ast-page-background-meta":{"desktop":{"background-color":"","background-image":"","background-repeat":"repeat","background-position":"center center","background-size":"auto","background-attachment":"scroll","background-type":"","background-media":"","overlay-type":"","overlay-color":"","overlay-opacity":"","overlay-gradient":""},"tablet":{"background-color":"","background-image":"","background-repeat":"repeat","background-position":"center center","background-size":"auto","background-attachment":"scroll","background-type":"","background-media":"","overlay-type":"","overlay-color":"","overlay-opacity":"","overlay-gradient":""},"mobile":{"background-color":"","background-image":"","background-repeat":"repeat","background-position":"center center","background-size":"auto","background-attachment":"scroll","background-type":"","background-media":"","overlay-type":"","overlay-color":"","overlay-opacity":"","overlay-gradient":""}},"ast-content-background-meta":{"desktop":{"background-color":"var(--ast-global-color-5)","background-image":"","background-repeat":"repeat","background-position":"center center","background-size":"auto","background-attachment":"scroll","background-type":"","background-media":"","overlay-type":"","overlay-color":"","overlay-opacity":"","overlay-gradient":""},"tablet":{"background-color":"var(--ast-global-color-5)","background-image":"","background-repeat":"repeat","background-position":"center center","background-size":"auto","background-attachment":"scroll","background-type":"","background-media":"","overlay-type":"","overlay-color":"","overlay-opacity":"","overlay-gradient":""},"mobile":{"background-color":"var(--ast-global-color-5)","background-image":"","background-repeat":"repeat","background-position":"center center","background-size":"auto","background-attachment":"scroll","background-type":"","background-media":"","overlay-type":"","overlay-color":"","overlay-opacity":"","overlay-gradient":""}}},"product_brand":[],"product_cat":[3829],"product_tag":[],"class_list":{"0":"post-7729","1":"product","2":"type-product","3":"status-publish","4":"has-post-thumbnail","6":"product_cat-fita-adesiva-dupla-face-artes-graficas-pt-pt","7":"desktop-align-center","8":"tablet-align-center","9":"mobile-align-center","11":"first","12":"instock","13":"shipping-taxable","14":"product-type-simple"},"yoast_head":"<!-- This site is optimized with the Yoast SEO Premium plugin v27.2 (Yoast SEO v27.2) - https:\/\/yoast.com\/product\/yoast-seo-premium-wordpress\/ -->\n<title>Fita Steelmaster Tesa\u00ae Softprint 72024<\/title>\n<meta name=\"description\" content=\"Fita Steelmaster Tesa\u00ae Softprint 72024 especificamente concebido para a montagem de fotopol\u00edmeros na impress\u00e3o flexogr\u00e1fica cl\u00e1ssica.\" \/>\n<meta name=\"robots\" content=\"index, follow, max-snippet:-1, max-image-preview:large, max-video-preview:-1\" \/>\n<link rel=\"canonical\" href=\"https:\/\/distribuidorcintastesa.es\/pt-pt\/producto\/fita-steelmaster-tesa-softprint-72024\/\" \/>\n<meta property=\"og:locale\" content=\"pt_PT\" \/>\n<meta property=\"og:type\" content=\"article\" \/>\n<meta property=\"og:title\" content=\"Fita Steelmaster Tesa\u00ae Softprint 72024\" \/>\n<meta property=\"og:description\" content=\"Fita Steelmaster Tesa\u00ae Softprint 72024 especificamente concebido para a montagem de fotopol\u00edmeros na impress\u00e3o flexogr\u00e1fica cl\u00e1ssica.\" \/>\n<meta property=\"og:url\" content=\"https:\/\/distribuidorcintastesa.es\/pt-pt\/producto\/fita-steelmaster-tesa-softprint-72024\/\" \/>\n<meta property=\"og:site_name\" content=\"Distribuidor de cintas tesa, cintas tesa, tesa cintas, distribuidor tesa, tesa productos, productos tesa, tesa distribuidores, http:\/\/www.http:\/\/distribuidorcintas3m.es, Mejores ofertas en cintas\" \/>\n<meta property=\"article:modified_time\" content=\"2024-10-15T11:30:42+00:00\" \/>\n<meta property=\"og:image\" content=\"https:\/\/distribuidorcintastesa.es\/wp-content\/uploads\/2024\/10\/Cinta-Tesa-Softprint-72024-Steelmaster.jpg\" \/>\n\t<meta property=\"og:image:width\" content=\"800\" \/>\n\t<meta property=\"og:image:height\" content=\"800\" \/>\n\t<meta property=\"og:image:type\" content=\"image\/jpeg\" \/>\n<meta name=\"twitter:card\" content=\"summary_large_image\" \/>\n<meta name=\"twitter:label1\" content=\"Tempo estimado de leitura\" \/>\n\t<meta name=\"twitter:data1\" content=\"2 minutos\" \/>\n<script type=\"application\/ld+json\" class=\"yoast-schema-graph\">{\"@context\":\"https:\/\/schema.org\",\"@graph\":[{\"@type\":\"WebPage\",\"@id\":\"https:\/\/distribuidorcintastesa.es\/pt-pt\/producto\/fita-steelmaster-tesa-softprint-72024\/\",\"url\":\"https:\/\/distribuidorcintastesa.es\/pt-pt\/producto\/fita-steelmaster-tesa-softprint-72024\/\",\"name\":\"Fita Steelmaster Tesa\u00ae Softprint 72024\",\"isPartOf\":{\"@id\":\"https:\/\/distribuidorcintastesa.es\/pt-pt\/#website\"},\"primaryImageOfPage\":{\"@id\":\"https:\/\/distribuidorcintastesa.es\/pt-pt\/producto\/fita-steelmaster-tesa-softprint-72024\/#primaryimage\"},\"image\":{\"@id\":\"https:\/\/distribuidorcintastesa.es\/pt-pt\/producto\/fita-steelmaster-tesa-softprint-72024\/#primaryimage\"},\"thumbnailUrl\":\"https:\/\/distribuidorcintastesa.es\/wp-content\/uploads\/2024\/10\/Cinta-Tesa-Softprint-72024-Steelmaster.jpg\",\"datePublished\":\"2024-10-15T11:15:36+00:00\",\"dateModified\":\"2024-10-15T11:30:42+00:00\",\"description\":\"Fita Steelmaster Tesa\u00ae Softprint 72024 especificamente concebido para a montagem de fotopol\u00edmeros na impress\u00e3o flexogr\u00e1fica cl\u00e1ssica.\",\"breadcrumb\":{\"@id\":\"https:\/\/distribuidorcintastesa.es\/pt-pt\/producto\/fita-steelmaster-tesa-softprint-72024\/#breadcrumb\"},\"inLanguage\":\"pt-PT\",\"potentialAction\":[{\"@type\":\"ReadAction\",\"target\":[\"https:\/\/distribuidorcintastesa.es\/pt-pt\/producto\/fita-steelmaster-tesa-softprint-72024\/\"]}]},{\"@type\":\"ImageObject\",\"inLanguage\":\"pt-PT\",\"@id\":\"https:\/\/distribuidorcintastesa.es\/pt-pt\/producto\/fita-steelmaster-tesa-softprint-72024\/#primaryimage\",\"url\":\"https:\/\/distribuidorcintastesa.es\/wp-content\/uploads\/2024\/10\/Cinta-Tesa-Softprint-72024-Steelmaster.jpg\",\"contentUrl\":\"https:\/\/distribuidorcintastesa.es\/wp-content\/uploads\/2024\/10\/Cinta-Tesa-Softprint-72024-Steelmaster.jpg\",\"width\":800,\"height\":800,\"caption\":\"Cinta Tesa Softprint 72024 Steelmaster\"},{\"@type\":\"BreadcrumbList\",\"@id\":\"https:\/\/distribuidorcintastesa.es\/pt-pt\/producto\/fita-steelmaster-tesa-softprint-72024\/#breadcrumb\",\"itemListElement\":[{\"@type\":\"ListItem\",\"position\":1,\"name\":\"Portada\",\"item\":\"https:\/\/distribuidorcintastesa.es\/pt-pt\/\"},{\"@type\":\"ListItem\",\"position\":2,\"name\":\"Produtos\",\"item\":\"https:\/\/distribuidorcintastesa.es\/pt-pt\/produtos\/\"},{\"@type\":\"ListItem\",\"position\":3,\"name\":\"Fita Steelmaster Tesa\u00ae Softprint 72024\"}]},{\"@type\":\"WebSite\",\"@id\":\"https:\/\/distribuidorcintastesa.es\/pt-pt\/#website\",\"url\":\"https:\/\/distribuidorcintastesa.es\/pt-pt\/\",\"name\":\"Distribuidor de cintas tesa\",\"description\":\"Distribuidor de cintas tesa, cintas tesa, tesa cintas, distribuidor tesa, tesa productos, productos tesa, tesa distribuidores, cintas y adhesivos, tesa cinta doble cara, cinta tesa doble cara, adhesivos tesa, cinta antideslizante, velcro tesa, cinta reflectante, tesa supergen, softprint, cinta doble cara tesa, selladores y adhesivos, cintas adhesivas de doble cara, cintas de aluminio, cintas de vinilo para se\u00f1alizaci\u00f3n, cintas de tela americanas, cintas de papel para enmascarar, cintas para embalaje\",\"publisher\":{\"@id\":\"https:\/\/distribuidorcintastesa.es\/pt-pt\/#organization\"},\"potentialAction\":[{\"@type\":\"SearchAction\",\"target\":{\"@type\":\"EntryPoint\",\"urlTemplate\":\"https:\/\/distribuidorcintastesa.es\/pt-pt\/?s={search_term_string}\"},\"query-input\":{\"@type\":\"PropertyValueSpecification\",\"valueRequired\":true,\"valueName\":\"search_term_string\"}}],\"inLanguage\":\"pt-PT\"},{\"@type\":\"Organization\",\"@id\":\"https:\/\/distribuidorcintastesa.es\/pt-pt\/#organization\",\"name\":\"Distribuidor de cintas tesa\",\"url\":\"https:\/\/distribuidorcintastesa.es\/pt-pt\/\",\"logo\":{\"@type\":\"ImageObject\",\"inLanguage\":\"pt-PT\",\"@id\":\"https:\/\/distribuidorcintastesa.es\/pt-pt\/#\/schema\/logo\/image\/\",\"url\":\"https:\/\/distribuidorcintastesa.es\/wp-content\/uploads\/2022\/10\/logo-espanol-portugues.png\",\"contentUrl\":\"https:\/\/distribuidorcintastesa.es\/wp-content\/uploads\/2022\/10\/logo-espanol-portugues.png\",\"width\":871,\"height\":142,\"caption\":\"Distribuidor de cintas tesa\"},\"image\":{\"@id\":\"https:\/\/distribuidorcintastesa.es\/pt-pt\/#\/schema\/logo\/image\/\"},\"sameAs\":[\"https:\/\/muralsrd.com\/\",\"https:\/\/solbi-mural.com\/es\/\",\"https:\/\/distribuidor-cintas-adhesivas.es\",\"https:\/\/www.instagram.com\/solbimural\/?igsh=ZnR6ZmkzZm1ubWhl\"]}]}<\/script>\n<!-- \/ Yoast SEO Premium plugin. -->","yoast_head_json":{"title":"Fita Steelmaster Tesa\u00ae Softprint 72024","description":"Fita Steelmaster Tesa\u00ae Softprint 72024 especificamente concebido para a montagem de fotopol\u00edmeros na impress\u00e3o flexogr\u00e1fica cl\u00e1ssica.","robots":{"index":"index","follow":"follow","max-snippet":"max-snippet:-1","max-image-preview":"max-image-preview:large","max-video-preview":"max-video-preview:-1"},"canonical":"https:\/\/distribuidorcintastesa.es\/pt-pt\/producto\/fita-steelmaster-tesa-softprint-72024\/","og_locale":"pt_PT","og_type":"article","og_title":"Fita Steelmaster Tesa\u00ae Softprint 72024","og_description":"Fita Steelmaster Tesa\u00ae Softprint 72024 especificamente concebido para a montagem de fotopol\u00edmeros na impress\u00e3o flexogr\u00e1fica cl\u00e1ssica.","og_url":"https:\/\/distribuidorcintastesa.es\/pt-pt\/producto\/fita-steelmaster-tesa-softprint-72024\/","og_site_name":"Distribuidor de cintas tesa, cintas tesa, tesa cintas, distribuidor tesa, tesa productos, productos tesa, tesa distribuidores, http:\/\/www.http:\/\/distribuidorcintas3m.es, Mejores ofertas en cintas","article_modified_time":"2024-10-15T11:30:42+00:00","og_image":[{"width":800,"height":800,"url":"https:\/\/distribuidorcintastesa.es\/wp-content\/uploads\/2024\/10\/Cinta-Tesa-Softprint-72024-Steelmaster.jpg","type":"image\/jpeg"}],"twitter_card":"summary_large_image","twitter_misc":{"Tempo estimado de leitura":"2 minutos"},"schema":{"@context":"https:\/\/schema.org","@graph":[{"@type":"WebPage","@id":"https:\/\/distribuidorcintastesa.es\/pt-pt\/producto\/fita-steelmaster-tesa-softprint-72024\/","url":"https:\/\/distribuidorcintastesa.es\/pt-pt\/producto\/fita-steelmaster-tesa-softprint-72024\/","name":"Fita Steelmaster Tesa\u00ae Softprint 72024","isPartOf":{"@id":"https:\/\/distribuidorcintastesa.es\/pt-pt\/#website"},"primaryImageOfPage":{"@id":"https:\/\/distribuidorcintastesa.es\/pt-pt\/producto\/fita-steelmaster-tesa-softprint-72024\/#primaryimage"},"image":{"@id":"https:\/\/distribuidorcintastesa.es\/pt-pt\/producto\/fita-steelmaster-tesa-softprint-72024\/#primaryimage"},"thumbnailUrl":"https:\/\/distribuidorcintastesa.es\/wp-content\/uploads\/2024\/10\/Cinta-Tesa-Softprint-72024-Steelmaster.jpg","datePublished":"2024-10-15T11:15:36+00:00","dateModified":"2024-10-15T11:30:42+00:00","description":"Fita Steelmaster Tesa\u00ae Softprint 72024 especificamente concebido para a montagem de fotopol\u00edmeros na impress\u00e3o flexogr\u00e1fica cl\u00e1ssica.","breadcrumb":{"@id":"https:\/\/distribuidorcintastesa.es\/pt-pt\/producto\/fita-steelmaster-tesa-softprint-72024\/#breadcrumb"},"inLanguage":"pt-PT","potentialAction":[{"@type":"ReadAction","target":["https:\/\/distribuidorcintastesa.es\/pt-pt\/producto\/fita-steelmaster-tesa-softprint-72024\/"]}]},{"@type":"ImageObject","inLanguage":"pt-PT","@id":"https:\/\/distribuidorcintastesa.es\/pt-pt\/producto\/fita-steelmaster-tesa-softprint-72024\/#primaryimage","url":"https:\/\/distribuidorcintastesa.es\/wp-content\/uploads\/2024\/10\/Cinta-Tesa-Softprint-72024-Steelmaster.jpg","contentUrl":"https:\/\/distribuidorcintastesa.es\/wp-content\/uploads\/2024\/10\/Cinta-Tesa-Softprint-72024-Steelmaster.jpg","width":800,"height":800,"caption":"Cinta Tesa Softprint 72024 Steelmaster"},{"@type":"BreadcrumbList","@id":"https:\/\/distribuidorcintastesa.es\/pt-pt\/producto\/fita-steelmaster-tesa-softprint-72024\/#breadcrumb","itemListElement":[{"@type":"ListItem","position":1,"name":"Portada","item":"https:\/\/distribuidorcintastesa.es\/pt-pt\/"},{"@type":"ListItem","position":2,"name":"Produtos","item":"https:\/\/distribuidorcintastesa.es\/pt-pt\/produtos\/"},{"@type":"ListItem","position":3,"name":"Fita Steelmaster Tesa\u00ae Softprint 72024"}]},{"@type":"WebSite","@id":"https:\/\/distribuidorcintastesa.es\/pt-pt\/#website","url":"https:\/\/distribuidorcintastesa.es\/pt-pt\/","name":"Distribuidor de cintas tesa","description":"Distribuidor de cintas tesa, cintas tesa, tesa cintas, distribuidor tesa, tesa productos, productos tesa, tesa distribuidores, cintas y adhesivos, tesa cinta doble cara, cinta tesa doble cara, adhesivos tesa, cinta antideslizante, velcro tesa, cinta reflectante, tesa supergen, softprint, cinta doble cara tesa, selladores y adhesivos, cintas adhesivas de doble cara, cintas de aluminio, cintas de vinilo para se\u00f1alizaci\u00f3n, cintas de tela americanas, cintas de papel para enmascarar, cintas para embalaje","publisher":{"@id":"https:\/\/distribuidorcintastesa.es\/pt-pt\/#organization"},"potentialAction":[{"@type":"SearchAction","target":{"@type":"EntryPoint","urlTemplate":"https:\/\/distribuidorcintastesa.es\/pt-pt\/?s={search_term_string}"},"query-input":{"@type":"PropertyValueSpecification","valueRequired":true,"valueName":"search_term_string"}}],"inLanguage":"pt-PT"},{"@type":"Organization","@id":"https:\/\/distribuidorcintastesa.es\/pt-pt\/#organization","name":"Distribuidor de cintas tesa","url":"https:\/\/distribuidorcintastesa.es\/pt-pt\/","logo":{"@type":"ImageObject","inLanguage":"pt-PT","@id":"https:\/\/distribuidorcintastesa.es\/pt-pt\/#\/schema\/logo\/image\/","url":"https:\/\/distribuidorcintastesa.es\/wp-content\/uploads\/2022\/10\/logo-espanol-portugues.png","contentUrl":"https:\/\/distribuidorcintastesa.es\/wp-content\/uploads\/2022\/10\/logo-espanol-portugues.png","width":871,"height":142,"caption":"Distribuidor de cintas tesa"},"image":{"@id":"https:\/\/distribuidorcintastesa.es\/pt-pt\/#\/schema\/logo\/image\/"},"sameAs":["https:\/\/muralsrd.com\/","https:\/\/solbi-mural.com\/es\/","https:\/\/distribuidor-cintas-adhesivas.es","https:\/\/www.instagram.com\/solbimural\/?igsh=ZnR6ZmkzZm1ubWhl"]}]}},"_links":{"self":[{"href":"https:\/\/distribuidorcintastesa.es\/pt-pt\/wp-json\/wp\/v2\/product\/7729","targetHints":{"allow":["GET"]}}],"collection":[{"href":"https:\/\/distribuidorcintastesa.es\/pt-pt\/wp-json\/wp\/v2\/product"}],"about":[{"href":"https:\/\/distribuidorcintastesa.es\/pt-pt\/wp-json\/wp\/v2\/types\/product"}],"wp:featuredmedia":[{"embeddable":true,"href":"https:\/\/distribuidorcintastesa.es\/pt-pt\/wp-json\/wp\/v2\/media\/7733"}],"wp:attachment":[{"href":"https:\/\/distribuidorcintastesa.es\/pt-pt\/wp-json\/wp\/v2\/media?parent=7729"}],"wp:term":[{"taxonomy":"product_brand","embeddable":true,"href":"https:\/\/distribuidorcintastesa.es\/pt-pt\/wp-json\/wp\/v2\/product_brand?post=7729"},{"taxonomy":"product_cat","embeddable":true,"href":"https:\/\/distribuidorcintastesa.es\/pt-pt\/wp-json\/wp\/v2\/product_cat?post=7729"},{"taxonomy":"product_tag","embeddable":true,"href":"https:\/\/distribuidorcintastesa.es\/pt-pt\/wp-json\/wp\/v2\/product_tag?post=7729"}],"curies":[{"name":"wp","href":"https:\/\/api.w.org\/{rel}","templated":true}]}}