{"id":7701,"date":"2024-09-30T12:48:25","date_gmt":"2024-09-30T12:48:25","guid":{"rendered":"https:\/\/distribuidorcintastesa.es\/producto\/fita-nao-tecida-tesa-52210\/"},"modified":"2024-10-01T14:44:06","modified_gmt":"2024-10-01T14:44:06","slug":"fita-nao-tecida-tesa-52210","status":"publish","type":"product","link":"https:\/\/distribuidorcintastesa.es\/pt-pt\/producto\/fita-nao-tecida-tesa-52210\/","title":{"rendered":"Fita n\u00e3o tecida Tesa 52210"},"content":{"rendered":"<p>A fita n\u00e3o tecida Tesa 52210 possui um adesivo acr\u00edlico conform\u00e1vel \u00e0 base de \u00e1gua para obter bons resultados em formas 3D. Foi especificamente concebida para uma multiplicidade de aplica\u00e7\u00f5es exigentes de lamina\u00e7\u00e3o e convers\u00e3o. \u00c9 ideal para satisfazer os requisitos do interior de ve\u00edculos devido \u00e0s suas baixas emiss\u00f5es de COV. Adequado para a lamina\u00e7\u00e3o exigente de interiores de autom\u00f3veis, lamina\u00e7\u00e3o em superf\u00edcies de espuma, velo e feltro, lamina\u00e7\u00e3o NVH (preven\u00e7\u00e3o de ru\u00eddo, vibra\u00e7\u00e3o e cablagem, zumbido, rangido e chocalho), montagem de sistemas de pavimentos.<\/p>\n<p><strong style=\"color: #000000; font-size: 24px;\">Compra em linha<\/strong><\/p>\n<h4><a href=\"https:\/\/solbi-mural.com\/pt\/tesa-fita-dupla-face\/406-tesa-fita-nao-tecida-dupla-face-52210-amarela-laminacao-de-tecido-e-plastico-rolo-de-100m.html\" target=\"_blank\" rel=\"noopener\"><span style=\"color: #3366ff;\">52210<\/span><\/a><\/h4>\n<p>&nbsp;<\/p>\n<p>Dispon\u00edvel em diferentes comprimentos e larguras. Tamb\u00e9m dispon\u00edvel em 150\u00b5m com a refer\u00eancia 52215.<\/p>\n<h4><strong>Caracter\u00edsticas<\/strong><\/h4>\n<ul>\n<li>Resist\u00eancia a temperaturas m\u00ednimas de -40\u00b0C a 200\u00b0C a curto prazo e at\u00e9 80\u00b0C a longo prazo.<\/li>\n<li>Boa resist\u00eancia \u00e0 humidade e \u00e0 ader\u00eancia<\/li>\n<li>A Fita N\u00e3o Tecida 52210 da Tesa tem uma resist\u00eancia muito boa ao envelhecimento (UV).<\/li>\n<li>Possui um adesivo acr\u00edlico \u00e0 base de \u00e1gua que tem uma boa ader\u00eancia em diferentes materiais.<\/li>\n<li>Esta fita pode ser cortada devido \u00e0s suas excelentes propriedades e ao suporte n\u00e3o tecido.<\/li>\n<li>Material de suporte fibra n\u00e3o tecida<\/li>\n<li>Espessura total 100 \u00b5m<\/li>\n<li>Altamente conform\u00e1vel<\/li>\n<li>Cor da fita\/adesivo transl\u00facido<\/li>\n<\/ul>\n<p><strong style=\"font-size: 1.3em;\">Aplica\u00e7\u00f5es <\/strong><\/p>\n<ul>\n<li>Esta fita foi concebida para aplica\u00e7\u00f5es em interiores de autom\u00f3veis devido \u00e0s suas baixas emiss\u00f5es de COV, exigindo a lamina\u00e7\u00e3o de interiores de autom\u00f3veis, lamina\u00e7\u00e3o em superf\u00edcies de espuma, velo e feltro, lamina\u00e7\u00e3o NVH (ru\u00eddo, vibra\u00e7\u00e3o e cablagem, preven\u00e7\u00e3o de zumbidos, rangidos e chocalhos), montagem de sistemas de pavimentos.<\/li>\n<li>Adequado para interiores de autom\u00f3veis<\/li>\n<li>Boa ader\u00eancia inicial<\/li>\n<\/ul>\n<h4><strong>Outros produtos<\/strong><\/h4>\n<ul>\n<li style=\"list-style-type: none;\">\n<ul>\n<li><a href=\"https:\/\/distribuidorcintastesa.es\/pt-pt\/produtos\/\" target=\"_blank\" rel=\"noopener\">Cat\u00e1logo<\/a><\/li>\n<\/ul>\n<\/li>\n<\/ul>\n","protected":false},"excerpt":{"rendered":"<p>A fita n\u00e3o tecida Tesa 52210 possui um adesivo acr\u00edlico conform\u00e1vel \u00e0 base de \u00e1gua para obter bons resultados em formas 3D. Foi especificamente concebida para uma multiplicidade de aplica\u00e7\u00f5es exigentes de lamina\u00e7\u00e3o e convers\u00e3o. \u00c9 ideal para satisfazer os requisitos do interior de ve\u00edculos devido \u00e0s suas baixas emiss\u00f5es de COV. Adequado para a [&hellip;]<\/p>\n","protected":false},"featured_media":7696,"template":"","meta":{"site-sidebar-layout":"default","site-content-layout":"","ast-site-content-layout":"default","site-content-style":"default","site-sidebar-style":"default","ast-global-header-display":"","ast-banner-title-visibility":"","ast-main-header-display":"","ast-hfb-above-header-display":"","ast-hfb-below-header-display":"","ast-hfb-mobile-header-display":"","site-post-title":"","ast-breadcrumbs-content":"","ast-featured-img":"","footer-sml-layout":"","ast-disable-related-posts":"","theme-transparent-header-meta":"default","adv-header-id-meta":"","stick-header-meta":"","header-above-stick-meta":"","header-main-stick-meta":"","header-below-stick-meta":"","astra-migrate-meta-layouts":"set","ast-page-background-enabled":"default","ast-page-background-meta":{"desktop":{"background-color":"","background-image":"","background-repeat":"repeat","background-position":"center center","background-size":"auto","background-attachment":"scroll","background-type":"","background-media":"","overlay-type":"","overlay-color":"","overlay-opacity":"","overlay-gradient":""},"tablet":{"background-color":"","background-image":"","background-repeat":"repeat","background-position":"center center","background-size":"auto","background-attachment":"scroll","background-type":"","background-media":"","overlay-type":"","overlay-color":"","overlay-opacity":"","overlay-gradient":""},"mobile":{"background-color":"","background-image":"","background-repeat":"repeat","background-position":"center center","background-size":"auto","background-attachment":"scroll","background-type":"","background-media":"","overlay-type":"","overlay-color":"","overlay-opacity":"","overlay-gradient":""}},"ast-content-background-meta":{"desktop":{"background-color":"var(--ast-global-color-5)","background-image":"","background-repeat":"repeat","background-position":"center center","background-size":"auto","background-attachment":"scroll","background-type":"","background-media":"","overlay-type":"","overlay-color":"","overlay-opacity":"","overlay-gradient":""},"tablet":{"background-color":"var(--ast-global-color-5)","background-image":"","background-repeat":"repeat","background-position":"center center","background-size":"auto","background-attachment":"scroll","background-type":"","background-media":"","overlay-type":"","overlay-color":"","overlay-opacity":"","overlay-gradient":""},"mobile":{"background-color":"var(--ast-global-color-5)","background-image":"","background-repeat":"repeat","background-position":"center center","background-size":"auto","background-attachment":"scroll","background-type":"","background-media":"","overlay-type":"","overlay-color":"","overlay-opacity":"","overlay-gradient":""}}},"product_brand":[],"product_cat":[151],"product_tag":[3814,3813,3812],"class_list":{"0":"post-7701","1":"product","2":"type-product","3":"status-publish","4":"has-post-thumbnail","6":"product_cat-fita-de-fibra-nao-tecida-de-dupla-face","7":"product_tag-fita-adesiva-tesa-52210","8":"product_tag-fita-de-laminacao","9":"product_tag-fita-para-interiores-de-veiculos","10":"desktop-align-center","11":"tablet-align-center","12":"mobile-align-center","14":"first","15":"instock","16":"shipping-taxable","17":"product-type-simple"},"yoast_head":"<!-- This site is optimized with the Yoast SEO Premium plugin v27.2 (Yoast SEO v27.2) - https:\/\/yoast.com\/product\/yoast-seo-premium-wordpress\/ -->\n<title>Fita n\u00e3o tecida Tesa 52210<\/title>\n<meta name=\"description\" content=\"Fita n\u00e3o tecida Tesa 52210 adequado para lamina\u00e7\u00e3o de interiores de autom\u00f3veis, lamina\u00e7\u00e3o em superf\u00edcies de espuma, velo e feltro ou para NVH.\" \/>\n<meta name=\"robots\" content=\"index, follow, max-snippet:-1, max-image-preview:large, max-video-preview:-1\" \/>\n<link rel=\"canonical\" href=\"https:\/\/distribuidorcintastesa.es\/pt-pt\/producto\/fita-nao-tecida-tesa-52210\/\" \/>\n<meta property=\"og:locale\" content=\"pt_PT\" \/>\n<meta property=\"og:type\" content=\"article\" \/>\n<meta property=\"og:title\" content=\"Fita n\u00e3o tecida Tesa 52210\" \/>\n<meta property=\"og:description\" content=\"Fita n\u00e3o tecida Tesa 52210 adequado para lamina\u00e7\u00e3o de interiores de autom\u00f3veis, lamina\u00e7\u00e3o em superf\u00edcies de espuma, velo e feltro ou para NVH.\" \/>\n<meta property=\"og:url\" content=\"https:\/\/distribuidorcintastesa.es\/pt-pt\/producto\/fita-nao-tecida-tesa-52210\/\" \/>\n<meta property=\"og:site_name\" content=\"Distribuidor de cintas tesa, cintas tesa, tesa cintas, distribuidor tesa, tesa productos, productos tesa, tesa distribuidores, http:\/\/www.http:\/\/distribuidorcintas3m.es, Mejores ofertas en cintas\" \/>\n<meta property=\"article:modified_time\" content=\"2024-10-01T14:44:06+00:00\" \/>\n<meta property=\"og:image\" content=\"https:\/\/distribuidorcintastesa.es\/wp-content\/uploads\/2024\/09\/Cinta-no-tejida-Tesa-52210.jpg\" \/>\n\t<meta property=\"og:image:width\" content=\"800\" \/>\n\t<meta property=\"og:image:height\" content=\"800\" \/>\n\t<meta property=\"og:image:type\" content=\"image\/jpeg\" \/>\n<meta name=\"twitter:card\" content=\"summary_large_image\" \/>\n<meta name=\"twitter:label1\" content=\"Tempo estimado de leitura\" \/>\n\t<meta name=\"twitter:data1\" content=\"2 minutos\" \/>\n<script type=\"application\/ld+json\" class=\"yoast-schema-graph\">{\"@context\":\"https:\/\/schema.org\",\"@graph\":[{\"@type\":\"WebPage\",\"@id\":\"https:\/\/distribuidorcintastesa.es\/pt-pt\/producto\/fita-nao-tecida-tesa-52210\/\",\"url\":\"https:\/\/distribuidorcintastesa.es\/pt-pt\/producto\/fita-nao-tecida-tesa-52210\/\",\"name\":\"Fita n\u00e3o tecida Tesa 52210\",\"isPartOf\":{\"@id\":\"https:\/\/distribuidorcintastesa.es\/pt-pt\/#website\"},\"primaryImageOfPage\":{\"@id\":\"https:\/\/distribuidorcintastesa.es\/pt-pt\/producto\/fita-nao-tecida-tesa-52210\/#primaryimage\"},\"image\":{\"@id\":\"https:\/\/distribuidorcintastesa.es\/pt-pt\/producto\/fita-nao-tecida-tesa-52210\/#primaryimage\"},\"thumbnailUrl\":\"https:\/\/distribuidorcintastesa.es\/wp-content\/uploads\/2024\/09\/Cinta-no-tejida-Tesa-52210.jpg\",\"datePublished\":\"2024-09-30T12:48:25+00:00\",\"dateModified\":\"2024-10-01T14:44:06+00:00\",\"description\":\"Fita n\u00e3o tecida Tesa 52210 adequado para lamina\u00e7\u00e3o de interiores de autom\u00f3veis, lamina\u00e7\u00e3o em superf\u00edcies de espuma, velo e feltro ou para NVH.\",\"breadcrumb\":{\"@id\":\"https:\/\/distribuidorcintastesa.es\/pt-pt\/producto\/fita-nao-tecida-tesa-52210\/#breadcrumb\"},\"inLanguage\":\"pt-PT\",\"potentialAction\":[{\"@type\":\"ReadAction\",\"target\":[\"https:\/\/distribuidorcintastesa.es\/pt-pt\/producto\/fita-nao-tecida-tesa-52210\/\"]}]},{\"@type\":\"ImageObject\",\"inLanguage\":\"pt-PT\",\"@id\":\"https:\/\/distribuidorcintastesa.es\/pt-pt\/producto\/fita-nao-tecida-tesa-52210\/#primaryimage\",\"url\":\"https:\/\/distribuidorcintastesa.es\/wp-content\/uploads\/2024\/09\/Cinta-no-tejida-Tesa-52210.jpg\",\"contentUrl\":\"https:\/\/distribuidorcintastesa.es\/wp-content\/uploads\/2024\/09\/Cinta-no-tejida-Tesa-52210.jpg\",\"width\":800,\"height\":800,\"caption\":\"Fita n\u00e3o tecida Tesa 52210\"},{\"@type\":\"BreadcrumbList\",\"@id\":\"https:\/\/distribuidorcintastesa.es\/pt-pt\/producto\/fita-nao-tecida-tesa-52210\/#breadcrumb\",\"itemListElement\":[{\"@type\":\"ListItem\",\"position\":1,\"name\":\"Portada\",\"item\":\"https:\/\/distribuidorcintastesa.es\/pt-pt\/\"},{\"@type\":\"ListItem\",\"position\":2,\"name\":\"Produtos\",\"item\":\"https:\/\/distribuidorcintastesa.es\/pt-pt\/produtos\/\"},{\"@type\":\"ListItem\",\"position\":3,\"name\":\"Fita n\u00e3o tecida Tesa 52210\"}]},{\"@type\":\"WebSite\",\"@id\":\"https:\/\/distribuidorcintastesa.es\/pt-pt\/#website\",\"url\":\"https:\/\/distribuidorcintastesa.es\/pt-pt\/\",\"name\":\"Distribuidor de cintas tesa\",\"description\":\"Distribuidor de cintas tesa, cintas tesa, tesa cintas, distribuidor tesa, tesa productos, productos tesa, tesa distribuidores, cintas y adhesivos, tesa cinta doble cara, cinta tesa doble cara, adhesivos tesa, cinta antideslizante, velcro tesa, cinta reflectante, tesa supergen, softprint, cinta doble cara tesa, selladores y adhesivos, cintas adhesivas de doble cara, cintas de aluminio, cintas de vinilo para se\u00f1alizaci\u00f3n, cintas de tela americanas, cintas de papel para enmascarar, cintas para embalaje\",\"publisher\":{\"@id\":\"https:\/\/distribuidorcintastesa.es\/pt-pt\/#organization\"},\"potentialAction\":[{\"@type\":\"SearchAction\",\"target\":{\"@type\":\"EntryPoint\",\"urlTemplate\":\"https:\/\/distribuidorcintastesa.es\/pt-pt\/?s={search_term_string}\"},\"query-input\":{\"@type\":\"PropertyValueSpecification\",\"valueRequired\":true,\"valueName\":\"search_term_string\"}}],\"inLanguage\":\"pt-PT\"},{\"@type\":\"Organization\",\"@id\":\"https:\/\/distribuidorcintastesa.es\/pt-pt\/#organization\",\"name\":\"Distribuidor de cintas tesa\",\"url\":\"https:\/\/distribuidorcintastesa.es\/pt-pt\/\",\"logo\":{\"@type\":\"ImageObject\",\"inLanguage\":\"pt-PT\",\"@id\":\"https:\/\/distribuidorcintastesa.es\/pt-pt\/#\/schema\/logo\/image\/\",\"url\":\"https:\/\/distribuidorcintastesa.es\/wp-content\/uploads\/2022\/10\/logo-espanol-portugues.png\",\"contentUrl\":\"https:\/\/distribuidorcintastesa.es\/wp-content\/uploads\/2022\/10\/logo-espanol-portugues.png\",\"width\":871,\"height\":142,\"caption\":\"Distribuidor de cintas tesa\"},\"image\":{\"@id\":\"https:\/\/distribuidorcintastesa.es\/pt-pt\/#\/schema\/logo\/image\/\"},\"sameAs\":[\"https:\/\/muralsrd.com\/\",\"https:\/\/solbi-mural.com\/es\/\",\"https:\/\/distribuidor-cintas-adhesivas.es\",\"https:\/\/www.instagram.com\/solbimural\/?igsh=ZnR6ZmkzZm1ubWhl\"]}]}<\/script>\n<!-- \/ Yoast SEO Premium plugin. -->","yoast_head_json":{"title":"Fita n\u00e3o tecida Tesa 52210","description":"Fita n\u00e3o tecida Tesa 52210 adequado para lamina\u00e7\u00e3o de interiores de autom\u00f3veis, lamina\u00e7\u00e3o em superf\u00edcies de espuma, velo e feltro ou para NVH.","robots":{"index":"index","follow":"follow","max-snippet":"max-snippet:-1","max-image-preview":"max-image-preview:large","max-video-preview":"max-video-preview:-1"},"canonical":"https:\/\/distribuidorcintastesa.es\/pt-pt\/producto\/fita-nao-tecida-tesa-52210\/","og_locale":"pt_PT","og_type":"article","og_title":"Fita n\u00e3o tecida Tesa 52210","og_description":"Fita n\u00e3o tecida Tesa 52210 adequado para lamina\u00e7\u00e3o de interiores de autom\u00f3veis, lamina\u00e7\u00e3o em superf\u00edcies de espuma, velo e feltro ou para NVH.","og_url":"https:\/\/distribuidorcintastesa.es\/pt-pt\/producto\/fita-nao-tecida-tesa-52210\/","og_site_name":"Distribuidor de cintas tesa, cintas tesa, tesa cintas, distribuidor tesa, tesa productos, productos tesa, tesa distribuidores, http:\/\/www.http:\/\/distribuidorcintas3m.es, Mejores ofertas en cintas","article_modified_time":"2024-10-01T14:44:06+00:00","og_image":[{"width":800,"height":800,"url":"https:\/\/distribuidorcintastesa.es\/wp-content\/uploads\/2024\/09\/Cinta-no-tejida-Tesa-52210.jpg","type":"image\/jpeg"}],"twitter_card":"summary_large_image","twitter_misc":{"Tempo estimado de leitura":"2 minutos"},"schema":{"@context":"https:\/\/schema.org","@graph":[{"@type":"WebPage","@id":"https:\/\/distribuidorcintastesa.es\/pt-pt\/producto\/fita-nao-tecida-tesa-52210\/","url":"https:\/\/distribuidorcintastesa.es\/pt-pt\/producto\/fita-nao-tecida-tesa-52210\/","name":"Fita n\u00e3o tecida Tesa 52210","isPartOf":{"@id":"https:\/\/distribuidorcintastesa.es\/pt-pt\/#website"},"primaryImageOfPage":{"@id":"https:\/\/distribuidorcintastesa.es\/pt-pt\/producto\/fita-nao-tecida-tesa-52210\/#primaryimage"},"image":{"@id":"https:\/\/distribuidorcintastesa.es\/pt-pt\/producto\/fita-nao-tecida-tesa-52210\/#primaryimage"},"thumbnailUrl":"https:\/\/distribuidorcintastesa.es\/wp-content\/uploads\/2024\/09\/Cinta-no-tejida-Tesa-52210.jpg","datePublished":"2024-09-30T12:48:25+00:00","dateModified":"2024-10-01T14:44:06+00:00","description":"Fita n\u00e3o tecida Tesa 52210 adequado para lamina\u00e7\u00e3o de interiores de autom\u00f3veis, lamina\u00e7\u00e3o em superf\u00edcies de espuma, velo e feltro ou para NVH.","breadcrumb":{"@id":"https:\/\/distribuidorcintastesa.es\/pt-pt\/producto\/fita-nao-tecida-tesa-52210\/#breadcrumb"},"inLanguage":"pt-PT","potentialAction":[{"@type":"ReadAction","target":["https:\/\/distribuidorcintastesa.es\/pt-pt\/producto\/fita-nao-tecida-tesa-52210\/"]}]},{"@type":"ImageObject","inLanguage":"pt-PT","@id":"https:\/\/distribuidorcintastesa.es\/pt-pt\/producto\/fita-nao-tecida-tesa-52210\/#primaryimage","url":"https:\/\/distribuidorcintastesa.es\/wp-content\/uploads\/2024\/09\/Cinta-no-tejida-Tesa-52210.jpg","contentUrl":"https:\/\/distribuidorcintastesa.es\/wp-content\/uploads\/2024\/09\/Cinta-no-tejida-Tesa-52210.jpg","width":800,"height":800,"caption":"Fita n\u00e3o tecida Tesa 52210"},{"@type":"BreadcrumbList","@id":"https:\/\/distribuidorcintastesa.es\/pt-pt\/producto\/fita-nao-tecida-tesa-52210\/#breadcrumb","itemListElement":[{"@type":"ListItem","position":1,"name":"Portada","item":"https:\/\/distribuidorcintastesa.es\/pt-pt\/"},{"@type":"ListItem","position":2,"name":"Produtos","item":"https:\/\/distribuidorcintastesa.es\/pt-pt\/produtos\/"},{"@type":"ListItem","position":3,"name":"Fita n\u00e3o tecida Tesa 52210"}]},{"@type":"WebSite","@id":"https:\/\/distribuidorcintastesa.es\/pt-pt\/#website","url":"https:\/\/distribuidorcintastesa.es\/pt-pt\/","name":"Distribuidor de cintas tesa","description":"Distribuidor de cintas tesa, cintas tesa, tesa cintas, distribuidor tesa, tesa productos, productos tesa, tesa distribuidores, cintas y adhesivos, tesa cinta doble cara, cinta tesa doble cara, adhesivos tesa, cinta antideslizante, velcro tesa, cinta reflectante, tesa supergen, softprint, cinta doble cara tesa, selladores y adhesivos, cintas adhesivas de doble cara, cintas de aluminio, cintas de vinilo para se\u00f1alizaci\u00f3n, cintas de tela americanas, cintas de papel para enmascarar, cintas para embalaje","publisher":{"@id":"https:\/\/distribuidorcintastesa.es\/pt-pt\/#organization"},"potentialAction":[{"@type":"SearchAction","target":{"@type":"EntryPoint","urlTemplate":"https:\/\/distribuidorcintastesa.es\/pt-pt\/?s={search_term_string}"},"query-input":{"@type":"PropertyValueSpecification","valueRequired":true,"valueName":"search_term_string"}}],"inLanguage":"pt-PT"},{"@type":"Organization","@id":"https:\/\/distribuidorcintastesa.es\/pt-pt\/#organization","name":"Distribuidor de cintas tesa","url":"https:\/\/distribuidorcintastesa.es\/pt-pt\/","logo":{"@type":"ImageObject","inLanguage":"pt-PT","@id":"https:\/\/distribuidorcintastesa.es\/pt-pt\/#\/schema\/logo\/image\/","url":"https:\/\/distribuidorcintastesa.es\/wp-content\/uploads\/2022\/10\/logo-espanol-portugues.png","contentUrl":"https:\/\/distribuidorcintastesa.es\/wp-content\/uploads\/2022\/10\/logo-espanol-portugues.png","width":871,"height":142,"caption":"Distribuidor de cintas tesa"},"image":{"@id":"https:\/\/distribuidorcintastesa.es\/pt-pt\/#\/schema\/logo\/image\/"},"sameAs":["https:\/\/muralsrd.com\/","https:\/\/solbi-mural.com\/es\/","https:\/\/distribuidor-cintas-adhesivas.es","https:\/\/www.instagram.com\/solbimural\/?igsh=ZnR6ZmkzZm1ubWhl"]}]}},"_links":{"self":[{"href":"https:\/\/distribuidorcintastesa.es\/pt-pt\/wp-json\/wp\/v2\/product\/7701","targetHints":{"allow":["GET"]}}],"collection":[{"href":"https:\/\/distribuidorcintastesa.es\/pt-pt\/wp-json\/wp\/v2\/product"}],"about":[{"href":"https:\/\/distribuidorcintastesa.es\/pt-pt\/wp-json\/wp\/v2\/types\/product"}],"wp:featuredmedia":[{"embeddable":true,"href":"https:\/\/distribuidorcintastesa.es\/pt-pt\/wp-json\/wp\/v2\/media\/7696"}],"wp:attachment":[{"href":"https:\/\/distribuidorcintastesa.es\/pt-pt\/wp-json\/wp\/v2\/media?parent=7701"}],"wp:term":[{"taxonomy":"product_brand","embeddable":true,"href":"https:\/\/distribuidorcintastesa.es\/pt-pt\/wp-json\/wp\/v2\/product_brand?post=7701"},{"taxonomy":"product_cat","embeddable":true,"href":"https:\/\/distribuidorcintastesa.es\/pt-pt\/wp-json\/wp\/v2\/product_cat?post=7701"},{"taxonomy":"product_tag","embeddable":true,"href":"https:\/\/distribuidorcintastesa.es\/pt-pt\/wp-json\/wp\/v2\/product_tag?post=7701"}],"curies":[{"name":"wp","href":"https:\/\/api.w.org\/{rel}","templated":true}]}}