{"id":7672,"date":"2024-09-11T10:56:53","date_gmt":"2024-09-11T10:56:53","guid":{"rendered":"https:\/\/distribuidorcintastesa.es\/producto\/fita-de-aluminio-tesa-50565\/"},"modified":"2024-09-25T15:32:30","modified_gmt":"2024-09-25T15:32:30","slug":"fita-de-aluminio-tesa-50565","status":"publish","type":"product","link":"https:\/\/distribuidorcintastesa.es\/pt-pt\/producto\/fita-de-aluminio-tesa-50565\/","title":{"rendered":"Fita de Alum\u00ednio Tesa\u00ae 50565"},"content":{"rendered":"<p>A Fita de Alum\u00ednio 50565 da Tesa\u00ae \u00e9 uma fita de alum\u00ednio muito robusta com um adesivo acr\u00edlico. Foi concebida para aplica\u00e7\u00f5es no sector industrial, tais como empresas de ar condicionado, para isolamento de juntas de tubos, montagem de ar condicionado, isolamento de calor e frio, prote\u00e7\u00e3o, repara\u00e7\u00e3o, caixas, etc.<\/p>\n<p>Dispon\u00edvel em v\u00e1rios tamanhos<\/p>\n<p><strong style=\"color: #000000; font-size: 24px;\">Compra em linha<\/strong><\/p>\n<h4><a href=\"https:\/\/solbi-mural.com\/pt\/tesa-fitas-de-uma-face\/392-tesa-fita-adesiva-de-aluminio-50565-alta-resistencia-prateada-rolo-de-50m.html\" target=\"_blank\" rel=\"noopener\"><span style=\"color: #3366ff;\">50565<\/span><\/a><\/h4>\n<p>&nbsp;<\/p>\n<h4>Carater\u00edsticas<\/h4>\n<ul>\n<li>Resist\u00eancia a temperaturas m\u00ednimas de -40\u00b0C a 160\u00b0C.<\/li>\n<li>Muito boa resist\u00eancia \u00e0 \u00e1gua, humidade, vapor, \u00f3leos e \u00e1cidos.<\/li>\n<li>A fita de alum\u00ednio Tesa\u00ae 50565 tem uma boa resist\u00eancia mec\u00e2nica e ao envelhecimento (UV).<\/li>\n<li>Possui um adesivo acr\u00edlico que tem uma elevada ader\u00eancia em diferentes materiais.<\/li>\n<li>Retardante de chama em conformidade com a norma UL 510<\/li>\n<li>Material de suporte em pel\u00edcula aluminizada<\/li>\n<li>Dispon\u00edvel sem suporte e com suporte<\/li>\n<li>\u00c9 uma fita que pode ser cortada.<\/li>\n<li>Espessura total de 90 \u00b5m<\/li>\n<li>O revestimento \u00e9 feito de papel<\/li>\n<li>V\u00e1rios tamanhos dispon\u00edveis<\/li>\n<\/ul>\n<p><strong style=\"font-size: 1.3em;\">Aplica\u00e7\u00f5es <\/strong><\/p>\n<ul>\n<li>Esta fita foi concebida para aplica\u00e7\u00f5es no sector industrial, como as empresas de ar condicionado, para o isolamento de juntas de tubos, montagem de ar condicionado, isolamento do calor e do frio, prote\u00e7\u00e3o, repara\u00e7\u00e3o, caixas, etc.<\/li>\n<li>Elevada ader\u00eancia inicial<\/li>\n<\/ul>\n<h4><strong>Produtos Relacionados<\/strong><\/h4>\n<ul>\n<li style=\"list-style-type: none;\">\n<ul>\n<li><a href=\"https:\/\/distribuidorcintastesa.es\/pt-pt\/producto\/fita-de-aluminio-tesa-60650\/\" target=\"_blank\" rel=\"noopener\">60650<\/a><\/li>\n<\/ul>\n<\/li>\n<\/ul>\n","protected":false},"excerpt":{"rendered":"<p>A Fita de Alum\u00ednio 50565 da Tesa\u00ae \u00e9 uma fita de alum\u00ednio muito robusta com um adesivo acr\u00edlico. Foi concebida para aplica\u00e7\u00f5es no sector industrial, tais como empresas de ar condicionado, para isolamento de juntas de tubos, montagem de ar condicionado, isolamento de calor e frio, prote\u00e7\u00e3o, repara\u00e7\u00e3o, caixas, etc. Dispon\u00edvel em v\u00e1rios tamanhos Compra [&hellip;]<\/p>\n","protected":false},"featured_media":7660,"template":"","meta":{"site-sidebar-layout":"default","site-content-layout":"","ast-site-content-layout":"default","site-content-style":"default","site-sidebar-style":"default","ast-global-header-display":"","ast-banner-title-visibility":"","ast-main-header-display":"","ast-hfb-above-header-display":"","ast-hfb-below-header-display":"","ast-hfb-mobile-header-display":"","site-post-title":"","ast-breadcrumbs-content":"","ast-featured-img":"","footer-sml-layout":"","ast-disable-related-posts":"","theme-transparent-header-meta":"default","adv-header-id-meta":"","stick-header-meta":"","header-above-stick-meta":"","header-main-stick-meta":"","header-below-stick-meta":"","astra-migrate-meta-layouts":"set","ast-page-background-enabled":"default","ast-page-background-meta":{"desktop":{"background-color":"","background-image":"","background-repeat":"repeat","background-position":"center center","background-size":"auto","background-attachment":"scroll","background-type":"","background-media":"","overlay-type":"","overlay-color":"","overlay-opacity":"","overlay-gradient":""},"tablet":{"background-color":"","background-image":"","background-repeat":"repeat","background-position":"center center","background-size":"auto","background-attachment":"scroll","background-type":"","background-media":"","overlay-type":"","overlay-color":"","overlay-opacity":"","overlay-gradient":""},"mobile":{"background-color":"","background-image":"","background-repeat":"repeat","background-position":"center center","background-size":"auto","background-attachment":"scroll","background-type":"","background-media":"","overlay-type":"","overlay-color":"","overlay-opacity":"","overlay-gradient":""}},"ast-content-background-meta":{"desktop":{"background-color":"var(--ast-global-color-5)","background-image":"","background-repeat":"repeat","background-position":"center center","background-size":"auto","background-attachment":"scroll","background-type":"","background-media":"","overlay-type":"","overlay-color":"","overlay-opacity":"","overlay-gradient":""},"tablet":{"background-color":"var(--ast-global-color-5)","background-image":"","background-repeat":"repeat","background-position":"center center","background-size":"auto","background-attachment":"scroll","background-type":"","background-media":"","overlay-type":"","overlay-color":"","overlay-opacity":"","overlay-gradient":""},"mobile":{"background-color":"var(--ast-global-color-5)","background-image":"","background-repeat":"repeat","background-position":"center center","background-size":"auto","background-attachment":"scroll","background-type":"","background-media":"","overlay-type":"","overlay-color":"","overlay-opacity":"","overlay-gradient":""}}},"product_brand":[],"product_cat":[160],"product_tag":[],"class_list":{"0":"post-7672","1":"product","2":"type-product","3":"status-publish","4":"has-post-thumbnail","6":"product_cat-fita-de-aluminio","7":"desktop-align-center","8":"tablet-align-center","9":"mobile-align-center","11":"first","12":"instock","13":"shipping-taxable","14":"product-type-simple"},"yoast_head":"<!-- This site is optimized with the Yoast SEO Premium plugin v27.2 (Yoast SEO v27.2) - https:\/\/yoast.com\/product\/yoast-seo-premium-wordpress\/ -->\n<title>Fita de Alum\u00ednio Tesa\u00ae 50565<\/title>\n<meta name=\"description\" content=\"Fita de Alum\u00ednio Tesa\u00ae 50565 muito robusto, com um adesivo acr\u00edlico. Concebido para empresas de ar condicionado, isolamento de juntas de tubos, etc.\" \/>\n<meta name=\"robots\" content=\"index, follow, max-snippet:-1, max-image-preview:large, max-video-preview:-1\" \/>\n<link rel=\"canonical\" href=\"https:\/\/distribuidorcintastesa.es\/pt-pt\/producto\/fita-de-aluminio-tesa-50565\/\" \/>\n<meta property=\"og:locale\" content=\"pt_PT\" \/>\n<meta property=\"og:type\" content=\"article\" \/>\n<meta property=\"og:title\" content=\"Fita de Alum\u00ednio Tesa\u00ae 50565\" \/>\n<meta property=\"og:description\" content=\"Fita de Alum\u00ednio Tesa\u00ae 50565 muito robusto, com um adesivo acr\u00edlico. Concebido para empresas de ar condicionado, isolamento de juntas de tubos, etc.\" \/>\n<meta property=\"og:url\" content=\"https:\/\/distribuidorcintastesa.es\/pt-pt\/producto\/fita-de-aluminio-tesa-50565\/\" \/>\n<meta property=\"og:site_name\" content=\"Distribuidor de cintas tesa, cintas tesa, tesa cintas, distribuidor tesa, tesa productos, productos tesa, tesa distribuidores, http:\/\/www.http:\/\/distribuidorcintas3m.es, Mejores ofertas en cintas\" \/>\n<meta property=\"article:modified_time\" content=\"2024-09-25T15:32:30+00:00\" \/>\n<meta property=\"og:image\" content=\"https:\/\/distribuidorcintastesa.es\/wp-content\/uploads\/2024\/09\/Tesa-50565-Cinta-de-Aluminio.jpg\" \/>\n\t<meta property=\"og:image:width\" content=\"800\" \/>\n\t<meta property=\"og:image:height\" content=\"800\" \/>\n\t<meta property=\"og:image:type\" content=\"image\/jpeg\" \/>\n<meta name=\"twitter:card\" content=\"summary_large_image\" \/>\n<meta name=\"twitter:label1\" content=\"Tempo estimado de leitura\" \/>\n\t<meta name=\"twitter:data1\" content=\"2 minutos\" \/>\n<script type=\"application\/ld+json\" class=\"yoast-schema-graph\">{\"@context\":\"https:\/\/schema.org\",\"@graph\":[{\"@type\":\"WebPage\",\"@id\":\"https:\/\/distribuidorcintastesa.es\/pt-pt\/producto\/fita-de-aluminio-tesa-50565\/\",\"url\":\"https:\/\/distribuidorcintastesa.es\/pt-pt\/producto\/fita-de-aluminio-tesa-50565\/\",\"name\":\"Fita de Alum\u00ednio Tesa\u00ae 50565\",\"isPartOf\":{\"@id\":\"https:\/\/distribuidorcintastesa.es\/pt-pt\/#website\"},\"primaryImageOfPage\":{\"@id\":\"https:\/\/distribuidorcintastesa.es\/pt-pt\/producto\/fita-de-aluminio-tesa-50565\/#primaryimage\"},\"image\":{\"@id\":\"https:\/\/distribuidorcintastesa.es\/pt-pt\/producto\/fita-de-aluminio-tesa-50565\/#primaryimage\"},\"thumbnailUrl\":\"https:\/\/distribuidorcintastesa.es\/wp-content\/uploads\/2024\/09\/Tesa-50565-Cinta-de-Aluminio.jpg\",\"datePublished\":\"2024-09-11T10:56:53+00:00\",\"dateModified\":\"2024-09-25T15:32:30+00:00\",\"description\":\"Fita de Alum\u00ednio Tesa\u00ae 50565 muito robusto, com um adesivo acr\u00edlico. Concebido para empresas de ar condicionado, isolamento de juntas de tubos, etc.\",\"breadcrumb\":{\"@id\":\"https:\/\/distribuidorcintastesa.es\/pt-pt\/producto\/fita-de-aluminio-tesa-50565\/#breadcrumb\"},\"inLanguage\":\"pt-PT\",\"potentialAction\":[{\"@type\":\"ReadAction\",\"target\":[\"https:\/\/distribuidorcintastesa.es\/pt-pt\/producto\/fita-de-aluminio-tesa-50565\/\"]}]},{\"@type\":\"ImageObject\",\"inLanguage\":\"pt-PT\",\"@id\":\"https:\/\/distribuidorcintastesa.es\/pt-pt\/producto\/fita-de-aluminio-tesa-50565\/#primaryimage\",\"url\":\"https:\/\/distribuidorcintastesa.es\/wp-content\/uploads\/2024\/09\/Tesa-50565-Cinta-de-Aluminio.jpg\",\"contentUrl\":\"https:\/\/distribuidorcintastesa.es\/wp-content\/uploads\/2024\/09\/Tesa-50565-Cinta-de-Aluminio.jpg\",\"width\":800,\"height\":800,\"caption\":\"Tesa 50565 - Fita de alum\u00ednio\"},{\"@type\":\"BreadcrumbList\",\"@id\":\"https:\/\/distribuidorcintastesa.es\/pt-pt\/producto\/fita-de-aluminio-tesa-50565\/#breadcrumb\",\"itemListElement\":[{\"@type\":\"ListItem\",\"position\":1,\"name\":\"Portada\",\"item\":\"https:\/\/distribuidorcintastesa.es\/pt-pt\/\"},{\"@type\":\"ListItem\",\"position\":2,\"name\":\"Produtos\",\"item\":\"https:\/\/distribuidorcintastesa.es\/pt-pt\/produtos\/\"},{\"@type\":\"ListItem\",\"position\":3,\"name\":\"Fita de Alum\u00ednio Tesa\u00ae 50565\"}]},{\"@type\":\"WebSite\",\"@id\":\"https:\/\/distribuidorcintastesa.es\/pt-pt\/#website\",\"url\":\"https:\/\/distribuidorcintastesa.es\/pt-pt\/\",\"name\":\"Distribuidor de cintas tesa\",\"description\":\"Distribuidor de cintas tesa, cintas tesa, tesa cintas, distribuidor tesa, tesa productos, productos tesa, tesa distribuidores, cintas y adhesivos, tesa cinta doble cara, cinta tesa doble cara, adhesivos tesa, cinta antideslizante, velcro tesa, cinta reflectante, tesa supergen, softprint, cinta doble cara tesa, selladores y adhesivos, cintas adhesivas de doble cara, cintas de aluminio, cintas de vinilo para se\u00f1alizaci\u00f3n, cintas de tela americanas, cintas de papel para enmascarar, cintas para embalaje\",\"publisher\":{\"@id\":\"https:\/\/distribuidorcintastesa.es\/pt-pt\/#organization\"},\"potentialAction\":[{\"@type\":\"SearchAction\",\"target\":{\"@type\":\"EntryPoint\",\"urlTemplate\":\"https:\/\/distribuidorcintastesa.es\/pt-pt\/?s={search_term_string}\"},\"query-input\":{\"@type\":\"PropertyValueSpecification\",\"valueRequired\":true,\"valueName\":\"search_term_string\"}}],\"inLanguage\":\"pt-PT\"},{\"@type\":\"Organization\",\"@id\":\"https:\/\/distribuidorcintastesa.es\/pt-pt\/#organization\",\"name\":\"Distribuidor de cintas tesa\",\"url\":\"https:\/\/distribuidorcintastesa.es\/pt-pt\/\",\"logo\":{\"@type\":\"ImageObject\",\"inLanguage\":\"pt-PT\",\"@id\":\"https:\/\/distribuidorcintastesa.es\/pt-pt\/#\/schema\/logo\/image\/\",\"url\":\"https:\/\/distribuidorcintastesa.es\/wp-content\/uploads\/2022\/10\/logo-espanol-portugues.png\",\"contentUrl\":\"https:\/\/distribuidorcintastesa.es\/wp-content\/uploads\/2022\/10\/logo-espanol-portugues.png\",\"width\":871,\"height\":142,\"caption\":\"Distribuidor de cintas tesa\"},\"image\":{\"@id\":\"https:\/\/distribuidorcintastesa.es\/pt-pt\/#\/schema\/logo\/image\/\"},\"sameAs\":[\"https:\/\/muralsrd.com\/\",\"https:\/\/solbi-mural.com\/es\/\",\"https:\/\/distribuidor-cintas-adhesivas.es\",\"https:\/\/www.instagram.com\/solbimural\/?igsh=ZnR6ZmkzZm1ubWhl\"]}]}<\/script>\n<!-- \/ Yoast SEO Premium plugin. -->","yoast_head_json":{"title":"Fita de Alum\u00ednio Tesa\u00ae 50565","description":"Fita de Alum\u00ednio Tesa\u00ae 50565 muito robusto, com um adesivo acr\u00edlico. Concebido para empresas de ar condicionado, isolamento de juntas de tubos, etc.","robots":{"index":"index","follow":"follow","max-snippet":"max-snippet:-1","max-image-preview":"max-image-preview:large","max-video-preview":"max-video-preview:-1"},"canonical":"https:\/\/distribuidorcintastesa.es\/pt-pt\/producto\/fita-de-aluminio-tesa-50565\/","og_locale":"pt_PT","og_type":"article","og_title":"Fita de Alum\u00ednio Tesa\u00ae 50565","og_description":"Fita de Alum\u00ednio Tesa\u00ae 50565 muito robusto, com um adesivo acr\u00edlico. Concebido para empresas de ar condicionado, isolamento de juntas de tubos, etc.","og_url":"https:\/\/distribuidorcintastesa.es\/pt-pt\/producto\/fita-de-aluminio-tesa-50565\/","og_site_name":"Distribuidor de cintas tesa, cintas tesa, tesa cintas, distribuidor tesa, tesa productos, productos tesa, tesa distribuidores, http:\/\/www.http:\/\/distribuidorcintas3m.es, Mejores ofertas en cintas","article_modified_time":"2024-09-25T15:32:30+00:00","og_image":[{"width":800,"height":800,"url":"https:\/\/distribuidorcintastesa.es\/wp-content\/uploads\/2024\/09\/Tesa-50565-Cinta-de-Aluminio.jpg","type":"image\/jpeg"}],"twitter_card":"summary_large_image","twitter_misc":{"Tempo estimado de leitura":"2 minutos"},"schema":{"@context":"https:\/\/schema.org","@graph":[{"@type":"WebPage","@id":"https:\/\/distribuidorcintastesa.es\/pt-pt\/producto\/fita-de-aluminio-tesa-50565\/","url":"https:\/\/distribuidorcintastesa.es\/pt-pt\/producto\/fita-de-aluminio-tesa-50565\/","name":"Fita de Alum\u00ednio Tesa\u00ae 50565","isPartOf":{"@id":"https:\/\/distribuidorcintastesa.es\/pt-pt\/#website"},"primaryImageOfPage":{"@id":"https:\/\/distribuidorcintastesa.es\/pt-pt\/producto\/fita-de-aluminio-tesa-50565\/#primaryimage"},"image":{"@id":"https:\/\/distribuidorcintastesa.es\/pt-pt\/producto\/fita-de-aluminio-tesa-50565\/#primaryimage"},"thumbnailUrl":"https:\/\/distribuidorcintastesa.es\/wp-content\/uploads\/2024\/09\/Tesa-50565-Cinta-de-Aluminio.jpg","datePublished":"2024-09-11T10:56:53+00:00","dateModified":"2024-09-25T15:32:30+00:00","description":"Fita de Alum\u00ednio Tesa\u00ae 50565 muito robusto, com um adesivo acr\u00edlico. Concebido para empresas de ar condicionado, isolamento de juntas de tubos, etc.","breadcrumb":{"@id":"https:\/\/distribuidorcintastesa.es\/pt-pt\/producto\/fita-de-aluminio-tesa-50565\/#breadcrumb"},"inLanguage":"pt-PT","potentialAction":[{"@type":"ReadAction","target":["https:\/\/distribuidorcintastesa.es\/pt-pt\/producto\/fita-de-aluminio-tesa-50565\/"]}]},{"@type":"ImageObject","inLanguage":"pt-PT","@id":"https:\/\/distribuidorcintastesa.es\/pt-pt\/producto\/fita-de-aluminio-tesa-50565\/#primaryimage","url":"https:\/\/distribuidorcintastesa.es\/wp-content\/uploads\/2024\/09\/Tesa-50565-Cinta-de-Aluminio.jpg","contentUrl":"https:\/\/distribuidorcintastesa.es\/wp-content\/uploads\/2024\/09\/Tesa-50565-Cinta-de-Aluminio.jpg","width":800,"height":800,"caption":"Tesa 50565 - Fita de alum\u00ednio"},{"@type":"BreadcrumbList","@id":"https:\/\/distribuidorcintastesa.es\/pt-pt\/producto\/fita-de-aluminio-tesa-50565\/#breadcrumb","itemListElement":[{"@type":"ListItem","position":1,"name":"Portada","item":"https:\/\/distribuidorcintastesa.es\/pt-pt\/"},{"@type":"ListItem","position":2,"name":"Produtos","item":"https:\/\/distribuidorcintastesa.es\/pt-pt\/produtos\/"},{"@type":"ListItem","position":3,"name":"Fita de Alum\u00ednio Tesa\u00ae 50565"}]},{"@type":"WebSite","@id":"https:\/\/distribuidorcintastesa.es\/pt-pt\/#website","url":"https:\/\/distribuidorcintastesa.es\/pt-pt\/","name":"Distribuidor de cintas tesa","description":"Distribuidor de cintas tesa, cintas tesa, tesa cintas, distribuidor tesa, tesa productos, productos tesa, tesa distribuidores, cintas y adhesivos, tesa cinta doble cara, cinta tesa doble cara, adhesivos tesa, cinta antideslizante, velcro tesa, cinta reflectante, tesa supergen, softprint, cinta doble cara tesa, selladores y adhesivos, cintas adhesivas de doble cara, cintas de aluminio, cintas de vinilo para se\u00f1alizaci\u00f3n, cintas de tela americanas, cintas de papel para enmascarar, cintas para embalaje","publisher":{"@id":"https:\/\/distribuidorcintastesa.es\/pt-pt\/#organization"},"potentialAction":[{"@type":"SearchAction","target":{"@type":"EntryPoint","urlTemplate":"https:\/\/distribuidorcintastesa.es\/pt-pt\/?s={search_term_string}"},"query-input":{"@type":"PropertyValueSpecification","valueRequired":true,"valueName":"search_term_string"}}],"inLanguage":"pt-PT"},{"@type":"Organization","@id":"https:\/\/distribuidorcintastesa.es\/pt-pt\/#organization","name":"Distribuidor de cintas tesa","url":"https:\/\/distribuidorcintastesa.es\/pt-pt\/","logo":{"@type":"ImageObject","inLanguage":"pt-PT","@id":"https:\/\/distribuidorcintastesa.es\/pt-pt\/#\/schema\/logo\/image\/","url":"https:\/\/distribuidorcintastesa.es\/wp-content\/uploads\/2022\/10\/logo-espanol-portugues.png","contentUrl":"https:\/\/distribuidorcintastesa.es\/wp-content\/uploads\/2022\/10\/logo-espanol-portugues.png","width":871,"height":142,"caption":"Distribuidor de cintas tesa"},"image":{"@id":"https:\/\/distribuidorcintastesa.es\/pt-pt\/#\/schema\/logo\/image\/"},"sameAs":["https:\/\/muralsrd.com\/","https:\/\/solbi-mural.com\/es\/","https:\/\/distribuidor-cintas-adhesivas.es","https:\/\/www.instagram.com\/solbimural\/?igsh=ZnR6ZmkzZm1ubWhl"]}]}},"_links":{"self":[{"href":"https:\/\/distribuidorcintastesa.es\/pt-pt\/wp-json\/wp\/v2\/product\/7672","targetHints":{"allow":["GET"]}}],"collection":[{"href":"https:\/\/distribuidorcintastesa.es\/pt-pt\/wp-json\/wp\/v2\/product"}],"about":[{"href":"https:\/\/distribuidorcintastesa.es\/pt-pt\/wp-json\/wp\/v2\/types\/product"}],"wp:featuredmedia":[{"embeddable":true,"href":"https:\/\/distribuidorcintastesa.es\/pt-pt\/wp-json\/wp\/v2\/media\/7660"}],"wp:attachment":[{"href":"https:\/\/distribuidorcintastesa.es\/pt-pt\/wp-json\/wp\/v2\/media?parent=7672"}],"wp:term":[{"taxonomy":"product_brand","embeddable":true,"href":"https:\/\/distribuidorcintastesa.es\/pt-pt\/wp-json\/wp\/v2\/product_brand?post=7672"},{"taxonomy":"product_cat","embeddable":true,"href":"https:\/\/distribuidorcintastesa.es\/pt-pt\/wp-json\/wp\/v2\/product_cat?post=7672"},{"taxonomy":"product_tag","embeddable":true,"href":"https:\/\/distribuidorcintastesa.es\/pt-pt\/wp-json\/wp\/v2\/product_tag?post=7672"}],"curies":[{"name":"wp","href":"https:\/\/api.w.org\/{rel}","templated":true}]}}