{"id":5349,"date":"2022-03-24T14:42:28","date_gmt":"2022-03-24T14:42:28","guid":{"rendered":"https:\/\/distribuidorcintastesa.es\/?post_type=product&#038;p=5349"},"modified":"2022-03-24T15:18:40","modified_gmt":"2022-03-24T15:18:40","slug":"fita-extra-power-extreme-outdoor","status":"publish","type":"product","link":"https:\/\/distribuidorcintastesa.es\/pt-pt\/producto\/fita-extra-power-extreme-outdoor\/","title":{"rendered":"Tesa extra Power\u00ae Extreme Outdoor"},"content":{"rendered":"<p><strong>Fita Extra Power Extreme Outdoor<\/strong><\/p>\n<p>&nbsp;<\/p>\n<p>Fita adesiva \u00e0 prova d&#8217;\u00e1gua tesa\u00ae Extra Power Extreme refor\u00e7ada de alta ader\u00eancia. Ideal para reparos externos.<\/p>\n<p>A fita externa refor\u00e7ada tesa\u00ae Extra Power Extreme \u00e9 uma fita adesiva resistente \u00e0s intemp\u00e9ries projetada para uma ampla gama de aplica\u00e7\u00f5es externas espec\u00edficas. \u00c9 feito de um filme transparente refor\u00e7ado extra forte e fornece um poder de liga\u00e7\u00e3o mais forte. Use esta fita adesiva altamente vers\u00e1til resistente a UV, \u00e0 prova d&#8217;\u00e1gua, resistente \u00e0s intemp\u00e9ries e resistente \u00e0 temperatura como uma fita adesiva ultra forte para criar, reparar, colar, colar, fortalecer, marcar e muito mais. \u00c9 ideal para camping, caravanismo, mochila e qualquer outra atividade ao ar livre onde algo precisa ser reparado com urg\u00eancia.<\/p>\n<p>&#8211; Extremamente resistente \u00e0s intemp\u00e9ries e \u00e0 prova d&#8217;\u00e1gua, especialmente projetado para aplica\u00e7\u00f5es externas<br \/>\n&#8211; Resistente aos raios UV at\u00e9 1 ano<br \/>\n&#8211; Resistente a mudan\u00e7as de temperatura de -40\u00b0C a +95\u00b0C<br \/>\n&#8211; \u00c9 cortado \u00e0 m\u00e3o<br \/>\n&#8211; Livre de solventes<\/p>\n<p><strong>principais aplica\u00e7\u00f5es<\/strong><\/p>\n<p>&#8211; Para artesanato, reparos, fixa\u00e7\u00e3o, refor\u00e7o, marca\u00e7\u00e3o e muito mais<\/p>\n<p>Extra Tape Power Extreme Outdoor Fita Tesa Xtreme Conditions Solu\u00e7\u00f5es de repara\u00e7\u00e3o. Dispon\u00edvel na nossa loja online<\/p>\n<p>&nbsp;<\/p>\n<p>&nbsp;<\/p>\n<p><img fetchpriority=\"high\" decoding=\"async\" class=\"alignnone wp-image-5357 size-medium\" src=\"https:\/\/distribuidorcintastesa.es\/wp-content\/uploads\/2022\/03\/Tesa-extra-Power-Extreme-Outdoor_1-300x168.jpg\" alt=\"Fita Extra Power Extreme Outdoor\" width=\"300\" height=\"168\" srcset=\"https:\/\/distribuidorcintastesa.es\/wp-content\/uploads\/2022\/03\/Tesa-extra-Power-Extreme-Outdoor_1-300x168.jpg 300w, https:\/\/distribuidorcintastesa.es\/wp-content\/uploads\/2022\/03\/Tesa-extra-Power-Extreme-Outdoor_1-600x337.jpg 600w, https:\/\/distribuidorcintastesa.es\/wp-content\/uploads\/2022\/03\/Tesa-extra-Power-Extreme-Outdoor_1-64x36.jpg 64w, https:\/\/distribuidorcintastesa.es\/wp-content\/uploads\/2022\/03\/Tesa-extra-Power-Extreme-Outdoor_1.jpg 720w\" sizes=\"(max-width: 300px) 100vw, 300px\" \/><\/p>\n<p>&nbsp;<\/p>\n<p><strong> Dados t\u00e9cnicos Fita Extra Power\u00ae Extreme Outdoor<\/strong><\/p>\n<table width=\"836\">\n<tbody>\n<tr>\n<td width=\"241\"><strong>PRODUTO<\/strong><\/td>\n<td width=\"134\"><strong>UNIDADE<\/strong><\/td>\n<td width=\"193\"><strong>EMBALAGEM<\/strong><\/td>\n<td width=\"134\"><strong>DIMENSOES<\/strong><\/td>\n<td width=\"134\"><strong>COR<\/strong><\/td>\n<\/tr>\n<tr>\n<td><strong>Extra Power Extreme Outdoor<\/strong><\/td>\n<td width=\"134\">Rolo<\/td>\n<td width=\"193\">24 rolos\/Caixa<\/td>\n<td width=\"134\">48 mm x 20 mt<\/td>\n<td width=\"134\"><img decoding=\"async\" class=\"alignnone size-full wp-image-4416\" src=\"https:\/\/distribuidorcintastesa.es\/wp-content\/uploads\/2021\/10\/Transparente.jpg\" alt=\"\" width=\"38\" height=\"19\" \/><\/td>\n<\/tr>\n<\/tbody>\n<\/table>\n<p><a href=\"https:\/\/distribuidorcintastesa.es\/pt-pt\/catalogos\/\" target=\"_blank\" rel=\"noopener\"><br \/>\nCat\u00e1logos TESA<\/a><\/p>\n","protected":false},"excerpt":{"rendered":"<p>Fita Extra Power Extreme Outdoor &nbsp; Fita adesiva \u00e0 prova d&#8217;\u00e1gua tesa\u00ae Extra Power Extreme refor\u00e7ada de alta ader\u00eancia. Ideal para reparos externos. A fita externa refor\u00e7ada tesa\u00ae Extra Power Extreme \u00e9 uma fita adesiva resistente \u00e0s intemp\u00e9ries projetada para uma ampla gama de aplica\u00e7\u00f5es externas espec\u00edficas. \u00c9 feito de um filme transparente refor\u00e7ado extra [&hellip;]<\/p>\n","protected":false},"featured_media":5353,"template":"","meta":{"site-sidebar-layout":"default","site-content-layout":"","ast-site-content-layout":"default","site-content-style":"default","site-sidebar-style":"default","ast-global-header-display":"","ast-banner-title-visibility":"","ast-main-header-display":"","ast-hfb-above-header-display":"","ast-hfb-below-header-display":"","ast-hfb-mobile-header-display":"","site-post-title":"","ast-breadcrumbs-content":"","ast-featured-img":"","footer-sml-layout":"","ast-disable-related-posts":"","theme-transparent-header-meta":"","adv-header-id-meta":"","stick-header-meta":"","header-above-stick-meta":"","header-main-stick-meta":"","header-below-stick-meta":"","astra-migrate-meta-layouts":"default","ast-page-background-enabled":"default","ast-page-background-meta":{"desktop":{"background-color":"","background-image":"","background-repeat":"repeat","background-position":"center center","background-size":"auto","background-attachment":"scroll","background-type":"","background-media":"","overlay-type":"","overlay-color":"","overlay-opacity":"","overlay-gradient":""},"tablet":{"background-color":"","background-image":"","background-repeat":"repeat","background-position":"center center","background-size":"auto","background-attachment":"scroll","background-type":"","background-media":"","overlay-type":"","overlay-color":"","overlay-opacity":"","overlay-gradient":""},"mobile":{"background-color":"","background-image":"","background-repeat":"repeat","background-position":"center center","background-size":"auto","background-attachment":"scroll","background-type":"","background-media":"","overlay-type":"","overlay-color":"","overlay-opacity":"","overlay-gradient":""}},"ast-content-background-meta":{"desktop":{"background-color":"var(--ast-global-color-5)","background-image":"","background-repeat":"repeat","background-position":"center center","background-size":"auto","background-attachment":"scroll","background-type":"","background-media":"","overlay-type":"","overlay-color":"","overlay-opacity":"","overlay-gradient":""},"tablet":{"background-color":"var(--ast-global-color-5)","background-image":"","background-repeat":"repeat","background-position":"center center","background-size":"auto","background-attachment":"scroll","background-type":"","background-media":"","overlay-type":"","overlay-color":"","overlay-opacity":"","overlay-gradient":""},"mobile":{"background-color":"var(--ast-global-color-5)","background-image":"","background-repeat":"repeat","background-position":"center center","background-size":"auto","background-attachment":"scroll","background-type":"","background-media":"","overlay-type":"","overlay-color":"","overlay-opacity":"","overlay-gradient":""}}},"product_brand":[],"product_cat":[156,155],"product_tag":[],"class_list":{"0":"post-5349","1":"product","2":"type-product","3":"status-publish","4":"has-post-thumbnail","6":"product_cat-fita-de-condicoes-xtreme","7":"product_cat-solucoes-de-reparo-e-isolamento","8":"desktop-align-center","9":"tablet-align-center","10":"mobile-align-center","12":"first","13":"instock","14":"shipping-taxable","15":"product-type-simple"},"yoast_head":"<!-- This site is optimized with the Yoast SEO Premium plugin v27.2 (Yoast SEO v27.2) - https:\/\/yoast.com\/product\/yoast-seo-premium-wordpress\/ -->\n<title>Fita Extra Power Extreme Outdoor Tesa Xtreme Solu\u00e7\u00f5es repara\u00e7\u00e3o<\/title>\n<meta name=\"description\" content=\"Fita Extra Power Extreme Outdoor Tesa Xtreme Conditions Solu\u00e7\u00f5es de repara\u00e7\u00e3o. Dispon\u00edvel na nossa loja online\" \/>\n<meta name=\"robots\" content=\"index, follow, max-snippet:-1, max-image-preview:large, max-video-preview:-1\" \/>\n<link rel=\"canonical\" href=\"https:\/\/distribuidorcintastesa.es\/pt-pt\/producto\/fita-extra-power-extreme-outdoor\/\" \/>\n<meta property=\"og:locale\" content=\"pt_PT\" \/>\n<meta property=\"og:type\" content=\"article\" \/>\n<meta property=\"og:title\" content=\"Tesa extra Power\u00ae Extreme Outdoor\" \/>\n<meta property=\"og:description\" content=\"Fita Extra Power Extreme Outdoor Tesa Xtreme Conditions Solu\u00e7\u00f5es de repara\u00e7\u00e3o. Dispon\u00edvel na nossa loja online\" \/>\n<meta property=\"og:url\" content=\"https:\/\/distribuidorcintastesa.es\/pt-pt\/producto\/fita-extra-power-extreme-outdoor\/\" \/>\n<meta property=\"og:site_name\" content=\"Distribuidor de cintas tesa, cintas tesa, tesa cintas, distribuidor tesa, tesa productos, productos tesa, tesa distribuidores, http:\/\/www.http:\/\/distribuidorcintas3m.es, Mejores ofertas en cintas\" \/>\n<meta property=\"article:modified_time\" content=\"2022-03-24T15:18:40+00:00\" \/>\n<meta property=\"og:image\" content=\"https:\/\/distribuidorcintastesa.es\/wp-content\/uploads\/2022\/03\/Tesa-extra-Power-Extreme-Outdoor.jpg\" \/>\n\t<meta property=\"og:image:width\" content=\"624\" \/>\n\t<meta property=\"og:image:height\" content=\"477\" \/>\n\t<meta property=\"og:image:type\" content=\"image\/jpeg\" \/>\n<meta name=\"twitter:card\" content=\"summary_large_image\" \/>\n<meta name=\"twitter:label1\" content=\"Tempo estimado de leitura\" \/>\n\t<meta name=\"twitter:data1\" content=\"2 minutos\" \/>\n<script type=\"application\/ld+json\" class=\"yoast-schema-graph\">{\"@context\":\"https:\/\/schema.org\",\"@graph\":[{\"@type\":\"WebPage\",\"@id\":\"https:\/\/distribuidorcintastesa.es\/pt-pt\/producto\/fita-extra-power-extreme-outdoor\/\",\"url\":\"https:\/\/distribuidorcintastesa.es\/pt-pt\/producto\/fita-extra-power-extreme-outdoor\/\",\"name\":\"Fita Extra Power Extreme Outdoor Tesa Xtreme Solu\u00e7\u00f5es repara\u00e7\u00e3o\",\"isPartOf\":{\"@id\":\"https:\/\/distribuidorcintastesa.es\/pt-pt\/#website\"},\"primaryImageOfPage\":{\"@id\":\"https:\/\/distribuidorcintastesa.es\/pt-pt\/producto\/fita-extra-power-extreme-outdoor\/#primaryimage\"},\"image\":{\"@id\":\"https:\/\/distribuidorcintastesa.es\/pt-pt\/producto\/fita-extra-power-extreme-outdoor\/#primaryimage\"},\"thumbnailUrl\":\"https:\/\/distribuidorcintastesa.es\/wp-content\/uploads\/2022\/03\/Tesa-extra-Power-Extreme-Outdoor.jpg\",\"datePublished\":\"2022-03-24T14:42:28+00:00\",\"dateModified\":\"2022-03-24T15:18:40+00:00\",\"description\":\"Fita Extra Power Extreme Outdoor Tesa Xtreme Conditions Solu\u00e7\u00f5es de repara\u00e7\u00e3o. Dispon\u00edvel na nossa loja online\",\"breadcrumb\":{\"@id\":\"https:\/\/distribuidorcintastesa.es\/pt-pt\/producto\/fita-extra-power-extreme-outdoor\/#breadcrumb\"},\"inLanguage\":\"pt-PT\",\"potentialAction\":[{\"@type\":\"ReadAction\",\"target\":[\"https:\/\/distribuidorcintastesa.es\/pt-pt\/producto\/fita-extra-power-extreme-outdoor\/\"]}]},{\"@type\":\"ImageObject\",\"inLanguage\":\"pt-PT\",\"@id\":\"https:\/\/distribuidorcintastesa.es\/pt-pt\/producto\/fita-extra-power-extreme-outdoor\/#primaryimage\",\"url\":\"https:\/\/distribuidorcintastesa.es\/wp-content\/uploads\/2022\/03\/Tesa-extra-Power-Extreme-Outdoor.jpg\",\"contentUrl\":\"https:\/\/distribuidorcintastesa.es\/wp-content\/uploads\/2022\/03\/Tesa-extra-Power-Extreme-Outdoor.jpg\",\"width\":624,\"height\":477,\"caption\":\"Fita Extra Power Extreme Outdoor\"},{\"@type\":\"BreadcrumbList\",\"@id\":\"https:\/\/distribuidorcintastesa.es\/pt-pt\/producto\/fita-extra-power-extreme-outdoor\/#breadcrumb\",\"itemListElement\":[{\"@type\":\"ListItem\",\"position\":1,\"name\":\"Portada\",\"item\":\"https:\/\/distribuidorcintastesa.es\/pt-pt\/\"},{\"@type\":\"ListItem\",\"position\":2,\"name\":\"Produtos\",\"item\":\"https:\/\/distribuidorcintastesa.es\/pt-pt\/produtos\/\"},{\"@type\":\"ListItem\",\"position\":3,\"name\":\"Tesa extra Power\u00ae Extreme Outdoor\"}]},{\"@type\":\"WebSite\",\"@id\":\"https:\/\/distribuidorcintastesa.es\/pt-pt\/#website\",\"url\":\"https:\/\/distribuidorcintastesa.es\/pt-pt\/\",\"name\":\"Distribuidor de cintas tesa\",\"description\":\"Distribuidor de cintas tesa, cintas tesa, tesa cintas, distribuidor tesa, tesa productos, productos tesa, tesa distribuidores, cintas y adhesivos, tesa cinta doble cara, cinta tesa doble cara, adhesivos tesa, cinta antideslizante, velcro tesa, cinta reflectante, tesa supergen, softprint, cinta doble cara tesa, selladores y adhesivos, cintas adhesivas de doble cara, cintas de aluminio, cintas de vinilo para se\u00f1alizaci\u00f3n, cintas de tela americanas, cintas de papel para enmascarar, cintas para embalaje\",\"publisher\":{\"@id\":\"https:\/\/distribuidorcintastesa.es\/pt-pt\/#organization\"},\"potentialAction\":[{\"@type\":\"SearchAction\",\"target\":{\"@type\":\"EntryPoint\",\"urlTemplate\":\"https:\/\/distribuidorcintastesa.es\/pt-pt\/?s={search_term_string}\"},\"query-input\":{\"@type\":\"PropertyValueSpecification\",\"valueRequired\":true,\"valueName\":\"search_term_string\"}}],\"inLanguage\":\"pt-PT\"},{\"@type\":\"Organization\",\"@id\":\"https:\/\/distribuidorcintastesa.es\/pt-pt\/#organization\",\"name\":\"Distribuidor de cintas tesa\",\"url\":\"https:\/\/distribuidorcintastesa.es\/pt-pt\/\",\"logo\":{\"@type\":\"ImageObject\",\"inLanguage\":\"pt-PT\",\"@id\":\"https:\/\/distribuidorcintastesa.es\/pt-pt\/#\/schema\/logo\/image\/\",\"url\":\"https:\/\/distribuidorcintastesa.es\/wp-content\/uploads\/2022\/10\/logo-espanol-portugues.png\",\"contentUrl\":\"https:\/\/distribuidorcintastesa.es\/wp-content\/uploads\/2022\/10\/logo-espanol-portugues.png\",\"width\":871,\"height\":142,\"caption\":\"Distribuidor de cintas tesa\"},\"image\":{\"@id\":\"https:\/\/distribuidorcintastesa.es\/pt-pt\/#\/schema\/logo\/image\/\"},\"sameAs\":[\"https:\/\/muralsrd.com\/\",\"https:\/\/solbi-mural.com\/es\/\",\"https:\/\/distribuidor-cintas-adhesivas.es\",\"https:\/\/www.instagram.com\/solbimural\/?igsh=ZnR6ZmkzZm1ubWhl\"]}]}<\/script>\n<!-- \/ Yoast SEO Premium plugin. -->","yoast_head_json":{"title":"Fita Extra Power Extreme Outdoor Tesa Xtreme Solu\u00e7\u00f5es repara\u00e7\u00e3o","description":"Fita Extra Power Extreme Outdoor Tesa Xtreme Conditions Solu\u00e7\u00f5es de repara\u00e7\u00e3o. Dispon\u00edvel na nossa loja online","robots":{"index":"index","follow":"follow","max-snippet":"max-snippet:-1","max-image-preview":"max-image-preview:large","max-video-preview":"max-video-preview:-1"},"canonical":"https:\/\/distribuidorcintastesa.es\/pt-pt\/producto\/fita-extra-power-extreme-outdoor\/","og_locale":"pt_PT","og_type":"article","og_title":"Tesa extra Power\u00ae Extreme Outdoor","og_description":"Fita Extra Power Extreme Outdoor Tesa Xtreme Conditions Solu\u00e7\u00f5es de repara\u00e7\u00e3o. Dispon\u00edvel na nossa loja online","og_url":"https:\/\/distribuidorcintastesa.es\/pt-pt\/producto\/fita-extra-power-extreme-outdoor\/","og_site_name":"Distribuidor de cintas tesa, cintas tesa, tesa cintas, distribuidor tesa, tesa productos, productos tesa, tesa distribuidores, http:\/\/www.http:\/\/distribuidorcintas3m.es, Mejores ofertas en cintas","article_modified_time":"2022-03-24T15:18:40+00:00","og_image":[{"width":624,"height":477,"url":"https:\/\/distribuidorcintastesa.es\/wp-content\/uploads\/2022\/03\/Tesa-extra-Power-Extreme-Outdoor.jpg","type":"image\/jpeg"}],"twitter_card":"summary_large_image","twitter_misc":{"Tempo estimado de leitura":"2 minutos"},"schema":{"@context":"https:\/\/schema.org","@graph":[{"@type":"WebPage","@id":"https:\/\/distribuidorcintastesa.es\/pt-pt\/producto\/fita-extra-power-extreme-outdoor\/","url":"https:\/\/distribuidorcintastesa.es\/pt-pt\/producto\/fita-extra-power-extreme-outdoor\/","name":"Fita Extra Power Extreme Outdoor Tesa Xtreme Solu\u00e7\u00f5es repara\u00e7\u00e3o","isPartOf":{"@id":"https:\/\/distribuidorcintastesa.es\/pt-pt\/#website"},"primaryImageOfPage":{"@id":"https:\/\/distribuidorcintastesa.es\/pt-pt\/producto\/fita-extra-power-extreme-outdoor\/#primaryimage"},"image":{"@id":"https:\/\/distribuidorcintastesa.es\/pt-pt\/producto\/fita-extra-power-extreme-outdoor\/#primaryimage"},"thumbnailUrl":"https:\/\/distribuidorcintastesa.es\/wp-content\/uploads\/2022\/03\/Tesa-extra-Power-Extreme-Outdoor.jpg","datePublished":"2022-03-24T14:42:28+00:00","dateModified":"2022-03-24T15:18:40+00:00","description":"Fita Extra Power Extreme Outdoor Tesa Xtreme Conditions Solu\u00e7\u00f5es de repara\u00e7\u00e3o. Dispon\u00edvel na nossa loja online","breadcrumb":{"@id":"https:\/\/distribuidorcintastesa.es\/pt-pt\/producto\/fita-extra-power-extreme-outdoor\/#breadcrumb"},"inLanguage":"pt-PT","potentialAction":[{"@type":"ReadAction","target":["https:\/\/distribuidorcintastesa.es\/pt-pt\/producto\/fita-extra-power-extreme-outdoor\/"]}]},{"@type":"ImageObject","inLanguage":"pt-PT","@id":"https:\/\/distribuidorcintastesa.es\/pt-pt\/producto\/fita-extra-power-extreme-outdoor\/#primaryimage","url":"https:\/\/distribuidorcintastesa.es\/wp-content\/uploads\/2022\/03\/Tesa-extra-Power-Extreme-Outdoor.jpg","contentUrl":"https:\/\/distribuidorcintastesa.es\/wp-content\/uploads\/2022\/03\/Tesa-extra-Power-Extreme-Outdoor.jpg","width":624,"height":477,"caption":"Fita Extra Power Extreme Outdoor"},{"@type":"BreadcrumbList","@id":"https:\/\/distribuidorcintastesa.es\/pt-pt\/producto\/fita-extra-power-extreme-outdoor\/#breadcrumb","itemListElement":[{"@type":"ListItem","position":1,"name":"Portada","item":"https:\/\/distribuidorcintastesa.es\/pt-pt\/"},{"@type":"ListItem","position":2,"name":"Produtos","item":"https:\/\/distribuidorcintastesa.es\/pt-pt\/produtos\/"},{"@type":"ListItem","position":3,"name":"Tesa extra Power\u00ae Extreme Outdoor"}]},{"@type":"WebSite","@id":"https:\/\/distribuidorcintastesa.es\/pt-pt\/#website","url":"https:\/\/distribuidorcintastesa.es\/pt-pt\/","name":"Distribuidor de cintas tesa","description":"Distribuidor de cintas tesa, cintas tesa, tesa cintas, distribuidor tesa, tesa productos, productos tesa, tesa distribuidores, cintas y adhesivos, tesa cinta doble cara, cinta tesa doble cara, adhesivos tesa, cinta antideslizante, velcro tesa, cinta reflectante, tesa supergen, softprint, cinta doble cara tesa, selladores y adhesivos, cintas adhesivas de doble cara, cintas de aluminio, cintas de vinilo para se\u00f1alizaci\u00f3n, cintas de tela americanas, cintas de papel para enmascarar, cintas para embalaje","publisher":{"@id":"https:\/\/distribuidorcintastesa.es\/pt-pt\/#organization"},"potentialAction":[{"@type":"SearchAction","target":{"@type":"EntryPoint","urlTemplate":"https:\/\/distribuidorcintastesa.es\/pt-pt\/?s={search_term_string}"},"query-input":{"@type":"PropertyValueSpecification","valueRequired":true,"valueName":"search_term_string"}}],"inLanguage":"pt-PT"},{"@type":"Organization","@id":"https:\/\/distribuidorcintastesa.es\/pt-pt\/#organization","name":"Distribuidor de cintas tesa","url":"https:\/\/distribuidorcintastesa.es\/pt-pt\/","logo":{"@type":"ImageObject","inLanguage":"pt-PT","@id":"https:\/\/distribuidorcintastesa.es\/pt-pt\/#\/schema\/logo\/image\/","url":"https:\/\/distribuidorcintastesa.es\/wp-content\/uploads\/2022\/10\/logo-espanol-portugues.png","contentUrl":"https:\/\/distribuidorcintastesa.es\/wp-content\/uploads\/2022\/10\/logo-espanol-portugues.png","width":871,"height":142,"caption":"Distribuidor de cintas tesa"},"image":{"@id":"https:\/\/distribuidorcintastesa.es\/pt-pt\/#\/schema\/logo\/image\/"},"sameAs":["https:\/\/muralsrd.com\/","https:\/\/solbi-mural.com\/es\/","https:\/\/distribuidor-cintas-adhesivas.es","https:\/\/www.instagram.com\/solbimural\/?igsh=ZnR6ZmkzZm1ubWhl"]}]}},"_links":{"self":[{"href":"https:\/\/distribuidorcintastesa.es\/pt-pt\/wp-json\/wp\/v2\/product\/5349","targetHints":{"allow":["GET"]}}],"collection":[{"href":"https:\/\/distribuidorcintastesa.es\/pt-pt\/wp-json\/wp\/v2\/product"}],"about":[{"href":"https:\/\/distribuidorcintastesa.es\/pt-pt\/wp-json\/wp\/v2\/types\/product"}],"wp:featuredmedia":[{"embeddable":true,"href":"https:\/\/distribuidorcintastesa.es\/pt-pt\/wp-json\/wp\/v2\/media\/5353"}],"wp:attachment":[{"href":"https:\/\/distribuidorcintastesa.es\/pt-pt\/wp-json\/wp\/v2\/media?parent=5349"}],"wp:term":[{"taxonomy":"product_brand","embeddable":true,"href":"https:\/\/distribuidorcintastesa.es\/pt-pt\/wp-json\/wp\/v2\/product_brand?post=5349"},{"taxonomy":"product_cat","embeddable":true,"href":"https:\/\/distribuidorcintastesa.es\/pt-pt\/wp-json\/wp\/v2\/product_cat?post=5349"},{"taxonomy":"product_tag","embeddable":true,"href":"https:\/\/distribuidorcintastesa.es\/pt-pt\/wp-json\/wp\/v2\/product_tag?post=5349"}],"curies":[{"name":"wp","href":"https:\/\/api.w.org\/{rel}","templated":true}]}}