{"id":5241,"date":"2022-03-11T10:44:26","date_gmt":"2022-03-11T10:44:27","guid":{"rendered":"https:\/\/distribuidorcintastesa.es\/?post_type=product&#038;p=5241"},"modified":"2022-03-11T11:41:24","modified_gmt":"2022-03-11T11:41:24","slug":"tesa-dispensador-6400-comfort","status":"publish","type":"product","link":"https:\/\/distribuidorcintastesa.es\/pt-pt\/producto\/tesa-dispensador-6400-comfort\/","title":{"rendered":"Tesa\u00ae 6400 Comfort"},"content":{"rendered":"<p><strong>Tesa dispensador 6400 Comfort<\/strong><\/p>\n<p>O tesa\u00ae 6400 \u00e9 um dispensador de caixa manual robusto que pode ser usado com todos os tipos de fitas de embalagem tesa\u00ae at\u00e9 50mm de largura. Seu sistema de l\u00e2minas protegidas oferece mais seguran\u00e7a. A fita \u00e9 cortada ao pressionar a aba acima da fita, fazendo com que a l\u00e2mina serrilhada se projete para cortar a fita. A tens\u00e3o da fita \u00e9 ajust\u00e1vel manualmente com um freio, localizado no centro do suporte do mandril. Tesa\u00ae 6400 tem uma pega macia e emborrachada que garante uma pega confort\u00e1vel e segura.<\/p>\n<p>&#8211; Punho emborrachado para maior conforto e seguran\u00e7a.<br \/>\n&#8211; Tens\u00e3o da fita ajust\u00e1vel manualmente com freio.<br \/>\n&#8211; L\u00e2mina protegida.<br \/>\n&#8211; Resistente.<\/p>\n<p><strong>principais aplica\u00e7\u00f5es<\/strong><\/p>\n<p>Coloque o dispensador na caixa e puxe-o em sua dire\u00e7\u00e3o pressionando a fita com o rolo de borracha. A fita \u00e9 cortada com a l\u00e2mina inclinando o dispensador e pressionando a aba contra a caixa. O rolo tesa\u00ae \u00e9 colocado no suporte do n\u00facleo de forma que o lado adesivo da fita fique voltado para baixo. Puxe a extremidade da fita entre o rolo guia da fita e a placa de metal at\u00e9 que a fita fique sem rugas.<\/p>\n<p>&nbsp;<\/p>\n<p>&nbsp;<\/p>\n<p><img fetchpriority=\"high\" decoding=\"async\" class=\"alignnone wp-image-5249 size-medium\" src=\"https:\/\/distribuidorcintastesa.es\/wp-content\/uploads\/2022\/03\/tesa-6400_1-300x264.jpg\" alt=\"Tesa 6400 Comfort\" width=\"300\" height=\"264\" srcset=\"https:\/\/distribuidorcintastesa.es\/wp-content\/uploads\/2022\/03\/tesa-6400_1-300x264.jpg 300w, https:\/\/distribuidorcintastesa.es\/wp-content\/uploads\/2022\/03\/tesa-6400_1-64x56.jpg 64w, https:\/\/distribuidorcintastesa.es\/wp-content\/uploads\/2022\/03\/tesa-6400_1.jpg 404w\" sizes=\"(max-width: 300px) 100vw, 300px\" \/><\/p>\n<p>&nbsp;<\/p>\n<p>&nbsp;<\/p>\n<p><strong> Dados t\u00e9cnicos Tesa dispensador 6400 Comfort<\/strong><\/p>\n<table width=\"479\">\n<tbody>\n<tr>\n<td width=\"250\">largura do rolo [mm]<\/td>\n<td width=\"229\">50<\/td>\n<\/tr>\n<tr>\n<td>di\u00e2metro m\u00e1x. rolo [mm]<\/td>\n<td>170<\/td>\n<\/tr>\n<tr>\n<td>Di\u00e2metro interno do mandril [&#8220;]<\/td>\n<td>3<\/td>\n<\/tr>\n<tr>\n<td>Peso [gr.]<\/td>\n<td>500<\/td>\n<\/tr>\n<\/tbody>\n<\/table>\n<table width=\"555\">\n<tbody>\n<tr>\n<td width=\"94\"><strong>PRODUTO<\/strong><\/td>\n<td width=\"134\"><strong>UNIDADE<\/strong><\/td>\n<td width=\"193\"><strong>EMBALAGEM<\/strong><\/td>\n<td width=\"134\"><strong>COR<\/strong><\/td>\n<\/tr>\n<tr>\n<td><strong>6400<\/strong><\/td>\n<td width=\"134\">Dispensador<\/td>\n<td width=\"193\">20 dispensadores\/Caixa<\/td>\n<td width=\"134\"><img decoding=\"async\" class=\"alignnone size-full wp-image-5253\" src=\"https:\/\/distribuidorcintastesa.es\/wp-content\/uploads\/2022\/03\/rojo_azul.jpg\" alt=\"rojo\/azul\" width=\"38\" height=\"19\" \/><\/td>\n<\/tr>\n<\/tbody>\n<\/table>\n","protected":false},"excerpt":{"rendered":"<p>Tesa dispensador 6400 Comfort O tesa\u00ae 6400 \u00e9 um dispensador de caixa manual robusto que pode ser usado com todos os tipos de fitas de embalagem tesa\u00ae at\u00e9 50mm de largura. Seu sistema de l\u00e2minas protegidas oferece mais seguran\u00e7a. A fita \u00e9 cortada ao pressionar a aba acima da fita, fazendo com que a l\u00e2mina [&hellip;]<\/p>\n","protected":false},"featured_media":5245,"template":"","meta":{"site-sidebar-layout":"default","site-content-layout":"","ast-site-content-layout":"default","site-content-style":"default","site-sidebar-style":"default","ast-global-header-display":"","ast-banner-title-visibility":"","ast-main-header-display":"","ast-hfb-above-header-display":"","ast-hfb-below-header-display":"","ast-hfb-mobile-header-display":"","site-post-title":"","ast-breadcrumbs-content":"","ast-featured-img":"","footer-sml-layout":"","ast-disable-related-posts":"","theme-transparent-header-meta":"","adv-header-id-meta":"","stick-header-meta":"","header-above-stick-meta":"","header-main-stick-meta":"","header-below-stick-meta":"","astra-migrate-meta-layouts":"default","ast-page-background-enabled":"default","ast-page-background-meta":{"desktop":{"background-color":"","background-image":"","background-repeat":"repeat","background-position":"center center","background-size":"auto","background-attachment":"scroll","background-type":"","background-media":"","overlay-type":"","overlay-color":"","overlay-opacity":"","overlay-gradient":""},"tablet":{"background-color":"","background-image":"","background-repeat":"repeat","background-position":"center center","background-size":"auto","background-attachment":"scroll","background-type":"","background-media":"","overlay-type":"","overlay-color":"","overlay-opacity":"","overlay-gradient":""},"mobile":{"background-color":"","background-image":"","background-repeat":"repeat","background-position":"center center","background-size":"auto","background-attachment":"scroll","background-type":"","background-media":"","overlay-type":"","overlay-color":"","overlay-opacity":"","overlay-gradient":""}},"ast-content-background-meta":{"desktop":{"background-color":"var(--ast-global-color-5)","background-image":"","background-repeat":"repeat","background-position":"center center","background-size":"auto","background-attachment":"scroll","background-type":"","background-media":"","overlay-type":"","overlay-color":"","overlay-opacity":"","overlay-gradient":""},"tablet":{"background-color":"var(--ast-global-color-5)","background-image":"","background-repeat":"repeat","background-position":"center center","background-size":"auto","background-attachment":"scroll","background-type":"","background-media":"","overlay-type":"","overlay-color":"","overlay-opacity":"","overlay-gradient":""},"mobile":{"background-color":"var(--ast-global-color-5)","background-image":"","background-repeat":"repeat","background-position":"center center","background-size":"auto","background-attachment":"scroll","background-type":"","background-media":"","overlay-type":"","overlay-color":"","overlay-opacity":"","overlay-gradient":""}}},"product_brand":[],"product_cat":[171],"product_tag":[],"class_list":{"0":"post-5241","1":"product","2":"type-product","3":"status-publish","4":"has-post-thumbnail","6":"product_cat-dispensers-pt-pt","7":"desktop-align-center","8":"tablet-align-center","9":"mobile-align-center","11":"first","12":"instock","13":"shipping-taxable","14":"product-type-simple"},"yoast_head":"<!-- This site is optimized with the Yoast SEO Premium plugin v27.2 (Yoast SEO v27.2) - https:\/\/yoast.com\/product\/yoast-seo-premium-wordpress\/ -->\n<title>Tesa dispensador 6400 Comfort Dispensador Tesa Dispensador Manuais<\/title>\n<meta name=\"description\" content=\"Tesa dispensador 6400 Comfort Dispensadores Tesa Dispensadores Manuais. Robusto para veda\u00e7\u00e3o de caixas. Dispon\u00edvel na nossa loja online\" \/>\n<meta name=\"robots\" content=\"index, follow, max-snippet:-1, max-image-preview:large, max-video-preview:-1\" \/>\n<link rel=\"canonical\" href=\"https:\/\/distribuidorcintastesa.es\/pt-pt\/producto\/tesa-dispensador-6400-comfort\/\" \/>\n<meta property=\"og:locale\" content=\"pt_PT\" \/>\n<meta property=\"og:type\" content=\"article\" \/>\n<meta property=\"og:title\" content=\"Tesa\u00ae 6400 Comfort\" \/>\n<meta property=\"og:description\" content=\"Tesa dispensador 6400 Comfort Dispensadores Tesa Dispensadores Manuais. Robusto para veda\u00e7\u00e3o de caixas. Dispon\u00edvel na nossa loja online\" \/>\n<meta property=\"og:url\" content=\"https:\/\/distribuidorcintastesa.es\/pt-pt\/producto\/tesa-dispensador-6400-comfort\/\" \/>\n<meta property=\"og:site_name\" content=\"Distribuidor de cintas tesa, cintas tesa, tesa cintas, distribuidor tesa, tesa productos, productos tesa, tesa distribuidores, http:\/\/www.http:\/\/distribuidorcintas3m.es, Mejores ofertas en cintas\" \/>\n<meta property=\"article:modified_time\" content=\"2022-03-11T11:41:24+00:00\" \/>\n<meta property=\"og:image\" content=\"https:\/\/distribuidorcintastesa.es\/wp-content\/uploads\/2022\/03\/tesa-6400.jpg\" \/>\n\t<meta property=\"og:image:width\" content=\"516\" \/>\n\t<meta property=\"og:image:height\" content=\"616\" \/>\n\t<meta property=\"og:image:type\" content=\"image\/jpeg\" \/>\n<meta name=\"twitter:card\" content=\"summary_large_image\" \/>\n<meta name=\"twitter:label1\" content=\"Tempo estimado de leitura\" \/>\n\t<meta name=\"twitter:data1\" content=\"2 minutos\" \/>\n<script type=\"application\/ld+json\" class=\"yoast-schema-graph\">{\"@context\":\"https:\/\/schema.org\",\"@graph\":[{\"@type\":\"WebPage\",\"@id\":\"https:\/\/distribuidorcintastesa.es\/pt-pt\/producto\/tesa-dispensador-6400-comfort\/\",\"url\":\"https:\/\/distribuidorcintastesa.es\/pt-pt\/producto\/tesa-dispensador-6400-comfort\/\",\"name\":\"Tesa dispensador 6400 Comfort Dispensador Tesa Dispensador Manuais\",\"isPartOf\":{\"@id\":\"https:\/\/distribuidorcintastesa.es\/pt-pt\/#website\"},\"primaryImageOfPage\":{\"@id\":\"https:\/\/distribuidorcintastesa.es\/pt-pt\/producto\/tesa-dispensador-6400-comfort\/#primaryimage\"},\"image\":{\"@id\":\"https:\/\/distribuidorcintastesa.es\/pt-pt\/producto\/tesa-dispensador-6400-comfort\/#primaryimage\"},\"thumbnailUrl\":\"https:\/\/distribuidorcintastesa.es\/wp-content\/uploads\/2022\/03\/tesa-6400.jpg\",\"datePublished\":\"2022-03-11T10:44:27+00:00\",\"dateModified\":\"2022-03-11T11:41:24+00:00\",\"description\":\"Tesa dispensador 6400 Comfort Dispensadores Tesa Dispensadores Manuais. Robusto para veda\u00e7\u00e3o de caixas. Dispon\u00edvel na nossa loja online\",\"breadcrumb\":{\"@id\":\"https:\/\/distribuidorcintastesa.es\/pt-pt\/producto\/tesa-dispensador-6400-comfort\/#breadcrumb\"},\"inLanguage\":\"pt-PT\",\"potentialAction\":[{\"@type\":\"ReadAction\",\"target\":[\"https:\/\/distribuidorcintastesa.es\/pt-pt\/producto\/tesa-dispensador-6400-comfort\/\"]}]},{\"@type\":\"ImageObject\",\"inLanguage\":\"pt-PT\",\"@id\":\"https:\/\/distribuidorcintastesa.es\/pt-pt\/producto\/tesa-dispensador-6400-comfort\/#primaryimage\",\"url\":\"https:\/\/distribuidorcintastesa.es\/wp-content\/uploads\/2022\/03\/tesa-6400.jpg\",\"contentUrl\":\"https:\/\/distribuidorcintastesa.es\/wp-content\/uploads\/2022\/03\/tesa-6400.jpg\",\"width\":516,\"height\":616,\"caption\":\"Tesa 6400 Comfort\"},{\"@type\":\"BreadcrumbList\",\"@id\":\"https:\/\/distribuidorcintastesa.es\/pt-pt\/producto\/tesa-dispensador-6400-comfort\/#breadcrumb\",\"itemListElement\":[{\"@type\":\"ListItem\",\"position\":1,\"name\":\"Portada\",\"item\":\"https:\/\/distribuidorcintastesa.es\/pt-pt\/\"},{\"@type\":\"ListItem\",\"position\":2,\"name\":\"Produtos\",\"item\":\"https:\/\/distribuidorcintastesa.es\/pt-pt\/produtos\/\"},{\"@type\":\"ListItem\",\"position\":3,\"name\":\"Tesa\u00ae 6400 Comfort\"}]},{\"@type\":\"WebSite\",\"@id\":\"https:\/\/distribuidorcintastesa.es\/pt-pt\/#website\",\"url\":\"https:\/\/distribuidorcintastesa.es\/pt-pt\/\",\"name\":\"Distribuidor de cintas tesa\",\"description\":\"Distribuidor de cintas tesa, cintas tesa, tesa cintas, distribuidor tesa, tesa productos, productos tesa, tesa distribuidores, cintas y adhesivos, tesa cinta doble cara, cinta tesa doble cara, adhesivos tesa, cinta antideslizante, velcro tesa, cinta reflectante, tesa supergen, softprint, cinta doble cara tesa, selladores y adhesivos, cintas adhesivas de doble cara, cintas de aluminio, cintas de vinilo para se\u00f1alizaci\u00f3n, cintas de tela americanas, cintas de papel para enmascarar, cintas para embalaje\",\"publisher\":{\"@id\":\"https:\/\/distribuidorcintastesa.es\/pt-pt\/#organization\"},\"potentialAction\":[{\"@type\":\"SearchAction\",\"target\":{\"@type\":\"EntryPoint\",\"urlTemplate\":\"https:\/\/distribuidorcintastesa.es\/pt-pt\/?s={search_term_string}\"},\"query-input\":{\"@type\":\"PropertyValueSpecification\",\"valueRequired\":true,\"valueName\":\"search_term_string\"}}],\"inLanguage\":\"pt-PT\"},{\"@type\":\"Organization\",\"@id\":\"https:\/\/distribuidorcintastesa.es\/pt-pt\/#organization\",\"name\":\"Distribuidor de cintas tesa\",\"url\":\"https:\/\/distribuidorcintastesa.es\/pt-pt\/\",\"logo\":{\"@type\":\"ImageObject\",\"inLanguage\":\"pt-PT\",\"@id\":\"https:\/\/distribuidorcintastesa.es\/pt-pt\/#\/schema\/logo\/image\/\",\"url\":\"https:\/\/distribuidorcintastesa.es\/wp-content\/uploads\/2022\/10\/logo-espanol-portugues.png\",\"contentUrl\":\"https:\/\/distribuidorcintastesa.es\/wp-content\/uploads\/2022\/10\/logo-espanol-portugues.png\",\"width\":871,\"height\":142,\"caption\":\"Distribuidor de cintas tesa\"},\"image\":{\"@id\":\"https:\/\/distribuidorcintastesa.es\/pt-pt\/#\/schema\/logo\/image\/\"},\"sameAs\":[\"https:\/\/muralsrd.com\/\",\"https:\/\/solbi-mural.com\/es\/\",\"https:\/\/distribuidor-cintas-adhesivas.es\",\"https:\/\/www.instagram.com\/solbimural\/?igsh=ZnR6ZmkzZm1ubWhl\"]}]}<\/script>\n<!-- \/ Yoast SEO Premium plugin. -->","yoast_head_json":{"title":"Tesa dispensador 6400 Comfort Dispensador Tesa Dispensador Manuais","description":"Tesa dispensador 6400 Comfort Dispensadores Tesa Dispensadores Manuais. Robusto para veda\u00e7\u00e3o de caixas. Dispon\u00edvel na nossa loja online","robots":{"index":"index","follow":"follow","max-snippet":"max-snippet:-1","max-image-preview":"max-image-preview:large","max-video-preview":"max-video-preview:-1"},"canonical":"https:\/\/distribuidorcintastesa.es\/pt-pt\/producto\/tesa-dispensador-6400-comfort\/","og_locale":"pt_PT","og_type":"article","og_title":"Tesa\u00ae 6400 Comfort","og_description":"Tesa dispensador 6400 Comfort Dispensadores Tesa Dispensadores Manuais. Robusto para veda\u00e7\u00e3o de caixas. Dispon\u00edvel na nossa loja online","og_url":"https:\/\/distribuidorcintastesa.es\/pt-pt\/producto\/tesa-dispensador-6400-comfort\/","og_site_name":"Distribuidor de cintas tesa, cintas tesa, tesa cintas, distribuidor tesa, tesa productos, productos tesa, tesa distribuidores, http:\/\/www.http:\/\/distribuidorcintas3m.es, Mejores ofertas en cintas","article_modified_time":"2022-03-11T11:41:24+00:00","og_image":[{"width":516,"height":616,"url":"https:\/\/distribuidorcintastesa.es\/wp-content\/uploads\/2022\/03\/tesa-6400.jpg","type":"image\/jpeg"}],"twitter_card":"summary_large_image","twitter_misc":{"Tempo estimado de leitura":"2 minutos"},"schema":{"@context":"https:\/\/schema.org","@graph":[{"@type":"WebPage","@id":"https:\/\/distribuidorcintastesa.es\/pt-pt\/producto\/tesa-dispensador-6400-comfort\/","url":"https:\/\/distribuidorcintastesa.es\/pt-pt\/producto\/tesa-dispensador-6400-comfort\/","name":"Tesa dispensador 6400 Comfort Dispensador Tesa Dispensador Manuais","isPartOf":{"@id":"https:\/\/distribuidorcintastesa.es\/pt-pt\/#website"},"primaryImageOfPage":{"@id":"https:\/\/distribuidorcintastesa.es\/pt-pt\/producto\/tesa-dispensador-6400-comfort\/#primaryimage"},"image":{"@id":"https:\/\/distribuidorcintastesa.es\/pt-pt\/producto\/tesa-dispensador-6400-comfort\/#primaryimage"},"thumbnailUrl":"https:\/\/distribuidorcintastesa.es\/wp-content\/uploads\/2022\/03\/tesa-6400.jpg","datePublished":"2022-03-11T10:44:27+00:00","dateModified":"2022-03-11T11:41:24+00:00","description":"Tesa dispensador 6400 Comfort Dispensadores Tesa Dispensadores Manuais. Robusto para veda\u00e7\u00e3o de caixas. Dispon\u00edvel na nossa loja online","breadcrumb":{"@id":"https:\/\/distribuidorcintastesa.es\/pt-pt\/producto\/tesa-dispensador-6400-comfort\/#breadcrumb"},"inLanguage":"pt-PT","potentialAction":[{"@type":"ReadAction","target":["https:\/\/distribuidorcintastesa.es\/pt-pt\/producto\/tesa-dispensador-6400-comfort\/"]}]},{"@type":"ImageObject","inLanguage":"pt-PT","@id":"https:\/\/distribuidorcintastesa.es\/pt-pt\/producto\/tesa-dispensador-6400-comfort\/#primaryimage","url":"https:\/\/distribuidorcintastesa.es\/wp-content\/uploads\/2022\/03\/tesa-6400.jpg","contentUrl":"https:\/\/distribuidorcintastesa.es\/wp-content\/uploads\/2022\/03\/tesa-6400.jpg","width":516,"height":616,"caption":"Tesa 6400 Comfort"},{"@type":"BreadcrumbList","@id":"https:\/\/distribuidorcintastesa.es\/pt-pt\/producto\/tesa-dispensador-6400-comfort\/#breadcrumb","itemListElement":[{"@type":"ListItem","position":1,"name":"Portada","item":"https:\/\/distribuidorcintastesa.es\/pt-pt\/"},{"@type":"ListItem","position":2,"name":"Produtos","item":"https:\/\/distribuidorcintastesa.es\/pt-pt\/produtos\/"},{"@type":"ListItem","position":3,"name":"Tesa\u00ae 6400 Comfort"}]},{"@type":"WebSite","@id":"https:\/\/distribuidorcintastesa.es\/pt-pt\/#website","url":"https:\/\/distribuidorcintastesa.es\/pt-pt\/","name":"Distribuidor de cintas tesa","description":"Distribuidor de cintas tesa, cintas tesa, tesa cintas, distribuidor tesa, tesa productos, productos tesa, tesa distribuidores, cintas y adhesivos, tesa cinta doble cara, cinta tesa doble cara, adhesivos tesa, cinta antideslizante, velcro tesa, cinta reflectante, tesa supergen, softprint, cinta doble cara tesa, selladores y adhesivos, cintas adhesivas de doble cara, cintas de aluminio, cintas de vinilo para se\u00f1alizaci\u00f3n, cintas de tela americanas, cintas de papel para enmascarar, cintas para embalaje","publisher":{"@id":"https:\/\/distribuidorcintastesa.es\/pt-pt\/#organization"},"potentialAction":[{"@type":"SearchAction","target":{"@type":"EntryPoint","urlTemplate":"https:\/\/distribuidorcintastesa.es\/pt-pt\/?s={search_term_string}"},"query-input":{"@type":"PropertyValueSpecification","valueRequired":true,"valueName":"search_term_string"}}],"inLanguage":"pt-PT"},{"@type":"Organization","@id":"https:\/\/distribuidorcintastesa.es\/pt-pt\/#organization","name":"Distribuidor de cintas tesa","url":"https:\/\/distribuidorcintastesa.es\/pt-pt\/","logo":{"@type":"ImageObject","inLanguage":"pt-PT","@id":"https:\/\/distribuidorcintastesa.es\/pt-pt\/#\/schema\/logo\/image\/","url":"https:\/\/distribuidorcintastesa.es\/wp-content\/uploads\/2022\/10\/logo-espanol-portugues.png","contentUrl":"https:\/\/distribuidorcintastesa.es\/wp-content\/uploads\/2022\/10\/logo-espanol-portugues.png","width":871,"height":142,"caption":"Distribuidor de cintas tesa"},"image":{"@id":"https:\/\/distribuidorcintastesa.es\/pt-pt\/#\/schema\/logo\/image\/"},"sameAs":["https:\/\/muralsrd.com\/","https:\/\/solbi-mural.com\/es\/","https:\/\/distribuidor-cintas-adhesivas.es","https:\/\/www.instagram.com\/solbimural\/?igsh=ZnR6ZmkzZm1ubWhl"]}]}},"_links":{"self":[{"href":"https:\/\/distribuidorcintastesa.es\/pt-pt\/wp-json\/wp\/v2\/product\/5241","targetHints":{"allow":["GET"]}}],"collection":[{"href":"https:\/\/distribuidorcintastesa.es\/pt-pt\/wp-json\/wp\/v2\/product"}],"about":[{"href":"https:\/\/distribuidorcintastesa.es\/pt-pt\/wp-json\/wp\/v2\/types\/product"}],"wp:featuredmedia":[{"embeddable":true,"href":"https:\/\/distribuidorcintastesa.es\/pt-pt\/wp-json\/wp\/v2\/media\/5245"}],"wp:attachment":[{"href":"https:\/\/distribuidorcintastesa.es\/pt-pt\/wp-json\/wp\/v2\/media?parent=5241"}],"wp:term":[{"taxonomy":"product_brand","embeddable":true,"href":"https:\/\/distribuidorcintastesa.es\/pt-pt\/wp-json\/wp\/v2\/product_brand?post=5241"},{"taxonomy":"product_cat","embeddable":true,"href":"https:\/\/distribuidorcintastesa.es\/pt-pt\/wp-json\/wp\/v2\/product_cat?post=5241"},{"taxonomy":"product_tag","embeddable":true,"href":"https:\/\/distribuidorcintastesa.es\/pt-pt\/wp-json\/wp\/v2\/product_tag?post=5241"}],"curies":[{"name":"wp","href":"https:\/\/api.w.org\/{rel}","templated":true}]}}