{"id":5196,"date":"2022-03-09T14:38:10","date_gmt":"2022-03-09T14:38:10","guid":{"rendered":"https:\/\/distribuidorcintastesa.es\/?post_type=product&#038;p=5196"},"modified":"2022-03-10T14:57:38","modified_gmt":"2022-03-10T14:57:38","slug":"tesa-64014-poliolefina-hi-tack","status":"publish","type":"product","link":"https:\/\/distribuidorcintastesa.es\/pt-pt\/producto\/tesa-64014-poliolefina-hi-tack\/","title":{"rendered":"Tesa\u00ae 64014 Poliolefina Hi-Tack"},"content":{"rendered":"<p><strong>Tesa 64014 Poliolefina Hi-Tack<\/strong><\/p>\n<p>Tesa\u00ae 64014 \u00e9 uma fita de poliolefina com um adesivo acr\u00edlico especial \u00e0 base de \u00e1gua.<\/p>\n<p>Sendo um produto livre de cloreto e baseado apenas em derivados de \u00f3leo mineral, a destrui\u00e7\u00e3o pelo calor \u00e9 ecologicamente correta.<br \/>\nO processo de reciclagem de res\u00edduos de papel\u00e3o n\u00e3o ser\u00e1 interrompido conforme confirmado pelas principais empresas de reciclagem e papel.<\/p>\n<p>&#8211; Poliolefina com adesivo acr\u00edlico \u00e0 base de \u00e1gua.<br \/>\n&#8211; Muito resistente ao envelhecimento e aos raios UV.<br \/>\n&#8211; Desenrolamento silencioso e muito suave.<br \/>\n&#8211; Adequado para uso na maioria dos dispensadores manuais<\/p>\n<p><strong>principais aplica\u00e7\u00f5es<\/strong><\/p>\n<p>&#8211; Selagem manual de caixas leves e m\u00e9dias.<\/p>\n<p>&nbsp;<\/p>\n<p><img decoding=\"async\" class=\"alignnone wp-image-5208 size-medium\" src=\"https:\/\/distribuidorcintastesa.es\/wp-content\/uploads\/2022\/03\/tesa-64014_1-300x164.jpg\" alt=\"Tesa 64014 Poliolefina Hi-Tack\" width=\"300\" height=\"164\" srcset=\"https:\/\/distribuidorcintastesa.es\/wp-content\/uploads\/2022\/03\/tesa-64014_1-300x164.jpg 300w, https:\/\/distribuidorcintastesa.es\/wp-content\/uploads\/2022\/03\/tesa-64014_1-600x329.jpg 600w, https:\/\/distribuidorcintastesa.es\/wp-content\/uploads\/2022\/03\/tesa-64014_1-64x35.jpg 64w, https:\/\/distribuidorcintastesa.es\/wp-content\/uploads\/2022\/03\/tesa-64014_1.jpg 619w\" sizes=\"(max-width: 300px) 100vw, 300px\" \/><\/p>\n<p><a href=\"https:\/\/www.youtube.com\/c\/cintaadhesivaSolbi\/featured\" target=\"_blank\" rel=\"noopener\">Tesa\u00ae 64014 Poliolefina Hi-Tack<\/a><\/p>\n<p>&nbsp;<\/p>\n<p><strong> Dados t\u00e9cnicos Tesa 64014 Poliolefina Hi-Tack<\/strong><\/p>\n<table width=\"479\">\n<tbody>\n<tr>\n<td width=\"250\">Soporte<\/td>\n<td width=\"229\">Poliolefina<\/td>\n<\/tr>\n<tr>\n<td>Tipo de adhesivo<\/td>\n<td>acr\u00edlico<\/td>\n<\/tr>\n<tr>\n<td>Alongamento na ruptura [%]<\/td>\n<td>75<\/td>\n<\/tr>\n<tr>\n<td>Resist\u00eancia \u00e0 tra\u00e7\u00e3o [N\/cm]<\/td>\n<td>43<\/td>\n<\/tr>\n<tr>\n<td>Espessura total\u00a0 [\u00b5m]<\/td>\n<td>49<\/td>\n<\/tr>\n<tr>\n<td>Ades\u00e3o \/ a\u00e7o [N\/cm]<\/td>\n<td>2<\/td>\n<\/tr>\n<tr>\n<td>Resist. Quebra [N\/cm]<\/td>\n<td>43<\/td>\n<\/tr>\n<\/tbody>\n<\/table>\n<p><strong>Caracteristicas<\/strong><\/p>\n<table width=\"597\">\n<tbody>\n<tr>\n<td colspan=\"2\" width=\"393\">desenrolamento silencioso<\/td>\n<td colspan=\"2\" width=\"204\">sim<\/td>\n<\/tr>\n<tr>\n<td colspan=\"2\">aplica\u00e7\u00e3o manual<\/td>\n<td colspan=\"2\">sim<\/td>\n<\/tr>\n<\/tbody>\n<\/table>\n<table width=\"630\">\n<tbody>\n<tr>\n<td width=\"94\"><strong>PRODUTO<\/strong><\/td>\n<td width=\"134\"><strong>UNIDADE<\/strong><\/td>\n<td width=\"134\"><strong>EMBALAGEM<\/strong><\/td>\n<td width=\"134\"><strong>DIMENSOES<\/strong><\/td>\n<td width=\"134\"><strong>COR<\/strong><\/td>\n<\/tr>\n<tr>\n<td rowspan=\"2\" width=\"94\"><strong>64014<\/strong><\/td>\n<td width=\"134\">Rolo<\/td>\n<td width=\"134\">36 Rolos\/Caixa<\/td>\n<td width=\"134\">50 mm x 66 mt<\/td>\n<td width=\"134\"><img decoding=\"async\" class=\"alignnone size-full wp-image-4416\" src=\"https:\/\/distribuidorcintastesa.es\/wp-content\/uploads\/2021\/10\/Transparente.jpg\" alt=\"\" width=\"38\" height=\"19\" \/><img decoding=\"async\" class=\"alignnone size-full wp-image-2988\" src=\"https:\/\/distribuidorcintastesa.es\/wp-content\/uploads\/2021\/02\/blanco_1.jpg\" alt=\"color BLANCO\" width=\"38\" height=\"19\" \/><img loading=\"lazy\" decoding=\"async\" class=\"alignnone size-full wp-image-3031\" src=\"https:\/\/distribuidorcintastesa.es\/wp-content\/uploads\/2021\/03\/MARRON_1.png\" alt=\"color marron\" width=\"38\" height=\"19\" \/><\/td>\n<\/tr>\n<tr>\n<td width=\"134\">Rolo<\/td>\n<td width=\"134\">36 Rolos\/Caixa<\/td>\n<td width=\"134\">50 mm x 100 mt<\/td>\n<td width=\"134\"><img decoding=\"async\" class=\"alignnone size-full wp-image-4416\" src=\"https:\/\/distribuidorcintastesa.es\/wp-content\/uploads\/2021\/10\/Transparente.jpg\" alt=\"\" width=\"38\" height=\"19\" \/><\/td>\n<\/tr>\n<\/tbody>\n<\/table>\n<p><a href=\"https:\/\/distribuidorcintastesa.es\/pt-pt\/catalogos\/\" target=\"_blank\" rel=\"noopener\">Cat\u00e1logos TESA<\/a><\/p>\n","protected":false},"excerpt":{"rendered":"<p>Tesa 64014 Poliolefina Hi-Tack Tesa\u00ae 64014 \u00e9 uma fita de poliolefina com um adesivo acr\u00edlico especial \u00e0 base de \u00e1gua. Sendo um produto livre de cloreto e baseado apenas em derivados de \u00f3leo mineral, a destrui\u00e7\u00e3o pelo calor \u00e9 ecologicamente correta. O processo de reciclagem de res\u00edduos de papel\u00e3o n\u00e3o ser\u00e1 interrompido conforme confirmado pelas [&hellip;]<\/p>\n","protected":false},"featured_media":5204,"template":"","meta":{"site-sidebar-layout":"default","site-content-layout":"","ast-site-content-layout":"default","site-content-style":"default","site-sidebar-style":"default","ast-global-header-display":"","ast-banner-title-visibility":"","ast-main-header-display":"","ast-hfb-above-header-display":"","ast-hfb-below-header-display":"","ast-hfb-mobile-header-display":"","site-post-title":"","ast-breadcrumbs-content":"","ast-featured-img":"","footer-sml-layout":"","ast-disable-related-posts":"","theme-transparent-header-meta":"","adv-header-id-meta":"","stick-header-meta":"","header-above-stick-meta":"","header-main-stick-meta":"","header-below-stick-meta":"","astra-migrate-meta-layouts":"default","ast-page-background-enabled":"default","ast-page-background-meta":{"desktop":{"background-color":"","background-image":"","background-repeat":"repeat","background-position":"center center","background-size":"auto","background-attachment":"scroll","background-type":"","background-media":"","overlay-type":"","overlay-color":"","overlay-opacity":"","overlay-gradient":""},"tablet":{"background-color":"","background-image":"","background-repeat":"repeat","background-position":"center center","background-size":"auto","background-attachment":"scroll","background-type":"","background-media":"","overlay-type":"","overlay-color":"","overlay-opacity":"","overlay-gradient":""},"mobile":{"background-color":"","background-image":"","background-repeat":"repeat","background-position":"center center","background-size":"auto","background-attachment":"scroll","background-type":"","background-media":"","overlay-type":"","overlay-color":"","overlay-opacity":"","overlay-gradient":""}},"ast-content-background-meta":{"desktop":{"background-color":"var(--ast-global-color-5)","background-image":"","background-repeat":"repeat","background-position":"center center","background-size":"auto","background-attachment":"scroll","background-type":"","background-media":"","overlay-type":"","overlay-color":"","overlay-opacity":"","overlay-gradient":""},"tablet":{"background-color":"var(--ast-global-color-5)","background-image":"","background-repeat":"repeat","background-position":"center center","background-size":"auto","background-attachment":"scroll","background-type":"","background-media":"","overlay-type":"","overlay-color":"","overlay-opacity":"","overlay-gradient":""},"mobile":{"background-color":"var(--ast-global-color-5)","background-image":"","background-repeat":"repeat","background-position":"center center","background-size":"auto","background-attachment":"scroll","background-type":"","background-media":"","overlay-type":"","overlay-color":"","overlay-opacity":"","overlay-gradient":""}}},"product_brand":[],"product_cat":[2502,170],"product_tag":[],"class_list":{"0":"post-5196","1":"product","2":"type-product","3":"status-publish","4":"has-post-thumbnail","6":"product_cat-fitas-de-embalagem","7":"product_cat-solucoes-de-embalagem","8":"desktop-align-center","9":"tablet-align-center","10":"mobile-align-center","12":"first","13":"instock","14":"shipping-taxable","15":"product-type-simple"},"yoast_head":"<!-- This site is optimized with the Yoast SEO Premium plugin v27.2 (Yoast SEO v27.2) - https:\/\/yoast.com\/product\/yoast-seo-premium-wordpress\/ -->\n<title>Tesa 64014 Poliolefina Hi-Tack Solu\u00e7\u00f5es de embalagem Fitas embalagem<\/title>\n<meta name=\"description\" content=\"Tesa 64014 Poliolefina Hi-Tack Solu\u00e7\u00f5es de embalagem Fitas embalagem. Poliolefina com adesivo acr\u00edlico. Dispon\u00edvel na loja online\" \/>\n<meta name=\"robots\" content=\"index, follow, max-snippet:-1, max-image-preview:large, max-video-preview:-1\" \/>\n<link rel=\"canonical\" href=\"https:\/\/distribuidorcintastesa.es\/pt-pt\/producto\/tesa-64014-poliolefina-hi-tack\/\" \/>\n<meta property=\"og:locale\" content=\"pt_PT\" \/>\n<meta property=\"og:type\" content=\"article\" \/>\n<meta property=\"og:title\" content=\"Tesa\u00ae 64014 Poliolefina Hi-Tack\" \/>\n<meta property=\"og:description\" content=\"Tesa 64014 Poliolefina Hi-Tack Solu\u00e7\u00f5es de embalagem Fitas embalagem. Poliolefina com adesivo acr\u00edlico. Dispon\u00edvel na loja online\" \/>\n<meta property=\"og:url\" content=\"https:\/\/distribuidorcintastesa.es\/pt-pt\/producto\/tesa-64014-poliolefina-hi-tack\/\" \/>\n<meta property=\"og:site_name\" content=\"Distribuidor de cintas tesa, cintas tesa, tesa cintas, distribuidor tesa, tesa productos, productos tesa, tesa distribuidores, http:\/\/www.http:\/\/distribuidorcintas3m.es, Mejores ofertas en cintas\" \/>\n<meta property=\"article:modified_time\" content=\"2022-03-10T14:57:38+00:00\" \/>\n<meta property=\"og:image\" content=\"https:\/\/distribuidorcintastesa.es\/wp-content\/uploads\/2022\/03\/tesa-64014.jpg\" \/>\n\t<meta property=\"og:image:width\" content=\"568\" \/>\n\t<meta property=\"og:image:height\" content=\"541\" \/>\n\t<meta property=\"og:image:type\" content=\"image\/jpeg\" \/>\n<meta name=\"twitter:card\" content=\"summary_large_image\" \/>\n<meta name=\"twitter:label1\" content=\"Tempo estimado de leitura\" \/>\n\t<meta name=\"twitter:data1\" content=\"2 minutos\" \/>\n<script type=\"application\/ld+json\" class=\"yoast-schema-graph\">{\"@context\":\"https:\/\/schema.org\",\"@graph\":[{\"@type\":\"WebPage\",\"@id\":\"https:\/\/distribuidorcintastesa.es\/pt-pt\/producto\/tesa-64014-poliolefina-hi-tack\/\",\"url\":\"https:\/\/distribuidorcintastesa.es\/pt-pt\/producto\/tesa-64014-poliolefina-hi-tack\/\",\"name\":\"Tesa 64014 Poliolefina Hi-Tack Solu\u00e7\u00f5es de embalagem Fitas embalagem\",\"isPartOf\":{\"@id\":\"https:\/\/distribuidorcintastesa.es\/pt-pt\/#website\"},\"primaryImageOfPage\":{\"@id\":\"https:\/\/distribuidorcintastesa.es\/pt-pt\/producto\/tesa-64014-poliolefina-hi-tack\/#primaryimage\"},\"image\":{\"@id\":\"https:\/\/distribuidorcintastesa.es\/pt-pt\/producto\/tesa-64014-poliolefina-hi-tack\/#primaryimage\"},\"thumbnailUrl\":\"https:\/\/distribuidorcintastesa.es\/wp-content\/uploads\/2022\/03\/tesa-64014.jpg\",\"datePublished\":\"2022-03-09T14:38:10+00:00\",\"dateModified\":\"2022-03-10T14:57:38+00:00\",\"description\":\"Tesa 64014 Poliolefina Hi-Tack Solu\u00e7\u00f5es de embalagem Fitas embalagem. Poliolefina com adesivo acr\u00edlico. Dispon\u00edvel na loja online\",\"breadcrumb\":{\"@id\":\"https:\/\/distribuidorcintastesa.es\/pt-pt\/producto\/tesa-64014-poliolefina-hi-tack\/#breadcrumb\"},\"inLanguage\":\"pt-PT\",\"potentialAction\":[{\"@type\":\"ReadAction\",\"target\":[\"https:\/\/distribuidorcintastesa.es\/pt-pt\/producto\/tesa-64014-poliolefina-hi-tack\/\"]}]},{\"@type\":\"ImageObject\",\"inLanguage\":\"pt-PT\",\"@id\":\"https:\/\/distribuidorcintastesa.es\/pt-pt\/producto\/tesa-64014-poliolefina-hi-tack\/#primaryimage\",\"url\":\"https:\/\/distribuidorcintastesa.es\/wp-content\/uploads\/2022\/03\/tesa-64014.jpg\",\"contentUrl\":\"https:\/\/distribuidorcintastesa.es\/wp-content\/uploads\/2022\/03\/tesa-64014.jpg\",\"width\":568,\"height\":541,\"caption\":\"Tesa 64014 Poliolefina Hi-Tack\"},{\"@type\":\"BreadcrumbList\",\"@id\":\"https:\/\/distribuidorcintastesa.es\/pt-pt\/producto\/tesa-64014-poliolefina-hi-tack\/#breadcrumb\",\"itemListElement\":[{\"@type\":\"ListItem\",\"position\":1,\"name\":\"Portada\",\"item\":\"https:\/\/distribuidorcintastesa.es\/pt-pt\/\"},{\"@type\":\"ListItem\",\"position\":2,\"name\":\"Produtos\",\"item\":\"https:\/\/distribuidorcintastesa.es\/pt-pt\/produtos\/\"},{\"@type\":\"ListItem\",\"position\":3,\"name\":\"Tesa\u00ae 64014 Poliolefina Hi-Tack\"}]},{\"@type\":\"WebSite\",\"@id\":\"https:\/\/distribuidorcintastesa.es\/pt-pt\/#website\",\"url\":\"https:\/\/distribuidorcintastesa.es\/pt-pt\/\",\"name\":\"Distribuidor de cintas tesa\",\"description\":\"Distribuidor de cintas tesa, cintas tesa, tesa cintas, distribuidor tesa, tesa productos, productos tesa, tesa distribuidores, cintas y adhesivos, tesa cinta doble cara, cinta tesa doble cara, adhesivos tesa, cinta antideslizante, velcro tesa, cinta reflectante, tesa supergen, softprint, cinta doble cara tesa, selladores y adhesivos, cintas adhesivas de doble cara, cintas de aluminio, cintas de vinilo para se\u00f1alizaci\u00f3n, cintas de tela americanas, cintas de papel para enmascarar, cintas para embalaje\",\"publisher\":{\"@id\":\"https:\/\/distribuidorcintastesa.es\/pt-pt\/#organization\"},\"potentialAction\":[{\"@type\":\"SearchAction\",\"target\":{\"@type\":\"EntryPoint\",\"urlTemplate\":\"https:\/\/distribuidorcintastesa.es\/pt-pt\/?s={search_term_string}\"},\"query-input\":{\"@type\":\"PropertyValueSpecification\",\"valueRequired\":true,\"valueName\":\"search_term_string\"}}],\"inLanguage\":\"pt-PT\"},{\"@type\":\"Organization\",\"@id\":\"https:\/\/distribuidorcintastesa.es\/pt-pt\/#organization\",\"name\":\"Distribuidor de cintas tesa\",\"url\":\"https:\/\/distribuidorcintastesa.es\/pt-pt\/\",\"logo\":{\"@type\":\"ImageObject\",\"inLanguage\":\"pt-PT\",\"@id\":\"https:\/\/distribuidorcintastesa.es\/pt-pt\/#\/schema\/logo\/image\/\",\"url\":\"https:\/\/distribuidorcintastesa.es\/wp-content\/uploads\/2022\/10\/logo-espanol-portugues.png\",\"contentUrl\":\"https:\/\/distribuidorcintastesa.es\/wp-content\/uploads\/2022\/10\/logo-espanol-portugues.png\",\"width\":871,\"height\":142,\"caption\":\"Distribuidor de cintas tesa\"},\"image\":{\"@id\":\"https:\/\/distribuidorcintastesa.es\/pt-pt\/#\/schema\/logo\/image\/\"},\"sameAs\":[\"https:\/\/muralsrd.com\/\",\"https:\/\/solbi-mural.com\/es\/\",\"https:\/\/distribuidor-cintas-adhesivas.es\",\"https:\/\/www.instagram.com\/solbimural\/?igsh=ZnR6ZmkzZm1ubWhl\"]}]}<\/script>\n<!-- \/ Yoast SEO Premium plugin. -->","yoast_head_json":{"title":"Tesa 64014 Poliolefina Hi-Tack Solu\u00e7\u00f5es de embalagem Fitas embalagem","description":"Tesa 64014 Poliolefina Hi-Tack Solu\u00e7\u00f5es de embalagem Fitas embalagem. Poliolefina com adesivo acr\u00edlico. Dispon\u00edvel na loja online","robots":{"index":"index","follow":"follow","max-snippet":"max-snippet:-1","max-image-preview":"max-image-preview:large","max-video-preview":"max-video-preview:-1"},"canonical":"https:\/\/distribuidorcintastesa.es\/pt-pt\/producto\/tesa-64014-poliolefina-hi-tack\/","og_locale":"pt_PT","og_type":"article","og_title":"Tesa\u00ae 64014 Poliolefina Hi-Tack","og_description":"Tesa 64014 Poliolefina Hi-Tack Solu\u00e7\u00f5es de embalagem Fitas embalagem. Poliolefina com adesivo acr\u00edlico. Dispon\u00edvel na loja online","og_url":"https:\/\/distribuidorcintastesa.es\/pt-pt\/producto\/tesa-64014-poliolefina-hi-tack\/","og_site_name":"Distribuidor de cintas tesa, cintas tesa, tesa cintas, distribuidor tesa, tesa productos, productos tesa, tesa distribuidores, http:\/\/www.http:\/\/distribuidorcintas3m.es, Mejores ofertas en cintas","article_modified_time":"2022-03-10T14:57:38+00:00","og_image":[{"width":568,"height":541,"url":"https:\/\/distribuidorcintastesa.es\/wp-content\/uploads\/2022\/03\/tesa-64014.jpg","type":"image\/jpeg"}],"twitter_card":"summary_large_image","twitter_misc":{"Tempo estimado de leitura":"2 minutos"},"schema":{"@context":"https:\/\/schema.org","@graph":[{"@type":"WebPage","@id":"https:\/\/distribuidorcintastesa.es\/pt-pt\/producto\/tesa-64014-poliolefina-hi-tack\/","url":"https:\/\/distribuidorcintastesa.es\/pt-pt\/producto\/tesa-64014-poliolefina-hi-tack\/","name":"Tesa 64014 Poliolefina Hi-Tack Solu\u00e7\u00f5es de embalagem Fitas embalagem","isPartOf":{"@id":"https:\/\/distribuidorcintastesa.es\/pt-pt\/#website"},"primaryImageOfPage":{"@id":"https:\/\/distribuidorcintastesa.es\/pt-pt\/producto\/tesa-64014-poliolefina-hi-tack\/#primaryimage"},"image":{"@id":"https:\/\/distribuidorcintastesa.es\/pt-pt\/producto\/tesa-64014-poliolefina-hi-tack\/#primaryimage"},"thumbnailUrl":"https:\/\/distribuidorcintastesa.es\/wp-content\/uploads\/2022\/03\/tesa-64014.jpg","datePublished":"2022-03-09T14:38:10+00:00","dateModified":"2022-03-10T14:57:38+00:00","description":"Tesa 64014 Poliolefina Hi-Tack Solu\u00e7\u00f5es de embalagem Fitas embalagem. Poliolefina com adesivo acr\u00edlico. Dispon\u00edvel na loja online","breadcrumb":{"@id":"https:\/\/distribuidorcintastesa.es\/pt-pt\/producto\/tesa-64014-poliolefina-hi-tack\/#breadcrumb"},"inLanguage":"pt-PT","potentialAction":[{"@type":"ReadAction","target":["https:\/\/distribuidorcintastesa.es\/pt-pt\/producto\/tesa-64014-poliolefina-hi-tack\/"]}]},{"@type":"ImageObject","inLanguage":"pt-PT","@id":"https:\/\/distribuidorcintastesa.es\/pt-pt\/producto\/tesa-64014-poliolefina-hi-tack\/#primaryimage","url":"https:\/\/distribuidorcintastesa.es\/wp-content\/uploads\/2022\/03\/tesa-64014.jpg","contentUrl":"https:\/\/distribuidorcintastesa.es\/wp-content\/uploads\/2022\/03\/tesa-64014.jpg","width":568,"height":541,"caption":"Tesa 64014 Poliolefina Hi-Tack"},{"@type":"BreadcrumbList","@id":"https:\/\/distribuidorcintastesa.es\/pt-pt\/producto\/tesa-64014-poliolefina-hi-tack\/#breadcrumb","itemListElement":[{"@type":"ListItem","position":1,"name":"Portada","item":"https:\/\/distribuidorcintastesa.es\/pt-pt\/"},{"@type":"ListItem","position":2,"name":"Produtos","item":"https:\/\/distribuidorcintastesa.es\/pt-pt\/produtos\/"},{"@type":"ListItem","position":3,"name":"Tesa\u00ae 64014 Poliolefina Hi-Tack"}]},{"@type":"WebSite","@id":"https:\/\/distribuidorcintastesa.es\/pt-pt\/#website","url":"https:\/\/distribuidorcintastesa.es\/pt-pt\/","name":"Distribuidor de cintas tesa","description":"Distribuidor de cintas tesa, cintas tesa, tesa cintas, distribuidor tesa, tesa productos, productos tesa, tesa distribuidores, cintas y adhesivos, tesa cinta doble cara, cinta tesa doble cara, adhesivos tesa, cinta antideslizante, velcro tesa, cinta reflectante, tesa supergen, softprint, cinta doble cara tesa, selladores y adhesivos, cintas adhesivas de doble cara, cintas de aluminio, cintas de vinilo para se\u00f1alizaci\u00f3n, cintas de tela americanas, cintas de papel para enmascarar, cintas para embalaje","publisher":{"@id":"https:\/\/distribuidorcintastesa.es\/pt-pt\/#organization"},"potentialAction":[{"@type":"SearchAction","target":{"@type":"EntryPoint","urlTemplate":"https:\/\/distribuidorcintastesa.es\/pt-pt\/?s={search_term_string}"},"query-input":{"@type":"PropertyValueSpecification","valueRequired":true,"valueName":"search_term_string"}}],"inLanguage":"pt-PT"},{"@type":"Organization","@id":"https:\/\/distribuidorcintastesa.es\/pt-pt\/#organization","name":"Distribuidor de cintas tesa","url":"https:\/\/distribuidorcintastesa.es\/pt-pt\/","logo":{"@type":"ImageObject","inLanguage":"pt-PT","@id":"https:\/\/distribuidorcintastesa.es\/pt-pt\/#\/schema\/logo\/image\/","url":"https:\/\/distribuidorcintastesa.es\/wp-content\/uploads\/2022\/10\/logo-espanol-portugues.png","contentUrl":"https:\/\/distribuidorcintastesa.es\/wp-content\/uploads\/2022\/10\/logo-espanol-portugues.png","width":871,"height":142,"caption":"Distribuidor de cintas tesa"},"image":{"@id":"https:\/\/distribuidorcintastesa.es\/pt-pt\/#\/schema\/logo\/image\/"},"sameAs":["https:\/\/muralsrd.com\/","https:\/\/solbi-mural.com\/es\/","https:\/\/distribuidor-cintas-adhesivas.es","https:\/\/www.instagram.com\/solbimural\/?igsh=ZnR6ZmkzZm1ubWhl"]}]}},"_links":{"self":[{"href":"https:\/\/distribuidorcintastesa.es\/pt-pt\/wp-json\/wp\/v2\/product\/5196","targetHints":{"allow":["GET"]}}],"collection":[{"href":"https:\/\/distribuidorcintastesa.es\/pt-pt\/wp-json\/wp\/v2\/product"}],"about":[{"href":"https:\/\/distribuidorcintastesa.es\/pt-pt\/wp-json\/wp\/v2\/types\/product"}],"wp:featuredmedia":[{"embeddable":true,"href":"https:\/\/distribuidorcintastesa.es\/pt-pt\/wp-json\/wp\/v2\/media\/5204"}],"wp:attachment":[{"href":"https:\/\/distribuidorcintastesa.es\/pt-pt\/wp-json\/wp\/v2\/media?parent=5196"}],"wp:term":[{"taxonomy":"product_brand","embeddable":true,"href":"https:\/\/distribuidorcintastesa.es\/pt-pt\/wp-json\/wp\/v2\/product_brand?post=5196"},{"taxonomy":"product_cat","embeddable":true,"href":"https:\/\/distribuidorcintastesa.es\/pt-pt\/wp-json\/wp\/v2\/product_cat?post=5196"},{"taxonomy":"product_tag","embeddable":true,"href":"https:\/\/distribuidorcintastesa.es\/pt-pt\/wp-json\/wp\/v2\/product_tag?post=5196"}],"curies":[{"name":"wp","href":"https:\/\/api.w.org\/{rel}","templated":true}]}}