{"id":5132,"date":"2022-03-03T16:23:43","date_gmt":"2022-03-03T16:23:44","guid":{"rendered":"https:\/\/distribuidorcintastesa.es\/?post_type=product&#038;p=5132"},"modified":"2022-03-10T14:37:07","modified_gmt":"2022-03-10T14:37:07","slug":"tesa-4122-pvc-extra-forte","status":"publish","type":"product","link":"https:\/\/distribuidorcintastesa.es\/pt-pt\/producto\/tesa-4122-pvc-extra-forte\/","title":{"rendered":"Tesa\u00ae 4122 PVC Extra Forte"},"content":{"rendered":"<p><strong>Tesa 4122 PVC Extra Forte<\/strong><\/p>\n<p>Tesa\u00ae 4122 \u00e9 uma fita de embalagem de PVC Extra Forte premium com adesivo de borracha natural. Caixas muito pesadas ou caixas duplas caneladas com alta tens\u00e3o de aba podem ser seladas com seguran\u00e7a.<br \/>\nO processo de reciclagem de res\u00edduos de papel\u00e3o n\u00e3o ser\u00e1 interrompido conforme confirmado pelas principais empresas de reciclagem e papel.<\/p>\n<p>&#8211; PVC muito espesso com alta resist\u00eancia ao atrito.<br \/>\n&#8211; Alto poder de ades\u00e3o e resist\u00eancia \u00e0 tra\u00e7\u00e3o.<br \/>\n&#8211; Recomendado para embalar mercadorias pesadas.<\/p>\n<p>&nbsp;<\/p>\n<p><strong>principais aplica\u00e7\u00f5es<\/strong><\/p>\n<p>&#8211; Especialmente concebido para mercadorias muito pesadas e\/ou perigosas.<br \/>\n&#8211; Sua alta resist\u00eancia \u00e0 tens\u00e3o o torna resistente a choques e atritos. com excelentes resultados de impress\u00e3o.<br \/>\n&#8211; recomendado para embalar mercadorias pesadas<\/p>\n<p>&nbsp;<\/p>\n<p><img fetchpriority=\"high\" decoding=\"async\" class=\"alignnone wp-image-5140 size-medium\" src=\"https:\/\/distribuidorcintastesa.es\/wp-content\/uploads\/2022\/03\/tesa-4122_1-289x300.jpg\" alt=\"Tesa 4122 PVC Extra Forte\" width=\"289\" height=\"300\" srcset=\"https:\/\/distribuidorcintastesa.es\/wp-content\/uploads\/2022\/03\/tesa-4122_1-289x300.jpg 289w, https:\/\/distribuidorcintastesa.es\/wp-content\/uploads\/2022\/03\/tesa-4122_1-64x67.jpg 64w, https:\/\/distribuidorcintastesa.es\/wp-content\/uploads\/2022\/03\/tesa-4122_1.jpg 535w\" sizes=\"(max-width: 289px) 100vw, 289px\" \/><\/p>\n<p><a href=\"https:\/\/www.youtube.com\/watch?v=JRIZYcmjTY0\" target=\"_blank\" rel=\"noopener\">Tesa\u00ae 4122 PVC Extra Forte<\/a><\/p>\n<p>&nbsp;<\/p>\n<p><strong> Dados t\u00e9cnicos Tesa 4122 PVC Extra Forte<\/strong><\/p>\n<table width=\"479\">\n<tbody>\n<tr>\n<td width=\"250\">Soporte<\/td>\n<td width=\"229\">PVC<\/td>\n<\/tr>\n<tr>\n<td>Tipo de adhesivo<\/td>\n<td>&#8216;borracha natural<\/td>\n<\/tr>\n<tr>\n<td>Alongamento na ruptura [%]<\/td>\n<td>100<\/td>\n<\/tr>\n<tr>\n<td>Resist\u00eancia \u00e0 tra\u00e7\u00e3o [N\/cm]<\/td>\n<td>65<\/td>\n<\/tr>\n<tr>\n<td>Espessura total\u00a0 [\u00b5m]<\/td>\n<td>88<\/td>\n<\/tr>\n<tr>\n<td>Ades\u00e3o \/ a\u00e7o [N\/cm]<\/td>\n<td>2<\/td>\n<\/tr>\n<tr>\n<td>Resist. Quebra [N\/cm]<\/td>\n<td>75<\/td>\n<\/tr>\n<\/tbody>\n<\/table>\n<p><strong>Caracteristicas<\/strong><\/p>\n<table width=\"597\">\n<tbody>\n<tr>\n<td colspan=\"2\" width=\"393\">pode ser impresso<\/td>\n<td colspan=\"2\" width=\"204\">++<\/td>\n<\/tr>\n<tr>\n<td colspan=\"2\">desenrolamento silencioso<\/td>\n<td colspan=\"2\">sim<\/td>\n<\/tr>\n<tr>\n<td colspan=\"2\">aplica\u00e7\u00e3o manual<\/td>\n<td colspan=\"2\">sim<\/td>\n<\/tr>\n<tr>\n<td colspan=\"2\">aplica\u00e7\u00e3o autom\u00e1tica<\/td>\n<td colspan=\"2\">sim<\/td>\n<\/tr>\n<\/tbody>\n<\/table>\n<table width=\"630\">\n<tbody>\n<tr>\n<td width=\"94\"><strong>PRODUTO<\/strong><\/td>\n<td width=\"134\"><strong>UNIDADE<\/strong><\/td>\n<td width=\"134\"><strong>EMBALAGEM<\/strong><\/td>\n<td width=\"134\"><strong>DIMENSOES<\/strong><\/td>\n<td width=\"134\"><strong>COR<\/strong><\/td>\n<\/tr>\n<tr>\n<td rowspan=\"4\" width=\"94\"><strong>4122<\/strong><\/td>\n<td width=\"134\">Rolo<\/td>\n<td width=\"134\">96 Rolos\/Caixa<\/td>\n<td width=\"134\">19 mm x 66 mt<\/td>\n<td width=\"134\"><img decoding=\"async\" class=\"alignnone size-full wp-image-4416\" src=\"https:\/\/distribuidorcintastesa.es\/wp-content\/uploads\/2021\/10\/Transparente.jpg\" alt=\"\" width=\"38\" height=\"19\" \/><\/td>\n<\/tr>\n<tr>\n<td width=\"134\">Rolo<\/td>\n<td width=\"134\">72 Rolos\/Caixa<\/td>\n<td width=\"134\">25 mm x 66 mt<\/td>\n<td width=\"134\"><img decoding=\"async\" class=\"alignnone size-full wp-image-4416\" src=\"https:\/\/distribuidorcintastesa.es\/wp-content\/uploads\/2021\/10\/Transparente.jpg\" alt=\"\" width=\"38\" height=\"19\" \/><\/td>\n<\/tr>\n<tr>\n<td width=\"134\">Rolo<\/td>\n<td width=\"134\">36 Rolos\/Caixa<\/td>\n<td width=\"134\">50 mm x 66 mt<\/td>\n<td width=\"134\"><img decoding=\"async\" class=\"alignnone size-full wp-image-4416\" src=\"https:\/\/distribuidorcintastesa.es\/wp-content\/uploads\/2021\/10\/Transparente.jpg\" alt=\"\" width=\"38\" height=\"19\" \/><\/td>\n<\/tr>\n<tr>\n<td width=\"134\">Rolo<\/td>\n<td width=\"134\">6 Rolos\/Caixa<\/td>\n<td width=\"134\">50 mm x 660 mt<\/td>\n<td width=\"134\"><img decoding=\"async\" class=\"alignnone size-full wp-image-4416\" src=\"https:\/\/distribuidorcintastesa.es\/wp-content\/uploads\/2021\/10\/Transparente.jpg\" alt=\"\" width=\"38\" height=\"19\" \/><\/td>\n<\/tr>\n<\/tbody>\n<\/table>\n<p>&nbsp;<\/p>\n","protected":false},"excerpt":{"rendered":"<p>Tesa 4122 PVC Extra Forte Tesa\u00ae 4122 \u00e9 uma fita de embalagem de PVC Extra Forte premium com adesivo de borracha natural. Caixas muito pesadas ou caixas duplas caneladas com alta tens\u00e3o de aba podem ser seladas com seguran\u00e7a. O processo de reciclagem de res\u00edduos de papel\u00e3o n\u00e3o ser\u00e1 interrompido conforme confirmado pelas principais empresas [&hellip;]<\/p>\n","protected":false},"featured_media":5136,"template":"","meta":{"site-sidebar-layout":"default","site-content-layout":"","ast-site-content-layout":"default","site-content-style":"default","site-sidebar-style":"default","ast-global-header-display":"","ast-banner-title-visibility":"","ast-main-header-display":"","ast-hfb-above-header-display":"","ast-hfb-below-header-display":"","ast-hfb-mobile-header-display":"","site-post-title":"","ast-breadcrumbs-content":"","ast-featured-img":"","footer-sml-layout":"","ast-disable-related-posts":"","theme-transparent-header-meta":"","adv-header-id-meta":"","stick-header-meta":"","header-above-stick-meta":"","header-main-stick-meta":"","header-below-stick-meta":"","astra-migrate-meta-layouts":"default","ast-page-background-enabled":"default","ast-page-background-meta":{"desktop":{"background-color":"","background-image":"","background-repeat":"repeat","background-position":"center center","background-size":"auto","background-attachment":"scroll","background-type":"","background-media":"","overlay-type":"","overlay-color":"","overlay-opacity":"","overlay-gradient":""},"tablet":{"background-color":"","background-image":"","background-repeat":"repeat","background-position":"center center","background-size":"auto","background-attachment":"scroll","background-type":"","background-media":"","overlay-type":"","overlay-color":"","overlay-opacity":"","overlay-gradient":""},"mobile":{"background-color":"","background-image":"","background-repeat":"repeat","background-position":"center center","background-size":"auto","background-attachment":"scroll","background-type":"","background-media":"","overlay-type":"","overlay-color":"","overlay-opacity":"","overlay-gradient":""}},"ast-content-background-meta":{"desktop":{"background-color":"var(--ast-global-color-5)","background-image":"","background-repeat":"repeat","background-position":"center center","background-size":"auto","background-attachment":"scroll","background-type":"","background-media":"","overlay-type":"","overlay-color":"","overlay-opacity":"","overlay-gradient":""},"tablet":{"background-color":"var(--ast-global-color-5)","background-image":"","background-repeat":"repeat","background-position":"center center","background-size":"auto","background-attachment":"scroll","background-type":"","background-media":"","overlay-type":"","overlay-color":"","overlay-opacity":"","overlay-gradient":""},"mobile":{"background-color":"var(--ast-global-color-5)","background-image":"","background-repeat":"repeat","background-position":"center center","background-size":"auto","background-attachment":"scroll","background-type":"","background-media":"","overlay-type":"","overlay-color":"","overlay-opacity":"","overlay-gradient":""}}},"product_brand":[],"product_cat":[2502,170],"product_tag":[],"class_list":{"0":"post-5132","1":"product","2":"type-product","3":"status-publish","4":"has-post-thumbnail","6":"product_cat-fitas-de-embalagem","7":"product_cat-solucoes-de-embalagem","8":"desktop-align-center","9":"tablet-align-center","10":"mobile-align-center","12":"first","13":"instock","14":"shipping-taxable","15":"product-type-simple"},"yoast_head":"<!-- This site is optimized with the Yoast SEO Premium plugin v27.2 (Yoast SEO v27.2) - https:\/\/yoast.com\/product\/yoast-seo-premium-wordpress\/ -->\n<title>Tesa 4122 PVC Extra Forte Solu\u00e7\u00f5es de embalagem Fitas de embalagem<\/title>\n<meta name=\"description\" content=\"Tesa 4122 PVC Extra Forte Solu\u00e7\u00f5es de embalagem Fitas de embalagem. PVC extra forte com adesivo borracha natural. Dispon\u00edvel na loja online.\" \/>\n<meta name=\"robots\" content=\"index, follow, max-snippet:-1, max-image-preview:large, max-video-preview:-1\" \/>\n<link rel=\"canonical\" href=\"https:\/\/distribuidorcintastesa.es\/pt-pt\/producto\/tesa-4122-pvc-extra-forte\/\" \/>\n<meta property=\"og:locale\" content=\"pt_PT\" \/>\n<meta property=\"og:type\" content=\"article\" \/>\n<meta property=\"og:title\" content=\"Tesa\u00ae 4122 PVC Extra Forte\" \/>\n<meta property=\"og:description\" content=\"Tesa 4122 PVC Extra Forte Solu\u00e7\u00f5es de embalagem Fitas de embalagem. PVC extra forte com adesivo borracha natural. Dispon\u00edvel na loja online.\" \/>\n<meta property=\"og:url\" content=\"https:\/\/distribuidorcintastesa.es\/pt-pt\/producto\/tesa-4122-pvc-extra-forte\/\" \/>\n<meta property=\"og:site_name\" content=\"Distribuidor de cintas tesa, cintas tesa, tesa cintas, distribuidor tesa, tesa productos, productos tesa, tesa distribuidores, http:\/\/www.http:\/\/distribuidorcintas3m.es, Mejores ofertas en cintas\" \/>\n<meta property=\"article:modified_time\" content=\"2022-03-10T14:37:07+00:00\" \/>\n<meta property=\"og:image\" content=\"https:\/\/distribuidorcintastesa.es\/wp-content\/uploads\/2022\/03\/tesa-4122.jpg\" \/>\n\t<meta property=\"og:image:width\" content=\"554\" \/>\n\t<meta property=\"og:image:height\" content=\"568\" \/>\n\t<meta property=\"og:image:type\" content=\"image\/jpeg\" \/>\n<meta name=\"twitter:card\" content=\"summary_large_image\" \/>\n<meta name=\"twitter:label1\" content=\"Tempo estimado de leitura\" \/>\n\t<meta name=\"twitter:data1\" content=\"3 minutos\" \/>\n<script type=\"application\/ld+json\" class=\"yoast-schema-graph\">{\"@context\":\"https:\/\/schema.org\",\"@graph\":[{\"@type\":\"WebPage\",\"@id\":\"https:\/\/distribuidorcintastesa.es\/pt-pt\/producto\/tesa-4122-pvc-extra-forte\/\",\"url\":\"https:\/\/distribuidorcintastesa.es\/pt-pt\/producto\/tesa-4122-pvc-extra-forte\/\",\"name\":\"Tesa 4122 PVC Extra Forte Solu\u00e7\u00f5es de embalagem Fitas de embalagem\",\"isPartOf\":{\"@id\":\"https:\/\/distribuidorcintastesa.es\/pt-pt\/#website\"},\"primaryImageOfPage\":{\"@id\":\"https:\/\/distribuidorcintastesa.es\/pt-pt\/producto\/tesa-4122-pvc-extra-forte\/#primaryimage\"},\"image\":{\"@id\":\"https:\/\/distribuidorcintastesa.es\/pt-pt\/producto\/tesa-4122-pvc-extra-forte\/#primaryimage\"},\"thumbnailUrl\":\"https:\/\/distribuidorcintastesa.es\/wp-content\/uploads\/2022\/03\/tesa-4122.jpg\",\"datePublished\":\"2022-03-03T16:23:44+00:00\",\"dateModified\":\"2022-03-10T14:37:07+00:00\",\"description\":\"Tesa 4122 PVC Extra Forte Solu\u00e7\u00f5es de embalagem Fitas de embalagem. PVC extra forte com adesivo borracha natural. Dispon\u00edvel na loja online.\",\"breadcrumb\":{\"@id\":\"https:\/\/distribuidorcintastesa.es\/pt-pt\/producto\/tesa-4122-pvc-extra-forte\/#breadcrumb\"},\"inLanguage\":\"pt-PT\",\"potentialAction\":[{\"@type\":\"ReadAction\",\"target\":[\"https:\/\/distribuidorcintastesa.es\/pt-pt\/producto\/tesa-4122-pvc-extra-forte\/\"]}]},{\"@type\":\"ImageObject\",\"inLanguage\":\"pt-PT\",\"@id\":\"https:\/\/distribuidorcintastesa.es\/pt-pt\/producto\/tesa-4122-pvc-extra-forte\/#primaryimage\",\"url\":\"https:\/\/distribuidorcintastesa.es\/wp-content\/uploads\/2022\/03\/tesa-4122.jpg\",\"contentUrl\":\"https:\/\/distribuidorcintastesa.es\/wp-content\/uploads\/2022\/03\/tesa-4122.jpg\",\"width\":554,\"height\":568,\"caption\":\"Tesa 4122 PVC Extra Forte\"},{\"@type\":\"BreadcrumbList\",\"@id\":\"https:\/\/distribuidorcintastesa.es\/pt-pt\/producto\/tesa-4122-pvc-extra-forte\/#breadcrumb\",\"itemListElement\":[{\"@type\":\"ListItem\",\"position\":1,\"name\":\"Portada\",\"item\":\"https:\/\/distribuidorcintastesa.es\/pt-pt\/\"},{\"@type\":\"ListItem\",\"position\":2,\"name\":\"Produtos\",\"item\":\"https:\/\/distribuidorcintastesa.es\/pt-pt\/produtos\/\"},{\"@type\":\"ListItem\",\"position\":3,\"name\":\"Tesa\u00ae 4122 PVC Extra Forte\"}]},{\"@type\":\"WebSite\",\"@id\":\"https:\/\/distribuidorcintastesa.es\/pt-pt\/#website\",\"url\":\"https:\/\/distribuidorcintastesa.es\/pt-pt\/\",\"name\":\"Distribuidor de cintas tesa\",\"description\":\"Distribuidor de cintas tesa, cintas tesa, tesa cintas, distribuidor tesa, tesa productos, productos tesa, tesa distribuidores, cintas y adhesivos, tesa cinta doble cara, cinta tesa doble cara, adhesivos tesa, cinta antideslizante, velcro tesa, cinta reflectante, tesa supergen, softprint, cinta doble cara tesa, selladores y adhesivos, cintas adhesivas de doble cara, cintas de aluminio, cintas de vinilo para se\u00f1alizaci\u00f3n, cintas de tela americanas, cintas de papel para enmascarar, cintas para embalaje\",\"publisher\":{\"@id\":\"https:\/\/distribuidorcintastesa.es\/pt-pt\/#organization\"},\"potentialAction\":[{\"@type\":\"SearchAction\",\"target\":{\"@type\":\"EntryPoint\",\"urlTemplate\":\"https:\/\/distribuidorcintastesa.es\/pt-pt\/?s={search_term_string}\"},\"query-input\":{\"@type\":\"PropertyValueSpecification\",\"valueRequired\":true,\"valueName\":\"search_term_string\"}}],\"inLanguage\":\"pt-PT\"},{\"@type\":\"Organization\",\"@id\":\"https:\/\/distribuidorcintastesa.es\/pt-pt\/#organization\",\"name\":\"Distribuidor de cintas tesa\",\"url\":\"https:\/\/distribuidorcintastesa.es\/pt-pt\/\",\"logo\":{\"@type\":\"ImageObject\",\"inLanguage\":\"pt-PT\",\"@id\":\"https:\/\/distribuidorcintastesa.es\/pt-pt\/#\/schema\/logo\/image\/\",\"url\":\"https:\/\/distribuidorcintastesa.es\/wp-content\/uploads\/2022\/10\/logo-espanol-portugues.png\",\"contentUrl\":\"https:\/\/distribuidorcintastesa.es\/wp-content\/uploads\/2022\/10\/logo-espanol-portugues.png\",\"width\":871,\"height\":142,\"caption\":\"Distribuidor de cintas tesa\"},\"image\":{\"@id\":\"https:\/\/distribuidorcintastesa.es\/pt-pt\/#\/schema\/logo\/image\/\"},\"sameAs\":[\"https:\/\/muralsrd.com\/\",\"https:\/\/solbi-mural.com\/es\/\",\"https:\/\/distribuidor-cintas-adhesivas.es\",\"https:\/\/www.instagram.com\/solbimural\/?igsh=ZnR6ZmkzZm1ubWhl\"]}]}<\/script>\n<!-- \/ Yoast SEO Premium plugin. -->","yoast_head_json":{"title":"Tesa 4122 PVC Extra Forte Solu\u00e7\u00f5es de embalagem Fitas de embalagem","description":"Tesa 4122 PVC Extra Forte Solu\u00e7\u00f5es de embalagem Fitas de embalagem. PVC extra forte com adesivo borracha natural. Dispon\u00edvel na loja online.","robots":{"index":"index","follow":"follow","max-snippet":"max-snippet:-1","max-image-preview":"max-image-preview:large","max-video-preview":"max-video-preview:-1"},"canonical":"https:\/\/distribuidorcintastesa.es\/pt-pt\/producto\/tesa-4122-pvc-extra-forte\/","og_locale":"pt_PT","og_type":"article","og_title":"Tesa\u00ae 4122 PVC Extra Forte","og_description":"Tesa 4122 PVC Extra Forte Solu\u00e7\u00f5es de embalagem Fitas de embalagem. PVC extra forte com adesivo borracha natural. Dispon\u00edvel na loja online.","og_url":"https:\/\/distribuidorcintastesa.es\/pt-pt\/producto\/tesa-4122-pvc-extra-forte\/","og_site_name":"Distribuidor de cintas tesa, cintas tesa, tesa cintas, distribuidor tesa, tesa productos, productos tesa, tesa distribuidores, http:\/\/www.http:\/\/distribuidorcintas3m.es, Mejores ofertas en cintas","article_modified_time":"2022-03-10T14:37:07+00:00","og_image":[{"width":554,"height":568,"url":"https:\/\/distribuidorcintastesa.es\/wp-content\/uploads\/2022\/03\/tesa-4122.jpg","type":"image\/jpeg"}],"twitter_card":"summary_large_image","twitter_misc":{"Tempo estimado de leitura":"3 minutos"},"schema":{"@context":"https:\/\/schema.org","@graph":[{"@type":"WebPage","@id":"https:\/\/distribuidorcintastesa.es\/pt-pt\/producto\/tesa-4122-pvc-extra-forte\/","url":"https:\/\/distribuidorcintastesa.es\/pt-pt\/producto\/tesa-4122-pvc-extra-forte\/","name":"Tesa 4122 PVC Extra Forte Solu\u00e7\u00f5es de embalagem Fitas de embalagem","isPartOf":{"@id":"https:\/\/distribuidorcintastesa.es\/pt-pt\/#website"},"primaryImageOfPage":{"@id":"https:\/\/distribuidorcintastesa.es\/pt-pt\/producto\/tesa-4122-pvc-extra-forte\/#primaryimage"},"image":{"@id":"https:\/\/distribuidorcintastesa.es\/pt-pt\/producto\/tesa-4122-pvc-extra-forte\/#primaryimage"},"thumbnailUrl":"https:\/\/distribuidorcintastesa.es\/wp-content\/uploads\/2022\/03\/tesa-4122.jpg","datePublished":"2022-03-03T16:23:44+00:00","dateModified":"2022-03-10T14:37:07+00:00","description":"Tesa 4122 PVC Extra Forte Solu\u00e7\u00f5es de embalagem Fitas de embalagem. PVC extra forte com adesivo borracha natural. Dispon\u00edvel na loja online.","breadcrumb":{"@id":"https:\/\/distribuidorcintastesa.es\/pt-pt\/producto\/tesa-4122-pvc-extra-forte\/#breadcrumb"},"inLanguage":"pt-PT","potentialAction":[{"@type":"ReadAction","target":["https:\/\/distribuidorcintastesa.es\/pt-pt\/producto\/tesa-4122-pvc-extra-forte\/"]}]},{"@type":"ImageObject","inLanguage":"pt-PT","@id":"https:\/\/distribuidorcintastesa.es\/pt-pt\/producto\/tesa-4122-pvc-extra-forte\/#primaryimage","url":"https:\/\/distribuidorcintastesa.es\/wp-content\/uploads\/2022\/03\/tesa-4122.jpg","contentUrl":"https:\/\/distribuidorcintastesa.es\/wp-content\/uploads\/2022\/03\/tesa-4122.jpg","width":554,"height":568,"caption":"Tesa 4122 PVC Extra Forte"},{"@type":"BreadcrumbList","@id":"https:\/\/distribuidorcintastesa.es\/pt-pt\/producto\/tesa-4122-pvc-extra-forte\/#breadcrumb","itemListElement":[{"@type":"ListItem","position":1,"name":"Portada","item":"https:\/\/distribuidorcintastesa.es\/pt-pt\/"},{"@type":"ListItem","position":2,"name":"Produtos","item":"https:\/\/distribuidorcintastesa.es\/pt-pt\/produtos\/"},{"@type":"ListItem","position":3,"name":"Tesa\u00ae 4122 PVC Extra Forte"}]},{"@type":"WebSite","@id":"https:\/\/distribuidorcintastesa.es\/pt-pt\/#website","url":"https:\/\/distribuidorcintastesa.es\/pt-pt\/","name":"Distribuidor de cintas tesa","description":"Distribuidor de cintas tesa, cintas tesa, tesa cintas, distribuidor tesa, tesa productos, productos tesa, tesa distribuidores, cintas y adhesivos, tesa cinta doble cara, cinta tesa doble cara, adhesivos tesa, cinta antideslizante, velcro tesa, cinta reflectante, tesa supergen, softprint, cinta doble cara tesa, selladores y adhesivos, cintas adhesivas de doble cara, cintas de aluminio, cintas de vinilo para se\u00f1alizaci\u00f3n, cintas de tela americanas, cintas de papel para enmascarar, cintas para embalaje","publisher":{"@id":"https:\/\/distribuidorcintastesa.es\/pt-pt\/#organization"},"potentialAction":[{"@type":"SearchAction","target":{"@type":"EntryPoint","urlTemplate":"https:\/\/distribuidorcintastesa.es\/pt-pt\/?s={search_term_string}"},"query-input":{"@type":"PropertyValueSpecification","valueRequired":true,"valueName":"search_term_string"}}],"inLanguage":"pt-PT"},{"@type":"Organization","@id":"https:\/\/distribuidorcintastesa.es\/pt-pt\/#organization","name":"Distribuidor de cintas tesa","url":"https:\/\/distribuidorcintastesa.es\/pt-pt\/","logo":{"@type":"ImageObject","inLanguage":"pt-PT","@id":"https:\/\/distribuidorcintastesa.es\/pt-pt\/#\/schema\/logo\/image\/","url":"https:\/\/distribuidorcintastesa.es\/wp-content\/uploads\/2022\/10\/logo-espanol-portugues.png","contentUrl":"https:\/\/distribuidorcintastesa.es\/wp-content\/uploads\/2022\/10\/logo-espanol-portugues.png","width":871,"height":142,"caption":"Distribuidor de cintas tesa"},"image":{"@id":"https:\/\/distribuidorcintastesa.es\/pt-pt\/#\/schema\/logo\/image\/"},"sameAs":["https:\/\/muralsrd.com\/","https:\/\/solbi-mural.com\/es\/","https:\/\/distribuidor-cintas-adhesivas.es","https:\/\/www.instagram.com\/solbimural\/?igsh=ZnR6ZmkzZm1ubWhl"]}]}},"_links":{"self":[{"href":"https:\/\/distribuidorcintastesa.es\/pt-pt\/wp-json\/wp\/v2\/product\/5132","targetHints":{"allow":["GET"]}}],"collection":[{"href":"https:\/\/distribuidorcintastesa.es\/pt-pt\/wp-json\/wp\/v2\/product"}],"about":[{"href":"https:\/\/distribuidorcintastesa.es\/pt-pt\/wp-json\/wp\/v2\/types\/product"}],"wp:featuredmedia":[{"embeddable":true,"href":"https:\/\/distribuidorcintastesa.es\/pt-pt\/wp-json\/wp\/v2\/media\/5136"}],"wp:attachment":[{"href":"https:\/\/distribuidorcintastesa.es\/pt-pt\/wp-json\/wp\/v2\/media?parent=5132"}],"wp:term":[{"taxonomy":"product_brand","embeddable":true,"href":"https:\/\/distribuidorcintastesa.es\/pt-pt\/wp-json\/wp\/v2\/product_brand?post=5132"},{"taxonomy":"product_cat","embeddable":true,"href":"https:\/\/distribuidorcintastesa.es\/pt-pt\/wp-json\/wp\/v2\/product_cat?post=5132"},{"taxonomy":"product_tag","embeddable":true,"href":"https:\/\/distribuidorcintastesa.es\/pt-pt\/wp-json\/wp\/v2\/product_tag?post=5132"}],"curies":[{"name":"wp","href":"https:\/\/api.w.org\/{rel}","templated":true}]}}