{"id":5058,"date":"2022-02-25T10:38:45","date_gmt":"2022-02-25T10:38:46","guid":{"rendered":"https:\/\/distribuidorcintastesa.es\/?post_type=product&#038;p=5058"},"modified":"2022-02-25T12:07:15","modified_gmt":"2022-02-25T12:07:15","slug":"tesa-4287-standard-solucoes-para-cintar-e-empacotar-embalagens","status":"publish","type":"product","link":"https:\/\/distribuidorcintastesa.es\/pt-pt\/producto\/tesa-4287-standard-solucoes-para-cintar-e-empacotar-embalagens\/","title":{"rendered":"Tesa\u00ae 4287 Standard"},"content":{"rendered":"<p><strong>Tesa 4287 Standard<\/strong><\/p>\n<p>&nbsp;<\/p>\n<p>tesa\u00ae 4287 \u00e9 uma pulseira de polipropileno tensionada com adesivo de borracha natural.<br \/>\nOferece boa resist\u00eancia \u00e0 tra\u00e7\u00e3o com baixo alongamento ao mesmo tempo. Altamente resistente a altas e baixas temperaturas.<\/p>\n<p>&#8211; Cinta de m\u00e9dia tens\u00e3o, boa resist\u00eancia ao atrito e alongamento controlado. Pode ser usado ao ar livre.<\/p>\n<p>&nbsp;<\/p>\n<p><strong>principais aplica\u00e7\u00f5es<\/strong><\/p>\n<p>Paletiza\u00e7\u00e3o, bandas de componentes eletr\u00f4nicos, pacotes e fechamento de caixas.<\/p>\n<p>&nbsp;<\/p>\n<p><strong>Dispon\u00edvel em nossa loja online<\/strong><\/p>\n<p><a href=\"https:\/\/solbi-mural.com\/pt\/fitas-adesivas-de-uma-face\/329-321-tesa-fleje-standard-4287-laranja-rolo-de-66m-x-19mm-4042448117496.html\" target=\"_blank\" rel=\"noopener\">TESA\u00ae Fleje Standard 4287 Laranja \u2013 Rolo de 66m x 19mm<\/a><\/p>\n<p>&nbsp;<\/p>\n<p>&nbsp;<\/p>\n<p><img fetchpriority=\"high\" decoding=\"async\" class=\"alignnone wp-image-5066 size-medium\" src=\"https:\/\/distribuidorcintastesa.es\/wp-content\/uploads\/2022\/02\/tesa-4287_1-300x183.jpg\" alt=\"Tesa 4287 Standard\" width=\"300\" height=\"183\" srcset=\"https:\/\/distribuidorcintastesa.es\/wp-content\/uploads\/2022\/02\/tesa-4287_1-300x183.jpg 300w, https:\/\/distribuidorcintastesa.es\/wp-content\/uploads\/2022\/02\/tesa-4287_1-64x39.jpg 64w, https:\/\/distribuidorcintastesa.es\/wp-content\/uploads\/2022\/02\/tesa-4287_1.jpg 498w\" sizes=\"(max-width: 300px) 100vw, 300px\" \/><\/p>\n<p>&nbsp;<\/p>\n<p><strong> Dados t\u00e9cnicos Tesa 4287 Standard<\/strong><\/p>\n<table width=\"479\">\n<tbody>\n<tr>\n<td width=\"250\">Soporte<\/td>\n<td width=\"229\">MOPP<\/td>\n<\/tr>\n<tr>\n<td>Tipo de adhesivo<\/td>\n<td>&#8216;borracha natural<\/td>\n<\/tr>\n<tr>\n<td>Alongamento na ruptura [%]<\/td>\n<td>35<\/td>\n<\/tr>\n<tr>\n<td>Resist\u00eancia \u00e0 tra\u00e7\u00e3o [N\/cm]<\/td>\n<td>180<\/td>\n<\/tr>\n<tr>\n<td>Espessura total\u00a0 [\u00b5m]<\/td>\n<td>79<\/td>\n<\/tr>\n<tr>\n<td>Ades\u00e3o \/ a\u00e7o [N\/cm]<\/td>\n<td>4<\/td>\n<\/tr>\n<tr>\n<td>Resist. Quebra [N\/cm]<\/td>\n<td>180<\/td>\n<\/tr>\n<\/tbody>\n<\/table>\n<p><strong>Caracteristicas<\/strong><\/p>\n<table width=\"597\">\n<tbody>\n<tr>\n<td colspan=\"2\" width=\"393\">Sem desbotamento<\/td>\n<td colspan=\"2\" width=\"204\">Sim<\/td>\n<\/tr>\n<tr>\n<td colspan=\"2\">Remove sem deixar res\u00edduos<\/td>\n<td colspan=\"2\">Sim<\/td>\n<\/tr>\n<\/tbody>\n<\/table>\n<table width=\"630\">\n<tbody>\n<tr>\n<td width=\"94\"><strong>PRODUTO<\/strong><\/td>\n<td width=\"134\"><strong>UNIDADE<\/strong><\/td>\n<td width=\"134\"><strong>EMBALAGEM<\/strong><\/td>\n<td width=\"134\"><strong>DIMENSOES<\/strong><\/td>\n<td width=\"134\"><strong>COR<\/strong><\/td>\n<\/tr>\n<tr>\n<td rowspan=\"3\" width=\"94\">4287<\/td>\n<td width=\"134\">Rolo<\/td>\n<td width=\"134\">96 Rolos\/Caixa<\/td>\n<td width=\"134\">19 mm x 66 mt<\/td>\n<td width=\"134\">nar<\/td>\n<\/tr>\n<tr>\n<td width=\"134\">Rolo<\/td>\n<td width=\"134\">72 Rolos\/Caixa<\/td>\n<td width=\"134\">25 mm x 66 mt<\/td>\n<td width=\"134\">nar<\/td>\n<\/tr>\n<tr>\n<td width=\"134\">Rolo<\/td>\n<td width=\"134\">36 Rolos\/Caixa<\/td>\n<td width=\"134\">50 mm x 66 mt<\/td>\n<td width=\"134\">nar\/tte<\/td>\n<\/tr>\n<\/tbody>\n<\/table>\n<p>&nbsp;<\/p>\n<p><strong>Dispon\u00edvel em nossa loja online<\/strong><\/p>\n<p><a href=\"https:\/\/solbi-mural.com\/pt\/fitas-adesivas-de-uma-face\/329-321-tesa-fleje-standard-4287-laranja-rolo-de-66m-x-19mm-4042448117496.html\" target=\"_blank\" rel=\"noopener\">TESA\u00ae Fleje Standard 4287 Laranja \u2013 Rolo de 66m x 19mm<\/a><\/p>\n<p><a href=\"https:\/\/distribuidorcintastesa.es\/pt-pt\/catalogos\/\" target=\"_blank\" rel=\"noopener\">Cat\u00e1logos TESA<\/a><\/p>\n","protected":false},"excerpt":{"rendered":"<p>Tesa 4287 Standard &nbsp; tesa\u00ae 4287 \u00e9 uma pulseira de polipropileno tensionada com adesivo de borracha natural. Oferece boa resist\u00eancia \u00e0 tra\u00e7\u00e3o com baixo alongamento ao mesmo tempo. Altamente resistente a altas e baixas temperaturas. &#8211; Cinta de m\u00e9dia tens\u00e3o, boa resist\u00eancia ao atrito e alongamento controlado. Pode ser usado ao ar livre. &nbsp; principais [&hellip;]<\/p>\n","protected":false},"featured_media":5062,"template":"","meta":{"site-sidebar-layout":"default","site-content-layout":"","ast-site-content-layout":"default","site-content-style":"default","site-sidebar-style":"default","ast-global-header-display":"","ast-banner-title-visibility":"","ast-main-header-display":"","ast-hfb-above-header-display":"","ast-hfb-below-header-display":"","ast-hfb-mobile-header-display":"","site-post-title":"","ast-breadcrumbs-content":"","ast-featured-img":"","footer-sml-layout":"","ast-disable-related-posts":"","theme-transparent-header-meta":"","adv-header-id-meta":"","stick-header-meta":"","header-above-stick-meta":"","header-main-stick-meta":"","header-below-stick-meta":"","astra-migrate-meta-layouts":"default","ast-page-background-enabled":"default","ast-page-background-meta":{"desktop":{"background-color":"","background-image":"","background-repeat":"repeat","background-position":"center center","background-size":"auto","background-attachment":"scroll","background-type":"","background-media":"","overlay-type":"","overlay-color":"","overlay-opacity":"","overlay-gradient":""},"tablet":{"background-color":"","background-image":"","background-repeat":"repeat","background-position":"center center","background-size":"auto","background-attachment":"scroll","background-type":"","background-media":"","overlay-type":"","overlay-color":"","overlay-opacity":"","overlay-gradient":""},"mobile":{"background-color":"","background-image":"","background-repeat":"repeat","background-position":"center center","background-size":"auto","background-attachment":"scroll","background-type":"","background-media":"","overlay-type":"","overlay-color":"","overlay-opacity":"","overlay-gradient":""}},"ast-content-background-meta":{"desktop":{"background-color":"var(--ast-global-color-5)","background-image":"","background-repeat":"repeat","background-position":"center center","background-size":"auto","background-attachment":"scroll","background-type":"","background-media":"","overlay-type":"","overlay-color":"","overlay-opacity":"","overlay-gradient":""},"tablet":{"background-color":"var(--ast-global-color-5)","background-image":"","background-repeat":"repeat","background-position":"center center","background-size":"auto","background-attachment":"scroll","background-type":"","background-media":"","overlay-type":"","overlay-color":"","overlay-opacity":"","overlay-gradient":""},"mobile":{"background-color":"var(--ast-global-color-5)","background-image":"","background-repeat":"repeat","background-position":"center center","background-size":"auto","background-attachment":"scroll","background-type":"","background-media":"","overlay-type":"","overlay-color":"","overlay-opacity":"","overlay-gradient":""}}},"product_brand":[],"product_cat":[2508,170],"product_tag":[],"class_list":{"0":"post-5058","1":"product","2":"type-product","3":"status-publish","4":"has-post-thumbnail","6":"product_cat-correia-e-amarra","7":"product_cat-solucoes-de-embalagem","8":"desktop-align-center","9":"tablet-align-center","10":"mobile-align-center","12":"first","13":"instock","14":"shipping-taxable","15":"product-type-simple"},"yoast_head":"<!-- This site is optimized with the Yoast SEO Premium plugin v27.2 (Yoast SEO v27.2) - https:\/\/yoast.com\/product\/yoast-seo-premium-wordpress\/ -->\n<title>Tesa 4287 Standard Solu\u00e7\u00f5es para cintar e empacotar embalagens<\/title>\n<meta name=\"description\" content=\"Tesa 4287 Standard Solu\u00e7\u00f5es para cintar e empacotar embalagens. suporte em polipropileno pr\u00e9-estirado Dispon\u00edvel em nossa loja online\" \/>\n<meta name=\"robots\" content=\"index, follow, max-snippet:-1, max-image-preview:large, max-video-preview:-1\" \/>\n<link rel=\"canonical\" href=\"https:\/\/distribuidorcintastesa.es\/pt-pt\/producto\/tesa-4287-standard-solucoes-para-cintar-e-empacotar-embalagens\/\" \/>\n<meta property=\"og:locale\" content=\"pt_PT\" \/>\n<meta property=\"og:type\" content=\"article\" \/>\n<meta property=\"og:title\" content=\"Tesa\u00ae 4287 Standard\" \/>\n<meta property=\"og:description\" content=\"Tesa 4287 Standard Solu\u00e7\u00f5es para cintar e empacotar embalagens. suporte em polipropileno pr\u00e9-estirado Dispon\u00edvel em nossa loja online\" \/>\n<meta property=\"og:url\" content=\"https:\/\/distribuidorcintastesa.es\/pt-pt\/producto\/tesa-4287-standard-solucoes-para-cintar-e-empacotar-embalagens\/\" \/>\n<meta property=\"og:site_name\" content=\"Distribuidor de cintas tesa, cintas tesa, tesa cintas, distribuidor tesa, tesa productos, productos tesa, tesa distribuidores, http:\/\/www.http:\/\/distribuidorcintas3m.es, Mejores ofertas en cintas\" \/>\n<meta property=\"article:modified_time\" content=\"2022-02-25T12:07:15+00:00\" \/>\n<meta property=\"og:image\" content=\"https:\/\/distribuidorcintastesa.es\/wp-content\/uploads\/2022\/02\/tesa-4287.jpg\" \/>\n\t<meta property=\"og:image:width\" content=\"539\" \/>\n\t<meta property=\"og:image:height\" content=\"576\" \/>\n\t<meta property=\"og:image:type\" content=\"image\/jpeg\" \/>\n<meta name=\"twitter:card\" content=\"summary_large_image\" \/>\n<meta name=\"twitter:label1\" content=\"Tempo estimado de leitura\" \/>\n\t<meta name=\"twitter:data1\" content=\"1 minuto\" \/>\n<script type=\"application\/ld+json\" class=\"yoast-schema-graph\">{\"@context\":\"https:\/\/schema.org\",\"@graph\":[{\"@type\":\"WebPage\",\"@id\":\"https:\/\/distribuidorcintastesa.es\/pt-pt\/producto\/tesa-4287-standard-solucoes-para-cintar-e-empacotar-embalagens\/\",\"url\":\"https:\/\/distribuidorcintastesa.es\/pt-pt\/producto\/tesa-4287-standard-solucoes-para-cintar-e-empacotar-embalagens\/\",\"name\":\"Tesa 4287 Standard Solu\u00e7\u00f5es para cintar e empacotar embalagens\",\"isPartOf\":{\"@id\":\"https:\/\/distribuidorcintastesa.es\/pt-pt\/#website\"},\"primaryImageOfPage\":{\"@id\":\"https:\/\/distribuidorcintastesa.es\/pt-pt\/producto\/tesa-4287-standard-solucoes-para-cintar-e-empacotar-embalagens\/#primaryimage\"},\"image\":{\"@id\":\"https:\/\/distribuidorcintastesa.es\/pt-pt\/producto\/tesa-4287-standard-solucoes-para-cintar-e-empacotar-embalagens\/#primaryimage\"},\"thumbnailUrl\":\"https:\/\/distribuidorcintastesa.es\/wp-content\/uploads\/2022\/02\/tesa-4287.jpg\",\"datePublished\":\"2022-02-25T10:38:46+00:00\",\"dateModified\":\"2022-02-25T12:07:15+00:00\",\"description\":\"Tesa 4287 Standard Solu\u00e7\u00f5es para cintar e empacotar embalagens. suporte em polipropileno pr\u00e9-estirado Dispon\u00edvel em nossa loja online\",\"breadcrumb\":{\"@id\":\"https:\/\/distribuidorcintastesa.es\/pt-pt\/producto\/tesa-4287-standard-solucoes-para-cintar-e-empacotar-embalagens\/#breadcrumb\"},\"inLanguage\":\"pt-PT\",\"potentialAction\":[{\"@type\":\"ReadAction\",\"target\":[\"https:\/\/distribuidorcintastesa.es\/pt-pt\/producto\/tesa-4287-standard-solucoes-para-cintar-e-empacotar-embalagens\/\"]}]},{\"@type\":\"ImageObject\",\"inLanguage\":\"pt-PT\",\"@id\":\"https:\/\/distribuidorcintastesa.es\/pt-pt\/producto\/tesa-4287-standard-solucoes-para-cintar-e-empacotar-embalagens\/#primaryimage\",\"url\":\"https:\/\/distribuidorcintastesa.es\/wp-content\/uploads\/2022\/02\/tesa-4287.jpg\",\"contentUrl\":\"https:\/\/distribuidorcintastesa.es\/wp-content\/uploads\/2022\/02\/tesa-4287.jpg\",\"width\":539,\"height\":576,\"caption\":\"Tesa 4287 Standard\"},{\"@type\":\"BreadcrumbList\",\"@id\":\"https:\/\/distribuidorcintastesa.es\/pt-pt\/producto\/tesa-4287-standard-solucoes-para-cintar-e-empacotar-embalagens\/#breadcrumb\",\"itemListElement\":[{\"@type\":\"ListItem\",\"position\":1,\"name\":\"Portada\",\"item\":\"https:\/\/distribuidorcintastesa.es\/pt-pt\/\"},{\"@type\":\"ListItem\",\"position\":2,\"name\":\"Produtos\",\"item\":\"https:\/\/distribuidorcintastesa.es\/pt-pt\/produtos\/\"},{\"@type\":\"ListItem\",\"position\":3,\"name\":\"Tesa\u00ae 4287 Standard\"}]},{\"@type\":\"WebSite\",\"@id\":\"https:\/\/distribuidorcintastesa.es\/pt-pt\/#website\",\"url\":\"https:\/\/distribuidorcintastesa.es\/pt-pt\/\",\"name\":\"Distribuidor de cintas tesa\",\"description\":\"Distribuidor de cintas tesa, cintas tesa, tesa cintas, distribuidor tesa, tesa productos, productos tesa, tesa distribuidores, cintas y adhesivos, tesa cinta doble cara, cinta tesa doble cara, adhesivos tesa, cinta antideslizante, velcro tesa, cinta reflectante, tesa supergen, softprint, cinta doble cara tesa, selladores y adhesivos, cintas adhesivas de doble cara, cintas de aluminio, cintas de vinilo para se\u00f1alizaci\u00f3n, cintas de tela americanas, cintas de papel para enmascarar, cintas para embalaje\",\"publisher\":{\"@id\":\"https:\/\/distribuidorcintastesa.es\/pt-pt\/#organization\"},\"potentialAction\":[{\"@type\":\"SearchAction\",\"target\":{\"@type\":\"EntryPoint\",\"urlTemplate\":\"https:\/\/distribuidorcintastesa.es\/pt-pt\/?s={search_term_string}\"},\"query-input\":{\"@type\":\"PropertyValueSpecification\",\"valueRequired\":true,\"valueName\":\"search_term_string\"}}],\"inLanguage\":\"pt-PT\"},{\"@type\":\"Organization\",\"@id\":\"https:\/\/distribuidorcintastesa.es\/pt-pt\/#organization\",\"name\":\"Distribuidor de cintas tesa\",\"url\":\"https:\/\/distribuidorcintastesa.es\/pt-pt\/\",\"logo\":{\"@type\":\"ImageObject\",\"inLanguage\":\"pt-PT\",\"@id\":\"https:\/\/distribuidorcintastesa.es\/pt-pt\/#\/schema\/logo\/image\/\",\"url\":\"https:\/\/distribuidorcintastesa.es\/wp-content\/uploads\/2022\/10\/logo-espanol-portugues.png\",\"contentUrl\":\"https:\/\/distribuidorcintastesa.es\/wp-content\/uploads\/2022\/10\/logo-espanol-portugues.png\",\"width\":871,\"height\":142,\"caption\":\"Distribuidor de cintas tesa\"},\"image\":{\"@id\":\"https:\/\/distribuidorcintastesa.es\/pt-pt\/#\/schema\/logo\/image\/\"},\"sameAs\":[\"https:\/\/muralsrd.com\/\",\"https:\/\/solbi-mural.com\/es\/\",\"https:\/\/distribuidor-cintas-adhesivas.es\",\"https:\/\/www.instagram.com\/solbimural\/?igsh=ZnR6ZmkzZm1ubWhl\"]}]}<\/script>\n<!-- \/ Yoast SEO Premium plugin. -->","yoast_head_json":{"title":"Tesa 4287 Standard Solu\u00e7\u00f5es para cintar e empacotar embalagens","description":"Tesa 4287 Standard Solu\u00e7\u00f5es para cintar e empacotar embalagens. suporte em polipropileno pr\u00e9-estirado Dispon\u00edvel em nossa loja online","robots":{"index":"index","follow":"follow","max-snippet":"max-snippet:-1","max-image-preview":"max-image-preview:large","max-video-preview":"max-video-preview:-1"},"canonical":"https:\/\/distribuidorcintastesa.es\/pt-pt\/producto\/tesa-4287-standard-solucoes-para-cintar-e-empacotar-embalagens\/","og_locale":"pt_PT","og_type":"article","og_title":"Tesa\u00ae 4287 Standard","og_description":"Tesa 4287 Standard Solu\u00e7\u00f5es para cintar e empacotar embalagens. suporte em polipropileno pr\u00e9-estirado Dispon\u00edvel em nossa loja online","og_url":"https:\/\/distribuidorcintastesa.es\/pt-pt\/producto\/tesa-4287-standard-solucoes-para-cintar-e-empacotar-embalagens\/","og_site_name":"Distribuidor de cintas tesa, cintas tesa, tesa cintas, distribuidor tesa, tesa productos, productos tesa, tesa distribuidores, http:\/\/www.http:\/\/distribuidorcintas3m.es, Mejores ofertas en cintas","article_modified_time":"2022-02-25T12:07:15+00:00","og_image":[{"width":539,"height":576,"url":"https:\/\/distribuidorcintastesa.es\/wp-content\/uploads\/2022\/02\/tesa-4287.jpg","type":"image\/jpeg"}],"twitter_card":"summary_large_image","twitter_misc":{"Tempo estimado de leitura":"1 minuto"},"schema":{"@context":"https:\/\/schema.org","@graph":[{"@type":"WebPage","@id":"https:\/\/distribuidorcintastesa.es\/pt-pt\/producto\/tesa-4287-standard-solucoes-para-cintar-e-empacotar-embalagens\/","url":"https:\/\/distribuidorcintastesa.es\/pt-pt\/producto\/tesa-4287-standard-solucoes-para-cintar-e-empacotar-embalagens\/","name":"Tesa 4287 Standard Solu\u00e7\u00f5es para cintar e empacotar embalagens","isPartOf":{"@id":"https:\/\/distribuidorcintastesa.es\/pt-pt\/#website"},"primaryImageOfPage":{"@id":"https:\/\/distribuidorcintastesa.es\/pt-pt\/producto\/tesa-4287-standard-solucoes-para-cintar-e-empacotar-embalagens\/#primaryimage"},"image":{"@id":"https:\/\/distribuidorcintastesa.es\/pt-pt\/producto\/tesa-4287-standard-solucoes-para-cintar-e-empacotar-embalagens\/#primaryimage"},"thumbnailUrl":"https:\/\/distribuidorcintastesa.es\/wp-content\/uploads\/2022\/02\/tesa-4287.jpg","datePublished":"2022-02-25T10:38:46+00:00","dateModified":"2022-02-25T12:07:15+00:00","description":"Tesa 4287 Standard Solu\u00e7\u00f5es para cintar e empacotar embalagens. suporte em polipropileno pr\u00e9-estirado Dispon\u00edvel em nossa loja online","breadcrumb":{"@id":"https:\/\/distribuidorcintastesa.es\/pt-pt\/producto\/tesa-4287-standard-solucoes-para-cintar-e-empacotar-embalagens\/#breadcrumb"},"inLanguage":"pt-PT","potentialAction":[{"@type":"ReadAction","target":["https:\/\/distribuidorcintastesa.es\/pt-pt\/producto\/tesa-4287-standard-solucoes-para-cintar-e-empacotar-embalagens\/"]}]},{"@type":"ImageObject","inLanguage":"pt-PT","@id":"https:\/\/distribuidorcintastesa.es\/pt-pt\/producto\/tesa-4287-standard-solucoes-para-cintar-e-empacotar-embalagens\/#primaryimage","url":"https:\/\/distribuidorcintastesa.es\/wp-content\/uploads\/2022\/02\/tesa-4287.jpg","contentUrl":"https:\/\/distribuidorcintastesa.es\/wp-content\/uploads\/2022\/02\/tesa-4287.jpg","width":539,"height":576,"caption":"Tesa 4287 Standard"},{"@type":"BreadcrumbList","@id":"https:\/\/distribuidorcintastesa.es\/pt-pt\/producto\/tesa-4287-standard-solucoes-para-cintar-e-empacotar-embalagens\/#breadcrumb","itemListElement":[{"@type":"ListItem","position":1,"name":"Portada","item":"https:\/\/distribuidorcintastesa.es\/pt-pt\/"},{"@type":"ListItem","position":2,"name":"Produtos","item":"https:\/\/distribuidorcintastesa.es\/pt-pt\/produtos\/"},{"@type":"ListItem","position":3,"name":"Tesa\u00ae 4287 Standard"}]},{"@type":"WebSite","@id":"https:\/\/distribuidorcintastesa.es\/pt-pt\/#website","url":"https:\/\/distribuidorcintastesa.es\/pt-pt\/","name":"Distribuidor de cintas tesa","description":"Distribuidor de cintas tesa, cintas tesa, tesa cintas, distribuidor tesa, tesa productos, productos tesa, tesa distribuidores, cintas y adhesivos, tesa cinta doble cara, cinta tesa doble cara, adhesivos tesa, cinta antideslizante, velcro tesa, cinta reflectante, tesa supergen, softprint, cinta doble cara tesa, selladores y adhesivos, cintas adhesivas de doble cara, cintas de aluminio, cintas de vinilo para se\u00f1alizaci\u00f3n, cintas de tela americanas, cintas de papel para enmascarar, cintas para embalaje","publisher":{"@id":"https:\/\/distribuidorcintastesa.es\/pt-pt\/#organization"},"potentialAction":[{"@type":"SearchAction","target":{"@type":"EntryPoint","urlTemplate":"https:\/\/distribuidorcintastesa.es\/pt-pt\/?s={search_term_string}"},"query-input":{"@type":"PropertyValueSpecification","valueRequired":true,"valueName":"search_term_string"}}],"inLanguage":"pt-PT"},{"@type":"Organization","@id":"https:\/\/distribuidorcintastesa.es\/pt-pt\/#organization","name":"Distribuidor de cintas tesa","url":"https:\/\/distribuidorcintastesa.es\/pt-pt\/","logo":{"@type":"ImageObject","inLanguage":"pt-PT","@id":"https:\/\/distribuidorcintastesa.es\/pt-pt\/#\/schema\/logo\/image\/","url":"https:\/\/distribuidorcintastesa.es\/wp-content\/uploads\/2022\/10\/logo-espanol-portugues.png","contentUrl":"https:\/\/distribuidorcintastesa.es\/wp-content\/uploads\/2022\/10\/logo-espanol-portugues.png","width":871,"height":142,"caption":"Distribuidor de cintas tesa"},"image":{"@id":"https:\/\/distribuidorcintastesa.es\/pt-pt\/#\/schema\/logo\/image\/"},"sameAs":["https:\/\/muralsrd.com\/","https:\/\/solbi-mural.com\/es\/","https:\/\/distribuidor-cintas-adhesivas.es","https:\/\/www.instagram.com\/solbimural\/?igsh=ZnR6ZmkzZm1ubWhl"]}]}},"_links":{"self":[{"href":"https:\/\/distribuidorcintastesa.es\/pt-pt\/wp-json\/wp\/v2\/product\/5058","targetHints":{"allow":["GET"]}}],"collection":[{"href":"https:\/\/distribuidorcintastesa.es\/pt-pt\/wp-json\/wp\/v2\/product"}],"about":[{"href":"https:\/\/distribuidorcintastesa.es\/pt-pt\/wp-json\/wp\/v2\/types\/product"}],"wp:featuredmedia":[{"embeddable":true,"href":"https:\/\/distribuidorcintastesa.es\/pt-pt\/wp-json\/wp\/v2\/media\/5062"}],"wp:attachment":[{"href":"https:\/\/distribuidorcintastesa.es\/pt-pt\/wp-json\/wp\/v2\/media?parent=5058"}],"wp:term":[{"taxonomy":"product_brand","embeddable":true,"href":"https:\/\/distribuidorcintastesa.es\/pt-pt\/wp-json\/wp\/v2\/product_brand?post=5058"},{"taxonomy":"product_cat","embeddable":true,"href":"https:\/\/distribuidorcintastesa.es\/pt-pt\/wp-json\/wp\/v2\/product_cat?post=5058"},{"taxonomy":"product_tag","embeddable":true,"href":"https:\/\/distribuidorcintastesa.es\/pt-pt\/wp-json\/wp\/v2\/product_tag?post=5058"}],"curies":[{"name":"wp","href":"https:\/\/api.w.org\/{rel}","templated":true}]}}