{"id":5050,"date":"2022-02-24T16:43:58","date_gmt":"2022-02-24T16:43:59","guid":{"rendered":"https:\/\/distribuidorcintastesa.es\/?post_type=product&#038;p=5050"},"modified":"2022-02-25T09:59:45","modified_gmt":"2022-02-25T09:59:45","slug":"tesa-64250-exteriores-solucoes-para-cintar-e-empacotar-embalagens","status":"publish","type":"product","link":"https:\/\/distribuidorcintastesa.es\/pt-pt\/producto\/tesa-64250-exteriores-solucoes-para-cintar-e-empacotar-embalagens\/","title":{"rendered":"Tesa\u00ae 64250 Exteriores\u00a0"},"content":{"rendered":"<p><strong>Tesa 64250 Exteriores\u00a0<\/strong><\/p>\n<p>&nbsp;<\/p>\n<p>tesa\u00ae 64250 combina a flexibilidade e resist\u00eancia do suporte de polipropileno pr\u00e9-estirado. Devido \u00e0 sua excelente formabilidade, o produto \u00e9 ideal para aplica\u00e7\u00f5es em superf\u00edcies 3D.<br \/>\nTesa\u00ae 64250 pode ser removido de uma ampla variedade de superf\u00edcies sem deixar res\u00edduos ou marcas de descolora\u00e7\u00e3o.<\/p>\n<p>\u2013 Adesivo especial para uso externo, mesmo com incid\u00eancia direta de raios UV.<br \/>\n&#8211; Boa resist\u00eancia ao rasgo.<\/p>\n<p>&nbsp;<\/p>\n<p><strong>principais aplica\u00e7\u00f5es<\/strong><\/p>\n<p>\u2013 Seguran\u00e7a no transporte de equipamentos autom\u00e1ticos de escrit\u00f3rio, como impressoras, scanners, fotocopiadoras e eletrodom\u00e9sticos.<\/p>\n<p>&nbsp;<\/p>\n<p>&nbsp;<\/p>\n<p><img fetchpriority=\"high\" decoding=\"async\" class=\"alignnone wp-image-5054 size-medium\" src=\"https:\/\/distribuidorcintastesa.es\/wp-content\/uploads\/2022\/02\/TESA-64250-300x287.jpg\" alt=\"Tesa 64250 Exteriores\u00a0\" width=\"300\" height=\"287\" srcset=\"https:\/\/distribuidorcintastesa.es\/wp-content\/uploads\/2022\/02\/TESA-64250-300x287.jpg 300w, https:\/\/distribuidorcintastesa.es\/wp-content\/uploads\/2022\/02\/TESA-64250-64x61.jpg 64w, https:\/\/distribuidorcintastesa.es\/wp-content\/uploads\/2022\/02\/TESA-64250.jpg 574w\" sizes=\"(max-width: 300px) 100vw, 300px\" \/><\/p>\n<p><a href=\"https:\/\/www.youtube.com\/watch?v=3bq9T0Rh87k\" target=\"_blank\" rel=\"noopener\">Tesa\u00ae 64250 Exteriores\u00a0<\/a><\/p>\n<p>&nbsp;<\/p>\n<p><strong> Dados t\u00e9cnicos Tesa 64250 Exteriores\u00a0<\/strong><\/p>\n<table width=\"479\">\n<tbody>\n<tr>\n<td width=\"250\">Soporte<\/td>\n<td width=\"229\">MOPP<\/td>\n<\/tr>\n<tr>\n<td>Tipo de adhesivo<\/td>\n<td>acr\u00edlico<\/td>\n<\/tr>\n<tr>\n<td>Alongamento na ruptura [%]<\/td>\n<td>30<\/td>\n<\/tr>\n<tr>\n<td>Resist\u00eancia \u00e0 tra\u00e7\u00e3o [N\/cm]<\/td>\n<td>100<\/td>\n<\/tr>\n<tr>\n<td>Espessura total\u00a0 [\u00b5m]<\/td>\n<td>79<\/td>\n<\/tr>\n<tr>\n<td>Ades\u00e3o \/ a\u00e7o [N\/cm]<\/td>\n<td>3<\/td>\n<\/tr>\n<tr>\n<td>Resist. Quebra [N\/cm]<\/td>\n<td>100<\/td>\n<\/tr>\n<\/tbody>\n<\/table>\n<p><strong>Caracteristicas<\/strong><\/p>\n<table width=\"597\">\n<tbody>\n<tr>\n<td colspan=\"2\" width=\"393\">Sem desbotamento<\/td>\n<td colspan=\"2\" width=\"204\">Sim<\/td>\n<\/tr>\n<tr>\n<td colspan=\"2\">Remove sem deixar res\u00edduos<\/td>\n<td colspan=\"2\">Sim<\/td>\n<\/tr>\n<\/tbody>\n<\/table>\n<table width=\"630\">\n<tbody>\n<tr>\n<td width=\"94\"><strong>PRODUTO<\/strong><\/td>\n<td width=\"134\"><strong>UNIDADE<\/strong><\/td>\n<td width=\"134\"><strong>EMBALAGEM<\/strong><\/td>\n<td width=\"134\"><strong>DIMENSOES<\/strong><\/td>\n<td width=\"134\"><strong>COR<\/strong><\/td>\n<\/tr>\n<tr>\n<td rowspan=\"2\" width=\"94\"><strong>64250<\/strong><\/td>\n<td width=\"134\">Rolo<\/td>\n<td width=\"134\">72 Rolos\/Caixa<\/td>\n<td width=\"134\">25 mm x 66 mt<\/td>\n<td width=\"134\"><img decoding=\"async\" class=\"alignnone wp-image-3370 size-full\" src=\"https:\/\/distribuidorcintastesa.es\/wp-content\/uploads\/2021\/03\/AZUL_2-1.png\" alt=\"Tesa 64250 Exteriores\u00a0\" width=\"38\" height=\"19\" \/><\/td>\n<\/tr>\n<tr>\n<td width=\"134\">Rolo<\/td>\n<td width=\"134\">36 Rolos\/Caixa<\/td>\n<td width=\"134\">50 mm x 66 mt<\/td>\n<td width=\"134\"><img decoding=\"async\" class=\"alignnone size-full wp-image-3370\" src=\"https:\/\/distribuidorcintastesa.es\/wp-content\/uploads\/2021\/03\/AZUL_2-1.png\" alt=\"COLOR AZUL\" width=\"38\" height=\"19\" \/><\/td>\n<\/tr>\n<\/tbody>\n<\/table>\n<p><a href=\"https:\/\/distribuidorcintastesa.es\/pt-pt\/catalogos\/\" target=\"_blank\" rel=\"noopener\">Cat\u00e1logos TESA<\/a><\/p>\n","protected":false},"excerpt":{"rendered":"<p>Tesa 64250 Exteriores\u00a0 &nbsp; tesa\u00ae 64250 combina a flexibilidade e resist\u00eancia do suporte de polipropileno pr\u00e9-estirado. Devido \u00e0 sua excelente formabilidade, o produto \u00e9 ideal para aplica\u00e7\u00f5es em superf\u00edcies 3D. Tesa\u00ae 64250 pode ser removido de uma ampla variedade de superf\u00edcies sem deixar res\u00edduos ou marcas de descolora\u00e7\u00e3o. \u2013 Adesivo especial para uso externo, mesmo [&hellip;]<\/p>\n","protected":false},"featured_media":5054,"template":"","meta":{"site-sidebar-layout":"default","site-content-layout":"","ast-site-content-layout":"default","site-content-style":"default","site-sidebar-style":"default","ast-global-header-display":"","ast-banner-title-visibility":"","ast-main-header-display":"","ast-hfb-above-header-display":"","ast-hfb-below-header-display":"","ast-hfb-mobile-header-display":"","site-post-title":"","ast-breadcrumbs-content":"","ast-featured-img":"","footer-sml-layout":"","ast-disable-related-posts":"","theme-transparent-header-meta":"","adv-header-id-meta":"","stick-header-meta":"","header-above-stick-meta":"","header-main-stick-meta":"","header-below-stick-meta":"","astra-migrate-meta-layouts":"default","ast-page-background-enabled":"default","ast-page-background-meta":{"desktop":{"background-color":"","background-image":"","background-repeat":"repeat","background-position":"center center","background-size":"auto","background-attachment":"scroll","background-type":"","background-media":"","overlay-type":"","overlay-color":"","overlay-opacity":"","overlay-gradient":""},"tablet":{"background-color":"","background-image":"","background-repeat":"repeat","background-position":"center center","background-size":"auto","background-attachment":"scroll","background-type":"","background-media":"","overlay-type":"","overlay-color":"","overlay-opacity":"","overlay-gradient":""},"mobile":{"background-color":"","background-image":"","background-repeat":"repeat","background-position":"center center","background-size":"auto","background-attachment":"scroll","background-type":"","background-media":"","overlay-type":"","overlay-color":"","overlay-opacity":"","overlay-gradient":""}},"ast-content-background-meta":{"desktop":{"background-color":"var(--ast-global-color-5)","background-image":"","background-repeat":"repeat","background-position":"center center","background-size":"auto","background-attachment":"scroll","background-type":"","background-media":"","overlay-type":"","overlay-color":"","overlay-opacity":"","overlay-gradient":""},"tablet":{"background-color":"var(--ast-global-color-5)","background-image":"","background-repeat":"repeat","background-position":"center center","background-size":"auto","background-attachment":"scroll","background-type":"","background-media":"","overlay-type":"","overlay-color":"","overlay-opacity":"","overlay-gradient":""},"mobile":{"background-color":"var(--ast-global-color-5)","background-image":"","background-repeat":"repeat","background-position":"center center","background-size":"auto","background-attachment":"scroll","background-type":"","background-media":"","overlay-type":"","overlay-color":"","overlay-opacity":"","overlay-gradient":""}}},"product_brand":[],"product_cat":[2508,170],"product_tag":[],"class_list":{"0":"post-5050","1":"product","2":"type-product","3":"status-publish","4":"has-post-thumbnail","6":"product_cat-correia-e-amarra","7":"product_cat-solucoes-de-embalagem","8":"desktop-align-center","9":"tablet-align-center","10":"mobile-align-center","12":"first","13":"instock","14":"shipping-taxable","15":"product-type-simple"},"yoast_head":"<!-- This site is optimized with the Yoast SEO Premium plugin v27.2 (Yoast SEO v27.2) - https:\/\/yoast.com\/product\/yoast-seo-premium-wordpress\/ -->\n<title>Tesa 64250 Exteriores Solu\u00e7\u00f5es para cintar e empacotar embalagens<\/title>\n<meta name=\"description\" content=\"Tesa 64250 Exteriores\u00a0 Solu\u00e7\u00f5es para cintar e empacotar embalagens. suporte em polipropileno pr\u00e9-estirado Dispon\u00edvel em nossa loja online\" \/>\n<meta name=\"robots\" content=\"index, follow, max-snippet:-1, max-image-preview:large, max-video-preview:-1\" \/>\n<link rel=\"canonical\" href=\"https:\/\/distribuidorcintastesa.es\/pt-pt\/producto\/tesa-64250-exteriores-solucoes-para-cintar-e-empacotar-embalagens\/\" \/>\n<meta property=\"og:locale\" content=\"pt_PT\" \/>\n<meta property=\"og:type\" content=\"article\" \/>\n<meta property=\"og:title\" content=\"Tesa\u00ae 64250 Exteriores\u00a0\" \/>\n<meta property=\"og:description\" content=\"Tesa 64250 Exteriores\u00a0 Solu\u00e7\u00f5es para cintar e empacotar embalagens. suporte em polipropileno pr\u00e9-estirado Dispon\u00edvel em nossa loja online\" \/>\n<meta property=\"og:url\" content=\"https:\/\/distribuidorcintastesa.es\/pt-pt\/producto\/tesa-64250-exteriores-solucoes-para-cintar-e-empacotar-embalagens\/\" \/>\n<meta property=\"og:site_name\" content=\"Distribuidor de cintas tesa, cintas tesa, tesa cintas, distribuidor tesa, tesa productos, productos tesa, tesa distribuidores, http:\/\/www.http:\/\/distribuidorcintas3m.es, Mejores ofertas en cintas\" \/>\n<meta property=\"article:modified_time\" content=\"2022-02-25T09:59:45+00:00\" \/>\n<meta property=\"og:image\" content=\"https:\/\/distribuidorcintastesa.es\/wp-content\/uploads\/2022\/02\/TESA-64250.jpg\" \/>\n\t<meta property=\"og:image:width\" content=\"574\" \/>\n\t<meta property=\"og:image:height\" content=\"550\" \/>\n\t<meta property=\"og:image:type\" content=\"image\/jpeg\" \/>\n<meta name=\"twitter:card\" content=\"summary_large_image\" \/>\n<meta name=\"twitter:label1\" content=\"Tempo estimado de leitura\" \/>\n\t<meta name=\"twitter:data1\" content=\"2 minutos\" \/>\n<script type=\"application\/ld+json\" class=\"yoast-schema-graph\">{\"@context\":\"https:\/\/schema.org\",\"@graph\":[{\"@type\":\"WebPage\",\"@id\":\"https:\/\/distribuidorcintastesa.es\/pt-pt\/producto\/tesa-64250-exteriores-solucoes-para-cintar-e-empacotar-embalagens\/\",\"url\":\"https:\/\/distribuidorcintastesa.es\/pt-pt\/producto\/tesa-64250-exteriores-solucoes-para-cintar-e-empacotar-embalagens\/\",\"name\":\"Tesa 64250 Exteriores Solu\u00e7\u00f5es para cintar e empacotar embalagens\",\"isPartOf\":{\"@id\":\"https:\/\/distribuidorcintastesa.es\/pt-pt\/#website\"},\"primaryImageOfPage\":{\"@id\":\"https:\/\/distribuidorcintastesa.es\/pt-pt\/producto\/tesa-64250-exteriores-solucoes-para-cintar-e-empacotar-embalagens\/#primaryimage\"},\"image\":{\"@id\":\"https:\/\/distribuidorcintastesa.es\/pt-pt\/producto\/tesa-64250-exteriores-solucoes-para-cintar-e-empacotar-embalagens\/#primaryimage\"},\"thumbnailUrl\":\"https:\/\/distribuidorcintastesa.es\/wp-content\/uploads\/2022\/02\/TESA-64250.jpg\",\"datePublished\":\"2022-02-24T16:43:59+00:00\",\"dateModified\":\"2022-02-25T09:59:45+00:00\",\"description\":\"Tesa 64250 Exteriores\u00a0 Solu\u00e7\u00f5es para cintar e empacotar embalagens. suporte em polipropileno pr\u00e9-estirado Dispon\u00edvel em nossa loja online\",\"breadcrumb\":{\"@id\":\"https:\/\/distribuidorcintastesa.es\/pt-pt\/producto\/tesa-64250-exteriores-solucoes-para-cintar-e-empacotar-embalagens\/#breadcrumb\"},\"inLanguage\":\"pt-PT\",\"potentialAction\":[{\"@type\":\"ReadAction\",\"target\":[\"https:\/\/distribuidorcintastesa.es\/pt-pt\/producto\/tesa-64250-exteriores-solucoes-para-cintar-e-empacotar-embalagens\/\"]}]},{\"@type\":\"ImageObject\",\"inLanguage\":\"pt-PT\",\"@id\":\"https:\/\/distribuidorcintastesa.es\/pt-pt\/producto\/tesa-64250-exteriores-solucoes-para-cintar-e-empacotar-embalagens\/#primaryimage\",\"url\":\"https:\/\/distribuidorcintastesa.es\/wp-content\/uploads\/2022\/02\/TESA-64250.jpg\",\"contentUrl\":\"https:\/\/distribuidorcintastesa.es\/wp-content\/uploads\/2022\/02\/TESA-64250.jpg\",\"width\":574,\"height\":550,\"caption\":\"Tesa 64250 Exteriores\u00a0\"},{\"@type\":\"BreadcrumbList\",\"@id\":\"https:\/\/distribuidorcintastesa.es\/pt-pt\/producto\/tesa-64250-exteriores-solucoes-para-cintar-e-empacotar-embalagens\/#breadcrumb\",\"itemListElement\":[{\"@type\":\"ListItem\",\"position\":1,\"name\":\"Portada\",\"item\":\"https:\/\/distribuidorcintastesa.es\/pt-pt\/\"},{\"@type\":\"ListItem\",\"position\":2,\"name\":\"Produtos\",\"item\":\"https:\/\/distribuidorcintastesa.es\/pt-pt\/produtos\/\"},{\"@type\":\"ListItem\",\"position\":3,\"name\":\"Tesa\u00ae 64250 Exteriores\u00a0\"}]},{\"@type\":\"WebSite\",\"@id\":\"https:\/\/distribuidorcintastesa.es\/pt-pt\/#website\",\"url\":\"https:\/\/distribuidorcintastesa.es\/pt-pt\/\",\"name\":\"Distribuidor de cintas tesa\",\"description\":\"Distribuidor de cintas tesa, cintas tesa, tesa cintas, distribuidor tesa, tesa productos, productos tesa, tesa distribuidores, cintas y adhesivos, tesa cinta doble cara, cinta tesa doble cara, adhesivos tesa, cinta antideslizante, velcro tesa, cinta reflectante, tesa supergen, softprint, cinta doble cara tesa, selladores y adhesivos, cintas adhesivas de doble cara, cintas de aluminio, cintas de vinilo para se\u00f1alizaci\u00f3n, cintas de tela americanas, cintas de papel para enmascarar, cintas para embalaje\",\"publisher\":{\"@id\":\"https:\/\/distribuidorcintastesa.es\/pt-pt\/#organization\"},\"potentialAction\":[{\"@type\":\"SearchAction\",\"target\":{\"@type\":\"EntryPoint\",\"urlTemplate\":\"https:\/\/distribuidorcintastesa.es\/pt-pt\/?s={search_term_string}\"},\"query-input\":{\"@type\":\"PropertyValueSpecification\",\"valueRequired\":true,\"valueName\":\"search_term_string\"}}],\"inLanguage\":\"pt-PT\"},{\"@type\":\"Organization\",\"@id\":\"https:\/\/distribuidorcintastesa.es\/pt-pt\/#organization\",\"name\":\"Distribuidor de cintas tesa\",\"url\":\"https:\/\/distribuidorcintastesa.es\/pt-pt\/\",\"logo\":{\"@type\":\"ImageObject\",\"inLanguage\":\"pt-PT\",\"@id\":\"https:\/\/distribuidorcintastesa.es\/pt-pt\/#\/schema\/logo\/image\/\",\"url\":\"https:\/\/distribuidorcintastesa.es\/wp-content\/uploads\/2022\/10\/logo-espanol-portugues.png\",\"contentUrl\":\"https:\/\/distribuidorcintastesa.es\/wp-content\/uploads\/2022\/10\/logo-espanol-portugues.png\",\"width\":871,\"height\":142,\"caption\":\"Distribuidor de cintas tesa\"},\"image\":{\"@id\":\"https:\/\/distribuidorcintastesa.es\/pt-pt\/#\/schema\/logo\/image\/\"},\"sameAs\":[\"https:\/\/muralsrd.com\/\",\"https:\/\/solbi-mural.com\/es\/\",\"https:\/\/distribuidor-cintas-adhesivas.es\",\"https:\/\/www.instagram.com\/solbimural\/?igsh=ZnR6ZmkzZm1ubWhl\"]}]}<\/script>\n<!-- \/ Yoast SEO Premium plugin. -->","yoast_head_json":{"title":"Tesa 64250 Exteriores Solu\u00e7\u00f5es para cintar e empacotar embalagens","description":"Tesa 64250 Exteriores\u00a0 Solu\u00e7\u00f5es para cintar e empacotar embalagens. suporte em polipropileno pr\u00e9-estirado Dispon\u00edvel em nossa loja online","robots":{"index":"index","follow":"follow","max-snippet":"max-snippet:-1","max-image-preview":"max-image-preview:large","max-video-preview":"max-video-preview:-1"},"canonical":"https:\/\/distribuidorcintastesa.es\/pt-pt\/producto\/tesa-64250-exteriores-solucoes-para-cintar-e-empacotar-embalagens\/","og_locale":"pt_PT","og_type":"article","og_title":"Tesa\u00ae 64250 Exteriores\u00a0","og_description":"Tesa 64250 Exteriores\u00a0 Solu\u00e7\u00f5es para cintar e empacotar embalagens. suporte em polipropileno pr\u00e9-estirado Dispon\u00edvel em nossa loja online","og_url":"https:\/\/distribuidorcintastesa.es\/pt-pt\/producto\/tesa-64250-exteriores-solucoes-para-cintar-e-empacotar-embalagens\/","og_site_name":"Distribuidor de cintas tesa, cintas tesa, tesa cintas, distribuidor tesa, tesa productos, productos tesa, tesa distribuidores, http:\/\/www.http:\/\/distribuidorcintas3m.es, Mejores ofertas en cintas","article_modified_time":"2022-02-25T09:59:45+00:00","og_image":[{"width":574,"height":550,"url":"https:\/\/distribuidorcintastesa.es\/wp-content\/uploads\/2022\/02\/TESA-64250.jpg","type":"image\/jpeg"}],"twitter_card":"summary_large_image","twitter_misc":{"Tempo estimado de leitura":"2 minutos"},"schema":{"@context":"https:\/\/schema.org","@graph":[{"@type":"WebPage","@id":"https:\/\/distribuidorcintastesa.es\/pt-pt\/producto\/tesa-64250-exteriores-solucoes-para-cintar-e-empacotar-embalagens\/","url":"https:\/\/distribuidorcintastesa.es\/pt-pt\/producto\/tesa-64250-exteriores-solucoes-para-cintar-e-empacotar-embalagens\/","name":"Tesa 64250 Exteriores Solu\u00e7\u00f5es para cintar e empacotar embalagens","isPartOf":{"@id":"https:\/\/distribuidorcintastesa.es\/pt-pt\/#website"},"primaryImageOfPage":{"@id":"https:\/\/distribuidorcintastesa.es\/pt-pt\/producto\/tesa-64250-exteriores-solucoes-para-cintar-e-empacotar-embalagens\/#primaryimage"},"image":{"@id":"https:\/\/distribuidorcintastesa.es\/pt-pt\/producto\/tesa-64250-exteriores-solucoes-para-cintar-e-empacotar-embalagens\/#primaryimage"},"thumbnailUrl":"https:\/\/distribuidorcintastesa.es\/wp-content\/uploads\/2022\/02\/TESA-64250.jpg","datePublished":"2022-02-24T16:43:59+00:00","dateModified":"2022-02-25T09:59:45+00:00","description":"Tesa 64250 Exteriores\u00a0 Solu\u00e7\u00f5es para cintar e empacotar embalagens. suporte em polipropileno pr\u00e9-estirado Dispon\u00edvel em nossa loja online","breadcrumb":{"@id":"https:\/\/distribuidorcintastesa.es\/pt-pt\/producto\/tesa-64250-exteriores-solucoes-para-cintar-e-empacotar-embalagens\/#breadcrumb"},"inLanguage":"pt-PT","potentialAction":[{"@type":"ReadAction","target":["https:\/\/distribuidorcintastesa.es\/pt-pt\/producto\/tesa-64250-exteriores-solucoes-para-cintar-e-empacotar-embalagens\/"]}]},{"@type":"ImageObject","inLanguage":"pt-PT","@id":"https:\/\/distribuidorcintastesa.es\/pt-pt\/producto\/tesa-64250-exteriores-solucoes-para-cintar-e-empacotar-embalagens\/#primaryimage","url":"https:\/\/distribuidorcintastesa.es\/wp-content\/uploads\/2022\/02\/TESA-64250.jpg","contentUrl":"https:\/\/distribuidorcintastesa.es\/wp-content\/uploads\/2022\/02\/TESA-64250.jpg","width":574,"height":550,"caption":"Tesa 64250 Exteriores\u00a0"},{"@type":"BreadcrumbList","@id":"https:\/\/distribuidorcintastesa.es\/pt-pt\/producto\/tesa-64250-exteriores-solucoes-para-cintar-e-empacotar-embalagens\/#breadcrumb","itemListElement":[{"@type":"ListItem","position":1,"name":"Portada","item":"https:\/\/distribuidorcintastesa.es\/pt-pt\/"},{"@type":"ListItem","position":2,"name":"Produtos","item":"https:\/\/distribuidorcintastesa.es\/pt-pt\/produtos\/"},{"@type":"ListItem","position":3,"name":"Tesa\u00ae 64250 Exteriores\u00a0"}]},{"@type":"WebSite","@id":"https:\/\/distribuidorcintastesa.es\/pt-pt\/#website","url":"https:\/\/distribuidorcintastesa.es\/pt-pt\/","name":"Distribuidor de cintas tesa","description":"Distribuidor de cintas tesa, cintas tesa, tesa cintas, distribuidor tesa, tesa productos, productos tesa, tesa distribuidores, cintas y adhesivos, tesa cinta doble cara, cinta tesa doble cara, adhesivos tesa, cinta antideslizante, velcro tesa, cinta reflectante, tesa supergen, softprint, cinta doble cara tesa, selladores y adhesivos, cintas adhesivas de doble cara, cintas de aluminio, cintas de vinilo para se\u00f1alizaci\u00f3n, cintas de tela americanas, cintas de papel para enmascarar, cintas para embalaje","publisher":{"@id":"https:\/\/distribuidorcintastesa.es\/pt-pt\/#organization"},"potentialAction":[{"@type":"SearchAction","target":{"@type":"EntryPoint","urlTemplate":"https:\/\/distribuidorcintastesa.es\/pt-pt\/?s={search_term_string}"},"query-input":{"@type":"PropertyValueSpecification","valueRequired":true,"valueName":"search_term_string"}}],"inLanguage":"pt-PT"},{"@type":"Organization","@id":"https:\/\/distribuidorcintastesa.es\/pt-pt\/#organization","name":"Distribuidor de cintas tesa","url":"https:\/\/distribuidorcintastesa.es\/pt-pt\/","logo":{"@type":"ImageObject","inLanguage":"pt-PT","@id":"https:\/\/distribuidorcintastesa.es\/pt-pt\/#\/schema\/logo\/image\/","url":"https:\/\/distribuidorcintastesa.es\/wp-content\/uploads\/2022\/10\/logo-espanol-portugues.png","contentUrl":"https:\/\/distribuidorcintastesa.es\/wp-content\/uploads\/2022\/10\/logo-espanol-portugues.png","width":871,"height":142,"caption":"Distribuidor de cintas tesa"},"image":{"@id":"https:\/\/distribuidorcintastesa.es\/pt-pt\/#\/schema\/logo\/image\/"},"sameAs":["https:\/\/muralsrd.com\/","https:\/\/solbi-mural.com\/es\/","https:\/\/distribuidor-cintas-adhesivas.es","https:\/\/www.instagram.com\/solbimural\/?igsh=ZnR6ZmkzZm1ubWhl"]}]}},"_links":{"self":[{"href":"https:\/\/distribuidorcintastesa.es\/pt-pt\/wp-json\/wp\/v2\/product\/5050","targetHints":{"allow":["GET"]}}],"collection":[{"href":"https:\/\/distribuidorcintastesa.es\/pt-pt\/wp-json\/wp\/v2\/product"}],"about":[{"href":"https:\/\/distribuidorcintastesa.es\/pt-pt\/wp-json\/wp\/v2\/types\/product"}],"wp:featuredmedia":[{"embeddable":true,"href":"https:\/\/distribuidorcintastesa.es\/pt-pt\/wp-json\/wp\/v2\/media\/5054"}],"wp:attachment":[{"href":"https:\/\/distribuidorcintastesa.es\/pt-pt\/wp-json\/wp\/v2\/media?parent=5050"}],"wp:term":[{"taxonomy":"product_brand","embeddable":true,"href":"https:\/\/distribuidorcintastesa.es\/pt-pt\/wp-json\/wp\/v2\/product_brand?post=5050"},{"taxonomy":"product_cat","embeddable":true,"href":"https:\/\/distribuidorcintastesa.es\/pt-pt\/wp-json\/wp\/v2\/product_cat?post=5050"},{"taxonomy":"product_tag","embeddable":true,"href":"https:\/\/distribuidorcintastesa.es\/pt-pt\/wp-json\/wp\/v2\/product_tag?post=5050"}],"curies":[{"name":"wp","href":"https:\/\/api.w.org\/{rel}","templated":true}]}}