{"id":4291,"date":"2021-10-20T14:57:32","date_gmt":"2021-10-20T14:57:32","guid":{"rendered":"https:\/\/distribuidorcintastesa.es\/?post_type=product&#038;p=4291"},"modified":"2022-02-10T11:33:53","modified_gmt":"2022-02-10T11:33:53","slug":"tesa-4318-krepp-alta-temperatura-pintura-solucoes-mascaramento","status":"publish","type":"product","link":"https:\/\/distribuidorcintastesa.es\/pt-pt\/producto\/tesa-4318-krepp-alta-temperatura-pintura-solucoes-mascaramento\/","title":{"rendered":"Tesa\u00ae 4318 Krepp 160\u00baC &#8211; alta temperatura"},"content":{"rendered":"<p><strong>Tesa 4318 Krepp 160\u00baC \u2013 Alta temperatura<\/strong><\/p>\n<p>Tesa\u00ae 4318 Krepp 160\u00baC \u2013 High Temperature \u00e9 uma fita crepe macia, de papel flex\u00edvel, ideal para os rigorosos requisitos de trabalhos de pintura (tintas \u00e0 base de \u00e1gua ou solventes) seguidas de secagem em estufa.<\/p>\n<p>\u2013 Para tinta aplicada com spray e secagem at\u00e9 160\u00baC.<br \/>\n\u2013 Boa ader\u00eancia em superf\u00edcies pintadas.<br \/>\n\u2013 N\u00e3o deixa res\u00edduos na borracha e na pintura mesmo em baixas temperaturas<\/p>\n<p>&nbsp;<\/p>\n<p><img decoding=\"async\" class=\"alignnone wp-image-4306\" src=\"https:\/\/distribuidorcintastesa.es\/wp-content\/uploads\/2021\/10\/tesa-4318-2.jpg\" alt=\"Tesa 4318 Krepp 160\u00baC \u2013 Alta temperatura\" width=\"238\" height=\"160\" srcset=\"https:\/\/distribuidorcintastesa.es\/wp-content\/uploads\/2021\/10\/tesa-4318-2.jpg 150w, https:\/\/distribuidorcintastesa.es\/wp-content\/uploads\/2021\/10\/tesa-4318-2-64x43.jpg 64w\" sizes=\"(max-width: 238px) 100vw, 238px\" \/><\/p>\n<p><a href=\"https:\/\/www.youtube.com\/watch?v=48OcWwoZav0\" target=\"_blank\" rel=\"noopener\">Tesa\u00ae 4318 Krepp 160\u00baC &#8211; alta temperatura<\/a><\/p>\n<p>&nbsp;<\/p>\n<p><strong> Dados t\u00e9cnicos Tesa 4318 Krepp 160\u00baC \u2013 Alta temperatura<\/strong><\/p>\n<table width=\"435\">\n<tbody>\n<tr>\n<td width=\"250\"><strong>Soporte\u00a0<\/strong><\/td>\n<td width=\"185\">Papel Crepom Especial<\/td>\n<\/tr>\n<tr>\n<td><strong>Tipo de adhesivo<\/strong><\/td>\n<td>Borracha natural<\/td>\n<\/tr>\n<tr>\n<td><strong>Resist\u00eancia \u00e0 tra\u00e7\u00e3o [N\/cm]<\/strong><\/td>\n<td>47<\/td>\n<\/tr>\n<tr>\n<td><strong>Alongamento na ruptura [%]<\/strong><\/td>\n<td>12<\/td>\n<\/tr>\n<tr>\n<td><strong>Espessura total\u00a0 [\u00b5m]<\/strong><\/td>\n<td>170<\/td>\n<\/tr>\n<tr>\n<td><strong>Ades\u00e3o \/ a\u00e7o [N\/cm]<\/strong><\/td>\n<td>4<\/td>\n<\/tr>\n<tr>\n<td><strong>Resist. Quebra [N\/cm]<\/strong><\/td>\n<td>47<\/td>\n<\/tr>\n<tr>\n<td><strong>Reisit. Em t\u00aa [\u00baC]<\/strong><\/td>\n<td>160\/1h<\/td>\n<\/tr>\n<\/tbody>\n<\/table>\n<p><strong>Caracteristicas<\/strong><\/p>\n<table width=\"597\">\n<tbody>\n<tr>\n<td colspan=\"2\" width=\"393\"><strong>adapt\u00e1vel<\/strong><\/td>\n<td colspan=\"2\" width=\"204\">+<\/td>\n<\/tr>\n<tr>\n<td colspan=\"2\"><strong>Cor da borda definida<\/strong><\/td>\n<td colspan=\"2\">+<\/td>\n<\/tr>\n<tr>\n<td colspan=\"2\"><strong>pode ser cortado \u00e0 m\u00e3o<\/strong><\/td>\n<td colspan=\"2\">++<\/td>\n<\/tr>\n<tr>\n<td colspan=\"2\"><strong>Boa \u00e2ncora de pintura<\/strong><\/td>\n<td colspan=\"2\">++<\/td>\n<\/tr>\n<tr>\n<td colspan=\"2\"><strong>F\u00e1cil de remover<\/strong><\/td>\n<td colspan=\"2\">Sim<\/td>\n<\/tr>\n<\/tbody>\n<\/table>\n<table width=\"630\">\n<tbody>\n<tr>\n<td width=\"94\"><strong>PRODUTO<\/strong><\/td>\n<td width=\"134\"><strong>UNIDADE<\/strong><\/td>\n<td width=\"134\"><strong>EMBALAGEM<\/strong><\/td>\n<td width=\"134\"><strong>DIMENSOES<\/strong><\/td>\n<td width=\"134\"><strong>COR<\/strong><\/td>\n<\/tr>\n<tr>\n<td rowspan=\"4\" width=\"94\"><strong>4318<\/strong><\/td>\n<td width=\"134\">Rolo<\/td>\n<td width=\"134\">36 Rolos\/Caixa<\/td>\n<td width=\"134\">9 mm x 50 mt<\/td>\n<td width=\"134\"><img decoding=\"async\" class=\"alignnone size-full wp-image-4298\" src=\"https:\/\/distribuidorcintastesa.es\/wp-content\/uploads\/2021\/10\/beige2.jpg\" alt=\"\" width=\"38\" height=\"19\" \/><\/td>\n<\/tr>\n<tr>\n<td width=\"134\">Rolo<\/td>\n<td width=\"134\">37 Rolos\/Caixa<\/td>\n<td width=\"134\">25 mm x 50 mt<\/td>\n<td width=\"134\"><img decoding=\"async\" class=\"alignnone size-full wp-image-4298\" src=\"https:\/\/distribuidorcintastesa.es\/wp-content\/uploads\/2021\/10\/beige2.jpg\" alt=\"\" width=\"38\" height=\"19\" \/><\/td>\n<\/tr>\n<tr>\n<td width=\"134\">Rolo<\/td>\n<td width=\"134\">38 Rolos\/Caixa<\/td>\n<td width=\"134\">38 mm x 50 mt<\/td>\n<td width=\"134\"><img decoding=\"async\" class=\"alignnone size-full wp-image-4298\" src=\"https:\/\/distribuidorcintastesa.es\/wp-content\/uploads\/2021\/10\/beige2.jpg\" alt=\"\" width=\"38\" height=\"19\" \/><\/td>\n<\/tr>\n<tr>\n<td width=\"134\">Rolo<\/td>\n<td width=\"134\">60 Rolos\/Caixa<\/td>\n<td width=\"134\">50 mm x 50 mt<\/td>\n<td width=\"134\"><img decoding=\"async\" class=\"alignnone size-full wp-image-4298\" src=\"https:\/\/distribuidorcintastesa.es\/wp-content\/uploads\/2021\/10\/beige2.jpg\" alt=\"\" width=\"38\" height=\"19\" \/><\/td>\n<\/tr>\n<\/tbody>\n<\/table>\n<p><a href=\"https:\/\/distribuidorcintastesa.es\/pt-pt\/catalogos\/\" target=\"_blank\" rel=\"noopener\">Cat\u00e1logos TESA<\/a><\/p>\n","protected":false},"excerpt":{"rendered":"<p>Tesa 4318 Krepp 160\u00baC \u2013 Alta temperatura Tesa\u00ae 4318 Krepp 160\u00baC \u2013 High Temperature \u00e9 uma fita crepe macia, de papel flex\u00edvel, ideal para os rigorosos requisitos de trabalhos de pintura (tintas \u00e0 base de \u00e1gua ou solventes) seguidas de secagem em estufa. \u2013 Para tinta aplicada com spray e secagem at\u00e9 160\u00baC. \u2013 Boa [&hellip;]<\/p>\n","protected":false},"featured_media":4302,"template":"","meta":{"site-sidebar-layout":"default","site-content-layout":"","ast-site-content-layout":"default","site-content-style":"default","site-sidebar-style":"default","ast-global-header-display":"","ast-banner-title-visibility":"","ast-main-header-display":"","ast-hfb-above-header-display":"","ast-hfb-below-header-display":"","ast-hfb-mobile-header-display":"","site-post-title":"","ast-breadcrumbs-content":"","ast-featured-img":"","footer-sml-layout":"","ast-disable-related-posts":"","theme-transparent-header-meta":"","adv-header-id-meta":"","stick-header-meta":"","header-above-stick-meta":"","header-main-stick-meta":"","header-below-stick-meta":"","astra-migrate-meta-layouts":"default","ast-page-background-enabled":"default","ast-page-background-meta":{"desktop":{"background-color":"","background-image":"","background-repeat":"repeat","background-position":"center center","background-size":"auto","background-attachment":"scroll","background-type":"","background-media":"","overlay-type":"","overlay-color":"","overlay-opacity":"","overlay-gradient":""},"tablet":{"background-color":"","background-image":"","background-repeat":"repeat","background-position":"center center","background-size":"auto","background-attachment":"scroll","background-type":"","background-media":"","overlay-type":"","overlay-color":"","overlay-opacity":"","overlay-gradient":""},"mobile":{"background-color":"","background-image":"","background-repeat":"repeat","background-position":"center center","background-size":"auto","background-attachment":"scroll","background-type":"","background-media":"","overlay-type":"","overlay-color":"","overlay-opacity":"","overlay-gradient":""}},"ast-content-background-meta":{"desktop":{"background-color":"var(--ast-global-color-5)","background-image":"","background-repeat":"repeat","background-position":"center center","background-size":"auto","background-attachment":"scroll","background-type":"","background-media":"","overlay-type":"","overlay-color":"","overlay-opacity":"","overlay-gradient":""},"tablet":{"background-color":"var(--ast-global-color-5)","background-image":"","background-repeat":"repeat","background-position":"center center","background-size":"auto","background-attachment":"scroll","background-type":"","background-media":"","overlay-type":"","overlay-color":"","overlay-opacity":"","overlay-gradient":""},"mobile":{"background-color":"var(--ast-global-color-5)","background-image":"","background-repeat":"repeat","background-position":"center center","background-size":"auto","background-attachment":"scroll","background-type":"","background-media":"","overlay-type":"","overlay-color":"","overlay-opacity":"","overlay-gradient":""}}},"product_brand":[],"product_cat":[168,162],"product_tag":[],"class_list":{"0":"post-4291","1":"product","2":"type-product","3":"status-publish","4":"has-post-thumbnail","6":"product_cat-fita-de-pintura","7":"product_cat-solucoes-de-mascaramento","8":"desktop-align-center","9":"tablet-align-center","10":"mobile-align-center","12":"first","13":"instock","14":"shipping-taxable","15":"product-type-simple"},"yoast_head":"<!-- This site is optimized with the Yoast SEO Premium plugin v27.2 (Yoast SEO v27.2) - https:\/\/yoast.com\/product\/yoast-seo-premium-wordpress\/ -->\n<title>Tesa 4318 Krepp Alta temperatura Pintura Solu\u00e7\u00f5es Mascaramento<\/title>\n<meta name=\"description\" content=\"Tesa 4318 Krepp Alta temperatura Pintura Solu\u00e7\u00f5es Mascaramento. secagem at\u00e9 160\u00baC Dispon\u00edvel na nossa loja online\" \/>\n<meta name=\"robots\" content=\"index, follow, max-snippet:-1, max-image-preview:large, max-video-preview:-1\" \/>\n<link rel=\"canonical\" href=\"https:\/\/distribuidorcintastesa.es\/pt-pt\/producto\/tesa-4318-krepp-alta-temperatura-pintura-solucoes-mascaramento\/\" \/>\n<meta property=\"og:locale\" content=\"pt_PT\" \/>\n<meta property=\"og:type\" content=\"article\" \/>\n<meta property=\"og:title\" content=\"Tesa\u00ae 4318 Krepp 160\u00baC - alta temperatura\" \/>\n<meta property=\"og:description\" content=\"Tesa 4318 Krepp Alta temperatura Pintura Solu\u00e7\u00f5es Mascaramento. secagem at\u00e9 160\u00baC Dispon\u00edvel na nossa loja online\" \/>\n<meta property=\"og:url\" content=\"https:\/\/distribuidorcintastesa.es\/pt-pt\/producto\/tesa-4318-krepp-alta-temperatura-pintura-solucoes-mascaramento\/\" \/>\n<meta property=\"og:site_name\" content=\"Distribuidor de cintas tesa, cintas tesa, tesa cintas, distribuidor tesa, tesa productos, productos tesa, tesa distribuidores, http:\/\/www.http:\/\/distribuidorcintas3m.es, Mejores ofertas en cintas\" \/>\n<meta property=\"article:modified_time\" content=\"2022-02-10T11:33:53+00:00\" \/>\n<meta property=\"og:image\" content=\"https:\/\/distribuidorcintastesa.es\/wp-content\/uploads\/2021\/10\/tesa-4318.jpg\" \/>\n\t<meta property=\"og:image:width\" content=\"608\" \/>\n\t<meta property=\"og:image:height\" content=\"608\" \/>\n\t<meta property=\"og:image:type\" content=\"image\/jpeg\" \/>\n<meta name=\"twitter:card\" content=\"summary_large_image\" \/>\n<meta name=\"twitter:label1\" content=\"Tempo estimado de leitura\" \/>\n\t<meta name=\"twitter:data1\" content=\"2 minutos\" \/>\n<script type=\"application\/ld+json\" class=\"yoast-schema-graph\">{\"@context\":\"https:\/\/schema.org\",\"@graph\":[{\"@type\":\"WebPage\",\"@id\":\"https:\/\/distribuidorcintastesa.es\/pt-pt\/producto\/tesa-4318-krepp-alta-temperatura-pintura-solucoes-mascaramento\/\",\"url\":\"https:\/\/distribuidorcintastesa.es\/pt-pt\/producto\/tesa-4318-krepp-alta-temperatura-pintura-solucoes-mascaramento\/\",\"name\":\"Tesa 4318 Krepp Alta temperatura Pintura Solu\u00e7\u00f5es Mascaramento\",\"isPartOf\":{\"@id\":\"https:\/\/distribuidorcintastesa.es\/pt-pt\/#website\"},\"primaryImageOfPage\":{\"@id\":\"https:\/\/distribuidorcintastesa.es\/pt-pt\/producto\/tesa-4318-krepp-alta-temperatura-pintura-solucoes-mascaramento\/#primaryimage\"},\"image\":{\"@id\":\"https:\/\/distribuidorcintastesa.es\/pt-pt\/producto\/tesa-4318-krepp-alta-temperatura-pintura-solucoes-mascaramento\/#primaryimage\"},\"thumbnailUrl\":\"https:\/\/distribuidorcintastesa.es\/wp-content\/uploads\/2021\/10\/tesa-4318.jpg\",\"datePublished\":\"2021-10-20T14:57:32+00:00\",\"dateModified\":\"2022-02-10T11:33:53+00:00\",\"description\":\"Tesa 4318 Krepp Alta temperatura Pintura Solu\u00e7\u00f5es Mascaramento. secagem at\u00e9 160\u00baC Dispon\u00edvel na nossa loja online\",\"breadcrumb\":{\"@id\":\"https:\/\/distribuidorcintastesa.es\/pt-pt\/producto\/tesa-4318-krepp-alta-temperatura-pintura-solucoes-mascaramento\/#breadcrumb\"},\"inLanguage\":\"pt-PT\",\"potentialAction\":[{\"@type\":\"ReadAction\",\"target\":[\"https:\/\/distribuidorcintastesa.es\/pt-pt\/producto\/tesa-4318-krepp-alta-temperatura-pintura-solucoes-mascaramento\/\"]}]},{\"@type\":\"ImageObject\",\"inLanguage\":\"pt-PT\",\"@id\":\"https:\/\/distribuidorcintastesa.es\/pt-pt\/producto\/tesa-4318-krepp-alta-temperatura-pintura-solucoes-mascaramento\/#primaryimage\",\"url\":\"https:\/\/distribuidorcintastesa.es\/wp-content\/uploads\/2021\/10\/tesa-4318.jpg\",\"contentUrl\":\"https:\/\/distribuidorcintastesa.es\/wp-content\/uploads\/2021\/10\/tesa-4318.jpg\",\"width\":608,\"height\":608,\"caption\":\"Tesa 4318 Krepp 160\u00baC \u2013 Alta temperatura\"},{\"@type\":\"BreadcrumbList\",\"@id\":\"https:\/\/distribuidorcintastesa.es\/pt-pt\/producto\/tesa-4318-krepp-alta-temperatura-pintura-solucoes-mascaramento\/#breadcrumb\",\"itemListElement\":[{\"@type\":\"ListItem\",\"position\":1,\"name\":\"Portada\",\"item\":\"https:\/\/distribuidorcintastesa.es\/pt-pt\/\"},{\"@type\":\"ListItem\",\"position\":2,\"name\":\"Produtos\",\"item\":\"https:\/\/distribuidorcintastesa.es\/pt-pt\/produtos\/\"},{\"@type\":\"ListItem\",\"position\":3,\"name\":\"Tesa\u00ae 4318 Krepp 160\u00baC &#8211; alta temperatura\"}]},{\"@type\":\"WebSite\",\"@id\":\"https:\/\/distribuidorcintastesa.es\/pt-pt\/#website\",\"url\":\"https:\/\/distribuidorcintastesa.es\/pt-pt\/\",\"name\":\"Distribuidor de cintas tesa\",\"description\":\"Distribuidor de cintas tesa, cintas tesa, tesa cintas, distribuidor tesa, tesa productos, productos tesa, tesa distribuidores, cintas y adhesivos, tesa cinta doble cara, cinta tesa doble cara, adhesivos tesa, cinta antideslizante, velcro tesa, cinta reflectante, tesa supergen, softprint, cinta doble cara tesa, selladores y adhesivos, cintas adhesivas de doble cara, cintas de aluminio, cintas de vinilo para se\u00f1alizaci\u00f3n, cintas de tela americanas, cintas de papel para enmascarar, cintas para embalaje\",\"publisher\":{\"@id\":\"https:\/\/distribuidorcintastesa.es\/pt-pt\/#organization\"},\"potentialAction\":[{\"@type\":\"SearchAction\",\"target\":{\"@type\":\"EntryPoint\",\"urlTemplate\":\"https:\/\/distribuidorcintastesa.es\/pt-pt\/?s={search_term_string}\"},\"query-input\":{\"@type\":\"PropertyValueSpecification\",\"valueRequired\":true,\"valueName\":\"search_term_string\"}}],\"inLanguage\":\"pt-PT\"},{\"@type\":\"Organization\",\"@id\":\"https:\/\/distribuidorcintastesa.es\/pt-pt\/#organization\",\"name\":\"Distribuidor de cintas tesa\",\"url\":\"https:\/\/distribuidorcintastesa.es\/pt-pt\/\",\"logo\":{\"@type\":\"ImageObject\",\"inLanguage\":\"pt-PT\",\"@id\":\"https:\/\/distribuidorcintastesa.es\/pt-pt\/#\/schema\/logo\/image\/\",\"url\":\"https:\/\/distribuidorcintastesa.es\/wp-content\/uploads\/2022\/10\/logo-espanol-portugues.png\",\"contentUrl\":\"https:\/\/distribuidorcintastesa.es\/wp-content\/uploads\/2022\/10\/logo-espanol-portugues.png\",\"width\":871,\"height\":142,\"caption\":\"Distribuidor de cintas tesa\"},\"image\":{\"@id\":\"https:\/\/distribuidorcintastesa.es\/pt-pt\/#\/schema\/logo\/image\/\"},\"sameAs\":[\"https:\/\/muralsrd.com\/\",\"https:\/\/solbi-mural.com\/es\/\",\"https:\/\/distribuidor-cintas-adhesivas.es\",\"https:\/\/www.instagram.com\/solbimural\/?igsh=ZnR6ZmkzZm1ubWhl\"]}]}<\/script>\n<!-- \/ Yoast SEO Premium plugin. -->","yoast_head_json":{"title":"Tesa 4318 Krepp Alta temperatura Pintura Solu\u00e7\u00f5es Mascaramento","description":"Tesa 4318 Krepp Alta temperatura Pintura Solu\u00e7\u00f5es Mascaramento. secagem at\u00e9 160\u00baC Dispon\u00edvel na nossa loja online","robots":{"index":"index","follow":"follow","max-snippet":"max-snippet:-1","max-image-preview":"max-image-preview:large","max-video-preview":"max-video-preview:-1"},"canonical":"https:\/\/distribuidorcintastesa.es\/pt-pt\/producto\/tesa-4318-krepp-alta-temperatura-pintura-solucoes-mascaramento\/","og_locale":"pt_PT","og_type":"article","og_title":"Tesa\u00ae 4318 Krepp 160\u00baC - alta temperatura","og_description":"Tesa 4318 Krepp Alta temperatura Pintura Solu\u00e7\u00f5es Mascaramento. secagem at\u00e9 160\u00baC Dispon\u00edvel na nossa loja online","og_url":"https:\/\/distribuidorcintastesa.es\/pt-pt\/producto\/tesa-4318-krepp-alta-temperatura-pintura-solucoes-mascaramento\/","og_site_name":"Distribuidor de cintas tesa, cintas tesa, tesa cintas, distribuidor tesa, tesa productos, productos tesa, tesa distribuidores, http:\/\/www.http:\/\/distribuidorcintas3m.es, Mejores ofertas en cintas","article_modified_time":"2022-02-10T11:33:53+00:00","og_image":[{"width":608,"height":608,"url":"https:\/\/distribuidorcintastesa.es\/wp-content\/uploads\/2021\/10\/tesa-4318.jpg","type":"image\/jpeg"}],"twitter_card":"summary_large_image","twitter_misc":{"Tempo estimado de leitura":"2 minutos"},"schema":{"@context":"https:\/\/schema.org","@graph":[{"@type":"WebPage","@id":"https:\/\/distribuidorcintastesa.es\/pt-pt\/producto\/tesa-4318-krepp-alta-temperatura-pintura-solucoes-mascaramento\/","url":"https:\/\/distribuidorcintastesa.es\/pt-pt\/producto\/tesa-4318-krepp-alta-temperatura-pintura-solucoes-mascaramento\/","name":"Tesa 4318 Krepp Alta temperatura Pintura Solu\u00e7\u00f5es Mascaramento","isPartOf":{"@id":"https:\/\/distribuidorcintastesa.es\/pt-pt\/#website"},"primaryImageOfPage":{"@id":"https:\/\/distribuidorcintastesa.es\/pt-pt\/producto\/tesa-4318-krepp-alta-temperatura-pintura-solucoes-mascaramento\/#primaryimage"},"image":{"@id":"https:\/\/distribuidorcintastesa.es\/pt-pt\/producto\/tesa-4318-krepp-alta-temperatura-pintura-solucoes-mascaramento\/#primaryimage"},"thumbnailUrl":"https:\/\/distribuidorcintastesa.es\/wp-content\/uploads\/2021\/10\/tesa-4318.jpg","datePublished":"2021-10-20T14:57:32+00:00","dateModified":"2022-02-10T11:33:53+00:00","description":"Tesa 4318 Krepp Alta temperatura Pintura Solu\u00e7\u00f5es Mascaramento. secagem at\u00e9 160\u00baC Dispon\u00edvel na nossa loja online","breadcrumb":{"@id":"https:\/\/distribuidorcintastesa.es\/pt-pt\/producto\/tesa-4318-krepp-alta-temperatura-pintura-solucoes-mascaramento\/#breadcrumb"},"inLanguage":"pt-PT","potentialAction":[{"@type":"ReadAction","target":["https:\/\/distribuidorcintastesa.es\/pt-pt\/producto\/tesa-4318-krepp-alta-temperatura-pintura-solucoes-mascaramento\/"]}]},{"@type":"ImageObject","inLanguage":"pt-PT","@id":"https:\/\/distribuidorcintastesa.es\/pt-pt\/producto\/tesa-4318-krepp-alta-temperatura-pintura-solucoes-mascaramento\/#primaryimage","url":"https:\/\/distribuidorcintastesa.es\/wp-content\/uploads\/2021\/10\/tesa-4318.jpg","contentUrl":"https:\/\/distribuidorcintastesa.es\/wp-content\/uploads\/2021\/10\/tesa-4318.jpg","width":608,"height":608,"caption":"Tesa 4318 Krepp 160\u00baC \u2013 Alta temperatura"},{"@type":"BreadcrumbList","@id":"https:\/\/distribuidorcintastesa.es\/pt-pt\/producto\/tesa-4318-krepp-alta-temperatura-pintura-solucoes-mascaramento\/#breadcrumb","itemListElement":[{"@type":"ListItem","position":1,"name":"Portada","item":"https:\/\/distribuidorcintastesa.es\/pt-pt\/"},{"@type":"ListItem","position":2,"name":"Produtos","item":"https:\/\/distribuidorcintastesa.es\/pt-pt\/produtos\/"},{"@type":"ListItem","position":3,"name":"Tesa\u00ae 4318 Krepp 160\u00baC &#8211; alta temperatura"}]},{"@type":"WebSite","@id":"https:\/\/distribuidorcintastesa.es\/pt-pt\/#website","url":"https:\/\/distribuidorcintastesa.es\/pt-pt\/","name":"Distribuidor de cintas tesa","description":"Distribuidor de cintas tesa, cintas tesa, tesa cintas, distribuidor tesa, tesa productos, productos tesa, tesa distribuidores, cintas y adhesivos, tesa cinta doble cara, cinta tesa doble cara, adhesivos tesa, cinta antideslizante, velcro tesa, cinta reflectante, tesa supergen, softprint, cinta doble cara tesa, selladores y adhesivos, cintas adhesivas de doble cara, cintas de aluminio, cintas de vinilo para se\u00f1alizaci\u00f3n, cintas de tela americanas, cintas de papel para enmascarar, cintas para embalaje","publisher":{"@id":"https:\/\/distribuidorcintastesa.es\/pt-pt\/#organization"},"potentialAction":[{"@type":"SearchAction","target":{"@type":"EntryPoint","urlTemplate":"https:\/\/distribuidorcintastesa.es\/pt-pt\/?s={search_term_string}"},"query-input":{"@type":"PropertyValueSpecification","valueRequired":true,"valueName":"search_term_string"}}],"inLanguage":"pt-PT"},{"@type":"Organization","@id":"https:\/\/distribuidorcintastesa.es\/pt-pt\/#organization","name":"Distribuidor de cintas tesa","url":"https:\/\/distribuidorcintastesa.es\/pt-pt\/","logo":{"@type":"ImageObject","inLanguage":"pt-PT","@id":"https:\/\/distribuidorcintastesa.es\/pt-pt\/#\/schema\/logo\/image\/","url":"https:\/\/distribuidorcintastesa.es\/wp-content\/uploads\/2022\/10\/logo-espanol-portugues.png","contentUrl":"https:\/\/distribuidorcintastesa.es\/wp-content\/uploads\/2022\/10\/logo-espanol-portugues.png","width":871,"height":142,"caption":"Distribuidor de cintas tesa"},"image":{"@id":"https:\/\/distribuidorcintastesa.es\/pt-pt\/#\/schema\/logo\/image\/"},"sameAs":["https:\/\/muralsrd.com\/","https:\/\/solbi-mural.com\/es\/","https:\/\/distribuidor-cintas-adhesivas.es","https:\/\/www.instagram.com\/solbimural\/?igsh=ZnR6ZmkzZm1ubWhl"]}]}},"_links":{"self":[{"href":"https:\/\/distribuidorcintastesa.es\/pt-pt\/wp-json\/wp\/v2\/product\/4291","targetHints":{"allow":["GET"]}}],"collection":[{"href":"https:\/\/distribuidorcintastesa.es\/pt-pt\/wp-json\/wp\/v2\/product"}],"about":[{"href":"https:\/\/distribuidorcintastesa.es\/pt-pt\/wp-json\/wp\/v2\/types\/product"}],"wp:featuredmedia":[{"embeddable":true,"href":"https:\/\/distribuidorcintastesa.es\/pt-pt\/wp-json\/wp\/v2\/media\/4302"}],"wp:attachment":[{"href":"https:\/\/distribuidorcintastesa.es\/pt-pt\/wp-json\/wp\/v2\/media?parent=4291"}],"wp:term":[{"taxonomy":"product_brand","embeddable":true,"href":"https:\/\/distribuidorcintastesa.es\/pt-pt\/wp-json\/wp\/v2\/product_brand?post=4291"},{"taxonomy":"product_cat","embeddable":true,"href":"https:\/\/distribuidorcintastesa.es\/pt-pt\/wp-json\/wp\/v2\/product_cat?post=4291"},{"taxonomy":"product_tag","embeddable":true,"href":"https:\/\/distribuidorcintastesa.es\/pt-pt\/wp-json\/wp\/v2\/product_tag?post=4291"}],"curies":[{"name":"wp","href":"https:\/\/api.w.org\/{rel}","templated":true}]}}