{"id":3341,"date":"2021-03-11T17:27:48","date_gmt":"2021-03-11T17:27:48","guid":{"rendered":"https:\/\/distribuidorcintastesa.es\/?post_type=product&#038;p=3341"},"modified":"2022-01-27T16:09:15","modified_gmt":"2022-01-27T16:09:15","slug":"tesa-4331-krepp-poliester-solucoes-mascara-para-tratamentos-em-spray","status":"publish","type":"product","link":"https:\/\/distribuidorcintastesa.es\/pt-pt\/producto\/tesa-4331-krepp-poliester-solucoes-mascara-para-tratamentos-em-spray\/","title":{"rendered":"Tesa\u00ae 4331 krepp poli\u00e9ster 200\u00baC"},"content":{"rendered":"<p><strong> Tesa 4331 krepp poli\u00e9ster 200\u00baC<\/strong><\/p>\n<p>&#8211; Fita adesiva<br \/>\n&#8211; Ideal para mascaramento durante processos de pulveriza\u00e7\u00e3o de pe\u00e7as, por exemplo: a\u00e7o.<br \/>\n&#8211; Fita de poli\u00e9ster laminada com fibra n\u00e3o tecida e adesivo de silicone.<br \/>\n&#8211; Resistente at\u00e9 200\u00baC.<br \/>\n&#8211; Com um suporte suave que oferece as seguintes propriedades:<br \/>\n* alta ades\u00e3o e alta resist\u00eancia t\u00e9rmica.<br \/>\n* oferece uma linha de pintura n\u00edtida<br \/>\n* pode ser removido sem deixar res\u00edduos<\/p>\n<p><strong>principais aplica\u00e7\u00f5es<\/strong><\/p>\n<p>&#8211; Mascarado durante a pintura com tinta em p\u00f3<br \/>\n&#8211; M\u00f3veis met\u00e1licos e material hospitalar<br \/>\n&#8211; Tesa\u00ae 4331 adere mesmo em superf\u00edcies que contenham silicone.<\/p>\n<p>&nbsp;<\/p>\n<p><img fetchpriority=\"high\" decoding=\"async\" class=\"alignnone wp-image-4667 size-medium\" src=\"https:\/\/distribuidorcintastesa.es\/wp-content\/uploads\/2021\/03\/tesa-4331-1-226x300.jpg\" alt=\"Tesa 4331 Polyester krepp 200\u00b0C\" width=\"226\" height=\"300\" srcset=\"https:\/\/distribuidorcintastesa.es\/wp-content\/uploads\/2021\/03\/tesa-4331-1-226x300.jpg 226w, https:\/\/distribuidorcintastesa.es\/wp-content\/uploads\/2021\/03\/tesa-4331-1-600x795.jpg 600w, https:\/\/distribuidorcintastesa.es\/wp-content\/uploads\/2021\/03\/tesa-4331-1-64x85.jpg 64w, https:\/\/distribuidorcintastesa.es\/wp-content\/uploads\/2021\/03\/tesa-4331-1.jpg 605w\" sizes=\"(max-width: 226px) 100vw, 226px\" \/><\/p>\n<p><a href=\"https:\/\/www.youtube.com\/c\/cintaadhesivaSolbi\" target=\"_blank\" rel=\"noopener\">Tesa\u00ae 4331 krepp poli\u00e9ster 200\u00baC<\/a><\/p>\n<p>&nbsp;<\/p>\n<p><strong> Dados t\u00e9cnicos Tesa 4331 krepp poli\u00e9ster 200\u00baC<\/strong><\/p>\n<table width=\"423\">\n<tbody>\n<tr>\n<td width=\"216\"><strong>Soporte\u00a0<\/strong><\/td>\n<td width=\"207\">PET e papel<\/td>\n<\/tr>\n<tr>\n<td><strong>Espessura total\u00a0 [\u00b5m]<\/strong><\/td>\n<td>110<\/td>\n<\/tr>\n<tr>\n<td><strong>Ades\u00e3o \/ a\u00e7o [N\/cm]<\/strong><\/td>\n<td>4,0<\/td>\n<\/tr>\n<tr>\n<td><strong>Resist. Quebra [N\/cm]<\/strong><\/td>\n<td>53,0<\/td>\n<\/tr>\n<tr>\n<td><strong>Resist. \u00c0 t\u00aa [\u00baC]<\/strong><\/td>\n<td>200\/1h<\/td>\n<\/tr>\n<\/tbody>\n<\/table>\n<table width=\"613\">\n<tbody>\n<tr>\n<td width=\"89\"><strong>PRODUTO<\/strong><\/td>\n<td width=\"131\"><strong>UNIDADE<\/strong><\/td>\n<td width=\"131\"><strong>EMBALAGEM<\/strong><\/td>\n<td width=\"131\"><strong>DIMENSOES<\/strong><\/td>\n<td width=\"131\"><strong>COR<\/strong><\/td>\n<\/tr>\n<tr>\n<td rowspan=\"3\" width=\"89\"><strong>4331<\/strong><\/td>\n<td width=\"131\">Rolo<\/td>\n<td width=\"131\">96 Rolos\/Caixa<\/td>\n<td width=\"131\">19 mm x 50 mt<\/td>\n<td width=\"131\"><img decoding=\"async\" class=\"alignnone size-full wp-image-3333\" src=\"https:\/\/distribuidorcintastesa.es\/wp-content\/uploads\/2021\/03\/color-BLANCO-ROTO.jpg\" alt=\"color BLANCO ROTO\" width=\"38\" height=\"19\" \/><\/td>\n<\/tr>\n<tr>\n<td width=\"131\">Rolo<\/td>\n<td width=\"131\">36 Rolos\/Caixa<\/td>\n<td width=\"131\">50 mm x 50 mt<\/td>\n<td width=\"131\"><img decoding=\"async\" class=\"alignnone size-full wp-image-3333\" src=\"https:\/\/distribuidorcintastesa.es\/wp-content\/uploads\/2021\/03\/color-BLANCO-ROTO.jpg\" alt=\"color BLANCO ROTO\" width=\"38\" height=\"19\" \/><\/td>\n<\/tr>\n<tr>\n<td width=\"131\">Rolo<\/td>\n<td width=\"131\">1 Rolo\/Caixa<\/td>\n<td width=\"131\">1230 mm x 50 mt<\/td>\n<td width=\"131\"><img decoding=\"async\" class=\"alignnone size-full wp-image-3333\" src=\"https:\/\/distribuidorcintastesa.es\/wp-content\/uploads\/2021\/03\/color-BLANCO-ROTO.jpg\" alt=\"color BLANCO ROTO\" width=\"38\" height=\"19\" \/><\/td>\n<\/tr>\n<\/tbody>\n<\/table>\n<p><a href=\"https:\/\/distribuidorcintastesa.es\/pt-pt\/catalogos\/\" target=\"_blank\" rel=\"noopener\">Cat\u00e1logos TESA<\/a><\/p>\n","protected":false},"excerpt":{"rendered":"<p>Tesa 4331 krepp poli\u00e9ster 200\u00baC &#8211; Fita adesiva &#8211; Ideal para mascaramento durante processos de pulveriza\u00e7\u00e3o de pe\u00e7as, por exemplo: a\u00e7o. &#8211; Fita de poli\u00e9ster laminada com fibra n\u00e3o tecida e adesivo de silicone. &#8211; Resistente at\u00e9 200\u00baC. &#8211; Com um suporte suave que oferece as seguintes propriedades: * alta ades\u00e3o e alta resist\u00eancia t\u00e9rmica. [&hellip;]<\/p>\n","protected":false},"featured_media":3349,"template":"","meta":{"site-sidebar-layout":"default","site-content-layout":"","ast-site-content-layout":"default","site-content-style":"default","site-sidebar-style":"default","ast-global-header-display":"","ast-banner-title-visibility":"","ast-main-header-display":"","ast-hfb-above-header-display":"","ast-hfb-below-header-display":"","ast-hfb-mobile-header-display":"","site-post-title":"","ast-breadcrumbs-content":"","ast-featured-img":"","footer-sml-layout":"","ast-disable-related-posts":"","theme-transparent-header-meta":"","adv-header-id-meta":"","stick-header-meta":"","header-above-stick-meta":"","header-main-stick-meta":"","header-below-stick-meta":"","astra-migrate-meta-layouts":"default","ast-page-background-enabled":"default","ast-page-background-meta":{"desktop":{"background-color":"","background-image":"","background-repeat":"repeat","background-position":"center center","background-size":"auto","background-attachment":"scroll","background-type":"","background-media":"","overlay-type":"","overlay-color":"","overlay-opacity":"","overlay-gradient":""},"tablet":{"background-color":"","background-image":"","background-repeat":"repeat","background-position":"center center","background-size":"auto","background-attachment":"scroll","background-type":"","background-media":"","overlay-type":"","overlay-color":"","overlay-opacity":"","overlay-gradient":""},"mobile":{"background-color":"","background-image":"","background-repeat":"repeat","background-position":"center center","background-size":"auto","background-attachment":"scroll","background-type":"","background-media":"","overlay-type":"","overlay-color":"","overlay-opacity":"","overlay-gradient":""}},"ast-content-background-meta":{"desktop":{"background-color":"var(--ast-global-color-5)","background-image":"","background-repeat":"repeat","background-position":"center center","background-size":"auto","background-attachment":"scroll","background-type":"","background-media":"","overlay-type":"","overlay-color":"","overlay-opacity":"","overlay-gradient":""},"tablet":{"background-color":"var(--ast-global-color-5)","background-image":"","background-repeat":"repeat","background-position":"center center","background-size":"auto","background-attachment":"scroll","background-type":"","background-media":"","overlay-type":"","overlay-color":"","overlay-opacity":"","overlay-gradient":""},"mobile":{"background-color":"var(--ast-global-color-5)","background-image":"","background-repeat":"repeat","background-position":"center center","background-size":"auto","background-attachment":"scroll","background-type":"","background-media":"","overlay-type":"","overlay-color":"","overlay-opacity":"","overlay-gradient":""}}},"product_brand":[],"product_cat":[164,162],"product_tag":[],"class_list":{"0":"post-3341","1":"product","2":"type-product","3":"status-publish","4":"has-post-thumbnail","6":"product_cat-fita-para-tratamentos-por-spray","7":"product_cat-solucoes-de-mascaramento","8":"desktop-align-center","9":"tablet-align-center","10":"mobile-align-center","12":"first","13":"instock","14":"shipping-taxable","15":"product-type-simple"},"yoast_head":"<!-- This site is optimized with the Yoast SEO Premium plugin v27.2 (Yoast SEO v27.2) - https:\/\/yoast.com\/product\/yoast-seo-premium-wordpress\/ -->\n<title>Tesa 4331 krepp poli\u00e9ster Solu\u00e7\u00f5es m\u00e1scara para tratamentos em spray<\/title>\n<meta name=\"description\" content=\"Tesa 4331 krepp poli\u00e9ster- Fita adesiva- Ideal para mascaramento durante processos de pulveriza\u00e7\u00e3o de pe\u00e7as. Dispon\u00edvel em nossa loja online\" \/>\n<meta name=\"robots\" content=\"index, follow, max-snippet:-1, max-image-preview:large, max-video-preview:-1\" \/>\n<link rel=\"canonical\" href=\"https:\/\/distribuidorcintastesa.es\/pt-pt\/producto\/tesa-4331-krepp-poliester-solucoes-mascara-para-tratamentos-em-spray\/\" \/>\n<meta property=\"og:locale\" content=\"pt_PT\" \/>\n<meta property=\"og:type\" content=\"article\" \/>\n<meta property=\"og:title\" content=\"Tesa\u00ae 4331 krepp poli\u00e9ster 200\u00baC\" \/>\n<meta property=\"og:description\" content=\"Tesa 4331 krepp poli\u00e9ster- Fita adesiva- Ideal para mascaramento durante processos de pulveriza\u00e7\u00e3o de pe\u00e7as. Dispon\u00edvel em nossa loja online\" \/>\n<meta property=\"og:url\" content=\"https:\/\/distribuidorcintastesa.es\/pt-pt\/producto\/tesa-4331-krepp-poliester-solucoes-mascara-para-tratamentos-em-spray\/\" \/>\n<meta property=\"og:site_name\" content=\"Distribuidor de cintas tesa, cintas tesa, tesa cintas, distribuidor tesa, tesa productos, productos tesa, tesa distribuidores, http:\/\/www.http:\/\/distribuidorcintas3m.es, Mejores ofertas en cintas\" \/>\n<meta property=\"article:modified_time\" content=\"2022-01-27T16:09:15+00:00\" \/>\n<meta property=\"og:image\" content=\"https:\/\/distribuidorcintastesa.es\/wp-content\/uploads\/2021\/03\/TESA-4331.jpg\" \/>\n\t<meta property=\"og:image:width\" content=\"501\" \/>\n\t<meta property=\"og:image:height\" content=\"501\" \/>\n\t<meta property=\"og:image:type\" content=\"image\/jpeg\" \/>\n<meta name=\"twitter:card\" content=\"summary_large_image\" \/>\n<meta name=\"twitter:label1\" content=\"Tempo estimado de leitura\" \/>\n\t<meta name=\"twitter:data1\" content=\"2 minutos\" \/>\n<script type=\"application\/ld+json\" class=\"yoast-schema-graph\">{\"@context\":\"https:\/\/schema.org\",\"@graph\":[{\"@type\":\"WebPage\",\"@id\":\"https:\/\/distribuidorcintastesa.es\/pt-pt\/producto\/tesa-4331-krepp-poliester-solucoes-mascara-para-tratamentos-em-spray\/\",\"url\":\"https:\/\/distribuidorcintastesa.es\/pt-pt\/producto\/tesa-4331-krepp-poliester-solucoes-mascara-para-tratamentos-em-spray\/\",\"name\":\"Tesa 4331 krepp poli\u00e9ster Solu\u00e7\u00f5es m\u00e1scara para tratamentos em spray\",\"isPartOf\":{\"@id\":\"https:\/\/distribuidorcintastesa.es\/pt-pt\/#website\"},\"primaryImageOfPage\":{\"@id\":\"https:\/\/distribuidorcintastesa.es\/pt-pt\/producto\/tesa-4331-krepp-poliester-solucoes-mascara-para-tratamentos-em-spray\/#primaryimage\"},\"image\":{\"@id\":\"https:\/\/distribuidorcintastesa.es\/pt-pt\/producto\/tesa-4331-krepp-poliester-solucoes-mascara-para-tratamentos-em-spray\/#primaryimage\"},\"thumbnailUrl\":\"https:\/\/distribuidorcintastesa.es\/wp-content\/uploads\/2021\/03\/TESA-4331.jpg\",\"datePublished\":\"2021-03-11T17:27:48+00:00\",\"dateModified\":\"2022-01-27T16:09:15+00:00\",\"description\":\"Tesa 4331 krepp poli\u00e9ster- Fita adesiva- Ideal para mascaramento durante processos de pulveriza\u00e7\u00e3o de pe\u00e7as. Dispon\u00edvel em nossa loja online\",\"breadcrumb\":{\"@id\":\"https:\/\/distribuidorcintastesa.es\/pt-pt\/producto\/tesa-4331-krepp-poliester-solucoes-mascara-para-tratamentos-em-spray\/#breadcrumb\"},\"inLanguage\":\"pt-PT\",\"potentialAction\":[{\"@type\":\"ReadAction\",\"target\":[\"https:\/\/distribuidorcintastesa.es\/pt-pt\/producto\/tesa-4331-krepp-poliester-solucoes-mascara-para-tratamentos-em-spray\/\"]}]},{\"@type\":\"ImageObject\",\"inLanguage\":\"pt-PT\",\"@id\":\"https:\/\/distribuidorcintastesa.es\/pt-pt\/producto\/tesa-4331-krepp-poliester-solucoes-mascara-para-tratamentos-em-spray\/#primaryimage\",\"url\":\"https:\/\/distribuidorcintastesa.es\/wp-content\/uploads\/2021\/03\/TESA-4331.jpg\",\"contentUrl\":\"https:\/\/distribuidorcintastesa.es\/wp-content\/uploads\/2021\/03\/TESA-4331.jpg\",\"width\":501,\"height\":501,\"caption\":\"Tesa 4331 krepp poli\u00e9ster 200\u00baC\"},{\"@type\":\"BreadcrumbList\",\"@id\":\"https:\/\/distribuidorcintastesa.es\/pt-pt\/producto\/tesa-4331-krepp-poliester-solucoes-mascara-para-tratamentos-em-spray\/#breadcrumb\",\"itemListElement\":[{\"@type\":\"ListItem\",\"position\":1,\"name\":\"Portada\",\"item\":\"https:\/\/distribuidorcintastesa.es\/pt-pt\/\"},{\"@type\":\"ListItem\",\"position\":2,\"name\":\"Produtos\",\"item\":\"https:\/\/distribuidorcintastesa.es\/pt-pt\/produtos\/\"},{\"@type\":\"ListItem\",\"position\":3,\"name\":\"Tesa\u00ae 4331 krepp poli\u00e9ster 200\u00baC\"}]},{\"@type\":\"WebSite\",\"@id\":\"https:\/\/distribuidorcintastesa.es\/pt-pt\/#website\",\"url\":\"https:\/\/distribuidorcintastesa.es\/pt-pt\/\",\"name\":\"Distribuidor de cintas tesa\",\"description\":\"Distribuidor de cintas tesa, cintas tesa, tesa cintas, distribuidor tesa, tesa productos, productos tesa, tesa distribuidores, cintas y adhesivos, tesa cinta doble cara, cinta tesa doble cara, adhesivos tesa, cinta antideslizante, velcro tesa, cinta reflectante, tesa supergen, softprint, cinta doble cara tesa, selladores y adhesivos, cintas adhesivas de doble cara, cintas de aluminio, cintas de vinilo para se\u00f1alizaci\u00f3n, cintas de tela americanas, cintas de papel para enmascarar, cintas para embalaje\",\"publisher\":{\"@id\":\"https:\/\/distribuidorcintastesa.es\/pt-pt\/#organization\"},\"potentialAction\":[{\"@type\":\"SearchAction\",\"target\":{\"@type\":\"EntryPoint\",\"urlTemplate\":\"https:\/\/distribuidorcintastesa.es\/pt-pt\/?s={search_term_string}\"},\"query-input\":{\"@type\":\"PropertyValueSpecification\",\"valueRequired\":true,\"valueName\":\"search_term_string\"}}],\"inLanguage\":\"pt-PT\"},{\"@type\":\"Organization\",\"@id\":\"https:\/\/distribuidorcintastesa.es\/pt-pt\/#organization\",\"name\":\"Distribuidor de cintas tesa\",\"url\":\"https:\/\/distribuidorcintastesa.es\/pt-pt\/\",\"logo\":{\"@type\":\"ImageObject\",\"inLanguage\":\"pt-PT\",\"@id\":\"https:\/\/distribuidorcintastesa.es\/pt-pt\/#\/schema\/logo\/image\/\",\"url\":\"https:\/\/distribuidorcintastesa.es\/wp-content\/uploads\/2022\/10\/logo-espanol-portugues.png\",\"contentUrl\":\"https:\/\/distribuidorcintastesa.es\/wp-content\/uploads\/2022\/10\/logo-espanol-portugues.png\",\"width\":871,\"height\":142,\"caption\":\"Distribuidor de cintas tesa\"},\"image\":{\"@id\":\"https:\/\/distribuidorcintastesa.es\/pt-pt\/#\/schema\/logo\/image\/\"},\"sameAs\":[\"https:\/\/muralsrd.com\/\",\"https:\/\/solbi-mural.com\/es\/\",\"https:\/\/distribuidor-cintas-adhesivas.es\",\"https:\/\/www.instagram.com\/solbimural\/?igsh=ZnR6ZmkzZm1ubWhl\"]}]}<\/script>\n<!-- \/ Yoast SEO Premium plugin. -->","yoast_head_json":{"title":"Tesa 4331 krepp poli\u00e9ster Solu\u00e7\u00f5es m\u00e1scara para tratamentos em spray","description":"Tesa 4331 krepp poli\u00e9ster- Fita adesiva- Ideal para mascaramento durante processos de pulveriza\u00e7\u00e3o de pe\u00e7as. Dispon\u00edvel em nossa loja online","robots":{"index":"index","follow":"follow","max-snippet":"max-snippet:-1","max-image-preview":"max-image-preview:large","max-video-preview":"max-video-preview:-1"},"canonical":"https:\/\/distribuidorcintastesa.es\/pt-pt\/producto\/tesa-4331-krepp-poliester-solucoes-mascara-para-tratamentos-em-spray\/","og_locale":"pt_PT","og_type":"article","og_title":"Tesa\u00ae 4331 krepp poli\u00e9ster 200\u00baC","og_description":"Tesa 4331 krepp poli\u00e9ster- Fita adesiva- Ideal para mascaramento durante processos de pulveriza\u00e7\u00e3o de pe\u00e7as. Dispon\u00edvel em nossa loja online","og_url":"https:\/\/distribuidorcintastesa.es\/pt-pt\/producto\/tesa-4331-krepp-poliester-solucoes-mascara-para-tratamentos-em-spray\/","og_site_name":"Distribuidor de cintas tesa, cintas tesa, tesa cintas, distribuidor tesa, tesa productos, productos tesa, tesa distribuidores, http:\/\/www.http:\/\/distribuidorcintas3m.es, Mejores ofertas en cintas","article_modified_time":"2022-01-27T16:09:15+00:00","og_image":[{"width":501,"height":501,"url":"https:\/\/distribuidorcintastesa.es\/wp-content\/uploads\/2021\/03\/TESA-4331.jpg","type":"image\/jpeg"}],"twitter_card":"summary_large_image","twitter_misc":{"Tempo estimado de leitura":"2 minutos"},"schema":{"@context":"https:\/\/schema.org","@graph":[{"@type":"WebPage","@id":"https:\/\/distribuidorcintastesa.es\/pt-pt\/producto\/tesa-4331-krepp-poliester-solucoes-mascara-para-tratamentos-em-spray\/","url":"https:\/\/distribuidorcintastesa.es\/pt-pt\/producto\/tesa-4331-krepp-poliester-solucoes-mascara-para-tratamentos-em-spray\/","name":"Tesa 4331 krepp poli\u00e9ster Solu\u00e7\u00f5es m\u00e1scara para tratamentos em spray","isPartOf":{"@id":"https:\/\/distribuidorcintastesa.es\/pt-pt\/#website"},"primaryImageOfPage":{"@id":"https:\/\/distribuidorcintastesa.es\/pt-pt\/producto\/tesa-4331-krepp-poliester-solucoes-mascara-para-tratamentos-em-spray\/#primaryimage"},"image":{"@id":"https:\/\/distribuidorcintastesa.es\/pt-pt\/producto\/tesa-4331-krepp-poliester-solucoes-mascara-para-tratamentos-em-spray\/#primaryimage"},"thumbnailUrl":"https:\/\/distribuidorcintastesa.es\/wp-content\/uploads\/2021\/03\/TESA-4331.jpg","datePublished":"2021-03-11T17:27:48+00:00","dateModified":"2022-01-27T16:09:15+00:00","description":"Tesa 4331 krepp poli\u00e9ster- Fita adesiva- Ideal para mascaramento durante processos de pulveriza\u00e7\u00e3o de pe\u00e7as. Dispon\u00edvel em nossa loja online","breadcrumb":{"@id":"https:\/\/distribuidorcintastesa.es\/pt-pt\/producto\/tesa-4331-krepp-poliester-solucoes-mascara-para-tratamentos-em-spray\/#breadcrumb"},"inLanguage":"pt-PT","potentialAction":[{"@type":"ReadAction","target":["https:\/\/distribuidorcintastesa.es\/pt-pt\/producto\/tesa-4331-krepp-poliester-solucoes-mascara-para-tratamentos-em-spray\/"]}]},{"@type":"ImageObject","inLanguage":"pt-PT","@id":"https:\/\/distribuidorcintastesa.es\/pt-pt\/producto\/tesa-4331-krepp-poliester-solucoes-mascara-para-tratamentos-em-spray\/#primaryimage","url":"https:\/\/distribuidorcintastesa.es\/wp-content\/uploads\/2021\/03\/TESA-4331.jpg","contentUrl":"https:\/\/distribuidorcintastesa.es\/wp-content\/uploads\/2021\/03\/TESA-4331.jpg","width":501,"height":501,"caption":"Tesa 4331 krepp poli\u00e9ster 200\u00baC"},{"@type":"BreadcrumbList","@id":"https:\/\/distribuidorcintastesa.es\/pt-pt\/producto\/tesa-4331-krepp-poliester-solucoes-mascara-para-tratamentos-em-spray\/#breadcrumb","itemListElement":[{"@type":"ListItem","position":1,"name":"Portada","item":"https:\/\/distribuidorcintastesa.es\/pt-pt\/"},{"@type":"ListItem","position":2,"name":"Produtos","item":"https:\/\/distribuidorcintastesa.es\/pt-pt\/produtos\/"},{"@type":"ListItem","position":3,"name":"Tesa\u00ae 4331 krepp poli\u00e9ster 200\u00baC"}]},{"@type":"WebSite","@id":"https:\/\/distribuidorcintastesa.es\/pt-pt\/#website","url":"https:\/\/distribuidorcintastesa.es\/pt-pt\/","name":"Distribuidor de cintas tesa","description":"Distribuidor de cintas tesa, cintas tesa, tesa cintas, distribuidor tesa, tesa productos, productos tesa, tesa distribuidores, cintas y adhesivos, tesa cinta doble cara, cinta tesa doble cara, adhesivos tesa, cinta antideslizante, velcro tesa, cinta reflectante, tesa supergen, softprint, cinta doble cara tesa, selladores y adhesivos, cintas adhesivas de doble cara, cintas de aluminio, cintas de vinilo para se\u00f1alizaci\u00f3n, cintas de tela americanas, cintas de papel para enmascarar, cintas para embalaje","publisher":{"@id":"https:\/\/distribuidorcintastesa.es\/pt-pt\/#organization"},"potentialAction":[{"@type":"SearchAction","target":{"@type":"EntryPoint","urlTemplate":"https:\/\/distribuidorcintastesa.es\/pt-pt\/?s={search_term_string}"},"query-input":{"@type":"PropertyValueSpecification","valueRequired":true,"valueName":"search_term_string"}}],"inLanguage":"pt-PT"},{"@type":"Organization","@id":"https:\/\/distribuidorcintastesa.es\/pt-pt\/#organization","name":"Distribuidor de cintas tesa","url":"https:\/\/distribuidorcintastesa.es\/pt-pt\/","logo":{"@type":"ImageObject","inLanguage":"pt-PT","@id":"https:\/\/distribuidorcintastesa.es\/pt-pt\/#\/schema\/logo\/image\/","url":"https:\/\/distribuidorcintastesa.es\/wp-content\/uploads\/2022\/10\/logo-espanol-portugues.png","contentUrl":"https:\/\/distribuidorcintastesa.es\/wp-content\/uploads\/2022\/10\/logo-espanol-portugues.png","width":871,"height":142,"caption":"Distribuidor de cintas tesa"},"image":{"@id":"https:\/\/distribuidorcintastesa.es\/pt-pt\/#\/schema\/logo\/image\/"},"sameAs":["https:\/\/muralsrd.com\/","https:\/\/solbi-mural.com\/es\/","https:\/\/distribuidor-cintas-adhesivas.es","https:\/\/www.instagram.com\/solbimural\/?igsh=ZnR6ZmkzZm1ubWhl"]}]}},"_links":{"self":[{"href":"https:\/\/distribuidorcintastesa.es\/pt-pt\/wp-json\/wp\/v2\/product\/3341","targetHints":{"allow":["GET"]}}],"collection":[{"href":"https:\/\/distribuidorcintastesa.es\/pt-pt\/wp-json\/wp\/v2\/product"}],"about":[{"href":"https:\/\/distribuidorcintastesa.es\/pt-pt\/wp-json\/wp\/v2\/types\/product"}],"wp:featuredmedia":[{"embeddable":true,"href":"https:\/\/distribuidorcintastesa.es\/pt-pt\/wp-json\/wp\/v2\/media\/3349"}],"wp:attachment":[{"href":"https:\/\/distribuidorcintastesa.es\/pt-pt\/wp-json\/wp\/v2\/media?parent=3341"}],"wp:term":[{"taxonomy":"product_brand","embeddable":true,"href":"https:\/\/distribuidorcintastesa.es\/pt-pt\/wp-json\/wp\/v2\/product_brand?post=3341"},{"taxonomy":"product_cat","embeddable":true,"href":"https:\/\/distribuidorcintastesa.es\/pt-pt\/wp-json\/wp\/v2\/product_cat?post=3341"},{"taxonomy":"product_tag","embeddable":true,"href":"https:\/\/distribuidorcintastesa.es\/pt-pt\/wp-json\/wp\/v2\/product_tag?post=3341"}],"curies":[{"name":"wp","href":"https:\/\/api.w.org\/{rel}","templated":true}]}}