{"id":3288,"date":"2021-03-11T11:13:06","date_gmt":"2021-03-11T11:13:07","guid":{"rendered":"https:\/\/distribuidorcintastesa.es\/?post_type=product&#038;p=3288"},"modified":"2021-12-17T14:02:04","modified_gmt":"2021-12-17T14:02:04","slug":"tesa-4665-americana-exteriores-solucoes-reparo-isolamento","status":"publish","type":"product","link":"https:\/\/distribuidorcintastesa.es\/pt-pt\/producto\/tesa-4665-americana-exteriores-solucoes-reparo-isolamento\/","title":{"rendered":"Tesa\u00ae 4665 Americana exteriores"},"content":{"rendered":"<h3><strong> Tesa\u00ae 4665 Americana exteriores <\/strong><\/h3>\n<p>Tesa 4665 Americana Exteriores \u00e9 uma fita de tecido transparente para exteriores. \u00c9 composto por: uma camada de polietileno de 95 m\u00edcrons tratada contra os raios ultravioleta, um suporte de tecido de poli\u00e9ter com 30 fios por cm2 e um adesivo de borracha sint\u00e9tica. tesa\u00ae 4665 \u00e9 uma fita de tecido indicada para m\u00faltiplas aplica\u00e7\u00f5es que requerem uma certa estabilidade e durabilidade no exterior por um longo per\u00edodo de tempo.<\/p>\n<p>&nbsp;<\/p>\n<p><strong>Caracteristicas<\/strong>:<br \/>\n&#8211; resiste at\u00e9 1 ano ao ar livre ap\u00f3s a aplica\u00e7\u00e3o (testado em um processo de simula\u00e7\u00e3o extremo)<br \/>\n&#8211; Suporte transparente para reparos praticamente invis\u00edveis<br \/>\n&#8211; F\u00e1cil e r\u00e1pido de aplicar<br \/>\n&#8211; F\u00e1cil de cortar manualmente<br \/>\n&#8211; Adapta-se a todos os tipos de superf\u00edcies<br \/>\n&#8211; Transparente &#8211; para reparos quase invis\u00edveis.<\/p>\n<p>&nbsp;<\/p>\n<p><strong>Aplica\u00e7\u00f5es principais<\/strong><br \/>\n&#8211; Repara\u00e7\u00e3o de estufas, pain\u00e9is de virio<br \/>\n&#8211; Uni\u00e3o de folhas<br \/>\n&#8211; Veda\u00e7\u00e3o de mangueiras e tubos<br \/>\n&#8211; Reparos em exteriores at\u00e9 12 meses.<br \/>\n&#8211; Prote\u00e7\u00e3o de materiais pesados \u200b\u200bexpostos aos elementos<\/p>\n<p>&nbsp;<\/p>\n<p><img fetchpriority=\"high\" decoding=\"async\" class=\"alignnone wp-image-3292 size-medium\" src=\"https:\/\/distribuidorcintastesa.es\/wp-content\/uploads\/2021\/03\/tesa-4665_2-300x201.jpg\" alt=\"Tesa 4665 Americana Exteriores\" width=\"300\" height=\"201\" srcset=\"https:\/\/distribuidorcintastesa.es\/wp-content\/uploads\/2021\/03\/tesa-4665_2-300x201.jpg 300w, https:\/\/distribuidorcintastesa.es\/wp-content\/uploads\/2021\/03\/tesa-4665_2-768x514.jpg 768w, https:\/\/distribuidorcintastesa.es\/wp-content\/uploads\/2021\/03\/tesa-4665_2-600x402.jpg 600w, https:\/\/distribuidorcintastesa.es\/wp-content\/uploads\/2021\/03\/tesa-4665_2-64x43.jpg 64w, https:\/\/distribuidorcintastesa.es\/wp-content\/uploads\/2021\/03\/tesa-4665_2.jpg 869w\" sizes=\"(max-width: 300px) 100vw, 300px\" \/><\/p>\n<p><a href=\"https:\/\/www.youtube.com\/c\/cintaadhesivaSolbi\/videos\" target=\"_blank\" rel=\"noopener\">Tesa\u00ae 4665 Americana exteriores<\/a><\/p>\n<p>&nbsp;<\/p>\n<p><strong> Dados t\u00e9cnicos Tesa 4665 Americana Exteriores<\/strong><\/p>\n<table width=\"423\">\n<tbody>\n<tr>\n<td width=\"216\"><strong>Soporte\u00a0<\/strong><\/td>\n<td width=\"207\">Tecido com PE Laminado<\/td>\n<\/tr>\n<tr>\n<td><strong>Espessura total\u00a0 [\u00b5m]<\/strong><\/td>\n<td>210<\/td>\n<\/tr>\n<tr>\n<td><strong>Ades\u00e3o \/ a\u00e7o [N\/cm]<\/strong><\/td>\n<td>8,0<\/td>\n<\/tr>\n<tr>\n<td><strong>Resist. Quebra [N\/cm]<\/strong><\/td>\n<td>41,0<\/td>\n<\/tr>\n<\/tbody>\n<\/table>\n<table width=\"613\">\n<tbody>\n<tr>\n<td width=\"89\"><strong>PRODUTO<\/strong><\/td>\n<td width=\"131\"><strong>UNIDADE<\/strong><\/td>\n<td width=\"131\"><strong>EMBALAGEM<\/strong><\/td>\n<td width=\"131\"><strong>DIMENSOES<\/strong><\/td>\n<td width=\"131\"><strong>COR<\/strong><\/td>\n<\/tr>\n<tr>\n<td><strong>4665<\/strong><\/td>\n<td width=\"131\">Rolo<\/td>\n<td width=\"131\">24 Rolos\/Caixa<\/td>\n<td width=\"131\">48 mm x 25 mt<\/td>\n<td width=\"131\"><img decoding=\"async\" class=\"alignnone size-full wp-image-4416\" src=\"https:\/\/distribuidorcintastesa.es\/wp-content\/uploads\/2021\/10\/Transparente.jpg\" alt=\"\" width=\"38\" height=\"19\" \/><\/td>\n<\/tr>\n<\/tbody>\n<\/table>\n<p><a href=\"https:\/\/distribuidorcintastesa.es\/pt-pt\/catalogos\/\" target=\"_blank\" rel=\"noopener\">Cat\u00e1logos TESA<\/a><\/p>\n","protected":false},"excerpt":{"rendered":"<p>Tesa\u00ae 4665 Americana exteriores Tesa 4665 Americana Exteriores \u00e9 uma fita de tecido transparente para exteriores. \u00c9 composto por: uma camada de polietileno de 95 m\u00edcrons tratada contra os raios ultravioleta, um suporte de tecido de poli\u00e9ter com 30 fios por cm2 e um adesivo de borracha sint\u00e9tica. tesa\u00ae 4665 \u00e9 uma fita de tecido [&hellip;]<\/p>\n","protected":false},"featured_media":3296,"template":"","meta":{"site-sidebar-layout":"default","site-content-layout":"","ast-site-content-layout":"default","site-content-style":"default","site-sidebar-style":"default","ast-global-header-display":"","ast-banner-title-visibility":"","ast-main-header-display":"","ast-hfb-above-header-display":"","ast-hfb-below-header-display":"","ast-hfb-mobile-header-display":"","site-post-title":"","ast-breadcrumbs-content":"","ast-featured-img":"","footer-sml-layout":"","ast-disable-related-posts":"","theme-transparent-header-meta":"","adv-header-id-meta":"","stick-header-meta":"","header-above-stick-meta":"","header-main-stick-meta":"","header-below-stick-meta":"","astra-migrate-meta-layouts":"default","ast-page-background-enabled":"default","ast-page-background-meta":{"desktop":{"background-color":"","background-image":"","background-repeat":"repeat","background-position":"center center","background-size":"auto","background-attachment":"scroll","background-type":"","background-media":"","overlay-type":"","overlay-color":"","overlay-opacity":"","overlay-gradient":""},"tablet":{"background-color":"","background-image":"","background-repeat":"repeat","background-position":"center center","background-size":"auto","background-attachment":"scroll","background-type":"","background-media":"","overlay-type":"","overlay-color":"","overlay-opacity":"","overlay-gradient":""},"mobile":{"background-color":"","background-image":"","background-repeat":"repeat","background-position":"center center","background-size":"auto","background-attachment":"scroll","background-type":"","background-media":"","overlay-type":"","overlay-color":"","overlay-opacity":"","overlay-gradient":""}},"ast-content-background-meta":{"desktop":{"background-color":"var(--ast-global-color-5)","background-image":"","background-repeat":"repeat","background-position":"center center","background-size":"auto","background-attachment":"scroll","background-type":"","background-media":"","overlay-type":"","overlay-color":"","overlay-opacity":"","overlay-gradient":""},"tablet":{"background-color":"var(--ast-global-color-5)","background-image":"","background-repeat":"repeat","background-position":"center center","background-size":"auto","background-attachment":"scroll","background-type":"","background-media":"","overlay-type":"","overlay-color":"","overlay-opacity":"","overlay-gradient":""},"mobile":{"background-color":"var(--ast-global-color-5)","background-image":"","background-repeat":"repeat","background-position":"center center","background-size":"auto","background-attachment":"scroll","background-type":"","background-media":"","overlay-type":"","overlay-color":"","overlay-opacity":"","overlay-gradient":""}}},"product_brand":[],"product_cat":[159,155],"product_tag":[],"class_list":{"0":"post-3288","1":"product","2":"type-product","3":"status-publish","4":"has-post-thumbnail","6":"product_cat-fita-americana","7":"product_cat-solucoes-de-reparo-e-isolamento","8":"desktop-align-center","9":"tablet-align-center","10":"mobile-align-center","12":"first","13":"instock","14":"shipping-taxable","15":"product-type-simple"},"yoast_head":"<!-- This site is optimized with the Yoast SEO Premium plugin v27.2 (Yoast SEO v27.2) - https:\/\/yoast.com\/product\/yoast-seo-premium-wordpress\/ -->\n<title>Tesa 4665 Americana exteriores Solu\u00e7\u00f5es reparo isolamento<\/title>\n<meta name=\"description\" content=\"Tesa 4665 Americana exteriores Solu\u00e7\u00f5es de reparo e isolamento. Fita de tecido transparente. Dispon\u00edvel em nossa loja online.\" \/>\n<meta name=\"robots\" content=\"index, follow, max-snippet:-1, max-image-preview:large, max-video-preview:-1\" \/>\n<link rel=\"canonical\" href=\"https:\/\/distribuidorcintastesa.es\/pt-pt\/producto\/tesa-4665-americana-exteriores-solucoes-reparo-isolamento\/\" \/>\n<meta property=\"og:locale\" content=\"pt_PT\" \/>\n<meta property=\"og:type\" content=\"article\" \/>\n<meta property=\"og:title\" content=\"Tesa\u00ae 4665 Americana exteriores\" \/>\n<meta property=\"og:description\" content=\"Tesa 4665 Americana exteriores Solu\u00e7\u00f5es de reparo e isolamento. Fita de tecido transparente. Dispon\u00edvel em nossa loja online.\" \/>\n<meta property=\"og:url\" content=\"https:\/\/distribuidorcintastesa.es\/pt-pt\/producto\/tesa-4665-americana-exteriores-solucoes-reparo-isolamento\/\" \/>\n<meta property=\"og:site_name\" content=\"Distribuidor de cintas tesa, cintas tesa, tesa cintas, distribuidor tesa, tesa productos, productos tesa, tesa distribuidores, http:\/\/www.http:\/\/distribuidorcintas3m.es, Mejores ofertas en cintas\" \/>\n<meta property=\"article:modified_time\" content=\"2021-12-17T14:02:04+00:00\" \/>\n<meta property=\"og:image\" content=\"https:\/\/distribuidorcintastesa.es\/wp-content\/uploads\/2021\/03\/tesa-4665.jpg\" \/>\n\t<meta property=\"og:image:width\" content=\"466\" \/>\n\t<meta property=\"og:image:height\" content=\"466\" \/>\n\t<meta property=\"og:image:type\" content=\"image\/jpeg\" \/>\n<meta name=\"twitter:card\" content=\"summary_large_image\" \/>\n<meta name=\"twitter:label1\" content=\"Tempo estimado de leitura\" \/>\n\t<meta name=\"twitter:data1\" content=\"1 minuto\" \/>\n<script type=\"application\/ld+json\" class=\"yoast-schema-graph\">{\"@context\":\"https:\/\/schema.org\",\"@graph\":[{\"@type\":\"WebPage\",\"@id\":\"https:\/\/distribuidorcintastesa.es\/pt-pt\/producto\/tesa-4665-americana-exteriores-solucoes-reparo-isolamento\/\",\"url\":\"https:\/\/distribuidorcintastesa.es\/pt-pt\/producto\/tesa-4665-americana-exteriores-solucoes-reparo-isolamento\/\",\"name\":\"Tesa 4665 Americana exteriores Solu\u00e7\u00f5es reparo isolamento\",\"isPartOf\":{\"@id\":\"https:\/\/distribuidorcintastesa.es\/pt-pt\/#website\"},\"primaryImageOfPage\":{\"@id\":\"https:\/\/distribuidorcintastesa.es\/pt-pt\/producto\/tesa-4665-americana-exteriores-solucoes-reparo-isolamento\/#primaryimage\"},\"image\":{\"@id\":\"https:\/\/distribuidorcintastesa.es\/pt-pt\/producto\/tesa-4665-americana-exteriores-solucoes-reparo-isolamento\/#primaryimage\"},\"thumbnailUrl\":\"https:\/\/distribuidorcintastesa.es\/wp-content\/uploads\/2021\/03\/tesa-4665.jpg\",\"datePublished\":\"2021-03-11T11:13:07+00:00\",\"dateModified\":\"2021-12-17T14:02:04+00:00\",\"description\":\"Tesa 4665 Americana exteriores Solu\u00e7\u00f5es de reparo e isolamento. Fita de tecido transparente. Dispon\u00edvel em nossa loja online.\",\"breadcrumb\":{\"@id\":\"https:\/\/distribuidorcintastesa.es\/pt-pt\/producto\/tesa-4665-americana-exteriores-solucoes-reparo-isolamento\/#breadcrumb\"},\"inLanguage\":\"pt-PT\",\"potentialAction\":[{\"@type\":\"ReadAction\",\"target\":[\"https:\/\/distribuidorcintastesa.es\/pt-pt\/producto\/tesa-4665-americana-exteriores-solucoes-reparo-isolamento\/\"]}]},{\"@type\":\"ImageObject\",\"inLanguage\":\"pt-PT\",\"@id\":\"https:\/\/distribuidorcintastesa.es\/pt-pt\/producto\/tesa-4665-americana-exteriores-solucoes-reparo-isolamento\/#primaryimage\",\"url\":\"https:\/\/distribuidorcintastesa.es\/wp-content\/uploads\/2021\/03\/tesa-4665.jpg\",\"contentUrl\":\"https:\/\/distribuidorcintastesa.es\/wp-content\/uploads\/2021\/03\/tesa-4665.jpg\",\"width\":466,\"height\":466,\"caption\":\"Tesa 4665 Americana Exteriores\"},{\"@type\":\"BreadcrumbList\",\"@id\":\"https:\/\/distribuidorcintastesa.es\/pt-pt\/producto\/tesa-4665-americana-exteriores-solucoes-reparo-isolamento\/#breadcrumb\",\"itemListElement\":[{\"@type\":\"ListItem\",\"position\":1,\"name\":\"Portada\",\"item\":\"https:\/\/distribuidorcintastesa.es\/pt-pt\/\"},{\"@type\":\"ListItem\",\"position\":2,\"name\":\"Produtos\",\"item\":\"https:\/\/distribuidorcintastesa.es\/pt-pt\/produtos\/\"},{\"@type\":\"ListItem\",\"position\":3,\"name\":\"Tesa\u00ae 4665 Americana exteriores\"}]},{\"@type\":\"WebSite\",\"@id\":\"https:\/\/distribuidorcintastesa.es\/pt-pt\/#website\",\"url\":\"https:\/\/distribuidorcintastesa.es\/pt-pt\/\",\"name\":\"Distribuidor de cintas tesa\",\"description\":\"Distribuidor de cintas tesa, cintas tesa, tesa cintas, distribuidor tesa, tesa productos, productos tesa, tesa distribuidores, cintas y adhesivos, tesa cinta doble cara, cinta tesa doble cara, adhesivos tesa, cinta antideslizante, velcro tesa, cinta reflectante, tesa supergen, softprint, cinta doble cara tesa, selladores y adhesivos, cintas adhesivas de doble cara, cintas de aluminio, cintas de vinilo para se\u00f1alizaci\u00f3n, cintas de tela americanas, cintas de papel para enmascarar, cintas para embalaje\",\"publisher\":{\"@id\":\"https:\/\/distribuidorcintastesa.es\/pt-pt\/#organization\"},\"potentialAction\":[{\"@type\":\"SearchAction\",\"target\":{\"@type\":\"EntryPoint\",\"urlTemplate\":\"https:\/\/distribuidorcintastesa.es\/pt-pt\/?s={search_term_string}\"},\"query-input\":{\"@type\":\"PropertyValueSpecification\",\"valueRequired\":true,\"valueName\":\"search_term_string\"}}],\"inLanguage\":\"pt-PT\"},{\"@type\":\"Organization\",\"@id\":\"https:\/\/distribuidorcintastesa.es\/pt-pt\/#organization\",\"name\":\"Distribuidor de cintas tesa\",\"url\":\"https:\/\/distribuidorcintastesa.es\/pt-pt\/\",\"logo\":{\"@type\":\"ImageObject\",\"inLanguage\":\"pt-PT\",\"@id\":\"https:\/\/distribuidorcintastesa.es\/pt-pt\/#\/schema\/logo\/image\/\",\"url\":\"https:\/\/distribuidorcintastesa.es\/wp-content\/uploads\/2022\/10\/logo-espanol-portugues.png\",\"contentUrl\":\"https:\/\/distribuidorcintastesa.es\/wp-content\/uploads\/2022\/10\/logo-espanol-portugues.png\",\"width\":871,\"height\":142,\"caption\":\"Distribuidor de cintas tesa\"},\"image\":{\"@id\":\"https:\/\/distribuidorcintastesa.es\/pt-pt\/#\/schema\/logo\/image\/\"},\"sameAs\":[\"https:\/\/muralsrd.com\/\",\"https:\/\/solbi-mural.com\/es\/\",\"https:\/\/distribuidor-cintas-adhesivas.es\",\"https:\/\/www.instagram.com\/solbimural\/?igsh=ZnR6ZmkzZm1ubWhl\"]}]}<\/script>\n<!-- \/ Yoast SEO Premium plugin. -->","yoast_head_json":{"title":"Tesa 4665 Americana exteriores Solu\u00e7\u00f5es reparo isolamento","description":"Tesa 4665 Americana exteriores Solu\u00e7\u00f5es de reparo e isolamento. Fita de tecido transparente. Dispon\u00edvel em nossa loja online.","robots":{"index":"index","follow":"follow","max-snippet":"max-snippet:-1","max-image-preview":"max-image-preview:large","max-video-preview":"max-video-preview:-1"},"canonical":"https:\/\/distribuidorcintastesa.es\/pt-pt\/producto\/tesa-4665-americana-exteriores-solucoes-reparo-isolamento\/","og_locale":"pt_PT","og_type":"article","og_title":"Tesa\u00ae 4665 Americana exteriores","og_description":"Tesa 4665 Americana exteriores Solu\u00e7\u00f5es de reparo e isolamento. Fita de tecido transparente. Dispon\u00edvel em nossa loja online.","og_url":"https:\/\/distribuidorcintastesa.es\/pt-pt\/producto\/tesa-4665-americana-exteriores-solucoes-reparo-isolamento\/","og_site_name":"Distribuidor de cintas tesa, cintas tesa, tesa cintas, distribuidor tesa, tesa productos, productos tesa, tesa distribuidores, http:\/\/www.http:\/\/distribuidorcintas3m.es, Mejores ofertas en cintas","article_modified_time":"2021-12-17T14:02:04+00:00","og_image":[{"width":466,"height":466,"url":"https:\/\/distribuidorcintastesa.es\/wp-content\/uploads\/2021\/03\/tesa-4665.jpg","type":"image\/jpeg"}],"twitter_card":"summary_large_image","twitter_misc":{"Tempo estimado de leitura":"1 minuto"},"schema":{"@context":"https:\/\/schema.org","@graph":[{"@type":"WebPage","@id":"https:\/\/distribuidorcintastesa.es\/pt-pt\/producto\/tesa-4665-americana-exteriores-solucoes-reparo-isolamento\/","url":"https:\/\/distribuidorcintastesa.es\/pt-pt\/producto\/tesa-4665-americana-exteriores-solucoes-reparo-isolamento\/","name":"Tesa 4665 Americana exteriores Solu\u00e7\u00f5es reparo isolamento","isPartOf":{"@id":"https:\/\/distribuidorcintastesa.es\/pt-pt\/#website"},"primaryImageOfPage":{"@id":"https:\/\/distribuidorcintastesa.es\/pt-pt\/producto\/tesa-4665-americana-exteriores-solucoes-reparo-isolamento\/#primaryimage"},"image":{"@id":"https:\/\/distribuidorcintastesa.es\/pt-pt\/producto\/tesa-4665-americana-exteriores-solucoes-reparo-isolamento\/#primaryimage"},"thumbnailUrl":"https:\/\/distribuidorcintastesa.es\/wp-content\/uploads\/2021\/03\/tesa-4665.jpg","datePublished":"2021-03-11T11:13:07+00:00","dateModified":"2021-12-17T14:02:04+00:00","description":"Tesa 4665 Americana exteriores Solu\u00e7\u00f5es de reparo e isolamento. Fita de tecido transparente. Dispon\u00edvel em nossa loja online.","breadcrumb":{"@id":"https:\/\/distribuidorcintastesa.es\/pt-pt\/producto\/tesa-4665-americana-exteriores-solucoes-reparo-isolamento\/#breadcrumb"},"inLanguage":"pt-PT","potentialAction":[{"@type":"ReadAction","target":["https:\/\/distribuidorcintastesa.es\/pt-pt\/producto\/tesa-4665-americana-exteriores-solucoes-reparo-isolamento\/"]}]},{"@type":"ImageObject","inLanguage":"pt-PT","@id":"https:\/\/distribuidorcintastesa.es\/pt-pt\/producto\/tesa-4665-americana-exteriores-solucoes-reparo-isolamento\/#primaryimage","url":"https:\/\/distribuidorcintastesa.es\/wp-content\/uploads\/2021\/03\/tesa-4665.jpg","contentUrl":"https:\/\/distribuidorcintastesa.es\/wp-content\/uploads\/2021\/03\/tesa-4665.jpg","width":466,"height":466,"caption":"Tesa 4665 Americana Exteriores"},{"@type":"BreadcrumbList","@id":"https:\/\/distribuidorcintastesa.es\/pt-pt\/producto\/tesa-4665-americana-exteriores-solucoes-reparo-isolamento\/#breadcrumb","itemListElement":[{"@type":"ListItem","position":1,"name":"Portada","item":"https:\/\/distribuidorcintastesa.es\/pt-pt\/"},{"@type":"ListItem","position":2,"name":"Produtos","item":"https:\/\/distribuidorcintastesa.es\/pt-pt\/produtos\/"},{"@type":"ListItem","position":3,"name":"Tesa\u00ae 4665 Americana exteriores"}]},{"@type":"WebSite","@id":"https:\/\/distribuidorcintastesa.es\/pt-pt\/#website","url":"https:\/\/distribuidorcintastesa.es\/pt-pt\/","name":"Distribuidor de cintas tesa","description":"Distribuidor de cintas tesa, cintas tesa, tesa cintas, distribuidor tesa, tesa productos, productos tesa, tesa distribuidores, cintas y adhesivos, tesa cinta doble cara, cinta tesa doble cara, adhesivos tesa, cinta antideslizante, velcro tesa, cinta reflectante, tesa supergen, softprint, cinta doble cara tesa, selladores y adhesivos, cintas adhesivas de doble cara, cintas de aluminio, cintas de vinilo para se\u00f1alizaci\u00f3n, cintas de tela americanas, cintas de papel para enmascarar, cintas para embalaje","publisher":{"@id":"https:\/\/distribuidorcintastesa.es\/pt-pt\/#organization"},"potentialAction":[{"@type":"SearchAction","target":{"@type":"EntryPoint","urlTemplate":"https:\/\/distribuidorcintastesa.es\/pt-pt\/?s={search_term_string}"},"query-input":{"@type":"PropertyValueSpecification","valueRequired":true,"valueName":"search_term_string"}}],"inLanguage":"pt-PT"},{"@type":"Organization","@id":"https:\/\/distribuidorcintastesa.es\/pt-pt\/#organization","name":"Distribuidor de cintas tesa","url":"https:\/\/distribuidorcintastesa.es\/pt-pt\/","logo":{"@type":"ImageObject","inLanguage":"pt-PT","@id":"https:\/\/distribuidorcintastesa.es\/pt-pt\/#\/schema\/logo\/image\/","url":"https:\/\/distribuidorcintastesa.es\/wp-content\/uploads\/2022\/10\/logo-espanol-portugues.png","contentUrl":"https:\/\/distribuidorcintastesa.es\/wp-content\/uploads\/2022\/10\/logo-espanol-portugues.png","width":871,"height":142,"caption":"Distribuidor de cintas tesa"},"image":{"@id":"https:\/\/distribuidorcintastesa.es\/pt-pt\/#\/schema\/logo\/image\/"},"sameAs":["https:\/\/muralsrd.com\/","https:\/\/solbi-mural.com\/es\/","https:\/\/distribuidor-cintas-adhesivas.es","https:\/\/www.instagram.com\/solbimural\/?igsh=ZnR6ZmkzZm1ubWhl"]}]}},"_links":{"self":[{"href":"https:\/\/distribuidorcintastesa.es\/pt-pt\/wp-json\/wp\/v2\/product\/3288","targetHints":{"allow":["GET"]}}],"collection":[{"href":"https:\/\/distribuidorcintastesa.es\/pt-pt\/wp-json\/wp\/v2\/product"}],"about":[{"href":"https:\/\/distribuidorcintastesa.es\/pt-pt\/wp-json\/wp\/v2\/types\/product"}],"wp:featuredmedia":[{"embeddable":true,"href":"https:\/\/distribuidorcintastesa.es\/pt-pt\/wp-json\/wp\/v2\/media\/3296"}],"wp:attachment":[{"href":"https:\/\/distribuidorcintastesa.es\/pt-pt\/wp-json\/wp\/v2\/media?parent=3288"}],"wp:term":[{"taxonomy":"product_brand","embeddable":true,"href":"https:\/\/distribuidorcintastesa.es\/pt-pt\/wp-json\/wp\/v2\/product_brand?post=3288"},{"taxonomy":"product_cat","embeddable":true,"href":"https:\/\/distribuidorcintastesa.es\/pt-pt\/wp-json\/wp\/v2\/product_cat?post=3288"},{"taxonomy":"product_tag","embeddable":true,"href":"https:\/\/distribuidorcintastesa.es\/pt-pt\/wp-json\/wp\/v2\/product_tag?post=3288"}],"curies":[{"name":"wp","href":"https:\/\/api.w.org\/{rel}","templated":true}]}}