{"id":2907,"date":"2021-03-02T12:30:48","date_gmt":"2021-03-02T12:30:48","guid":{"rendered":"https:\/\/distribuidorcintastesa.es\/?post_type=product&#038;p=2907"},"modified":"2021-11-04T16:50:04","modified_gmt":"2021-11-04T16:50:04","slug":"tesa-60042-spray-de-limpeza-adesivo","status":"publish","type":"product","link":"https:\/\/distribuidorcintastesa.es\/pt-pt\/producto\/tesa-60042-spray-de-limpeza-adesivo\/","title":{"rendered":"Tesa\u00ae 60042 Spray de limpeza adesivo"},"content":{"rendered":"<h4><strong> Tesa\u00ae 60042 Spray de limpeza adesivo<\/strong><\/h4>\n<p>Tesa 60042 Spray de limpeza adesivo \u00e9 um spray para f\u00e1cil remo\u00e7\u00e3o de res\u00edduos de cola de pe\u00e7as de pl\u00e1stico, vidro e superf\u00edcies met\u00e1licas.<br \/>\nRemove com seguran\u00e7a res\u00edduos de r\u00f3tulos, a maioria das fitas adesivas, bem como graxa, alcatr\u00e3o, materiais resinosos e outras impurezas.<br \/>\nEle evapora sem deixar nenhum res\u00edduo.<br \/>\nDeixa um aroma agrad\u00e1vel.<br \/>\nO limpador \u00e9 baseado em LIMONENE de mat\u00e9rias-primas naturais.<br \/>\nSem silicone e solventes clorados.<\/p>\n<p><strong>Aplica\u00e7\u00f5es Principais Tesa 60042 Spray de limpeza adesivo<\/strong><br \/>\nAplica\u00e7\u00f5es industriais gerais<br \/>\nUse em f\u00e1bricas e plantas de produ\u00e7\u00e3o.<br \/>\nTodos os tipos de artesanato<br \/>\nA ind\u00fastria automobil\u00edstica<br \/>\nAdequado para m\u00e1quinas de limpeza em oficinas e em casa.<\/p>\n<p><strong>Informa\u00e7\u00e3o adicional<\/strong><br \/>\nRemove de forma vi\u00e1vel res\u00edduos de etiquetas da maioria das fitas adesivas.<br \/>\nEvapora sem deixar res\u00edduos e deixa um aroma agrad\u00e1vel.<br \/>\nO spray atinge os locais mais dif\u00edceis de alcan\u00e7ar.<br \/>\nSem silicone.<\/p>\n<p><a href=\"https:\/\/solbi-mural.com\/pt\/inicio\/53-tesa-spray-limpador-de-adesivos-60042-frasco-de-200ml-4042448003461.html\" target=\"_blank\" rel=\"noopener\">Dispon\u00edvel em nossa loja online<\/a><\/p>\n<p><img fetchpriority=\"high\" decoding=\"async\" class=\"alignnone wp-image-2915 size-medium\" src=\"https:\/\/distribuidorcintastesa.es\/wp-content\/uploads\/2021\/03\/tesa-60042_2-300x300.jpg\" alt=\"Tesa 60042 Spray de limpeza adesivo\" width=\"300\" height=\"300\" srcset=\"https:\/\/distribuidorcintastesa.es\/wp-content\/uploads\/2021\/03\/tesa-60042_2-300x300.jpg 300w, https:\/\/distribuidorcintastesa.es\/wp-content\/uploads\/2021\/03\/tesa-60042_2-150x150.jpg 150w, https:\/\/distribuidorcintastesa.es\/wp-content\/uploads\/2021\/03\/tesa-60042_2-100x100.jpg 100w, https:\/\/distribuidorcintastesa.es\/wp-content\/uploads\/2021\/03\/tesa-60042_2-64x64.jpg 64w, https:\/\/distribuidorcintastesa.es\/wp-content\/uploads\/2021\/03\/tesa-60042_2.jpg 600w\" sizes=\"(max-width: 300px) 100vw, 300px\" \/><\/p>\n<p><a href=\"https:\/\/distribuidorcintastesa.es\/pt-pt\/catalogos\/\" target=\"_blank\" rel=\"noopener\">Cat\u00e1logos TESA<\/a><\/p>\n<p><strong> Dados t\u00e9cnicos<\/strong><\/p>\n<table width=\"414\">\n<tbody>\n<tr>\n<td width=\"216\"><strong>Base<\/strong><\/td>\n<td width=\"198\">Hidrocarbonetos alif\u00e1ticos e limoeiro<\/td>\n<\/tr>\n<tr>\n<td><strong>Cor<\/strong><\/td>\n<td>Transparente<\/td>\n<\/tr>\n<tr>\n<td><strong>Conte\u00fado<\/strong><\/td>\n<td>500 ml<\/td>\n<\/tr>\n<\/tbody>\n<\/table>\n<table width=\"482\">\n<tbody>\n<tr>\n<td width=\"89\"><strong>PRODUTO<\/strong><\/td>\n<td width=\"131\"><strong>UNIDADE<\/strong><\/td>\n<td width=\"131\"><strong>EMBALAGEM<\/strong><\/td>\n<td width=\"131\"><strong>COR<\/strong><\/td>\n<\/tr>\n<tr>\n<td width=\"89\"><strong>60042<\/strong><\/td>\n<td width=\"131\">Pote<\/td>\n<td width=\"131\">12 Potes\/Caixa<\/td>\n<td width=\"131\"><img decoding=\"async\" class=\"alignnone size-full wp-image-4416\" src=\"https:\/\/distribuidorcintastesa.es\/wp-content\/uploads\/2021\/10\/Transparente.jpg\" alt=\"\" width=\"38\" height=\"19\" \/><\/td>\n<\/tr>\n<\/tbody>\n<\/table>\n<p><a href=\"https:\/\/solbi-mural.com\/pt\/inicio\/53-tesa-spray-limpador-de-adesivos-60042-frasco-de-200ml-4042448003461.html\" target=\"_blank\" rel=\"noopener\">Dispon\u00edvel em nossa loja online<\/a><\/p>\n","protected":false},"excerpt":{"rendered":"<p>Tesa\u00ae 60042 Spray de limpeza adesivo Tesa 60042 Spray de limpeza adesivo \u00e9 um spray para f\u00e1cil remo\u00e7\u00e3o de res\u00edduos de cola de pe\u00e7as de pl\u00e1stico, vidro e superf\u00edcies met\u00e1licas. Remove com seguran\u00e7a res\u00edduos de r\u00f3tulos, a maioria das fitas adesivas, bem como graxa, alcatr\u00e3o, materiais resinosos e outras impurezas. Ele evapora sem deixar nenhum [&hellip;]<\/p>\n","protected":false},"featured_media":2911,"template":"","meta":{"site-sidebar-layout":"default","site-content-layout":"","ast-site-content-layout":"default","site-content-style":"default","site-sidebar-style":"default","ast-global-header-display":"","ast-banner-title-visibility":"","ast-main-header-display":"","ast-hfb-above-header-display":"","ast-hfb-below-header-display":"","ast-hfb-mobile-header-display":"","site-post-title":"","ast-breadcrumbs-content":"","ast-featured-img":"","footer-sml-layout":"","ast-disable-related-posts":"","theme-transparent-header-meta":"","adv-header-id-meta":"","stick-header-meta":"","header-above-stick-meta":"","header-main-stick-meta":"","header-below-stick-meta":"","astra-migrate-meta-layouts":"default","ast-page-background-enabled":"default","ast-page-background-meta":{"desktop":{"background-color":"","background-image":"","background-repeat":"repeat","background-position":"center center","background-size":"auto","background-attachment":"scroll","background-type":"","background-media":"","overlay-type":"","overlay-color":"","overlay-opacity":"","overlay-gradient":""},"tablet":{"background-color":"","background-image":"","background-repeat":"repeat","background-position":"center center","background-size":"auto","background-attachment":"scroll","background-type":"","background-media":"","overlay-type":"","overlay-color":"","overlay-opacity":"","overlay-gradient":""},"mobile":{"background-color":"","background-image":"","background-repeat":"repeat","background-position":"center center","background-size":"auto","background-attachment":"scroll","background-type":"","background-media":"","overlay-type":"","overlay-color":"","overlay-opacity":"","overlay-gradient":""}},"ast-content-background-meta":{"desktop":{"background-color":"var(--ast-global-color-5)","background-image":"","background-repeat":"repeat","background-position":"center center","background-size":"auto","background-attachment":"scroll","background-type":"","background-media":"","overlay-type":"","overlay-color":"","overlay-opacity":"","overlay-gradient":""},"tablet":{"background-color":"var(--ast-global-color-5)","background-image":"","background-repeat":"repeat","background-position":"center center","background-size":"auto","background-attachment":"scroll","background-type":"","background-media":"","overlay-type":"","overlay-color":"","overlay-opacity":"","overlay-gradient":""},"mobile":{"background-color":"var(--ast-global-color-5)","background-image":"","background-repeat":"repeat","background-position":"center center","background-size":"auto","background-attachment":"scroll","background-type":"","background-media":"","overlay-type":"","overlay-color":"","overlay-opacity":"","overlay-gradient":""}}},"product_brand":[],"product_cat":[154,147],"product_tag":[],"class_list":{"0":"post-2907","1":"product","2":"type-product","3":"status-publish","4":"has-post-thumbnail","6":"product_cat-adesivos-e-produtos-de-limpeza-em-spray","7":"product_cat-solucoes-de-fixacao","8":"desktop-align-center","9":"tablet-align-center","10":"mobile-align-center","12":"first","13":"instock","14":"shipping-taxable","15":"product-type-simple"},"yoast_head":"<!-- This site is optimized with the Yoast SEO Premium plugin v27.2 (Yoast SEO v27.2) - https:\/\/yoast.com\/product\/yoast-seo-premium-wordpress\/ -->\n<title>Tesa 60042 Spray de limpeza adesivo - Solu\u00e7\u00f5es de fixa\u00e7\u00e3o<\/title>\n<meta name=\"description\" content=\"Tesa 60042 Spray de limpeza adesivo. Para remo\u00e7\u00e3o de res\u00edduos de adesivos. Evapora sem deixar res\u00edduos. Dispon\u00edvel em nossa loja online.\" \/>\n<meta name=\"robots\" content=\"index, follow, max-snippet:-1, max-image-preview:large, max-video-preview:-1\" \/>\n<link rel=\"canonical\" href=\"https:\/\/distribuidorcintastesa.es\/pt-pt\/producto\/tesa-60042-spray-de-limpeza-adesivo\/\" \/>\n<meta property=\"og:locale\" content=\"pt_PT\" \/>\n<meta property=\"og:type\" content=\"article\" \/>\n<meta property=\"og:title\" content=\"Tesa\u00ae 60042 Spray de limpeza adesivo\" \/>\n<meta property=\"og:description\" content=\"Tesa 60042 Spray de limpeza adesivo. Para remo\u00e7\u00e3o de res\u00edduos de adesivos. Evapora sem deixar res\u00edduos. Dispon\u00edvel em nossa loja online.\" \/>\n<meta property=\"og:url\" content=\"https:\/\/distribuidorcintastesa.es\/pt-pt\/producto\/tesa-60042-spray-de-limpeza-adesivo\/\" \/>\n<meta property=\"og:site_name\" content=\"Distribuidor de cintas tesa, cintas tesa, tesa cintas, distribuidor tesa, tesa productos, productos tesa, tesa distribuidores, http:\/\/www.http:\/\/distribuidorcintas3m.es, Mejores ofertas en cintas\" \/>\n<meta property=\"article:modified_time\" content=\"2021-11-04T16:50:04+00:00\" \/>\n<meta property=\"og:image\" content=\"https:\/\/distribuidorcintastesa.es\/wp-content\/uploads\/2021\/03\/tesa-60042_1.jpg\" \/>\n\t<meta property=\"og:image:width\" content=\"600\" \/>\n\t<meta property=\"og:image:height\" content=\"600\" \/>\n\t<meta property=\"og:image:type\" content=\"image\/jpeg\" \/>\n<meta name=\"twitter:card\" content=\"summary_large_image\" \/>\n<meta name=\"twitter:label1\" content=\"Tempo estimado de leitura\" \/>\n\t<meta name=\"twitter:data1\" content=\"2 minutos\" \/>\n<script type=\"application\/ld+json\" class=\"yoast-schema-graph\">{\"@context\":\"https:\/\/schema.org\",\"@graph\":[{\"@type\":\"WebPage\",\"@id\":\"https:\/\/distribuidorcintastesa.es\/pt-pt\/producto\/tesa-60042-spray-de-limpeza-adesivo\/\",\"url\":\"https:\/\/distribuidorcintastesa.es\/pt-pt\/producto\/tesa-60042-spray-de-limpeza-adesivo\/\",\"name\":\"Tesa 60042 Spray de limpeza adesivo - Solu\u00e7\u00f5es de fixa\u00e7\u00e3o\",\"isPartOf\":{\"@id\":\"https:\/\/distribuidorcintastesa.es\/pt-pt\/#website\"},\"primaryImageOfPage\":{\"@id\":\"https:\/\/distribuidorcintastesa.es\/pt-pt\/producto\/tesa-60042-spray-de-limpeza-adesivo\/#primaryimage\"},\"image\":{\"@id\":\"https:\/\/distribuidorcintastesa.es\/pt-pt\/producto\/tesa-60042-spray-de-limpeza-adesivo\/#primaryimage\"},\"thumbnailUrl\":\"https:\/\/distribuidorcintastesa.es\/wp-content\/uploads\/2021\/03\/tesa-60042_1.jpg\",\"datePublished\":\"2021-03-02T12:30:48+00:00\",\"dateModified\":\"2021-11-04T16:50:04+00:00\",\"description\":\"Tesa 60042 Spray de limpeza adesivo. Para remo\u00e7\u00e3o de res\u00edduos de adesivos. Evapora sem deixar res\u00edduos. Dispon\u00edvel em nossa loja online.\",\"breadcrumb\":{\"@id\":\"https:\/\/distribuidorcintastesa.es\/pt-pt\/producto\/tesa-60042-spray-de-limpeza-adesivo\/#breadcrumb\"},\"inLanguage\":\"pt-PT\",\"potentialAction\":[{\"@type\":\"ReadAction\",\"target\":[\"https:\/\/distribuidorcintastesa.es\/pt-pt\/producto\/tesa-60042-spray-de-limpeza-adesivo\/\"]}]},{\"@type\":\"ImageObject\",\"inLanguage\":\"pt-PT\",\"@id\":\"https:\/\/distribuidorcintastesa.es\/pt-pt\/producto\/tesa-60042-spray-de-limpeza-adesivo\/#primaryimage\",\"url\":\"https:\/\/distribuidorcintastesa.es\/wp-content\/uploads\/2021\/03\/tesa-60042_1.jpg\",\"contentUrl\":\"https:\/\/distribuidorcintastesa.es\/wp-content\/uploads\/2021\/03\/tesa-60042_1.jpg\",\"width\":600,\"height\":600,\"caption\":\"Tesa 60042 Spray de limpeza adesivo\"},{\"@type\":\"BreadcrumbList\",\"@id\":\"https:\/\/distribuidorcintastesa.es\/pt-pt\/producto\/tesa-60042-spray-de-limpeza-adesivo\/#breadcrumb\",\"itemListElement\":[{\"@type\":\"ListItem\",\"position\":1,\"name\":\"Portada\",\"item\":\"https:\/\/distribuidorcintastesa.es\/pt-pt\/\"},{\"@type\":\"ListItem\",\"position\":2,\"name\":\"Produtos\",\"item\":\"https:\/\/distribuidorcintastesa.es\/pt-pt\/produtos\/\"},{\"@type\":\"ListItem\",\"position\":3,\"name\":\"Tesa\u00ae 60042 Spray de limpeza adesivo\"}]},{\"@type\":\"WebSite\",\"@id\":\"https:\/\/distribuidorcintastesa.es\/pt-pt\/#website\",\"url\":\"https:\/\/distribuidorcintastesa.es\/pt-pt\/\",\"name\":\"Distribuidor de cintas tesa\",\"description\":\"Distribuidor de cintas tesa, cintas tesa, tesa cintas, distribuidor tesa, tesa productos, productos tesa, tesa distribuidores, cintas y adhesivos, tesa cinta doble cara, cinta tesa doble cara, adhesivos tesa, cinta antideslizante, velcro tesa, cinta reflectante, tesa supergen, softprint, cinta doble cara tesa, selladores y adhesivos, cintas adhesivas de doble cara, cintas de aluminio, cintas de vinilo para se\u00f1alizaci\u00f3n, cintas de tela americanas, cintas de papel para enmascarar, cintas para embalaje\",\"publisher\":{\"@id\":\"https:\/\/distribuidorcintastesa.es\/pt-pt\/#organization\"},\"potentialAction\":[{\"@type\":\"SearchAction\",\"target\":{\"@type\":\"EntryPoint\",\"urlTemplate\":\"https:\/\/distribuidorcintastesa.es\/pt-pt\/?s={search_term_string}\"},\"query-input\":{\"@type\":\"PropertyValueSpecification\",\"valueRequired\":true,\"valueName\":\"search_term_string\"}}],\"inLanguage\":\"pt-PT\"},{\"@type\":\"Organization\",\"@id\":\"https:\/\/distribuidorcintastesa.es\/pt-pt\/#organization\",\"name\":\"Distribuidor de cintas tesa\",\"url\":\"https:\/\/distribuidorcintastesa.es\/pt-pt\/\",\"logo\":{\"@type\":\"ImageObject\",\"inLanguage\":\"pt-PT\",\"@id\":\"https:\/\/distribuidorcintastesa.es\/pt-pt\/#\/schema\/logo\/image\/\",\"url\":\"https:\/\/distribuidorcintastesa.es\/wp-content\/uploads\/2022\/10\/logo-espanol-portugues.png\",\"contentUrl\":\"https:\/\/distribuidorcintastesa.es\/wp-content\/uploads\/2022\/10\/logo-espanol-portugues.png\",\"width\":871,\"height\":142,\"caption\":\"Distribuidor de cintas tesa\"},\"image\":{\"@id\":\"https:\/\/distribuidorcintastesa.es\/pt-pt\/#\/schema\/logo\/image\/\"},\"sameAs\":[\"https:\/\/muralsrd.com\/\",\"https:\/\/solbi-mural.com\/es\/\",\"https:\/\/distribuidor-cintas-adhesivas.es\",\"https:\/\/www.instagram.com\/solbimural\/?igsh=ZnR6ZmkzZm1ubWhl\"]}]}<\/script>\n<!-- \/ Yoast SEO Premium plugin. -->","yoast_head_json":{"title":"Tesa 60042 Spray de limpeza adesivo - Solu\u00e7\u00f5es de fixa\u00e7\u00e3o","description":"Tesa 60042 Spray de limpeza adesivo. Para remo\u00e7\u00e3o de res\u00edduos de adesivos. Evapora sem deixar res\u00edduos. Dispon\u00edvel em nossa loja online.","robots":{"index":"index","follow":"follow","max-snippet":"max-snippet:-1","max-image-preview":"max-image-preview:large","max-video-preview":"max-video-preview:-1"},"canonical":"https:\/\/distribuidorcintastesa.es\/pt-pt\/producto\/tesa-60042-spray-de-limpeza-adesivo\/","og_locale":"pt_PT","og_type":"article","og_title":"Tesa\u00ae 60042 Spray de limpeza adesivo","og_description":"Tesa 60042 Spray de limpeza adesivo. Para remo\u00e7\u00e3o de res\u00edduos de adesivos. Evapora sem deixar res\u00edduos. Dispon\u00edvel em nossa loja online.","og_url":"https:\/\/distribuidorcintastesa.es\/pt-pt\/producto\/tesa-60042-spray-de-limpeza-adesivo\/","og_site_name":"Distribuidor de cintas tesa, cintas tesa, tesa cintas, distribuidor tesa, tesa productos, productos tesa, tesa distribuidores, http:\/\/www.http:\/\/distribuidorcintas3m.es, Mejores ofertas en cintas","article_modified_time":"2021-11-04T16:50:04+00:00","og_image":[{"width":600,"height":600,"url":"https:\/\/distribuidorcintastesa.es\/wp-content\/uploads\/2021\/03\/tesa-60042_1.jpg","type":"image\/jpeg"}],"twitter_card":"summary_large_image","twitter_misc":{"Tempo estimado de leitura":"2 minutos"},"schema":{"@context":"https:\/\/schema.org","@graph":[{"@type":"WebPage","@id":"https:\/\/distribuidorcintastesa.es\/pt-pt\/producto\/tesa-60042-spray-de-limpeza-adesivo\/","url":"https:\/\/distribuidorcintastesa.es\/pt-pt\/producto\/tesa-60042-spray-de-limpeza-adesivo\/","name":"Tesa 60042 Spray de limpeza adesivo - Solu\u00e7\u00f5es de fixa\u00e7\u00e3o","isPartOf":{"@id":"https:\/\/distribuidorcintastesa.es\/pt-pt\/#website"},"primaryImageOfPage":{"@id":"https:\/\/distribuidorcintastesa.es\/pt-pt\/producto\/tesa-60042-spray-de-limpeza-adesivo\/#primaryimage"},"image":{"@id":"https:\/\/distribuidorcintastesa.es\/pt-pt\/producto\/tesa-60042-spray-de-limpeza-adesivo\/#primaryimage"},"thumbnailUrl":"https:\/\/distribuidorcintastesa.es\/wp-content\/uploads\/2021\/03\/tesa-60042_1.jpg","datePublished":"2021-03-02T12:30:48+00:00","dateModified":"2021-11-04T16:50:04+00:00","description":"Tesa 60042 Spray de limpeza adesivo. Para remo\u00e7\u00e3o de res\u00edduos de adesivos. Evapora sem deixar res\u00edduos. Dispon\u00edvel em nossa loja online.","breadcrumb":{"@id":"https:\/\/distribuidorcintastesa.es\/pt-pt\/producto\/tesa-60042-spray-de-limpeza-adesivo\/#breadcrumb"},"inLanguage":"pt-PT","potentialAction":[{"@type":"ReadAction","target":["https:\/\/distribuidorcintastesa.es\/pt-pt\/producto\/tesa-60042-spray-de-limpeza-adesivo\/"]}]},{"@type":"ImageObject","inLanguage":"pt-PT","@id":"https:\/\/distribuidorcintastesa.es\/pt-pt\/producto\/tesa-60042-spray-de-limpeza-adesivo\/#primaryimage","url":"https:\/\/distribuidorcintastesa.es\/wp-content\/uploads\/2021\/03\/tesa-60042_1.jpg","contentUrl":"https:\/\/distribuidorcintastesa.es\/wp-content\/uploads\/2021\/03\/tesa-60042_1.jpg","width":600,"height":600,"caption":"Tesa 60042 Spray de limpeza adesivo"},{"@type":"BreadcrumbList","@id":"https:\/\/distribuidorcintastesa.es\/pt-pt\/producto\/tesa-60042-spray-de-limpeza-adesivo\/#breadcrumb","itemListElement":[{"@type":"ListItem","position":1,"name":"Portada","item":"https:\/\/distribuidorcintastesa.es\/pt-pt\/"},{"@type":"ListItem","position":2,"name":"Produtos","item":"https:\/\/distribuidorcintastesa.es\/pt-pt\/produtos\/"},{"@type":"ListItem","position":3,"name":"Tesa\u00ae 60042 Spray de limpeza adesivo"}]},{"@type":"WebSite","@id":"https:\/\/distribuidorcintastesa.es\/pt-pt\/#website","url":"https:\/\/distribuidorcintastesa.es\/pt-pt\/","name":"Distribuidor de cintas tesa","description":"Distribuidor de cintas tesa, cintas tesa, tesa cintas, distribuidor tesa, tesa productos, productos tesa, tesa distribuidores, cintas y adhesivos, tesa cinta doble cara, cinta tesa doble cara, adhesivos tesa, cinta antideslizante, velcro tesa, cinta reflectante, tesa supergen, softprint, cinta doble cara tesa, selladores y adhesivos, cintas adhesivas de doble cara, cintas de aluminio, cintas de vinilo para se\u00f1alizaci\u00f3n, cintas de tela americanas, cintas de papel para enmascarar, cintas para embalaje","publisher":{"@id":"https:\/\/distribuidorcintastesa.es\/pt-pt\/#organization"},"potentialAction":[{"@type":"SearchAction","target":{"@type":"EntryPoint","urlTemplate":"https:\/\/distribuidorcintastesa.es\/pt-pt\/?s={search_term_string}"},"query-input":{"@type":"PropertyValueSpecification","valueRequired":true,"valueName":"search_term_string"}}],"inLanguage":"pt-PT"},{"@type":"Organization","@id":"https:\/\/distribuidorcintastesa.es\/pt-pt\/#organization","name":"Distribuidor de cintas tesa","url":"https:\/\/distribuidorcintastesa.es\/pt-pt\/","logo":{"@type":"ImageObject","inLanguage":"pt-PT","@id":"https:\/\/distribuidorcintastesa.es\/pt-pt\/#\/schema\/logo\/image\/","url":"https:\/\/distribuidorcintastesa.es\/wp-content\/uploads\/2022\/10\/logo-espanol-portugues.png","contentUrl":"https:\/\/distribuidorcintastesa.es\/wp-content\/uploads\/2022\/10\/logo-espanol-portugues.png","width":871,"height":142,"caption":"Distribuidor de cintas tesa"},"image":{"@id":"https:\/\/distribuidorcintastesa.es\/pt-pt\/#\/schema\/logo\/image\/"},"sameAs":["https:\/\/muralsrd.com\/","https:\/\/solbi-mural.com\/es\/","https:\/\/distribuidor-cintas-adhesivas.es","https:\/\/www.instagram.com\/solbimural\/?igsh=ZnR6ZmkzZm1ubWhl"]}]}},"_links":{"self":[{"href":"https:\/\/distribuidorcintastesa.es\/pt-pt\/wp-json\/wp\/v2\/product\/2907","targetHints":{"allow":["GET"]}}],"collection":[{"href":"https:\/\/distribuidorcintastesa.es\/pt-pt\/wp-json\/wp\/v2\/product"}],"about":[{"href":"https:\/\/distribuidorcintastesa.es\/pt-pt\/wp-json\/wp\/v2\/types\/product"}],"wp:featuredmedia":[{"embeddable":true,"href":"https:\/\/distribuidorcintastesa.es\/pt-pt\/wp-json\/wp\/v2\/media\/2911"}],"wp:attachment":[{"href":"https:\/\/distribuidorcintastesa.es\/pt-pt\/wp-json\/wp\/v2\/media?parent=2907"}],"wp:term":[{"taxonomy":"product_brand","embeddable":true,"href":"https:\/\/distribuidorcintastesa.es\/pt-pt\/wp-json\/wp\/v2\/product_brand?post=2907"},{"taxonomy":"product_cat","embeddable":true,"href":"https:\/\/distribuidorcintastesa.es\/pt-pt\/wp-json\/wp\/v2\/product_cat?post=2907"},{"taxonomy":"product_tag","embeddable":true,"href":"https:\/\/distribuidorcintastesa.es\/pt-pt\/wp-json\/wp\/v2\/product_tag?post=2907"}],"curies":[{"name":"wp","href":"https:\/\/api.w.org\/{rel}","templated":true}]}}