{"id":2744,"date":"2021-02-25T12:32:05","date_gmt":"2021-02-25T12:32:05","guid":{"rendered":"https:\/\/distribuidorcintastesa.es\/?post_type=product&#038;p=2744"},"modified":"2021-10-28T15:30:11","modified_gmt":"2021-10-28T15:30:11","slug":"tesa-64958","status":"publish","type":"product","link":"https:\/\/distribuidorcintastesa.es\/pt-pt\/producto\/tesa-64958\/","title":{"rendered":"Tesa\u00ae 64958"},"content":{"rendered":"<h4><strong> Tesa\u00ae 64958<\/strong><\/h4>\n<p>Tesa 64958 \u00e9 uma espuma de PE de dupla face branca com adesivo de borracha sint\u00e9tica projetada para aplica\u00e7\u00f5es internas de uso geral.<\/p>\n<p>&nbsp;<\/p>\n<p>Espuma de PE altamente adapt\u00e1vel.<br \/>\nAlta ades\u00e3o imediata aplicando pouca press\u00e3o, mesmo em superf\u00edcies \u00e1speras.<br \/>\nAlta ades\u00e3o em superf\u00edcies de baixa energia superficial.<br \/>\nBoa compressibilidade da espuma.<br \/>\nIdeal para montar displays de papel\u00e3o, suportes de pre\u00e7os, etc.<br \/>\nUso interno recomendado.<\/p>\n<p>&nbsp;<\/p>\n<p><strong>Aplica\u00e7\u00f5es principais<\/strong><br \/>\nMontagem de pontos de venda e displays.<br \/>\nColoca\u00e7\u00e3o de cartazes e letreiros em ambientes internos.<br \/>\nMontagem de porta-pre\u00e7os em supermercados e lojas.<br \/>\nPara amortecimento de perfil e compensador de irregularidade na uni\u00e3o de duas superf\u00edcies em aplica\u00e7\u00f5es internas.<\/p>\n<p>&nbsp;<\/p>\n<p><img fetchpriority=\"high\" decoding=\"async\" class=\"alignnone wp-image-2748 size-medium\" src=\"https:\/\/distribuidorcintastesa.es\/wp-content\/uploads\/2021\/02\/tesa-64958_2-300x300.jpg\" alt=\"tesa 64958\" width=\"300\" height=\"300\" srcset=\"https:\/\/distribuidorcintastesa.es\/wp-content\/uploads\/2021\/02\/tesa-64958_2-300x300.jpg 300w, https:\/\/distribuidorcintastesa.es\/wp-content\/uploads\/2021\/02\/tesa-64958_2-150x150.jpg 150w, https:\/\/distribuidorcintastesa.es\/wp-content\/uploads\/2021\/02\/tesa-64958_2-768x768.jpg 768w, https:\/\/distribuidorcintastesa.es\/wp-content\/uploads\/2021\/02\/tesa-64958_2-600x600.jpg 600w, https:\/\/distribuidorcintastesa.es\/wp-content\/uploads\/2021\/02\/tesa-64958_2-100x100.jpg 100w, https:\/\/distribuidorcintastesa.es\/wp-content\/uploads\/2021\/02\/tesa-64958_2-64x64.jpg 64w, https:\/\/distribuidorcintastesa.es\/wp-content\/uploads\/2021\/02\/tesa-64958_2.jpg 900w\" sizes=\"(max-width: 300px) 100vw, 300px\" \/><\/p>\n<p><a href=\"https:\/\/www.youtube.com\/c\/cintaadhesivaSolbi\/videos\" target=\"_blank\" rel=\"noopener\">Tesa\u00ae 64958<\/a><\/p>\n<p>&nbsp;<\/p>\n<p><strong> Dados t\u00e9cnicos Tesa 64958<\/strong><\/p>\n<table style=\"height: 238px;\">\n<tbody>\n<tr>\n<td colspan=\"2\" width=\"165\"><strong> Suporte <\/strong><\/td>\n<td width=\"300\">Espuma PE<\/td>\n<\/tr>\n<tr>\n<td colspan=\"2\"><strong> Espessura total [\u00b5m] <\/strong><\/td>\n<td>1050<\/td>\n<\/tr>\n<tr>\n<td colspan=\"2\"><strong> Ades\u00e3o \/ a\u00e7o [N \/ cm] <\/strong><\/td>\n<td>4,0 (Quebra de espuma)<\/td>\n<\/tr>\n<tr>\n<td colspan=\"2\"><strong> Resist\u00eancia \u00e0 temperatura [\u00b0 C] <\/strong><\/td>\n<td><\/td>\n<\/tr>\n<tr>\n<td><\/td>\n<td><strong> Longo prazo <\/strong><\/td>\n<td>40<\/td>\n<\/tr>\n<tr>\n<td><\/td>\n<td><strong> Curto prazo <\/strong><\/td>\n<td>60<\/td>\n<\/tr>\n<\/tbody>\n<\/table>\n<table width=\"613\">\n<tbody>\n<tr>\n<td width=\"89\"><strong>PRODUTO<\/strong><\/td>\n<td width=\"131\"><strong>UNIDADE<\/strong><\/td>\n<td width=\"131\"><strong>EMBALAGEM<\/strong><\/td>\n<td width=\"131\"><strong>DIMENSOES<\/strong><\/td>\n<td width=\"131\"><strong>COR<\/strong><\/td>\n<\/tr>\n<tr>\n<td rowspan=\"8\" width=\"89\"><strong>64958<\/strong><\/td>\n<td width=\"131\">Rolo<\/td>\n<td width=\"131\">72 Rolos\/Caixa<\/td>\n<td width=\"131\">19 mm x 1,5 mt\u00a0\u00a0\u00a0 (apresenta\u00e7\u00e3o individual do prof. de embalagem)<\/td>\n<td width=\"131\"><img decoding=\"async\" class=\"alignnone size-full wp-image-2985\" src=\"https:\/\/distribuidorcintastesa.es\/wp-content\/uploads\/2021\/02\/blanco_1.jpg\" alt=\"BLANCO\" width=\"38\" height=\"19\" \/><\/td>\n<\/tr>\n<tr>\n<td width=\"131\">Rolo<\/td>\n<td width=\"131\">48 Rolos\/Caixa<\/td>\n<td width=\"131\">19 mm x 5 mt\u00a0\u00a0\u00a0 (apresenta\u00e7\u00e3o individual do prof. de embalagem)<\/td>\n<td width=\"131\"><img decoding=\"async\" class=\"alignnone size-full wp-image-2985\" src=\"https:\/\/distribuidorcintastesa.es\/wp-content\/uploads\/2021\/02\/blanco_1.jpg\" alt=\"BLANCO\" width=\"38\" height=\"19\" \/><\/td>\n<\/tr>\n<tr>\n<td width=\"131\">Rolo<\/td>\n<td width=\"131\">24 Rolos\/Caixa<\/td>\n<td width=\"131\">12 mm x 25 mt<\/td>\n<td width=\"131\"><img decoding=\"async\" class=\"alignnone size-full wp-image-2985\" src=\"https:\/\/distribuidorcintastesa.es\/wp-content\/uploads\/2021\/02\/blanco_1.jpg\" alt=\"BLANCO\" width=\"38\" height=\"19\" \/><\/td>\n<\/tr>\n<tr>\n<td width=\"131\">Rolo<\/td>\n<td width=\"131\">20 Rolos\/Caixa<\/td>\n<td width=\"131\">15 mm x 25 mt<\/td>\n<td width=\"131\"><img decoding=\"async\" class=\"alignnone size-full wp-image-2985\" src=\"https:\/\/distribuidorcintastesa.es\/wp-content\/uploads\/2021\/02\/blanco_1.jpg\" alt=\"BLANCO\" width=\"38\" height=\"19\" \/><\/td>\n<\/tr>\n<tr>\n<td width=\"131\">Rolo<\/td>\n<td width=\"131\">16 RoloS\/Caixa<\/td>\n<td width=\"131\">19 mm x 25 mt<\/td>\n<td width=\"131\"><img decoding=\"async\" class=\"alignnone size-full wp-image-2985\" src=\"https:\/\/distribuidorcintastesa.es\/wp-content\/uploads\/2021\/02\/blanco_1.jpg\" alt=\"BLANCO\" width=\"38\" height=\"19\" \/><\/td>\n<\/tr>\n<tr>\n<td width=\"131\">Rolo<\/td>\n<td width=\"131\">12 RoloS\/Caixa<\/td>\n<td width=\"131\">25 mm x 25 mt<\/td>\n<td width=\"131\"><img decoding=\"async\" class=\"alignnone size-full wp-image-2985\" src=\"https:\/\/distribuidorcintastesa.es\/wp-content\/uploads\/2021\/02\/blanco_1.jpg\" alt=\"BLANCO\" width=\"38\" height=\"19\" \/><\/td>\n<\/tr>\n<tr>\n<td width=\"131\">Rolo<\/td>\n<td width=\"131\">1 Rolo\/Caixa<\/td>\n<td width=\"131\">1400 mm x 25 mt<\/td>\n<td width=\"131\"><img decoding=\"async\" class=\"alignnone size-full wp-image-2985\" src=\"https:\/\/distribuidorcintastesa.es\/wp-content\/uploads\/2021\/02\/blanco_1.jpg\" alt=\"BLANCO\" width=\"38\" height=\"19\" \/><\/td>\n<\/tr>\n<tr>\n<td width=\"131\">Rolo<\/td>\n<td width=\"131\">1 Rolo\/Caixa<\/td>\n<td width=\"131\">19 mm x 1100 mt<\/td>\n<td width=\"131\"><img decoding=\"async\" class=\"alignnone size-full wp-image-2985\" src=\"https:\/\/distribuidorcintastesa.es\/wp-content\/uploads\/2021\/02\/blanco_1.jpg\" alt=\"BLANCO\" width=\"38\" height=\"19\" \/><\/td>\n<\/tr>\n<\/tbody>\n<\/table>\n<p><a href=\"https:\/\/distribuidorcintastesa.es\/pt-pt\/catalogos\/\" target=\"_blank\" rel=\"noopener\">Cat\u00e1logo TESA<\/a><\/p>\n","protected":false},"excerpt":{"rendered":"<p>Tesa\u00ae 64958 Tesa 64958 \u00e9 uma espuma de PE de dupla face branca com adesivo de borracha sint\u00e9tica projetada para aplica\u00e7\u00f5es internas de uso geral. &nbsp; Espuma de PE altamente adapt\u00e1vel. Alta ades\u00e3o imediata aplicando pouca press\u00e3o, mesmo em superf\u00edcies \u00e1speras. Alta ades\u00e3o em superf\u00edcies de baixa energia superficial. Boa compressibilidade da espuma. Ideal para [&hellip;]<\/p>\n","protected":false},"featured_media":2752,"template":"","meta":{"site-sidebar-layout":"default","site-content-layout":"","ast-site-content-layout":"default","site-content-style":"default","site-sidebar-style":"default","ast-global-header-display":"","ast-banner-title-visibility":"","ast-main-header-display":"","ast-hfb-above-header-display":"","ast-hfb-below-header-display":"","ast-hfb-mobile-header-display":"","site-post-title":"","ast-breadcrumbs-content":"","ast-featured-img":"","footer-sml-layout":"","ast-disable-related-posts":"","theme-transparent-header-meta":"","adv-header-id-meta":"","stick-header-meta":"","header-above-stick-meta":"","header-main-stick-meta":"","header-below-stick-meta":"","astra-migrate-meta-layouts":"default","ast-page-background-enabled":"default","ast-page-background-meta":{"desktop":{"background-color":"","background-image":"","background-repeat":"repeat","background-position":"center center","background-size":"auto","background-attachment":"scroll","background-type":"","background-media":"","overlay-type":"","overlay-color":"","overlay-opacity":"","overlay-gradient":""},"tablet":{"background-color":"","background-image":"","background-repeat":"repeat","background-position":"center center","background-size":"auto","background-attachment":"scroll","background-type":"","background-media":"","overlay-type":"","overlay-color":"","overlay-opacity":"","overlay-gradient":""},"mobile":{"background-color":"","background-image":"","background-repeat":"repeat","background-position":"center center","background-size":"auto","background-attachment":"scroll","background-type":"","background-media":"","overlay-type":"","overlay-color":"","overlay-opacity":"","overlay-gradient":""}},"ast-content-background-meta":{"desktop":{"background-color":"var(--ast-global-color-5)","background-image":"","background-repeat":"repeat","background-position":"center center","background-size":"auto","background-attachment":"scroll","background-type":"","background-media":"","overlay-type":"","overlay-color":"","overlay-opacity":"","overlay-gradient":""},"tablet":{"background-color":"var(--ast-global-color-5)","background-image":"","background-repeat":"repeat","background-position":"center center","background-size":"auto","background-attachment":"scroll","background-type":"","background-media":"","overlay-type":"","overlay-color":"","overlay-opacity":"","overlay-gradient":""},"mobile":{"background-color":"var(--ast-global-color-5)","background-image":"","background-repeat":"repeat","background-position":"center center","background-size":"auto","background-attachment":"scroll","background-type":"","background-media":"","overlay-type":"","overlay-color":"","overlay-opacity":"","overlay-gradient":""}}},"product_brand":[],"product_cat":[152,147],"product_tag":[],"class_list":{"0":"post-2744","1":"product","2":"type-product","3":"status-publish","4":"has-post-thumbnail","6":"product_cat-fita-de-espuma-dupla-face","7":"product_cat-solucoes-de-fixacao","8":"desktop-align-center","9":"tablet-align-center","10":"mobile-align-center","12":"first","13":"instock","14":"shipping-taxable","15":"product-type-simple"},"yoast_head":"<!-- This site is optimized with the Yoast SEO Premium plugin v27.2 (Yoast SEO v27.2) - https:\/\/yoast.com\/product\/yoast-seo-premium-wordpress\/ -->\n<title>Tesa 64958 Espuma PE Dupla Face Solu\u00e7\u00f5es de fixa\u00e7\u00e3o<\/title>\n<meta name=\"description\" content=\"Tesa 64958 Espuma PE Dupla Face Solu\u00e7\u00f5es de fixa\u00e7\u00e3o. Ades\u00e3o muito alta. Ideal para montar. Dispon\u00edvel em nossa loja online\" \/>\n<meta name=\"robots\" content=\"index, follow, max-snippet:-1, max-image-preview:large, max-video-preview:-1\" \/>\n<link rel=\"canonical\" href=\"https:\/\/distribuidorcintastesa.es\/pt-pt\/producto\/tesa-64958\/\" \/>\n<meta property=\"og:locale\" content=\"pt_PT\" \/>\n<meta property=\"og:type\" content=\"article\" \/>\n<meta property=\"og:title\" content=\"Tesa\u00ae 64958\" \/>\n<meta property=\"og:description\" content=\"Tesa 64958 Espuma PE Dupla Face Solu\u00e7\u00f5es de fixa\u00e7\u00e3o. Ades\u00e3o muito alta. Ideal para montar. Dispon\u00edvel em nossa loja online\" \/>\n<meta property=\"og:url\" content=\"https:\/\/distribuidorcintastesa.es\/pt-pt\/producto\/tesa-64958\/\" \/>\n<meta property=\"og:site_name\" content=\"Distribuidor de cintas tesa, cintas tesa, tesa cintas, distribuidor tesa, tesa productos, productos tesa, tesa distribuidores, http:\/\/www.http:\/\/distribuidorcintas3m.es, Mejores ofertas en cintas\" \/>\n<meta property=\"article:modified_time\" content=\"2021-10-28T15:30:11+00:00\" \/>\n<meta property=\"og:image\" content=\"https:\/\/distribuidorcintastesa.es\/wp-content\/uploads\/2021\/02\/tesa-64958.jpg\" \/>\n\t<meta property=\"og:image:width\" content=\"501\" \/>\n\t<meta property=\"og:image:height\" content=\"501\" \/>\n\t<meta property=\"og:image:type\" content=\"image\/jpeg\" \/>\n<meta name=\"twitter:card\" content=\"summary_large_image\" \/>\n<meta name=\"twitter:label1\" content=\"Tempo estimado de leitura\" \/>\n\t<meta name=\"twitter:data1\" content=\"3 minutos\" \/>\n<script type=\"application\/ld+json\" class=\"yoast-schema-graph\">{\"@context\":\"https:\/\/schema.org\",\"@graph\":[{\"@type\":\"WebPage\",\"@id\":\"https:\/\/distribuidorcintastesa.es\/pt-pt\/producto\/tesa-64958\/\",\"url\":\"https:\/\/distribuidorcintastesa.es\/pt-pt\/producto\/tesa-64958\/\",\"name\":\"Tesa 64958 Espuma PE Dupla Face Solu\u00e7\u00f5es de fixa\u00e7\u00e3o\",\"isPartOf\":{\"@id\":\"https:\/\/distribuidorcintastesa.es\/pt-pt\/#website\"},\"primaryImageOfPage\":{\"@id\":\"https:\/\/distribuidorcintastesa.es\/pt-pt\/producto\/tesa-64958\/#primaryimage\"},\"image\":{\"@id\":\"https:\/\/distribuidorcintastesa.es\/pt-pt\/producto\/tesa-64958\/#primaryimage\"},\"thumbnailUrl\":\"https:\/\/distribuidorcintastesa.es\/wp-content\/uploads\/2021\/02\/tesa-64958.jpg\",\"datePublished\":\"2021-02-25T12:32:05+00:00\",\"dateModified\":\"2021-10-28T15:30:11+00:00\",\"description\":\"Tesa 64958 Espuma PE Dupla Face Solu\u00e7\u00f5es de fixa\u00e7\u00e3o. Ades\u00e3o muito alta. Ideal para montar. Dispon\u00edvel em nossa loja online\",\"breadcrumb\":{\"@id\":\"https:\/\/distribuidorcintastesa.es\/pt-pt\/producto\/tesa-64958\/#breadcrumb\"},\"inLanguage\":\"pt-PT\",\"potentialAction\":[{\"@type\":\"ReadAction\",\"target\":[\"https:\/\/distribuidorcintastesa.es\/pt-pt\/producto\/tesa-64958\/\"]}]},{\"@type\":\"ImageObject\",\"inLanguage\":\"pt-PT\",\"@id\":\"https:\/\/distribuidorcintastesa.es\/pt-pt\/producto\/tesa-64958\/#primaryimage\",\"url\":\"https:\/\/distribuidorcintastesa.es\/wp-content\/uploads\/2021\/02\/tesa-64958.jpg\",\"contentUrl\":\"https:\/\/distribuidorcintastesa.es\/wp-content\/uploads\/2021\/02\/tesa-64958.jpg\",\"width\":501,\"height\":501,\"caption\":\"tesa 64958\"},{\"@type\":\"BreadcrumbList\",\"@id\":\"https:\/\/distribuidorcintastesa.es\/pt-pt\/producto\/tesa-64958\/#breadcrumb\",\"itemListElement\":[{\"@type\":\"ListItem\",\"position\":1,\"name\":\"Portada\",\"item\":\"https:\/\/distribuidorcintastesa.es\/pt-pt\/\"},{\"@type\":\"ListItem\",\"position\":2,\"name\":\"Produtos\",\"item\":\"https:\/\/distribuidorcintastesa.es\/pt-pt\/produtos\/\"},{\"@type\":\"ListItem\",\"position\":3,\"name\":\"Tesa\u00ae 64958\"}]},{\"@type\":\"WebSite\",\"@id\":\"https:\/\/distribuidorcintastesa.es\/pt-pt\/#website\",\"url\":\"https:\/\/distribuidorcintastesa.es\/pt-pt\/\",\"name\":\"Distribuidor de cintas tesa\",\"description\":\"Distribuidor de cintas tesa, cintas tesa, tesa cintas, distribuidor tesa, tesa productos, productos tesa, tesa distribuidores, cintas y adhesivos, tesa cinta doble cara, cinta tesa doble cara, adhesivos tesa, cinta antideslizante, velcro tesa, cinta reflectante, tesa supergen, softprint, cinta doble cara tesa, selladores y adhesivos, cintas adhesivas de doble cara, cintas de aluminio, cintas de vinilo para se\u00f1alizaci\u00f3n, cintas de tela americanas, cintas de papel para enmascarar, cintas para embalaje\",\"publisher\":{\"@id\":\"https:\/\/distribuidorcintastesa.es\/pt-pt\/#organization\"},\"potentialAction\":[{\"@type\":\"SearchAction\",\"target\":{\"@type\":\"EntryPoint\",\"urlTemplate\":\"https:\/\/distribuidorcintastesa.es\/pt-pt\/?s={search_term_string}\"},\"query-input\":{\"@type\":\"PropertyValueSpecification\",\"valueRequired\":true,\"valueName\":\"search_term_string\"}}],\"inLanguage\":\"pt-PT\"},{\"@type\":\"Organization\",\"@id\":\"https:\/\/distribuidorcintastesa.es\/pt-pt\/#organization\",\"name\":\"Distribuidor de cintas tesa\",\"url\":\"https:\/\/distribuidorcintastesa.es\/pt-pt\/\",\"logo\":{\"@type\":\"ImageObject\",\"inLanguage\":\"pt-PT\",\"@id\":\"https:\/\/distribuidorcintastesa.es\/pt-pt\/#\/schema\/logo\/image\/\",\"url\":\"https:\/\/distribuidorcintastesa.es\/wp-content\/uploads\/2022\/10\/logo-espanol-portugues.png\",\"contentUrl\":\"https:\/\/distribuidorcintastesa.es\/wp-content\/uploads\/2022\/10\/logo-espanol-portugues.png\",\"width\":871,\"height\":142,\"caption\":\"Distribuidor de cintas tesa\"},\"image\":{\"@id\":\"https:\/\/distribuidorcintastesa.es\/pt-pt\/#\/schema\/logo\/image\/\"},\"sameAs\":[\"https:\/\/muralsrd.com\/\",\"https:\/\/solbi-mural.com\/es\/\",\"https:\/\/distribuidor-cintas-adhesivas.es\",\"https:\/\/www.instagram.com\/solbimural\/?igsh=ZnR6ZmkzZm1ubWhl\"]}]}<\/script>\n<!-- \/ Yoast SEO Premium plugin. -->","yoast_head_json":{"title":"Tesa 64958 Espuma PE Dupla Face Solu\u00e7\u00f5es de fixa\u00e7\u00e3o","description":"Tesa 64958 Espuma PE Dupla Face Solu\u00e7\u00f5es de fixa\u00e7\u00e3o. Ades\u00e3o muito alta. Ideal para montar. Dispon\u00edvel em nossa loja online","robots":{"index":"index","follow":"follow","max-snippet":"max-snippet:-1","max-image-preview":"max-image-preview:large","max-video-preview":"max-video-preview:-1"},"canonical":"https:\/\/distribuidorcintastesa.es\/pt-pt\/producto\/tesa-64958\/","og_locale":"pt_PT","og_type":"article","og_title":"Tesa\u00ae 64958","og_description":"Tesa 64958 Espuma PE Dupla Face Solu\u00e7\u00f5es de fixa\u00e7\u00e3o. Ades\u00e3o muito alta. Ideal para montar. Dispon\u00edvel em nossa loja online","og_url":"https:\/\/distribuidorcintastesa.es\/pt-pt\/producto\/tesa-64958\/","og_site_name":"Distribuidor de cintas tesa, cintas tesa, tesa cintas, distribuidor tesa, tesa productos, productos tesa, tesa distribuidores, http:\/\/www.http:\/\/distribuidorcintas3m.es, Mejores ofertas en cintas","article_modified_time":"2021-10-28T15:30:11+00:00","og_image":[{"width":501,"height":501,"url":"https:\/\/distribuidorcintastesa.es\/wp-content\/uploads\/2021\/02\/tesa-64958.jpg","type":"image\/jpeg"}],"twitter_card":"summary_large_image","twitter_misc":{"Tempo estimado de leitura":"3 minutos"},"schema":{"@context":"https:\/\/schema.org","@graph":[{"@type":"WebPage","@id":"https:\/\/distribuidorcintastesa.es\/pt-pt\/producto\/tesa-64958\/","url":"https:\/\/distribuidorcintastesa.es\/pt-pt\/producto\/tesa-64958\/","name":"Tesa 64958 Espuma PE Dupla Face Solu\u00e7\u00f5es de fixa\u00e7\u00e3o","isPartOf":{"@id":"https:\/\/distribuidorcintastesa.es\/pt-pt\/#website"},"primaryImageOfPage":{"@id":"https:\/\/distribuidorcintastesa.es\/pt-pt\/producto\/tesa-64958\/#primaryimage"},"image":{"@id":"https:\/\/distribuidorcintastesa.es\/pt-pt\/producto\/tesa-64958\/#primaryimage"},"thumbnailUrl":"https:\/\/distribuidorcintastesa.es\/wp-content\/uploads\/2021\/02\/tesa-64958.jpg","datePublished":"2021-02-25T12:32:05+00:00","dateModified":"2021-10-28T15:30:11+00:00","description":"Tesa 64958 Espuma PE Dupla Face Solu\u00e7\u00f5es de fixa\u00e7\u00e3o. Ades\u00e3o muito alta. Ideal para montar. Dispon\u00edvel em nossa loja online","breadcrumb":{"@id":"https:\/\/distribuidorcintastesa.es\/pt-pt\/producto\/tesa-64958\/#breadcrumb"},"inLanguage":"pt-PT","potentialAction":[{"@type":"ReadAction","target":["https:\/\/distribuidorcintastesa.es\/pt-pt\/producto\/tesa-64958\/"]}]},{"@type":"ImageObject","inLanguage":"pt-PT","@id":"https:\/\/distribuidorcintastesa.es\/pt-pt\/producto\/tesa-64958\/#primaryimage","url":"https:\/\/distribuidorcintastesa.es\/wp-content\/uploads\/2021\/02\/tesa-64958.jpg","contentUrl":"https:\/\/distribuidorcintastesa.es\/wp-content\/uploads\/2021\/02\/tesa-64958.jpg","width":501,"height":501,"caption":"tesa 64958"},{"@type":"BreadcrumbList","@id":"https:\/\/distribuidorcintastesa.es\/pt-pt\/producto\/tesa-64958\/#breadcrumb","itemListElement":[{"@type":"ListItem","position":1,"name":"Portada","item":"https:\/\/distribuidorcintastesa.es\/pt-pt\/"},{"@type":"ListItem","position":2,"name":"Produtos","item":"https:\/\/distribuidorcintastesa.es\/pt-pt\/produtos\/"},{"@type":"ListItem","position":3,"name":"Tesa\u00ae 64958"}]},{"@type":"WebSite","@id":"https:\/\/distribuidorcintastesa.es\/pt-pt\/#website","url":"https:\/\/distribuidorcintastesa.es\/pt-pt\/","name":"Distribuidor de cintas tesa","description":"Distribuidor de cintas tesa, cintas tesa, tesa cintas, distribuidor tesa, tesa productos, productos tesa, tesa distribuidores, cintas y adhesivos, tesa cinta doble cara, cinta tesa doble cara, adhesivos tesa, cinta antideslizante, velcro tesa, cinta reflectante, tesa supergen, softprint, cinta doble cara tesa, selladores y adhesivos, cintas adhesivas de doble cara, cintas de aluminio, cintas de vinilo para se\u00f1alizaci\u00f3n, cintas de tela americanas, cintas de papel para enmascarar, cintas para embalaje","publisher":{"@id":"https:\/\/distribuidorcintastesa.es\/pt-pt\/#organization"},"potentialAction":[{"@type":"SearchAction","target":{"@type":"EntryPoint","urlTemplate":"https:\/\/distribuidorcintastesa.es\/pt-pt\/?s={search_term_string}"},"query-input":{"@type":"PropertyValueSpecification","valueRequired":true,"valueName":"search_term_string"}}],"inLanguage":"pt-PT"},{"@type":"Organization","@id":"https:\/\/distribuidorcintastesa.es\/pt-pt\/#organization","name":"Distribuidor de cintas tesa","url":"https:\/\/distribuidorcintastesa.es\/pt-pt\/","logo":{"@type":"ImageObject","inLanguage":"pt-PT","@id":"https:\/\/distribuidorcintastesa.es\/pt-pt\/#\/schema\/logo\/image\/","url":"https:\/\/distribuidorcintastesa.es\/wp-content\/uploads\/2022\/10\/logo-espanol-portugues.png","contentUrl":"https:\/\/distribuidorcintastesa.es\/wp-content\/uploads\/2022\/10\/logo-espanol-portugues.png","width":871,"height":142,"caption":"Distribuidor de cintas tesa"},"image":{"@id":"https:\/\/distribuidorcintastesa.es\/pt-pt\/#\/schema\/logo\/image\/"},"sameAs":["https:\/\/muralsrd.com\/","https:\/\/solbi-mural.com\/es\/","https:\/\/distribuidor-cintas-adhesivas.es","https:\/\/www.instagram.com\/solbimural\/?igsh=ZnR6ZmkzZm1ubWhl"]}]}},"_links":{"self":[{"href":"https:\/\/distribuidorcintastesa.es\/pt-pt\/wp-json\/wp\/v2\/product\/2744","targetHints":{"allow":["GET"]}}],"collection":[{"href":"https:\/\/distribuidorcintastesa.es\/pt-pt\/wp-json\/wp\/v2\/product"}],"about":[{"href":"https:\/\/distribuidorcintastesa.es\/pt-pt\/wp-json\/wp\/v2\/types\/product"}],"wp:featuredmedia":[{"embeddable":true,"href":"https:\/\/distribuidorcintastesa.es\/pt-pt\/wp-json\/wp\/v2\/media\/2752"}],"wp:attachment":[{"href":"https:\/\/distribuidorcintastesa.es\/pt-pt\/wp-json\/wp\/v2\/media?parent=2744"}],"wp:term":[{"taxonomy":"product_brand","embeddable":true,"href":"https:\/\/distribuidorcintastesa.es\/pt-pt\/wp-json\/wp\/v2\/product_brand?post=2744"},{"taxonomy":"product_cat","embeddable":true,"href":"https:\/\/distribuidorcintastesa.es\/pt-pt\/wp-json\/wp\/v2\/product_cat?post=2744"},{"taxonomy":"product_tag","embeddable":true,"href":"https:\/\/distribuidorcintastesa.es\/pt-pt\/wp-json\/wp\/v2\/product_tag?post=2744"}],"curies":[{"name":"wp","href":"https:\/\/api.w.org\/{rel}","templated":true}]}}