{"id":7044,"date":"2023-12-28T20:39:41","date_gmt":"2023-12-28T20:39:41","guid":{"rendered":"https:\/\/distribuidorcintastesa.mytestingweb.com\/legal\/"},"modified":"2023-12-28T20:45:16","modified_gmt":"2023-12-28T20:45:16","slug":"legal","status":"publish","type":"page","link":"https:\/\/distribuidorcintastesa.es\/pt-pt\/legal\/","title":{"rendered":"Legal"},"content":{"rendered":"\n<h4 class=\"wp-block-heading\">IDENTIFICA\u00c7\u00c3O DOS DADOS DO RESPONS\u00c1VEL DA WEB E DO PROCESSAMENTO DE DADOS PESSOAIS<\/h4>\n\n\n\n<hr class=\"wp-block-separator has-alpha-channel-opacity\"\/>\n\n\n\n<p><strong>Companhia:<\/strong> Solbi Mural, SL<br><strong>CIF:<\/strong> ESB53219374<br><strong>Endere\u00e7o:<\/strong> Pol\u00edgono Industrial Oeste. Rua do Uruguai, Lote 8\/26 \u2013 30169 San Gin\u00e9s (M\u00farcia)<br><strong>Contato:<\/strong> <a href=\"mailto:info@fitasadesivas.net\">info@fitasadesivas.net<\/a><br><strong>Web:<\/strong> <a href=\"https:\/\/www.fitasadesivas.net\" target=\"_blank\" rel=\"noreferrer noopener\">https:\/\/www.fitasadesivas.net<\/a><\/p>\n\n\n\n<p>O acesso e \/ ou uso \u00e9 totalmente volunt\u00e1rio e atribui \u00e0 pessoa que o realiza a condi\u00e7\u00e3o de USU\u00c1RIO. Todos os USU\u00c1RIOS aceitam, a partir do momento em que acessam, sem qualquer reserva, o conte\u00fado dessas \u201cCondi\u00e7\u00f5es Gerais\u201d, bem como, quando apropriado, as \u201cCondi\u00e7\u00f5es Particulares\u201d que possam complement\u00e1-las, substitu\u00ed-las ou modific\u00e1-las de qualquer forma. em rela\u00e7\u00e3o aos servi\u00e7os e conte\u00fados. Consequentemente, o USU\u00c1RIO deve ler cuidadosamente cada um deles antes de acessar e usar qualquer servi\u00e7o sob sua inteira responsabilidade.<br>Em qualquer caso, nos reservamos o direito de, a qualquer momento e sem a necessidade de aviso pr\u00e9vio, negar o acesso a este site para aqueles usu\u00e1rios que n\u00e3o cumprirem qualquer uma destas condi\u00e7\u00f5es gerais ou as condi\u00e7\u00f5es espec\u00edficas que se aplicam a eles.<br><br><strong>Objeto e Modifica\u00e7\u00e3o de Condi\u00e7\u00f5es<\/strong><br>Oferecemos aos USU\u00c1RIOS a possibilidade de navegar, acessar os conte\u00fados e servi\u00e7os desde que o fa\u00e7am de acordo com as disposi\u00e7\u00f5es destas CONDI\u00c7\u00d5ES GERAIS.<br>Em qualquer caso, nos reservamos o direito de, a qualquer momento e sem aviso pr\u00e9vio, modificar ou eliminar o conte\u00fado, estrutura, design, servi\u00e7os e condi\u00e7\u00f5es de acesso e \/ ou uso deste site, sempre que julgar apropriado.<br><br><strong>Princ\u00edpios Gerais \u2013 Responsabilidade do Usu\u00e1rio<\/strong><br>O USU\u00c1RIO \u00e9 obrigado a usar os servi\u00e7os e conte\u00fados que fornecemos de acordo com a legisla\u00e7\u00e3o atual e os princ\u00edpios de boa f\u00e9 e usos geralmente aceitos e n\u00e3o contrariar a ordem p\u00fablica atrav\u00e9s da Web. Portanto, qualquer uso para fins il\u00edcitos ou que prejudique ou impe\u00e7a, possa danificar e \/ ou sobrecarregar, de qualquer forma, o uso e opera\u00e7\u00e3o normal do Portal, ou que direta ou indiretamente atente contra ele ou contra qualquer terceiro seja proibido.<br>O usu\u00e1rio n\u00e3o transmitir\u00e1 atrav\u00e9s do servi\u00e7o nada que viole os valores e a dignidade das pessoas, de acordo com os padr\u00f5es nacionais e internacionais de prote\u00e7\u00e3o dos direitos humanos. O usu\u00e1rio concorda em fornecer informa\u00e7\u00f5es verdadeiras e precisas sobre si mesmo nos formul\u00e1rios de registro, se houver.<br>Da mesma forma, a reprodu\u00e7\u00e3o, distribui\u00e7\u00e3o, transmiss\u00e3o, adapta\u00e7\u00e3o ou modifica\u00e7\u00e3o, por qualquer meio e em qualquer forma, do conte\u00fado (textos, desenhos, gr\u00e1ficos, informa\u00e7\u00f5es, bancos de dados, arquivos de som e \/ ou imagem, logotipos, etc.) \u00e9 proibida. ..) e outros elementos, a menos que previamente autorizados por seus leg\u00edtimos propriet\u00e1rios ou quando isso seja permitido por lei.<br>Tamb\u00e9m \u00e9 proibido, com rela\u00e7\u00e3o aos conte\u00fados detalhados acima, qualquer uso comercial ou publicit\u00e1rio, exceto o estritamente permitido, quando aplic\u00e1vel, e a viola\u00e7\u00e3o, em geral, de qualquer direito derivado do mesmo.<br>A exist\u00eancia de uma hiperliga\u00e7\u00e3o n\u00e3o implica a exist\u00eancia de rela\u00e7\u00f5es entre n\u00f3s e o propriet\u00e1rio dessa p\u00e1gina, nem a aceita\u00e7\u00e3o e aprova\u00e7\u00e3o dos seus conte\u00fados e servi\u00e7os.<br>O USU\u00c1RIO ser\u00e1 o \u00fanico respons\u00e1vel pelo uso deste site e pelo cumprimento destas CONDI\u00c7\u00d5ES GERAIS em sua totalidade. Consequentemente, o USU\u00c1RIO compromete-se a manter em sigilo, com a natureza de informa\u00e7\u00f5es confidenciais e reservadas, suas senhas, senhas ou dados similares atribu\u00eddos ao acesso a qualquer de seus servi\u00e7os, sendo respons\u00e1vel por quaisquer danos de qualquer esp\u00e9cie derivados do uso indevido feito por si ou por terceiros, ambos contra o mesmo usu\u00e1rio, considerando isso como conseq\u00fc\u00eancia de sua neglig\u00eancia, como podemos sofrer, como conseq\u00fc\u00eancia da viola\u00e7\u00e3o destas CONDI\u00c7\u00d5ES GERAIS.<br>Qualquer viola\u00e7\u00e3o destas CONDI\u00c7\u00d5ES GERAIS pode resultar em processos civis ou criminais extrajudiciais ou judiciais que correspondam ao usu\u00e1rio.<br><br><strong>Exclus\u00e3o de Garantias e Responsabilidade<\/strong><br>N\u00f3s n\u00e3o garantimos ou somos respons\u00e1veis, em qualquer caso ou circunst\u00e2ncia, pelos seguintes fatos e conte\u00fados, nem por quaisquer danos que possam derivar deles, se houver:<br>\u00b7 Falta de disponibilidade, continuidade, acesso, manuten\u00e7\u00e3o e opera\u00e7\u00e3o efetiva da Web e \/ ou seus servi\u00e7os e atualiza\u00e7\u00e3o, exatid\u00e3o, integralidade, relev\u00e2ncia, atualidade e confiabilidade de seu conte\u00fado, seja qual for a causa, dificuldades t\u00e9cnicas ou problemas. ou de outra natureza em que esses fatos tenham sua origem.<br>\u00b7 A transmiss\u00e3o e \/ ou exist\u00eancia de v\u00edrus, outros elementos ou programas prejudiciais ao equipamento dos usu\u00e1rios que possam afet\u00e1-los, como resultado do acesso, uso ou exame do site, ou produzir altera\u00e7\u00f5es em seus documentos ou arquivos eletr\u00f4nicos.<br>\u00b7 Uso il\u00edcito, negligente, fraudulento, suplantando a personalidade de um terceiro ou contr\u00e1rio ao conte\u00fado destas condi\u00e7\u00f5es gerais, boa f\u00e9, usos geralmente aceitos ou ordem p\u00fablica, a Web, seus servi\u00e7os e conte\u00fados, USU\u00c1RIOS.<br>\u00b7 Infrac\u00e7\u00f5es ou infrac\u00e7\u00f5es de leis, usos ou costumes em vigor em termos de direitos de propriedade intelectual, propriedade industrial, neg\u00f3cios ou segredos contratuais, direitos de privacidade, honra, imagem, propriedade, publicidade ou concorr\u00eancia, entre outros, de terceiros.<br>\u00b7 V\u00edcios ou defeitos do conte\u00fado e \/ ou servi\u00e7os acessados atrav\u00e9s da Web.<br>\u00b7 Para a recep\u00e7\u00e3o, armazenamento, obten\u00e7\u00e3o, difus\u00e3o ou transmiss\u00e3o pelos UTILIZADORES dos conte\u00fados.<br>\u00b7 Para o conhecimento de qualquer informa\u00e7\u00e3o que possa ser possu\u00edda ou usada por terceiros n\u00e3o autorizados sobre as caracter\u00edsticas e circunst\u00e2ncias do uso dos conte\u00fados e servi\u00e7os pelos USU\u00c1RIOS.<br>\u00b7 Pela viola\u00e7\u00e3o por terceiros de suas obriga\u00e7\u00f5es decorrentes ou contratadas em rela\u00e7\u00e3o aos servi\u00e7os prestados aos USU\u00c1RIOS, bem como pela falta de qualidade, confiabilidade, adequa\u00e7\u00e3o \u00e0 oferta, licitude, utilidade e disponibilidade dos servi\u00e7os prestados por terceiros. terceiros e disponibilizados aos USU\u00c1RIOS neste site.<br>A enumera\u00e7\u00e3o acima \u00e9 puramente enunciativa e n\u00e3o \u00e9, em nenhum caso, exclusiva ou exclusiva em nenhum de seus pontos. Em todos os casos, exclu\u00edmos qualquer responsabilidade por danos de qualquer esp\u00e9cie derivados direta ou indiretamente deles e de quaisquer outros danos n\u00e3o especificados de.<br><br><strong>Links<\/strong><br>O PORTAL inclui dentro de seu conte\u00fado links com sites pertencentes e \/ ou gerenciados por terceiros, a fim de facilitar o acesso \u00e0s informa\u00e7\u00f5es dispon\u00edveis atrav\u00e9s da Internet.<br>N\u00e3o assumimos qualquer responsabilidade derivada da exist\u00eancia de links entre o conte\u00fado deste site e o conte\u00fado localizado fora dele ou qualquer outra men\u00e7\u00e3o de conte\u00fado externo a este site. Tais links ou men\u00e7\u00f5es t\u00eam um prop\u00f3sito exclusivamente informativo e, em nenhum caso, implicam o apoio, aprova\u00e7\u00e3o, comercializa\u00e7\u00e3o ou qualquer relacionamento entre n\u00f3s e as pessoas ou entidades autoras e \/ ou gerentes de tais conte\u00fados ou propriet\u00e1rios dos sites onde se encontram. Neste sentido, o USU\u00c1RIO concorda em colocar a maior dilig\u00eancia e prud\u00eancia no caso de acessar ou usar conte\u00fado ou servi\u00e7os dos sites acessados em virtude dos links acima.<br><br><strong>Direitos de Propriedade Intelectual e Industrial<\/strong><br>Os textos, desenhos, imagens, bases de dados, logotipos, estrutura, marcas e outros elementos deste site s\u00e3o protegidos por leis e tratados internacionais sobre propriedade intelectual e industrial. Qualquer reprodu\u00e7\u00e3o, transmiss\u00e3o, adapta\u00e7\u00e3o, tradu\u00e7\u00e3o, modifica\u00e7\u00e3o, comunica\u00e7\u00e3o ao p\u00fablico ou qualquer outra explora\u00e7\u00e3o de todo ou parte do conte\u00fado deste site, feita de qualquer forma ou por qualquer meio, eletr\u00f4nico, mec\u00e2nico ou outro, \u00e9 estritamente proibida, exceto nossa autoriza\u00e7\u00e3o. antes e por escrito. Qualquer viola\u00e7\u00e3o desses direitos pode resultar em procedimentos civis ou penais extrajudiciais ou judiciais aplic\u00e1veis. N\u00f3s n\u00e3o concedemos qualquer licen\u00e7a ou autoriza\u00e7\u00e3o de uso de qualquer tipo em seus direitos de propriedade intelectual e industrial ou em qualquer outra propriedade ou direito relacionado ao Portal, aos servi\u00e7os ou ao seu conte\u00fado. A legitimidade dos direitos de propriedade intelectual ou industrial correspondentes aos conte\u00fados contribu\u00eddos por terceiros \u00e9 de sua exclusiva responsabilidade.<br>Com a finalidade de preservar os poss\u00edveis direitos de propriedade intelectual, no caso de qualquer USU\u00c1RIO ou terceiro considerar que uma viola\u00e7\u00e3o de seus direitos leg\u00edtimos ocorreu devido \u00e0 introdu\u00e7\u00e3o de certos conte\u00fados, eles devem notificar tal circunst\u00e2ncia, por escrito, por meio de os dados de contato indicados no in\u00edcio, indicando:<br>\u2013 Identificar dados pessoais do propriet\u00e1rio dos direitos supostamente infringidos. Se a reclama\u00e7\u00e3o for apresentada por um terceiro que n\u00e3o seja o interessado, dever\u00e1 indicar a representa\u00e7\u00e3o com a qual atua.<br>\u2013 Indica\u00e7\u00e3o do conte\u00fado protegido pelos direitos de propriedade intelectual e sua localiza\u00e7\u00e3o na web.<br>\u2013 Acredita\u00e7\u00e3o da exist\u00eancia, posse e validade dos direitos de propriedade intelectual acima mencionados.<br>\u2013 Declara\u00e7\u00e3o expressa em que o interessado \u00e9 respons\u00e1vel pela veracidade dos dados e informa\u00e7\u00f5es fornecidos na notifica\u00e7\u00e3o referida neste ponto.<br><br><strong>Legisla\u00e7\u00e3o Aplic\u00e1vel e Jurisdi\u00e7\u00e3o<\/strong><br>Estas condi\u00e7\u00f5es gerais ser\u00e3o regidas pela legisla\u00e7\u00e3o espanhola.<br>Para quaisquer quest\u00f5es que possam surgir ou a\u00e7\u00f5es decorrentes da presta\u00e7\u00e3o de servi\u00e7os e conte\u00fado, sobre a interpreta\u00e7\u00e3o, aplica\u00e7\u00e3o, conformidade ou viola\u00e7\u00e3o das disposi\u00e7\u00f5es do presente, as partes, expressamente ren\u00fancia a qualquer outra jurisdi\u00e7\u00e3o que possa ser aplicada, apresentar \u00e0 jurisdi\u00e7\u00e3o dos tribunais e tribunais correspondentes \u00e0 resid\u00eancia do chefe da Web.<\/p>\n","protected":false},"excerpt":{"rendered":"<p>IDENTIFICA\u00c7\u00c3O DOS DADOS DO RESPONS\u00c1VEL DA WEB E DO PROCESSAMENTO DE DADOS PESSOAIS Companhia: Solbi Mural, SLCIF: ESB53219374Endere\u00e7o: Pol\u00edgono Industrial Oeste. Rua do Uruguai, Lote 8\/26 \u2013 30169 San Gin\u00e9s (M\u00farcia)Contato: info@fitasadesivas.netWeb: https:\/\/www.fitasadesivas.net O acesso e \/ ou uso \u00e9 totalmente volunt\u00e1rio e atribui \u00e0 pessoa que o realiza a condi\u00e7\u00e3o de USU\u00c1RIO. Todos os [&hellip;]<\/p>\n","protected":false},"author":1,"featured_media":0,"parent":0,"menu_order":0,"comment_status":"closed","ping_status":"closed","template":"","meta":{"site-sidebar-layout":"default","site-content-layout":"","ast-site-content-layout":"default","site-content-style":"default","site-sidebar-style":"default","ast-global-header-display":"","ast-banner-title-visibility":"","ast-main-header-display":"","ast-hfb-above-header-display":"","ast-hfb-below-header-display":"","ast-hfb-mobile-header-display":"","site-post-title":"","ast-breadcrumbs-content":"","ast-featured-img":"","footer-sml-layout":"","ast-disable-related-posts":"","theme-transparent-header-meta":"","adv-header-id-meta":"","stick-header-meta":"","header-above-stick-meta":"","header-main-stick-meta":"","header-below-stick-meta":"","astra-migrate-meta-layouts":"set","ast-page-background-enabled":"default","ast-page-background-meta":{"desktop":{"background-color":"","background-image":"","background-repeat":"repeat","background-position":"center center","background-size":"auto","background-attachment":"scroll","background-type":"","background-media":"","overlay-type":"","overlay-color":"","overlay-opacity":"","overlay-gradient":""},"tablet":{"background-color":"","background-image":"","background-repeat":"repeat","background-position":"center center","background-size":"auto","background-attachment":"scroll","background-type":"","background-media":"","overlay-type":"","overlay-color":"","overlay-opacity":"","overlay-gradient":""},"mobile":{"background-color":"","background-image":"","background-repeat":"repeat","background-position":"center center","background-size":"auto","background-attachment":"scroll","background-type":"","background-media":"","overlay-type":"","overlay-color":"","overlay-opacity":"","overlay-gradient":""}},"ast-content-background-meta":{"desktop":{"background-color":"var(--ast-global-color-5)","background-image":"","background-repeat":"repeat","background-position":"center center","background-size":"auto","background-attachment":"scroll","background-type":"","background-media":"","overlay-type":"","overlay-color":"","overlay-opacity":"","overlay-gradient":""},"tablet":{"background-color":"var(--ast-global-color-5)","background-image":"","background-repeat":"repeat","background-position":"center center","background-size":"auto","background-attachment":"scroll","background-type":"","background-media":"","overlay-type":"","overlay-color":"","overlay-opacity":"","overlay-gradient":""},"mobile":{"background-color":"var(--ast-global-color-5)","background-image":"","background-repeat":"repeat","background-position":"center center","background-size":"auto","background-attachment":"scroll","background-type":"","background-media":"","overlay-type":"","overlay-color":"","overlay-opacity":"","overlay-gradient":""}},"footnotes":""},"class_list":["post-7044","page","type-page","status-publish","hentry"],"yoast_head":"<!-- This site is optimized with the Yoast SEO Premium plugin v27.2 (Yoast SEO v27.2) - https:\/\/yoast.com\/product\/yoast-seo-premium-wordpress\/ -->\n<title>Legal - Distribuidor de cintas tesa, cintas tesa, tesa cintas, distribuidor tesa, tesa productos, productos tesa, tesa distribuidores, http:\/\/www.http:\/\/distribuidorcintas3m.es, Mejores ofertas en cintas<\/title>\n<meta name=\"robots\" content=\"index, follow, max-snippet:-1, max-image-preview:large, max-video-preview:-1\" \/>\n<link rel=\"canonical\" href=\"https:\/\/distribuidorcintastesa.es\/pt-pt\/legal\/\" \/>\n<meta property=\"og:locale\" content=\"pt_PT\" \/>\n<meta property=\"og:type\" content=\"article\" \/>\n<meta property=\"og:title\" content=\"Legal\" \/>\n<meta property=\"og:description\" content=\"IDENTIFICA\u00c7\u00c3O DOS DADOS DO RESPONS\u00c1VEL DA WEB E DO PROCESSAMENTO DE DADOS PESSOAIS Companhia: Solbi Mural, SLCIF: ESB53219374Endere\u00e7o: Pol\u00edgono Industrial Oeste. Rua do Uruguai, Lote 8\/26 \u2013 30169 San Gin\u00e9s (M\u00farcia)Contato: info@fitasadesivas.netWeb: https:\/\/www.fitasadesivas.net O acesso e \/ ou uso \u00e9 totalmente volunt\u00e1rio e atribui \u00e0 pessoa que o realiza a condi\u00e7\u00e3o de USU\u00c1RIO. Todos os [&hellip;]\" \/>\n<meta property=\"og:url\" content=\"https:\/\/distribuidorcintastesa.es\/pt-pt\/legal\/\" \/>\n<meta property=\"og:site_name\" content=\"Distribuidor de cintas tesa, cintas tesa, tesa cintas, distribuidor tesa, tesa productos, productos tesa, tesa distribuidores, http:\/\/www.http:\/\/distribuidorcintas3m.es, Mejores ofertas en cintas\" \/>\n<meta property=\"article:modified_time\" content=\"2023-12-28T20:45:16+00:00\" \/>\n<meta name=\"twitter:card\" content=\"summary_large_image\" \/>\n<meta name=\"twitter:label1\" content=\"Tempo estimado de leitura\" \/>\n\t<meta name=\"twitter:data1\" content=\"7 minutos\" \/>\n<script type=\"application\/ld+json\" class=\"yoast-schema-graph\">{\"@context\":\"https:\/\/schema.org\",\"@graph\":[{\"@type\":\"WebPage\",\"@id\":\"https:\/\/distribuidorcintastesa.es\/pt-pt\/legal\/\",\"url\":\"https:\/\/distribuidorcintastesa.es\/pt-pt\/legal\/\",\"name\":\"Legal - Distribuidor de cintas tesa, cintas tesa, tesa cintas, distribuidor tesa, tesa productos, productos tesa, tesa distribuidores, http:\/\/www.http:\/\/distribuidorcintas3m.es, Mejores ofertas en cintas\",\"isPartOf\":{\"@id\":\"https:\/\/distribuidorcintastesa.es\/pt-pt\/#website\"},\"datePublished\":\"2023-12-28T20:39:41+00:00\",\"dateModified\":\"2023-12-28T20:45:16+00:00\",\"breadcrumb\":{\"@id\":\"https:\/\/distribuidorcintastesa.es\/pt-pt\/legal\/#breadcrumb\"},\"inLanguage\":\"pt-PT\",\"potentialAction\":[{\"@type\":\"ReadAction\",\"target\":[\"https:\/\/distribuidorcintastesa.es\/pt-pt\/legal\/\"]}]},{\"@type\":\"BreadcrumbList\",\"@id\":\"https:\/\/distribuidorcintastesa.es\/pt-pt\/legal\/#breadcrumb\",\"itemListElement\":[{\"@type\":\"ListItem\",\"position\":1,\"name\":\"Portada\",\"item\":\"https:\/\/distribuidorcintastesa.es\/pt-pt\/\"},{\"@type\":\"ListItem\",\"position\":2,\"name\":\"Legal\"}]},{\"@type\":\"WebSite\",\"@id\":\"https:\/\/distribuidorcintastesa.es\/pt-pt\/#website\",\"url\":\"https:\/\/distribuidorcintastesa.es\/pt-pt\/\",\"name\":\"Distribuidor de cintas tesa\",\"description\":\"Distribuidor de cintas tesa, cintas tesa, tesa cintas, distribuidor tesa, tesa productos, productos tesa, tesa distribuidores, cintas y adhesivos, tesa cinta doble cara, cinta tesa doble cara, adhesivos tesa, cinta antideslizante, velcro tesa, cinta reflectante, tesa supergen, softprint, cinta doble cara tesa, selladores y adhesivos, cintas adhesivas de doble cara, cintas de aluminio, cintas de vinilo para se\u00f1alizaci\u00f3n, cintas de tela americanas, cintas de papel para enmascarar, cintas para embalaje\",\"publisher\":{\"@id\":\"https:\/\/distribuidorcintastesa.es\/pt-pt\/#organization\"},\"potentialAction\":[{\"@type\":\"SearchAction\",\"target\":{\"@type\":\"EntryPoint\",\"urlTemplate\":\"https:\/\/distribuidorcintastesa.es\/pt-pt\/?s={search_term_string}\"},\"query-input\":{\"@type\":\"PropertyValueSpecification\",\"valueRequired\":true,\"valueName\":\"search_term_string\"}}],\"inLanguage\":\"pt-PT\"},{\"@type\":\"Organization\",\"@id\":\"https:\/\/distribuidorcintastesa.es\/pt-pt\/#organization\",\"name\":\"Distribuidor de cintas tesa\",\"url\":\"https:\/\/distribuidorcintastesa.es\/pt-pt\/\",\"logo\":{\"@type\":\"ImageObject\",\"inLanguage\":\"pt-PT\",\"@id\":\"https:\/\/distribuidorcintastesa.es\/pt-pt\/#\/schema\/logo\/image\/\",\"url\":\"https:\/\/distribuidorcintastesa.es\/wp-content\/uploads\/2022\/10\/logo-espanol-portugues.png\",\"contentUrl\":\"https:\/\/distribuidorcintastesa.es\/wp-content\/uploads\/2022\/10\/logo-espanol-portugues.png\",\"width\":871,\"height\":142,\"caption\":\"Distribuidor de cintas tesa\"},\"image\":{\"@id\":\"https:\/\/distribuidorcintastesa.es\/pt-pt\/#\/schema\/logo\/image\/\"},\"sameAs\":[\"https:\/\/muralsrd.com\/\",\"https:\/\/solbi-mural.com\/es\/\",\"https:\/\/distribuidor-cintas-adhesivas.es\",\"https:\/\/www.instagram.com\/solbimural\/?igsh=ZnR6ZmkzZm1ubWhl\"]}]}<\/script>\n<!-- \/ Yoast SEO Premium plugin. -->","yoast_head_json":{"title":"Legal - Distribuidor de cintas tesa, cintas tesa, tesa cintas, distribuidor tesa, tesa productos, productos tesa, tesa distribuidores, http:\/\/www.http:\/\/distribuidorcintas3m.es, Mejores ofertas en cintas","robots":{"index":"index","follow":"follow","max-snippet":"max-snippet:-1","max-image-preview":"max-image-preview:large","max-video-preview":"max-video-preview:-1"},"canonical":"https:\/\/distribuidorcintastesa.es\/pt-pt\/legal\/","og_locale":"pt_PT","og_type":"article","og_title":"Legal","og_description":"IDENTIFICA\u00c7\u00c3O DOS DADOS DO RESPONS\u00c1VEL DA WEB E DO PROCESSAMENTO DE DADOS PESSOAIS Companhia: Solbi Mural, SLCIF: ESB53219374Endere\u00e7o: Pol\u00edgono Industrial Oeste. Rua do Uruguai, Lote 8\/26 \u2013 30169 San Gin\u00e9s (M\u00farcia)Contato: info@fitasadesivas.netWeb: https:\/\/www.fitasadesivas.net O acesso e \/ ou uso \u00e9 totalmente volunt\u00e1rio e atribui \u00e0 pessoa que o realiza a condi\u00e7\u00e3o de USU\u00c1RIO. Todos os [&hellip;]","og_url":"https:\/\/distribuidorcintastesa.es\/pt-pt\/legal\/","og_site_name":"Distribuidor de cintas tesa, cintas tesa, tesa cintas, distribuidor tesa, tesa productos, productos tesa, tesa distribuidores, http:\/\/www.http:\/\/distribuidorcintas3m.es, Mejores ofertas en cintas","article_modified_time":"2023-12-28T20:45:16+00:00","twitter_card":"summary_large_image","twitter_misc":{"Tempo estimado de leitura":"7 minutos"},"schema":{"@context":"https:\/\/schema.org","@graph":[{"@type":"WebPage","@id":"https:\/\/distribuidorcintastesa.es\/pt-pt\/legal\/","url":"https:\/\/distribuidorcintastesa.es\/pt-pt\/legal\/","name":"Legal - Distribuidor de cintas tesa, cintas tesa, tesa cintas, distribuidor tesa, tesa productos, productos tesa, tesa distribuidores, http:\/\/www.http:\/\/distribuidorcintas3m.es, Mejores ofertas en cintas","isPartOf":{"@id":"https:\/\/distribuidorcintastesa.es\/pt-pt\/#website"},"datePublished":"2023-12-28T20:39:41+00:00","dateModified":"2023-12-28T20:45:16+00:00","breadcrumb":{"@id":"https:\/\/distribuidorcintastesa.es\/pt-pt\/legal\/#breadcrumb"},"inLanguage":"pt-PT","potentialAction":[{"@type":"ReadAction","target":["https:\/\/distribuidorcintastesa.es\/pt-pt\/legal\/"]}]},{"@type":"BreadcrumbList","@id":"https:\/\/distribuidorcintastesa.es\/pt-pt\/legal\/#breadcrumb","itemListElement":[{"@type":"ListItem","position":1,"name":"Portada","item":"https:\/\/distribuidorcintastesa.es\/pt-pt\/"},{"@type":"ListItem","position":2,"name":"Legal"}]},{"@type":"WebSite","@id":"https:\/\/distribuidorcintastesa.es\/pt-pt\/#website","url":"https:\/\/distribuidorcintastesa.es\/pt-pt\/","name":"Distribuidor de cintas tesa","description":"Distribuidor de cintas tesa, cintas tesa, tesa cintas, distribuidor tesa, tesa productos, productos tesa, tesa distribuidores, cintas y adhesivos, tesa cinta doble cara, cinta tesa doble cara, adhesivos tesa, cinta antideslizante, velcro tesa, cinta reflectante, tesa supergen, softprint, cinta doble cara tesa, selladores y adhesivos, cintas adhesivas de doble cara, cintas de aluminio, cintas de vinilo para se\u00f1alizaci\u00f3n, cintas de tela americanas, cintas de papel para enmascarar, cintas para embalaje","publisher":{"@id":"https:\/\/distribuidorcintastesa.es\/pt-pt\/#organization"},"potentialAction":[{"@type":"SearchAction","target":{"@type":"EntryPoint","urlTemplate":"https:\/\/distribuidorcintastesa.es\/pt-pt\/?s={search_term_string}"},"query-input":{"@type":"PropertyValueSpecification","valueRequired":true,"valueName":"search_term_string"}}],"inLanguage":"pt-PT"},{"@type":"Organization","@id":"https:\/\/distribuidorcintastesa.es\/pt-pt\/#organization","name":"Distribuidor de cintas tesa","url":"https:\/\/distribuidorcintastesa.es\/pt-pt\/","logo":{"@type":"ImageObject","inLanguage":"pt-PT","@id":"https:\/\/distribuidorcintastesa.es\/pt-pt\/#\/schema\/logo\/image\/","url":"https:\/\/distribuidorcintastesa.es\/wp-content\/uploads\/2022\/10\/logo-espanol-portugues.png","contentUrl":"https:\/\/distribuidorcintastesa.es\/wp-content\/uploads\/2022\/10\/logo-espanol-portugues.png","width":871,"height":142,"caption":"Distribuidor de cintas tesa"},"image":{"@id":"https:\/\/distribuidorcintastesa.es\/pt-pt\/#\/schema\/logo\/image\/"},"sameAs":["https:\/\/muralsrd.com\/","https:\/\/solbi-mural.com\/es\/","https:\/\/distribuidor-cintas-adhesivas.es","https:\/\/www.instagram.com\/solbimural\/?igsh=ZnR6ZmkzZm1ubWhl"]}]}},"_links":{"self":[{"href":"https:\/\/distribuidorcintastesa.es\/pt-pt\/wp-json\/wp\/v2\/pages\/7044","targetHints":{"allow":["GET"]}}],"collection":[{"href":"https:\/\/distribuidorcintastesa.es\/pt-pt\/wp-json\/wp\/v2\/pages"}],"about":[{"href":"https:\/\/distribuidorcintastesa.es\/pt-pt\/wp-json\/wp\/v2\/types\/page"}],"author":[{"embeddable":true,"href":"https:\/\/distribuidorcintastesa.es\/pt-pt\/wp-json\/wp\/v2\/users\/1"}],"replies":[{"embeddable":true,"href":"https:\/\/distribuidorcintastesa.es\/pt-pt\/wp-json\/wp\/v2\/comments?post=7044"}],"version-history":[{"count":3,"href":"https:\/\/distribuidorcintastesa.es\/pt-pt\/wp-json\/wp\/v2\/pages\/7044\/revisions"}],"predecessor-version":[{"id":7049,"href":"https:\/\/distribuidorcintastesa.es\/pt-pt\/wp-json\/wp\/v2\/pages\/7044\/revisions\/7049"}],"wp:attachment":[{"href":"https:\/\/distribuidorcintastesa.es\/pt-pt\/wp-json\/wp\/v2\/media?parent=7044"}],"curies":[{"name":"wp","href":"https:\/\/api.w.org\/{rel}","templated":true}]}}