{"id":7034,"date":"2023-12-28T20:29:08","date_gmt":"2023-12-28T20:29:08","guid":{"rendered":"https:\/\/distribuidorcintastesa.mytestingweb.com\/cookies\/"},"modified":"2023-12-28T20:31:49","modified_gmt":"2023-12-28T20:31:49","slug":"cookies","status":"publish","type":"page","link":"https:\/\/distribuidorcintastesa.es\/pt-pt\/cookies\/","title":{"rendered":"Cookies"},"content":{"rendered":"\n<p><strong>IDENTIFICA\u00c7\u00c3O DOS DADOS DO RESPONS\u00c1VEL DA WEB E DO PROCESSAMENTO DE DADOS PESSOAIS<\/strong><\/p>\n\n\n\n<p><strong>Companhia:<\/strong> Solbi Mural, SL<br><strong>CIF:<\/strong> ESB53219374<br><strong>Endere\u00e7o:<\/strong> Pol\u00edgono Industrial Oeste. Rua do Uruguai, Lote 8\/26 \u2013 30169 San Gin\u00e9s (M\u00farcia)<br><strong>Contato:<\/strong> <a href=\"mailto:info@fitasadesivas.net\">info@fitasadesivas.net<\/a><br><strong>Web:<\/strong> <a href=\"https:\/\/www.fitasadesivas.net\" target=\"_blank\" rel=\"noreferrer noopener\">https:\/\/www.fitasadesivas.net<\/a><\/p>\n\n\n\n<p><strong>O que \u00e9 um cookie?<\/strong><br>S\u00e3o pequenos arquivos de dados que o servidor da Internet envia ao computador do usu\u00e1rio ao acessar determinadas p\u00e1ginas da Web e que est\u00e3o armazenadas na mem\u00f3ria do usu\u00e1rio. Os cookies permitem, entre outras coisas, armazenar e recuperar informa\u00e7\u00f5es sobre os h\u00e1bitos de navega\u00e7\u00e3o de um usu\u00e1rio ou sua equipe, ver quais p\u00e1ginas s\u00e3o visitadas, o tempo de conex\u00e3o, analisar a opera\u00e7\u00e3o de uma p\u00e1gina, etc. Os cookies n\u00e3o podem danificar o seu dispositivo e tamb\u00e9m s\u00e3o muito \u00fateis, pois ajudam-nos a identificar e resolver erros.<br><br><strong>Tipos de cookies<\/strong><br>Dependendo da finalidade para a qual os dados obtidos atrav\u00e9s de cookies s\u00e3o processados, podemos distinguir entre:<br>\u2013 Cookies t\u00e9cnicos: s\u00e3o aqueles que permitem ao usu\u00e1rio navegar por uma p\u00e1gina da Web, plataforma ou aplicativo e o uso de diferentes op\u00e7\u00f5es ou servi\u00e7os que existem nele, como controle de tr\u00e1fego e comunica\u00e7\u00e3o de dados, identificando a sess\u00e3o, acessar as partes de acesso restrito, lembrar os elementos que comp\u00f5em um pedido, executar o processo de compra de um pedido, fazer o pedido de registro ou participa\u00e7\u00e3o em um evento, usar elementos de seguran\u00e7a durante a navega\u00e7\u00e3o, armazenar conte\u00fado para o transmitir v\u00eddeos ou som ou compartilhar conte\u00fado atrav\u00e9s de redes sociais.<br>\u2013 Cookies de personaliza\u00e7\u00e3o: s\u00e3o aqueles que permitem ao usu\u00e1rio acessar o servi\u00e7o com algumas caracter\u00edsticas gerais pr\u00e9-definidas com base em uma s\u00e9rie de crit\u00e9rios no terminal do usu\u00e1rio, como o idioma, o tipo de navegador pelo qual o usu\u00e1rio acessa o terminal. servi\u00e7o, a configura\u00e7\u00e3o regional de onde voc\u00ea acessa o servi\u00e7o, etc.<br>\u2013 An\u00e1lise de cookies: s\u00e3o aqueles que permitem a pessoa respons\u00e1vel por eles, o monitoramento e an\u00e1lise do comportamento dos usu\u00e1rios dos sites aos quais est\u00e3o vinculados. A informa\u00e7\u00e3o recolhida atrav\u00e9s deste tipo de cookies \u00e9 utilizada na medi\u00e7\u00e3o da atividade dos sites, aplica\u00e7\u00e3o ou plataforma e para a elabora\u00e7\u00e3o de perfis de navega\u00e7\u00e3o dos utilizadores dos referidos sites, aplica\u00e7\u00f5es e plataformas, de forma a introduzir melhorias no fun\u00e7\u00e3o da an\u00e1lise dos dados de uso feita pelos usu\u00e1rios do servi\u00e7o.<br>\u2013 Cookies publicit\u00e1rios: s\u00e3o aqueles que permitem a gest\u00e3o, da forma mais eficiente poss\u00edvel, dos espa\u00e7os publicit\u00e1rios que, se for o caso, o editor incluiu em uma p\u00e1gina web, aplicativo ou plataforma a partir da qual o servi\u00e7o solicitado \u00e9 fornecido com base em crit\u00e9rios como o conte\u00fado editado ou a frequ\u00eancia em que os an\u00fancios s\u00e3o exibidos.<br>\u2013 Cookies de publicidade comportamental: s\u00e3o aqueles que permitem a gest\u00e3o, da maneira mais eficiente poss\u00edvel, dos espa\u00e7os publicit\u00e1rios que, quando apropriado, o editor incluiu em uma p\u00e1gina web, aplicativo ou plataforma a partir da qual fornece o servi\u00e7o solicitado. Esses cookies armazenam informa\u00e7\u00f5es sobre o comportamento dos usu\u00e1rios obtidos atrav\u00e9s da observa\u00e7\u00e3o cont\u00ednua de seus h\u00e1bitos de navega\u00e7\u00e3o, o que permite o desenvolvimento de um perfil espec\u00edfico para exibir publicidade com base nele.<br>\u2013 Outros tipos de cookies: Estes seriam todos aqueles n\u00e3o inclu\u00eddos entre os acima.<br><br><strong>Quais cookies usamos?<\/strong><\/p>\n\n\n\n<figure class=\"wp-block-table\"><table><tbody><tr><td><strong>Cookie<\/strong><\/td><td><strong>Finalidade do cookie<\/strong><\/td><td><strong>Dura\u00e7\u00e3o<\/strong><\/td><\/tr><tr><td>aviso<\/td><td>Cookie t\u00e9cnico da opera\u00e7\u00e3o e controle da \u201cpol\u00edtica de cookies\u201d<\/td><td>1 ano<\/td><\/tr><tr><td>PHPSESSID<\/td><td>Cookie t\u00e9cnico padr\u00e3o para controlar a manuten\u00e7\u00e3o da sess\u00e3o<\/td><td>Sess\u00e3o<\/td><\/tr><tr><td>capt<\/td><td>Cookie t\u00e9cnica del Captcha en los formularios<\/td><td>Sess\u00e3o<\/td><\/tr><tr><td>khcookie, SNID, PREF,<br>OGPC, NID<\/td><td>Cookies t\u00e9cnicos e personaliza\u00e7\u00e3o na visualiza\u00e7\u00e3o do mapa atrav\u00e9s do Google Maps. Mais detalhes sobre a pol\u00edtica de <a href=\"http:\/\/www.google.com\/analytics\/learn\/privacy.html\" target=\"_blank\" rel=\"noreferrer noopener\">GA<\/a><\/td><td>V\u00e1rios<\/td><\/tr><\/tbody><\/table><\/figure>\n\n\n\n<p><br><br><strong>Cookies de redes sociais:<\/strong><br>Os cookies de redes sociais podem ser armazenados em seu navegador durante a navega\u00e7\u00e3o neste site, por exemplo, quando voc\u00ea usa o bot\u00e3o para compartilhar conte\u00fado em uma rede social.<br>As empresas que geram cookies correspondentes \u00e0s redes sociais t\u00eam suas pr\u00f3prias pol\u00edticas:<br>\u2013 Cookie do Twitter, de acordo com as disposi\u00e7\u00f5es de sua <a href=\"https:\/\/twitter.com\/privacy\" target=\"_blank\" rel=\"noreferrer noopener\">pol\u00edtica de privacidade e uso de cookies<\/a>.<br>\u2013 Linkedin Cookie, de acordo com as disposi\u00e7\u00f5es da sua <a href=\"https:\/\/www.linkedin.com\/legal\/cookie-policy?trk=hp-cookies\" target=\"_blank\" rel=\"noreferrer noopener\">Pol\u00edtica de Cookies<\/a><br>\u2013 Cookie do Facebook, de acordo com as disposi\u00e7\u00f5es da sua <a href=\"https:\/\/www.facebook.com\/help\/cookies?ref_type=sitefooter\" target=\"_blank\" rel=\"noreferrer noopener\">Pol\u00edtica de Cookies<\/a><br>\u2013 Cookie do Google+ e Google Maps, de acordo com a coisa organizada em sua p\u00e1gina sobre o <a href=\"http:\/\/www.google.com\/intl\/es\/policies\/technologies\/types\/\" target=\"_blank\" rel=\"noreferrer noopener\">tipo de uso de cookies<\/a>.<br><br><strong>CONSENTIMENTO E ACEITA\u00c7\u00c3O DE COOKIES<\/strong><br>Ao navegar e continuar neste site, voc\u00ea estar\u00e1 consentindo expressamente e devidamente informado sobre o uso dos cookies acima mencionados, pelos per\u00edodos indicados e nas condi\u00e7\u00f5es contidas nesta Pol\u00edtica de Cookies.<br><br><strong>Preciso do meu consentimento para implementar cookies?<\/strong><br>N\u00e3o \u00e9 necess\u00e1rio consentimento para a instala\u00e7\u00e3o de cookies t\u00e9cnicos, personaliza\u00e7\u00e3o ou aqueles estritamente necess\u00e1rios para a presta\u00e7\u00e3o de um servi\u00e7o da sociedade da informa\u00e7\u00e3o expressamente solicitada pelo destinat\u00e1rio.<br>SIM \u00e9 necess\u00e1rio solicitar e obter seu consentimento para o restante dos cookies.<br><br><strong>Como gerenciar cookies no seu computador: desativa\u00e7\u00e3o e elimina\u00e7\u00e3o de cookies<\/strong><br>Todos os navegadores da Internet permitem limitar o comportamento de um cookie ou desabilitar cookies dentro das configura\u00e7\u00f5es ou op\u00e7\u00f5es do navegador. As etapas para fazer isso s\u00e3o diferentes para cada navegador, voc\u00ea pode encontrar instru\u00e7\u00f5es no menu de ajuda do seu navegador.<br>Se voc\u00ea n\u00e3o aceitar o uso de cookies, como \u00e9 poss\u00edvel gra\u00e7as aos menus de prefer\u00eancias ou configura\u00e7\u00f5es do seu navegador, rejeit\u00e1-los, este site continuar\u00e1 a funcionar corretamente sem o uso deles.<br>Voc\u00ea pode permitir, bloquear ou excluir os cookies instalados no seu computador, configurando as op\u00e7\u00f5es do navegador instaladas no seu computador:<br>Para mais informa\u00e7\u00f5es sobre o Internet Explorer, <a href=\"https:\/\/support.mozilla.org\/es\/kb\/habilitar-y-deshabilitar-cookies-sitios-web-rastrear-preferencias?redirectlocale=es&amp;redirectslug=habilitar-y-deshabilitar-cookies-que-los-sitios-we\" target=\"_blank\" rel=\"noreferrer noopener\">clique aqu\u00ed<\/a><br>Para mais informa\u00e7\u00f5es sobre o Firefox, <a href=\"https:\/\/support.mozilla.org\/es\/kb\/habilitar-y-deshabilitar-cookies-sitios-web-rastrear-preferencias?redirectlocale=es&amp;redirectslug=habilitar-y-deshabilitar-cookies-que-los-sitios-we\" target=\"_blank\" rel=\"noreferrer noopener\">clique aqui<\/a><br>Para mais informa\u00e7\u00f5es sobre o Chrome, <a href=\"https:\/\/support.google.com\/chrome\/answer\/95647?hl=es\" target=\"_blank\" rel=\"noreferrer noopener\">clique aqui<\/a><br>Para mais informa\u00e7\u00f5es sobre o Safari, <a href=\"https:\/\/support.apple.com\/es-es\/HT201265\" target=\"_blank\" rel=\"noreferrer noopener\">clique aqui<\/a><br><br><strong>Atualizamos nossa Pol\u00edtica de Cookies?<\/strong><br>Podemos atualizar a Pol\u00edtica de Cookies do nosso site de acordo com os requisitos legais, regulamentos ou a fim de adaptar esta pol\u00edtica \u00e0s instru\u00e7\u00f5es emitidas pela Ag\u00eancia Espanhola de Prote\u00e7\u00e3o de Dados, por isso recomendamos que voc\u00ea analise esta pol\u00edtica sempre para acessar nosso site, a fim de ser adequadamente informado sobre como e por que usamos cookies.<br>Se voc\u00ea tiver d\u00favidas sobre essa pol\u00edtica de cookies, entre em contato conosco por qualquer meio oferecido neste documento.<\/p>\n","protected":false},"excerpt":{"rendered":"<p>IDENTIFICA\u00c7\u00c3O DOS DADOS DO RESPONS\u00c1VEL DA WEB E DO PROCESSAMENTO DE DADOS PESSOAIS Companhia: Solbi Mural, SLCIF: ESB53219374Endere\u00e7o: Pol\u00edgono Industrial Oeste. Rua do Uruguai, Lote 8\/26 \u2013 30169 San Gin\u00e9s (M\u00farcia)Contato: info@fitasadesivas.netWeb: https:\/\/www.fitasadesivas.net O que \u00e9 um cookie?S\u00e3o pequenos arquivos de dados que o servidor da Internet envia ao computador do usu\u00e1rio ao acessar determinadas [&hellip;]<\/p>\n","protected":false},"author":1,"featured_media":0,"parent":0,"menu_order":0,"comment_status":"closed","ping_status":"closed","template":"","meta":{"site-sidebar-layout":"default","site-content-layout":"","ast-site-content-layout":"default","site-content-style":"default","site-sidebar-style":"default","ast-global-header-display":"","ast-banner-title-visibility":"","ast-main-header-display":"","ast-hfb-above-header-display":"","ast-hfb-below-header-display":"","ast-hfb-mobile-header-display":"","site-post-title":"","ast-breadcrumbs-content":"","ast-featured-img":"","footer-sml-layout":"","ast-disable-related-posts":"","theme-transparent-header-meta":"","adv-header-id-meta":"","stick-header-meta":"","header-above-stick-meta":"","header-main-stick-meta":"","header-below-stick-meta":"","astra-migrate-meta-layouts":"set","ast-page-background-enabled":"default","ast-page-background-meta":{"desktop":{"background-color":"","background-image":"","background-repeat":"repeat","background-position":"center center","background-size":"auto","background-attachment":"scroll","background-type":"","background-media":"","overlay-type":"","overlay-color":"","overlay-opacity":"","overlay-gradient":""},"tablet":{"background-color":"","background-image":"","background-repeat":"repeat","background-position":"center center","background-size":"auto","background-attachment":"scroll","background-type":"","background-media":"","overlay-type":"","overlay-color":"","overlay-opacity":"","overlay-gradient":""},"mobile":{"background-color":"","background-image":"","background-repeat":"repeat","background-position":"center center","background-size":"auto","background-attachment":"scroll","background-type":"","background-media":"","overlay-type":"","overlay-color":"","overlay-opacity":"","overlay-gradient":""}},"ast-content-background-meta":{"desktop":{"background-color":"var(--ast-global-color-5)","background-image":"","background-repeat":"repeat","background-position":"center center","background-size":"auto","background-attachment":"scroll","background-type":"","background-media":"","overlay-type":"","overlay-color":"","overlay-opacity":"","overlay-gradient":""},"tablet":{"background-color":"var(--ast-global-color-5)","background-image":"","background-repeat":"repeat","background-position":"center center","background-size":"auto","background-attachment":"scroll","background-type":"","background-media":"","overlay-type":"","overlay-color":"","overlay-opacity":"","overlay-gradient":""},"mobile":{"background-color":"var(--ast-global-color-5)","background-image":"","background-repeat":"repeat","background-position":"center center","background-size":"auto","background-attachment":"scroll","background-type":"","background-media":"","overlay-type":"","overlay-color":"","overlay-opacity":"","overlay-gradient":""}},"footnotes":""},"class_list":["post-7034","page","type-page","status-publish","hentry"],"yoast_head":"<!-- This site is optimized with the Yoast SEO Premium plugin v27.2 (Yoast SEO v27.2) - https:\/\/yoast.com\/product\/yoast-seo-premium-wordpress\/ -->\n<title>Cookies - Distribuidor de cintas tesa, cintas tesa, tesa cintas, distribuidor tesa, tesa productos, productos tesa, tesa distribuidores, http:\/\/www.http:\/\/distribuidorcintas3m.es, Mejores ofertas en cintas<\/title>\n<meta name=\"robots\" content=\"index, follow, max-snippet:-1, max-image-preview:large, max-video-preview:-1\" \/>\n<link rel=\"canonical\" href=\"https:\/\/distribuidorcintastesa.es\/pt-pt\/cookies\/\" \/>\n<meta property=\"og:locale\" content=\"pt_PT\" \/>\n<meta property=\"og:type\" content=\"article\" \/>\n<meta property=\"og:title\" content=\"Cookies\" \/>\n<meta property=\"og:description\" content=\"IDENTIFICA\u00c7\u00c3O DOS DADOS DO RESPONS\u00c1VEL DA WEB E DO PROCESSAMENTO DE DADOS PESSOAIS Companhia: Solbi Mural, SLCIF: ESB53219374Endere\u00e7o: Pol\u00edgono Industrial Oeste. Rua do Uruguai, Lote 8\/26 \u2013 30169 San Gin\u00e9s (M\u00farcia)Contato: info@fitasadesivas.netWeb: https:\/\/www.fitasadesivas.net O que \u00e9 um cookie?S\u00e3o pequenos arquivos de dados que o servidor da Internet envia ao computador do usu\u00e1rio ao acessar determinadas [&hellip;]\" \/>\n<meta property=\"og:url\" content=\"https:\/\/distribuidorcintastesa.es\/pt-pt\/cookies\/\" \/>\n<meta property=\"og:site_name\" content=\"Distribuidor de cintas tesa, cintas tesa, tesa cintas, distribuidor tesa, tesa productos, productos tesa, tesa distribuidores, http:\/\/www.http:\/\/distribuidorcintas3m.es, Mejores ofertas en cintas\" \/>\n<meta property=\"article:modified_time\" content=\"2023-12-28T20:31:49+00:00\" \/>\n<meta name=\"twitter:card\" content=\"summary_large_image\" \/>\n<meta name=\"twitter:label1\" content=\"Tempo estimado de leitura\" \/>\n\t<meta name=\"twitter:data1\" content=\"5 minutos\" \/>\n<script type=\"application\/ld+json\" class=\"yoast-schema-graph\">{\"@context\":\"https:\/\/schema.org\",\"@graph\":[{\"@type\":\"WebPage\",\"@id\":\"https:\/\/distribuidorcintastesa.es\/pt-pt\/cookies\/\",\"url\":\"https:\/\/distribuidorcintastesa.es\/pt-pt\/cookies\/\",\"name\":\"Cookies - Distribuidor de cintas tesa, cintas tesa, tesa cintas, distribuidor tesa, tesa productos, productos tesa, tesa distribuidores, http:\/\/www.http:\/\/distribuidorcintas3m.es, Mejores ofertas en cintas\",\"isPartOf\":{\"@id\":\"https:\/\/distribuidorcintastesa.es\/pt-pt\/#website\"},\"datePublished\":\"2023-12-28T20:29:08+00:00\",\"dateModified\":\"2023-12-28T20:31:49+00:00\",\"breadcrumb\":{\"@id\":\"https:\/\/distribuidorcintastesa.es\/pt-pt\/cookies\/#breadcrumb\"},\"inLanguage\":\"pt-PT\",\"potentialAction\":[{\"@type\":\"ReadAction\",\"target\":[\"https:\/\/distribuidorcintastesa.es\/pt-pt\/cookies\/\"]}]},{\"@type\":\"BreadcrumbList\",\"@id\":\"https:\/\/distribuidorcintastesa.es\/pt-pt\/cookies\/#breadcrumb\",\"itemListElement\":[{\"@type\":\"ListItem\",\"position\":1,\"name\":\"Portada\",\"item\":\"https:\/\/distribuidorcintastesa.es\/pt-pt\/\"},{\"@type\":\"ListItem\",\"position\":2,\"name\":\"Cookies\"}]},{\"@type\":\"WebSite\",\"@id\":\"https:\/\/distribuidorcintastesa.es\/pt-pt\/#website\",\"url\":\"https:\/\/distribuidorcintastesa.es\/pt-pt\/\",\"name\":\"Distribuidor de cintas tesa\",\"description\":\"Distribuidor de cintas tesa, cintas tesa, tesa cintas, distribuidor tesa, tesa productos, productos tesa, tesa distribuidores, cintas y adhesivos, tesa cinta doble cara, cinta tesa doble cara, adhesivos tesa, cinta antideslizante, velcro tesa, cinta reflectante, tesa supergen, softprint, cinta doble cara tesa, selladores y adhesivos, cintas adhesivas de doble cara, cintas de aluminio, cintas de vinilo para se\u00f1alizaci\u00f3n, cintas de tela americanas, cintas de papel para enmascarar, cintas para embalaje\",\"publisher\":{\"@id\":\"https:\/\/distribuidorcintastesa.es\/pt-pt\/#organization\"},\"potentialAction\":[{\"@type\":\"SearchAction\",\"target\":{\"@type\":\"EntryPoint\",\"urlTemplate\":\"https:\/\/distribuidorcintastesa.es\/pt-pt\/?s={search_term_string}\"},\"query-input\":{\"@type\":\"PropertyValueSpecification\",\"valueRequired\":true,\"valueName\":\"search_term_string\"}}],\"inLanguage\":\"pt-PT\"},{\"@type\":\"Organization\",\"@id\":\"https:\/\/distribuidorcintastesa.es\/pt-pt\/#organization\",\"name\":\"Distribuidor de cintas tesa\",\"url\":\"https:\/\/distribuidorcintastesa.es\/pt-pt\/\",\"logo\":{\"@type\":\"ImageObject\",\"inLanguage\":\"pt-PT\",\"@id\":\"https:\/\/distribuidorcintastesa.es\/pt-pt\/#\/schema\/logo\/image\/\",\"url\":\"https:\/\/distribuidorcintastesa.es\/wp-content\/uploads\/2022\/10\/logo-espanol-portugues.png\",\"contentUrl\":\"https:\/\/distribuidorcintastesa.es\/wp-content\/uploads\/2022\/10\/logo-espanol-portugues.png\",\"width\":871,\"height\":142,\"caption\":\"Distribuidor de cintas tesa\"},\"image\":{\"@id\":\"https:\/\/distribuidorcintastesa.es\/pt-pt\/#\/schema\/logo\/image\/\"},\"sameAs\":[\"https:\/\/muralsrd.com\/\",\"https:\/\/solbi-mural.com\/es\/\",\"https:\/\/distribuidor-cintas-adhesivas.es\",\"https:\/\/www.instagram.com\/solbimural\/?igsh=ZnR6ZmkzZm1ubWhl\"]}]}<\/script>\n<!-- \/ Yoast SEO Premium plugin. -->","yoast_head_json":{"title":"Cookies - Distribuidor de cintas tesa, cintas tesa, tesa cintas, distribuidor tesa, tesa productos, productos tesa, tesa distribuidores, http:\/\/www.http:\/\/distribuidorcintas3m.es, Mejores ofertas en cintas","robots":{"index":"index","follow":"follow","max-snippet":"max-snippet:-1","max-image-preview":"max-image-preview:large","max-video-preview":"max-video-preview:-1"},"canonical":"https:\/\/distribuidorcintastesa.es\/pt-pt\/cookies\/","og_locale":"pt_PT","og_type":"article","og_title":"Cookies","og_description":"IDENTIFICA\u00c7\u00c3O DOS DADOS DO RESPONS\u00c1VEL DA WEB E DO PROCESSAMENTO DE DADOS PESSOAIS Companhia: Solbi Mural, SLCIF: ESB53219374Endere\u00e7o: Pol\u00edgono Industrial Oeste. Rua do Uruguai, Lote 8\/26 \u2013 30169 San Gin\u00e9s (M\u00farcia)Contato: info@fitasadesivas.netWeb: https:\/\/www.fitasadesivas.net O que \u00e9 um cookie?S\u00e3o pequenos arquivos de dados que o servidor da Internet envia ao computador do usu\u00e1rio ao acessar determinadas [&hellip;]","og_url":"https:\/\/distribuidorcintastesa.es\/pt-pt\/cookies\/","og_site_name":"Distribuidor de cintas tesa, cintas tesa, tesa cintas, distribuidor tesa, tesa productos, productos tesa, tesa distribuidores, http:\/\/www.http:\/\/distribuidorcintas3m.es, Mejores ofertas en cintas","article_modified_time":"2023-12-28T20:31:49+00:00","twitter_card":"summary_large_image","twitter_misc":{"Tempo estimado de leitura":"5 minutos"},"schema":{"@context":"https:\/\/schema.org","@graph":[{"@type":"WebPage","@id":"https:\/\/distribuidorcintastesa.es\/pt-pt\/cookies\/","url":"https:\/\/distribuidorcintastesa.es\/pt-pt\/cookies\/","name":"Cookies - Distribuidor de cintas tesa, cintas tesa, tesa cintas, distribuidor tesa, tesa productos, productos tesa, tesa distribuidores, http:\/\/www.http:\/\/distribuidorcintas3m.es, Mejores ofertas en cintas","isPartOf":{"@id":"https:\/\/distribuidorcintastesa.es\/pt-pt\/#website"},"datePublished":"2023-12-28T20:29:08+00:00","dateModified":"2023-12-28T20:31:49+00:00","breadcrumb":{"@id":"https:\/\/distribuidorcintastesa.es\/pt-pt\/cookies\/#breadcrumb"},"inLanguage":"pt-PT","potentialAction":[{"@type":"ReadAction","target":["https:\/\/distribuidorcintastesa.es\/pt-pt\/cookies\/"]}]},{"@type":"BreadcrumbList","@id":"https:\/\/distribuidorcintastesa.es\/pt-pt\/cookies\/#breadcrumb","itemListElement":[{"@type":"ListItem","position":1,"name":"Portada","item":"https:\/\/distribuidorcintastesa.es\/pt-pt\/"},{"@type":"ListItem","position":2,"name":"Cookies"}]},{"@type":"WebSite","@id":"https:\/\/distribuidorcintastesa.es\/pt-pt\/#website","url":"https:\/\/distribuidorcintastesa.es\/pt-pt\/","name":"Distribuidor de cintas tesa","description":"Distribuidor de cintas tesa, cintas tesa, tesa cintas, distribuidor tesa, tesa productos, productos tesa, tesa distribuidores, cintas y adhesivos, tesa cinta doble cara, cinta tesa doble cara, adhesivos tesa, cinta antideslizante, velcro tesa, cinta reflectante, tesa supergen, softprint, cinta doble cara tesa, selladores y adhesivos, cintas adhesivas de doble cara, cintas de aluminio, cintas de vinilo para se\u00f1alizaci\u00f3n, cintas de tela americanas, cintas de papel para enmascarar, cintas para embalaje","publisher":{"@id":"https:\/\/distribuidorcintastesa.es\/pt-pt\/#organization"},"potentialAction":[{"@type":"SearchAction","target":{"@type":"EntryPoint","urlTemplate":"https:\/\/distribuidorcintastesa.es\/pt-pt\/?s={search_term_string}"},"query-input":{"@type":"PropertyValueSpecification","valueRequired":true,"valueName":"search_term_string"}}],"inLanguage":"pt-PT"},{"@type":"Organization","@id":"https:\/\/distribuidorcintastesa.es\/pt-pt\/#organization","name":"Distribuidor de cintas tesa","url":"https:\/\/distribuidorcintastesa.es\/pt-pt\/","logo":{"@type":"ImageObject","inLanguage":"pt-PT","@id":"https:\/\/distribuidorcintastesa.es\/pt-pt\/#\/schema\/logo\/image\/","url":"https:\/\/distribuidorcintastesa.es\/wp-content\/uploads\/2022\/10\/logo-espanol-portugues.png","contentUrl":"https:\/\/distribuidorcintastesa.es\/wp-content\/uploads\/2022\/10\/logo-espanol-portugues.png","width":871,"height":142,"caption":"Distribuidor de cintas tesa"},"image":{"@id":"https:\/\/distribuidorcintastesa.es\/pt-pt\/#\/schema\/logo\/image\/"},"sameAs":["https:\/\/muralsrd.com\/","https:\/\/solbi-mural.com\/es\/","https:\/\/distribuidor-cintas-adhesivas.es","https:\/\/www.instagram.com\/solbimural\/?igsh=ZnR6ZmkzZm1ubWhl"]}]}},"_links":{"self":[{"href":"https:\/\/distribuidorcintastesa.es\/pt-pt\/wp-json\/wp\/v2\/pages\/7034","targetHints":{"allow":["GET"]}}],"collection":[{"href":"https:\/\/distribuidorcintastesa.es\/pt-pt\/wp-json\/wp\/v2\/pages"}],"about":[{"href":"https:\/\/distribuidorcintastesa.es\/pt-pt\/wp-json\/wp\/v2\/types\/page"}],"author":[{"embeddable":true,"href":"https:\/\/distribuidorcintastesa.es\/pt-pt\/wp-json\/wp\/v2\/users\/1"}],"replies":[{"embeddable":true,"href":"https:\/\/distribuidorcintastesa.es\/pt-pt\/wp-json\/wp\/v2\/comments?post=7034"}],"version-history":[{"count":2,"href":"https:\/\/distribuidorcintastesa.es\/pt-pt\/wp-json\/wp\/v2\/pages\/7034\/revisions"}],"predecessor-version":[{"id":7037,"href":"https:\/\/distribuidorcintastesa.es\/pt-pt\/wp-json\/wp\/v2\/pages\/7034\/revisions\/7037"}],"wp:attachment":[{"href":"https:\/\/distribuidorcintastesa.es\/pt-pt\/wp-json\/wp\/v2\/media?parent=7034"}],"curies":[{"name":"wp","href":"https:\/\/api.w.org\/{rel}","templated":true}]}}