{"id":8461,"date":"2025-03-03T15:23:04","date_gmt":"2025-03-03T15:23:04","guid":{"rendered":"https:\/\/distribuidorcintastesa.es\/producto\/ruban-tesa-60077\/"},"modified":"2025-03-03T15:33:54","modified_gmt":"2025-03-03T15:33:54","slug":"ruban-tesa-60077","status":"publish","type":"product","link":"https:\/\/distribuidorcintastesa.es\/fr\/producto\/ruban-tesa-60077\/","title":{"rendered":"Ruban Tesa\u00ae 60077"},"content":{"rendered":"<p>Le ruban Tesa\u00ae 60077 est compos\u00e9 d&rsquo;un film de poly\u00e9thyl\u00e8ne et d&rsquo;un adh\u00e9sif acrylique. Il s&rsquo;agit d&rsquo;une solution solide et durable pour l&rsquo;\u00e9tanch\u00e9it\u00e9 avec des feuilles pare-vapeur. Con\u00e7u pour prot\u00e9ger et garder les toits secs gr\u00e2ce \u00e0 sa technologie de pare-vapeur. Il s&rsquo;applique comme un ruban normal, il est appliqu\u00e9 et une l\u00e9g\u00e8re pression est appliqu\u00e9e \u00e0 la main pour laisser le ruban bien adh\u00e9rer \u00e0 la surface. Il pr\u00e9sente une r\u00e9sistance \u00e9lev\u00e9e au vieillissement.<\/p>\n<p><strong style=\"color: #000000; font-size: 24px;\">Achat en ligne<\/strong><\/p>\n<h4><a href=\"https:\/\/solbi-mural.com\/fr\/rubans-pour-protection-et-recouvrement\/601-tesa-ruban-pare-vapeur-pour-l-etancheite-60077-rouleau-de-25m-x-50mm.html\" target=\"_blank\" rel=\"noopener\"><span style=\"color: #3366ff;\">60077<\/span><\/a><\/h4>\n<p>&nbsp;<\/p>\n<p><strong style=\"font-size: 1.3em;\">Caract\u00e9ristiques<\/strong><\/p>\n<ul>\n<li>Le ruban Tesa\u00ae 60077 a un adh\u00e9sif acrylique<\/li>\n<li>Support : film PE<\/li>\n<li>Epaisseur totale 290 \u00b5m<\/li>\n<li>Tr\u00e8s grande force d&rsquo;adh\u00e9sion et permanent dans le temps<\/li>\n<li>Ruban auto-adh\u00e9sif pour l&rsquo;\u00e9tanch\u00e9it\u00e9 des joints<\/li>\n<li>Haute r\u00e9sistance au vieillissement<\/li>\n<li>Ruban \u00e0 faible \u00e9mission avec certificat GEV-EMICODE<\/li>\n<\/ul>\n<p><strong style=\"font-size: 1.3em;\">Applications <\/strong><\/p>\n<ul>\n<li>Cette bande d&rsquo;\u00e9tanch\u00e9it\u00e9 est id\u00e9ale pour cr\u00e9er une barri\u00e8re d&rsquo;humidit\u00e9 avec des feuilles pare-vapeur (selon la norme DIN 4108-11).<\/li>\n<li>Elle est \u00e9galement con\u00e7ue pour prot\u00e9ger les b\u00e2timents contre l&rsquo;humidit\u00e9.<\/li>\n<li>Ses diverses applications sont l&rsquo;\u00e9tanch\u00e9it\u00e9 \u00e0 l&rsquo;air, le scellement de passages de c\u00e2bles ou de tuyaux dans les murs, l&rsquo;\u00e9tanch\u00e9it\u00e9 dans des environnements difficiles.<\/li>\n<li>Convient \u00e0 la cr\u00e9ation de pare-vapeur dans les nouvelles constructions et les r\u00e9novations de toitures.<\/li>\n<li>Application rapide et facile<\/li>\n<li>Application \u00e0 l&rsquo;int\u00e9rieur et \u00e0 l&rsquo;ext\u00e9rieur<\/li>\n<\/ul>\n<h4><strong>Questions fr\u00e9quentes<\/strong><\/h4>\n<h5>Qu&rsquo;est-ce qu&rsquo;une bande d&rsquo;\u00e9tanch\u00e9it\u00e9 ?<\/h5>\n<p>Bande autocollante utilis\u00e9e pour emp\u00eacher les infiltrations d&rsquo;eau et prot\u00e9ger les surfaces expos\u00e9es \u00e0 l&rsquo;humidit\u00e9, telles que les toits, les murs ou les sols.<\/p>\n<h5>Comment colmater une fuite d&rsquo;eau ?<\/h5>\n<p>Pour les fuites d&rsquo;eau dans les canalisations, il est essentiel de localiser la fuite et d&rsquo;appliquer un autre ruban, un ruban sp\u00e9cial pour la r\u00e9paration des canalisations appel\u00e9 <a href=\"https:\/\/solbi-mural.com\/fr\/rubans-adhesifs-une-face\/102-ruban-ruban-en-caoutchouc-autosoudable-noir-rouleau-de-910m-x-19mm.html\" target=\"_blank\" rel=\"noopener\">ruban vulcanisable que vous pouvez trouver ici.<\/a><\/p>\n<h5>Quel est le ruban adh\u00e9sif qui ne se d\u00e9colle pas en cas d&rsquo;humidit\u00e9 ?<\/h5>\n<p>Ce ruban Tesa est id\u00e9al pour cela, car il est con\u00e7u pour cr\u00e9er une barri\u00e8re contre la vapeur et l&rsquo;humidit\u00e9.<\/p>\n<h5>Quel est le meilleur ruban adh\u00e9sif pour la r\u00e9paration des tuyaux ?<\/h5>\n<p>Pour r\u00e9parer les tuyaux ou les fuites, le meilleur ruban est le ruban vulvanisable qui fusionne avec lui-m\u00eame en cr\u00e9ant une extension du tuyau lui-m\u00eame, ce qui emp\u00eache l&rsquo;eau de s&rsquo;\u00e9chapper \u00e0 nouveau et ne se d\u00e9colle pas. C&rsquo;est une solution \u00e9conomique, facile et durable qui ne vous obligera pas \u00e0 appeler le plombier.<\/p>\n<p>&nbsp;<\/p>\n<h4><strong>Autres produits int\u00e9ressants<\/strong><\/h4>\n<ul>\n<li style=\"list-style-type: none;\">\n<ul>\n<li><a href=\"https:\/\/distribuidorcintastesa.es\/fr\/producto\/tesa-4965-original-next-gen\/\" target=\"_blank\" rel=\"noopener\">4965<\/a><\/li>\n<li><a href=\"https:\/\/distribuidorcintastesa.es\/fr\/producto\/ruban-conformable-tesa-50650\/\" target=\"_blank\" rel=\"noopener\">50650<\/a><\/li>\n<li><a href=\"https:\/\/distribuidorcintastesa.es\/fr\/producto\/ruban-tesa-excellent-56546\/\" target=\"_blank\" rel=\"noopener\">56546<\/a><\/li>\n<\/ul>\n<\/li>\n<\/ul>\n","protected":false},"excerpt":{"rendered":"<p>Le ruban Tesa\u00ae 60077 est compos\u00e9 d&rsquo;un film de poly\u00e9thyl\u00e8ne et d&rsquo;un adh\u00e9sif acrylique. Il s&rsquo;agit d&rsquo;une solution solide et durable pour l&rsquo;\u00e9tanch\u00e9it\u00e9 avec des feuilles pare-vapeur. Con\u00e7u pour prot\u00e9ger et garder les toits secs gr\u00e2ce \u00e0 sa technologie de pare-vapeur. Il s&rsquo;applique comme un ruban normal, il est appliqu\u00e9 et une l\u00e9g\u00e8re pression est [&hellip;]<\/p>\n","protected":false},"featured_media":8394,"template":"","meta":{"site-sidebar-layout":"default","site-content-layout":"","ast-site-content-layout":"default","site-content-style":"default","site-sidebar-style":"default","ast-global-header-display":"","ast-banner-title-visibility":"","ast-main-header-display":"","ast-hfb-above-header-display":"","ast-hfb-below-header-display":"","ast-hfb-mobile-header-display":"","site-post-title":"","ast-breadcrumbs-content":"","ast-featured-img":"","footer-sml-layout":"","ast-disable-related-posts":"","theme-transparent-header-meta":"default","adv-header-id-meta":"","stick-header-meta":"","header-above-stick-meta":"","header-main-stick-meta":"","header-below-stick-meta":"","astra-migrate-meta-layouts":"set","ast-page-background-enabled":"default","ast-page-background-meta":{"desktop":{"background-color":"","background-image":"","background-repeat":"repeat","background-position":"center center","background-size":"auto","background-attachment":"scroll","background-type":"","background-media":"","overlay-type":"","overlay-color":"","overlay-opacity":"","overlay-gradient":""},"tablet":{"background-color":"","background-image":"","background-repeat":"repeat","background-position":"center center","background-size":"auto","background-attachment":"scroll","background-type":"","background-media":"","overlay-type":"","overlay-color":"","overlay-opacity":"","overlay-gradient":""},"mobile":{"background-color":"","background-image":"","background-repeat":"repeat","background-position":"center center","background-size":"auto","background-attachment":"scroll","background-type":"","background-media":"","overlay-type":"","overlay-color":"","overlay-opacity":"","overlay-gradient":""}},"ast-content-background-meta":{"desktop":{"background-color":"var(--ast-global-color-5)","background-image":"","background-repeat":"repeat","background-position":"center center","background-size":"auto","background-attachment":"scroll","background-type":"","background-media":"","overlay-type":"","overlay-color":"","overlay-opacity":"","overlay-gradient":""},"tablet":{"background-color":"var(--ast-global-color-5)","background-image":"","background-repeat":"repeat","background-position":"center center","background-size":"auto","background-attachment":"scroll","background-type":"","background-media":"","overlay-type":"","overlay-color":"","overlay-opacity":"","overlay-gradient":""},"mobile":{"background-color":"var(--ast-global-color-5)","background-image":"","background-repeat":"repeat","background-position":"center center","background-size":"auto","background-attachment":"scroll","background-type":"","background-media":"","overlay-type":"","overlay-color":"","overlay-opacity":"","overlay-gradient":""}}},"product_brand":[],"product_cat":[172,194],"product_tag":[4229,4231,4230],"class_list":{"0":"post-8461","1":"product","2":"type-product","3":"status-publish","4":"has-post-thumbnail","6":"product_cat-solutions-de-fixation","7":"product_cat-support-a-la-production","8":"product_tag-ruban-detancheite","9":"product_tag-ruban-detancheite-fr","10":"product_tag-ruban-detancheite-ultra-resistant","11":"desktop-align-center","12":"tablet-align-center","13":"mobile-align-center","15":"first","16":"instock","17":"shipping-taxable","18":"product-type-simple"},"yoast_head":"<!-- This site is optimized with the Yoast SEO Premium plugin v27.2 (Yoast SEO v27.2) - https:\/\/yoast.com\/product\/yoast-seo-premium-wordpress\/ -->\n<title>Ruban Tesa\u00ae 60077<\/title>\n<meta name=\"description\" content=\"Le ruban Tesa\u00ae 60077 pour le scellement \u00e9tanche \u00e0 l&#039;eau et \u00e0 l&#039;air, cr\u00e9ant une barri\u00e8re contre, l&#039;eau, la vapeur et l&#039;humidit\u00e9.\" \/>\n<meta name=\"robots\" content=\"index, follow, max-snippet:-1, max-image-preview:large, max-video-preview:-1\" \/>\n<link rel=\"canonical\" href=\"https:\/\/distribuidorcintastesa.es\/fr\/producto\/ruban-tesa-60077\/\" \/>\n<meta property=\"og:locale\" content=\"fr_FR\" \/>\n<meta property=\"og:type\" content=\"article\" \/>\n<meta property=\"og:title\" content=\"Ruban Tesa\u00ae 60077\" \/>\n<meta property=\"og:description\" content=\"Le ruban Tesa\u00ae 60077 pour le scellement \u00e9tanche \u00e0 l&#039;eau et \u00e0 l&#039;air, cr\u00e9ant une barri\u00e8re contre, l&#039;eau, la vapeur et l&#039;humidit\u00e9.\" \/>\n<meta property=\"og:url\" content=\"https:\/\/distribuidorcintastesa.es\/fr\/producto\/ruban-tesa-60077\/\" \/>\n<meta property=\"og:site_name\" content=\"Distribuidor de cintas tesa, cintas tesa, tesa cintas, distribuidor tesa, tesa productos, productos tesa, tesa distribuidores, http:\/\/www.http:\/\/distribuidorcintas3m.es, Mejores ofertas en cintas\" \/>\n<meta property=\"article:modified_time\" content=\"2025-03-03T15:33:54+00:00\" \/>\n<meta property=\"og:image\" content=\"https:\/\/distribuidorcintastesa.es\/wp-content\/uploads\/2025\/02\/Cinta-para-barrera-de-vapor-Tesa-60077.png\" \/>\n\t<meta property=\"og:image:width\" content=\"800\" \/>\n\t<meta property=\"og:image:height\" content=\"800\" \/>\n\t<meta property=\"og:image:type\" content=\"image\/png\" \/>\n<meta name=\"twitter:card\" content=\"summary_large_image\" \/>\n<meta name=\"twitter:label1\" content=\"Dur\u00e9e de lecture estim\u00e9e\" \/>\n\t<meta name=\"twitter:data1\" content=\"2 minutes\" \/>\n<script type=\"application\/ld+json\" class=\"yoast-schema-graph\">{\"@context\":\"https:\/\/schema.org\",\"@graph\":[{\"@type\":\"WebPage\",\"@id\":\"https:\/\/distribuidorcintastesa.es\/fr\/producto\/ruban-tesa-60077\/\",\"url\":\"https:\/\/distribuidorcintastesa.es\/fr\/producto\/ruban-tesa-60077\/\",\"name\":\"Ruban Tesa\u00ae 60077\",\"isPartOf\":{\"@id\":\"https:\/\/distribuidorcintastesa.es\/fr\/#website\"},\"primaryImageOfPage\":{\"@id\":\"https:\/\/distribuidorcintastesa.es\/fr\/producto\/ruban-tesa-60077\/#primaryimage\"},\"image\":{\"@id\":\"https:\/\/distribuidorcintastesa.es\/fr\/producto\/ruban-tesa-60077\/#primaryimage\"},\"thumbnailUrl\":\"https:\/\/distribuidorcintastesa.es\/wp-content\/uploads\/2025\/02\/Cinta-para-barrera-de-vapor-Tesa-60077.png\",\"datePublished\":\"2025-03-03T15:23:04+00:00\",\"dateModified\":\"2025-03-03T15:33:54+00:00\",\"description\":\"Le ruban Tesa\u00ae 60077 pour le scellement \u00e9tanche \u00e0 l'eau et \u00e0 l'air, cr\u00e9ant une barri\u00e8re contre, l'eau, la vapeur et l'humidit\u00e9.\",\"breadcrumb\":{\"@id\":\"https:\/\/distribuidorcintastesa.es\/fr\/producto\/ruban-tesa-60077\/#breadcrumb\"},\"inLanguage\":\"fr-FR\",\"potentialAction\":[{\"@type\":\"ReadAction\",\"target\":[\"https:\/\/distribuidorcintastesa.es\/fr\/producto\/ruban-tesa-60077\/\"]}]},{\"@type\":\"ImageObject\",\"inLanguage\":\"fr-FR\",\"@id\":\"https:\/\/distribuidorcintastesa.es\/fr\/producto\/ruban-tesa-60077\/#primaryimage\",\"url\":\"https:\/\/distribuidorcintastesa.es\/wp-content\/uploads\/2025\/02\/Cinta-para-barrera-de-vapor-Tesa-60077.png\",\"contentUrl\":\"https:\/\/distribuidorcintastesa.es\/wp-content\/uploads\/2025\/02\/Cinta-para-barrera-de-vapor-Tesa-60077.png\",\"width\":800,\"height\":800,\"caption\":\"Tesa Ruban pare-vapeur 60077\"},{\"@type\":\"BreadcrumbList\",\"@id\":\"https:\/\/distribuidorcintastesa.es\/fr\/producto\/ruban-tesa-60077\/#breadcrumb\",\"itemListElement\":[{\"@type\":\"ListItem\",\"position\":1,\"name\":\"Portada\",\"item\":\"https:\/\/distribuidorcintastesa.es\/fr\/\"},{\"@type\":\"ListItem\",\"position\":2,\"name\":\"Produits\",\"item\":\"https:\/\/distribuidorcintastesa.es\/fr\/produits\/\"},{\"@type\":\"ListItem\",\"position\":3,\"name\":\"Ruban Tesa\u00ae 60077\"}]},{\"@type\":\"WebSite\",\"@id\":\"https:\/\/distribuidorcintastesa.es\/fr\/#website\",\"url\":\"https:\/\/distribuidorcintastesa.es\/fr\/\",\"name\":\"Distribuidor de cintas tesa\",\"description\":\"Distribuidor de cintas tesa, cintas tesa, tesa cintas, distribuidor tesa, tesa productos, productos tesa, tesa distribuidores, cintas y adhesivos, tesa cinta doble cara, cinta tesa doble cara, adhesivos tesa, cinta antideslizante, velcro tesa, cinta reflectante, tesa supergen, softprint, cinta doble cara tesa, selladores y adhesivos, cintas adhesivas de doble cara, cintas de aluminio, cintas de vinilo para se\u00f1alizaci\u00f3n, cintas de tela americanas, cintas de papel para enmascarar, cintas para embalaje\",\"publisher\":{\"@id\":\"https:\/\/distribuidorcintastesa.es\/fr\/#organization\"},\"potentialAction\":[{\"@type\":\"SearchAction\",\"target\":{\"@type\":\"EntryPoint\",\"urlTemplate\":\"https:\/\/distribuidorcintastesa.es\/fr\/?s={search_term_string}\"},\"query-input\":{\"@type\":\"PropertyValueSpecification\",\"valueRequired\":true,\"valueName\":\"search_term_string\"}}],\"inLanguage\":\"fr-FR\"},{\"@type\":\"Organization\",\"@id\":\"https:\/\/distribuidorcintastesa.es\/fr\/#organization\",\"name\":\"Distribuidor de cintas tesa\",\"url\":\"https:\/\/distribuidorcintastesa.es\/fr\/\",\"logo\":{\"@type\":\"ImageObject\",\"inLanguage\":\"fr-FR\",\"@id\":\"https:\/\/distribuidorcintastesa.es\/fr\/#\/schema\/logo\/image\/\",\"url\":\"https:\/\/distribuidorcintastesa.es\/wp-content\/uploads\/2022\/10\/logo-espanol-portugues.png\",\"contentUrl\":\"https:\/\/distribuidorcintastesa.es\/wp-content\/uploads\/2022\/10\/logo-espanol-portugues.png\",\"width\":871,\"height\":142,\"caption\":\"Distribuidor de cintas tesa\"},\"image\":{\"@id\":\"https:\/\/distribuidorcintastesa.es\/fr\/#\/schema\/logo\/image\/\"},\"sameAs\":[\"https:\/\/muralsrd.com\/\",\"https:\/\/solbi-mural.com\/es\/\",\"https:\/\/distribuidor-cintas-adhesivas.es\",\"https:\/\/www.instagram.com\/solbimural\/?igsh=ZnR6ZmkzZm1ubWhl\"]}]}<\/script>\n<!-- \/ Yoast SEO Premium plugin. -->","yoast_head_json":{"title":"Ruban Tesa\u00ae 60077","description":"Le ruban Tesa\u00ae 60077 pour le scellement \u00e9tanche \u00e0 l'eau et \u00e0 l'air, cr\u00e9ant une barri\u00e8re contre, l'eau, la vapeur et l'humidit\u00e9.","robots":{"index":"index","follow":"follow","max-snippet":"max-snippet:-1","max-image-preview":"max-image-preview:large","max-video-preview":"max-video-preview:-1"},"canonical":"https:\/\/distribuidorcintastesa.es\/fr\/producto\/ruban-tesa-60077\/","og_locale":"fr_FR","og_type":"article","og_title":"Ruban Tesa\u00ae 60077","og_description":"Le ruban Tesa\u00ae 60077 pour le scellement \u00e9tanche \u00e0 l'eau et \u00e0 l'air, cr\u00e9ant une barri\u00e8re contre, l'eau, la vapeur et l'humidit\u00e9.","og_url":"https:\/\/distribuidorcintastesa.es\/fr\/producto\/ruban-tesa-60077\/","og_site_name":"Distribuidor de cintas tesa, cintas tesa, tesa cintas, distribuidor tesa, tesa productos, productos tesa, tesa distribuidores, http:\/\/www.http:\/\/distribuidorcintas3m.es, Mejores ofertas en cintas","article_modified_time":"2025-03-03T15:33:54+00:00","og_image":[{"width":800,"height":800,"url":"https:\/\/distribuidorcintastesa.es\/wp-content\/uploads\/2025\/02\/Cinta-para-barrera-de-vapor-Tesa-60077.png","type":"image\/png"}],"twitter_card":"summary_large_image","twitter_misc":{"Dur\u00e9e de lecture estim\u00e9e":"2 minutes"},"schema":{"@context":"https:\/\/schema.org","@graph":[{"@type":"WebPage","@id":"https:\/\/distribuidorcintastesa.es\/fr\/producto\/ruban-tesa-60077\/","url":"https:\/\/distribuidorcintastesa.es\/fr\/producto\/ruban-tesa-60077\/","name":"Ruban Tesa\u00ae 60077","isPartOf":{"@id":"https:\/\/distribuidorcintastesa.es\/fr\/#website"},"primaryImageOfPage":{"@id":"https:\/\/distribuidorcintastesa.es\/fr\/producto\/ruban-tesa-60077\/#primaryimage"},"image":{"@id":"https:\/\/distribuidorcintastesa.es\/fr\/producto\/ruban-tesa-60077\/#primaryimage"},"thumbnailUrl":"https:\/\/distribuidorcintastesa.es\/wp-content\/uploads\/2025\/02\/Cinta-para-barrera-de-vapor-Tesa-60077.png","datePublished":"2025-03-03T15:23:04+00:00","dateModified":"2025-03-03T15:33:54+00:00","description":"Le ruban Tesa\u00ae 60077 pour le scellement \u00e9tanche \u00e0 l'eau et \u00e0 l'air, cr\u00e9ant une barri\u00e8re contre, l'eau, la vapeur et l'humidit\u00e9.","breadcrumb":{"@id":"https:\/\/distribuidorcintastesa.es\/fr\/producto\/ruban-tesa-60077\/#breadcrumb"},"inLanguage":"fr-FR","potentialAction":[{"@type":"ReadAction","target":["https:\/\/distribuidorcintastesa.es\/fr\/producto\/ruban-tesa-60077\/"]}]},{"@type":"ImageObject","inLanguage":"fr-FR","@id":"https:\/\/distribuidorcintastesa.es\/fr\/producto\/ruban-tesa-60077\/#primaryimage","url":"https:\/\/distribuidorcintastesa.es\/wp-content\/uploads\/2025\/02\/Cinta-para-barrera-de-vapor-Tesa-60077.png","contentUrl":"https:\/\/distribuidorcintastesa.es\/wp-content\/uploads\/2025\/02\/Cinta-para-barrera-de-vapor-Tesa-60077.png","width":800,"height":800,"caption":"Tesa Ruban pare-vapeur 60077"},{"@type":"BreadcrumbList","@id":"https:\/\/distribuidorcintastesa.es\/fr\/producto\/ruban-tesa-60077\/#breadcrumb","itemListElement":[{"@type":"ListItem","position":1,"name":"Portada","item":"https:\/\/distribuidorcintastesa.es\/fr\/"},{"@type":"ListItem","position":2,"name":"Produits","item":"https:\/\/distribuidorcintastesa.es\/fr\/produits\/"},{"@type":"ListItem","position":3,"name":"Ruban Tesa\u00ae 60077"}]},{"@type":"WebSite","@id":"https:\/\/distribuidorcintastesa.es\/fr\/#website","url":"https:\/\/distribuidorcintastesa.es\/fr\/","name":"Distribuidor de cintas tesa","description":"Distribuidor de cintas tesa, cintas tesa, tesa cintas, distribuidor tesa, tesa productos, productos tesa, tesa distribuidores, cintas y adhesivos, tesa cinta doble cara, cinta tesa doble cara, adhesivos tesa, cinta antideslizante, velcro tesa, cinta reflectante, tesa supergen, softprint, cinta doble cara tesa, selladores y adhesivos, cintas adhesivas de doble cara, cintas de aluminio, cintas de vinilo para se\u00f1alizaci\u00f3n, cintas de tela americanas, cintas de papel para enmascarar, cintas para embalaje","publisher":{"@id":"https:\/\/distribuidorcintastesa.es\/fr\/#organization"},"potentialAction":[{"@type":"SearchAction","target":{"@type":"EntryPoint","urlTemplate":"https:\/\/distribuidorcintastesa.es\/fr\/?s={search_term_string}"},"query-input":{"@type":"PropertyValueSpecification","valueRequired":true,"valueName":"search_term_string"}}],"inLanguage":"fr-FR"},{"@type":"Organization","@id":"https:\/\/distribuidorcintastesa.es\/fr\/#organization","name":"Distribuidor de cintas tesa","url":"https:\/\/distribuidorcintastesa.es\/fr\/","logo":{"@type":"ImageObject","inLanguage":"fr-FR","@id":"https:\/\/distribuidorcintastesa.es\/fr\/#\/schema\/logo\/image\/","url":"https:\/\/distribuidorcintastesa.es\/wp-content\/uploads\/2022\/10\/logo-espanol-portugues.png","contentUrl":"https:\/\/distribuidorcintastesa.es\/wp-content\/uploads\/2022\/10\/logo-espanol-portugues.png","width":871,"height":142,"caption":"Distribuidor de cintas tesa"},"image":{"@id":"https:\/\/distribuidorcintastesa.es\/fr\/#\/schema\/logo\/image\/"},"sameAs":["https:\/\/muralsrd.com\/","https:\/\/solbi-mural.com\/es\/","https:\/\/distribuidor-cintas-adhesivas.es","https:\/\/www.instagram.com\/solbimural\/?igsh=ZnR6ZmkzZm1ubWhl"]}]}},"_links":{"self":[{"href":"https:\/\/distribuidorcintastesa.es\/fr\/wp-json\/wp\/v2\/product\/8461","targetHints":{"allow":["GET"]}}],"collection":[{"href":"https:\/\/distribuidorcintastesa.es\/fr\/wp-json\/wp\/v2\/product"}],"about":[{"href":"https:\/\/distribuidorcintastesa.es\/fr\/wp-json\/wp\/v2\/types\/product"}],"wp:featuredmedia":[{"embeddable":true,"href":"https:\/\/distribuidorcintastesa.es\/fr\/wp-json\/wp\/v2\/media\/8394"}],"wp:attachment":[{"href":"https:\/\/distribuidorcintastesa.es\/fr\/wp-json\/wp\/v2\/media?parent=8461"}],"wp:term":[{"taxonomy":"product_brand","embeddable":true,"href":"https:\/\/distribuidorcintastesa.es\/fr\/wp-json\/wp\/v2\/product_brand?post=8461"},{"taxonomy":"product_cat","embeddable":true,"href":"https:\/\/distribuidorcintastesa.es\/fr\/wp-json\/wp\/v2\/product_cat?post=8461"},{"taxonomy":"product_tag","embeddable":true,"href":"https:\/\/distribuidorcintastesa.es\/fr\/wp-json\/wp\/v2\/product_tag?post=8461"}],"curies":[{"name":"wp","href":"https:\/\/api.w.org\/{rel}","templated":true}]}}