{"id":8286,"date":"2025-01-20T17:17:33","date_gmt":"2025-01-20T17:17:33","guid":{"rendered":"https:\/\/distribuidorcintastesa.es\/producto\/tesapack-56404-distributeur-manuel\/"},"modified":"2025-01-21T09:01:22","modified_gmt":"2025-01-21T09:01:22","slug":"tesapack-56404-distributeur-manuel","status":"publish","type":"product","link":"https:\/\/distribuidorcintastesa.es\/fr\/producto\/tesapack-56404-distributeur-manuel\/","title":{"rendered":"TesaPack\u00ae 56404 Distributeur manuel"},"content":{"rendered":"<p>Le distributeur manuel de ruban TesaPack\u00ae 56404 est un outil con\u00e7u pour faciliter la coupe et l&rsquo;application de rubans adh\u00e9sifs dans diverses situations. Sa structure solide et ergonomique permet une manipulation facile et confortable, garantissant une exp\u00e9rience utilisateur efficace. Ce d\u00e9vidoir est id\u00e9al pour les environnements bureautiques et industriels, offrant une grande polyvalence pour des t\u00e2ches allant de l&#8217;emballage \u00e0 la fixation g\u00e9n\u00e9rale. Sa capacit\u00e9 \u00e0 accueillir des rubans de diff\u00e9rentes largeurs lui permet de s&rsquo;adapter \u00e0 un large \u00e9ventail d&rsquo;applications. De construction durable, il est con\u00e7u pour r\u00e9sister \u00e0 une utilisation constante et garantir des performances fiables sur une longue p\u00e9riode.<\/p>\n<p><strong style=\"color: #000000; font-size: 24px;\">Achat en ligne<\/strong><\/p>\n<h4><a href=\"https:\/\/solbi-mural.com\/fr\/appareils-distributeur-bandes-adhesives\/365-tesa-dispenser-de-ruban-emballage-56404.html\" target=\"_blank\" rel=\"noopener\"><span style=\"color: #3366ff;\">56404<\/span><\/a><\/h4>\n<p>&nbsp;<\/p>\n<p>Caract\u00e9ristiques<\/p>\n<ul>\n<li>TesaPack\u00ae 56404 Distributeur manuel<\/li>\n<li>Largeur maximale du rouleau 55 mm<\/li>\n<li>Longueur maximale du rouleau 66 m\u00e8tres<\/li>\n<li>Le mat\u00e9riau du distributeur est le m\u00e9tal<\/li>\n<li>Diam\u00e8tre maximum du mandrin 3<\/li>\n<li>Pas de couvercle de protection de la lame pendant l&rsquo;utilisation<\/li>\n<li>Pas de service de pi\u00e8ces d\u00e9tach\u00e9es<\/li>\n<\/ul>\n<p><strong style=\"font-size: 1.3em;\">Applications<\/strong><\/p>\n<ul>\n<li>Ce distributeur est id\u00e9al pour les t\u00e2ches d&#8217;emballage, pour un conditionnement rapide, s\u00fbr et pr\u00e9cis des produits ou des bo\u00eetes.<\/li>\n<li>Il est \u00e9galement parfait pour les t\u00e2ches de bureau, les projets d&rsquo;artisanat, l&rsquo;entreposage et la logistique, les r\u00e9parations l\u00e9g\u00e8res, la d\u00e9coration et la pr\u00e9sentation ou pour le travail dans les magasins, l&rsquo;\u00e9tiquetage ou la fermeture de produits.<\/li>\n<\/ul>\n<h4><strong>Autres produits similaires<\/strong><\/h4>\n<ul>\n<li style=\"list-style-type: none;\">\n<ul>\n<li><a href=\"https:\/\/distribuidorcintastesa.es\/fr\/producto\/tesa-6012-distributeur-manuel-industriel-multi-track\/\" target=\"_blank\" rel=\"noopener\">6012 distributeur <\/a><\/li>\n<li><a href=\"https:\/\/distribuidorcintastesa.es\/fr\/producto\/tesa-6032-strap-it-distributeur-manuel-industriel\/\" target=\"_blank\" rel=\"noopener\">6032 distributeur <\/a><\/li>\n<li><a href=\"https:\/\/distribuidorcintastesa.es\/fr\/producto\/tesa-professionnel-4024\/\" target=\"_blank\" rel=\"noopener\">4024 Ruban adh\u00e9sif d&#8217;emballage<\/a><\/li>\n<li><a href=\"https:\/\/distribuidorcintastesa.es\/fr\/producto\/ruban-tesa-4089\/\" target=\"_blank\" rel=\"noopener\">4089 Ruban adh\u00e9sif d&#8217;emballage<\/a><\/li>\n<\/ul>\n<\/li>\n<\/ul>\n","protected":false},"excerpt":{"rendered":"<p>Le distributeur manuel de ruban TesaPack\u00ae 56404 est un outil con\u00e7u pour faciliter la coupe et l&rsquo;application de rubans adh\u00e9sifs dans diverses situations. Sa structure solide et ergonomique permet une manipulation facile et confortable, garantissant une exp\u00e9rience utilisateur efficace. Ce d\u00e9vidoir est id\u00e9al pour les environnements bureautiques et industriels, offrant une grande polyvalence pour des [&hellip;]<\/p>\n","protected":false},"featured_media":8280,"template":"","meta":{"site-sidebar-layout":"default","site-content-layout":"","ast-site-content-layout":"default","site-content-style":"default","site-sidebar-style":"default","ast-global-header-display":"","ast-banner-title-visibility":"","ast-main-header-display":"","ast-hfb-above-header-display":"","ast-hfb-below-header-display":"","ast-hfb-mobile-header-display":"","site-post-title":"","ast-breadcrumbs-content":"","ast-featured-img":"","footer-sml-layout":"","ast-disable-related-posts":"","theme-transparent-header-meta":"default","adv-header-id-meta":"","stick-header-meta":"","header-above-stick-meta":"","header-main-stick-meta":"","header-below-stick-meta":"","astra-migrate-meta-layouts":"set","ast-page-background-enabled":"default","ast-page-background-meta":{"desktop":{"background-color":"","background-image":"","background-repeat":"repeat","background-position":"center center","background-size":"auto","background-attachment":"scroll","background-type":"","background-media":"","overlay-type":"","overlay-color":"","overlay-opacity":"","overlay-gradient":""},"tablet":{"background-color":"","background-image":"","background-repeat":"repeat","background-position":"center center","background-size":"auto","background-attachment":"scroll","background-type":"","background-media":"","overlay-type":"","overlay-color":"","overlay-opacity":"","overlay-gradient":""},"mobile":{"background-color":"","background-image":"","background-repeat":"repeat","background-position":"center center","background-size":"auto","background-attachment":"scroll","background-type":"","background-media":"","overlay-type":"","overlay-color":"","overlay-opacity":"","overlay-gradient":""}},"ast-content-background-meta":{"desktop":{"background-color":"var(--ast-global-color-5)","background-image":"","background-repeat":"repeat","background-position":"center center","background-size":"auto","background-attachment":"scroll","background-type":"","background-media":"","overlay-type":"","overlay-color":"","overlay-opacity":"","overlay-gradient":""},"tablet":{"background-color":"var(--ast-global-color-5)","background-image":"","background-repeat":"repeat","background-position":"center center","background-size":"auto","background-attachment":"scroll","background-type":"","background-media":"","overlay-type":"","overlay-color":"","overlay-opacity":"","overlay-gradient":""},"mobile":{"background-color":"var(--ast-global-color-5)","background-image":"","background-repeat":"repeat","background-position":"center center","background-size":"auto","background-attachment":"scroll","background-type":"","background-media":"","overlay-type":"","overlay-color":"","overlay-opacity":"","overlay-gradient":""}}},"product_brand":[],"product_cat":[196],"product_tag":[4128,4130,4129],"class_list":{"0":"post-8286","1":"product","2":"type-product","3":"status-publish","4":"has-post-thumbnail","6":"product_cat-distributeurs","7":"product_tag-distributeur-manuel-de-ruban-adhesif","8":"product_tag-distributeur-tesa-6300","9":"product_tag-tesapack-56404-distributeur-manuel","10":"desktop-align-center","11":"tablet-align-center","12":"mobile-align-center","14":"first","15":"instock","16":"shipping-taxable","17":"product-type-simple"},"yoast_head":"<!-- This site is optimized with the Yoast SEO Premium plugin v27.2 (Yoast SEO v27.2) - https:\/\/yoast.com\/product\/yoast-seo-premium-wordpress\/ -->\n<title>TesaPack\u00ae 56404 Distributeur manuel<\/title>\n<meta name=\"description\" content=\"TesaPack\u00ae 56404 Distributeur manuel id\u00e9al pour les t\u00e2ches d&#039;emballage, pour un emballage rapide, s\u00fbr et pr\u00e9cis des produits ou des bo\u00eetes.\" \/>\n<meta name=\"robots\" content=\"index, follow, max-snippet:-1, max-image-preview:large, max-video-preview:-1\" \/>\n<link rel=\"canonical\" href=\"https:\/\/distribuidorcintastesa.es\/fr\/producto\/tesapack-56404-distributeur-manuel\/\" \/>\n<meta property=\"og:locale\" content=\"fr_FR\" \/>\n<meta property=\"og:type\" content=\"article\" \/>\n<meta property=\"og:title\" content=\"TesaPack\u00ae 56404 Distributeur manuel\" \/>\n<meta property=\"og:description\" content=\"TesaPack\u00ae 56404 Distributeur manuel id\u00e9al pour les t\u00e2ches d&#039;emballage, pour un emballage rapide, s\u00fbr et pr\u00e9cis des produits ou des bo\u00eetes.\" \/>\n<meta property=\"og:url\" content=\"https:\/\/distribuidorcintastesa.es\/fr\/producto\/tesapack-56404-distributeur-manuel\/\" \/>\n<meta property=\"og:site_name\" content=\"Distribuidor de cintas tesa, cintas tesa, tesa cintas, distribuidor tesa, tesa productos, productos tesa, tesa distribuidores, http:\/\/www.http:\/\/distribuidorcintas3m.es, Mejores ofertas en cintas\" \/>\n<meta property=\"article:modified_time\" content=\"2025-01-21T09:01:22+00:00\" \/>\n<meta property=\"og:image\" content=\"https:\/\/distribuidorcintastesa.es\/wp-content\/uploads\/2025\/01\/Dispensador-Tesa-56404.png\" \/>\n\t<meta property=\"og:image:width\" content=\"800\" \/>\n\t<meta property=\"og:image:height\" content=\"800\" \/>\n\t<meta property=\"og:image:type\" content=\"image\/png\" \/>\n<meta name=\"twitter:card\" content=\"summary_large_image\" \/>\n<meta name=\"twitter:label1\" content=\"Dur\u00e9e de lecture estim\u00e9e\" \/>\n\t<meta name=\"twitter:data1\" content=\"2 minutes\" \/>\n<script type=\"application\/ld+json\" class=\"yoast-schema-graph\">{\"@context\":\"https:\/\/schema.org\",\"@graph\":[{\"@type\":\"WebPage\",\"@id\":\"https:\/\/distribuidorcintastesa.es\/fr\/producto\/tesapack-56404-distributeur-manuel\/\",\"url\":\"https:\/\/distribuidorcintastesa.es\/fr\/producto\/tesapack-56404-distributeur-manuel\/\",\"name\":\"TesaPack\u00ae 56404 Distributeur manuel\",\"isPartOf\":{\"@id\":\"https:\/\/distribuidorcintastesa.es\/fr\/#website\"},\"primaryImageOfPage\":{\"@id\":\"https:\/\/distribuidorcintastesa.es\/fr\/producto\/tesapack-56404-distributeur-manuel\/#primaryimage\"},\"image\":{\"@id\":\"https:\/\/distribuidorcintastesa.es\/fr\/producto\/tesapack-56404-distributeur-manuel\/#primaryimage\"},\"thumbnailUrl\":\"https:\/\/distribuidorcintastesa.es\/wp-content\/uploads\/2025\/01\/Dispensador-Tesa-56404.png\",\"datePublished\":\"2025-01-20T17:17:33+00:00\",\"dateModified\":\"2025-01-21T09:01:22+00:00\",\"description\":\"TesaPack\u00ae 56404 Distributeur manuel id\u00e9al pour les t\u00e2ches d'emballage, pour un emballage rapide, s\u00fbr et pr\u00e9cis des produits ou des bo\u00eetes.\",\"breadcrumb\":{\"@id\":\"https:\/\/distribuidorcintastesa.es\/fr\/producto\/tesapack-56404-distributeur-manuel\/#breadcrumb\"},\"inLanguage\":\"fr-FR\",\"potentialAction\":[{\"@type\":\"ReadAction\",\"target\":[\"https:\/\/distribuidorcintastesa.es\/fr\/producto\/tesapack-56404-distributeur-manuel\/\"]}]},{\"@type\":\"ImageObject\",\"inLanguage\":\"fr-FR\",\"@id\":\"https:\/\/distribuidorcintastesa.es\/fr\/producto\/tesapack-56404-distributeur-manuel\/#primaryimage\",\"url\":\"https:\/\/distribuidorcintastesa.es\/wp-content\/uploads\/2025\/01\/Dispensador-Tesa-56404.png\",\"contentUrl\":\"https:\/\/distribuidorcintastesa.es\/wp-content\/uploads\/2025\/01\/Dispensador-Tesa-56404.png\",\"width\":800,\"height\":800,\"caption\":\"TesaPack\u00ae 56404 Distributeur manuel\"},{\"@type\":\"BreadcrumbList\",\"@id\":\"https:\/\/distribuidorcintastesa.es\/fr\/producto\/tesapack-56404-distributeur-manuel\/#breadcrumb\",\"itemListElement\":[{\"@type\":\"ListItem\",\"position\":1,\"name\":\"Portada\",\"item\":\"https:\/\/distribuidorcintastesa.es\/fr\/\"},{\"@type\":\"ListItem\",\"position\":2,\"name\":\"Produits\",\"item\":\"https:\/\/distribuidorcintastesa.es\/fr\/produits\/\"},{\"@type\":\"ListItem\",\"position\":3,\"name\":\"TesaPack\u00ae 56404 Distributeur manuel\"}]},{\"@type\":\"WebSite\",\"@id\":\"https:\/\/distribuidorcintastesa.es\/fr\/#website\",\"url\":\"https:\/\/distribuidorcintastesa.es\/fr\/\",\"name\":\"Distribuidor de cintas tesa\",\"description\":\"Distribuidor de cintas tesa, cintas tesa, tesa cintas, distribuidor tesa, tesa productos, productos tesa, tesa distribuidores, cintas y adhesivos, tesa cinta doble cara, cinta tesa doble cara, adhesivos tesa, cinta antideslizante, velcro tesa, cinta reflectante, tesa supergen, softprint, cinta doble cara tesa, selladores y adhesivos, cintas adhesivas de doble cara, cintas de aluminio, cintas de vinilo para se\u00f1alizaci\u00f3n, cintas de tela americanas, cintas de papel para enmascarar, cintas para embalaje\",\"publisher\":{\"@id\":\"https:\/\/distribuidorcintastesa.es\/fr\/#organization\"},\"potentialAction\":[{\"@type\":\"SearchAction\",\"target\":{\"@type\":\"EntryPoint\",\"urlTemplate\":\"https:\/\/distribuidorcintastesa.es\/fr\/?s={search_term_string}\"},\"query-input\":{\"@type\":\"PropertyValueSpecification\",\"valueRequired\":true,\"valueName\":\"search_term_string\"}}],\"inLanguage\":\"fr-FR\"},{\"@type\":\"Organization\",\"@id\":\"https:\/\/distribuidorcintastesa.es\/fr\/#organization\",\"name\":\"Distribuidor de cintas tesa\",\"url\":\"https:\/\/distribuidorcintastesa.es\/fr\/\",\"logo\":{\"@type\":\"ImageObject\",\"inLanguage\":\"fr-FR\",\"@id\":\"https:\/\/distribuidorcintastesa.es\/fr\/#\/schema\/logo\/image\/\",\"url\":\"https:\/\/distribuidorcintastesa.es\/wp-content\/uploads\/2022\/10\/logo-espanol-portugues.png\",\"contentUrl\":\"https:\/\/distribuidorcintastesa.es\/wp-content\/uploads\/2022\/10\/logo-espanol-portugues.png\",\"width\":871,\"height\":142,\"caption\":\"Distribuidor de cintas tesa\"},\"image\":{\"@id\":\"https:\/\/distribuidorcintastesa.es\/fr\/#\/schema\/logo\/image\/\"},\"sameAs\":[\"https:\/\/muralsrd.com\/\",\"https:\/\/solbi-mural.com\/es\/\",\"https:\/\/distribuidor-cintas-adhesivas.es\",\"https:\/\/www.instagram.com\/solbimural\/?igsh=ZnR6ZmkzZm1ubWhl\"]}]}<\/script>\n<!-- \/ Yoast SEO Premium plugin. -->","yoast_head_json":{"title":"TesaPack\u00ae 56404 Distributeur manuel","description":"TesaPack\u00ae 56404 Distributeur manuel id\u00e9al pour les t\u00e2ches d'emballage, pour un emballage rapide, s\u00fbr et pr\u00e9cis des produits ou des bo\u00eetes.","robots":{"index":"index","follow":"follow","max-snippet":"max-snippet:-1","max-image-preview":"max-image-preview:large","max-video-preview":"max-video-preview:-1"},"canonical":"https:\/\/distribuidorcintastesa.es\/fr\/producto\/tesapack-56404-distributeur-manuel\/","og_locale":"fr_FR","og_type":"article","og_title":"TesaPack\u00ae 56404 Distributeur manuel","og_description":"TesaPack\u00ae 56404 Distributeur manuel id\u00e9al pour les t\u00e2ches d'emballage, pour un emballage rapide, s\u00fbr et pr\u00e9cis des produits ou des bo\u00eetes.","og_url":"https:\/\/distribuidorcintastesa.es\/fr\/producto\/tesapack-56404-distributeur-manuel\/","og_site_name":"Distribuidor de cintas tesa, cintas tesa, tesa cintas, distribuidor tesa, tesa productos, productos tesa, tesa distribuidores, http:\/\/www.http:\/\/distribuidorcintas3m.es, Mejores ofertas en cintas","article_modified_time":"2025-01-21T09:01:22+00:00","og_image":[{"width":800,"height":800,"url":"https:\/\/distribuidorcintastesa.es\/wp-content\/uploads\/2025\/01\/Dispensador-Tesa-56404.png","type":"image\/png"}],"twitter_card":"summary_large_image","twitter_misc":{"Dur\u00e9e de lecture estim\u00e9e":"2 minutes"},"schema":{"@context":"https:\/\/schema.org","@graph":[{"@type":"WebPage","@id":"https:\/\/distribuidorcintastesa.es\/fr\/producto\/tesapack-56404-distributeur-manuel\/","url":"https:\/\/distribuidorcintastesa.es\/fr\/producto\/tesapack-56404-distributeur-manuel\/","name":"TesaPack\u00ae 56404 Distributeur manuel","isPartOf":{"@id":"https:\/\/distribuidorcintastesa.es\/fr\/#website"},"primaryImageOfPage":{"@id":"https:\/\/distribuidorcintastesa.es\/fr\/producto\/tesapack-56404-distributeur-manuel\/#primaryimage"},"image":{"@id":"https:\/\/distribuidorcintastesa.es\/fr\/producto\/tesapack-56404-distributeur-manuel\/#primaryimage"},"thumbnailUrl":"https:\/\/distribuidorcintastesa.es\/wp-content\/uploads\/2025\/01\/Dispensador-Tesa-56404.png","datePublished":"2025-01-20T17:17:33+00:00","dateModified":"2025-01-21T09:01:22+00:00","description":"TesaPack\u00ae 56404 Distributeur manuel id\u00e9al pour les t\u00e2ches d'emballage, pour un emballage rapide, s\u00fbr et pr\u00e9cis des produits ou des bo\u00eetes.","breadcrumb":{"@id":"https:\/\/distribuidorcintastesa.es\/fr\/producto\/tesapack-56404-distributeur-manuel\/#breadcrumb"},"inLanguage":"fr-FR","potentialAction":[{"@type":"ReadAction","target":["https:\/\/distribuidorcintastesa.es\/fr\/producto\/tesapack-56404-distributeur-manuel\/"]}]},{"@type":"ImageObject","inLanguage":"fr-FR","@id":"https:\/\/distribuidorcintastesa.es\/fr\/producto\/tesapack-56404-distributeur-manuel\/#primaryimage","url":"https:\/\/distribuidorcintastesa.es\/wp-content\/uploads\/2025\/01\/Dispensador-Tesa-56404.png","contentUrl":"https:\/\/distribuidorcintastesa.es\/wp-content\/uploads\/2025\/01\/Dispensador-Tesa-56404.png","width":800,"height":800,"caption":"TesaPack\u00ae 56404 Distributeur manuel"},{"@type":"BreadcrumbList","@id":"https:\/\/distribuidorcintastesa.es\/fr\/producto\/tesapack-56404-distributeur-manuel\/#breadcrumb","itemListElement":[{"@type":"ListItem","position":1,"name":"Portada","item":"https:\/\/distribuidorcintastesa.es\/fr\/"},{"@type":"ListItem","position":2,"name":"Produits","item":"https:\/\/distribuidorcintastesa.es\/fr\/produits\/"},{"@type":"ListItem","position":3,"name":"TesaPack\u00ae 56404 Distributeur manuel"}]},{"@type":"WebSite","@id":"https:\/\/distribuidorcintastesa.es\/fr\/#website","url":"https:\/\/distribuidorcintastesa.es\/fr\/","name":"Distribuidor de cintas tesa","description":"Distribuidor de cintas tesa, cintas tesa, tesa cintas, distribuidor tesa, tesa productos, productos tesa, tesa distribuidores, cintas y adhesivos, tesa cinta doble cara, cinta tesa doble cara, adhesivos tesa, cinta antideslizante, velcro tesa, cinta reflectante, tesa supergen, softprint, cinta doble cara tesa, selladores y adhesivos, cintas adhesivas de doble cara, cintas de aluminio, cintas de vinilo para se\u00f1alizaci\u00f3n, cintas de tela americanas, cintas de papel para enmascarar, cintas para embalaje","publisher":{"@id":"https:\/\/distribuidorcintastesa.es\/fr\/#organization"},"potentialAction":[{"@type":"SearchAction","target":{"@type":"EntryPoint","urlTemplate":"https:\/\/distribuidorcintastesa.es\/fr\/?s={search_term_string}"},"query-input":{"@type":"PropertyValueSpecification","valueRequired":true,"valueName":"search_term_string"}}],"inLanguage":"fr-FR"},{"@type":"Organization","@id":"https:\/\/distribuidorcintastesa.es\/fr\/#organization","name":"Distribuidor de cintas tesa","url":"https:\/\/distribuidorcintastesa.es\/fr\/","logo":{"@type":"ImageObject","inLanguage":"fr-FR","@id":"https:\/\/distribuidorcintastesa.es\/fr\/#\/schema\/logo\/image\/","url":"https:\/\/distribuidorcintastesa.es\/wp-content\/uploads\/2022\/10\/logo-espanol-portugues.png","contentUrl":"https:\/\/distribuidorcintastesa.es\/wp-content\/uploads\/2022\/10\/logo-espanol-portugues.png","width":871,"height":142,"caption":"Distribuidor de cintas tesa"},"image":{"@id":"https:\/\/distribuidorcintastesa.es\/fr\/#\/schema\/logo\/image\/"},"sameAs":["https:\/\/muralsrd.com\/","https:\/\/solbi-mural.com\/es\/","https:\/\/distribuidor-cintas-adhesivas.es","https:\/\/www.instagram.com\/solbimural\/?igsh=ZnR6ZmkzZm1ubWhl"]}]}},"_links":{"self":[{"href":"https:\/\/distribuidorcintastesa.es\/fr\/wp-json\/wp\/v2\/product\/8286","targetHints":{"allow":["GET"]}}],"collection":[{"href":"https:\/\/distribuidorcintastesa.es\/fr\/wp-json\/wp\/v2\/product"}],"about":[{"href":"https:\/\/distribuidorcintastesa.es\/fr\/wp-json\/wp\/v2\/types\/product"}],"wp:featuredmedia":[{"embeddable":true,"href":"https:\/\/distribuidorcintastesa.es\/fr\/wp-json\/wp\/v2\/media\/8280"}],"wp:attachment":[{"href":"https:\/\/distribuidorcintastesa.es\/fr\/wp-json\/wp\/v2\/media?parent=8286"}],"wp:term":[{"taxonomy":"product_brand","embeddable":true,"href":"https:\/\/distribuidorcintastesa.es\/fr\/wp-json\/wp\/v2\/product_brand?post=8286"},{"taxonomy":"product_cat","embeddable":true,"href":"https:\/\/distribuidorcintastesa.es\/fr\/wp-json\/wp\/v2\/product_cat?post=8286"},{"taxonomy":"product_tag","embeddable":true,"href":"https:\/\/distribuidorcintastesa.es\/fr\/wp-json\/wp\/v2\/product_tag?post=8286"}],"curies":[{"name":"wp","href":"https:\/\/api.w.org\/{rel}","templated":true}]}}