{"id":8265,"date":"2025-01-20T12:48:40","date_gmt":"2025-01-20T12:48:41","guid":{"rendered":"https:\/\/distribuidorcintastesa.es\/?post_type=product&#038;p=8265"},"modified":"2025-01-20T14:05:48","modified_gmt":"2025-01-20T14:05:48","slug":"ruban-tesa-4089","status":"publish","type":"product","link":"https:\/\/distribuidorcintastesa.es\/fr\/producto\/ruban-tesa-4089\/","title":{"rendered":"Ruban Tesa\u00ae 4089"},"content":{"rendered":"<p>Le Ruban Tesa\u00ae 4089 est compos\u00e9 d&rsquo;un film en polypropyl\u00e8ne et d&rsquo;un adh\u00e9sif en caoutchouc naturel. Le scell\u00e9 est un outil essentiel dans de multiples applications. Sa polyvalence lui permet d&rsquo;\u00eatre utilis\u00e9 dans les activit\u00e9s d&#8217;emballage, garantissant l&rsquo;int\u00e9grit\u00e9 des bo\u00eetes et des paquets pendant le transport. En outre, le scell\u00e9 color\u00e9 est tr\u00e8s utile pour l&rsquo;identification rapide et facile des exp\u00e9ditions, facilitant le tri et l&rsquo;organisation dans les entrep\u00f4ts et les centres de distribution. Le ruban transparent est id\u00e9al pour les applications o\u00f9 la visibilit\u00e9 du contenu ou des \u00e9tiquettes sous le ruban doit \u00eatre maintenue, tandis que le ruban marron constitue une option discr\u00e8te et esth\u00e9tique pour les emballages standard. La force et la durabilit\u00e9 de l&rsquo;adh\u00e9sif garantissent que les paquets restent ferm\u00e9s et s\u00e9curis\u00e9s jusqu&rsquo;\u00e0 leur destination finale.<\/p>\n<p><strong style=\"color: #000000; font-size: 24px;\">Achat en ligne<\/strong><\/p>\n<h4><a href=\"https:\/\/solbi-mural.com\/fr\/recherche?s=4089\" target=\"_blank\" rel=\"noopener\"><span style=\"color: #3366ff;\">4089<\/span><\/a><\/h4>\n<p>&nbsp;<\/p>\n<p>Disponible en transparent, en blanc ou en brun (chamois)<\/p>\n<p><strong style=\"font-size: 1.3em;\">Caract\u00e9ristiques<\/strong><\/p>\n<ul>\n<li>Tesa\u00ae 4089 est compatible avec les distributeurs manuels et les machines automatiques.<\/li>\n<li>Tr\u00e8s bonne adh\u00e9sion initiale<\/li>\n<li>Adh\u00e9sif en caoutchouc naturel<\/li>\n<li>Mat\u00e9riau de support : film PP<\/li>\n<li>Adh\u00e9sion sur l&rsquo;acier : 2,2 N\/cm<\/li>\n<li>Epaisseur totale 46 \u00b5m<\/li>\n<\/ul>\n<p><strong style=\"font-size: 1.3em;\">Applications<\/strong><\/p>\n<ul>\n<li>Ce ruban convient parfaitement pour s\u00e9curiser les paquets et les cartons, en veillant \u00e0 ce qu&rsquo;ils restent scell\u00e9s pendant le transport et le stockage.<\/li>\n<li>Regroupement de produits : parfait pour regrouper plusieurs articles, tels que des bouteilles ou des bo\u00eetes de conserve, en paquets plus faciles \u00e0 g\u00e9rer pour le transport et la vente.<\/li>\n<\/ul>\n<h4><strong>Autres produits int\u00e9ressants<\/strong><\/h4>\n<ul>\n<li style=\"list-style-type: none;\">\n<ul>\n<li><a href=\"https:\/\/distribuidorcintastesa.es\/fr\/producto\/tesa-4101-pv2\/\" target=\"_blank\" rel=\"noopener\">4101<\/a><\/li>\n<li><a href=\"https:\/\/distribuidorcintastesa.es\/fr\/producto\/tesa-professionnel-4024\/\" target=\"_blank\" rel=\"noopener\">4024<\/a><\/li>\n<li><a href=\"https:\/\/solbi-mural.com\/fr\/appareils-distributeur-bandes-adhesives\/365-tesa-dispenser-de-ruban-emballage-56404.html\" target=\"_blank\" rel=\"noopener\">Distributeur de ruban adh\u00e9sif<\/a><\/li>\n<\/ul>\n<\/li>\n<\/ul>\n","protected":false},"excerpt":{"rendered":"<p>Le Ruban Tesa\u00ae 4089 est compos\u00e9 d&rsquo;un film en polypropyl\u00e8ne et d&rsquo;un adh\u00e9sif en caoutchouc naturel. Le scell\u00e9 est un outil essentiel dans de multiples applications. Sa polyvalence lui permet d&rsquo;\u00eatre utilis\u00e9 dans les activit\u00e9s d&#8217;emballage, garantissant l&rsquo;int\u00e9grit\u00e9 des bo\u00eetes et des paquets pendant le transport. En outre, le scell\u00e9 color\u00e9 est tr\u00e8s utile pour [&hellip;]<\/p>\n","protected":false},"featured_media":8269,"template":"","meta":{"site-sidebar-layout":"default","site-content-layout":"","ast-site-content-layout":"default","site-content-style":"default","site-sidebar-style":"default","ast-global-header-display":"","ast-banner-title-visibility":"","ast-main-header-display":"","ast-hfb-above-header-display":"","ast-hfb-below-header-display":"","ast-hfb-mobile-header-display":"","site-post-title":"","ast-breadcrumbs-content":"","ast-featured-img":"","footer-sml-layout":"","ast-disable-related-posts":"","theme-transparent-header-meta":"default","adv-header-id-meta":"","stick-header-meta":"","header-above-stick-meta":"","header-main-stick-meta":"","header-below-stick-meta":"","astra-migrate-meta-layouts":"set","ast-page-background-enabled":"default","ast-page-background-meta":{"desktop":{"background-color":"","background-image":"","background-repeat":"repeat","background-position":"center center","background-size":"auto","background-attachment":"scroll","background-type":"","background-media":"","overlay-type":"","overlay-color":"","overlay-opacity":"","overlay-gradient":""},"tablet":{"background-color":"","background-image":"","background-repeat":"repeat","background-position":"center center","background-size":"auto","background-attachment":"scroll","background-type":"","background-media":"","overlay-type":"","overlay-color":"","overlay-opacity":"","overlay-gradient":""},"mobile":{"background-color":"","background-image":"","background-repeat":"repeat","background-position":"center center","background-size":"auto","background-attachment":"scroll","background-type":"","background-media":"","overlay-type":"","overlay-color":"","overlay-opacity":"","overlay-gradient":""}},"ast-content-background-meta":{"desktop":{"background-color":"var(--ast-global-color-5)","background-image":"","background-repeat":"repeat","background-position":"center center","background-size":"auto","background-attachment":"scroll","background-type":"","background-media":"","overlay-type":"","overlay-color":"","overlay-opacity":"","overlay-gradient":""},"tablet":{"background-color":"var(--ast-global-color-5)","background-image":"","background-repeat":"repeat","background-position":"center center","background-size":"auto","background-attachment":"scroll","background-type":"","background-media":"","overlay-type":"","overlay-color":"","overlay-opacity":"","overlay-gradient":""},"mobile":{"background-color":"var(--ast-global-color-5)","background-image":"","background-repeat":"repeat","background-position":"center center","background-size":"auto","background-attachment":"scroll","background-type":"","background-media":"","overlay-type":"","overlay-color":"","overlay-opacity":"","overlay-gradient":""}}},"product_brand":[],"product_cat":[2501],"product_tag":[4008],"class_list":{"0":"post-8265","1":"product","2":"type-product","3":"status-publish","4":"has-post-thumbnail","6":"product_cat-rubans-demballage","7":"product_tag-sceau-professionnel-tesa","8":"desktop-align-center","9":"tablet-align-center","10":"mobile-align-center","12":"first","13":"instock","14":"shipping-taxable","15":"product-type-simple"},"yoast_head":"<!-- This site is optimized with the Yoast SEO Premium plugin v27.2 (Yoast SEO v27.2) - https:\/\/yoast.com\/product\/yoast-seo-premium-wordpress\/ -->\n<title>Ruban Tesa\u00ae 4089<\/title>\n<meta name=\"description\" content=\"Le Ruban Tesa\u00ae 4089 con\u00e7u pour s\u00e9curiser les paquets et les cartons, en veillant \u00e0 ce qu&#039;ils restent scell\u00e9s pendant le transport et le stockage.\" \/>\n<meta name=\"robots\" content=\"index, follow, max-snippet:-1, max-image-preview:large, max-video-preview:-1\" \/>\n<link rel=\"canonical\" href=\"https:\/\/distribuidorcintastesa.es\/fr\/producto\/ruban-tesa-4089\/\" \/>\n<meta property=\"og:locale\" content=\"fr_FR\" \/>\n<meta property=\"og:type\" content=\"article\" \/>\n<meta property=\"og:title\" content=\"Ruban Tesa\u00ae 4089\" \/>\n<meta property=\"og:description\" content=\"Le Ruban Tesa\u00ae 4089 con\u00e7u pour s\u00e9curiser les paquets et les cartons, en veillant \u00e0 ce qu&#039;ils restent scell\u00e9s pendant le transport et le stockage.\" \/>\n<meta property=\"og:url\" content=\"https:\/\/distribuidorcintastesa.es\/fr\/producto\/ruban-tesa-4089\/\" \/>\n<meta property=\"og:site_name\" content=\"Distribuidor de cintas tesa, cintas tesa, tesa cintas, distribuidor tesa, tesa productos, productos tesa, tesa distribuidores, http:\/\/www.http:\/\/distribuidorcintas3m.es, Mejores ofertas en cintas\" \/>\n<meta property=\"article:modified_time\" content=\"2025-01-20T14:05:48+00:00\" \/>\n<meta property=\"og:image\" content=\"https:\/\/distribuidorcintastesa.es\/wp-content\/uploads\/2025\/01\/Precinto-Tesa-4089-transparente.png\" \/>\n\t<meta property=\"og:image:width\" content=\"800\" \/>\n\t<meta property=\"og:image:height\" content=\"800\" \/>\n\t<meta property=\"og:image:type\" content=\"image\/png\" \/>\n<meta name=\"twitter:card\" content=\"summary_large_image\" \/>\n<meta name=\"twitter:label1\" content=\"Dur\u00e9e de lecture estim\u00e9e\" \/>\n\t<meta name=\"twitter:data1\" content=\"2 minutes\" \/>\n<script type=\"application\/ld+json\" class=\"yoast-schema-graph\">{\"@context\":\"https:\/\/schema.org\",\"@graph\":[{\"@type\":\"WebPage\",\"@id\":\"https:\/\/distribuidorcintastesa.es\/fr\/producto\/ruban-tesa-4089\/\",\"url\":\"https:\/\/distribuidorcintastesa.es\/fr\/producto\/ruban-tesa-4089\/\",\"name\":\"Ruban Tesa\u00ae 4089\",\"isPartOf\":{\"@id\":\"https:\/\/distribuidorcintastesa.es\/fr\/#website\"},\"primaryImageOfPage\":{\"@id\":\"https:\/\/distribuidorcintastesa.es\/fr\/producto\/ruban-tesa-4089\/#primaryimage\"},\"image\":{\"@id\":\"https:\/\/distribuidorcintastesa.es\/fr\/producto\/ruban-tesa-4089\/#primaryimage\"},\"thumbnailUrl\":\"https:\/\/distribuidorcintastesa.es\/wp-content\/uploads\/2025\/01\/Precinto-Tesa-4089-transparente.png\",\"datePublished\":\"2025-01-20T12:48:41+00:00\",\"dateModified\":\"2025-01-20T14:05:48+00:00\",\"description\":\"Le Ruban Tesa\u00ae 4089 con\u00e7u pour s\u00e9curiser les paquets et les cartons, en veillant \u00e0 ce qu'ils restent scell\u00e9s pendant le transport et le stockage.\",\"breadcrumb\":{\"@id\":\"https:\/\/distribuidorcintastesa.es\/fr\/producto\/ruban-tesa-4089\/#breadcrumb\"},\"inLanguage\":\"fr-FR\",\"potentialAction\":[{\"@type\":\"ReadAction\",\"target\":[\"https:\/\/distribuidorcintastesa.es\/fr\/producto\/ruban-tesa-4089\/\"]}]},{\"@type\":\"ImageObject\",\"inLanguage\":\"fr-FR\",\"@id\":\"https:\/\/distribuidorcintastesa.es\/fr\/producto\/ruban-tesa-4089\/#primaryimage\",\"url\":\"https:\/\/distribuidorcintastesa.es\/wp-content\/uploads\/2025\/01\/Precinto-Tesa-4089-transparente.png\",\"contentUrl\":\"https:\/\/distribuidorcintastesa.es\/wp-content\/uploads\/2025\/01\/Precinto-Tesa-4089-transparente.png\",\"width\":800,\"height\":800,\"caption\":\"Precinto Tesa 4089 transparente\"},{\"@type\":\"BreadcrumbList\",\"@id\":\"https:\/\/distribuidorcintastesa.es\/fr\/producto\/ruban-tesa-4089\/#breadcrumb\",\"itemListElement\":[{\"@type\":\"ListItem\",\"position\":1,\"name\":\"Portada\",\"item\":\"https:\/\/distribuidorcintastesa.es\/fr\/\"},{\"@type\":\"ListItem\",\"position\":2,\"name\":\"Produits\",\"item\":\"https:\/\/distribuidorcintastesa.es\/fr\/produits\/\"},{\"@type\":\"ListItem\",\"position\":3,\"name\":\"Ruban Tesa\u00ae 4089\"}]},{\"@type\":\"WebSite\",\"@id\":\"https:\/\/distribuidorcintastesa.es\/fr\/#website\",\"url\":\"https:\/\/distribuidorcintastesa.es\/fr\/\",\"name\":\"Distribuidor de cintas tesa\",\"description\":\"Distribuidor de cintas tesa, cintas tesa, tesa cintas, distribuidor tesa, tesa productos, productos tesa, tesa distribuidores, cintas y adhesivos, tesa cinta doble cara, cinta tesa doble cara, adhesivos tesa, cinta antideslizante, velcro tesa, cinta reflectante, tesa supergen, softprint, cinta doble cara tesa, selladores y adhesivos, cintas adhesivas de doble cara, cintas de aluminio, cintas de vinilo para se\u00f1alizaci\u00f3n, cintas de tela americanas, cintas de papel para enmascarar, cintas para embalaje\",\"publisher\":{\"@id\":\"https:\/\/distribuidorcintastesa.es\/fr\/#organization\"},\"potentialAction\":[{\"@type\":\"SearchAction\",\"target\":{\"@type\":\"EntryPoint\",\"urlTemplate\":\"https:\/\/distribuidorcintastesa.es\/fr\/?s={search_term_string}\"},\"query-input\":{\"@type\":\"PropertyValueSpecification\",\"valueRequired\":true,\"valueName\":\"search_term_string\"}}],\"inLanguage\":\"fr-FR\"},{\"@type\":\"Organization\",\"@id\":\"https:\/\/distribuidorcintastesa.es\/fr\/#organization\",\"name\":\"Distribuidor de cintas tesa\",\"url\":\"https:\/\/distribuidorcintastesa.es\/fr\/\",\"logo\":{\"@type\":\"ImageObject\",\"inLanguage\":\"fr-FR\",\"@id\":\"https:\/\/distribuidorcintastesa.es\/fr\/#\/schema\/logo\/image\/\",\"url\":\"https:\/\/distribuidorcintastesa.es\/wp-content\/uploads\/2022\/10\/logo-espanol-portugues.png\",\"contentUrl\":\"https:\/\/distribuidorcintastesa.es\/wp-content\/uploads\/2022\/10\/logo-espanol-portugues.png\",\"width\":871,\"height\":142,\"caption\":\"Distribuidor de cintas tesa\"},\"image\":{\"@id\":\"https:\/\/distribuidorcintastesa.es\/fr\/#\/schema\/logo\/image\/\"},\"sameAs\":[\"https:\/\/muralsrd.com\/\",\"https:\/\/solbi-mural.com\/es\/\",\"https:\/\/distribuidor-cintas-adhesivas.es\",\"https:\/\/www.instagram.com\/solbimural\/?igsh=ZnR6ZmkzZm1ubWhl\"]}]}<\/script>\n<!-- \/ Yoast SEO Premium plugin. -->","yoast_head_json":{"title":"Ruban Tesa\u00ae 4089","description":"Le Ruban Tesa\u00ae 4089 con\u00e7u pour s\u00e9curiser les paquets et les cartons, en veillant \u00e0 ce qu'ils restent scell\u00e9s pendant le transport et le stockage.","robots":{"index":"index","follow":"follow","max-snippet":"max-snippet:-1","max-image-preview":"max-image-preview:large","max-video-preview":"max-video-preview:-1"},"canonical":"https:\/\/distribuidorcintastesa.es\/fr\/producto\/ruban-tesa-4089\/","og_locale":"fr_FR","og_type":"article","og_title":"Ruban Tesa\u00ae 4089","og_description":"Le Ruban Tesa\u00ae 4089 con\u00e7u pour s\u00e9curiser les paquets et les cartons, en veillant \u00e0 ce qu'ils restent scell\u00e9s pendant le transport et le stockage.","og_url":"https:\/\/distribuidorcintastesa.es\/fr\/producto\/ruban-tesa-4089\/","og_site_name":"Distribuidor de cintas tesa, cintas tesa, tesa cintas, distribuidor tesa, tesa productos, productos tesa, tesa distribuidores, http:\/\/www.http:\/\/distribuidorcintas3m.es, Mejores ofertas en cintas","article_modified_time":"2025-01-20T14:05:48+00:00","og_image":[{"width":800,"height":800,"url":"https:\/\/distribuidorcintastesa.es\/wp-content\/uploads\/2025\/01\/Precinto-Tesa-4089-transparente.png","type":"image\/png"}],"twitter_card":"summary_large_image","twitter_misc":{"Dur\u00e9e de lecture estim\u00e9e":"2 minutes"},"schema":{"@context":"https:\/\/schema.org","@graph":[{"@type":"WebPage","@id":"https:\/\/distribuidorcintastesa.es\/fr\/producto\/ruban-tesa-4089\/","url":"https:\/\/distribuidorcintastesa.es\/fr\/producto\/ruban-tesa-4089\/","name":"Ruban Tesa\u00ae 4089","isPartOf":{"@id":"https:\/\/distribuidorcintastesa.es\/fr\/#website"},"primaryImageOfPage":{"@id":"https:\/\/distribuidorcintastesa.es\/fr\/producto\/ruban-tesa-4089\/#primaryimage"},"image":{"@id":"https:\/\/distribuidorcintastesa.es\/fr\/producto\/ruban-tesa-4089\/#primaryimage"},"thumbnailUrl":"https:\/\/distribuidorcintastesa.es\/wp-content\/uploads\/2025\/01\/Precinto-Tesa-4089-transparente.png","datePublished":"2025-01-20T12:48:41+00:00","dateModified":"2025-01-20T14:05:48+00:00","description":"Le Ruban Tesa\u00ae 4089 con\u00e7u pour s\u00e9curiser les paquets et les cartons, en veillant \u00e0 ce qu'ils restent scell\u00e9s pendant le transport et le stockage.","breadcrumb":{"@id":"https:\/\/distribuidorcintastesa.es\/fr\/producto\/ruban-tesa-4089\/#breadcrumb"},"inLanguage":"fr-FR","potentialAction":[{"@type":"ReadAction","target":["https:\/\/distribuidorcintastesa.es\/fr\/producto\/ruban-tesa-4089\/"]}]},{"@type":"ImageObject","inLanguage":"fr-FR","@id":"https:\/\/distribuidorcintastesa.es\/fr\/producto\/ruban-tesa-4089\/#primaryimage","url":"https:\/\/distribuidorcintastesa.es\/wp-content\/uploads\/2025\/01\/Precinto-Tesa-4089-transparente.png","contentUrl":"https:\/\/distribuidorcintastesa.es\/wp-content\/uploads\/2025\/01\/Precinto-Tesa-4089-transparente.png","width":800,"height":800,"caption":"Precinto Tesa 4089 transparente"},{"@type":"BreadcrumbList","@id":"https:\/\/distribuidorcintastesa.es\/fr\/producto\/ruban-tesa-4089\/#breadcrumb","itemListElement":[{"@type":"ListItem","position":1,"name":"Portada","item":"https:\/\/distribuidorcintastesa.es\/fr\/"},{"@type":"ListItem","position":2,"name":"Produits","item":"https:\/\/distribuidorcintastesa.es\/fr\/produits\/"},{"@type":"ListItem","position":3,"name":"Ruban Tesa\u00ae 4089"}]},{"@type":"WebSite","@id":"https:\/\/distribuidorcintastesa.es\/fr\/#website","url":"https:\/\/distribuidorcintastesa.es\/fr\/","name":"Distribuidor de cintas tesa","description":"Distribuidor de cintas tesa, cintas tesa, tesa cintas, distribuidor tesa, tesa productos, productos tesa, tesa distribuidores, cintas y adhesivos, tesa cinta doble cara, cinta tesa doble cara, adhesivos tesa, cinta antideslizante, velcro tesa, cinta reflectante, tesa supergen, softprint, cinta doble cara tesa, selladores y adhesivos, cintas adhesivas de doble cara, cintas de aluminio, cintas de vinilo para se\u00f1alizaci\u00f3n, cintas de tela americanas, cintas de papel para enmascarar, cintas para embalaje","publisher":{"@id":"https:\/\/distribuidorcintastesa.es\/fr\/#organization"},"potentialAction":[{"@type":"SearchAction","target":{"@type":"EntryPoint","urlTemplate":"https:\/\/distribuidorcintastesa.es\/fr\/?s={search_term_string}"},"query-input":{"@type":"PropertyValueSpecification","valueRequired":true,"valueName":"search_term_string"}}],"inLanguage":"fr-FR"},{"@type":"Organization","@id":"https:\/\/distribuidorcintastesa.es\/fr\/#organization","name":"Distribuidor de cintas tesa","url":"https:\/\/distribuidorcintastesa.es\/fr\/","logo":{"@type":"ImageObject","inLanguage":"fr-FR","@id":"https:\/\/distribuidorcintastesa.es\/fr\/#\/schema\/logo\/image\/","url":"https:\/\/distribuidorcintastesa.es\/wp-content\/uploads\/2022\/10\/logo-espanol-portugues.png","contentUrl":"https:\/\/distribuidorcintastesa.es\/wp-content\/uploads\/2022\/10\/logo-espanol-portugues.png","width":871,"height":142,"caption":"Distribuidor de cintas tesa"},"image":{"@id":"https:\/\/distribuidorcintastesa.es\/fr\/#\/schema\/logo\/image\/"},"sameAs":["https:\/\/muralsrd.com\/","https:\/\/solbi-mural.com\/es\/","https:\/\/distribuidor-cintas-adhesivas.es","https:\/\/www.instagram.com\/solbimural\/?igsh=ZnR6ZmkzZm1ubWhl"]}]}},"_links":{"self":[{"href":"https:\/\/distribuidorcintastesa.es\/fr\/wp-json\/wp\/v2\/product\/8265","targetHints":{"allow":["GET"]}}],"collection":[{"href":"https:\/\/distribuidorcintastesa.es\/fr\/wp-json\/wp\/v2\/product"}],"about":[{"href":"https:\/\/distribuidorcintastesa.es\/fr\/wp-json\/wp\/v2\/types\/product"}],"wp:featuredmedia":[{"embeddable":true,"href":"https:\/\/distribuidorcintastesa.es\/fr\/wp-json\/wp\/v2\/media\/8269"}],"wp:attachment":[{"href":"https:\/\/distribuidorcintastesa.es\/fr\/wp-json\/wp\/v2\/media?parent=8265"}],"wp:term":[{"taxonomy":"product_brand","embeddable":true,"href":"https:\/\/distribuidorcintastesa.es\/fr\/wp-json\/wp\/v2\/product_brand?post=8265"},{"taxonomy":"product_cat","embeddable":true,"href":"https:\/\/distribuidorcintastesa.es\/fr\/wp-json\/wp\/v2\/product_cat?post=8265"},{"taxonomy":"product_tag","embeddable":true,"href":"https:\/\/distribuidorcintastesa.es\/fr\/wp-json\/wp\/v2\/product_tag?post=8265"}],"curies":[{"name":"wp","href":"https:\/\/api.w.org\/{rel}","templated":true}]}}