{"id":8236,"date":"2025-01-16T12:09:26","date_gmt":"2025-01-20T12:32:13","guid":{"rendered":"https:\/\/distribuidorcintastesa.es\/?post_type=product&#038;p=8236"},"modified":"2025-01-20T12:32:14","modified_gmt":"2025-01-20T12:32:14","slug":"ruban-tesa-4289-eu-pv10","status":"publish","type":"product","link":"https:\/\/distribuidorcintastesa.es\/fr\/producto\/ruban-tesa-4289-eu-pv10\/","title":{"rendered":"Ruban Tesa\u00ae 4289 EU PV10"},"content":{"rendered":"<p>Le Ruban Tesa\u00ae 4289 EU PV10 est un ruban de cerclage jaune, non d\u00e9color\u00e9, avec un support en polypropyl\u00e8ne orient\u00e9 et un adh\u00e9sif en caoutchouc synth\u00e9tique. Il est con\u00e7u pour les processus de regroupement ou de protection. Il offre une r\u00e9sistance \u00e0 la traction tr\u00e8s \u00e9lev\u00e9e et un faible allongement, ce qui le rend id\u00e9al pour prot\u00e9ger les surfaces vitr\u00e9es, regrouper les tubes d&rsquo;acier lourds, palettiser et s\u00e9curiser les extr\u00e9mit\u00e9s d&rsquo;acier lamin\u00e9 de faible \u00e9paisseur et les m\u00e9taux finis. En outre, il est tr\u00e8s r\u00e9sistant \u00e0 l&rsquo;abrasion et s&rsquo;enl\u00e8ve sans r\u00e9sidus.<\/p>\n<p><strong style=\"color: #000000; font-size: 24px;\">Achat en ligne<\/strong><\/p>\n<h4><a href=\"https:\/\/solbi-mural.com\/fr\/recherche?s=4289\" target=\"_blank\" rel=\"noopener\"><span style=\"color: #3366ff;\">4289<\/span><\/a><\/h4>\n<p>&nbsp;<\/p>\n<p><strong style=\"font-size: 1.3em;\">Caract\u00e9ristiques<\/strong><\/p>\n<ul>\n<li>Le Ruban Tesa\u00ae 4289 EU PV10 r\u00e9siste \u00e0 des temp\u00e9ratures \u00e9lev\u00e9es de 220\u00b0C pendant 30 minutes.<\/li>\n<li>Comporte un adh\u00e9sif en caoutchouc synth\u00e9tique<\/li>\n<li>Un support MOPP (polypropyl\u00e8ne mono-orient\u00e9)<\/li>\n<li>Adh\u00e9sion \u00e9lev\u00e9e et enl\u00e8vement sans r\u00e9sidus<\/li>\n<li>Allongement tr\u00e8s \u00e9lev\u00e9 de 35 % et r\u00e9sistance \u00e0 la traction de 420 N\/cm<\/li>\n<li>Adh\u00e9sion sur l&rsquo;acier : 7 N\/cm<\/li>\n<li>Epaisseur totale 144 \u00b5m<\/li>\n<li>Couleur jaune r\u00e9sistant \u00e0 la d\u00e9coloration<\/li>\n<\/ul>\n<p><strong style=\"font-size: 1.3em;\">Applications <\/strong><\/p>\n<ul>\n<li>Ce ruban est parfait pour prot\u00e9ger le verre et les surfaces vitr\u00e9es contre les dommages et les rayures pendant le transport et le stockage.<\/li>\n<li>Il est \u00e9galement id\u00e9al pour regrouper les tuyaux en acier, palettiser et sceller les bobines de t\u00f4le l\u00e9g\u00e8re.<\/li>\n<\/ul>\n<h4><strong>Produits similaires<\/strong><\/h4>\n<ul>\n<li style=\"list-style-type: none;\">\n<ul>\n<li><a href=\"https:\/\/distribuidorcintastesa.es\/fr\/produits\/\" target=\"_blank\" rel=\"noopener\">Catalogue<\/a><\/li>\n<\/ul>\n<\/li>\n<\/ul>\n","protected":false},"excerpt":{"rendered":"<p>Le Ruban Tesa\u00ae 4289 EU PV10 est un ruban de cerclage jaune, non d\u00e9color\u00e9, avec un support en polypropyl\u00e8ne orient\u00e9 et un adh\u00e9sif en caoutchouc synth\u00e9tique. Il est con\u00e7u pour les processus de regroupement ou de protection. Il offre une r\u00e9sistance \u00e0 la traction tr\u00e8s \u00e9lev\u00e9e et un faible allongement, ce qui le rend id\u00e9al [&hellip;]<\/p>\n","protected":false},"featured_media":8257,"template":"","meta":{"site-sidebar-layout":"default","site-content-layout":"","ast-site-content-layout":"default","site-content-style":"default","site-sidebar-style":"default","ast-global-header-display":"","ast-banner-title-visibility":"","ast-main-header-display":"","ast-hfb-above-header-display":"","ast-hfb-below-header-display":"","ast-hfb-mobile-header-display":"","site-post-title":"","ast-breadcrumbs-content":"","ast-featured-img":"","footer-sml-layout":"","ast-disable-related-posts":"","theme-transparent-header-meta":"default","adv-header-id-meta":"","stick-header-meta":"","header-above-stick-meta":"","header-main-stick-meta":"","header-below-stick-meta":"","astra-migrate-meta-layouts":"set","ast-page-background-enabled":"default","ast-page-background-meta":{"desktop":{"background-color":"","background-image":"","background-repeat":"repeat","background-position":"center center","background-size":"auto","background-attachment":"scroll","background-type":"","background-media":"","overlay-type":"","overlay-color":"","overlay-opacity":"","overlay-gradient":""},"tablet":{"background-color":"","background-image":"","background-repeat":"repeat","background-position":"center center","background-size":"auto","background-attachment":"scroll","background-type":"","background-media":"","overlay-type":"","overlay-color":"","overlay-opacity":"","overlay-gradient":""},"mobile":{"background-color":"","background-image":"","background-repeat":"repeat","background-position":"center center","background-size":"auto","background-attachment":"scroll","background-type":"","background-media":"","overlay-type":"","overlay-color":"","overlay-opacity":"","overlay-gradient":""}},"ast-content-background-meta":{"desktop":{"background-color":"var(--ast-global-color-5)","background-image":"","background-repeat":"repeat","background-position":"center center","background-size":"auto","background-attachment":"scroll","background-type":"","background-media":"","overlay-type":"","overlay-color":"","overlay-opacity":"","overlay-gradient":""},"tablet":{"background-color":"var(--ast-global-color-5)","background-image":"","background-repeat":"repeat","background-position":"center center","background-size":"auto","background-attachment":"scroll","background-type":"","background-media":"","overlay-type":"","overlay-color":"","overlay-opacity":"","overlay-gradient":""},"mobile":{"background-color":"var(--ast-global-color-5)","background-image":"","background-repeat":"repeat","background-position":"center center","background-size":"auto","background-attachment":"scroll","background-type":"","background-media":"","overlay-type":"","overlay-color":"","overlay-opacity":"","overlay-gradient":""}}},"product_brand":[],"product_cat":[2507],"product_tag":[4106,4105],"class_list":{"0":"post-8236","1":"product","2":"type-product","3":"status-publish","4":"has-post-thumbnail","6":"product_cat-sangle-et-reliure","7":"product_tag-ruban-adhesif-tesa-4289","8":"product_tag-ruban-de-cerclage","9":"desktop-align-center","10":"tablet-align-center","11":"mobile-align-center","13":"first","14":"instock","15":"shipping-taxable","16":"product-type-simple"},"yoast_head":"<!-- This site is optimized with the Yoast SEO Premium plugin v27.2 (Yoast SEO v27.2) - https:\/\/yoast.com\/product\/yoast-seo-premium-wordpress\/ -->\n<title>Ruban Tesa\u00ae 4289 EU PV10<\/title>\n<meta name=\"description\" content=\"Le Ruban Tesa\u00ae 4289 EU PV10 prot\u00e8ge les vitres et id\u00e9al pour le regroupement de tuyaux en acier, palettisation et fermeture de bobines de t\u00f4le l\u00e9g\u00e8re.\" \/>\n<meta name=\"robots\" content=\"index, follow, max-snippet:-1, max-image-preview:large, max-video-preview:-1\" \/>\n<link rel=\"canonical\" href=\"https:\/\/distribuidorcintastesa.es\/fr\/producto\/ruban-tesa-4289-eu-pv10\/\" \/>\n<meta property=\"og:locale\" content=\"fr_FR\" \/>\n<meta property=\"og:type\" content=\"article\" \/>\n<meta property=\"og:title\" content=\"Ruban Tesa\u00ae 4289 EU PV10\" \/>\n<meta property=\"og:description\" content=\"Le Ruban Tesa\u00ae 4289 EU PV10 prot\u00e8ge les vitres et id\u00e9al pour le regroupement de tuyaux en acier, palettisation et fermeture de bobines de t\u00f4le l\u00e9g\u00e8re.\" \/>\n<meta property=\"og:url\" content=\"https:\/\/distribuidorcintastesa.es\/fr\/producto\/ruban-tesa-4289-eu-pv10\/\" \/>\n<meta property=\"og:site_name\" content=\"Distribuidor de cintas tesa, cintas tesa, tesa cintas, distribuidor tesa, tesa productos, productos tesa, tesa distribuidores, http:\/\/www.http:\/\/distribuidorcintas3m.es, Mejores ofertas en cintas\" \/>\n<meta property=\"article:modified_time\" content=\"2025-01-20T12:32:14+00:00\" \/>\n<meta property=\"og:image\" content=\"https:\/\/distribuidorcintastesa.es\/wp-content\/uploads\/2025\/01\/4289.png\" \/>\n\t<meta property=\"og:image:width\" content=\"2250\" \/>\n\t<meta property=\"og:image:height\" content=\"2250\" \/>\n\t<meta property=\"og:image:type\" content=\"image\/png\" \/>\n<meta name=\"twitter:card\" content=\"summary_large_image\" \/>\n<meta name=\"twitter:label1\" content=\"Dur\u00e9e de lecture estim\u00e9e\" \/>\n\t<meta name=\"twitter:data1\" content=\"2 minutes\" \/>\n<script type=\"application\/ld+json\" class=\"yoast-schema-graph\">{\"@context\":\"https:\/\/schema.org\",\"@graph\":[{\"@type\":\"WebPage\",\"@id\":\"https:\/\/distribuidorcintastesa.es\/fr\/producto\/ruban-tesa-4289-eu-pv10\/\",\"url\":\"https:\/\/distribuidorcintastesa.es\/fr\/producto\/ruban-tesa-4289-eu-pv10\/\",\"name\":\"Ruban Tesa\u00ae 4289 EU PV10\",\"isPartOf\":{\"@id\":\"https:\/\/distribuidorcintastesa.es\/fr\/#website\"},\"primaryImageOfPage\":{\"@id\":\"https:\/\/distribuidorcintastesa.es\/fr\/producto\/ruban-tesa-4289-eu-pv10\/#primaryimage\"},\"image\":{\"@id\":\"https:\/\/distribuidorcintastesa.es\/fr\/producto\/ruban-tesa-4289-eu-pv10\/#primaryimage\"},\"thumbnailUrl\":\"https:\/\/distribuidorcintastesa.es\/wp-content\/uploads\/2025\/01\/4289.png\",\"datePublished\":\"2025-01-20T12:32:13+00:00\",\"dateModified\":\"2025-01-20T12:32:14+00:00\",\"description\":\"Le Ruban Tesa\u00ae 4289 EU PV10 prot\u00e8ge les vitres et id\u00e9al pour le regroupement de tuyaux en acier, palettisation et fermeture de bobines de t\u00f4le l\u00e9g\u00e8re.\",\"breadcrumb\":{\"@id\":\"https:\/\/distribuidorcintastesa.es\/fr\/producto\/ruban-tesa-4289-eu-pv10\/#breadcrumb\"},\"inLanguage\":\"fr-FR\",\"potentialAction\":[{\"@type\":\"ReadAction\",\"target\":[\"https:\/\/distribuidorcintastesa.es\/fr\/producto\/ruban-tesa-4289-eu-pv10\/\"]}]},{\"@type\":\"ImageObject\",\"inLanguage\":\"fr-FR\",\"@id\":\"https:\/\/distribuidorcintastesa.es\/fr\/producto\/ruban-tesa-4289-eu-pv10\/#primaryimage\",\"url\":\"https:\/\/distribuidorcintastesa.es\/wp-content\/uploads\/2025\/01\/4289.png\",\"contentUrl\":\"https:\/\/distribuidorcintastesa.es\/wp-content\/uploads\/2025\/01\/4289.png\",\"width\":2250,\"height\":2250,\"caption\":\"Cinta de fleje Tesa 4289\"},{\"@type\":\"BreadcrumbList\",\"@id\":\"https:\/\/distribuidorcintastesa.es\/fr\/producto\/ruban-tesa-4289-eu-pv10\/#breadcrumb\",\"itemListElement\":[{\"@type\":\"ListItem\",\"position\":1,\"name\":\"Portada\",\"item\":\"https:\/\/distribuidorcintastesa.es\/fr\/\"},{\"@type\":\"ListItem\",\"position\":2,\"name\":\"Produits\",\"item\":\"https:\/\/distribuidorcintastesa.es\/fr\/produits\/\"},{\"@type\":\"ListItem\",\"position\":3,\"name\":\"Ruban Tesa\u00ae 4289 EU PV10\"}]},{\"@type\":\"WebSite\",\"@id\":\"https:\/\/distribuidorcintastesa.es\/fr\/#website\",\"url\":\"https:\/\/distribuidorcintastesa.es\/fr\/\",\"name\":\"Distribuidor de cintas tesa\",\"description\":\"Distribuidor de cintas tesa, cintas tesa, tesa cintas, distribuidor tesa, tesa productos, productos tesa, tesa distribuidores, cintas y adhesivos, tesa cinta doble cara, cinta tesa doble cara, adhesivos tesa, cinta antideslizante, velcro tesa, cinta reflectante, tesa supergen, softprint, cinta doble cara tesa, selladores y adhesivos, cintas adhesivas de doble cara, cintas de aluminio, cintas de vinilo para se\u00f1alizaci\u00f3n, cintas de tela americanas, cintas de papel para enmascarar, cintas para embalaje\",\"publisher\":{\"@id\":\"https:\/\/distribuidorcintastesa.es\/fr\/#organization\"},\"potentialAction\":[{\"@type\":\"SearchAction\",\"target\":{\"@type\":\"EntryPoint\",\"urlTemplate\":\"https:\/\/distribuidorcintastesa.es\/fr\/?s={search_term_string}\"},\"query-input\":{\"@type\":\"PropertyValueSpecification\",\"valueRequired\":true,\"valueName\":\"search_term_string\"}}],\"inLanguage\":\"fr-FR\"},{\"@type\":\"Organization\",\"@id\":\"https:\/\/distribuidorcintastesa.es\/fr\/#organization\",\"name\":\"Distribuidor de cintas tesa\",\"url\":\"https:\/\/distribuidorcintastesa.es\/fr\/\",\"logo\":{\"@type\":\"ImageObject\",\"inLanguage\":\"fr-FR\",\"@id\":\"https:\/\/distribuidorcintastesa.es\/fr\/#\/schema\/logo\/image\/\",\"url\":\"https:\/\/distribuidorcintastesa.es\/wp-content\/uploads\/2022\/10\/logo-espanol-portugues.png\",\"contentUrl\":\"https:\/\/distribuidorcintastesa.es\/wp-content\/uploads\/2022\/10\/logo-espanol-portugues.png\",\"width\":871,\"height\":142,\"caption\":\"Distribuidor de cintas tesa\"},\"image\":{\"@id\":\"https:\/\/distribuidorcintastesa.es\/fr\/#\/schema\/logo\/image\/\"},\"sameAs\":[\"https:\/\/muralsrd.com\/\",\"https:\/\/solbi-mural.com\/es\/\",\"https:\/\/distribuidor-cintas-adhesivas.es\",\"https:\/\/www.instagram.com\/solbimural\/?igsh=ZnR6ZmkzZm1ubWhl\"]}]}<\/script>\n<!-- \/ Yoast SEO Premium plugin. -->","yoast_head_json":{"title":"Ruban Tesa\u00ae 4289 EU PV10","description":"Le Ruban Tesa\u00ae 4289 EU PV10 prot\u00e8ge les vitres et id\u00e9al pour le regroupement de tuyaux en acier, palettisation et fermeture de bobines de t\u00f4le l\u00e9g\u00e8re.","robots":{"index":"index","follow":"follow","max-snippet":"max-snippet:-1","max-image-preview":"max-image-preview:large","max-video-preview":"max-video-preview:-1"},"canonical":"https:\/\/distribuidorcintastesa.es\/fr\/producto\/ruban-tesa-4289-eu-pv10\/","og_locale":"fr_FR","og_type":"article","og_title":"Ruban Tesa\u00ae 4289 EU PV10","og_description":"Le Ruban Tesa\u00ae 4289 EU PV10 prot\u00e8ge les vitres et id\u00e9al pour le regroupement de tuyaux en acier, palettisation et fermeture de bobines de t\u00f4le l\u00e9g\u00e8re.","og_url":"https:\/\/distribuidorcintastesa.es\/fr\/producto\/ruban-tesa-4289-eu-pv10\/","og_site_name":"Distribuidor de cintas tesa, cintas tesa, tesa cintas, distribuidor tesa, tesa productos, productos tesa, tesa distribuidores, http:\/\/www.http:\/\/distribuidorcintas3m.es, Mejores ofertas en cintas","article_modified_time":"2025-01-20T12:32:14+00:00","og_image":[{"width":2250,"height":2250,"url":"https:\/\/distribuidorcintastesa.es\/wp-content\/uploads\/2025\/01\/4289.png","type":"image\/png"}],"twitter_card":"summary_large_image","twitter_misc":{"Dur\u00e9e de lecture estim\u00e9e":"2 minutes"},"schema":{"@context":"https:\/\/schema.org","@graph":[{"@type":"WebPage","@id":"https:\/\/distribuidorcintastesa.es\/fr\/producto\/ruban-tesa-4289-eu-pv10\/","url":"https:\/\/distribuidorcintastesa.es\/fr\/producto\/ruban-tesa-4289-eu-pv10\/","name":"Ruban Tesa\u00ae 4289 EU PV10","isPartOf":{"@id":"https:\/\/distribuidorcintastesa.es\/fr\/#website"},"primaryImageOfPage":{"@id":"https:\/\/distribuidorcintastesa.es\/fr\/producto\/ruban-tesa-4289-eu-pv10\/#primaryimage"},"image":{"@id":"https:\/\/distribuidorcintastesa.es\/fr\/producto\/ruban-tesa-4289-eu-pv10\/#primaryimage"},"thumbnailUrl":"https:\/\/distribuidorcintastesa.es\/wp-content\/uploads\/2025\/01\/4289.png","datePublished":"2025-01-20T12:32:13+00:00","dateModified":"2025-01-20T12:32:14+00:00","description":"Le Ruban Tesa\u00ae 4289 EU PV10 prot\u00e8ge les vitres et id\u00e9al pour le regroupement de tuyaux en acier, palettisation et fermeture de bobines de t\u00f4le l\u00e9g\u00e8re.","breadcrumb":{"@id":"https:\/\/distribuidorcintastesa.es\/fr\/producto\/ruban-tesa-4289-eu-pv10\/#breadcrumb"},"inLanguage":"fr-FR","potentialAction":[{"@type":"ReadAction","target":["https:\/\/distribuidorcintastesa.es\/fr\/producto\/ruban-tesa-4289-eu-pv10\/"]}]},{"@type":"ImageObject","inLanguage":"fr-FR","@id":"https:\/\/distribuidorcintastesa.es\/fr\/producto\/ruban-tesa-4289-eu-pv10\/#primaryimage","url":"https:\/\/distribuidorcintastesa.es\/wp-content\/uploads\/2025\/01\/4289.png","contentUrl":"https:\/\/distribuidorcintastesa.es\/wp-content\/uploads\/2025\/01\/4289.png","width":2250,"height":2250,"caption":"Cinta de fleje Tesa 4289"},{"@type":"BreadcrumbList","@id":"https:\/\/distribuidorcintastesa.es\/fr\/producto\/ruban-tesa-4289-eu-pv10\/#breadcrumb","itemListElement":[{"@type":"ListItem","position":1,"name":"Portada","item":"https:\/\/distribuidorcintastesa.es\/fr\/"},{"@type":"ListItem","position":2,"name":"Produits","item":"https:\/\/distribuidorcintastesa.es\/fr\/produits\/"},{"@type":"ListItem","position":3,"name":"Ruban Tesa\u00ae 4289 EU PV10"}]},{"@type":"WebSite","@id":"https:\/\/distribuidorcintastesa.es\/fr\/#website","url":"https:\/\/distribuidorcintastesa.es\/fr\/","name":"Distribuidor de cintas tesa","description":"Distribuidor de cintas tesa, cintas tesa, tesa cintas, distribuidor tesa, tesa productos, productos tesa, tesa distribuidores, cintas y adhesivos, tesa cinta doble cara, cinta tesa doble cara, adhesivos tesa, cinta antideslizante, velcro tesa, cinta reflectante, tesa supergen, softprint, cinta doble cara tesa, selladores y adhesivos, cintas adhesivas de doble cara, cintas de aluminio, cintas de vinilo para se\u00f1alizaci\u00f3n, cintas de tela americanas, cintas de papel para enmascarar, cintas para embalaje","publisher":{"@id":"https:\/\/distribuidorcintastesa.es\/fr\/#organization"},"potentialAction":[{"@type":"SearchAction","target":{"@type":"EntryPoint","urlTemplate":"https:\/\/distribuidorcintastesa.es\/fr\/?s={search_term_string}"},"query-input":{"@type":"PropertyValueSpecification","valueRequired":true,"valueName":"search_term_string"}}],"inLanguage":"fr-FR"},{"@type":"Organization","@id":"https:\/\/distribuidorcintastesa.es\/fr\/#organization","name":"Distribuidor de cintas tesa","url":"https:\/\/distribuidorcintastesa.es\/fr\/","logo":{"@type":"ImageObject","inLanguage":"fr-FR","@id":"https:\/\/distribuidorcintastesa.es\/fr\/#\/schema\/logo\/image\/","url":"https:\/\/distribuidorcintastesa.es\/wp-content\/uploads\/2022\/10\/logo-espanol-portugues.png","contentUrl":"https:\/\/distribuidorcintastesa.es\/wp-content\/uploads\/2022\/10\/logo-espanol-portugues.png","width":871,"height":142,"caption":"Distribuidor de cintas tesa"},"image":{"@id":"https:\/\/distribuidorcintastesa.es\/fr\/#\/schema\/logo\/image\/"},"sameAs":["https:\/\/muralsrd.com\/","https:\/\/solbi-mural.com\/es\/","https:\/\/distribuidor-cintas-adhesivas.es","https:\/\/www.instagram.com\/solbimural\/?igsh=ZnR6ZmkzZm1ubWhl"]}]}},"_links":{"self":[{"href":"https:\/\/distribuidorcintastesa.es\/fr\/wp-json\/wp\/v2\/product\/8236","targetHints":{"allow":["GET"]}}],"collection":[{"href":"https:\/\/distribuidorcintastesa.es\/fr\/wp-json\/wp\/v2\/product"}],"about":[{"href":"https:\/\/distribuidorcintastesa.es\/fr\/wp-json\/wp\/v2\/types\/product"}],"wp:featuredmedia":[{"embeddable":true,"href":"https:\/\/distribuidorcintastesa.es\/fr\/wp-json\/wp\/v2\/media\/8257"}],"wp:attachment":[{"href":"https:\/\/distribuidorcintastesa.es\/fr\/wp-json\/wp\/v2\/media?parent=8236"}],"wp:term":[{"taxonomy":"product_brand","embeddable":true,"href":"https:\/\/distribuidorcintastesa.es\/fr\/wp-json\/wp\/v2\/product_brand?post=8236"},{"taxonomy":"product_cat","embeddable":true,"href":"https:\/\/distribuidorcintastesa.es\/fr\/wp-json\/wp\/v2\/product_cat?post=8236"},{"taxonomy":"product_tag","embeddable":true,"href":"https:\/\/distribuidorcintastesa.es\/fr\/wp-json\/wp\/v2\/product_tag?post=8236"}],"curies":[{"name":"wp","href":"https:\/\/api.w.org\/{rel}","templated":true}]}}