{"id":8165,"date":"2025-01-09T10:27:14","date_gmt":"2025-01-09T10:27:14","guid":{"rendered":"https:\/\/distribuidorcintastesa.es\/producto\/ruban-conformable-tesa-50650\/"},"modified":"2025-01-21T09:57:15","modified_gmt":"2025-01-21T09:57:15","slug":"ruban-conformable-tesa-50650","status":"publish","type":"product","link":"https:\/\/distribuidorcintastesa.es\/fr\/producto\/ruban-conformable-tesa-50650\/","title":{"rendered":"Ruban Conformable Tesa\u00ae 50650"},"content":{"rendered":"<p>Le ruban conformable Tesa\u00ae 50650 a un support en PETP et un adh\u00e9sif en silicone. Il est con\u00e7u pour masquer, prot\u00e9ger et couvrir diff\u00e9rentes zones pendant les processus de rev\u00eatement par poudre, le collage de mat\u00e9riaux non polaires, a une forte adh\u00e9rence, une grande flexibilit\u00e9 et la capacit\u00e9 de maintenir des liens solides et durables. Ce ruban s&rsquo;enl\u00e8ve sans r\u00e9sidus, il est \u00e9galement extr\u00eamement r\u00e9sistant \u00e0 la chaleur et \u00e0 des temp\u00e9ratures allant jusqu&rsquo;\u00e0 220\u00b0C pendant 30 minutes, ce qui garantit des performances optimales dans les applications exigeantes et les environnements industriels difficiles.<\/p>\n<p><strong style=\"color: #000000; font-size: 24px;\">Achat en ligne<\/strong><\/p>\n<h4><a href=\"https:\/\/solbi-mural.com\/fr\/rubans-pour-protection-et-recouvrement\/521-tesa-ruban-pet-a-peindre-haute-temperature-50650-bleu-rouleau-de-66m.html\" target=\"_blank\" rel=\"noopener\"><span style=\"color: #3366ff;\">50650<\/span><\/a><\/h4>\n<p>&nbsp;<\/p>\n<p><strong style=\"font-size: 1.3em;\">Caract\u00e9ristiques<\/strong><\/p>\n<ul>\n<li>Le ruban adh\u00e9sif conformable Tesa\u00ae 50650 est dot\u00e9 d&rsquo;un adh\u00e9sif en silicone.<\/li>\n<li>Mat\u00e9riau de support PETP polyester<\/li>\n<li>\u00c9paisseur totale de 55 \u00b5m<\/li>\n<li>Mall\u00e9able et conformable<\/li>\n<li>Ruban r\u00e9sistant aux hautes temp\u00e9ratures jusqu&rsquo;\u00e0 220\u00b0C pendant 30 minutes<\/li>\n<li>Couleur bleu translucide<\/li>\n<\/ul>\n<p><strong style=\"font-size: 1.3em;\">Applications <\/strong><\/p>\n<ul>\n<li>Ce ruban conformable Tesa\u00ae 50650, tr\u00e8s polyvalent, est principalement utilis\u00e9 dans l&rsquo;industrie automobile pour fixer les composants int\u00e9rieurs et ext\u00e9rieurs, en assurant une liaison solide. Il est \u00e9galement id\u00e9al dans l&rsquo;industrie de la construction pour le montage de panneaux et de profil\u00e9s, et \u00e0 la maison, il est utile pour les r\u00e9parations et les travaux manuels gr\u00e2ce \u00e0 sa r\u00e9sistance et \u00e0 sa flexibilit\u00e9.<\/li>\n<li>Application int\u00e9rieure et ext\u00e9rieure, gr\u00e2ce \u00e0 sa grande r\u00e9sistance aux diff\u00e9rentes conditions environnementales, y compris la chaleur, l&rsquo;humidit\u00e9 et les variations de temp\u00e9rature.<\/li>\n<\/ul>\n<h4><strong>Produits similaires<\/strong><\/h4>\n<ul>\n<li style=\"list-style-type: none;\">\n<ul>\n<li><a href=\"https:\/\/distribuidorcintastesa.es\/fr\/producto\/tesa-4965-original-next-gen\/\" target=\"_blank\" rel=\"noopener\">4965<\/a><\/li>\n<li><a href=\"https:\/\/distribuidorcintastesa.es\/fr\/producto\/ruban-tesa-excellent-56546\/\" target=\"_blank\" rel=\"noopener\">56546<\/a><\/li>\n<\/ul>\n<\/li>\n<\/ul>\n","protected":false},"excerpt":{"rendered":"<p>Le ruban conformable Tesa\u00ae 50650 a un support en PETP et un adh\u00e9sif en silicone. Il est con\u00e7u pour masquer, prot\u00e9ger et couvrir diff\u00e9rentes zones pendant les processus de rev\u00eatement par poudre, le collage de mat\u00e9riaux non polaires, a une forte adh\u00e9rence, une grande flexibilit\u00e9 et la capacit\u00e9 de maintenir des liens solides et durables. [&hellip;]<\/p>\n","protected":false},"featured_media":8161,"template":"","meta":{"site-sidebar-layout":"default","site-content-layout":"","ast-site-content-layout":"default","site-content-style":"default","site-sidebar-style":"default","ast-global-header-display":"","ast-banner-title-visibility":"","ast-main-header-display":"","ast-hfb-above-header-display":"","ast-hfb-below-header-display":"","ast-hfb-mobile-header-display":"","site-post-title":"","ast-breadcrumbs-content":"","ast-featured-img":"","footer-sml-layout":"","ast-disable-related-posts":"","theme-transparent-header-meta":"default","adv-header-id-meta":"","stick-header-meta":"","header-above-stick-meta":"","header-main-stick-meta":"","header-below-stick-meta":"","astra-migrate-meta-layouts":"set","ast-page-background-enabled":"default","ast-page-background-meta":{"desktop":{"background-color":"","background-image":"","background-repeat":"repeat","background-position":"center center","background-size":"auto","background-attachment":"scroll","background-type":"","background-media":"","overlay-type":"","overlay-color":"","overlay-opacity":"","overlay-gradient":""},"tablet":{"background-color":"","background-image":"","background-repeat":"repeat","background-position":"center center","background-size":"auto","background-attachment":"scroll","background-type":"","background-media":"","overlay-type":"","overlay-color":"","overlay-opacity":"","overlay-gradient":""},"mobile":{"background-color":"","background-image":"","background-repeat":"repeat","background-position":"center center","background-size":"auto","background-attachment":"scroll","background-type":"","background-media":"","overlay-type":"","overlay-color":"","overlay-opacity":"","overlay-gradient":""}},"ast-content-background-meta":{"desktop":{"background-color":"var(--ast-global-color-5)","background-image":"","background-repeat":"repeat","background-position":"center center","background-size":"auto","background-attachment":"scroll","background-type":"","background-media":"","overlay-type":"","overlay-color":"","overlay-opacity":"","overlay-gradient":""},"tablet":{"background-color":"var(--ast-global-color-5)","background-image":"","background-repeat":"repeat","background-position":"center center","background-size":"auto","background-attachment":"scroll","background-type":"","background-media":"","overlay-type":"","overlay-color":"","overlay-opacity":"","overlay-gradient":""},"mobile":{"background-color":"var(--ast-global-color-5)","background-image":"","background-repeat":"repeat","background-position":"center center","background-size":"auto","background-attachment":"scroll","background-type":"","background-media":"","overlay-type":"","overlay-color":"","overlay-opacity":"","overlay-gradient":""}}},"product_brand":[],"product_cat":[187],"product_tag":[4070,4069],"class_list":{"0":"post-8165","1":"product","2":"type-product","3":"status-publish","4":"has-post-thumbnail","6":"product_cat-solutions-de-masquage","7":"product_tag-ruban-adhesif-tesa-50650","8":"product_tag-ruban-resistant-aux-hautes-temperatures","9":"desktop-align-center","10":"tablet-align-center","11":"mobile-align-center","13":"first","14":"instock","15":"shipping-taxable","16":"product-type-simple"},"yoast_head":"<!-- This site is optimized with the Yoast SEO Premium plugin v27.2 (Yoast SEO v27.2) - https:\/\/yoast.com\/product\/yoast-seo-premium-wordpress\/ -->\n<title>Ruban Conformable Tesa\u00ae 50650<\/title>\n<meta name=\"description\" content=\"Ruban Conformable Tesa\u00ae 50650 polyvalent, pour l&#039;industrie automobile, fixation en int\u00e9rieur et ext\u00e9rieur, assurant une liaison r\u00e9sistante \u00e0 la chaleur.\" \/>\n<meta name=\"robots\" content=\"index, follow, max-snippet:-1, max-image-preview:large, max-video-preview:-1\" \/>\n<link rel=\"canonical\" href=\"https:\/\/distribuidorcintastesa.es\/fr\/producto\/ruban-conformable-tesa-50650\/\" \/>\n<meta property=\"og:locale\" content=\"fr_FR\" \/>\n<meta property=\"og:type\" content=\"article\" \/>\n<meta property=\"og:title\" content=\"Ruban Conformable Tesa\u00ae 50650\" \/>\n<meta property=\"og:description\" content=\"Ruban Conformable Tesa\u00ae 50650 polyvalent, pour l&#039;industrie automobile, fixation en int\u00e9rieur et ext\u00e9rieur, assurant une liaison r\u00e9sistante \u00e0 la chaleur.\" \/>\n<meta property=\"og:url\" content=\"https:\/\/distribuidorcintastesa.es\/fr\/producto\/ruban-conformable-tesa-50650\/\" \/>\n<meta property=\"og:site_name\" content=\"Distribuidor de cintas tesa, cintas tesa, tesa cintas, distribuidor tesa, tesa productos, productos tesa, tesa distribuidores, http:\/\/www.http:\/\/distribuidorcintas3m.es, Mejores ofertas en cintas\" \/>\n<meta property=\"article:modified_time\" content=\"2025-01-21T09:57:15+00:00\" \/>\n<meta property=\"og:image\" content=\"https:\/\/distribuidorcintastesa.es\/wp-content\/uploads\/2025\/01\/CINTA-TESA-50650.png\" \/>\n\t<meta property=\"og:image:width\" content=\"800\" \/>\n\t<meta property=\"og:image:height\" content=\"800\" \/>\n\t<meta property=\"og:image:type\" content=\"image\/png\" \/>\n<meta name=\"twitter:card\" content=\"summary_large_image\" \/>\n<meta name=\"twitter:label1\" content=\"Dur\u00e9e de lecture estim\u00e9e\" \/>\n\t<meta name=\"twitter:data1\" content=\"2 minutes\" \/>\n<script type=\"application\/ld+json\" class=\"yoast-schema-graph\">{\"@context\":\"https:\/\/schema.org\",\"@graph\":[{\"@type\":\"WebPage\",\"@id\":\"https:\/\/distribuidorcintastesa.es\/fr\/producto\/ruban-conformable-tesa-50650\/\",\"url\":\"https:\/\/distribuidorcintastesa.es\/fr\/producto\/ruban-conformable-tesa-50650\/\",\"name\":\"Ruban Conformable Tesa\u00ae 50650\",\"isPartOf\":{\"@id\":\"https:\/\/distribuidorcintastesa.es\/fr\/#website\"},\"primaryImageOfPage\":{\"@id\":\"https:\/\/distribuidorcintastesa.es\/fr\/producto\/ruban-conformable-tesa-50650\/#primaryimage\"},\"image\":{\"@id\":\"https:\/\/distribuidorcintastesa.es\/fr\/producto\/ruban-conformable-tesa-50650\/#primaryimage\"},\"thumbnailUrl\":\"https:\/\/distribuidorcintastesa.es\/wp-content\/uploads\/2025\/01\/CINTA-TESA-50650.png\",\"datePublished\":\"2025-01-09T10:27:14+00:00\",\"dateModified\":\"2025-01-21T09:57:15+00:00\",\"description\":\"Ruban Conformable Tesa\u00ae 50650 polyvalent, pour l'industrie automobile, fixation en int\u00e9rieur et ext\u00e9rieur, assurant une liaison r\u00e9sistante \u00e0 la chaleur.\",\"breadcrumb\":{\"@id\":\"https:\/\/distribuidorcintastesa.es\/fr\/producto\/ruban-conformable-tesa-50650\/#breadcrumb\"},\"inLanguage\":\"fr-FR\",\"potentialAction\":[{\"@type\":\"ReadAction\",\"target\":[\"https:\/\/distribuidorcintastesa.es\/fr\/producto\/ruban-conformable-tesa-50650\/\"]}]},{\"@type\":\"ImageObject\",\"inLanguage\":\"fr-FR\",\"@id\":\"https:\/\/distribuidorcintastesa.es\/fr\/producto\/ruban-conformable-tesa-50650\/#primaryimage\",\"url\":\"https:\/\/distribuidorcintastesa.es\/wp-content\/uploads\/2025\/01\/CINTA-TESA-50650.png\",\"contentUrl\":\"https:\/\/distribuidorcintastesa.es\/wp-content\/uploads\/2025\/01\/CINTA-TESA-50650.png\",\"width\":800,\"height\":800,\"caption\":\"RUBAN TESA 50650\"},{\"@type\":\"BreadcrumbList\",\"@id\":\"https:\/\/distribuidorcintastesa.es\/fr\/producto\/ruban-conformable-tesa-50650\/#breadcrumb\",\"itemListElement\":[{\"@type\":\"ListItem\",\"position\":1,\"name\":\"Portada\",\"item\":\"https:\/\/distribuidorcintastesa.es\/fr\/\"},{\"@type\":\"ListItem\",\"position\":2,\"name\":\"Produits\",\"item\":\"https:\/\/distribuidorcintastesa.es\/fr\/produits\/\"},{\"@type\":\"ListItem\",\"position\":3,\"name\":\"Ruban Conformable Tesa\u00ae 50650\"}]},{\"@type\":\"WebSite\",\"@id\":\"https:\/\/distribuidorcintastesa.es\/fr\/#website\",\"url\":\"https:\/\/distribuidorcintastesa.es\/fr\/\",\"name\":\"Distribuidor de cintas tesa\",\"description\":\"Distribuidor de cintas tesa, cintas tesa, tesa cintas, distribuidor tesa, tesa productos, productos tesa, tesa distribuidores, cintas y adhesivos, tesa cinta doble cara, cinta tesa doble cara, adhesivos tesa, cinta antideslizante, velcro tesa, cinta reflectante, tesa supergen, softprint, cinta doble cara tesa, selladores y adhesivos, cintas adhesivas de doble cara, cintas de aluminio, cintas de vinilo para se\u00f1alizaci\u00f3n, cintas de tela americanas, cintas de papel para enmascarar, cintas para embalaje\",\"publisher\":{\"@id\":\"https:\/\/distribuidorcintastesa.es\/fr\/#organization\"},\"potentialAction\":[{\"@type\":\"SearchAction\",\"target\":{\"@type\":\"EntryPoint\",\"urlTemplate\":\"https:\/\/distribuidorcintastesa.es\/fr\/?s={search_term_string}\"},\"query-input\":{\"@type\":\"PropertyValueSpecification\",\"valueRequired\":true,\"valueName\":\"search_term_string\"}}],\"inLanguage\":\"fr-FR\"},{\"@type\":\"Organization\",\"@id\":\"https:\/\/distribuidorcintastesa.es\/fr\/#organization\",\"name\":\"Distribuidor de cintas tesa\",\"url\":\"https:\/\/distribuidorcintastesa.es\/fr\/\",\"logo\":{\"@type\":\"ImageObject\",\"inLanguage\":\"fr-FR\",\"@id\":\"https:\/\/distribuidorcintastesa.es\/fr\/#\/schema\/logo\/image\/\",\"url\":\"https:\/\/distribuidorcintastesa.es\/wp-content\/uploads\/2022\/10\/logo-espanol-portugues.png\",\"contentUrl\":\"https:\/\/distribuidorcintastesa.es\/wp-content\/uploads\/2022\/10\/logo-espanol-portugues.png\",\"width\":871,\"height\":142,\"caption\":\"Distribuidor de cintas tesa\"},\"image\":{\"@id\":\"https:\/\/distribuidorcintastesa.es\/fr\/#\/schema\/logo\/image\/\"},\"sameAs\":[\"https:\/\/muralsrd.com\/\",\"https:\/\/solbi-mural.com\/es\/\",\"https:\/\/distribuidor-cintas-adhesivas.es\",\"https:\/\/www.instagram.com\/solbimural\/?igsh=ZnR6ZmkzZm1ubWhl\"]}]}<\/script>\n<!-- \/ Yoast SEO Premium plugin. -->","yoast_head_json":{"title":"Ruban Conformable Tesa\u00ae 50650","description":"Ruban Conformable Tesa\u00ae 50650 polyvalent, pour l'industrie automobile, fixation en int\u00e9rieur et ext\u00e9rieur, assurant une liaison r\u00e9sistante \u00e0 la chaleur.","robots":{"index":"index","follow":"follow","max-snippet":"max-snippet:-1","max-image-preview":"max-image-preview:large","max-video-preview":"max-video-preview:-1"},"canonical":"https:\/\/distribuidorcintastesa.es\/fr\/producto\/ruban-conformable-tesa-50650\/","og_locale":"fr_FR","og_type":"article","og_title":"Ruban Conformable Tesa\u00ae 50650","og_description":"Ruban Conformable Tesa\u00ae 50650 polyvalent, pour l'industrie automobile, fixation en int\u00e9rieur et ext\u00e9rieur, assurant une liaison r\u00e9sistante \u00e0 la chaleur.","og_url":"https:\/\/distribuidorcintastesa.es\/fr\/producto\/ruban-conformable-tesa-50650\/","og_site_name":"Distribuidor de cintas tesa, cintas tesa, tesa cintas, distribuidor tesa, tesa productos, productos tesa, tesa distribuidores, http:\/\/www.http:\/\/distribuidorcintas3m.es, Mejores ofertas en cintas","article_modified_time":"2025-01-21T09:57:15+00:00","og_image":[{"width":800,"height":800,"url":"https:\/\/distribuidorcintastesa.es\/wp-content\/uploads\/2025\/01\/CINTA-TESA-50650.png","type":"image\/png"}],"twitter_card":"summary_large_image","twitter_misc":{"Dur\u00e9e de lecture estim\u00e9e":"2 minutes"},"schema":{"@context":"https:\/\/schema.org","@graph":[{"@type":"WebPage","@id":"https:\/\/distribuidorcintastesa.es\/fr\/producto\/ruban-conformable-tesa-50650\/","url":"https:\/\/distribuidorcintastesa.es\/fr\/producto\/ruban-conformable-tesa-50650\/","name":"Ruban Conformable Tesa\u00ae 50650","isPartOf":{"@id":"https:\/\/distribuidorcintastesa.es\/fr\/#website"},"primaryImageOfPage":{"@id":"https:\/\/distribuidorcintastesa.es\/fr\/producto\/ruban-conformable-tesa-50650\/#primaryimage"},"image":{"@id":"https:\/\/distribuidorcintastesa.es\/fr\/producto\/ruban-conformable-tesa-50650\/#primaryimage"},"thumbnailUrl":"https:\/\/distribuidorcintastesa.es\/wp-content\/uploads\/2025\/01\/CINTA-TESA-50650.png","datePublished":"2025-01-09T10:27:14+00:00","dateModified":"2025-01-21T09:57:15+00:00","description":"Ruban Conformable Tesa\u00ae 50650 polyvalent, pour l'industrie automobile, fixation en int\u00e9rieur et ext\u00e9rieur, assurant une liaison r\u00e9sistante \u00e0 la chaleur.","breadcrumb":{"@id":"https:\/\/distribuidorcintastesa.es\/fr\/producto\/ruban-conformable-tesa-50650\/#breadcrumb"},"inLanguage":"fr-FR","potentialAction":[{"@type":"ReadAction","target":["https:\/\/distribuidorcintastesa.es\/fr\/producto\/ruban-conformable-tesa-50650\/"]}]},{"@type":"ImageObject","inLanguage":"fr-FR","@id":"https:\/\/distribuidorcintastesa.es\/fr\/producto\/ruban-conformable-tesa-50650\/#primaryimage","url":"https:\/\/distribuidorcintastesa.es\/wp-content\/uploads\/2025\/01\/CINTA-TESA-50650.png","contentUrl":"https:\/\/distribuidorcintastesa.es\/wp-content\/uploads\/2025\/01\/CINTA-TESA-50650.png","width":800,"height":800,"caption":"RUBAN TESA 50650"},{"@type":"BreadcrumbList","@id":"https:\/\/distribuidorcintastesa.es\/fr\/producto\/ruban-conformable-tesa-50650\/#breadcrumb","itemListElement":[{"@type":"ListItem","position":1,"name":"Portada","item":"https:\/\/distribuidorcintastesa.es\/fr\/"},{"@type":"ListItem","position":2,"name":"Produits","item":"https:\/\/distribuidorcintastesa.es\/fr\/produits\/"},{"@type":"ListItem","position":3,"name":"Ruban Conformable Tesa\u00ae 50650"}]},{"@type":"WebSite","@id":"https:\/\/distribuidorcintastesa.es\/fr\/#website","url":"https:\/\/distribuidorcintastesa.es\/fr\/","name":"Distribuidor de cintas tesa","description":"Distribuidor de cintas tesa, cintas tesa, tesa cintas, distribuidor tesa, tesa productos, productos tesa, tesa distribuidores, cintas y adhesivos, tesa cinta doble cara, cinta tesa doble cara, adhesivos tesa, cinta antideslizante, velcro tesa, cinta reflectante, tesa supergen, softprint, cinta doble cara tesa, selladores y adhesivos, cintas adhesivas de doble cara, cintas de aluminio, cintas de vinilo para se\u00f1alizaci\u00f3n, cintas de tela americanas, cintas de papel para enmascarar, cintas para embalaje","publisher":{"@id":"https:\/\/distribuidorcintastesa.es\/fr\/#organization"},"potentialAction":[{"@type":"SearchAction","target":{"@type":"EntryPoint","urlTemplate":"https:\/\/distribuidorcintastesa.es\/fr\/?s={search_term_string}"},"query-input":{"@type":"PropertyValueSpecification","valueRequired":true,"valueName":"search_term_string"}}],"inLanguage":"fr-FR"},{"@type":"Organization","@id":"https:\/\/distribuidorcintastesa.es\/fr\/#organization","name":"Distribuidor de cintas tesa","url":"https:\/\/distribuidorcintastesa.es\/fr\/","logo":{"@type":"ImageObject","inLanguage":"fr-FR","@id":"https:\/\/distribuidorcintastesa.es\/fr\/#\/schema\/logo\/image\/","url":"https:\/\/distribuidorcintastesa.es\/wp-content\/uploads\/2022\/10\/logo-espanol-portugues.png","contentUrl":"https:\/\/distribuidorcintastesa.es\/wp-content\/uploads\/2022\/10\/logo-espanol-portugues.png","width":871,"height":142,"caption":"Distribuidor de cintas tesa"},"image":{"@id":"https:\/\/distribuidorcintastesa.es\/fr\/#\/schema\/logo\/image\/"},"sameAs":["https:\/\/muralsrd.com\/","https:\/\/solbi-mural.com\/es\/","https:\/\/distribuidor-cintas-adhesivas.es","https:\/\/www.instagram.com\/solbimural\/?igsh=ZnR6ZmkzZm1ubWhl"]}]}},"_links":{"self":[{"href":"https:\/\/distribuidorcintastesa.es\/fr\/wp-json\/wp\/v2\/product\/8165","targetHints":{"allow":["GET"]}}],"collection":[{"href":"https:\/\/distribuidorcintastesa.es\/fr\/wp-json\/wp\/v2\/product"}],"about":[{"href":"https:\/\/distribuidorcintastesa.es\/fr\/wp-json\/wp\/v2\/types\/product"}],"wp:featuredmedia":[{"embeddable":true,"href":"https:\/\/distribuidorcintastesa.es\/fr\/wp-json\/wp\/v2\/media\/8161"}],"wp:attachment":[{"href":"https:\/\/distribuidorcintastesa.es\/fr\/wp-json\/wp\/v2\/media?parent=8165"}],"wp:term":[{"taxonomy":"product_brand","embeddable":true,"href":"https:\/\/distribuidorcintastesa.es\/fr\/wp-json\/wp\/v2\/product_brand?post=8165"},{"taxonomy":"product_cat","embeddable":true,"href":"https:\/\/distribuidorcintastesa.es\/fr\/wp-json\/wp\/v2\/product_cat?post=8165"},{"taxonomy":"product_tag","embeddable":true,"href":"https:\/\/distribuidorcintastesa.es\/fr\/wp-json\/wp\/v2\/product_tag?post=8165"}],"curies":[{"name":"wp","href":"https:\/\/api.w.org\/{rel}","templated":true}]}}