{"id":8084,"date":"2024-12-19T16:27:36","date_gmt":"2024-12-19T14:48:43","guid":{"rendered":"https:\/\/distribuidorcintastesa.es\/?post_type=product&#038;p=8084"},"modified":"2025-01-08T10:52:47","modified_gmt":"2025-01-08T10:52:47","slug":"tesa-51608-ruban-de-non-tisse","status":"publish","type":"product","link":"https:\/\/distribuidorcintastesa.es\/fr\/producto\/tesa-51608-ruban-de-non-tisse\/","title":{"rendered":"Tesa 51608 Ruban de non-tiss\u00e9"},"content":{"rendered":"<p>Le Tesa 51608 Ruban de non-tiss\u00e9 est un ruban en polyester (PET) avec un adh\u00e9sif en caoutchouc. Il est con\u00e7u pour regrouper les faisceaux de c\u00e2bles dans l&rsquo;habitacle des v\u00e9hicules, en offrant une absorption du bruit, une r\u00e9sistance \u00e0 l&rsquo;abrasion et une flexibilit\u00e9. La fixation du faisceau est solide, mais permet un assemblage facile et flexible. En outre, il r\u00e9siste au vieillissement et peut \u00eatre coup\u00e9 \u00e0 la main.<\/p>\n<p><strong style=\"color: #000000; font-size: 24px;\">Achat en ligne<\/strong><\/p>\n<h4><a href=\"https:\/\/solbi-mural.com\/fr\/rubans-adhesifs-une-face\/320-tesa-tesa-ruban-isolant-en-molleton-51608-rouleaux-de-25m-x-19mm-x-280mic-4005800084232.html\" target=\"_blank\" rel=\"noopener\"><span style=\"color: #3366ff;\">51608<\/span><\/a><\/h4>\n<p>&nbsp;<\/p>\n<p>Disponible en diff\u00e9rentes largeurs, 9, 19 et 32 mm.<\/p>\n<p><strong style=\"font-size: 1.3em;\">Caract\u00e9ristiques<\/strong><\/p>\n<ul>\n<li>Tesa 51608 Fleece Tape est optimis\u00e9 pour une application manuelle et une d\u00e9coupe rapides.<\/li>\n<li>Comporte un adh\u00e9sif en caoutchouc<\/li>\n<li>Amortissement du bruit<\/li>\n<li>R\u00e9sistance de base \u00e0 l&rsquo;abrasion et bonne r\u00e9sistance au vieillissement<\/li>\n<li>Allongement \u00e0 la rupture de 20 %, r\u00e9sistance \u00e0 la traction de 37 N\/cm, r\u00e9sistance \u00e0 la temp\u00e9rature entre -40 \u00b0C et 105 \u00b0C, amortissement du bruit classe C, r\u00e9sistance \u00e0 l&rsquo;abrasion classe A avec un mandrin de 5 mm et classe B avec un mandrin de 10 mm et force de d\u00e9roulement 9 N\/rouleau (30 m\/min)<\/li>\n<li>Adh\u00e9rence sur l&rsquo;acier : 3 N\/cm<\/li>\n<li>Couleur noire<\/li>\n<\/ul>\n<p><strong style=\"font-size: 1.3em;\">Applications <\/strong><\/p>\n<ul>\n<li>Le ruban molletonn\u00e9 51608 de Tesa est id\u00e9al pour une vari\u00e9t\u00e9 d&rsquo;applications dans l&rsquo;industrie automobile. L&rsquo;une de ses principales applications est le regroupement des faisceaux de c\u00e2bles dans l&rsquo;habitacle, o\u00f9 son absorption du bruit et sa r\u00e9sistance \u00e0 l&rsquo;abrasion garantissent une installation durable et silencieuse.<\/li>\n<li>Excellent pour prot\u00e9ger les c\u00e2bles dans les zones du v\u00e9hicule expos\u00e9es \u00e0 des vibrations constantes, il \u00e9vite les dommages et prolonge la dur\u00e9e de vie des composants \u00e9lectriques.<\/li>\n<li>Sa flexibilit\u00e9 et sa facilit\u00e9 de coupe \u00e0 la main le rendent parfait pour les r\u00e9parations rapides et personnalis\u00e9es des syst\u00e8mes de c\u00e2blage, en s&rsquo;adaptant aux diff\u00e9rentes configurations et aux besoins sp\u00e9cifiques.<\/li>\n<\/ul>\n<h4><strong>Autres produits int\u00e9ressants<\/strong><\/h4>\n<ul>\n<li style=\"list-style-type: none;\">\n<ul>\n<li><a href=\"https:\/\/distribuidorcintastesa.es\/fr\/produits\/\" target=\"_blank\" rel=\"noopener\">Catalogue des produits<\/a><\/li>\n<\/ul>\n<\/li>\n<\/ul>\n","protected":false},"excerpt":{"rendered":"<p>Le Tesa 51608 Ruban de non-tiss\u00e9 est un ruban en polyester (PET) avec un adh\u00e9sif en caoutchouc. Il est con\u00e7u pour regrouper les faisceaux de c\u00e2bles dans l&rsquo;habitacle des v\u00e9hicules, en offrant une absorption du bruit, une r\u00e9sistance \u00e0 l&rsquo;abrasion et une flexibilit\u00e9. La fixation du faisceau est solide, mais permet un assemblage facile et [&hellip;]<\/p>\n","protected":false},"featured_media":8078,"template":"","meta":{"site-sidebar-layout":"default","site-content-layout":"","ast-site-content-layout":"default","site-content-style":"default","site-sidebar-style":"default","ast-global-header-display":"","ast-banner-title-visibility":"","ast-main-header-display":"","ast-hfb-above-header-display":"","ast-hfb-below-header-display":"","ast-hfb-mobile-header-display":"","site-post-title":"","ast-breadcrumbs-content":"","ast-featured-img":"","footer-sml-layout":"","ast-disable-related-posts":"","theme-transparent-header-meta":"default","adv-header-id-meta":"","stick-header-meta":"","header-above-stick-meta":"","header-main-stick-meta":"","header-below-stick-meta":"","astra-migrate-meta-layouts":"set","ast-page-background-enabled":"default","ast-page-background-meta":{"desktop":{"background-color":"","background-image":"","background-repeat":"repeat","background-position":"center center","background-size":"auto","background-attachment":"scroll","background-type":"","background-media":"","overlay-type":"","overlay-color":"","overlay-opacity":"","overlay-gradient":""},"tablet":{"background-color":"","background-image":"","background-repeat":"repeat","background-position":"center center","background-size":"auto","background-attachment":"scroll","background-type":"","background-media":"","overlay-type":"","overlay-color":"","overlay-opacity":"","overlay-gradient":""},"mobile":{"background-color":"","background-image":"","background-repeat":"repeat","background-position":"center center","background-size":"auto","background-attachment":"scroll","background-type":"","background-media":"","overlay-type":"","overlay-color":"","overlay-opacity":"","overlay-gradient":""}},"ast-content-background-meta":{"desktop":{"background-color":"var(--ast-global-color-5)","background-image":"","background-repeat":"repeat","background-position":"center center","background-size":"auto","background-attachment":"scroll","background-type":"","background-media":"","overlay-type":"","overlay-color":"","overlay-opacity":"","overlay-gradient":""},"tablet":{"background-color":"var(--ast-global-color-5)","background-image":"","background-repeat":"repeat","background-position":"center center","background-size":"auto","background-attachment":"scroll","background-type":"","background-media":"","overlay-type":"","overlay-color":"","overlay-opacity":"","overlay-gradient":""},"mobile":{"background-color":"var(--ast-global-color-5)","background-image":"","background-repeat":"repeat","background-position":"center center","background-size":"auto","background-attachment":"scroll","background-type":"","background-media":"","overlay-type":"","overlay-color":"","overlay-opacity":"","overlay-gradient":""}}},"product_brand":[],"product_cat":[186],"product_tag":[4023,4024,4022,4025],"class_list":{"0":"post-8084","1":"product","2":"type-product","3":"status-publish","4":"has-post-thumbnail","6":"product_cat-ruban-isolant","7":"product_tag-ruban-disolation-thermique","8":"product_tag-ruban-de-molleton","9":"product_tag-ruban-isolant-electrique","10":"product_tag-tesa-51608-fr","11":"desktop-align-center","12":"tablet-align-center","13":"mobile-align-center","15":"first","16":"instock","17":"shipping-taxable","18":"product-type-simple"},"yoast_head":"<!-- This site is optimized with the Yoast SEO Premium plugin v27.2 (Yoast SEO v27.2) - https:\/\/yoast.com\/product\/yoast-seo-premium-wordpress\/ -->\n<title>Tesa 51608 Ruban de non-tiss\u00e9<\/title>\n<meta name=\"description\" content=\"Tesa 51608 Ruban de non-tiss\u00e9 pour la mise en faisceau et la protection des c\u00e2bles dans les v\u00e9hicules. Absorption du bruit et r\u00e9sistance \u00e0 l&#039;abrasion.\" \/>\n<meta name=\"robots\" content=\"index, follow, max-snippet:-1, max-image-preview:large, max-video-preview:-1\" \/>\n<link rel=\"canonical\" href=\"https:\/\/distribuidorcintastesa.es\/fr\/producto\/tesa-51608-ruban-de-non-tisse\/\" \/>\n<meta property=\"og:locale\" content=\"fr_FR\" \/>\n<meta property=\"og:type\" content=\"article\" \/>\n<meta property=\"og:title\" content=\"Tesa 51608 Ruban de non-tiss\u00e9\" \/>\n<meta property=\"og:description\" content=\"Tesa 51608 Ruban de non-tiss\u00e9 pour la mise en faisceau et la protection des c\u00e2bles dans les v\u00e9hicules. Absorption du bruit et r\u00e9sistance \u00e0 l&#039;abrasion.\" \/>\n<meta property=\"og:url\" content=\"https:\/\/distribuidorcintastesa.es\/fr\/producto\/tesa-51608-ruban-de-non-tisse\/\" \/>\n<meta property=\"og:site_name\" content=\"Distribuidor de cintas tesa, cintas tesa, tesa cintas, distribuidor tesa, tesa productos, productos tesa, tesa distribuidores, http:\/\/www.http:\/\/distribuidorcintas3m.es, Mejores ofertas en cintas\" \/>\n<meta property=\"article:modified_time\" content=\"2025-01-08T10:52:47+00:00\" \/>\n<meta property=\"og:image\" content=\"https:\/\/distribuidorcintastesa.es\/wp-content\/uploads\/2024\/12\/Cinta-de-Vellon-Tesa-51608.jpg\" \/>\n\t<meta property=\"og:image:width\" content=\"800\" \/>\n\t<meta property=\"og:image:height\" content=\"800\" \/>\n\t<meta property=\"og:image:type\" content=\"image\/jpeg\" \/>\n<meta name=\"twitter:card\" content=\"summary_large_image\" \/>\n<meta name=\"twitter:label1\" content=\"Dur\u00e9e de lecture estim\u00e9e\" \/>\n\t<meta name=\"twitter:data1\" content=\"2 minutes\" \/>\n<script type=\"application\/ld+json\" class=\"yoast-schema-graph\">{\"@context\":\"https:\/\/schema.org\",\"@graph\":[{\"@type\":\"WebPage\",\"@id\":\"https:\/\/distribuidorcintastesa.es\/fr\/producto\/tesa-51608-ruban-de-non-tisse\/\",\"url\":\"https:\/\/distribuidorcintastesa.es\/fr\/producto\/tesa-51608-ruban-de-non-tisse\/\",\"name\":\"Tesa 51608 Ruban de non-tiss\u00e9\",\"isPartOf\":{\"@id\":\"https:\/\/distribuidorcintastesa.es\/fr\/#website\"},\"primaryImageOfPage\":{\"@id\":\"https:\/\/distribuidorcintastesa.es\/fr\/producto\/tesa-51608-ruban-de-non-tisse\/#primaryimage\"},\"image\":{\"@id\":\"https:\/\/distribuidorcintastesa.es\/fr\/producto\/tesa-51608-ruban-de-non-tisse\/#primaryimage\"},\"thumbnailUrl\":\"https:\/\/distribuidorcintastesa.es\/wp-content\/uploads\/2024\/12\/Cinta-de-Vellon-Tesa-51608.jpg\",\"datePublished\":\"2024-12-19T14:48:43+00:00\",\"dateModified\":\"2025-01-08T10:52:47+00:00\",\"description\":\"Tesa 51608 Ruban de non-tiss\u00e9 pour la mise en faisceau et la protection des c\u00e2bles dans les v\u00e9hicules. Absorption du bruit et r\u00e9sistance \u00e0 l'abrasion.\",\"breadcrumb\":{\"@id\":\"https:\/\/distribuidorcintastesa.es\/fr\/producto\/tesa-51608-ruban-de-non-tisse\/#breadcrumb\"},\"inLanguage\":\"fr-FR\",\"potentialAction\":[{\"@type\":\"ReadAction\",\"target\":[\"https:\/\/distribuidorcintastesa.es\/fr\/producto\/tesa-51608-ruban-de-non-tisse\/\"]}]},{\"@type\":\"ImageObject\",\"inLanguage\":\"fr-FR\",\"@id\":\"https:\/\/distribuidorcintastesa.es\/fr\/producto\/tesa-51608-ruban-de-non-tisse\/#primaryimage\",\"url\":\"https:\/\/distribuidorcintastesa.es\/wp-content\/uploads\/2024\/12\/Cinta-de-Vellon-Tesa-51608.jpg\",\"contentUrl\":\"https:\/\/distribuidorcintastesa.es\/wp-content\/uploads\/2024\/12\/Cinta-de-Vellon-Tesa-51608.jpg\",\"width\":800,\"height\":800,\"caption\":\"Tesa 51608 Ruban de non-tiss\u00e9\"},{\"@type\":\"BreadcrumbList\",\"@id\":\"https:\/\/distribuidorcintastesa.es\/fr\/producto\/tesa-51608-ruban-de-non-tisse\/#breadcrumb\",\"itemListElement\":[{\"@type\":\"ListItem\",\"position\":1,\"name\":\"Portada\",\"item\":\"https:\/\/distribuidorcintastesa.es\/fr\/\"},{\"@type\":\"ListItem\",\"position\":2,\"name\":\"Produits\",\"item\":\"https:\/\/distribuidorcintastesa.es\/fr\/produits\/\"},{\"@type\":\"ListItem\",\"position\":3,\"name\":\"Tesa 51608 Ruban de non-tiss\u00e9\"}]},{\"@type\":\"WebSite\",\"@id\":\"https:\/\/distribuidorcintastesa.es\/fr\/#website\",\"url\":\"https:\/\/distribuidorcintastesa.es\/fr\/\",\"name\":\"Distribuidor de cintas tesa\",\"description\":\"Distribuidor de cintas tesa, cintas tesa, tesa cintas, distribuidor tesa, tesa productos, productos tesa, tesa distribuidores, cintas y adhesivos, tesa cinta doble cara, cinta tesa doble cara, adhesivos tesa, cinta antideslizante, velcro tesa, cinta reflectante, tesa supergen, softprint, cinta doble cara tesa, selladores y adhesivos, cintas adhesivas de doble cara, cintas de aluminio, cintas de vinilo para se\u00f1alizaci\u00f3n, cintas de tela americanas, cintas de papel para enmascarar, cintas para embalaje\",\"publisher\":{\"@id\":\"https:\/\/distribuidorcintastesa.es\/fr\/#organization\"},\"potentialAction\":[{\"@type\":\"SearchAction\",\"target\":{\"@type\":\"EntryPoint\",\"urlTemplate\":\"https:\/\/distribuidorcintastesa.es\/fr\/?s={search_term_string}\"},\"query-input\":{\"@type\":\"PropertyValueSpecification\",\"valueRequired\":true,\"valueName\":\"search_term_string\"}}],\"inLanguage\":\"fr-FR\"},{\"@type\":\"Organization\",\"@id\":\"https:\/\/distribuidorcintastesa.es\/fr\/#organization\",\"name\":\"Distribuidor de cintas tesa\",\"url\":\"https:\/\/distribuidorcintastesa.es\/fr\/\",\"logo\":{\"@type\":\"ImageObject\",\"inLanguage\":\"fr-FR\",\"@id\":\"https:\/\/distribuidorcintastesa.es\/fr\/#\/schema\/logo\/image\/\",\"url\":\"https:\/\/distribuidorcintastesa.es\/wp-content\/uploads\/2022\/10\/logo-espanol-portugues.png\",\"contentUrl\":\"https:\/\/distribuidorcintastesa.es\/wp-content\/uploads\/2022\/10\/logo-espanol-portugues.png\",\"width\":871,\"height\":142,\"caption\":\"Distribuidor de cintas tesa\"},\"image\":{\"@id\":\"https:\/\/distribuidorcintastesa.es\/fr\/#\/schema\/logo\/image\/\"},\"sameAs\":[\"https:\/\/muralsrd.com\/\",\"https:\/\/solbi-mural.com\/es\/\",\"https:\/\/distribuidor-cintas-adhesivas.es\",\"https:\/\/www.instagram.com\/solbimural\/?igsh=ZnR6ZmkzZm1ubWhl\"]}]}<\/script>\n<!-- \/ Yoast SEO Premium plugin. -->","yoast_head_json":{"title":"Tesa 51608 Ruban de non-tiss\u00e9","description":"Tesa 51608 Ruban de non-tiss\u00e9 pour la mise en faisceau et la protection des c\u00e2bles dans les v\u00e9hicules. Absorption du bruit et r\u00e9sistance \u00e0 l'abrasion.","robots":{"index":"index","follow":"follow","max-snippet":"max-snippet:-1","max-image-preview":"max-image-preview:large","max-video-preview":"max-video-preview:-1"},"canonical":"https:\/\/distribuidorcintastesa.es\/fr\/producto\/tesa-51608-ruban-de-non-tisse\/","og_locale":"fr_FR","og_type":"article","og_title":"Tesa 51608 Ruban de non-tiss\u00e9","og_description":"Tesa 51608 Ruban de non-tiss\u00e9 pour la mise en faisceau et la protection des c\u00e2bles dans les v\u00e9hicules. Absorption du bruit et r\u00e9sistance \u00e0 l'abrasion.","og_url":"https:\/\/distribuidorcintastesa.es\/fr\/producto\/tesa-51608-ruban-de-non-tisse\/","og_site_name":"Distribuidor de cintas tesa, cintas tesa, tesa cintas, distribuidor tesa, tesa productos, productos tesa, tesa distribuidores, http:\/\/www.http:\/\/distribuidorcintas3m.es, Mejores ofertas en cintas","article_modified_time":"2025-01-08T10:52:47+00:00","og_image":[{"width":800,"height":800,"url":"https:\/\/distribuidorcintastesa.es\/wp-content\/uploads\/2024\/12\/Cinta-de-Vellon-Tesa-51608.jpg","type":"image\/jpeg"}],"twitter_card":"summary_large_image","twitter_misc":{"Dur\u00e9e de lecture estim\u00e9e":"2 minutes"},"schema":{"@context":"https:\/\/schema.org","@graph":[{"@type":"WebPage","@id":"https:\/\/distribuidorcintastesa.es\/fr\/producto\/tesa-51608-ruban-de-non-tisse\/","url":"https:\/\/distribuidorcintastesa.es\/fr\/producto\/tesa-51608-ruban-de-non-tisse\/","name":"Tesa 51608 Ruban de non-tiss\u00e9","isPartOf":{"@id":"https:\/\/distribuidorcintastesa.es\/fr\/#website"},"primaryImageOfPage":{"@id":"https:\/\/distribuidorcintastesa.es\/fr\/producto\/tesa-51608-ruban-de-non-tisse\/#primaryimage"},"image":{"@id":"https:\/\/distribuidorcintastesa.es\/fr\/producto\/tesa-51608-ruban-de-non-tisse\/#primaryimage"},"thumbnailUrl":"https:\/\/distribuidorcintastesa.es\/wp-content\/uploads\/2024\/12\/Cinta-de-Vellon-Tesa-51608.jpg","datePublished":"2024-12-19T14:48:43+00:00","dateModified":"2025-01-08T10:52:47+00:00","description":"Tesa 51608 Ruban de non-tiss\u00e9 pour la mise en faisceau et la protection des c\u00e2bles dans les v\u00e9hicules. Absorption du bruit et r\u00e9sistance \u00e0 l'abrasion.","breadcrumb":{"@id":"https:\/\/distribuidorcintastesa.es\/fr\/producto\/tesa-51608-ruban-de-non-tisse\/#breadcrumb"},"inLanguage":"fr-FR","potentialAction":[{"@type":"ReadAction","target":["https:\/\/distribuidorcintastesa.es\/fr\/producto\/tesa-51608-ruban-de-non-tisse\/"]}]},{"@type":"ImageObject","inLanguage":"fr-FR","@id":"https:\/\/distribuidorcintastesa.es\/fr\/producto\/tesa-51608-ruban-de-non-tisse\/#primaryimage","url":"https:\/\/distribuidorcintastesa.es\/wp-content\/uploads\/2024\/12\/Cinta-de-Vellon-Tesa-51608.jpg","contentUrl":"https:\/\/distribuidorcintastesa.es\/wp-content\/uploads\/2024\/12\/Cinta-de-Vellon-Tesa-51608.jpg","width":800,"height":800,"caption":"Tesa 51608 Ruban de non-tiss\u00e9"},{"@type":"BreadcrumbList","@id":"https:\/\/distribuidorcintastesa.es\/fr\/producto\/tesa-51608-ruban-de-non-tisse\/#breadcrumb","itemListElement":[{"@type":"ListItem","position":1,"name":"Portada","item":"https:\/\/distribuidorcintastesa.es\/fr\/"},{"@type":"ListItem","position":2,"name":"Produits","item":"https:\/\/distribuidorcintastesa.es\/fr\/produits\/"},{"@type":"ListItem","position":3,"name":"Tesa 51608 Ruban de non-tiss\u00e9"}]},{"@type":"WebSite","@id":"https:\/\/distribuidorcintastesa.es\/fr\/#website","url":"https:\/\/distribuidorcintastesa.es\/fr\/","name":"Distribuidor de cintas tesa","description":"Distribuidor de cintas tesa, cintas tesa, tesa cintas, distribuidor tesa, tesa productos, productos tesa, tesa distribuidores, cintas y adhesivos, tesa cinta doble cara, cinta tesa doble cara, adhesivos tesa, cinta antideslizante, velcro tesa, cinta reflectante, tesa supergen, softprint, cinta doble cara tesa, selladores y adhesivos, cintas adhesivas de doble cara, cintas de aluminio, cintas de vinilo para se\u00f1alizaci\u00f3n, cintas de tela americanas, cintas de papel para enmascarar, cintas para embalaje","publisher":{"@id":"https:\/\/distribuidorcintastesa.es\/fr\/#organization"},"potentialAction":[{"@type":"SearchAction","target":{"@type":"EntryPoint","urlTemplate":"https:\/\/distribuidorcintastesa.es\/fr\/?s={search_term_string}"},"query-input":{"@type":"PropertyValueSpecification","valueRequired":true,"valueName":"search_term_string"}}],"inLanguage":"fr-FR"},{"@type":"Organization","@id":"https:\/\/distribuidorcintastesa.es\/fr\/#organization","name":"Distribuidor de cintas tesa","url":"https:\/\/distribuidorcintastesa.es\/fr\/","logo":{"@type":"ImageObject","inLanguage":"fr-FR","@id":"https:\/\/distribuidorcintastesa.es\/fr\/#\/schema\/logo\/image\/","url":"https:\/\/distribuidorcintastesa.es\/wp-content\/uploads\/2022\/10\/logo-espanol-portugues.png","contentUrl":"https:\/\/distribuidorcintastesa.es\/wp-content\/uploads\/2022\/10\/logo-espanol-portugues.png","width":871,"height":142,"caption":"Distribuidor de cintas tesa"},"image":{"@id":"https:\/\/distribuidorcintastesa.es\/fr\/#\/schema\/logo\/image\/"},"sameAs":["https:\/\/muralsrd.com\/","https:\/\/solbi-mural.com\/es\/","https:\/\/distribuidor-cintas-adhesivas.es","https:\/\/www.instagram.com\/solbimural\/?igsh=ZnR6ZmkzZm1ubWhl"]}]}},"_links":{"self":[{"href":"https:\/\/distribuidorcintastesa.es\/fr\/wp-json\/wp\/v2\/product\/8084","targetHints":{"allow":["GET"]}}],"collection":[{"href":"https:\/\/distribuidorcintastesa.es\/fr\/wp-json\/wp\/v2\/product"}],"about":[{"href":"https:\/\/distribuidorcintastesa.es\/fr\/wp-json\/wp\/v2\/types\/product"}],"wp:featuredmedia":[{"embeddable":true,"href":"https:\/\/distribuidorcintastesa.es\/fr\/wp-json\/wp\/v2\/media\/8078"}],"wp:attachment":[{"href":"https:\/\/distribuidorcintastesa.es\/fr\/wp-json\/wp\/v2\/media?parent=8084"}],"wp:term":[{"taxonomy":"product_brand","embeddable":true,"href":"https:\/\/distribuidorcintastesa.es\/fr\/wp-json\/wp\/v2\/product_brand?post=8084"},{"taxonomy":"product_cat","embeddable":true,"href":"https:\/\/distribuidorcintastesa.es\/fr\/wp-json\/wp\/v2\/product_cat?post=8084"},{"taxonomy":"product_tag","embeddable":true,"href":"https:\/\/distribuidorcintastesa.es\/fr\/wp-json\/wp\/v2\/product_tag?post=8084"}],"curies":[{"name":"wp","href":"https:\/\/api.w.org\/{rel}","templated":true}]}}