{"id":8061,"date":"2024-12-18T11:01:39","date_gmt":"2024-12-18T11:01:39","guid":{"rendered":"https:\/\/distribuidorcintastesa.es\/?post_type=product&#038;p=8061"},"modified":"2025-01-20T14:11:17","modified_gmt":"2025-01-20T14:11:17","slug":"tesa-4101-pv2","status":"publish","type":"product","link":"https:\/\/distribuidorcintastesa.es\/fr\/producto\/tesa-4101-pv2\/","title":{"rendered":"Tesa\u00ae 4101 PV2"},"content":{"rendered":"<p>Le ruban d&#8217;emballage Tesa\u00ae 4101 PV2 est compos\u00e9 d&rsquo;un support en hydrate de cellulose, un mat\u00e9riau durable dot\u00e9 d&rsquo;une grande rigidit\u00e9 et d&rsquo;une bo\u00eete de charge \u00e9lectrostatique, et d&rsquo;un adh\u00e9sif en caoutchouc. Le scell\u00e9 est un outil essentiel dans de multiples applications. Sa polyvalence lui permet d&rsquo;\u00eatre utilis\u00e9 dans les activit\u00e9s d&#8217;emballage, garantissant l&rsquo;int\u00e9grit\u00e9 des bo\u00eetes et des paquets pendant le transport. En outre, le scell\u00e9 color\u00e9 est tr\u00e8s utile pour l&rsquo;identification rapide et facile des exp\u00e9ditions, facilitant le tri et l&rsquo;organisation dans les entrep\u00f4ts et les centres de distribution. Le ruban transparent est id\u00e9al pour les applications o\u00f9 il est n\u00e9cessaire de maintenir la visibilit\u00e9 du contenu ou des \u00e9tiquettes sous le ruban. La force et la durabilit\u00e9 de l&rsquo;adh\u00e9sif garantissent que les colis restent ferm\u00e9s et s\u00e9curis\u00e9s jusqu&rsquo;\u00e0 leur destination finale.<\/p>\n<p><strong style=\"color: #000000; font-size: 24px;\">Achat en ligne<\/strong><\/p>\n<h4><a href=\"https:\/\/solbi-mural.com\/fr\/sceau-strapping\/572-tesa-ruban-de-scellage-pour-petits-paquets-4101-rouleau-de-66m-x-25mm.html\" target=\"_blank\" rel=\"noopener\"><span style=\"color: #3366ff;\">4101<\/span><\/a><\/h4>\n<p>&nbsp;<\/p>\n<p>Disponible en diff\u00e9rentes largeurs, 12, 19, 25 et 50 mm.<\/p>\n<p><strong style=\"font-size: 1.3em;\">Caract\u00e9ristiques<\/strong><\/p>\n<ul>\n<li>Tesa\u00ae 4101 PV2 est compatible avec les distributeurs manuels.<\/li>\n<li>Comporte un adh\u00e9sif en caoutchouc naturel et synth\u00e9tique<\/li>\n<li>D\u00e9roulement facile<\/li>\n<li>Peut \u00eatre coup\u00e9 \u00e0 la main<\/li>\n<li>Support en hydrate de cellulose<\/li>\n<li>Adh\u00e9sion sur l&rsquo;acier : 5 N\/cm<\/li>\n<li>Epaisseur totale 51 \u00b5m<\/li>\n<li>Couleur transparente<\/li>\n<\/ul>\n<p><strong style=\"font-size: 1.3em;\">Applications<\/strong><\/p>\n<ul>\n<li>Ce ruban convient parfaitement pour s\u00e9curiser les paquets, les cartons et les bo\u00eetes de conserve, en veillant \u00e0 ce qu&rsquo;ils restent scell\u00e9s pendant le transport et le stockage.<\/li>\n<li>Regroupement de produits : parfait pour regrouper plusieurs articles, tels que des bouteilles ou des bo\u00eetes de conserve, en paquets plus faciles \u00e0 g\u00e9rer pour le transport et la vente.<\/li>\n<\/ul>\n<h4><strong>Autres produits int\u00e9ressants<\/strong><\/h4>\n<ul>\n<li style=\"list-style-type: none;\">\n<ul>\n<li><a href=\"https:\/\/distribuidorcintastesa.es\/fr\/producto\/tesa-professionnel-4024\/\" target=\"_blank\" rel=\"noopener\">4024<\/a><\/li>\n<li><a href=\"https:\/\/distribuidorcintastesa.es\/fr\/producto\/ruban-tesa-4089\/\" target=\"_blank\" rel=\"noopener\">4089<\/a><\/li>\n<li><a href=\"https:\/\/solbi-mural.com\/fr\/appareils-distributeur-bandes-adhesives\/365-tesa-dispenser-de-ruban-emballage-56404.html\" target=\"_blank\" rel=\"noopener\">Distributeur de ruban adh\u00e9sif<\/a><\/li>\n<li><a href=\"https:\/\/solbi-mural.com\/fr\/appareils-distributeur-bandes-adhesives\/688-tesa-6012-distributeur-manuel-de-table-pour-rubans-adhesifs.html\" target=\"_blank\" rel=\"noopener\">Distributeur de ruban adh\u00e9sif de table<\/a><\/li>\n<\/ul>\n<\/li>\n<\/ul>\n","protected":false},"excerpt":{"rendered":"<p>Le ruban d&#8217;emballage Tesa\u00ae 4101 PV2 est compos\u00e9 d&rsquo;un support en hydrate de cellulose, un mat\u00e9riau durable dot\u00e9 d&rsquo;une grande rigidit\u00e9 et d&rsquo;une bo\u00eete de charge \u00e9lectrostatique, et d&rsquo;un adh\u00e9sif en caoutchouc. Le scell\u00e9 est un outil essentiel dans de multiples applications. Sa polyvalence lui permet d&rsquo;\u00eatre utilis\u00e9 dans les activit\u00e9s d&#8217;emballage, garantissant l&rsquo;int\u00e9grit\u00e9 des [&hellip;]<\/p>\n","protected":false},"featured_media":8065,"template":"","meta":{"site-sidebar-layout":"default","site-content-layout":"","ast-site-content-layout":"default","site-content-style":"default","site-sidebar-style":"default","ast-global-header-display":"","ast-banner-title-visibility":"","ast-main-header-display":"","ast-hfb-above-header-display":"","ast-hfb-below-header-display":"","ast-hfb-mobile-header-display":"","site-post-title":"","ast-breadcrumbs-content":"","ast-featured-img":"","footer-sml-layout":"","ast-disable-related-posts":"","theme-transparent-header-meta":"default","adv-header-id-meta":"","stick-header-meta":"","header-above-stick-meta":"","header-main-stick-meta":"","header-below-stick-meta":"","astra-migrate-meta-layouts":"set","ast-page-background-enabled":"default","ast-page-background-meta":{"desktop":{"background-color":"","background-image":"","background-repeat":"repeat","background-position":"center center","background-size":"auto","background-attachment":"scroll","background-type":"","background-media":"","overlay-type":"","overlay-color":"","overlay-opacity":"","overlay-gradient":""},"tablet":{"background-color":"","background-image":"","background-repeat":"repeat","background-position":"center center","background-size":"auto","background-attachment":"scroll","background-type":"","background-media":"","overlay-type":"","overlay-color":"","overlay-opacity":"","overlay-gradient":""},"mobile":{"background-color":"","background-image":"","background-repeat":"repeat","background-position":"center center","background-size":"auto","background-attachment":"scroll","background-type":"","background-media":"","overlay-type":"","overlay-color":"","overlay-opacity":"","overlay-gradient":""}},"ast-content-background-meta":{"desktop":{"background-color":"var(--ast-global-color-5)","background-image":"","background-repeat":"repeat","background-position":"center center","background-size":"auto","background-attachment":"scroll","background-type":"","background-media":"","overlay-type":"","overlay-color":"","overlay-opacity":"","overlay-gradient":""},"tablet":{"background-color":"var(--ast-global-color-5)","background-image":"","background-repeat":"repeat","background-position":"center center","background-size":"auto","background-attachment":"scroll","background-type":"","background-media":"","overlay-type":"","overlay-color":"","overlay-opacity":"","overlay-gradient":""},"mobile":{"background-color":"var(--ast-global-color-5)","background-image":"","background-repeat":"repeat","background-position":"center center","background-size":"auto","background-attachment":"scroll","background-type":"","background-media":"","overlay-type":"","overlay-color":"","overlay-opacity":"","overlay-gradient":""}}},"product_brand":[],"product_cat":[2501],"product_tag":[4008,4015],"class_list":{"0":"post-8061","1":"product","2":"type-product","3":"status-publish","4":"has-post-thumbnail","6":"product_cat-rubans-demballage","7":"product_tag-sceau-professionnel-tesa","8":"product_tag-tesa-4101-fr","9":"desktop-align-center","10":"tablet-align-center","11":"mobile-align-center","13":"first","14":"instock","15":"shipping-taxable","16":"product-type-simple"},"yoast_head":"<!-- This site is optimized with the Yoast SEO Premium plugin v27.2 (Yoast SEO v27.2) - https:\/\/yoast.com\/product\/yoast-seo-premium-wordpress\/ -->\n<title>Tesa\u00ae 4101 PV2<\/title>\n<meta name=\"description\" content=\"Tesa\u00ae 4101 PV2 con\u00e7u pour s\u00e9curiser les paquets et les cartons, en veillant \u00e0 ce qu&#039;ils restent scell\u00e9s pendant le transport et le stockage.\" \/>\n<meta name=\"robots\" content=\"index, follow, max-snippet:-1, max-image-preview:large, max-video-preview:-1\" \/>\n<link rel=\"canonical\" href=\"https:\/\/distribuidorcintastesa.es\/fr\/producto\/tesa-4101-pv2\/\" \/>\n<meta property=\"og:locale\" content=\"fr_FR\" \/>\n<meta property=\"og:type\" content=\"article\" \/>\n<meta property=\"og:title\" content=\"Tesa\u00ae 4101 PV2\" \/>\n<meta property=\"og:description\" content=\"Tesa\u00ae 4101 PV2 con\u00e7u pour s\u00e9curiser les paquets et les cartons, en veillant \u00e0 ce qu&#039;ils restent scell\u00e9s pendant le transport et le stockage.\" \/>\n<meta property=\"og:url\" content=\"https:\/\/distribuidorcintastesa.es\/fr\/producto\/tesa-4101-pv2\/\" \/>\n<meta property=\"og:site_name\" content=\"Distribuidor de cintas tesa, cintas tesa, tesa cintas, distribuidor tesa, tesa productos, productos tesa, tesa distribuidores, http:\/\/www.http:\/\/distribuidorcintas3m.es, Mejores ofertas en cintas\" \/>\n<meta property=\"article:modified_time\" content=\"2025-01-20T14:11:17+00:00\" \/>\n<meta property=\"og:image\" content=\"https:\/\/distribuidorcintastesa.es\/wp-content\/uploads\/2024\/12\/Cinta-de-embalaje-4101-TESA-transparente.png\" \/>\n\t<meta property=\"og:image:width\" content=\"800\" \/>\n\t<meta property=\"og:image:height\" content=\"800\" \/>\n\t<meta property=\"og:image:type\" content=\"image\/png\" \/>\n<meta name=\"twitter:card\" content=\"summary_large_image\" \/>\n<meta name=\"twitter:label1\" content=\"Dur\u00e9e de lecture estim\u00e9e\" \/>\n\t<meta name=\"twitter:data1\" content=\"2 minutes\" \/>\n<script type=\"application\/ld+json\" class=\"yoast-schema-graph\">{\"@context\":\"https:\/\/schema.org\",\"@graph\":[{\"@type\":\"WebPage\",\"@id\":\"https:\/\/distribuidorcintastesa.es\/fr\/producto\/tesa-4101-pv2\/\",\"url\":\"https:\/\/distribuidorcintastesa.es\/fr\/producto\/tesa-4101-pv2\/\",\"name\":\"Tesa\u00ae 4101 PV2\",\"isPartOf\":{\"@id\":\"https:\/\/distribuidorcintastesa.es\/fr\/#website\"},\"primaryImageOfPage\":{\"@id\":\"https:\/\/distribuidorcintastesa.es\/fr\/producto\/tesa-4101-pv2\/#primaryimage\"},\"image\":{\"@id\":\"https:\/\/distribuidorcintastesa.es\/fr\/producto\/tesa-4101-pv2\/#primaryimage\"},\"thumbnailUrl\":\"https:\/\/distribuidorcintastesa.es\/wp-content\/uploads\/2024\/12\/Cinta-de-embalaje-4101-TESA-transparente.png\",\"datePublished\":\"2024-12-18T11:01:39+00:00\",\"dateModified\":\"2025-01-20T14:11:17+00:00\",\"description\":\"Tesa\u00ae 4101 PV2 con\u00e7u pour s\u00e9curiser les paquets et les cartons, en veillant \u00e0 ce qu'ils restent scell\u00e9s pendant le transport et le stockage.\",\"breadcrumb\":{\"@id\":\"https:\/\/distribuidorcintastesa.es\/fr\/producto\/tesa-4101-pv2\/#breadcrumb\"},\"inLanguage\":\"fr-FR\",\"potentialAction\":[{\"@type\":\"ReadAction\",\"target\":[\"https:\/\/distribuidorcintastesa.es\/fr\/producto\/tesa-4101-pv2\/\"]}]},{\"@type\":\"ImageObject\",\"inLanguage\":\"fr-FR\",\"@id\":\"https:\/\/distribuidorcintastesa.es\/fr\/producto\/tesa-4101-pv2\/#primaryimage\",\"url\":\"https:\/\/distribuidorcintastesa.es\/wp-content\/uploads\/2024\/12\/Cinta-de-embalaje-4101-TESA-transparente.png\",\"contentUrl\":\"https:\/\/distribuidorcintastesa.es\/wp-content\/uploads\/2024\/12\/Cinta-de-embalaje-4101-TESA-transparente.png\",\"width\":800,\"height\":800,\"caption\":\"Cinta de embalaje 4101 TESA transparente\"},{\"@type\":\"BreadcrumbList\",\"@id\":\"https:\/\/distribuidorcintastesa.es\/fr\/producto\/tesa-4101-pv2\/#breadcrumb\",\"itemListElement\":[{\"@type\":\"ListItem\",\"position\":1,\"name\":\"Portada\",\"item\":\"https:\/\/distribuidorcintastesa.es\/fr\/\"},{\"@type\":\"ListItem\",\"position\":2,\"name\":\"Produits\",\"item\":\"https:\/\/distribuidorcintastesa.es\/fr\/produits\/\"},{\"@type\":\"ListItem\",\"position\":3,\"name\":\"Tesa\u00ae 4101 PV2\"}]},{\"@type\":\"WebSite\",\"@id\":\"https:\/\/distribuidorcintastesa.es\/fr\/#website\",\"url\":\"https:\/\/distribuidorcintastesa.es\/fr\/\",\"name\":\"Distribuidor de cintas tesa\",\"description\":\"Distribuidor de cintas tesa, cintas tesa, tesa cintas, distribuidor tesa, tesa productos, productos tesa, tesa distribuidores, cintas y adhesivos, tesa cinta doble cara, cinta tesa doble cara, adhesivos tesa, cinta antideslizante, velcro tesa, cinta reflectante, tesa supergen, softprint, cinta doble cara tesa, selladores y adhesivos, cintas adhesivas de doble cara, cintas de aluminio, cintas de vinilo para se\u00f1alizaci\u00f3n, cintas de tela americanas, cintas de papel para enmascarar, cintas para embalaje\",\"publisher\":{\"@id\":\"https:\/\/distribuidorcintastesa.es\/fr\/#organization\"},\"potentialAction\":[{\"@type\":\"SearchAction\",\"target\":{\"@type\":\"EntryPoint\",\"urlTemplate\":\"https:\/\/distribuidorcintastesa.es\/fr\/?s={search_term_string}\"},\"query-input\":{\"@type\":\"PropertyValueSpecification\",\"valueRequired\":true,\"valueName\":\"search_term_string\"}}],\"inLanguage\":\"fr-FR\"},{\"@type\":\"Organization\",\"@id\":\"https:\/\/distribuidorcintastesa.es\/fr\/#organization\",\"name\":\"Distribuidor de cintas tesa\",\"url\":\"https:\/\/distribuidorcintastesa.es\/fr\/\",\"logo\":{\"@type\":\"ImageObject\",\"inLanguage\":\"fr-FR\",\"@id\":\"https:\/\/distribuidorcintastesa.es\/fr\/#\/schema\/logo\/image\/\",\"url\":\"https:\/\/distribuidorcintastesa.es\/wp-content\/uploads\/2022\/10\/logo-espanol-portugues.png\",\"contentUrl\":\"https:\/\/distribuidorcintastesa.es\/wp-content\/uploads\/2022\/10\/logo-espanol-portugues.png\",\"width\":871,\"height\":142,\"caption\":\"Distribuidor de cintas tesa\"},\"image\":{\"@id\":\"https:\/\/distribuidorcintastesa.es\/fr\/#\/schema\/logo\/image\/\"},\"sameAs\":[\"https:\/\/muralsrd.com\/\",\"https:\/\/solbi-mural.com\/es\/\",\"https:\/\/distribuidor-cintas-adhesivas.es\",\"https:\/\/www.instagram.com\/solbimural\/?igsh=ZnR6ZmkzZm1ubWhl\"]}]}<\/script>\n<!-- \/ Yoast SEO Premium plugin. -->","yoast_head_json":{"title":"Tesa\u00ae 4101 PV2","description":"Tesa\u00ae 4101 PV2 con\u00e7u pour s\u00e9curiser les paquets et les cartons, en veillant \u00e0 ce qu'ils restent scell\u00e9s pendant le transport et le stockage.","robots":{"index":"index","follow":"follow","max-snippet":"max-snippet:-1","max-image-preview":"max-image-preview:large","max-video-preview":"max-video-preview:-1"},"canonical":"https:\/\/distribuidorcintastesa.es\/fr\/producto\/tesa-4101-pv2\/","og_locale":"fr_FR","og_type":"article","og_title":"Tesa\u00ae 4101 PV2","og_description":"Tesa\u00ae 4101 PV2 con\u00e7u pour s\u00e9curiser les paquets et les cartons, en veillant \u00e0 ce qu'ils restent scell\u00e9s pendant le transport et le stockage.","og_url":"https:\/\/distribuidorcintastesa.es\/fr\/producto\/tesa-4101-pv2\/","og_site_name":"Distribuidor de cintas tesa, cintas tesa, tesa cintas, distribuidor tesa, tesa productos, productos tesa, tesa distribuidores, http:\/\/www.http:\/\/distribuidorcintas3m.es, Mejores ofertas en cintas","article_modified_time":"2025-01-20T14:11:17+00:00","og_image":[{"width":800,"height":800,"url":"https:\/\/distribuidorcintastesa.es\/wp-content\/uploads\/2024\/12\/Cinta-de-embalaje-4101-TESA-transparente.png","type":"image\/png"}],"twitter_card":"summary_large_image","twitter_misc":{"Dur\u00e9e de lecture estim\u00e9e":"2 minutes"},"schema":{"@context":"https:\/\/schema.org","@graph":[{"@type":"WebPage","@id":"https:\/\/distribuidorcintastesa.es\/fr\/producto\/tesa-4101-pv2\/","url":"https:\/\/distribuidorcintastesa.es\/fr\/producto\/tesa-4101-pv2\/","name":"Tesa\u00ae 4101 PV2","isPartOf":{"@id":"https:\/\/distribuidorcintastesa.es\/fr\/#website"},"primaryImageOfPage":{"@id":"https:\/\/distribuidorcintastesa.es\/fr\/producto\/tesa-4101-pv2\/#primaryimage"},"image":{"@id":"https:\/\/distribuidorcintastesa.es\/fr\/producto\/tesa-4101-pv2\/#primaryimage"},"thumbnailUrl":"https:\/\/distribuidorcintastesa.es\/wp-content\/uploads\/2024\/12\/Cinta-de-embalaje-4101-TESA-transparente.png","datePublished":"2024-12-18T11:01:39+00:00","dateModified":"2025-01-20T14:11:17+00:00","description":"Tesa\u00ae 4101 PV2 con\u00e7u pour s\u00e9curiser les paquets et les cartons, en veillant \u00e0 ce qu'ils restent scell\u00e9s pendant le transport et le stockage.","breadcrumb":{"@id":"https:\/\/distribuidorcintastesa.es\/fr\/producto\/tesa-4101-pv2\/#breadcrumb"},"inLanguage":"fr-FR","potentialAction":[{"@type":"ReadAction","target":["https:\/\/distribuidorcintastesa.es\/fr\/producto\/tesa-4101-pv2\/"]}]},{"@type":"ImageObject","inLanguage":"fr-FR","@id":"https:\/\/distribuidorcintastesa.es\/fr\/producto\/tesa-4101-pv2\/#primaryimage","url":"https:\/\/distribuidorcintastesa.es\/wp-content\/uploads\/2024\/12\/Cinta-de-embalaje-4101-TESA-transparente.png","contentUrl":"https:\/\/distribuidorcintastesa.es\/wp-content\/uploads\/2024\/12\/Cinta-de-embalaje-4101-TESA-transparente.png","width":800,"height":800,"caption":"Cinta de embalaje 4101 TESA transparente"},{"@type":"BreadcrumbList","@id":"https:\/\/distribuidorcintastesa.es\/fr\/producto\/tesa-4101-pv2\/#breadcrumb","itemListElement":[{"@type":"ListItem","position":1,"name":"Portada","item":"https:\/\/distribuidorcintastesa.es\/fr\/"},{"@type":"ListItem","position":2,"name":"Produits","item":"https:\/\/distribuidorcintastesa.es\/fr\/produits\/"},{"@type":"ListItem","position":3,"name":"Tesa\u00ae 4101 PV2"}]},{"@type":"WebSite","@id":"https:\/\/distribuidorcintastesa.es\/fr\/#website","url":"https:\/\/distribuidorcintastesa.es\/fr\/","name":"Distribuidor de cintas tesa","description":"Distribuidor de cintas tesa, cintas tesa, tesa cintas, distribuidor tesa, tesa productos, productos tesa, tesa distribuidores, cintas y adhesivos, tesa cinta doble cara, cinta tesa doble cara, adhesivos tesa, cinta antideslizante, velcro tesa, cinta reflectante, tesa supergen, softprint, cinta doble cara tesa, selladores y adhesivos, cintas adhesivas de doble cara, cintas de aluminio, cintas de vinilo para se\u00f1alizaci\u00f3n, cintas de tela americanas, cintas de papel para enmascarar, cintas para embalaje","publisher":{"@id":"https:\/\/distribuidorcintastesa.es\/fr\/#organization"},"potentialAction":[{"@type":"SearchAction","target":{"@type":"EntryPoint","urlTemplate":"https:\/\/distribuidorcintastesa.es\/fr\/?s={search_term_string}"},"query-input":{"@type":"PropertyValueSpecification","valueRequired":true,"valueName":"search_term_string"}}],"inLanguage":"fr-FR"},{"@type":"Organization","@id":"https:\/\/distribuidorcintastesa.es\/fr\/#organization","name":"Distribuidor de cintas tesa","url":"https:\/\/distribuidorcintastesa.es\/fr\/","logo":{"@type":"ImageObject","inLanguage":"fr-FR","@id":"https:\/\/distribuidorcintastesa.es\/fr\/#\/schema\/logo\/image\/","url":"https:\/\/distribuidorcintastesa.es\/wp-content\/uploads\/2022\/10\/logo-espanol-portugues.png","contentUrl":"https:\/\/distribuidorcintastesa.es\/wp-content\/uploads\/2022\/10\/logo-espanol-portugues.png","width":871,"height":142,"caption":"Distribuidor de cintas tesa"},"image":{"@id":"https:\/\/distribuidorcintastesa.es\/fr\/#\/schema\/logo\/image\/"},"sameAs":["https:\/\/muralsrd.com\/","https:\/\/solbi-mural.com\/es\/","https:\/\/distribuidor-cintas-adhesivas.es","https:\/\/www.instagram.com\/solbimural\/?igsh=ZnR6ZmkzZm1ubWhl"]}]}},"_links":{"self":[{"href":"https:\/\/distribuidorcintastesa.es\/fr\/wp-json\/wp\/v2\/product\/8061","targetHints":{"allow":["GET"]}}],"collection":[{"href":"https:\/\/distribuidorcintastesa.es\/fr\/wp-json\/wp\/v2\/product"}],"about":[{"href":"https:\/\/distribuidorcintastesa.es\/fr\/wp-json\/wp\/v2\/types\/product"}],"wp:featuredmedia":[{"embeddable":true,"href":"https:\/\/distribuidorcintastesa.es\/fr\/wp-json\/wp\/v2\/media\/8065"}],"wp:attachment":[{"href":"https:\/\/distribuidorcintastesa.es\/fr\/wp-json\/wp\/v2\/media?parent=8061"}],"wp:term":[{"taxonomy":"product_brand","embeddable":true,"href":"https:\/\/distribuidorcintastesa.es\/fr\/wp-json\/wp\/v2\/product_brand?post=8061"},{"taxonomy":"product_cat","embeddable":true,"href":"https:\/\/distribuidorcintastesa.es\/fr\/wp-json\/wp\/v2\/product_cat?post=8061"},{"taxonomy":"product_tag","embeddable":true,"href":"https:\/\/distribuidorcintastesa.es\/fr\/wp-json\/wp\/v2\/product_tag?post=8061"}],"curies":[{"name":"wp","href":"https:\/\/api.w.org\/{rel}","templated":true}]}}