{"id":8022,"date":"2024-11-29T12:34:28","date_gmt":"2024-11-29T12:34:28","guid":{"rendered":"https:\/\/distribuidorcintastesa.es\/producto\/tesa-4688\/"},"modified":"2024-11-29T13:18:07","modified_gmt":"2024-11-29T13:18:07","slug":"tesa-4688","status":"publish","type":"product","link":"https:\/\/distribuidorcintastesa.es\/fr\/producto\/tesa-4688\/","title":{"rendered":"Tesa 4688"},"content":{"rendered":"<p>Le ruban Tesa 4688 se compose d&rsquo;un support en poly\u00e9thyl\u00e8ne extrud\u00e9 tiss\u00e9 avec une trame de 55 fils par pouce, de qualit\u00e9 standard, et d&rsquo;un adh\u00e9sif en caoutchouc naturel. Con\u00e7u pour des r\u00e9parations r\u00e9pondant \u00e0 diff\u00e9rents besoins sur de multiples surfaces, avec un certain nombre de caract\u00e9ristiques qui le rendent tr\u00e8s polyvalent. Id\u00e9al pour les travaux les plus divers et s&rsquo;adapte m\u00eame aux surfaces rugueuses. Il est facile \u00e0 d\u00e9rouler et r\u00e9siste \u00e0 l&rsquo;eau.<\/p>\n<p>Ce ruban a \u00e9t\u00e9 <strong>approuv\u00e9<\/strong> par AREVA conform\u00e9ment aux exigences de Siemens AG dans le cadre de la norme TLV 9027\/01\/06 <strong>pour les centrales nucl\u00e9aires<\/strong> : teneur totale en halog\u00e8nes de 1000 ppm.<\/p>\n<p><strong style=\"color: #000000; font-size: 24px;\">Achat en ligne<\/strong><\/p>\n<h4><a href=\"https:\/\/solbi-mural.com\/fr\/tesa-rubans-une-face\/169-tesa-ruban-de-reparation-durable-a-multi-usages-4688-rouleau-de-25m-x-50mm-4042448862136.html\" target=\"_blank\" rel=\"noopener\"><span style=\"color: #3366ff;\">4688<\/span><\/a><\/h4>\n<p>&nbsp;<\/p>\n<p>Disponible en 8 couleurs : noir, blanc, gris, gris, jaune, bleu, rouge, vert et marron.<\/p>\n<p><strong style=\"font-size: 1.3em;\">Caract\u00e9ristiques<\/strong><\/p>\n<ul>\n<li>Tesa 4688 offre une r\u00e9paration adapt\u00e9e \u00e0 tous les types de besoins.<\/li>\n<li>Certifi\u00e9 AREVA pour les centrales nucl\u00e9aires<\/li>\n<li>Bonne r\u00e9sistance \u00e0 l&rsquo;abrasion, \u00e0 l&rsquo;humidit\u00e9, au vieillissement et \u00e0 l&rsquo;eau<\/li>\n<li>Comporte un adh\u00e9sif en caoutchouc naturel<\/li>\n<li>Enl\u00e8vement sans r\u00e9sidus<\/li>\n<li>Mat\u00e9riau de support tiss\u00e9 extrud\u00e9 avec PE<\/li>\n<li>Adh\u00e9sion sur l&rsquo;acier : 3,4 N\/cm<\/li>\n<li>\u00c9paisseur totale de 260 \u00b5m<\/li>\n<li>Adh\u00e9sion \u00e9lev\u00e9e m\u00eame sur des surfaces rugueuses<\/li>\n<\/ul>\n<p><strong style=\"font-size: 1.3em;\">Aplicaciones\u00a0<\/strong><\/p>\n<ul>\n<li>Il est con\u00e7u pour r\u00e9pondre \u00e0 une vari\u00e9t\u00e9 de besoins de r\u00e9paration sur de multiples surfaces, avec un certain nombre d&rsquo;attributs qui le rendent extr\u00eamement adaptable.<\/li>\n<li>Convient aux centrales nucl\u00e9aires.<\/li>\n<li>Applications sur une multitude de surfaces.<\/li>\n<\/ul>\n<h4><strong>Autres produits int\u00e9ressants<\/strong><\/h4>\n<ul>\n<li style=\"list-style-type: none;\">\n<ul>\n<li><a href=\"https:\/\/distribuidorcintastesa.es\/fr\/producto\/tesa-4333-masquage-de-precision-sensible\/\" target=\"_blank\" rel=\"noopener\">4333<\/a> Precision Mask Sensitive<\/li>\n<li><a href=\"https:\/\/distribuidorcintastesa.es\/fr\/producto\/tesa-6012-distributeur-manuel-industriel-multi-track\/\" target=\"_blank\" rel=\"noopener\">6012<\/a> Distributeur de ruban adh\u00e9sif<\/li>\n<\/ul>\n<\/li>\n<\/ul>\n","protected":false},"excerpt":{"rendered":"<p>Le ruban Tesa 4688 se compose d&rsquo;un support en poly\u00e9thyl\u00e8ne extrud\u00e9 tiss\u00e9 avec une trame de 55 fils par pouce, de qualit\u00e9 standard, et d&rsquo;un adh\u00e9sif en caoutchouc naturel. Con\u00e7u pour des r\u00e9parations r\u00e9pondant \u00e0 diff\u00e9rents besoins sur de multiples surfaces, avec un certain nombre de caract\u00e9ristiques qui le rendent tr\u00e8s polyvalent. Id\u00e9al pour les [&hellip;]<\/p>\n","protected":false},"featured_media":8011,"template":"","meta":{"site-sidebar-layout":"default","site-content-layout":"","ast-site-content-layout":"default","site-content-style":"default","site-sidebar-style":"default","ast-global-header-display":"","ast-banner-title-visibility":"","ast-main-header-display":"","ast-hfb-above-header-display":"","ast-hfb-below-header-display":"","ast-hfb-mobile-header-display":"","site-post-title":"","ast-breadcrumbs-content":"","ast-featured-img":"","footer-sml-layout":"","ast-disable-related-posts":"","theme-transparent-header-meta":"default","adv-header-id-meta":"","stick-header-meta":"","header-above-stick-meta":"","header-main-stick-meta":"","header-below-stick-meta":"","astra-migrate-meta-layouts":"set","ast-page-background-enabled":"default","ast-page-background-meta":{"desktop":{"background-color":"","background-image":"","background-repeat":"repeat","background-position":"center center","background-size":"auto","background-attachment":"scroll","background-type":"","background-media":"","overlay-type":"","overlay-color":"","overlay-opacity":"","overlay-gradient":""},"tablet":{"background-color":"","background-image":"","background-repeat":"repeat","background-position":"center center","background-size":"auto","background-attachment":"scroll","background-type":"","background-media":"","overlay-type":"","overlay-color":"","overlay-opacity":"","overlay-gradient":""},"mobile":{"background-color":"","background-image":"","background-repeat":"repeat","background-position":"center center","background-size":"auto","background-attachment":"scroll","background-type":"","background-media":"","overlay-type":"","overlay-color":"","overlay-opacity":"","overlay-gradient":""}},"ast-content-background-meta":{"desktop":{"background-color":"var(--ast-global-color-5)","background-image":"","background-repeat":"repeat","background-position":"center center","background-size":"auto","background-attachment":"scroll","background-type":"","background-media":"","overlay-type":"","overlay-color":"","overlay-opacity":"","overlay-gradient":""},"tablet":{"background-color":"var(--ast-global-color-5)","background-image":"","background-repeat":"repeat","background-position":"center center","background-size":"auto","background-attachment":"scroll","background-type":"","background-media":"","overlay-type":"","overlay-color":"","overlay-opacity":"","overlay-gradient":""},"mobile":{"background-color":"var(--ast-global-color-5)","background-image":"","background-repeat":"repeat","background-position":"center center","background-size":"auto","background-attachment":"scroll","background-type":"","background-media":"","overlay-type":"","overlay-color":"","overlay-opacity":"","overlay-gradient":""}}},"product_brand":[],"product_cat":[184,3953],"product_tag":[3954,3955],"class_list":{"0":"post-8022","1":"product","2":"type-product","3":"status-publish","4":"has-post-thumbnail","6":"product_cat-bande-americaine","7":"product_cat-rubans-multi-usages","8":"product_tag-rubans-multi-usages-tesa","9":"product_tag-tesa-4688-fr","10":"desktop-align-center","11":"tablet-align-center","12":"mobile-align-center","14":"first","15":"instock","16":"shipping-taxable","17":"product-type-simple"},"yoast_head":"<!-- This site is optimized with the Yoast SEO Premium plugin v27.2 (Yoast SEO v27.2) - https:\/\/yoast.com\/product\/yoast-seo-premium-wordpress\/ -->\n<title>Tesa 4688<\/title>\n<meta name=\"description\" content=\"Tesa 4688 con\u00e7u pour des r\u00e9parations r\u00e9pondant \u00e0 des besoins diff\u00e9rents sur des surfaces multiples, avec un certain nombre de caract\u00e9ristiques qui le rendent tr\u00e8s polyvalent.\" \/>\n<meta name=\"robots\" content=\"index, follow, max-snippet:-1, max-image-preview:large, max-video-preview:-1\" \/>\n<link rel=\"canonical\" href=\"https:\/\/distribuidorcintastesa.es\/fr\/producto\/tesa-4688\/\" \/>\n<meta property=\"og:locale\" content=\"fr_FR\" \/>\n<meta property=\"og:type\" content=\"article\" \/>\n<meta property=\"og:title\" content=\"Tesa 4688\" \/>\n<meta property=\"og:description\" content=\"Tesa 4688 con\u00e7u pour des r\u00e9parations r\u00e9pondant \u00e0 des besoins diff\u00e9rents sur des surfaces multiples, avec un certain nombre de caract\u00e9ristiques qui le rendent tr\u00e8s polyvalent.\" \/>\n<meta property=\"og:url\" content=\"https:\/\/distribuidorcintastesa.es\/fr\/producto\/tesa-4688\/\" \/>\n<meta property=\"og:site_name\" content=\"Distribuidor de cintas tesa, cintas tesa, tesa cintas, distribuidor tesa, tesa productos, productos tesa, tesa distribuidores, http:\/\/www.http:\/\/distribuidorcintas3m.es, Mejores ofertas en cintas\" \/>\n<meta property=\"article:modified_time\" content=\"2024-11-29T13:18:07+00:00\" \/>\n<meta property=\"og:image\" content=\"https:\/\/distribuidorcintastesa.es\/wp-content\/uploads\/2024\/11\/CINTA-TESA-4688.png\" \/>\n\t<meta property=\"og:image:width\" content=\"800\" \/>\n\t<meta property=\"og:image:height\" content=\"800\" \/>\n\t<meta property=\"og:image:type\" content=\"image\/png\" \/>\n<meta name=\"twitter:card\" content=\"summary_large_image\" \/>\n<meta name=\"twitter:label1\" content=\"Dur\u00e9e de lecture estim\u00e9e\" \/>\n\t<meta name=\"twitter:data1\" content=\"2 minutes\" \/>\n<script type=\"application\/ld+json\" class=\"yoast-schema-graph\">{\"@context\":\"https:\/\/schema.org\",\"@graph\":[{\"@type\":\"WebPage\",\"@id\":\"https:\/\/distribuidorcintastesa.es\/fr\/producto\/tesa-4688\/\",\"url\":\"https:\/\/distribuidorcintastesa.es\/fr\/producto\/tesa-4688\/\",\"name\":\"Tesa 4688\",\"isPartOf\":{\"@id\":\"https:\/\/distribuidorcintastesa.es\/fr\/#website\"},\"primaryImageOfPage\":{\"@id\":\"https:\/\/distribuidorcintastesa.es\/fr\/producto\/tesa-4688\/#primaryimage\"},\"image\":{\"@id\":\"https:\/\/distribuidorcintastesa.es\/fr\/producto\/tesa-4688\/#primaryimage\"},\"thumbnailUrl\":\"https:\/\/distribuidorcintastesa.es\/wp-content\/uploads\/2024\/11\/CINTA-TESA-4688.png\",\"datePublished\":\"2024-11-29T12:34:28+00:00\",\"dateModified\":\"2024-11-29T13:18:07+00:00\",\"description\":\"Tesa 4688 con\u00e7u pour des r\u00e9parations r\u00e9pondant \u00e0 des besoins diff\u00e9rents sur des surfaces multiples, avec un certain nombre de caract\u00e9ristiques qui le rendent tr\u00e8s polyvalent.\",\"breadcrumb\":{\"@id\":\"https:\/\/distribuidorcintastesa.es\/fr\/producto\/tesa-4688\/#breadcrumb\"},\"inLanguage\":\"fr-FR\",\"potentialAction\":[{\"@type\":\"ReadAction\",\"target\":[\"https:\/\/distribuidorcintastesa.es\/fr\/producto\/tesa-4688\/\"]}]},{\"@type\":\"ImageObject\",\"inLanguage\":\"fr-FR\",\"@id\":\"https:\/\/distribuidorcintastesa.es\/fr\/producto\/tesa-4688\/#primaryimage\",\"url\":\"https:\/\/distribuidorcintastesa.es\/wp-content\/uploads\/2024\/11\/CINTA-TESA-4688.png\",\"contentUrl\":\"https:\/\/distribuidorcintastesa.es\/wp-content\/uploads\/2024\/11\/CINTA-TESA-4688.png\",\"width\":800,\"height\":800,\"caption\":\"RUBAN TESA 4688\"},{\"@type\":\"BreadcrumbList\",\"@id\":\"https:\/\/distribuidorcintastesa.es\/fr\/producto\/tesa-4688\/#breadcrumb\",\"itemListElement\":[{\"@type\":\"ListItem\",\"position\":1,\"name\":\"Portada\",\"item\":\"https:\/\/distribuidorcintastesa.es\/fr\/\"},{\"@type\":\"ListItem\",\"position\":2,\"name\":\"Produits\",\"item\":\"https:\/\/distribuidorcintastesa.es\/fr\/produits\/\"},{\"@type\":\"ListItem\",\"position\":3,\"name\":\"Tesa 4688\"}]},{\"@type\":\"WebSite\",\"@id\":\"https:\/\/distribuidorcintastesa.es\/fr\/#website\",\"url\":\"https:\/\/distribuidorcintastesa.es\/fr\/\",\"name\":\"Distribuidor de cintas tesa\",\"description\":\"Distribuidor de cintas tesa, cintas tesa, tesa cintas, distribuidor tesa, tesa productos, productos tesa, tesa distribuidores, cintas y adhesivos, tesa cinta doble cara, cinta tesa doble cara, adhesivos tesa, cinta antideslizante, velcro tesa, cinta reflectante, tesa supergen, softprint, cinta doble cara tesa, selladores y adhesivos, cintas adhesivas de doble cara, cintas de aluminio, cintas de vinilo para se\u00f1alizaci\u00f3n, cintas de tela americanas, cintas de papel para enmascarar, cintas para embalaje\",\"publisher\":{\"@id\":\"https:\/\/distribuidorcintastesa.es\/fr\/#organization\"},\"potentialAction\":[{\"@type\":\"SearchAction\",\"target\":{\"@type\":\"EntryPoint\",\"urlTemplate\":\"https:\/\/distribuidorcintastesa.es\/fr\/?s={search_term_string}\"},\"query-input\":{\"@type\":\"PropertyValueSpecification\",\"valueRequired\":true,\"valueName\":\"search_term_string\"}}],\"inLanguage\":\"fr-FR\"},{\"@type\":\"Organization\",\"@id\":\"https:\/\/distribuidorcintastesa.es\/fr\/#organization\",\"name\":\"Distribuidor de cintas tesa\",\"url\":\"https:\/\/distribuidorcintastesa.es\/fr\/\",\"logo\":{\"@type\":\"ImageObject\",\"inLanguage\":\"fr-FR\",\"@id\":\"https:\/\/distribuidorcintastesa.es\/fr\/#\/schema\/logo\/image\/\",\"url\":\"https:\/\/distribuidorcintastesa.es\/wp-content\/uploads\/2022\/10\/logo-espanol-portugues.png\",\"contentUrl\":\"https:\/\/distribuidorcintastesa.es\/wp-content\/uploads\/2022\/10\/logo-espanol-portugues.png\",\"width\":871,\"height\":142,\"caption\":\"Distribuidor de cintas tesa\"},\"image\":{\"@id\":\"https:\/\/distribuidorcintastesa.es\/fr\/#\/schema\/logo\/image\/\"},\"sameAs\":[\"https:\/\/muralsrd.com\/\",\"https:\/\/solbi-mural.com\/es\/\",\"https:\/\/distribuidor-cintas-adhesivas.es\",\"https:\/\/www.instagram.com\/solbimural\/?igsh=ZnR6ZmkzZm1ubWhl\"]}]}<\/script>\n<!-- \/ Yoast SEO Premium plugin. -->","yoast_head_json":{"title":"Tesa 4688","description":"Tesa 4688 con\u00e7u pour des r\u00e9parations r\u00e9pondant \u00e0 des besoins diff\u00e9rents sur des surfaces multiples, avec un certain nombre de caract\u00e9ristiques qui le rendent tr\u00e8s polyvalent.","robots":{"index":"index","follow":"follow","max-snippet":"max-snippet:-1","max-image-preview":"max-image-preview:large","max-video-preview":"max-video-preview:-1"},"canonical":"https:\/\/distribuidorcintastesa.es\/fr\/producto\/tesa-4688\/","og_locale":"fr_FR","og_type":"article","og_title":"Tesa 4688","og_description":"Tesa 4688 con\u00e7u pour des r\u00e9parations r\u00e9pondant \u00e0 des besoins diff\u00e9rents sur des surfaces multiples, avec un certain nombre de caract\u00e9ristiques qui le rendent tr\u00e8s polyvalent.","og_url":"https:\/\/distribuidorcintastesa.es\/fr\/producto\/tesa-4688\/","og_site_name":"Distribuidor de cintas tesa, cintas tesa, tesa cintas, distribuidor tesa, tesa productos, productos tesa, tesa distribuidores, http:\/\/www.http:\/\/distribuidorcintas3m.es, Mejores ofertas en cintas","article_modified_time":"2024-11-29T13:18:07+00:00","og_image":[{"width":800,"height":800,"url":"https:\/\/distribuidorcintastesa.es\/wp-content\/uploads\/2024\/11\/CINTA-TESA-4688.png","type":"image\/png"}],"twitter_card":"summary_large_image","twitter_misc":{"Dur\u00e9e de lecture estim\u00e9e":"2 minutes"},"schema":{"@context":"https:\/\/schema.org","@graph":[{"@type":"WebPage","@id":"https:\/\/distribuidorcintastesa.es\/fr\/producto\/tesa-4688\/","url":"https:\/\/distribuidorcintastesa.es\/fr\/producto\/tesa-4688\/","name":"Tesa 4688","isPartOf":{"@id":"https:\/\/distribuidorcintastesa.es\/fr\/#website"},"primaryImageOfPage":{"@id":"https:\/\/distribuidorcintastesa.es\/fr\/producto\/tesa-4688\/#primaryimage"},"image":{"@id":"https:\/\/distribuidorcintastesa.es\/fr\/producto\/tesa-4688\/#primaryimage"},"thumbnailUrl":"https:\/\/distribuidorcintastesa.es\/wp-content\/uploads\/2024\/11\/CINTA-TESA-4688.png","datePublished":"2024-11-29T12:34:28+00:00","dateModified":"2024-11-29T13:18:07+00:00","description":"Tesa 4688 con\u00e7u pour des r\u00e9parations r\u00e9pondant \u00e0 des besoins diff\u00e9rents sur des surfaces multiples, avec un certain nombre de caract\u00e9ristiques qui le rendent tr\u00e8s polyvalent.","breadcrumb":{"@id":"https:\/\/distribuidorcintastesa.es\/fr\/producto\/tesa-4688\/#breadcrumb"},"inLanguage":"fr-FR","potentialAction":[{"@type":"ReadAction","target":["https:\/\/distribuidorcintastesa.es\/fr\/producto\/tesa-4688\/"]}]},{"@type":"ImageObject","inLanguage":"fr-FR","@id":"https:\/\/distribuidorcintastesa.es\/fr\/producto\/tesa-4688\/#primaryimage","url":"https:\/\/distribuidorcintastesa.es\/wp-content\/uploads\/2024\/11\/CINTA-TESA-4688.png","contentUrl":"https:\/\/distribuidorcintastesa.es\/wp-content\/uploads\/2024\/11\/CINTA-TESA-4688.png","width":800,"height":800,"caption":"RUBAN TESA 4688"},{"@type":"BreadcrumbList","@id":"https:\/\/distribuidorcintastesa.es\/fr\/producto\/tesa-4688\/#breadcrumb","itemListElement":[{"@type":"ListItem","position":1,"name":"Portada","item":"https:\/\/distribuidorcintastesa.es\/fr\/"},{"@type":"ListItem","position":2,"name":"Produits","item":"https:\/\/distribuidorcintastesa.es\/fr\/produits\/"},{"@type":"ListItem","position":3,"name":"Tesa 4688"}]},{"@type":"WebSite","@id":"https:\/\/distribuidorcintastesa.es\/fr\/#website","url":"https:\/\/distribuidorcintastesa.es\/fr\/","name":"Distribuidor de cintas tesa","description":"Distribuidor de cintas tesa, cintas tesa, tesa cintas, distribuidor tesa, tesa productos, productos tesa, tesa distribuidores, cintas y adhesivos, tesa cinta doble cara, cinta tesa doble cara, adhesivos tesa, cinta antideslizante, velcro tesa, cinta reflectante, tesa supergen, softprint, cinta doble cara tesa, selladores y adhesivos, cintas adhesivas de doble cara, cintas de aluminio, cintas de vinilo para se\u00f1alizaci\u00f3n, cintas de tela americanas, cintas de papel para enmascarar, cintas para embalaje","publisher":{"@id":"https:\/\/distribuidorcintastesa.es\/fr\/#organization"},"potentialAction":[{"@type":"SearchAction","target":{"@type":"EntryPoint","urlTemplate":"https:\/\/distribuidorcintastesa.es\/fr\/?s={search_term_string}"},"query-input":{"@type":"PropertyValueSpecification","valueRequired":true,"valueName":"search_term_string"}}],"inLanguage":"fr-FR"},{"@type":"Organization","@id":"https:\/\/distribuidorcintastesa.es\/fr\/#organization","name":"Distribuidor de cintas tesa","url":"https:\/\/distribuidorcintastesa.es\/fr\/","logo":{"@type":"ImageObject","inLanguage":"fr-FR","@id":"https:\/\/distribuidorcintastesa.es\/fr\/#\/schema\/logo\/image\/","url":"https:\/\/distribuidorcintastesa.es\/wp-content\/uploads\/2022\/10\/logo-espanol-portugues.png","contentUrl":"https:\/\/distribuidorcintastesa.es\/wp-content\/uploads\/2022\/10\/logo-espanol-portugues.png","width":871,"height":142,"caption":"Distribuidor de cintas tesa"},"image":{"@id":"https:\/\/distribuidorcintastesa.es\/fr\/#\/schema\/logo\/image\/"},"sameAs":["https:\/\/muralsrd.com\/","https:\/\/solbi-mural.com\/es\/","https:\/\/distribuidor-cintas-adhesivas.es","https:\/\/www.instagram.com\/solbimural\/?igsh=ZnR6ZmkzZm1ubWhl"]}]}},"_links":{"self":[{"href":"https:\/\/distribuidorcintastesa.es\/fr\/wp-json\/wp\/v2\/product\/8022","targetHints":{"allow":["GET"]}}],"collection":[{"href":"https:\/\/distribuidorcintastesa.es\/fr\/wp-json\/wp\/v2\/product"}],"about":[{"href":"https:\/\/distribuidorcintastesa.es\/fr\/wp-json\/wp\/v2\/types\/product"}],"wp:featuredmedia":[{"embeddable":true,"href":"https:\/\/distribuidorcintastesa.es\/fr\/wp-json\/wp\/v2\/media\/8011"}],"wp:attachment":[{"href":"https:\/\/distribuidorcintastesa.es\/fr\/wp-json\/wp\/v2\/media?parent=8022"}],"wp:term":[{"taxonomy":"product_brand","embeddable":true,"href":"https:\/\/distribuidorcintastesa.es\/fr\/wp-json\/wp\/v2\/product_brand?post=8022"},{"taxonomy":"product_cat","embeddable":true,"href":"https:\/\/distribuidorcintastesa.es\/fr\/wp-json\/wp\/v2\/product_cat?post=8022"},{"taxonomy":"product_tag","embeddable":true,"href":"https:\/\/distribuidorcintastesa.es\/fr\/wp-json\/wp\/v2\/product_tag?post=8022"}],"curies":[{"name":"wp","href":"https:\/\/api.w.org\/{rel}","templated":true}]}}