{"id":7869,"date":"2024-11-20T14:37:20","date_gmt":"2024-11-20T14:37:20","guid":{"rendered":"https:\/\/distribuidorcintastesa.es\/?post_type=product&#038;p=7869"},"modified":"2024-11-21T15:53:38","modified_gmt":"2024-11-21T15:53:38","slug":"tesa-4342-masquage-de-precision","status":"publish","type":"product","link":"https:\/\/distribuidorcintastesa.es\/fr\/producto\/tesa-4342-masquage-de-precision\/","title":{"rendered":"Tesa\u00ae 4342 masquage de pr\u00e9cision"},"content":{"rendered":"<p>Le ruban Tesa\u00ae 4342 masquage de pr\u00e9cision se compose d&rsquo;un support en papier Washi fabriqu\u00e9 en Allemagne et d&rsquo;un adh\u00e9sif acrylique. Par cons\u00e9quent, il est con\u00e7u pour un enl\u00e8vement sans r\u00e9sidu \u00e0 l&rsquo;ext\u00e9rieur pendant 3 semaines et r\u00e9siste \u00e0 des temp\u00e9ratures allant jusqu&rsquo;\u00e0 150\u00b0C \/ 30 min. Ainsi, il est donc id\u00e9al pour les travaux de peinture au pistolet suivis d&rsquo;un s\u00e9chage au four. De plus, il est facile \u00e0 d\u00e9rouler et tr\u00e8s flexible afin de s&rsquo;adapter \u00e0 tout type de surface.\u00a0\u00bb<\/p>\n<p><strong style=\"color: #000000; font-size: 24px;\">Achat en ligne<\/strong><\/p>\n<h4><a href=\"https:\/\/solbi-mural.com\/fr\/recherche?controller=search&amp;s=4342\" target=\"_blank\" rel=\"noopener\"><span style=\"color: #3366ff;\">4342<\/span><\/a><\/h4>\n<p>&nbsp;<\/p>\n<p><strong style=\"font-size: 1.3em;\">Caract\u00e9ristiques<\/strong><\/p>\n<ul>\n<li>Tesa\u00ae 4342 masquage de pr\u00e9cision offre des lignes de peinture nettes et propres, parfaites pour les applications de peinture et\/ou de laquage exigeantes.<\/li>\n<li>Comprend un adh\u00e9sif acrylique r\u00e9sistant au vieillissement<\/li>\n<li>Adh\u00e9sion \u00e9lev\u00e9e et enl\u00e8vement sans r\u00e9sidu \u00e0 l&rsquo;ext\u00e9rieur jusqu&rsquo;\u00e0 3 semaines<\/li>\n<li>R\u00e9sistance \u00e0 la temp\u00e9rature jusqu&rsquo;\u00e0 150\u00b0C pendant 30 minutes.<\/li>\n<li>Peut \u00eatre s\u00e9ch\u00e9 au four.<\/li>\n<li>Support : papier de riz<\/li>\n<li>Adh\u00e9sion sur l&rsquo;acier : 1,5N\/cm<\/li>\n<li>Epaisseur totale 85 \u00b5m<\/li>\n<\/ul>\n<p><strong style=\"font-size: 1.3em;\">Applications <\/strong><\/p>\n<ul>\n<li>Ce ruban est sp\u00e9cialement con\u00e7u pour \u00eatre utilis\u00e9 dans la peinture architecturale, marine, ferroviaire et dans d&rsquo;autres secteurs o\u00f9 des r\u00e9sultats de haute qualit\u00e9 sont exig\u00e9s, tels que les entreprises de peinture ou les ventes de peinture et d&rsquo;accessoires, pour un usage priv\u00e9 afin d&rsquo;obtenir de meilleurs r\u00e9sultats.<\/li>\n<li>Convient pour les peintures \u00e0 base d&rsquo;eau et de solvant et pour les processus de laquage.<\/li>\n<li>Convient au s\u00e9chage au four.<\/li>\n<li>Parfait pour les applications bicolores.<\/li>\n<li>Peut \u00eatre utilis\u00e9 \u00e0 l&rsquo;ext\u00e9rieur jusqu&rsquo;\u00e0 3 semaines et \u00e0 l&rsquo;int\u00e9rieur jusqu&rsquo;\u00e0 2 mois.<\/li>\n<\/ul>\n<h4><strong>Produits similaires<\/strong><\/h4>\n<ul>\n<li style=\"list-style-type: none;\">\n<ul>\n<li><a href=\"https:\/\/distribuidorcintastesa.es\/fr\/producto\/tesa-4333-masquage-de-precision-sensible\/\" target=\"_blank\" rel=\"noopener\">4333<\/a><\/li>\n<li><a href=\"https:\/\/distribuidorcintastesa.es\/fr\/producto\/tesa-4439-masquage-exterieur\/\" target=\"_blank\" rel=\"noopener\">4439<\/a><\/li>\n<\/ul>\n<\/li>\n<\/ul>\n","protected":false},"excerpt":{"rendered":"<p>Le ruban Tesa\u00ae 4342 masquage de pr\u00e9cision se compose d&rsquo;un support en papier Washi fabriqu\u00e9 en Allemagne et d&rsquo;un adh\u00e9sif acrylique. Par cons\u00e9quent, il est con\u00e7u pour un enl\u00e8vement sans r\u00e9sidu \u00e0 l&rsquo;ext\u00e9rieur pendant 3 semaines et r\u00e9siste \u00e0 des temp\u00e9ratures allant jusqu&rsquo;\u00e0 150\u00b0C \/ 30 min. Ainsi, il est donc id\u00e9al pour les travaux [&hellip;]<\/p>\n","protected":false},"featured_media":7878,"template":"","meta":{"site-sidebar-layout":"default","site-content-layout":"","ast-site-content-layout":"default","site-content-style":"default","site-sidebar-style":"default","ast-global-header-display":"","ast-banner-title-visibility":"","ast-main-header-display":"","ast-hfb-above-header-display":"","ast-hfb-below-header-display":"","ast-hfb-mobile-header-display":"","site-post-title":"","ast-breadcrumbs-content":"","ast-featured-img":"","footer-sml-layout":"","ast-disable-related-posts":"","theme-transparent-header-meta":"default","adv-header-id-meta":"","stick-header-meta":"","header-above-stick-meta":"","header-main-stick-meta":"","header-below-stick-meta":"","astra-migrate-meta-layouts":"set","ast-page-background-enabled":"default","ast-page-background-meta":{"desktop":{"background-color":"","background-image":"","background-repeat":"repeat","background-position":"center center","background-size":"auto","background-attachment":"scroll","background-type":"","background-media":"","overlay-type":"","overlay-color":"","overlay-opacity":"","overlay-gradient":""},"tablet":{"background-color":"","background-image":"","background-repeat":"repeat","background-position":"center center","background-size":"auto","background-attachment":"scroll","background-type":"","background-media":"","overlay-type":"","overlay-color":"","overlay-opacity":"","overlay-gradient":""},"mobile":{"background-color":"","background-image":"","background-repeat":"repeat","background-position":"center center","background-size":"auto","background-attachment":"scroll","background-type":"","background-media":"","overlay-type":"","overlay-color":"","overlay-opacity":"","overlay-gradient":""}},"ast-content-background-meta":{"desktop":{"background-color":"var(--ast-global-color-5)","background-image":"","background-repeat":"repeat","background-position":"center center","background-size":"auto","background-attachment":"scroll","background-type":"","background-media":"","overlay-type":"","overlay-color":"","overlay-opacity":"","overlay-gradient":""},"tablet":{"background-color":"var(--ast-global-color-5)","background-image":"","background-repeat":"repeat","background-position":"center center","background-size":"auto","background-attachment":"scroll","background-type":"","background-media":"","overlay-type":"","overlay-color":"","overlay-opacity":"","overlay-gradient":""},"mobile":{"background-color":"var(--ast-global-color-5)","background-image":"","background-repeat":"repeat","background-position":"center center","background-size":"auto","background-attachment":"scroll","background-type":"","background-media":"","overlay-type":"","overlay-color":"","overlay-opacity":"","overlay-gradient":""}}},"product_brand":[],"product_cat":[190,193,187],"product_tag":[3856],"class_list":{"0":"post-7869","1":"product","2":"type-product","3":"status-publish","4":"has-post-thumbnail","6":"product_cat-bande-de-protection-de-surface","7":"product_cat-bande-pour-peinture","8":"product_cat-solutions-de-masquage","9":"product_tag-ruban-de-masquage-de-precision","10":"desktop-align-center","11":"tablet-align-center","12":"mobile-align-center","14":"first","15":"instock","16":"shipping-taxable","17":"product-type-simple"},"yoast_head":"<!-- This site is optimized with the Yoast SEO Premium plugin v27.2 (Yoast SEO v27.2) - https:\/\/yoast.com\/product\/yoast-seo-premium-wordpress\/ -->\n<title>Tesa\u00ae 4342 masquage de pr\u00e9cision<\/title>\n<meta name=\"description\" content=\"Tesa\u00ae 4342 masquage de pr\u00e9cision parfait pour tout type de travaux de peinture int\u00e9rieure et ext\u00e9rieure. R\u00e9siste \u00e0 des temp\u00e9ratures allant jusqu&#039;\u00e0 150 \u00baC\/30 minutes.\" \/>\n<meta name=\"robots\" content=\"index, follow, max-snippet:-1, max-image-preview:large, max-video-preview:-1\" \/>\n<link rel=\"canonical\" href=\"https:\/\/distribuidorcintastesa.es\/fr\/producto\/tesa-4342-masquage-de-precision\/\" \/>\n<meta property=\"og:locale\" content=\"fr_FR\" \/>\n<meta property=\"og:type\" content=\"article\" \/>\n<meta property=\"og:title\" content=\"Tesa\u00ae 4342 masquage de pr\u00e9cision\" \/>\n<meta property=\"og:description\" content=\"Tesa\u00ae 4342 masquage de pr\u00e9cision parfait pour tout type de travaux de peinture int\u00e9rieure et ext\u00e9rieure. R\u00e9siste \u00e0 des temp\u00e9ratures allant jusqu&#039;\u00e0 150 \u00baC\/30 minutes.\" \/>\n<meta property=\"og:url\" content=\"https:\/\/distribuidorcintastesa.es\/fr\/producto\/tesa-4342-masquage-de-precision\/\" \/>\n<meta property=\"og:site_name\" content=\"Distribuidor de cintas tesa, cintas tesa, tesa cintas, distribuidor tesa, tesa productos, productos tesa, tesa distribuidores, http:\/\/www.http:\/\/distribuidorcintas3m.es, Mejores ofertas en cintas\" \/>\n<meta property=\"article:modified_time\" content=\"2024-11-21T15:53:38+00:00\" \/>\n<meta property=\"og:image\" content=\"https:\/\/distribuidorcintastesa.es\/wp-content\/uploads\/2024\/11\/Tesa-4342-Precision-mask.jpg\" \/>\n\t<meta property=\"og:image:width\" content=\"800\" \/>\n\t<meta property=\"og:image:height\" content=\"800\" \/>\n\t<meta property=\"og:image:type\" content=\"image\/jpeg\" \/>\n<meta name=\"twitter:card\" content=\"summary_large_image\" \/>\n<meta name=\"twitter:label1\" content=\"Dur\u00e9e de lecture estim\u00e9e\" \/>\n\t<meta name=\"twitter:data1\" content=\"2 minutes\" \/>\n<script type=\"application\/ld+json\" class=\"yoast-schema-graph\">{\"@context\":\"https:\/\/schema.org\",\"@graph\":[{\"@type\":\"WebPage\",\"@id\":\"https:\/\/distribuidorcintastesa.es\/fr\/producto\/tesa-4342-masquage-de-precision\/\",\"url\":\"https:\/\/distribuidorcintastesa.es\/fr\/producto\/tesa-4342-masquage-de-precision\/\",\"name\":\"Tesa\u00ae 4342 masquage de pr\u00e9cision\",\"isPartOf\":{\"@id\":\"https:\/\/distribuidorcintastesa.es\/fr\/#website\"},\"primaryImageOfPage\":{\"@id\":\"https:\/\/distribuidorcintastesa.es\/fr\/producto\/tesa-4342-masquage-de-precision\/#primaryimage\"},\"image\":{\"@id\":\"https:\/\/distribuidorcintastesa.es\/fr\/producto\/tesa-4342-masquage-de-precision\/#primaryimage\"},\"thumbnailUrl\":\"https:\/\/distribuidorcintastesa.es\/wp-content\/uploads\/2024\/11\/Tesa-4342-Precision-mask.jpg\",\"datePublished\":\"2024-11-20T14:37:20+00:00\",\"dateModified\":\"2024-11-21T15:53:38+00:00\",\"description\":\"Tesa\u00ae 4342 masquage de pr\u00e9cision parfait pour tout type de travaux de peinture int\u00e9rieure et ext\u00e9rieure. R\u00e9siste \u00e0 des temp\u00e9ratures allant jusqu'\u00e0 150 \u00baC\/30 minutes.\",\"breadcrumb\":{\"@id\":\"https:\/\/distribuidorcintastesa.es\/fr\/producto\/tesa-4342-masquage-de-precision\/#breadcrumb\"},\"inLanguage\":\"fr-FR\",\"potentialAction\":[{\"@type\":\"ReadAction\",\"target\":[\"https:\/\/distribuidorcintastesa.es\/fr\/producto\/tesa-4342-masquage-de-precision\/\"]}]},{\"@type\":\"ImageObject\",\"inLanguage\":\"fr-FR\",\"@id\":\"https:\/\/distribuidorcintastesa.es\/fr\/producto\/tesa-4342-masquage-de-precision\/#primaryimage\",\"url\":\"https:\/\/distribuidorcintastesa.es\/wp-content\/uploads\/2024\/11\/Tesa-4342-Precision-mask.jpg\",\"contentUrl\":\"https:\/\/distribuidorcintastesa.es\/wp-content\/uploads\/2024\/11\/Tesa-4342-Precision-mask.jpg\",\"width\":800,\"height\":800,\"caption\":\"Tesa 4342 Precision mask\"},{\"@type\":\"BreadcrumbList\",\"@id\":\"https:\/\/distribuidorcintastesa.es\/fr\/producto\/tesa-4342-masquage-de-precision\/#breadcrumb\",\"itemListElement\":[{\"@type\":\"ListItem\",\"position\":1,\"name\":\"Portada\",\"item\":\"https:\/\/distribuidorcintastesa.es\/fr\/\"},{\"@type\":\"ListItem\",\"position\":2,\"name\":\"Produits\",\"item\":\"https:\/\/distribuidorcintastesa.es\/fr\/produits\/\"},{\"@type\":\"ListItem\",\"position\":3,\"name\":\"Tesa\u00ae 4342 masquage de pr\u00e9cision\"}]},{\"@type\":\"WebSite\",\"@id\":\"https:\/\/distribuidorcintastesa.es\/fr\/#website\",\"url\":\"https:\/\/distribuidorcintastesa.es\/fr\/\",\"name\":\"Distribuidor de cintas tesa\",\"description\":\"Distribuidor de cintas tesa, cintas tesa, tesa cintas, distribuidor tesa, tesa productos, productos tesa, tesa distribuidores, cintas y adhesivos, tesa cinta doble cara, cinta tesa doble cara, adhesivos tesa, cinta antideslizante, velcro tesa, cinta reflectante, tesa supergen, softprint, cinta doble cara tesa, selladores y adhesivos, cintas adhesivas de doble cara, cintas de aluminio, cintas de vinilo para se\u00f1alizaci\u00f3n, cintas de tela americanas, cintas de papel para enmascarar, cintas para embalaje\",\"publisher\":{\"@id\":\"https:\/\/distribuidorcintastesa.es\/fr\/#organization\"},\"potentialAction\":[{\"@type\":\"SearchAction\",\"target\":{\"@type\":\"EntryPoint\",\"urlTemplate\":\"https:\/\/distribuidorcintastesa.es\/fr\/?s={search_term_string}\"},\"query-input\":{\"@type\":\"PropertyValueSpecification\",\"valueRequired\":true,\"valueName\":\"search_term_string\"}}],\"inLanguage\":\"fr-FR\"},{\"@type\":\"Organization\",\"@id\":\"https:\/\/distribuidorcintastesa.es\/fr\/#organization\",\"name\":\"Distribuidor de cintas tesa\",\"url\":\"https:\/\/distribuidorcintastesa.es\/fr\/\",\"logo\":{\"@type\":\"ImageObject\",\"inLanguage\":\"fr-FR\",\"@id\":\"https:\/\/distribuidorcintastesa.es\/fr\/#\/schema\/logo\/image\/\",\"url\":\"https:\/\/distribuidorcintastesa.es\/wp-content\/uploads\/2022\/10\/logo-espanol-portugues.png\",\"contentUrl\":\"https:\/\/distribuidorcintastesa.es\/wp-content\/uploads\/2022\/10\/logo-espanol-portugues.png\",\"width\":871,\"height\":142,\"caption\":\"Distribuidor de cintas tesa\"},\"image\":{\"@id\":\"https:\/\/distribuidorcintastesa.es\/fr\/#\/schema\/logo\/image\/\"},\"sameAs\":[\"https:\/\/muralsrd.com\/\",\"https:\/\/solbi-mural.com\/es\/\",\"https:\/\/distribuidor-cintas-adhesivas.es\",\"https:\/\/www.instagram.com\/solbimural\/?igsh=ZnR6ZmkzZm1ubWhl\"]}]}<\/script>\n<!-- \/ Yoast SEO Premium plugin. -->","yoast_head_json":{"title":"Tesa\u00ae 4342 masquage de pr\u00e9cision","description":"Tesa\u00ae 4342 masquage de pr\u00e9cision parfait pour tout type de travaux de peinture int\u00e9rieure et ext\u00e9rieure. R\u00e9siste \u00e0 des temp\u00e9ratures allant jusqu'\u00e0 150 \u00baC\/30 minutes.","robots":{"index":"index","follow":"follow","max-snippet":"max-snippet:-1","max-image-preview":"max-image-preview:large","max-video-preview":"max-video-preview:-1"},"canonical":"https:\/\/distribuidorcintastesa.es\/fr\/producto\/tesa-4342-masquage-de-precision\/","og_locale":"fr_FR","og_type":"article","og_title":"Tesa\u00ae 4342 masquage de pr\u00e9cision","og_description":"Tesa\u00ae 4342 masquage de pr\u00e9cision parfait pour tout type de travaux de peinture int\u00e9rieure et ext\u00e9rieure. R\u00e9siste \u00e0 des temp\u00e9ratures allant jusqu'\u00e0 150 \u00baC\/30 minutes.","og_url":"https:\/\/distribuidorcintastesa.es\/fr\/producto\/tesa-4342-masquage-de-precision\/","og_site_name":"Distribuidor de cintas tesa, cintas tesa, tesa cintas, distribuidor tesa, tesa productos, productos tesa, tesa distribuidores, http:\/\/www.http:\/\/distribuidorcintas3m.es, Mejores ofertas en cintas","article_modified_time":"2024-11-21T15:53:38+00:00","og_image":[{"width":800,"height":800,"url":"https:\/\/distribuidorcintastesa.es\/wp-content\/uploads\/2024\/11\/Tesa-4342-Precision-mask.jpg","type":"image\/jpeg"}],"twitter_card":"summary_large_image","twitter_misc":{"Dur\u00e9e de lecture estim\u00e9e":"2 minutes"},"schema":{"@context":"https:\/\/schema.org","@graph":[{"@type":"WebPage","@id":"https:\/\/distribuidorcintastesa.es\/fr\/producto\/tesa-4342-masquage-de-precision\/","url":"https:\/\/distribuidorcintastesa.es\/fr\/producto\/tesa-4342-masquage-de-precision\/","name":"Tesa\u00ae 4342 masquage de pr\u00e9cision","isPartOf":{"@id":"https:\/\/distribuidorcintastesa.es\/fr\/#website"},"primaryImageOfPage":{"@id":"https:\/\/distribuidorcintastesa.es\/fr\/producto\/tesa-4342-masquage-de-precision\/#primaryimage"},"image":{"@id":"https:\/\/distribuidorcintastesa.es\/fr\/producto\/tesa-4342-masquage-de-precision\/#primaryimage"},"thumbnailUrl":"https:\/\/distribuidorcintastesa.es\/wp-content\/uploads\/2024\/11\/Tesa-4342-Precision-mask.jpg","datePublished":"2024-11-20T14:37:20+00:00","dateModified":"2024-11-21T15:53:38+00:00","description":"Tesa\u00ae 4342 masquage de pr\u00e9cision parfait pour tout type de travaux de peinture int\u00e9rieure et ext\u00e9rieure. R\u00e9siste \u00e0 des temp\u00e9ratures allant jusqu'\u00e0 150 \u00baC\/30 minutes.","breadcrumb":{"@id":"https:\/\/distribuidorcintastesa.es\/fr\/producto\/tesa-4342-masquage-de-precision\/#breadcrumb"},"inLanguage":"fr-FR","potentialAction":[{"@type":"ReadAction","target":["https:\/\/distribuidorcintastesa.es\/fr\/producto\/tesa-4342-masquage-de-precision\/"]}]},{"@type":"ImageObject","inLanguage":"fr-FR","@id":"https:\/\/distribuidorcintastesa.es\/fr\/producto\/tesa-4342-masquage-de-precision\/#primaryimage","url":"https:\/\/distribuidorcintastesa.es\/wp-content\/uploads\/2024\/11\/Tesa-4342-Precision-mask.jpg","contentUrl":"https:\/\/distribuidorcintastesa.es\/wp-content\/uploads\/2024\/11\/Tesa-4342-Precision-mask.jpg","width":800,"height":800,"caption":"Tesa 4342 Precision mask"},{"@type":"BreadcrumbList","@id":"https:\/\/distribuidorcintastesa.es\/fr\/producto\/tesa-4342-masquage-de-precision\/#breadcrumb","itemListElement":[{"@type":"ListItem","position":1,"name":"Portada","item":"https:\/\/distribuidorcintastesa.es\/fr\/"},{"@type":"ListItem","position":2,"name":"Produits","item":"https:\/\/distribuidorcintastesa.es\/fr\/produits\/"},{"@type":"ListItem","position":3,"name":"Tesa\u00ae 4342 masquage de pr\u00e9cision"}]},{"@type":"WebSite","@id":"https:\/\/distribuidorcintastesa.es\/fr\/#website","url":"https:\/\/distribuidorcintastesa.es\/fr\/","name":"Distribuidor de cintas tesa","description":"Distribuidor de cintas tesa, cintas tesa, tesa cintas, distribuidor tesa, tesa productos, productos tesa, tesa distribuidores, cintas y adhesivos, tesa cinta doble cara, cinta tesa doble cara, adhesivos tesa, cinta antideslizante, velcro tesa, cinta reflectante, tesa supergen, softprint, cinta doble cara tesa, selladores y adhesivos, cintas adhesivas de doble cara, cintas de aluminio, cintas de vinilo para se\u00f1alizaci\u00f3n, cintas de tela americanas, cintas de papel para enmascarar, cintas para embalaje","publisher":{"@id":"https:\/\/distribuidorcintastesa.es\/fr\/#organization"},"potentialAction":[{"@type":"SearchAction","target":{"@type":"EntryPoint","urlTemplate":"https:\/\/distribuidorcintastesa.es\/fr\/?s={search_term_string}"},"query-input":{"@type":"PropertyValueSpecification","valueRequired":true,"valueName":"search_term_string"}}],"inLanguage":"fr-FR"},{"@type":"Organization","@id":"https:\/\/distribuidorcintastesa.es\/fr\/#organization","name":"Distribuidor de cintas tesa","url":"https:\/\/distribuidorcintastesa.es\/fr\/","logo":{"@type":"ImageObject","inLanguage":"fr-FR","@id":"https:\/\/distribuidorcintastesa.es\/fr\/#\/schema\/logo\/image\/","url":"https:\/\/distribuidorcintastesa.es\/wp-content\/uploads\/2022\/10\/logo-espanol-portugues.png","contentUrl":"https:\/\/distribuidorcintastesa.es\/wp-content\/uploads\/2022\/10\/logo-espanol-portugues.png","width":871,"height":142,"caption":"Distribuidor de cintas tesa"},"image":{"@id":"https:\/\/distribuidorcintastesa.es\/fr\/#\/schema\/logo\/image\/"},"sameAs":["https:\/\/muralsrd.com\/","https:\/\/solbi-mural.com\/es\/","https:\/\/distribuidor-cintas-adhesivas.es","https:\/\/www.instagram.com\/solbimural\/?igsh=ZnR6ZmkzZm1ubWhl"]}]}},"_links":{"self":[{"href":"https:\/\/distribuidorcintastesa.es\/fr\/wp-json\/wp\/v2\/product\/7869","targetHints":{"allow":["GET"]}}],"collection":[{"href":"https:\/\/distribuidorcintastesa.es\/fr\/wp-json\/wp\/v2\/product"}],"about":[{"href":"https:\/\/distribuidorcintastesa.es\/fr\/wp-json\/wp\/v2\/types\/product"}],"wp:featuredmedia":[{"embeddable":true,"href":"https:\/\/distribuidorcintastesa.es\/fr\/wp-json\/wp\/v2\/media\/7878"}],"wp:attachment":[{"href":"https:\/\/distribuidorcintastesa.es\/fr\/wp-json\/wp\/v2\/media?parent=7869"}],"wp:term":[{"taxonomy":"product_brand","embeddable":true,"href":"https:\/\/distribuidorcintastesa.es\/fr\/wp-json\/wp\/v2\/product_brand?post=7869"},{"taxonomy":"product_cat","embeddable":true,"href":"https:\/\/distribuidorcintastesa.es\/fr\/wp-json\/wp\/v2\/product_cat?post=7869"},{"taxonomy":"product_tag","embeddable":true,"href":"https:\/\/distribuidorcintastesa.es\/fr\/wp-json\/wp\/v2\/product_tag?post=7869"}],"curies":[{"name":"wp","href":"https:\/\/api.w.org\/{rel}","templated":true}]}}