{"id":7861,"date":"2024-11-20T10:49:28","date_gmt":"2024-11-20T10:49:28","guid":{"rendered":"https:\/\/distribuidorcintastesa.es\/producto\/tesa-4333-precision-mask-sensitive\/"},"modified":"2024-11-21T16:03:23","modified_gmt":"2024-11-21T16:03:23","slug":"tesa-4333-masquage-de-precision-sensible","status":"publish","type":"product","link":"https:\/\/distribuidorcintastesa.es\/fr\/producto\/tesa-4333-masquage-de-precision-sensible\/","title":{"rendered":"Tesa 4333 Masquage de pr\u00e9cision sensible"},"content":{"rendered":"<p>Le ruban Tesa 4333 masquage de pr\u00e9cision sensible est compos\u00e9 d&rsquo;un support papier extra fin tr\u00e8s r\u00e9sistant et d&rsquo;un adh\u00e9sif acrylique modifi\u00e9. Il est con\u00e7u pour presque tous les types de travaux de peinture int\u00e9rieure, car le support papier permet au ruban de s&rsquo;adapter parfaitement \u00e0 une grande vari\u00e9t\u00e9 de surfaces avec une facilit\u00e9 remarquable. En outre, l&rsquo;adh\u00e9sif a une formule sp\u00e9ciale qui permet de l&rsquo;appliquer sur des surfaces difficiles et de l&rsquo;enlever facilement jusqu&rsquo;\u00e0 14 jours apr\u00e8s l&rsquo;application.<\/p>\n<p><strong style=\"color: #000000; font-size: 24px;\">Achat en ligne<\/strong><\/p>\n<h4><a href=\"https:\/\/solbi-mural.com\/fr\/rubans-adhesifs-une-face\/310-tesa-ruban-de-masquage-precision-mask-sensitive-4333-rose-rouleaux-de-50m-4042448280978.html\" target=\"_blank\" rel=\"noopener\"><span style=\"color: #3366ff;\">4333<\/span><\/a><\/h4>\n<p>&nbsp;<\/p>\n<p><strong style=\"font-size: 1.3em;\">Caract\u00e9ristiques<\/strong><\/p>\n<ul>\n<li>Le ruban Tesa 4333 masquage de pr\u00e9cision sensible tr\u00e8s flexible et capable de s&rsquo;adapter \u00e0 diff\u00e9rentes surfaces<\/li>\n<li>Il est compos\u00e9 d&rsquo;un adh\u00e9sif acrylique modifi\u00e9 qui offre une grande adh\u00e9rence sur diff\u00e9rents mat\u00e9riaux.<\/li>\n<li>Mat\u00e9riau du support : papier lisse<\/li>\n<li>Adh\u00e9sion sur l&rsquo;acier : 4,5 %.<\/li>\n<li>Epaisseur totale 85 \u00b5m<\/li>\n<li>Couleur rose<\/li>\n<\/ul>\n<p><strong style=\"font-size: 1.3em;\">Applications <\/strong><\/p>\n<ul>\n<li>Ce ruban est con\u00e7u pour des applications dans le secteur industriel, comme les entreprises de peinture ou la vente de peinture et d&rsquo;accessoires, pour un usage priv\u00e9 afin d&rsquo;obtenir de meilleurs r\u00e9sultats.<\/li>\n<li>Convient pour les murs recouverts de papier peint, les peintures \u00e0 l&rsquo;eau, les laques et m\u00eame les travaux plus techniques avec une spatule, et d&rsquo;autres surfaces o\u00f9 une finition tr\u00e8s pr\u00e9cise est requise.<\/li>\n<li>Application int\u00e9rieure<\/li>\n<\/ul>\n<h4><strong>Produits similaires<\/strong><\/h4>\n<ul>\n<li style=\"list-style-type: none;\">\n<ul>\n<li><a href=\"https:\/\/distribuidorcintastesa.es\/fr\/producto\/tesa-4342-masquage-de-precision\/\" target=\"_blank\" rel=\"noopener\">4342<\/a><\/li>\n<li><a href=\"https:\/\/distribuidorcintastesa.es\/fr\/producto\/tesa-4439-masquage-exterieur\/\" target=\"_blank\" rel=\"noopener\">4439<\/a><\/li>\n<\/ul>\n<\/li>\n<\/ul>\n","protected":false},"excerpt":{"rendered":"<p>Le ruban Tesa 4333 masquage de pr\u00e9cision sensible est compos\u00e9 d&rsquo;un support papier extra fin tr\u00e8s r\u00e9sistant et d&rsquo;un adh\u00e9sif acrylique modifi\u00e9. Il est con\u00e7u pour presque tous les types de travaux de peinture int\u00e9rieure, car le support papier permet au ruban de s&rsquo;adapter parfaitement \u00e0 une grande vari\u00e9t\u00e9 de surfaces avec une facilit\u00e9 remarquable. [&hellip;]<\/p>\n","protected":false},"featured_media":7847,"template":"","meta":{"site-sidebar-layout":"default","site-content-layout":"","ast-site-content-layout":"default","site-content-style":"default","site-sidebar-style":"default","ast-global-header-display":"","ast-banner-title-visibility":"","ast-main-header-display":"","ast-hfb-above-header-display":"","ast-hfb-below-header-display":"","ast-hfb-mobile-header-display":"","site-post-title":"","ast-breadcrumbs-content":"","ast-featured-img":"","footer-sml-layout":"","ast-disable-related-posts":"","theme-transparent-header-meta":"default","adv-header-id-meta":"","stick-header-meta":"","header-above-stick-meta":"","header-main-stick-meta":"","header-below-stick-meta":"","astra-migrate-meta-layouts":"set","ast-page-background-enabled":"default","ast-page-background-meta":{"desktop":{"background-color":"","background-image":"","background-repeat":"repeat","background-position":"center center","background-size":"auto","background-attachment":"scroll","background-type":"","background-media":"","overlay-type":"","overlay-color":"","overlay-opacity":"","overlay-gradient":""},"tablet":{"background-color":"","background-image":"","background-repeat":"repeat","background-position":"center center","background-size":"auto","background-attachment":"scroll","background-type":"","background-media":"","overlay-type":"","overlay-color":"","overlay-opacity":"","overlay-gradient":""},"mobile":{"background-color":"","background-image":"","background-repeat":"repeat","background-position":"center center","background-size":"auto","background-attachment":"scroll","background-type":"","background-media":"","overlay-type":"","overlay-color":"","overlay-opacity":"","overlay-gradient":""}},"ast-content-background-meta":{"desktop":{"background-color":"var(--ast-global-color-5)","background-image":"","background-repeat":"repeat","background-position":"center center","background-size":"auto","background-attachment":"scroll","background-type":"","background-media":"","overlay-type":"","overlay-color":"","overlay-opacity":"","overlay-gradient":""},"tablet":{"background-color":"var(--ast-global-color-5)","background-image":"","background-repeat":"repeat","background-position":"center center","background-size":"auto","background-attachment":"scroll","background-type":"","background-media":"","overlay-type":"","overlay-color":"","overlay-opacity":"","overlay-gradient":""},"mobile":{"background-color":"var(--ast-global-color-5)","background-image":"","background-repeat":"repeat","background-position":"center center","background-size":"auto","background-attachment":"scroll","background-type":"","background-media":"","overlay-type":"","overlay-color":"","overlay-opacity":"","overlay-gradient":""}}},"product_brand":[],"product_cat":[190,187],"product_tag":[3858,3856,3857],"class_list":{"0":"post-7861","1":"product","2":"type-product","3":"status-publish","4":"has-post-thumbnail","6":"product_cat-bande-de-protection-de-surface","7":"product_cat-solutions-de-masquage","8":"product_tag-ruban-adhesif-tesa-4333","9":"product_tag-ruban-de-masquage-de-precision","10":"product_tag-ruban-de-masquage-de-precision-fr","11":"desktop-align-center","12":"tablet-align-center","13":"mobile-align-center","15":"first","16":"instock","17":"shipping-taxable","18":"product-type-simple"},"yoast_head":"<!-- This site is optimized with the Yoast SEO Premium plugin v27.2 (Yoast SEO v27.2) - https:\/\/yoast.com\/product\/yoast-seo-premium-wordpress\/ -->\n<title>Tesa 4333 masquage de pr\u00e9cision sensible<\/title>\n<meta name=\"description\" content=\"Tesa 4333 masquage de pr\u00e9cision sensible parfait pour tout type de travaux de peinture int\u00e9rieure. S&#039;enl\u00e8ve facilement jusqu&#039;\u00e0 14 jours apr\u00e8s l&#039;application\" \/>\n<meta name=\"robots\" content=\"index, follow, max-snippet:-1, max-image-preview:large, max-video-preview:-1\" \/>\n<link rel=\"canonical\" href=\"https:\/\/distribuidorcintastesa.es\/fr\/producto\/tesa-4333-masquage-de-precision-sensible\/\" \/>\n<meta property=\"og:locale\" content=\"fr_FR\" \/>\n<meta property=\"og:type\" content=\"article\" \/>\n<meta property=\"og:title\" content=\"Tesa 4333 Masquage de pr\u00e9cision sensible\" \/>\n<meta property=\"og:description\" content=\"Tesa 4333 masquage de pr\u00e9cision sensible parfait pour tout type de travaux de peinture int\u00e9rieure. S&#039;enl\u00e8ve facilement jusqu&#039;\u00e0 14 jours apr\u00e8s l&#039;application\" \/>\n<meta property=\"og:url\" content=\"https:\/\/distribuidorcintastesa.es\/fr\/producto\/tesa-4333-masquage-de-precision-sensible\/\" \/>\n<meta property=\"og:site_name\" content=\"Distribuidor de cintas tesa, cintas tesa, tesa cintas, distribuidor tesa, tesa productos, productos tesa, tesa distribuidores, http:\/\/www.http:\/\/distribuidorcintas3m.es, Mejores ofertas en cintas\" \/>\n<meta property=\"article:modified_time\" content=\"2024-11-21T16:03:23+00:00\" \/>\n<meta property=\"og:image\" content=\"https:\/\/distribuidorcintastesa.es\/wp-content\/uploads\/2024\/11\/Cinta-Tesa-4333-Precision-Mask-Sensitive-cinta-de-enmascarado.jpg\" \/>\n\t<meta property=\"og:image:width\" content=\"800\" \/>\n\t<meta property=\"og:image:height\" content=\"800\" \/>\n\t<meta property=\"og:image:type\" content=\"image\/jpeg\" \/>\n<meta name=\"twitter:card\" content=\"summary_large_image\" \/>\n<meta name=\"twitter:label1\" content=\"Dur\u00e9e de lecture estim\u00e9e\" \/>\n\t<meta name=\"twitter:data1\" content=\"2 minutes\" \/>\n<script type=\"application\/ld+json\" class=\"yoast-schema-graph\">{\"@context\":\"https:\/\/schema.org\",\"@graph\":[{\"@type\":\"WebPage\",\"@id\":\"https:\/\/distribuidorcintastesa.es\/fr\/producto\/tesa-4333-masquage-de-precision-sensible\/\",\"url\":\"https:\/\/distribuidorcintastesa.es\/fr\/producto\/tesa-4333-masquage-de-precision-sensible\/\",\"name\":\"Tesa 4333 masquage de pr\u00e9cision sensible\",\"isPartOf\":{\"@id\":\"https:\/\/distribuidorcintastesa.es\/fr\/#website\"},\"primaryImageOfPage\":{\"@id\":\"https:\/\/distribuidorcintastesa.es\/fr\/producto\/tesa-4333-masquage-de-precision-sensible\/#primaryimage\"},\"image\":{\"@id\":\"https:\/\/distribuidorcintastesa.es\/fr\/producto\/tesa-4333-masquage-de-precision-sensible\/#primaryimage\"},\"thumbnailUrl\":\"https:\/\/distribuidorcintastesa.es\/wp-content\/uploads\/2024\/11\/Cinta-Tesa-4333-Precision-Mask-Sensitive-cinta-de-enmascarado.jpg\",\"datePublished\":\"2024-11-20T10:49:28+00:00\",\"dateModified\":\"2024-11-21T16:03:23+00:00\",\"description\":\"Tesa 4333 masquage de pr\u00e9cision sensible parfait pour tout type de travaux de peinture int\u00e9rieure. S'enl\u00e8ve facilement jusqu'\u00e0 14 jours apr\u00e8s l'application\",\"breadcrumb\":{\"@id\":\"https:\/\/distribuidorcintastesa.es\/fr\/producto\/tesa-4333-masquage-de-precision-sensible\/#breadcrumb\"},\"inLanguage\":\"fr-FR\",\"potentialAction\":[{\"@type\":\"ReadAction\",\"target\":[\"https:\/\/distribuidorcintastesa.es\/fr\/producto\/tesa-4333-masquage-de-precision-sensible\/\"]}]},{\"@type\":\"ImageObject\",\"inLanguage\":\"fr-FR\",\"@id\":\"https:\/\/distribuidorcintastesa.es\/fr\/producto\/tesa-4333-masquage-de-precision-sensible\/#primaryimage\",\"url\":\"https:\/\/distribuidorcintastesa.es\/wp-content\/uploads\/2024\/11\/Cinta-Tesa-4333-Precision-Mask-Sensitive-cinta-de-enmascarado.jpg\",\"contentUrl\":\"https:\/\/distribuidorcintastesa.es\/wp-content\/uploads\/2024\/11\/Cinta-Tesa-4333-Precision-Mask-Sensitive-cinta-de-enmascarado.jpg\",\"width\":800,\"height\":800,\"caption\":\"Tesa 4333 Precision Mask Sensitive Tape - Ruban de masquage\"},{\"@type\":\"BreadcrumbList\",\"@id\":\"https:\/\/distribuidorcintastesa.es\/fr\/producto\/tesa-4333-masquage-de-precision-sensible\/#breadcrumb\",\"itemListElement\":[{\"@type\":\"ListItem\",\"position\":1,\"name\":\"Portada\",\"item\":\"https:\/\/distribuidorcintastesa.es\/fr\/\"},{\"@type\":\"ListItem\",\"position\":2,\"name\":\"Produits\",\"item\":\"https:\/\/distribuidorcintastesa.es\/fr\/produits\/\"},{\"@type\":\"ListItem\",\"position\":3,\"name\":\"Tesa 4333 Masquage de pr\u00e9cision sensible\"}]},{\"@type\":\"WebSite\",\"@id\":\"https:\/\/distribuidorcintastesa.es\/fr\/#website\",\"url\":\"https:\/\/distribuidorcintastesa.es\/fr\/\",\"name\":\"Distribuidor de cintas tesa\",\"description\":\"Distribuidor de cintas tesa, cintas tesa, tesa cintas, distribuidor tesa, tesa productos, productos tesa, tesa distribuidores, cintas y adhesivos, tesa cinta doble cara, cinta tesa doble cara, adhesivos tesa, cinta antideslizante, velcro tesa, cinta reflectante, tesa supergen, softprint, cinta doble cara tesa, selladores y adhesivos, cintas adhesivas de doble cara, cintas de aluminio, cintas de vinilo para se\u00f1alizaci\u00f3n, cintas de tela americanas, cintas de papel para enmascarar, cintas para embalaje\",\"publisher\":{\"@id\":\"https:\/\/distribuidorcintastesa.es\/fr\/#organization\"},\"potentialAction\":[{\"@type\":\"SearchAction\",\"target\":{\"@type\":\"EntryPoint\",\"urlTemplate\":\"https:\/\/distribuidorcintastesa.es\/fr\/?s={search_term_string}\"},\"query-input\":{\"@type\":\"PropertyValueSpecification\",\"valueRequired\":true,\"valueName\":\"search_term_string\"}}],\"inLanguage\":\"fr-FR\"},{\"@type\":\"Organization\",\"@id\":\"https:\/\/distribuidorcintastesa.es\/fr\/#organization\",\"name\":\"Distribuidor de cintas tesa\",\"url\":\"https:\/\/distribuidorcintastesa.es\/fr\/\",\"logo\":{\"@type\":\"ImageObject\",\"inLanguage\":\"fr-FR\",\"@id\":\"https:\/\/distribuidorcintastesa.es\/fr\/#\/schema\/logo\/image\/\",\"url\":\"https:\/\/distribuidorcintastesa.es\/wp-content\/uploads\/2022\/10\/logo-espanol-portugues.png\",\"contentUrl\":\"https:\/\/distribuidorcintastesa.es\/wp-content\/uploads\/2022\/10\/logo-espanol-portugues.png\",\"width\":871,\"height\":142,\"caption\":\"Distribuidor de cintas tesa\"},\"image\":{\"@id\":\"https:\/\/distribuidorcintastesa.es\/fr\/#\/schema\/logo\/image\/\"},\"sameAs\":[\"https:\/\/muralsrd.com\/\",\"https:\/\/solbi-mural.com\/es\/\",\"https:\/\/distribuidor-cintas-adhesivas.es\",\"https:\/\/www.instagram.com\/solbimural\/?igsh=ZnR6ZmkzZm1ubWhl\"]}]}<\/script>\n<!-- \/ Yoast SEO Premium plugin. -->","yoast_head_json":{"title":"Tesa 4333 masquage de pr\u00e9cision sensible","description":"Tesa 4333 masquage de pr\u00e9cision sensible parfait pour tout type de travaux de peinture int\u00e9rieure. S'enl\u00e8ve facilement jusqu'\u00e0 14 jours apr\u00e8s l'application","robots":{"index":"index","follow":"follow","max-snippet":"max-snippet:-1","max-image-preview":"max-image-preview:large","max-video-preview":"max-video-preview:-1"},"canonical":"https:\/\/distribuidorcintastesa.es\/fr\/producto\/tesa-4333-masquage-de-precision-sensible\/","og_locale":"fr_FR","og_type":"article","og_title":"Tesa 4333 Masquage de pr\u00e9cision sensible","og_description":"Tesa 4333 masquage de pr\u00e9cision sensible parfait pour tout type de travaux de peinture int\u00e9rieure. S'enl\u00e8ve facilement jusqu'\u00e0 14 jours apr\u00e8s l'application","og_url":"https:\/\/distribuidorcintastesa.es\/fr\/producto\/tesa-4333-masquage-de-precision-sensible\/","og_site_name":"Distribuidor de cintas tesa, cintas tesa, tesa cintas, distribuidor tesa, tesa productos, productos tesa, tesa distribuidores, http:\/\/www.http:\/\/distribuidorcintas3m.es, Mejores ofertas en cintas","article_modified_time":"2024-11-21T16:03:23+00:00","og_image":[{"width":800,"height":800,"url":"https:\/\/distribuidorcintastesa.es\/wp-content\/uploads\/2024\/11\/Cinta-Tesa-4333-Precision-Mask-Sensitive-cinta-de-enmascarado.jpg","type":"image\/jpeg"}],"twitter_card":"summary_large_image","twitter_misc":{"Dur\u00e9e de lecture estim\u00e9e":"2 minutes"},"schema":{"@context":"https:\/\/schema.org","@graph":[{"@type":"WebPage","@id":"https:\/\/distribuidorcintastesa.es\/fr\/producto\/tesa-4333-masquage-de-precision-sensible\/","url":"https:\/\/distribuidorcintastesa.es\/fr\/producto\/tesa-4333-masquage-de-precision-sensible\/","name":"Tesa 4333 masquage de pr\u00e9cision sensible","isPartOf":{"@id":"https:\/\/distribuidorcintastesa.es\/fr\/#website"},"primaryImageOfPage":{"@id":"https:\/\/distribuidorcintastesa.es\/fr\/producto\/tesa-4333-masquage-de-precision-sensible\/#primaryimage"},"image":{"@id":"https:\/\/distribuidorcintastesa.es\/fr\/producto\/tesa-4333-masquage-de-precision-sensible\/#primaryimage"},"thumbnailUrl":"https:\/\/distribuidorcintastesa.es\/wp-content\/uploads\/2024\/11\/Cinta-Tesa-4333-Precision-Mask-Sensitive-cinta-de-enmascarado.jpg","datePublished":"2024-11-20T10:49:28+00:00","dateModified":"2024-11-21T16:03:23+00:00","description":"Tesa 4333 masquage de pr\u00e9cision sensible parfait pour tout type de travaux de peinture int\u00e9rieure. S'enl\u00e8ve facilement jusqu'\u00e0 14 jours apr\u00e8s l'application","breadcrumb":{"@id":"https:\/\/distribuidorcintastesa.es\/fr\/producto\/tesa-4333-masquage-de-precision-sensible\/#breadcrumb"},"inLanguage":"fr-FR","potentialAction":[{"@type":"ReadAction","target":["https:\/\/distribuidorcintastesa.es\/fr\/producto\/tesa-4333-masquage-de-precision-sensible\/"]}]},{"@type":"ImageObject","inLanguage":"fr-FR","@id":"https:\/\/distribuidorcintastesa.es\/fr\/producto\/tesa-4333-masquage-de-precision-sensible\/#primaryimage","url":"https:\/\/distribuidorcintastesa.es\/wp-content\/uploads\/2024\/11\/Cinta-Tesa-4333-Precision-Mask-Sensitive-cinta-de-enmascarado.jpg","contentUrl":"https:\/\/distribuidorcintastesa.es\/wp-content\/uploads\/2024\/11\/Cinta-Tesa-4333-Precision-Mask-Sensitive-cinta-de-enmascarado.jpg","width":800,"height":800,"caption":"Tesa 4333 Precision Mask Sensitive Tape - Ruban de masquage"},{"@type":"BreadcrumbList","@id":"https:\/\/distribuidorcintastesa.es\/fr\/producto\/tesa-4333-masquage-de-precision-sensible\/#breadcrumb","itemListElement":[{"@type":"ListItem","position":1,"name":"Portada","item":"https:\/\/distribuidorcintastesa.es\/fr\/"},{"@type":"ListItem","position":2,"name":"Produits","item":"https:\/\/distribuidorcintastesa.es\/fr\/produits\/"},{"@type":"ListItem","position":3,"name":"Tesa 4333 Masquage de pr\u00e9cision sensible"}]},{"@type":"WebSite","@id":"https:\/\/distribuidorcintastesa.es\/fr\/#website","url":"https:\/\/distribuidorcintastesa.es\/fr\/","name":"Distribuidor de cintas tesa","description":"Distribuidor de cintas tesa, cintas tesa, tesa cintas, distribuidor tesa, tesa productos, productos tesa, tesa distribuidores, cintas y adhesivos, tesa cinta doble cara, cinta tesa doble cara, adhesivos tesa, cinta antideslizante, velcro tesa, cinta reflectante, tesa supergen, softprint, cinta doble cara tesa, selladores y adhesivos, cintas adhesivas de doble cara, cintas de aluminio, cintas de vinilo para se\u00f1alizaci\u00f3n, cintas de tela americanas, cintas de papel para enmascarar, cintas para embalaje","publisher":{"@id":"https:\/\/distribuidorcintastesa.es\/fr\/#organization"},"potentialAction":[{"@type":"SearchAction","target":{"@type":"EntryPoint","urlTemplate":"https:\/\/distribuidorcintastesa.es\/fr\/?s={search_term_string}"},"query-input":{"@type":"PropertyValueSpecification","valueRequired":true,"valueName":"search_term_string"}}],"inLanguage":"fr-FR"},{"@type":"Organization","@id":"https:\/\/distribuidorcintastesa.es\/fr\/#organization","name":"Distribuidor de cintas tesa","url":"https:\/\/distribuidorcintastesa.es\/fr\/","logo":{"@type":"ImageObject","inLanguage":"fr-FR","@id":"https:\/\/distribuidorcintastesa.es\/fr\/#\/schema\/logo\/image\/","url":"https:\/\/distribuidorcintastesa.es\/wp-content\/uploads\/2022\/10\/logo-espanol-portugues.png","contentUrl":"https:\/\/distribuidorcintastesa.es\/wp-content\/uploads\/2022\/10\/logo-espanol-portugues.png","width":871,"height":142,"caption":"Distribuidor de cintas tesa"},"image":{"@id":"https:\/\/distribuidorcintastesa.es\/fr\/#\/schema\/logo\/image\/"},"sameAs":["https:\/\/muralsrd.com\/","https:\/\/solbi-mural.com\/es\/","https:\/\/distribuidor-cintas-adhesivas.es","https:\/\/www.instagram.com\/solbimural\/?igsh=ZnR6ZmkzZm1ubWhl"]}]}},"_links":{"self":[{"href":"https:\/\/distribuidorcintastesa.es\/fr\/wp-json\/wp\/v2\/product\/7861","targetHints":{"allow":["GET"]}}],"collection":[{"href":"https:\/\/distribuidorcintastesa.es\/fr\/wp-json\/wp\/v2\/product"}],"about":[{"href":"https:\/\/distribuidorcintastesa.es\/fr\/wp-json\/wp\/v2\/types\/product"}],"wp:featuredmedia":[{"embeddable":true,"href":"https:\/\/distribuidorcintastesa.es\/fr\/wp-json\/wp\/v2\/media\/7847"}],"wp:attachment":[{"href":"https:\/\/distribuidorcintastesa.es\/fr\/wp-json\/wp\/v2\/media?parent=7861"}],"wp:term":[{"taxonomy":"product_brand","embeddable":true,"href":"https:\/\/distribuidorcintastesa.es\/fr\/wp-json\/wp\/v2\/product_brand?post=7861"},{"taxonomy":"product_cat","embeddable":true,"href":"https:\/\/distribuidorcintastesa.es\/fr\/wp-json\/wp\/v2\/product_cat?post=7861"},{"taxonomy":"product_tag","embeddable":true,"href":"https:\/\/distribuidorcintastesa.es\/fr\/wp-json\/wp\/v2\/product_tag?post=7861"}],"curies":[{"name":"wp","href":"https:\/\/api.w.org\/{rel}","templated":true}]}}