{"id":7764,"date":"2024-10-16T12:25:04","date_gmt":"2024-10-16T12:25:04","guid":{"rendered":"https:\/\/distribuidorcintastesa.es\/?post_type=product&#038;p=7764"},"modified":"2024-10-16T13:55:55","modified_gmt":"2024-10-16T13:55:55","slug":"tesa-6012-distributeur-manuel-industriel-multi-track","status":"publish","type":"product","link":"https:\/\/distribuidorcintastesa.es\/fr\/producto\/tesa-6012-distributeur-manuel-industriel-multi-track\/","title":{"rendered":"Tesa\u00ae 6012 Distributeur manuel industriel Multi-Track"},"content":{"rendered":"<p>Tesa\u00ae 6012 Distributeur manuel industriel Multi-Track est un distributeur universel pour les rubans d&#8217;emballage Tesa en rouleaux de 66 m\u00e8tres et d&rsquo;une largeur maximale de 50 mm. Ce d\u00e9vidoir peut \u00eatre utilis\u00e9 avec un ou deux rouleaux de ruban. Il a \u00e9t\u00e9 sp\u00e9cialement con\u00e7u pour faciliter le travail et l&rsquo;utilisation de ces d\u00e9rouleurs sur la ligne de production et dans l&rsquo;entrep\u00f4t, afin d&rsquo;\u00e9viter d&rsquo;avoir \u00e0 utiliser des ciseaux ou des cutters, ce qui ralentit le travail et augmente les dangers et les risques de coupure. Pour \u00e9viter que les lames ne s&rsquo;\u00e9moussent, ne s&rsquo;\u00e9moussent ou ne laissent des r\u00e9sidus de colle, il est recommand\u00e9 de les nettoyer p\u00e9riodiquement avec de l&rsquo;alcool.<\/p>\n<p>Comme le d\u00e9vidoir peut contenir jusqu&rsquo;\u00e0 deux rouleaux de ruban, il peut \u00eatre utilis\u00e9 avec diff\u00e9rents rubans tesa\u00ae en m\u00eame temps (par exemple, diff\u00e9rentes largeurs et couleurs).<\/p>\n<h4><strong style=\"color: #000000; font-size: 24px;\">Achat en ligne<\/strong><\/h4>\n<h4><a href=\"https:\/\/solbi-mural.com\/fr\/appareils-distributeur-bandes-adhesives\/688-tesa-6012-distributeur-manuel-de-table-pour-rubans-adhesifs.html\" target=\"_blank\" rel=\"noopener\"><span style=\"color: #3366ff;\">6012<\/span><\/a><\/h4>\n<p>&nbsp;<\/p>\n<h4><strong>C<span style=\"color: #000000;\">aract\u00e9ristiques<\/span><\/strong><\/h4>\n<ul>\n<li>Tesa\u00ae 6012 Multi-Track Industrial Hand Dispenser p\u00e8se 610 grammes<\/li>\n<li>Appareil \u00e0 main<\/li>\n<li>Diam\u00e8tre maximum du rouleau : 14,5 cm<\/li>\n<li>Largeur maximale du rouleau : 5 cm<\/li>\n<li>Longueur maximale du rouleau accept\u00e9 : 66 m<\/li>\n<\/ul>\n<p><span style=\"color: #000000;\"><strong style=\"font-size: 1.3em;\">Applications <\/strong><\/span><\/p>\n<ul>\n<li>Le distributeur peut \u00eatre solidement fix\u00e9 \u00e0 l&rsquo;\u00e9tabli \u00e0 l&rsquo;aide de la pince ou des vis fournies (quatre trous de vis sont pr\u00e9vus).<\/li>\n<li>Peut contenir jusqu&rsquo;\u00e0 deux rubans simultan\u00e9ment<\/li>\n<\/ul>\n<h4><span style=\"color: #000000;\"><strong>Produits similaires<\/strong><\/span><\/h4>\n<ul>\n<li style=\"list-style-type: none;\">\n<ul>\n<li><a href=\"https:\/\/distribuidorcintastesa.es\/fr\/producto\/tesa-6032-strap-it-distributeur-manuel-industriel\/\" target=\"_blank\" rel=\"noopener\">6032<\/a><\/li>\n<\/ul>\n<\/li>\n<\/ul>\n<ul>\n<li style=\"list-style-type: none;\"><\/li>\n<\/ul>\n","protected":false},"excerpt":{"rendered":"<p>Tesa\u00ae 6012 Distributeur manuel industriel Multi-Track est un distributeur universel pour les rubans d&#8217;emballage Tesa en rouleaux de 66 m\u00e8tres et d&rsquo;une largeur maximale de 50 mm. Ce d\u00e9vidoir peut \u00eatre utilis\u00e9 avec un ou deux rouleaux de ruban. Il a \u00e9t\u00e9 sp\u00e9cialement con\u00e7u pour faciliter le travail et l&rsquo;utilisation de ces d\u00e9rouleurs sur la [&hellip;]<\/p>\n","protected":false},"featured_media":7780,"template":"","meta":{"site-sidebar-layout":"default","site-content-layout":"","ast-site-content-layout":"default","site-content-style":"default","site-sidebar-style":"default","ast-global-header-display":"","ast-banner-title-visibility":"","ast-main-header-display":"","ast-hfb-above-header-display":"","ast-hfb-below-header-display":"","ast-hfb-mobile-header-display":"","site-post-title":"","ast-breadcrumbs-content":"","ast-featured-img":"","footer-sml-layout":"","ast-disable-related-posts":"","theme-transparent-header-meta":"default","adv-header-id-meta":"","stick-header-meta":"","header-above-stick-meta":"","header-main-stick-meta":"","header-below-stick-meta":"","astra-migrate-meta-layouts":"set","ast-page-background-enabled":"default","ast-page-background-meta":{"desktop":{"background-color":"","background-image":"","background-repeat":"repeat","background-position":"center center","background-size":"auto","background-attachment":"scroll","background-type":"","background-media":"","overlay-type":"","overlay-color":"","overlay-opacity":"","overlay-gradient":""},"tablet":{"background-color":"","background-image":"","background-repeat":"repeat","background-position":"center center","background-size":"auto","background-attachment":"scroll","background-type":"","background-media":"","overlay-type":"","overlay-color":"","overlay-opacity":"","overlay-gradient":""},"mobile":{"background-color":"","background-image":"","background-repeat":"repeat","background-position":"center center","background-size":"auto","background-attachment":"scroll","background-type":"","background-media":"","overlay-type":"","overlay-color":"","overlay-opacity":"","overlay-gradient":""}},"ast-content-background-meta":{"desktop":{"background-color":"var(--ast-global-color-5)","background-image":"","background-repeat":"repeat","background-position":"center center","background-size":"auto","background-attachment":"scroll","background-type":"","background-media":"","overlay-type":"","overlay-color":"","overlay-opacity":"","overlay-gradient":""},"tablet":{"background-color":"var(--ast-global-color-5)","background-image":"","background-repeat":"repeat","background-position":"center center","background-size":"auto","background-attachment":"scroll","background-type":"","background-media":"","overlay-type":"","overlay-color":"","overlay-opacity":"","overlay-gradient":""},"mobile":{"background-color":"var(--ast-global-color-5)","background-image":"","background-repeat":"repeat","background-position":"center center","background-size":"auto","background-attachment":"scroll","background-type":"","background-media":"","overlay-type":"","overlay-color":"","overlay-opacity":"","overlay-gradient":""}}},"product_brand":[],"product_cat":[196],"product_tag":[3837],"class_list":{"0":"post-7764","1":"product","2":"type-product","3":"status-publish","4":"has-post-thumbnail","6":"product_cat-distributeurs","7":"product_tag-tesa-6012-fr","8":"desktop-align-center","9":"tablet-align-center","10":"mobile-align-center","12":"first","13":"instock","14":"shipping-taxable","15":"product-type-simple"},"yoast_head":"<!-- This site is optimized with the Yoast SEO Premium plugin v27.2 (Yoast SEO v27.2) - https:\/\/yoast.com\/product\/yoast-seo-premium-wordpress\/ -->\n<title>Tesa\u00ae 6012 Distributeur manuel industriel Multi-Track<\/title>\n<meta name=\"description\" content=\"Tesa\u00ae 6012 Distributeur manuel industriel Multi-Track universel pour les rubans d&#039;emballage en rouleaux de 66 m\u00e8tres et d&#039;une largeur maximale de 50 mm.\" \/>\n<meta name=\"robots\" content=\"index, follow, max-snippet:-1, max-image-preview:large, max-video-preview:-1\" \/>\n<link rel=\"canonical\" href=\"https:\/\/distribuidorcintastesa.es\/fr\/producto\/tesa-6012-distributeur-manuel-industriel-multi-track\/\" \/>\n<meta property=\"og:locale\" content=\"fr_FR\" \/>\n<meta property=\"og:type\" content=\"article\" \/>\n<meta property=\"og:title\" content=\"Tesa\u00ae 6012 Distributeur manuel industriel Multi-Track\" \/>\n<meta property=\"og:description\" content=\"Tesa\u00ae 6012 Distributeur manuel industriel Multi-Track universel pour les rubans d&#039;emballage en rouleaux de 66 m\u00e8tres et d&#039;une largeur maximale de 50 mm.\" \/>\n<meta property=\"og:url\" content=\"https:\/\/distribuidorcintastesa.es\/fr\/producto\/tesa-6012-distributeur-manuel-industriel-multi-track\/\" \/>\n<meta property=\"og:site_name\" content=\"Distribuidor de cintas tesa, cintas tesa, tesa cintas, distribuidor tesa, tesa productos, productos tesa, tesa distribuidores, http:\/\/www.http:\/\/distribuidorcintas3m.es, Mejores ofertas en cintas\" \/>\n<meta property=\"article:modified_time\" content=\"2024-10-16T13:55:55+00:00\" \/>\n<meta property=\"og:image\" content=\"https:\/\/distribuidorcintastesa.es\/wp-content\/uploads\/2024\/10\/Dispensador-Tesa-6012.jpg\" \/>\n\t<meta property=\"og:image:width\" content=\"800\" \/>\n\t<meta property=\"og:image:height\" content=\"800\" \/>\n\t<meta property=\"og:image:type\" content=\"image\/jpeg\" \/>\n<meta name=\"twitter:card\" content=\"summary_large_image\" \/>\n<meta name=\"twitter:label1\" content=\"Dur\u00e9e de lecture estim\u00e9e\" \/>\n\t<meta name=\"twitter:data1\" content=\"2 minutes\" \/>\n<script type=\"application\/ld+json\" class=\"yoast-schema-graph\">{\"@context\":\"https:\/\/schema.org\",\"@graph\":[{\"@type\":\"WebPage\",\"@id\":\"https:\/\/distribuidorcintastesa.es\/fr\/producto\/tesa-6012-distributeur-manuel-industriel-multi-track\/\",\"url\":\"https:\/\/distribuidorcintastesa.es\/fr\/producto\/tesa-6012-distributeur-manuel-industriel-multi-track\/\",\"name\":\"Tesa\u00ae 6012 Distributeur manuel industriel Multi-Track\",\"isPartOf\":{\"@id\":\"https:\/\/distribuidorcintastesa.es\/fr\/#website\"},\"primaryImageOfPage\":{\"@id\":\"https:\/\/distribuidorcintastesa.es\/fr\/producto\/tesa-6012-distributeur-manuel-industriel-multi-track\/#primaryimage\"},\"image\":{\"@id\":\"https:\/\/distribuidorcintastesa.es\/fr\/producto\/tesa-6012-distributeur-manuel-industriel-multi-track\/#primaryimage\"},\"thumbnailUrl\":\"https:\/\/distribuidorcintastesa.es\/wp-content\/uploads\/2024\/10\/Dispensador-Tesa-6012.jpg\",\"datePublished\":\"2024-10-16T12:25:04+00:00\",\"dateModified\":\"2024-10-16T13:55:55+00:00\",\"description\":\"Tesa\u00ae 6012 Distributeur manuel industriel Multi-Track universel pour les rubans d'emballage en rouleaux de 66 m\u00e8tres et d'une largeur maximale de 50 mm.\",\"breadcrumb\":{\"@id\":\"https:\/\/distribuidorcintastesa.es\/fr\/producto\/tesa-6012-distributeur-manuel-industriel-multi-track\/#breadcrumb\"},\"inLanguage\":\"fr-FR\",\"potentialAction\":[{\"@type\":\"ReadAction\",\"target\":[\"https:\/\/distribuidorcintastesa.es\/fr\/producto\/tesa-6012-distributeur-manuel-industriel-multi-track\/\"]}]},{\"@type\":\"ImageObject\",\"inLanguage\":\"fr-FR\",\"@id\":\"https:\/\/distribuidorcintastesa.es\/fr\/producto\/tesa-6012-distributeur-manuel-industriel-multi-track\/#primaryimage\",\"url\":\"https:\/\/distribuidorcintastesa.es\/wp-content\/uploads\/2024\/10\/Dispensador-Tesa-6012.jpg\",\"contentUrl\":\"https:\/\/distribuidorcintastesa.es\/wp-content\/uploads\/2024\/10\/Dispensador-Tesa-6012.jpg\",\"width\":800,\"height\":800,\"caption\":\"Dispensador Tesa 6012 con dos cintas a la vez\"},{\"@type\":\"BreadcrumbList\",\"@id\":\"https:\/\/distribuidorcintastesa.es\/fr\/producto\/tesa-6012-distributeur-manuel-industriel-multi-track\/#breadcrumb\",\"itemListElement\":[{\"@type\":\"ListItem\",\"position\":1,\"name\":\"Portada\",\"item\":\"https:\/\/distribuidorcintastesa.es\/fr\/\"},{\"@type\":\"ListItem\",\"position\":2,\"name\":\"Produits\",\"item\":\"https:\/\/distribuidorcintastesa.es\/fr\/produits\/\"},{\"@type\":\"ListItem\",\"position\":3,\"name\":\"Tesa\u00ae 6012 Distributeur manuel industriel Multi-Track\"}]},{\"@type\":\"WebSite\",\"@id\":\"https:\/\/distribuidorcintastesa.es\/fr\/#website\",\"url\":\"https:\/\/distribuidorcintastesa.es\/fr\/\",\"name\":\"Distribuidor de cintas tesa\",\"description\":\"Distribuidor de cintas tesa, cintas tesa, tesa cintas, distribuidor tesa, tesa productos, productos tesa, tesa distribuidores, cintas y adhesivos, tesa cinta doble cara, cinta tesa doble cara, adhesivos tesa, cinta antideslizante, velcro tesa, cinta reflectante, tesa supergen, softprint, cinta doble cara tesa, selladores y adhesivos, cintas adhesivas de doble cara, cintas de aluminio, cintas de vinilo para se\u00f1alizaci\u00f3n, cintas de tela americanas, cintas de papel para enmascarar, cintas para embalaje\",\"publisher\":{\"@id\":\"https:\/\/distribuidorcintastesa.es\/fr\/#organization\"},\"potentialAction\":[{\"@type\":\"SearchAction\",\"target\":{\"@type\":\"EntryPoint\",\"urlTemplate\":\"https:\/\/distribuidorcintastesa.es\/fr\/?s={search_term_string}\"},\"query-input\":{\"@type\":\"PropertyValueSpecification\",\"valueRequired\":true,\"valueName\":\"search_term_string\"}}],\"inLanguage\":\"fr-FR\"},{\"@type\":\"Organization\",\"@id\":\"https:\/\/distribuidorcintastesa.es\/fr\/#organization\",\"name\":\"Distribuidor de cintas tesa\",\"url\":\"https:\/\/distribuidorcintastesa.es\/fr\/\",\"logo\":{\"@type\":\"ImageObject\",\"inLanguage\":\"fr-FR\",\"@id\":\"https:\/\/distribuidorcintastesa.es\/fr\/#\/schema\/logo\/image\/\",\"url\":\"https:\/\/distribuidorcintastesa.es\/wp-content\/uploads\/2022\/10\/logo-espanol-portugues.png\",\"contentUrl\":\"https:\/\/distribuidorcintastesa.es\/wp-content\/uploads\/2022\/10\/logo-espanol-portugues.png\",\"width\":871,\"height\":142,\"caption\":\"Distribuidor de cintas tesa\"},\"image\":{\"@id\":\"https:\/\/distribuidorcintastesa.es\/fr\/#\/schema\/logo\/image\/\"},\"sameAs\":[\"https:\/\/muralsrd.com\/\",\"https:\/\/solbi-mural.com\/es\/\",\"https:\/\/distribuidor-cintas-adhesivas.es\",\"https:\/\/www.instagram.com\/solbimural\/?igsh=ZnR6ZmkzZm1ubWhl\"]}]}<\/script>\n<!-- \/ Yoast SEO Premium plugin. -->","yoast_head_json":{"title":"Tesa\u00ae 6012 Distributeur manuel industriel Multi-Track","description":"Tesa\u00ae 6012 Distributeur manuel industriel Multi-Track universel pour les rubans d'emballage en rouleaux de 66 m\u00e8tres et d'une largeur maximale de 50 mm.","robots":{"index":"index","follow":"follow","max-snippet":"max-snippet:-1","max-image-preview":"max-image-preview:large","max-video-preview":"max-video-preview:-1"},"canonical":"https:\/\/distribuidorcintastesa.es\/fr\/producto\/tesa-6012-distributeur-manuel-industriel-multi-track\/","og_locale":"fr_FR","og_type":"article","og_title":"Tesa\u00ae 6012 Distributeur manuel industriel Multi-Track","og_description":"Tesa\u00ae 6012 Distributeur manuel industriel Multi-Track universel pour les rubans d'emballage en rouleaux de 66 m\u00e8tres et d'une largeur maximale de 50 mm.","og_url":"https:\/\/distribuidorcintastesa.es\/fr\/producto\/tesa-6012-distributeur-manuel-industriel-multi-track\/","og_site_name":"Distribuidor de cintas tesa, cintas tesa, tesa cintas, distribuidor tesa, tesa productos, productos tesa, tesa distribuidores, http:\/\/www.http:\/\/distribuidorcintas3m.es, Mejores ofertas en cintas","article_modified_time":"2024-10-16T13:55:55+00:00","og_image":[{"width":800,"height":800,"url":"https:\/\/distribuidorcintastesa.es\/wp-content\/uploads\/2024\/10\/Dispensador-Tesa-6012.jpg","type":"image\/jpeg"}],"twitter_card":"summary_large_image","twitter_misc":{"Dur\u00e9e de lecture estim\u00e9e":"2 minutes"},"schema":{"@context":"https:\/\/schema.org","@graph":[{"@type":"WebPage","@id":"https:\/\/distribuidorcintastesa.es\/fr\/producto\/tesa-6012-distributeur-manuel-industriel-multi-track\/","url":"https:\/\/distribuidorcintastesa.es\/fr\/producto\/tesa-6012-distributeur-manuel-industriel-multi-track\/","name":"Tesa\u00ae 6012 Distributeur manuel industriel Multi-Track","isPartOf":{"@id":"https:\/\/distribuidorcintastesa.es\/fr\/#website"},"primaryImageOfPage":{"@id":"https:\/\/distribuidorcintastesa.es\/fr\/producto\/tesa-6012-distributeur-manuel-industriel-multi-track\/#primaryimage"},"image":{"@id":"https:\/\/distribuidorcintastesa.es\/fr\/producto\/tesa-6012-distributeur-manuel-industriel-multi-track\/#primaryimage"},"thumbnailUrl":"https:\/\/distribuidorcintastesa.es\/wp-content\/uploads\/2024\/10\/Dispensador-Tesa-6012.jpg","datePublished":"2024-10-16T12:25:04+00:00","dateModified":"2024-10-16T13:55:55+00:00","description":"Tesa\u00ae 6012 Distributeur manuel industriel Multi-Track universel pour les rubans d'emballage en rouleaux de 66 m\u00e8tres et d'une largeur maximale de 50 mm.","breadcrumb":{"@id":"https:\/\/distribuidorcintastesa.es\/fr\/producto\/tesa-6012-distributeur-manuel-industriel-multi-track\/#breadcrumb"},"inLanguage":"fr-FR","potentialAction":[{"@type":"ReadAction","target":["https:\/\/distribuidorcintastesa.es\/fr\/producto\/tesa-6012-distributeur-manuel-industriel-multi-track\/"]}]},{"@type":"ImageObject","inLanguage":"fr-FR","@id":"https:\/\/distribuidorcintastesa.es\/fr\/producto\/tesa-6012-distributeur-manuel-industriel-multi-track\/#primaryimage","url":"https:\/\/distribuidorcintastesa.es\/wp-content\/uploads\/2024\/10\/Dispensador-Tesa-6012.jpg","contentUrl":"https:\/\/distribuidorcintastesa.es\/wp-content\/uploads\/2024\/10\/Dispensador-Tesa-6012.jpg","width":800,"height":800,"caption":"Dispensador Tesa 6012 con dos cintas a la vez"},{"@type":"BreadcrumbList","@id":"https:\/\/distribuidorcintastesa.es\/fr\/producto\/tesa-6012-distributeur-manuel-industriel-multi-track\/#breadcrumb","itemListElement":[{"@type":"ListItem","position":1,"name":"Portada","item":"https:\/\/distribuidorcintastesa.es\/fr\/"},{"@type":"ListItem","position":2,"name":"Produits","item":"https:\/\/distribuidorcintastesa.es\/fr\/produits\/"},{"@type":"ListItem","position":3,"name":"Tesa\u00ae 6012 Distributeur manuel industriel Multi-Track"}]},{"@type":"WebSite","@id":"https:\/\/distribuidorcintastesa.es\/fr\/#website","url":"https:\/\/distribuidorcintastesa.es\/fr\/","name":"Distribuidor de cintas tesa","description":"Distribuidor de cintas tesa, cintas tesa, tesa cintas, distribuidor tesa, tesa productos, productos tesa, tesa distribuidores, cintas y adhesivos, tesa cinta doble cara, cinta tesa doble cara, adhesivos tesa, cinta antideslizante, velcro tesa, cinta reflectante, tesa supergen, softprint, cinta doble cara tesa, selladores y adhesivos, cintas adhesivas de doble cara, cintas de aluminio, cintas de vinilo para se\u00f1alizaci\u00f3n, cintas de tela americanas, cintas de papel para enmascarar, cintas para embalaje","publisher":{"@id":"https:\/\/distribuidorcintastesa.es\/fr\/#organization"},"potentialAction":[{"@type":"SearchAction","target":{"@type":"EntryPoint","urlTemplate":"https:\/\/distribuidorcintastesa.es\/fr\/?s={search_term_string}"},"query-input":{"@type":"PropertyValueSpecification","valueRequired":true,"valueName":"search_term_string"}}],"inLanguage":"fr-FR"},{"@type":"Organization","@id":"https:\/\/distribuidorcintastesa.es\/fr\/#organization","name":"Distribuidor de cintas tesa","url":"https:\/\/distribuidorcintastesa.es\/fr\/","logo":{"@type":"ImageObject","inLanguage":"fr-FR","@id":"https:\/\/distribuidorcintastesa.es\/fr\/#\/schema\/logo\/image\/","url":"https:\/\/distribuidorcintastesa.es\/wp-content\/uploads\/2022\/10\/logo-espanol-portugues.png","contentUrl":"https:\/\/distribuidorcintastesa.es\/wp-content\/uploads\/2022\/10\/logo-espanol-portugues.png","width":871,"height":142,"caption":"Distribuidor de cintas tesa"},"image":{"@id":"https:\/\/distribuidorcintastesa.es\/fr\/#\/schema\/logo\/image\/"},"sameAs":["https:\/\/muralsrd.com\/","https:\/\/solbi-mural.com\/es\/","https:\/\/distribuidor-cintas-adhesivas.es","https:\/\/www.instagram.com\/solbimural\/?igsh=ZnR6ZmkzZm1ubWhl"]}]}},"_links":{"self":[{"href":"https:\/\/distribuidorcintastesa.es\/fr\/wp-json\/wp\/v2\/product\/7764","targetHints":{"allow":["GET"]}}],"collection":[{"href":"https:\/\/distribuidorcintastesa.es\/fr\/wp-json\/wp\/v2\/product"}],"about":[{"href":"https:\/\/distribuidorcintastesa.es\/fr\/wp-json\/wp\/v2\/types\/product"}],"wp:featuredmedia":[{"embeddable":true,"href":"https:\/\/distribuidorcintastesa.es\/fr\/wp-json\/wp\/v2\/media\/7780"}],"wp:attachment":[{"href":"https:\/\/distribuidorcintastesa.es\/fr\/wp-json\/wp\/v2\/media?parent=7764"}],"wp:term":[{"taxonomy":"product_brand","embeddable":true,"href":"https:\/\/distribuidorcintastesa.es\/fr\/wp-json\/wp\/v2\/product_brand?post=7764"},{"taxonomy":"product_cat","embeddable":true,"href":"https:\/\/distribuidorcintastesa.es\/fr\/wp-json\/wp\/v2\/product_cat?post=7764"},{"taxonomy":"product_tag","embeddable":true,"href":"https:\/\/distribuidorcintastesa.es\/fr\/wp-json\/wp\/v2\/product_tag?post=7764"}],"curies":[{"name":"wp","href":"https:\/\/api.w.org\/{rel}","templated":true}]}}