{"id":7741,"date":"2024-10-15T15:04:01","date_gmt":"2024-10-15T15:04:02","guid":{"rendered":"https:\/\/distribuidorcintastesa.es\/?post_type=product&#038;p=7741"},"modified":"2024-11-20T09:06:45","modified_gmt":"2024-11-20T09:06:45","slug":"tesa-6032-strap-it-distributeur-manuel-industriel","status":"publish","type":"product","link":"https:\/\/distribuidorcintastesa.es\/fr\/producto\/tesa-6032-strap-it-distributeur-manuel-industriel\/","title":{"rendered":"Tesa\u00ae 6032 Strap-it Distributeur manuel industriel"},"content":{"rendered":"<p>Tesa\u00ae 6032 Strap-it Distributeur manuel industriel est un d\u00e9rouleur manuel qui facilite l&rsquo;application de bandes de cerclage adh\u00e9sives et de bandes filamentaires d&rsquo;une largeur maximale de 25 mm. Ce d\u00e9vidoir permet notamment de sceller des bo\u00eetes avec des scell\u00e9s en L, de boucler et de s\u00e9curiser des charges palettis\u00e9es. Ses lames, cr\u00e9\u00e9es sp\u00e9cifiquement pour couper les rubans de filaments renforc\u00e9s de fibres de verre, \u00e9liminent le besoin de ciseaux ou de cutters. Pour \u00e9viter que les lames ne s&rsquo;\u00e9moussent, ne s&rsquo;\u00e9moussent ou ne laissent des r\u00e9sidus de colle, il est recommand\u00e9 de les nettoyer p\u00e9riodiquement avec de l&rsquo;alcool.<\/p>\n<h4><strong style=\"color: #000000; font-size: 24px;\">Achat en ligne<\/strong><\/h4>\n<h4><a href=\"https:\/\/solbi-mural.com\/fr\/appareils-distributeur-bandes-adhesives\/689-tesa-6032-dispositif-de-distribution-manuel-pour-rubans-de-cerclage-adhesifs.html\" target=\"_blank\" rel=\"noopener\"><span style=\"color: #3366ff;\">6032<\/span><\/a><\/h4>\n<p>&nbsp;<\/p>\n<h4><strong>C<span style=\"color: #000000;\">aract\u00e9ristiques<\/span><\/strong><\/h4>\n<ul>\n<li>Le distributeur manuel industriel Tesa\u00ae 6032 Dispenser Strap-it coupe facilement les rubans renforc\u00e9s.<\/li>\n<li>Poids de l&rsquo;unit\u00e9 de distribution 335 grammes<\/li>\n<li>D\u00e9rouleur manuel pour une utilisation manuelle<\/li>\n<li>Diam\u00e8tre maximum du rouleau : 15 cm<\/li>\n<li>Largeur maximale du rouleau : 2,5 cm<\/li>\n<li>Longueur maximale du rouleau accept\u00e9 : 66 m<\/li>\n<\/ul>\n<p><span style=\"color: #000000;\"><strong style=\"font-size: 1.3em;\">Applications <\/strong><\/span><\/p>\n<ul>\n<li>Con\u00e7u pour \u00eatre utilis\u00e9 comme ruban de s\u00e9curit\u00e9 dans le transport de marchandises, ce ruban est id\u00e9al pour joindre plusieurs paquets sur une palette et \u00e9galement pour joindre le film sur la palette, entre autres applications.<\/li>\n<li>Il est parfait pour regrouper et s\u00e9curiser les marchandises. Lors de l&rsquo;utilisation des rubans de cerclage Tesa\u00ae, appuyez sur le frein pour obtenir la tension souhait\u00e9e.<\/li>\n<\/ul>\n<h4><span style=\"color: #000000;\"><strong>Produits similaires<\/strong><\/span><\/h4>\n<ul>\n<li style=\"list-style-type: none;\">\n<ul>\n<li><a href=\"https:\/\/distribuidorcintastesa.es\/fr\/producto\/tesa-6012-distributeur-manuel-industriel-multi-track\/\" target=\"_blank\" rel=\"noopener\">6012<\/a><\/li>\n<\/ul>\n<\/li>\n<\/ul>\n<ul>\n<li style=\"list-style-type: none;\"><\/li>\n<\/ul>\n","protected":false},"excerpt":{"rendered":"<p>Tesa\u00ae 6032 Strap-it Distributeur manuel industriel est un d\u00e9rouleur manuel qui facilite l&rsquo;application de bandes de cerclage adh\u00e9sives et de bandes filamentaires d&rsquo;une largeur maximale de 25 mm. Ce d\u00e9vidoir permet notamment de sceller des bo\u00eetes avec des scell\u00e9s en L, de boucler et de s\u00e9curiser des charges palettis\u00e9es. Ses lames, cr\u00e9\u00e9es sp\u00e9cifiquement pour couper [&hellip;]<\/p>\n","protected":false},"featured_media":7757,"template":"","meta":{"site-sidebar-layout":"default","site-content-layout":"","ast-site-content-layout":"default","site-content-style":"default","site-sidebar-style":"default","ast-global-header-display":"","ast-banner-title-visibility":"","ast-main-header-display":"","ast-hfb-above-header-display":"","ast-hfb-below-header-display":"","ast-hfb-mobile-header-display":"","site-post-title":"","ast-breadcrumbs-content":"","ast-featured-img":"","footer-sml-layout":"","ast-disable-related-posts":"","theme-transparent-header-meta":"default","adv-header-id-meta":"","stick-header-meta":"","header-above-stick-meta":"","header-main-stick-meta":"","header-below-stick-meta":"","astra-migrate-meta-layouts":"set","ast-page-background-enabled":"default","ast-page-background-meta":{"desktop":{"background-color":"","background-image":"","background-repeat":"repeat","background-position":"center center","background-size":"auto","background-attachment":"scroll","background-type":"","background-media":"","overlay-type":"","overlay-color":"","overlay-opacity":"","overlay-gradient":""},"tablet":{"background-color":"","background-image":"","background-repeat":"repeat","background-position":"center center","background-size":"auto","background-attachment":"scroll","background-type":"","background-media":"","overlay-type":"","overlay-color":"","overlay-opacity":"","overlay-gradient":""},"mobile":{"background-color":"","background-image":"","background-repeat":"repeat","background-position":"center center","background-size":"auto","background-attachment":"scroll","background-type":"","background-media":"","overlay-type":"","overlay-color":"","overlay-opacity":"","overlay-gradient":""}},"ast-content-background-meta":{"desktop":{"background-color":"var(--ast-global-color-5)","background-image":"","background-repeat":"repeat","background-position":"center center","background-size":"auto","background-attachment":"scroll","background-type":"","background-media":"","overlay-type":"","overlay-color":"","overlay-opacity":"","overlay-gradient":""},"tablet":{"background-color":"var(--ast-global-color-5)","background-image":"","background-repeat":"repeat","background-position":"center center","background-size":"auto","background-attachment":"scroll","background-type":"","background-media":"","overlay-type":"","overlay-color":"","overlay-opacity":"","overlay-gradient":""},"mobile":{"background-color":"var(--ast-global-color-5)","background-image":"","background-repeat":"repeat","background-position":"center center","background-size":"auto","background-attachment":"scroll","background-type":"","background-media":"","overlay-type":"","overlay-color":"","overlay-opacity":"","overlay-gradient":""}}},"product_brand":[],"product_cat":[196],"product_tag":[],"class_list":{"0":"post-7741","1":"product","2":"type-product","3":"status-publish","4":"has-post-thumbnail","6":"product_cat-distributeurs","7":"desktop-align-center","8":"tablet-align-center","9":"mobile-align-center","11":"first","12":"instock","13":"shipping-taxable","14":"product-type-simple"},"yoast_head":"<!-- This site is optimized with the Yoast SEO Premium plugin v27.2 (Yoast SEO v27.2) - https:\/\/yoast.com\/product\/yoast-seo-premium-wordpress\/ -->\n<title>Tesa\u00ae 6032 Strap-it Distributeur manuel industriel<\/title>\n<meta name=\"description\" content=\"Tesa\u00ae 6032 Strap-it Distributeur manuel industriel qui facilite l&#039;application de bandes de cerclage adh\u00e9sives et de bandes filamentaires.\" \/>\n<meta name=\"robots\" content=\"index, follow, max-snippet:-1, max-image-preview:large, max-video-preview:-1\" \/>\n<link rel=\"canonical\" href=\"https:\/\/distribuidorcintastesa.es\/fr\/producto\/tesa-6032-strap-it-distributeur-manuel-industriel\/\" \/>\n<meta property=\"og:locale\" content=\"fr_FR\" \/>\n<meta property=\"og:type\" content=\"article\" \/>\n<meta property=\"og:title\" content=\"Tesa\u00ae 6032 Strap-it Distributeur manuel industriel\" \/>\n<meta property=\"og:description\" content=\"Tesa\u00ae 6032 Strap-it Distributeur manuel industriel qui facilite l&#039;application de bandes de cerclage adh\u00e9sives et de bandes filamentaires.\" \/>\n<meta property=\"og:url\" content=\"https:\/\/distribuidorcintastesa.es\/fr\/producto\/tesa-6032-strap-it-distributeur-manuel-industriel\/\" \/>\n<meta property=\"og:site_name\" content=\"Distribuidor de cintas tesa, cintas tesa, tesa cintas, distribuidor tesa, tesa productos, productos tesa, tesa distribuidores, http:\/\/www.http:\/\/distribuidorcintas3m.es, Mejores ofertas en cintas\" \/>\n<meta property=\"article:modified_time\" content=\"2024-11-20T09:06:45+00:00\" \/>\n<meta property=\"og:image\" content=\"https:\/\/distribuidorcintastesa.es\/wp-content\/uploads\/2024\/10\/Tesa-6032-Dispensador-de-mano-industrial-Strap-it.jpg\" \/>\n\t<meta property=\"og:image:width\" content=\"800\" \/>\n\t<meta property=\"og:image:height\" content=\"800\" \/>\n\t<meta property=\"og:image:type\" content=\"image\/jpeg\" \/>\n<meta name=\"twitter:card\" content=\"summary_large_image\" \/>\n<meta name=\"twitter:label1\" content=\"Dur\u00e9e de lecture estim\u00e9e\" \/>\n\t<meta name=\"twitter:data1\" content=\"2 minutes\" \/>\n<script type=\"application\/ld+json\" class=\"yoast-schema-graph\">{\"@context\":\"https:\/\/schema.org\",\"@graph\":[{\"@type\":\"WebPage\",\"@id\":\"https:\/\/distribuidorcintastesa.es\/fr\/producto\/tesa-6032-strap-it-distributeur-manuel-industriel\/\",\"url\":\"https:\/\/distribuidorcintastesa.es\/fr\/producto\/tesa-6032-strap-it-distributeur-manuel-industriel\/\",\"name\":\"Tesa\u00ae 6032 Strap-it Distributeur manuel industriel\",\"isPartOf\":{\"@id\":\"https:\/\/distribuidorcintastesa.es\/fr\/#website\"},\"primaryImageOfPage\":{\"@id\":\"https:\/\/distribuidorcintastesa.es\/fr\/producto\/tesa-6032-strap-it-distributeur-manuel-industriel\/#primaryimage\"},\"image\":{\"@id\":\"https:\/\/distribuidorcintastesa.es\/fr\/producto\/tesa-6032-strap-it-distributeur-manuel-industriel\/#primaryimage\"},\"thumbnailUrl\":\"https:\/\/distribuidorcintastesa.es\/wp-content\/uploads\/2024\/10\/Tesa-6032-Dispensador-de-mano-industrial-Strap-it.jpg\",\"datePublished\":\"2024-10-15T15:04:02+00:00\",\"dateModified\":\"2024-11-20T09:06:45+00:00\",\"description\":\"Tesa\u00ae 6032 Strap-it Distributeur manuel industriel qui facilite l'application de bandes de cerclage adh\u00e9sives et de bandes filamentaires.\",\"breadcrumb\":{\"@id\":\"https:\/\/distribuidorcintastesa.es\/fr\/producto\/tesa-6032-strap-it-distributeur-manuel-industriel\/#breadcrumb\"},\"inLanguage\":\"fr-FR\",\"potentialAction\":[{\"@type\":\"ReadAction\",\"target\":[\"https:\/\/distribuidorcintastesa.es\/fr\/producto\/tesa-6032-strap-it-distributeur-manuel-industriel\/\"]}]},{\"@type\":\"ImageObject\",\"inLanguage\":\"fr-FR\",\"@id\":\"https:\/\/distribuidorcintastesa.es\/fr\/producto\/tesa-6032-strap-it-distributeur-manuel-industriel\/#primaryimage\",\"url\":\"https:\/\/distribuidorcintastesa.es\/wp-content\/uploads\/2024\/10\/Tesa-6032-Dispensador-de-mano-industrial-Strap-it.jpg\",\"contentUrl\":\"https:\/\/distribuidorcintastesa.es\/wp-content\/uploads\/2024\/10\/Tesa-6032-Dispensador-de-mano-industrial-Strap-it.jpg\",\"width\":800,\"height\":800,\"caption\":\"Tesa 6032 Dispensador de mano industrial Strap-it\"},{\"@type\":\"BreadcrumbList\",\"@id\":\"https:\/\/distribuidorcintastesa.es\/fr\/producto\/tesa-6032-strap-it-distributeur-manuel-industriel\/#breadcrumb\",\"itemListElement\":[{\"@type\":\"ListItem\",\"position\":1,\"name\":\"Portada\",\"item\":\"https:\/\/distribuidorcintastesa.es\/fr\/\"},{\"@type\":\"ListItem\",\"position\":2,\"name\":\"Produits\",\"item\":\"https:\/\/distribuidorcintastesa.es\/fr\/produits\/\"},{\"@type\":\"ListItem\",\"position\":3,\"name\":\"Tesa\u00ae 6032 Strap-it Distributeur manuel industriel\"}]},{\"@type\":\"WebSite\",\"@id\":\"https:\/\/distribuidorcintastesa.es\/fr\/#website\",\"url\":\"https:\/\/distribuidorcintastesa.es\/fr\/\",\"name\":\"Distribuidor de cintas tesa\",\"description\":\"Distribuidor de cintas tesa, cintas tesa, tesa cintas, distribuidor tesa, tesa productos, productos tesa, tesa distribuidores, cintas y adhesivos, tesa cinta doble cara, cinta tesa doble cara, adhesivos tesa, cinta antideslizante, velcro tesa, cinta reflectante, tesa supergen, softprint, cinta doble cara tesa, selladores y adhesivos, cintas adhesivas de doble cara, cintas de aluminio, cintas de vinilo para se\u00f1alizaci\u00f3n, cintas de tela americanas, cintas de papel para enmascarar, cintas para embalaje\",\"publisher\":{\"@id\":\"https:\/\/distribuidorcintastesa.es\/fr\/#organization\"},\"potentialAction\":[{\"@type\":\"SearchAction\",\"target\":{\"@type\":\"EntryPoint\",\"urlTemplate\":\"https:\/\/distribuidorcintastesa.es\/fr\/?s={search_term_string}\"},\"query-input\":{\"@type\":\"PropertyValueSpecification\",\"valueRequired\":true,\"valueName\":\"search_term_string\"}}],\"inLanguage\":\"fr-FR\"},{\"@type\":\"Organization\",\"@id\":\"https:\/\/distribuidorcintastesa.es\/fr\/#organization\",\"name\":\"Distribuidor de cintas tesa\",\"url\":\"https:\/\/distribuidorcintastesa.es\/fr\/\",\"logo\":{\"@type\":\"ImageObject\",\"inLanguage\":\"fr-FR\",\"@id\":\"https:\/\/distribuidorcintastesa.es\/fr\/#\/schema\/logo\/image\/\",\"url\":\"https:\/\/distribuidorcintastesa.es\/wp-content\/uploads\/2022\/10\/logo-espanol-portugues.png\",\"contentUrl\":\"https:\/\/distribuidorcintastesa.es\/wp-content\/uploads\/2022\/10\/logo-espanol-portugues.png\",\"width\":871,\"height\":142,\"caption\":\"Distribuidor de cintas tesa\"},\"image\":{\"@id\":\"https:\/\/distribuidorcintastesa.es\/fr\/#\/schema\/logo\/image\/\"},\"sameAs\":[\"https:\/\/muralsrd.com\/\",\"https:\/\/solbi-mural.com\/es\/\",\"https:\/\/distribuidor-cintas-adhesivas.es\",\"https:\/\/www.instagram.com\/solbimural\/?igsh=ZnR6ZmkzZm1ubWhl\"]}]}<\/script>\n<!-- \/ Yoast SEO Premium plugin. -->","yoast_head_json":{"title":"Tesa\u00ae 6032 Strap-it Distributeur manuel industriel","description":"Tesa\u00ae 6032 Strap-it Distributeur manuel industriel qui facilite l'application de bandes de cerclage adh\u00e9sives et de bandes filamentaires.","robots":{"index":"index","follow":"follow","max-snippet":"max-snippet:-1","max-image-preview":"max-image-preview:large","max-video-preview":"max-video-preview:-1"},"canonical":"https:\/\/distribuidorcintastesa.es\/fr\/producto\/tesa-6032-strap-it-distributeur-manuel-industriel\/","og_locale":"fr_FR","og_type":"article","og_title":"Tesa\u00ae 6032 Strap-it Distributeur manuel industriel","og_description":"Tesa\u00ae 6032 Strap-it Distributeur manuel industriel qui facilite l'application de bandes de cerclage adh\u00e9sives et de bandes filamentaires.","og_url":"https:\/\/distribuidorcintastesa.es\/fr\/producto\/tesa-6032-strap-it-distributeur-manuel-industriel\/","og_site_name":"Distribuidor de cintas tesa, cintas tesa, tesa cintas, distribuidor tesa, tesa productos, productos tesa, tesa distribuidores, http:\/\/www.http:\/\/distribuidorcintas3m.es, Mejores ofertas en cintas","article_modified_time":"2024-11-20T09:06:45+00:00","og_image":[{"width":800,"height":800,"url":"https:\/\/distribuidorcintastesa.es\/wp-content\/uploads\/2024\/10\/Tesa-6032-Dispensador-de-mano-industrial-Strap-it.jpg","type":"image\/jpeg"}],"twitter_card":"summary_large_image","twitter_misc":{"Dur\u00e9e de lecture estim\u00e9e":"2 minutes"},"schema":{"@context":"https:\/\/schema.org","@graph":[{"@type":"WebPage","@id":"https:\/\/distribuidorcintastesa.es\/fr\/producto\/tesa-6032-strap-it-distributeur-manuel-industriel\/","url":"https:\/\/distribuidorcintastesa.es\/fr\/producto\/tesa-6032-strap-it-distributeur-manuel-industriel\/","name":"Tesa\u00ae 6032 Strap-it Distributeur manuel industriel","isPartOf":{"@id":"https:\/\/distribuidorcintastesa.es\/fr\/#website"},"primaryImageOfPage":{"@id":"https:\/\/distribuidorcintastesa.es\/fr\/producto\/tesa-6032-strap-it-distributeur-manuel-industriel\/#primaryimage"},"image":{"@id":"https:\/\/distribuidorcintastesa.es\/fr\/producto\/tesa-6032-strap-it-distributeur-manuel-industriel\/#primaryimage"},"thumbnailUrl":"https:\/\/distribuidorcintastesa.es\/wp-content\/uploads\/2024\/10\/Tesa-6032-Dispensador-de-mano-industrial-Strap-it.jpg","datePublished":"2024-10-15T15:04:02+00:00","dateModified":"2024-11-20T09:06:45+00:00","description":"Tesa\u00ae 6032 Strap-it Distributeur manuel industriel qui facilite l'application de bandes de cerclage adh\u00e9sives et de bandes filamentaires.","breadcrumb":{"@id":"https:\/\/distribuidorcintastesa.es\/fr\/producto\/tesa-6032-strap-it-distributeur-manuel-industriel\/#breadcrumb"},"inLanguage":"fr-FR","potentialAction":[{"@type":"ReadAction","target":["https:\/\/distribuidorcintastesa.es\/fr\/producto\/tesa-6032-strap-it-distributeur-manuel-industriel\/"]}]},{"@type":"ImageObject","inLanguage":"fr-FR","@id":"https:\/\/distribuidorcintastesa.es\/fr\/producto\/tesa-6032-strap-it-distributeur-manuel-industriel\/#primaryimage","url":"https:\/\/distribuidorcintastesa.es\/wp-content\/uploads\/2024\/10\/Tesa-6032-Dispensador-de-mano-industrial-Strap-it.jpg","contentUrl":"https:\/\/distribuidorcintastesa.es\/wp-content\/uploads\/2024\/10\/Tesa-6032-Dispensador-de-mano-industrial-Strap-it.jpg","width":800,"height":800,"caption":"Tesa 6032 Dispensador de mano industrial Strap-it"},{"@type":"BreadcrumbList","@id":"https:\/\/distribuidorcintastesa.es\/fr\/producto\/tesa-6032-strap-it-distributeur-manuel-industriel\/#breadcrumb","itemListElement":[{"@type":"ListItem","position":1,"name":"Portada","item":"https:\/\/distribuidorcintastesa.es\/fr\/"},{"@type":"ListItem","position":2,"name":"Produits","item":"https:\/\/distribuidorcintastesa.es\/fr\/produits\/"},{"@type":"ListItem","position":3,"name":"Tesa\u00ae 6032 Strap-it Distributeur manuel industriel"}]},{"@type":"WebSite","@id":"https:\/\/distribuidorcintastesa.es\/fr\/#website","url":"https:\/\/distribuidorcintastesa.es\/fr\/","name":"Distribuidor de cintas tesa","description":"Distribuidor de cintas tesa, cintas tesa, tesa cintas, distribuidor tesa, tesa productos, productos tesa, tesa distribuidores, cintas y adhesivos, tesa cinta doble cara, cinta tesa doble cara, adhesivos tesa, cinta antideslizante, velcro tesa, cinta reflectante, tesa supergen, softprint, cinta doble cara tesa, selladores y adhesivos, cintas adhesivas de doble cara, cintas de aluminio, cintas de vinilo para se\u00f1alizaci\u00f3n, cintas de tela americanas, cintas de papel para enmascarar, cintas para embalaje","publisher":{"@id":"https:\/\/distribuidorcintastesa.es\/fr\/#organization"},"potentialAction":[{"@type":"SearchAction","target":{"@type":"EntryPoint","urlTemplate":"https:\/\/distribuidorcintastesa.es\/fr\/?s={search_term_string}"},"query-input":{"@type":"PropertyValueSpecification","valueRequired":true,"valueName":"search_term_string"}}],"inLanguage":"fr-FR"},{"@type":"Organization","@id":"https:\/\/distribuidorcintastesa.es\/fr\/#organization","name":"Distribuidor de cintas tesa","url":"https:\/\/distribuidorcintastesa.es\/fr\/","logo":{"@type":"ImageObject","inLanguage":"fr-FR","@id":"https:\/\/distribuidorcintastesa.es\/fr\/#\/schema\/logo\/image\/","url":"https:\/\/distribuidorcintastesa.es\/wp-content\/uploads\/2022\/10\/logo-espanol-portugues.png","contentUrl":"https:\/\/distribuidorcintastesa.es\/wp-content\/uploads\/2022\/10\/logo-espanol-portugues.png","width":871,"height":142,"caption":"Distribuidor de cintas tesa"},"image":{"@id":"https:\/\/distribuidorcintastesa.es\/fr\/#\/schema\/logo\/image\/"},"sameAs":["https:\/\/muralsrd.com\/","https:\/\/solbi-mural.com\/es\/","https:\/\/distribuidor-cintas-adhesivas.es","https:\/\/www.instagram.com\/solbimural\/?igsh=ZnR6ZmkzZm1ubWhl"]}]}},"_links":{"self":[{"href":"https:\/\/distribuidorcintastesa.es\/fr\/wp-json\/wp\/v2\/product\/7741","targetHints":{"allow":["GET"]}}],"collection":[{"href":"https:\/\/distribuidorcintastesa.es\/fr\/wp-json\/wp\/v2\/product"}],"about":[{"href":"https:\/\/distribuidorcintastesa.es\/fr\/wp-json\/wp\/v2\/types\/product"}],"wp:featuredmedia":[{"embeddable":true,"href":"https:\/\/distribuidorcintastesa.es\/fr\/wp-json\/wp\/v2\/media\/7757"}],"wp:attachment":[{"href":"https:\/\/distribuidorcintastesa.es\/fr\/wp-json\/wp\/v2\/media?parent=7741"}],"wp:term":[{"taxonomy":"product_brand","embeddable":true,"href":"https:\/\/distribuidorcintastesa.es\/fr\/wp-json\/wp\/v2\/product_brand?post=7741"},{"taxonomy":"product_cat","embeddable":true,"href":"https:\/\/distribuidorcintastesa.es\/fr\/wp-json\/wp\/v2\/product_cat?post=7741"},{"taxonomy":"product_tag","embeddable":true,"href":"https:\/\/distribuidorcintastesa.es\/fr\/wp-json\/wp\/v2\/product_tag?post=7741"}],"curies":[{"name":"wp","href":"https:\/\/api.w.org\/{rel}","templated":true}]}}