{"id":7690,"date":"2024-09-30T12:48:25","date_gmt":"2024-09-30T12:48:25","guid":{"rendered":"https:\/\/distribuidorcintastesa.es\/producto\/ruban-non-tisse-tesa-52210\/"},"modified":"2024-10-01T14:11:02","modified_gmt":"2024-10-01T14:11:02","slug":"ruban-non-tisse-tesa-52210","status":"publish","type":"product","link":"https:\/\/distribuidorcintastesa.es\/fr\/producto\/ruban-non-tisse-tesa-52210\/","title":{"rendered":"Ruban non tiss\u00e9 Tesa 52210"},"content":{"rendered":"<p>Le ruban non tiss\u00e9 Tesa 52210 est dot\u00e9 d&rsquo;un adh\u00e9sif acrylique conformable \u00e0 base d&rsquo;eau qui permet d&rsquo;obtenir de bons r\u00e9sultats sur les formes 3D. Il est sp\u00e9cialement con\u00e7u pour une multitude d&rsquo;applications de laminage et de transformation exigeantes. Gr\u00e2ce \u00e0 ses faibles \u00e9missions de COV, il est parfaitement adapt\u00e9 aux exigences de l&rsquo;int\u00e9rieur des v\u00e9hicules. Il convient aux applications exigeantes de stratification des int\u00e9rieurs automobiles, de stratification des surfaces en mousse, molleton et feutre, de stratification NVH (pr\u00e9vention du bruit, des vibrations et du c\u00e2blage, du bourdonnement, du grincement et du cliquetis), ainsi qu&rsquo;\u00e0 l&rsquo;assemblage des syst\u00e8mes de rev\u00eatement de sol.<\/p>\n<p><strong style=\"color: #000000; font-size: 24px;\">Achat en ligne<\/strong><\/p>\n<h4><a href=\"https:\/\/solbi-mural.com\/fr\/tesa-rubans-double-face\/406-tesa-ruban-double-face-non-tisse-52210-jaune-laminage-du-tissu-et-du-plastique-rouleau-de-100m.html\" target=\"_blank\" rel=\"noopener\"><span style=\"color: #3366ff;\">52210<\/span><\/a><\/h4>\n<p>&nbsp;<\/p>\n<p>Disponible en diff\u00e9rentes longueurs et largeurs. Egalement disponible en 150\u00b5m avec la r\u00e9f\u00e9rence 52215.<\/p>\n<h4>Caract\u00e9ristiques<\/h4>\n<ul>\n<li>R\u00e9sistance aux temp\u00e9ratures minimales de -40\u00b0C \u00e0 200\u00b0C \u00e0 court terme et jusqu&rsquo;\u00e0 80\u00b0C \u00e0 long terme.<\/li>\n<li>Bonne r\u00e9sistance \u00e0 l&rsquo;humidit\u00e9 et \u00e0 l&rsquo;adh\u00e9rence<\/li>\n<li>Le ruban non tiss\u00e9 Tesa 52210 a une tr\u00e8s bonne r\u00e9sistance au vieillissement (UV).<\/li>\n<li>Il poss\u00e8de un adh\u00e9sif acrylique \u00e0 base d&rsquo;eau qui a une bonne adh\u00e9rence sur diff\u00e9rents mat\u00e9riaux.<\/li>\n<li>Ce ruban peut \u00eatre d\u00e9coup\u00e9 \u00e0 l&#8217;emporte-pi\u00e8ce gr\u00e2ce \u00e0 ses excellentes propri\u00e9t\u00e9s et \u00e0 son support non tiss\u00e9.<\/li>\n<li>Support fibre non tiss\u00e9e<\/li>\n<li>\u00c9paisseur totale 100 \u00b5m<\/li>\n<li>Hautement conformable<\/li>\n<li>Couleur du ruban\/adh\u00e9sif translucide<\/li>\n<\/ul>\n<p><strong style=\"font-size: 1.3em;\">Applications <\/strong><\/p>\n<ul>\n<li>Ce ruban est con\u00e7u pour les applications dans l&rsquo;int\u00e9rieur des voitures en raison de ses faibles \u00e9missions de COV, pour la stratification exigeante de l&rsquo;int\u00e9rieur des voitures, la stratification sur des surfaces en mousse, en non-tiss\u00e9 et en feutre, la stratification NVH (bruit, vibrations et c\u00e2blage, pr\u00e9vention des ronflements, des grincements et des cliquetis), le montage de syst\u00e8mes de rev\u00eatement de sol.<\/li>\n<li>Adapt\u00e9 aux int\u00e9rieurs de voitures<\/li>\n<li>Bonne adh\u00e9rence initiale<\/li>\n<\/ul>\n<h4>Autres produits<\/h4>\n<ul>\n<li style=\"list-style-type: none;\">\n<ul>\n<li><a href=\"https:\/\/distribuidorcintastesa.es\/fr\/produits\/\" target=\"_blank\" rel=\"noopener\">Catalogue<\/a><\/li>\n<\/ul>\n<\/li>\n<\/ul>\n","protected":false},"excerpt":{"rendered":"<p>Le ruban non tiss\u00e9 Tesa 52210 est dot\u00e9 d&rsquo;un adh\u00e9sif acrylique conformable \u00e0 base d&rsquo;eau qui permet d&rsquo;obtenir de bons r\u00e9sultats sur les formes 3D. Il est sp\u00e9cialement con\u00e7u pour une multitude d&rsquo;applications de laminage et de transformation exigeantes. Gr\u00e2ce \u00e0 ses faibles \u00e9missions de COV, il est parfaitement adapt\u00e9 aux exigences de l&rsquo;int\u00e9rieur des [&hellip;]<\/p>\n","protected":false},"featured_media":7695,"template":"","meta":{"site-sidebar-layout":"default","site-content-layout":"","ast-site-content-layout":"default","site-content-style":"default","site-sidebar-style":"default","ast-global-header-display":"","ast-banner-title-visibility":"","ast-main-header-display":"","ast-hfb-above-header-display":"","ast-hfb-below-header-display":"","ast-hfb-mobile-header-display":"","site-post-title":"","ast-breadcrumbs-content":"","ast-featured-img":"","footer-sml-layout":"","ast-disable-related-posts":"","theme-transparent-header-meta":"default","adv-header-id-meta":"","stick-header-meta":"","header-above-stick-meta":"","header-main-stick-meta":"","header-below-stick-meta":"","astra-migrate-meta-layouts":"set","ast-page-background-enabled":"default","ast-page-background-meta":{"desktop":{"background-color":"","background-image":"","background-repeat":"repeat","background-position":"center center","background-size":"auto","background-attachment":"scroll","background-type":"","background-media":"","overlay-type":"","overlay-color":"","overlay-opacity":"","overlay-gradient":""},"tablet":{"background-color":"","background-image":"","background-repeat":"repeat","background-position":"center center","background-size":"auto","background-attachment":"scroll","background-type":"","background-media":"","overlay-type":"","overlay-color":"","overlay-opacity":"","overlay-gradient":""},"mobile":{"background-color":"","background-image":"","background-repeat":"repeat","background-position":"center center","background-size":"auto","background-attachment":"scroll","background-type":"","background-media":"","overlay-type":"","overlay-color":"","overlay-opacity":"","overlay-gradient":""}},"ast-content-background-meta":{"desktop":{"background-color":"var(--ast-global-color-5)","background-image":"","background-repeat":"repeat","background-position":"center center","background-size":"auto","background-attachment":"scroll","background-type":"","background-media":"","overlay-type":"","overlay-color":"","overlay-opacity":"","overlay-gradient":""},"tablet":{"background-color":"var(--ast-global-color-5)","background-image":"","background-repeat":"repeat","background-position":"center center","background-size":"auto","background-attachment":"scroll","background-type":"","background-media":"","overlay-type":"","overlay-color":"","overlay-opacity":"","overlay-gradient":""},"mobile":{"background-color":"var(--ast-global-color-5)","background-image":"","background-repeat":"repeat","background-position":"center center","background-size":"auto","background-attachment":"scroll","background-type":"","background-media":"","overlay-type":"","overlay-color":"","overlay-opacity":"","overlay-gradient":""}}},"product_brand":[],"product_cat":[176],"product_tag":[3806,3808,3807],"class_list":{"0":"post-7690","1":"product","2":"type-product","3":"status-publish","4":"has-post-thumbnail","6":"product_cat-ruban-en-fibre-non-tisse-double-face","7":"product_tag-ruban-adhesif-pour-linterieur-des-vehicules","8":"product_tag-ruban-adhesif-tesa-52210","9":"product_tag-ruban-de-laminage","10":"desktop-align-center","11":"tablet-align-center","12":"mobile-align-center","14":"first","15":"instock","16":"shipping-taxable","17":"product-type-simple"},"yoast_head":"<!-- This site is optimized with the Yoast SEO Premium plugin v27.2 (Yoast SEO v27.2) - https:\/\/yoast.com\/product\/yoast-seo-premium-wordpress\/ -->\n<title>Ruban non tiss\u00e9 Tesa 52210<\/title>\n<meta name=\"description\" content=\"Ruban non tiss\u00e9 Tesa 52210 convient pour le pelliculage des int\u00e9rieurs automobiles, des surfaces en mousse, en molleton et en feutre ou pour les NVH.\" \/>\n<meta name=\"robots\" content=\"index, follow, max-snippet:-1, max-image-preview:large, max-video-preview:-1\" \/>\n<link rel=\"canonical\" href=\"https:\/\/distribuidorcintastesa.es\/fr\/producto\/ruban-non-tisse-tesa-52210\/\" \/>\n<meta property=\"og:locale\" content=\"fr_FR\" \/>\n<meta property=\"og:type\" content=\"article\" \/>\n<meta property=\"og:title\" content=\"Ruban non tiss\u00e9 Tesa 52210\" \/>\n<meta property=\"og:description\" content=\"Ruban non tiss\u00e9 Tesa 52210 convient pour le pelliculage des int\u00e9rieurs automobiles, des surfaces en mousse, en molleton et en feutre ou pour les NVH.\" \/>\n<meta property=\"og:url\" content=\"https:\/\/distribuidorcintastesa.es\/fr\/producto\/ruban-non-tisse-tesa-52210\/\" \/>\n<meta property=\"og:site_name\" content=\"Distribuidor de cintas tesa, cintas tesa, tesa cintas, distribuidor tesa, tesa productos, productos tesa, tesa distribuidores, http:\/\/www.http:\/\/distribuidorcintas3m.es, Mejores ofertas en cintas\" \/>\n<meta property=\"article:modified_time\" content=\"2024-10-01T14:11:02+00:00\" \/>\n<meta property=\"og:image\" content=\"https:\/\/distribuidorcintastesa.es\/wp-content\/uploads\/2024\/09\/Cinta-no-tejida-Tesa-52210.jpg\" \/>\n\t<meta property=\"og:image:width\" content=\"800\" \/>\n\t<meta property=\"og:image:height\" content=\"800\" \/>\n\t<meta property=\"og:image:type\" content=\"image\/jpeg\" \/>\n<meta name=\"twitter:card\" content=\"summary_large_image\" \/>\n<meta name=\"twitter:label1\" content=\"Dur\u00e9e de lecture estim\u00e9e\" \/>\n\t<meta name=\"twitter:data1\" content=\"2 minutes\" \/>\n<script type=\"application\/ld+json\" class=\"yoast-schema-graph\">{\"@context\":\"https:\/\/schema.org\",\"@graph\":[{\"@type\":\"WebPage\",\"@id\":\"https:\/\/distribuidorcintastesa.es\/fr\/producto\/ruban-non-tisse-tesa-52210\/\",\"url\":\"https:\/\/distribuidorcintastesa.es\/fr\/producto\/ruban-non-tisse-tesa-52210\/\",\"name\":\"Ruban non tiss\u00e9 Tesa 52210\",\"isPartOf\":{\"@id\":\"https:\/\/distribuidorcintastesa.es\/fr\/#website\"},\"primaryImageOfPage\":{\"@id\":\"https:\/\/distribuidorcintastesa.es\/fr\/producto\/ruban-non-tisse-tesa-52210\/#primaryimage\"},\"image\":{\"@id\":\"https:\/\/distribuidorcintastesa.es\/fr\/producto\/ruban-non-tisse-tesa-52210\/#primaryimage\"},\"thumbnailUrl\":\"https:\/\/distribuidorcintastesa.es\/wp-content\/uploads\/2024\/09\/Cinta-no-tejida-Tesa-52210.jpg\",\"datePublished\":\"2024-09-30T12:48:25+00:00\",\"dateModified\":\"2024-10-01T14:11:02+00:00\",\"description\":\"Ruban non tiss\u00e9 Tesa 52210 convient pour le pelliculage des int\u00e9rieurs automobiles, des surfaces en mousse, en molleton et en feutre ou pour les NVH.\",\"breadcrumb\":{\"@id\":\"https:\/\/distribuidorcintastesa.es\/fr\/producto\/ruban-non-tisse-tesa-52210\/#breadcrumb\"},\"inLanguage\":\"fr-FR\",\"potentialAction\":[{\"@type\":\"ReadAction\",\"target\":[\"https:\/\/distribuidorcintastesa.es\/fr\/producto\/ruban-non-tisse-tesa-52210\/\"]}]},{\"@type\":\"ImageObject\",\"inLanguage\":\"fr-FR\",\"@id\":\"https:\/\/distribuidorcintastesa.es\/fr\/producto\/ruban-non-tisse-tesa-52210\/#primaryimage\",\"url\":\"https:\/\/distribuidorcintastesa.es\/wp-content\/uploads\/2024\/09\/Cinta-no-tejida-Tesa-52210.jpg\",\"contentUrl\":\"https:\/\/distribuidorcintastesa.es\/wp-content\/uploads\/2024\/09\/Cinta-no-tejida-Tesa-52210.jpg\",\"width\":800,\"height\":800,\"caption\":\"Cinta no tejida Tesa 52210\"},{\"@type\":\"BreadcrumbList\",\"@id\":\"https:\/\/distribuidorcintastesa.es\/fr\/producto\/ruban-non-tisse-tesa-52210\/#breadcrumb\",\"itemListElement\":[{\"@type\":\"ListItem\",\"position\":1,\"name\":\"Portada\",\"item\":\"https:\/\/distribuidorcintastesa.es\/fr\/\"},{\"@type\":\"ListItem\",\"position\":2,\"name\":\"Produits\",\"item\":\"https:\/\/distribuidorcintastesa.es\/fr\/produits\/\"},{\"@type\":\"ListItem\",\"position\":3,\"name\":\"Ruban non tiss\u00e9 Tesa 52210\"}]},{\"@type\":\"WebSite\",\"@id\":\"https:\/\/distribuidorcintastesa.es\/fr\/#website\",\"url\":\"https:\/\/distribuidorcintastesa.es\/fr\/\",\"name\":\"Distribuidor de cintas tesa\",\"description\":\"Distribuidor de cintas tesa, cintas tesa, tesa cintas, distribuidor tesa, tesa productos, productos tesa, tesa distribuidores, cintas y adhesivos, tesa cinta doble cara, cinta tesa doble cara, adhesivos tesa, cinta antideslizante, velcro tesa, cinta reflectante, tesa supergen, softprint, cinta doble cara tesa, selladores y adhesivos, cintas adhesivas de doble cara, cintas de aluminio, cintas de vinilo para se\u00f1alizaci\u00f3n, cintas de tela americanas, cintas de papel para enmascarar, cintas para embalaje\",\"publisher\":{\"@id\":\"https:\/\/distribuidorcintastesa.es\/fr\/#organization\"},\"potentialAction\":[{\"@type\":\"SearchAction\",\"target\":{\"@type\":\"EntryPoint\",\"urlTemplate\":\"https:\/\/distribuidorcintastesa.es\/fr\/?s={search_term_string}\"},\"query-input\":{\"@type\":\"PropertyValueSpecification\",\"valueRequired\":true,\"valueName\":\"search_term_string\"}}],\"inLanguage\":\"fr-FR\"},{\"@type\":\"Organization\",\"@id\":\"https:\/\/distribuidorcintastesa.es\/fr\/#organization\",\"name\":\"Distribuidor de cintas tesa\",\"url\":\"https:\/\/distribuidorcintastesa.es\/fr\/\",\"logo\":{\"@type\":\"ImageObject\",\"inLanguage\":\"fr-FR\",\"@id\":\"https:\/\/distribuidorcintastesa.es\/fr\/#\/schema\/logo\/image\/\",\"url\":\"https:\/\/distribuidorcintastesa.es\/wp-content\/uploads\/2022\/10\/logo-espanol-portugues.png\",\"contentUrl\":\"https:\/\/distribuidorcintastesa.es\/wp-content\/uploads\/2022\/10\/logo-espanol-portugues.png\",\"width\":871,\"height\":142,\"caption\":\"Distribuidor de cintas tesa\"},\"image\":{\"@id\":\"https:\/\/distribuidorcintastesa.es\/fr\/#\/schema\/logo\/image\/\"},\"sameAs\":[\"https:\/\/muralsrd.com\/\",\"https:\/\/solbi-mural.com\/es\/\",\"https:\/\/distribuidor-cintas-adhesivas.es\",\"https:\/\/www.instagram.com\/solbimural\/?igsh=ZnR6ZmkzZm1ubWhl\"]}]}<\/script>\n<!-- \/ Yoast SEO Premium plugin. -->","yoast_head_json":{"title":"Ruban non tiss\u00e9 Tesa 52210","description":"Ruban non tiss\u00e9 Tesa 52210 convient pour le pelliculage des int\u00e9rieurs automobiles, des surfaces en mousse, en molleton et en feutre ou pour les NVH.","robots":{"index":"index","follow":"follow","max-snippet":"max-snippet:-1","max-image-preview":"max-image-preview:large","max-video-preview":"max-video-preview:-1"},"canonical":"https:\/\/distribuidorcintastesa.es\/fr\/producto\/ruban-non-tisse-tesa-52210\/","og_locale":"fr_FR","og_type":"article","og_title":"Ruban non tiss\u00e9 Tesa 52210","og_description":"Ruban non tiss\u00e9 Tesa 52210 convient pour le pelliculage des int\u00e9rieurs automobiles, des surfaces en mousse, en molleton et en feutre ou pour les NVH.","og_url":"https:\/\/distribuidorcintastesa.es\/fr\/producto\/ruban-non-tisse-tesa-52210\/","og_site_name":"Distribuidor de cintas tesa, cintas tesa, tesa cintas, distribuidor tesa, tesa productos, productos tesa, tesa distribuidores, http:\/\/www.http:\/\/distribuidorcintas3m.es, Mejores ofertas en cintas","article_modified_time":"2024-10-01T14:11:02+00:00","og_image":[{"width":800,"height":800,"url":"https:\/\/distribuidorcintastesa.es\/wp-content\/uploads\/2024\/09\/Cinta-no-tejida-Tesa-52210.jpg","type":"image\/jpeg"}],"twitter_card":"summary_large_image","twitter_misc":{"Dur\u00e9e de lecture estim\u00e9e":"2 minutes"},"schema":{"@context":"https:\/\/schema.org","@graph":[{"@type":"WebPage","@id":"https:\/\/distribuidorcintastesa.es\/fr\/producto\/ruban-non-tisse-tesa-52210\/","url":"https:\/\/distribuidorcintastesa.es\/fr\/producto\/ruban-non-tisse-tesa-52210\/","name":"Ruban non tiss\u00e9 Tesa 52210","isPartOf":{"@id":"https:\/\/distribuidorcintastesa.es\/fr\/#website"},"primaryImageOfPage":{"@id":"https:\/\/distribuidorcintastesa.es\/fr\/producto\/ruban-non-tisse-tesa-52210\/#primaryimage"},"image":{"@id":"https:\/\/distribuidorcintastesa.es\/fr\/producto\/ruban-non-tisse-tesa-52210\/#primaryimage"},"thumbnailUrl":"https:\/\/distribuidorcintastesa.es\/wp-content\/uploads\/2024\/09\/Cinta-no-tejida-Tesa-52210.jpg","datePublished":"2024-09-30T12:48:25+00:00","dateModified":"2024-10-01T14:11:02+00:00","description":"Ruban non tiss\u00e9 Tesa 52210 convient pour le pelliculage des int\u00e9rieurs automobiles, des surfaces en mousse, en molleton et en feutre ou pour les NVH.","breadcrumb":{"@id":"https:\/\/distribuidorcintastesa.es\/fr\/producto\/ruban-non-tisse-tesa-52210\/#breadcrumb"},"inLanguage":"fr-FR","potentialAction":[{"@type":"ReadAction","target":["https:\/\/distribuidorcintastesa.es\/fr\/producto\/ruban-non-tisse-tesa-52210\/"]}]},{"@type":"ImageObject","inLanguage":"fr-FR","@id":"https:\/\/distribuidorcintastesa.es\/fr\/producto\/ruban-non-tisse-tesa-52210\/#primaryimage","url":"https:\/\/distribuidorcintastesa.es\/wp-content\/uploads\/2024\/09\/Cinta-no-tejida-Tesa-52210.jpg","contentUrl":"https:\/\/distribuidorcintastesa.es\/wp-content\/uploads\/2024\/09\/Cinta-no-tejida-Tesa-52210.jpg","width":800,"height":800,"caption":"Cinta no tejida Tesa 52210"},{"@type":"BreadcrumbList","@id":"https:\/\/distribuidorcintastesa.es\/fr\/producto\/ruban-non-tisse-tesa-52210\/#breadcrumb","itemListElement":[{"@type":"ListItem","position":1,"name":"Portada","item":"https:\/\/distribuidorcintastesa.es\/fr\/"},{"@type":"ListItem","position":2,"name":"Produits","item":"https:\/\/distribuidorcintastesa.es\/fr\/produits\/"},{"@type":"ListItem","position":3,"name":"Ruban non tiss\u00e9 Tesa 52210"}]},{"@type":"WebSite","@id":"https:\/\/distribuidorcintastesa.es\/fr\/#website","url":"https:\/\/distribuidorcintastesa.es\/fr\/","name":"Distribuidor de cintas tesa","description":"Distribuidor de cintas tesa, cintas tesa, tesa cintas, distribuidor tesa, tesa productos, productos tesa, tesa distribuidores, cintas y adhesivos, tesa cinta doble cara, cinta tesa doble cara, adhesivos tesa, cinta antideslizante, velcro tesa, cinta reflectante, tesa supergen, softprint, cinta doble cara tesa, selladores y adhesivos, cintas adhesivas de doble cara, cintas de aluminio, cintas de vinilo para se\u00f1alizaci\u00f3n, cintas de tela americanas, cintas de papel para enmascarar, cintas para embalaje","publisher":{"@id":"https:\/\/distribuidorcintastesa.es\/fr\/#organization"},"potentialAction":[{"@type":"SearchAction","target":{"@type":"EntryPoint","urlTemplate":"https:\/\/distribuidorcintastesa.es\/fr\/?s={search_term_string}"},"query-input":{"@type":"PropertyValueSpecification","valueRequired":true,"valueName":"search_term_string"}}],"inLanguage":"fr-FR"},{"@type":"Organization","@id":"https:\/\/distribuidorcintastesa.es\/fr\/#organization","name":"Distribuidor de cintas tesa","url":"https:\/\/distribuidorcintastesa.es\/fr\/","logo":{"@type":"ImageObject","inLanguage":"fr-FR","@id":"https:\/\/distribuidorcintastesa.es\/fr\/#\/schema\/logo\/image\/","url":"https:\/\/distribuidorcintastesa.es\/wp-content\/uploads\/2022\/10\/logo-espanol-portugues.png","contentUrl":"https:\/\/distribuidorcintastesa.es\/wp-content\/uploads\/2022\/10\/logo-espanol-portugues.png","width":871,"height":142,"caption":"Distribuidor de cintas tesa"},"image":{"@id":"https:\/\/distribuidorcintastesa.es\/fr\/#\/schema\/logo\/image\/"},"sameAs":["https:\/\/muralsrd.com\/","https:\/\/solbi-mural.com\/es\/","https:\/\/distribuidor-cintas-adhesivas.es","https:\/\/www.instagram.com\/solbimural\/?igsh=ZnR6ZmkzZm1ubWhl"]}]}},"_links":{"self":[{"href":"https:\/\/distribuidorcintastesa.es\/fr\/wp-json\/wp\/v2\/product\/7690","targetHints":{"allow":["GET"]}}],"collection":[{"href":"https:\/\/distribuidorcintastesa.es\/fr\/wp-json\/wp\/v2\/product"}],"about":[{"href":"https:\/\/distribuidorcintastesa.es\/fr\/wp-json\/wp\/v2\/types\/product"}],"wp:featuredmedia":[{"embeddable":true,"href":"https:\/\/distribuidorcintastesa.es\/fr\/wp-json\/wp\/v2\/media\/7695"}],"wp:attachment":[{"href":"https:\/\/distribuidorcintastesa.es\/fr\/wp-json\/wp\/v2\/media?parent=7690"}],"wp:term":[{"taxonomy":"product_brand","embeddable":true,"href":"https:\/\/distribuidorcintastesa.es\/fr\/wp-json\/wp\/v2\/product_brand?post=7690"},{"taxonomy":"product_cat","embeddable":true,"href":"https:\/\/distribuidorcintastesa.es\/fr\/wp-json\/wp\/v2\/product_cat?post=7690"},{"taxonomy":"product_tag","embeddable":true,"href":"https:\/\/distribuidorcintastesa.es\/fr\/wp-json\/wp\/v2\/product_tag?post=7690"}],"curies":[{"name":"wp","href":"https:\/\/api.w.org\/{rel}","templated":true}]}}