{"id":7614,"date":"2024-09-04T14:06:52","date_gmt":"2024-09-05T09:01:02","guid":{"rendered":"https:\/\/distribuidorcintastesa.es\/?post_type=product&#038;p=7614"},"modified":"2024-09-06T12:08:07","modified_gmt":"2024-09-06T12:08:07","slug":"ruban-tesa-4671","status":"publish","type":"product","link":"https:\/\/distribuidorcintastesa.es\/fr\/producto\/ruban-tesa-4671\/","title":{"rendered":"Ruban Tesa\u00ae 4671"},"content":{"rendered":"<p>Le ruban Tesa\u00ae 4671 a un support en rayonne tiss\u00e9e et est un ruban adh\u00e9sif de qualit\u00e9 sup\u00e9rieure. Disponible en diff\u00e9rentes tailles et couleurs (rose fluorescent, orange fluorescent, jaune fluorescent, vert fluorescent, gris, noir et blanc), avec un adh\u00e9sif en caoutchouc naturel. Il s&rsquo;agit d&rsquo;une gamme de rubans con\u00e7us pour les sc\u00e8nes, les foires, les concerts, les spectacles, les expositions et les festivals.<\/p>\n<p><strong style=\"color: #000000; font-size: 24px;\">Achat en ligne<\/strong><\/p>\n<h4><a href=\"https:\/\/solbi-mural.com\/fr\/recherche?s=tesa+4671\" target=\"_blank\" rel=\"noopener\"><span style=\"color: #3366ff;\">4671<\/span><\/a><\/h4>\n<p>&nbsp;<\/p>\n<h4><strong>Caract\u00e9ristiques<\/strong><\/h4>\n<ul>\n<li>R\u00e9sistance aux temp\u00e9ratures \u00e9lev\u00e9es jusqu&rsquo;\u00e0 140\u00b0C pour de courtes p\u00e9riodes allant jusqu&rsquo;\u00e0 30 minutes dans l&rsquo;aluminium<\/li>\n<li>Tr\u00e8s bonne r\u00e9sistance \u00e0 l&rsquo;abrasion<\/li>\n<li>Bonne r\u00e9sistance \u00e0 l&rsquo;eau<\/li>\n<li>Ruban antireflet<\/li>\n<li>Le ruban Tesa\u00ae 4671 permet des lignes de coupe nettes<\/li>\n<li>Adh\u00e9sif en caoutchouc naturel<\/li>\n<li>Support en tissu enduit d&rsquo;acrylique<\/li>\n<li>\u00c9paisseur totale de 280 \u00b5m<\/li>\n<li>Permet d&rsquo;\u00e9crire sur le dessus du ruban<\/li>\n<li>Permet d&rsquo;obtenir des lignes uniformes, nettes et professionnelles<\/li>\n<li>Diff\u00e9rentes couleurs et tailles disponibles<\/li>\n<\/ul>\n<p><strong style=\"font-size: 1.3em;\">Applications <\/strong><\/p>\n<ul>\n<li>Ce ruban est con\u00e7u pour les sc\u00e8nes, les foires, les spectacles, les th\u00e9\u00e2tres, les mus\u00e9es, les auditoriums, les expositions, les t\u00e2ches d&rsquo;\u00e9clairage, le marquage de position sur les sc\u00e8nes et les festivals.<\/li>\n<li>Convient pour couvrir les ar\u00eates vives<\/li>\n<li>L&rsquo;adh\u00e9sif en caoutchouc peut \u00eatre utilis\u00e9 pour de nombreuses applications et surfaces.<\/li>\n<li>Bonne adh\u00e9rence initiale sur de nombreuses surfaces<\/li>\n<li>Utilisation en int\u00e9rieur<\/li>\n<li>Recommand\u00e9 pour les com\u00e9dies musicales, les \u00e9v\u00e9nements, les concerts, etc.<\/li>\n<\/ul>\n<h4><strong>Produits similaires<\/strong><\/h4>\n<ul>\n<li style=\"list-style-type: none;\">\n<ul>\n<li><a href=\"https:\/\/distribuidorcintastesa.es\/fr\/producto\/ruban-tesa-4661\/\" target=\"_blank\" rel=\"noopener\">4661<\/a><\/li>\n<\/ul>\n<\/li>\n<\/ul>\n","protected":false},"excerpt":{"rendered":"<p>Le ruban Tesa\u00ae 4671 a un support en rayonne tiss\u00e9e et est un ruban adh\u00e9sif de qualit\u00e9 sup\u00e9rieure. Disponible en diff\u00e9rentes tailles et couleurs (rose fluorescent, orange fluorescent, jaune fluorescent, vert fluorescent, gris, noir et blanc), avec un adh\u00e9sif en caoutchouc naturel. Il s&rsquo;agit d&rsquo;une gamme de rubans con\u00e7us pour les sc\u00e8nes, les foires, les [&hellip;]<\/p>\n","protected":false},"featured_media":7599,"template":"","meta":{"site-sidebar-layout":"default","site-content-layout":"","ast-site-content-layout":"default","site-content-style":"default","site-sidebar-style":"default","ast-global-header-display":"","ast-banner-title-visibility":"","ast-main-header-display":"","ast-hfb-above-header-display":"","ast-hfb-below-header-display":"","ast-hfb-mobile-header-display":"","site-post-title":"","ast-breadcrumbs-content":"","ast-featured-img":"","footer-sml-layout":"","ast-disable-related-posts":"","theme-transparent-header-meta":"default","adv-header-id-meta":"","stick-header-meta":"","header-above-stick-meta":"","header-main-stick-meta":"","header-below-stick-meta":"","astra-migrate-meta-layouts":"set","ast-page-background-enabled":"default","ast-page-background-meta":{"desktop":{"background-color":"","background-image":"","background-repeat":"repeat","background-position":"center center","background-size":"auto","background-attachment":"scroll","background-type":"","background-media":"","overlay-type":"","overlay-color":"","overlay-opacity":"","overlay-gradient":""},"tablet":{"background-color":"","background-image":"","background-repeat":"repeat","background-position":"center center","background-size":"auto","background-attachment":"scroll","background-type":"","background-media":"","overlay-type":"","overlay-color":"","overlay-opacity":"","overlay-gradient":""},"mobile":{"background-color":"","background-image":"","background-repeat":"repeat","background-position":"center center","background-size":"auto","background-attachment":"scroll","background-type":"","background-media":"","overlay-type":"","overlay-color":"","overlay-opacity":"","overlay-gradient":""}},"ast-content-background-meta":{"desktop":{"background-color":"var(--ast-global-color-5)","background-image":"","background-repeat":"repeat","background-position":"center center","background-size":"auto","background-attachment":"scroll","background-type":"","background-media":"","overlay-type":"","overlay-color":"","overlay-opacity":"","overlay-gradient":""},"tablet":{"background-color":"var(--ast-global-color-5)","background-image":"","background-repeat":"repeat","background-position":"center center","background-size":"auto","background-attachment":"scroll","background-type":"","background-media":"","overlay-type":"","overlay-color":"","overlay-opacity":"","overlay-gradient":""},"mobile":{"background-color":"var(--ast-global-color-5)","background-image":"","background-repeat":"repeat","background-position":"center center","background-size":"auto","background-attachment":"scroll","background-type":"","background-media":"","overlay-type":"","overlay-color":"","overlay-opacity":"","overlay-gradient":""}}},"product_brand":[],"product_cat":[184,182],"product_tag":[3733,3734,3736,3737,3735],"class_list":{"0":"post-7614","1":"product","2":"type-product","3":"status-publish","4":"has-post-thumbnail","6":"product_cat-bande-americaine","7":"product_cat-ruban-tisse-premium","8":"product_tag-bande-antireflet-fr","9":"product_tag-bande-de-concert-fr","10":"product_tag-bande-pour-comedies-musicales","11":"product_tag-ruban-adhesif-tesa-4671","12":"product_tag-ruban-de-scene-fr","13":"desktop-align-center","14":"tablet-align-center","15":"mobile-align-center","17":"first","18":"instock","19":"shipping-taxable","20":"product-type-simple"},"yoast_head":"<!-- This site is optimized with the Yoast SEO Premium plugin v27.2 (Yoast SEO v27.2) - https:\/\/yoast.com\/product\/yoast-seo-premium-wordpress\/ -->\n<title>Ruban Tesa\u00ae 4671<\/title>\n<meta name=\"description\" content=\"Ruban Tesa\u00ae 4671 est une gamme de bandes con\u00e7ues pour les sc\u00e8nes, les foires, les concerts, les spectacles, les expositions et les festivals.\" \/>\n<meta name=\"robots\" content=\"index, follow, max-snippet:-1, max-image-preview:large, max-video-preview:-1\" \/>\n<link rel=\"canonical\" href=\"https:\/\/distribuidorcintastesa.es\/fr\/producto\/ruban-tesa-4671\/\" \/>\n<meta property=\"og:locale\" content=\"fr_FR\" \/>\n<meta property=\"og:type\" content=\"article\" \/>\n<meta property=\"og:title\" content=\"Ruban Tesa\u00ae 4671\" \/>\n<meta property=\"og:description\" content=\"Ruban Tesa\u00ae 4671 est une gamme de bandes con\u00e7ues pour les sc\u00e8nes, les foires, les concerts, les spectacles, les expositions et les festivals.\" \/>\n<meta property=\"og:url\" content=\"https:\/\/distribuidorcintastesa.es\/fr\/producto\/ruban-tesa-4671\/\" \/>\n<meta property=\"og:site_name\" content=\"Distribuidor de cintas tesa, cintas tesa, tesa cintas, distribuidor tesa, tesa productos, productos tesa, tesa distribuidores, http:\/\/www.http:\/\/distribuidorcintas3m.es, Mejores ofertas en cintas\" \/>\n<meta property=\"article:modified_time\" content=\"2024-09-06T12:08:07+00:00\" \/>\n<meta property=\"og:image\" content=\"https:\/\/distribuidorcintastesa.es\/wp-content\/uploads\/2024\/09\/Cinta-Tesa-4671.jpg\" \/>\n\t<meta property=\"og:image:width\" content=\"600\" \/>\n\t<meta property=\"og:image:height\" content=\"600\" \/>\n\t<meta property=\"og:image:type\" content=\"image\/jpeg\" \/>\n<meta name=\"twitter:card\" content=\"summary_large_image\" \/>\n<meta name=\"twitter:label1\" content=\"Dur\u00e9e de lecture estim\u00e9e\" \/>\n\t<meta name=\"twitter:data1\" content=\"2 minutes\" \/>\n<script type=\"application\/ld+json\" class=\"yoast-schema-graph\">{\"@context\":\"https:\/\/schema.org\",\"@graph\":[{\"@type\":\"WebPage\",\"@id\":\"https:\/\/distribuidorcintastesa.es\/fr\/producto\/ruban-tesa-4671\/\",\"url\":\"https:\/\/distribuidorcintastesa.es\/fr\/producto\/ruban-tesa-4671\/\",\"name\":\"Ruban Tesa\u00ae 4671\",\"isPartOf\":{\"@id\":\"https:\/\/distribuidorcintastesa.es\/fr\/#website\"},\"primaryImageOfPage\":{\"@id\":\"https:\/\/distribuidorcintastesa.es\/fr\/producto\/ruban-tesa-4671\/#primaryimage\"},\"image\":{\"@id\":\"https:\/\/distribuidorcintastesa.es\/fr\/producto\/ruban-tesa-4671\/#primaryimage\"},\"thumbnailUrl\":\"https:\/\/distribuidorcintastesa.es\/wp-content\/uploads\/2024\/09\/Cinta-Tesa-4671.jpg\",\"datePublished\":\"2024-09-05T09:01:02+00:00\",\"dateModified\":\"2024-09-06T12:08:07+00:00\",\"description\":\"Ruban Tesa\u00ae 4671 est une gamme de bandes con\u00e7ues pour les sc\u00e8nes, les foires, les concerts, les spectacles, les expositions et les festivals.\",\"breadcrumb\":{\"@id\":\"https:\/\/distribuidorcintastesa.es\/fr\/producto\/ruban-tesa-4671\/#breadcrumb\"},\"inLanguage\":\"fr-FR\",\"potentialAction\":[{\"@type\":\"ReadAction\",\"target\":[\"https:\/\/distribuidorcintastesa.es\/fr\/producto\/ruban-tesa-4671\/\"]}]},{\"@type\":\"ImageObject\",\"inLanguage\":\"fr-FR\",\"@id\":\"https:\/\/distribuidorcintastesa.es\/fr\/producto\/ruban-tesa-4671\/#primaryimage\",\"url\":\"https:\/\/distribuidorcintastesa.es\/wp-content\/uploads\/2024\/09\/Cinta-Tesa-4671.jpg\",\"contentUrl\":\"https:\/\/distribuidorcintastesa.es\/wp-content\/uploads\/2024\/09\/Cinta-Tesa-4671.jpg\",\"width\":600,\"height\":600,\"caption\":\"Ruban Tesa\u00ae 4671\"},{\"@type\":\"BreadcrumbList\",\"@id\":\"https:\/\/distribuidorcintastesa.es\/fr\/producto\/ruban-tesa-4671\/#breadcrumb\",\"itemListElement\":[{\"@type\":\"ListItem\",\"position\":1,\"name\":\"Portada\",\"item\":\"https:\/\/distribuidorcintastesa.es\/fr\/\"},{\"@type\":\"ListItem\",\"position\":2,\"name\":\"Produits\",\"item\":\"https:\/\/distribuidorcintastesa.es\/fr\/produits\/\"},{\"@type\":\"ListItem\",\"position\":3,\"name\":\"Ruban Tesa\u00ae 4671\"}]},{\"@type\":\"WebSite\",\"@id\":\"https:\/\/distribuidorcintastesa.es\/fr\/#website\",\"url\":\"https:\/\/distribuidorcintastesa.es\/fr\/\",\"name\":\"Distribuidor de cintas tesa\",\"description\":\"Distribuidor de cintas tesa, cintas tesa, tesa cintas, distribuidor tesa, tesa productos, productos tesa, tesa distribuidores, cintas y adhesivos, tesa cinta doble cara, cinta tesa doble cara, adhesivos tesa, cinta antideslizante, velcro tesa, cinta reflectante, tesa supergen, softprint, cinta doble cara tesa, selladores y adhesivos, cintas adhesivas de doble cara, cintas de aluminio, cintas de vinilo para se\u00f1alizaci\u00f3n, cintas de tela americanas, cintas de papel para enmascarar, cintas para embalaje\",\"publisher\":{\"@id\":\"https:\/\/distribuidorcintastesa.es\/fr\/#organization\"},\"potentialAction\":[{\"@type\":\"SearchAction\",\"target\":{\"@type\":\"EntryPoint\",\"urlTemplate\":\"https:\/\/distribuidorcintastesa.es\/fr\/?s={search_term_string}\"},\"query-input\":{\"@type\":\"PropertyValueSpecification\",\"valueRequired\":true,\"valueName\":\"search_term_string\"}}],\"inLanguage\":\"fr-FR\"},{\"@type\":\"Organization\",\"@id\":\"https:\/\/distribuidorcintastesa.es\/fr\/#organization\",\"name\":\"Distribuidor de cintas tesa\",\"url\":\"https:\/\/distribuidorcintastesa.es\/fr\/\",\"logo\":{\"@type\":\"ImageObject\",\"inLanguage\":\"fr-FR\",\"@id\":\"https:\/\/distribuidorcintastesa.es\/fr\/#\/schema\/logo\/image\/\",\"url\":\"https:\/\/distribuidorcintastesa.es\/wp-content\/uploads\/2022\/10\/logo-espanol-portugues.png\",\"contentUrl\":\"https:\/\/distribuidorcintastesa.es\/wp-content\/uploads\/2022\/10\/logo-espanol-portugues.png\",\"width\":871,\"height\":142,\"caption\":\"Distribuidor de cintas tesa\"},\"image\":{\"@id\":\"https:\/\/distribuidorcintastesa.es\/fr\/#\/schema\/logo\/image\/\"},\"sameAs\":[\"https:\/\/muralsrd.com\/\",\"https:\/\/solbi-mural.com\/es\/\",\"https:\/\/distribuidor-cintas-adhesivas.es\",\"https:\/\/www.instagram.com\/solbimural\/?igsh=ZnR6ZmkzZm1ubWhl\"]}]}<\/script>\n<!-- \/ Yoast SEO Premium plugin. -->","yoast_head_json":{"title":"Ruban Tesa\u00ae 4671","description":"Ruban Tesa\u00ae 4671 est une gamme de bandes con\u00e7ues pour les sc\u00e8nes, les foires, les concerts, les spectacles, les expositions et les festivals.","robots":{"index":"index","follow":"follow","max-snippet":"max-snippet:-1","max-image-preview":"max-image-preview:large","max-video-preview":"max-video-preview:-1"},"canonical":"https:\/\/distribuidorcintastesa.es\/fr\/producto\/ruban-tesa-4671\/","og_locale":"fr_FR","og_type":"article","og_title":"Ruban Tesa\u00ae 4671","og_description":"Ruban Tesa\u00ae 4671 est une gamme de bandes con\u00e7ues pour les sc\u00e8nes, les foires, les concerts, les spectacles, les expositions et les festivals.","og_url":"https:\/\/distribuidorcintastesa.es\/fr\/producto\/ruban-tesa-4671\/","og_site_name":"Distribuidor de cintas tesa, cintas tesa, tesa cintas, distribuidor tesa, tesa productos, productos tesa, tesa distribuidores, http:\/\/www.http:\/\/distribuidorcintas3m.es, Mejores ofertas en cintas","article_modified_time":"2024-09-06T12:08:07+00:00","og_image":[{"width":600,"height":600,"url":"https:\/\/distribuidorcintastesa.es\/wp-content\/uploads\/2024\/09\/Cinta-Tesa-4671.jpg","type":"image\/jpeg"}],"twitter_card":"summary_large_image","twitter_misc":{"Dur\u00e9e de lecture estim\u00e9e":"2 minutes"},"schema":{"@context":"https:\/\/schema.org","@graph":[{"@type":"WebPage","@id":"https:\/\/distribuidorcintastesa.es\/fr\/producto\/ruban-tesa-4671\/","url":"https:\/\/distribuidorcintastesa.es\/fr\/producto\/ruban-tesa-4671\/","name":"Ruban Tesa\u00ae 4671","isPartOf":{"@id":"https:\/\/distribuidorcintastesa.es\/fr\/#website"},"primaryImageOfPage":{"@id":"https:\/\/distribuidorcintastesa.es\/fr\/producto\/ruban-tesa-4671\/#primaryimage"},"image":{"@id":"https:\/\/distribuidorcintastesa.es\/fr\/producto\/ruban-tesa-4671\/#primaryimage"},"thumbnailUrl":"https:\/\/distribuidorcintastesa.es\/wp-content\/uploads\/2024\/09\/Cinta-Tesa-4671.jpg","datePublished":"2024-09-05T09:01:02+00:00","dateModified":"2024-09-06T12:08:07+00:00","description":"Ruban Tesa\u00ae 4671 est une gamme de bandes con\u00e7ues pour les sc\u00e8nes, les foires, les concerts, les spectacles, les expositions et les festivals.","breadcrumb":{"@id":"https:\/\/distribuidorcintastesa.es\/fr\/producto\/ruban-tesa-4671\/#breadcrumb"},"inLanguage":"fr-FR","potentialAction":[{"@type":"ReadAction","target":["https:\/\/distribuidorcintastesa.es\/fr\/producto\/ruban-tesa-4671\/"]}]},{"@type":"ImageObject","inLanguage":"fr-FR","@id":"https:\/\/distribuidorcintastesa.es\/fr\/producto\/ruban-tesa-4671\/#primaryimage","url":"https:\/\/distribuidorcintastesa.es\/wp-content\/uploads\/2024\/09\/Cinta-Tesa-4671.jpg","contentUrl":"https:\/\/distribuidorcintastesa.es\/wp-content\/uploads\/2024\/09\/Cinta-Tesa-4671.jpg","width":600,"height":600,"caption":"Ruban Tesa\u00ae 4671"},{"@type":"BreadcrumbList","@id":"https:\/\/distribuidorcintastesa.es\/fr\/producto\/ruban-tesa-4671\/#breadcrumb","itemListElement":[{"@type":"ListItem","position":1,"name":"Portada","item":"https:\/\/distribuidorcintastesa.es\/fr\/"},{"@type":"ListItem","position":2,"name":"Produits","item":"https:\/\/distribuidorcintastesa.es\/fr\/produits\/"},{"@type":"ListItem","position":3,"name":"Ruban Tesa\u00ae 4671"}]},{"@type":"WebSite","@id":"https:\/\/distribuidorcintastesa.es\/fr\/#website","url":"https:\/\/distribuidorcintastesa.es\/fr\/","name":"Distribuidor de cintas tesa","description":"Distribuidor de cintas tesa, cintas tesa, tesa cintas, distribuidor tesa, tesa productos, productos tesa, tesa distribuidores, cintas y adhesivos, tesa cinta doble cara, cinta tesa doble cara, adhesivos tesa, cinta antideslizante, velcro tesa, cinta reflectante, tesa supergen, softprint, cinta doble cara tesa, selladores y adhesivos, cintas adhesivas de doble cara, cintas de aluminio, cintas de vinilo para se\u00f1alizaci\u00f3n, cintas de tela americanas, cintas de papel para enmascarar, cintas para embalaje","publisher":{"@id":"https:\/\/distribuidorcintastesa.es\/fr\/#organization"},"potentialAction":[{"@type":"SearchAction","target":{"@type":"EntryPoint","urlTemplate":"https:\/\/distribuidorcintastesa.es\/fr\/?s={search_term_string}"},"query-input":{"@type":"PropertyValueSpecification","valueRequired":true,"valueName":"search_term_string"}}],"inLanguage":"fr-FR"},{"@type":"Organization","@id":"https:\/\/distribuidorcintastesa.es\/fr\/#organization","name":"Distribuidor de cintas tesa","url":"https:\/\/distribuidorcintastesa.es\/fr\/","logo":{"@type":"ImageObject","inLanguage":"fr-FR","@id":"https:\/\/distribuidorcintastesa.es\/fr\/#\/schema\/logo\/image\/","url":"https:\/\/distribuidorcintastesa.es\/wp-content\/uploads\/2022\/10\/logo-espanol-portugues.png","contentUrl":"https:\/\/distribuidorcintastesa.es\/wp-content\/uploads\/2022\/10\/logo-espanol-portugues.png","width":871,"height":142,"caption":"Distribuidor de cintas tesa"},"image":{"@id":"https:\/\/distribuidorcintastesa.es\/fr\/#\/schema\/logo\/image\/"},"sameAs":["https:\/\/muralsrd.com\/","https:\/\/solbi-mural.com\/es\/","https:\/\/distribuidor-cintas-adhesivas.es","https:\/\/www.instagram.com\/solbimural\/?igsh=ZnR6ZmkzZm1ubWhl"]}]}},"_links":{"self":[{"href":"https:\/\/distribuidorcintastesa.es\/fr\/wp-json\/wp\/v2\/product\/7614","targetHints":{"allow":["GET"]}}],"collection":[{"href":"https:\/\/distribuidorcintastesa.es\/fr\/wp-json\/wp\/v2\/product"}],"about":[{"href":"https:\/\/distribuidorcintastesa.es\/fr\/wp-json\/wp\/v2\/types\/product"}],"wp:featuredmedia":[{"embeddable":true,"href":"https:\/\/distribuidorcintastesa.es\/fr\/wp-json\/wp\/v2\/media\/7599"}],"wp:attachment":[{"href":"https:\/\/distribuidorcintastesa.es\/fr\/wp-json\/wp\/v2\/media?parent=7614"}],"wp:term":[{"taxonomy":"product_brand","embeddable":true,"href":"https:\/\/distribuidorcintastesa.es\/fr\/wp-json\/wp\/v2\/product_brand?post=7614"},{"taxonomy":"product_cat","embeddable":true,"href":"https:\/\/distribuidorcintastesa.es\/fr\/wp-json\/wp\/v2\/product_cat?post=7614"},{"taxonomy":"product_tag","embeddable":true,"href":"https:\/\/distribuidorcintastesa.es\/fr\/wp-json\/wp\/v2\/product_tag?post=7614"}],"curies":[{"name":"wp","href":"https:\/\/api.w.org\/{rel}","templated":true}]}}