{"id":5348,"date":"2022-03-24T14:42:28","date_gmt":"2022-03-24T14:42:28","guid":{"rendered":"https:\/\/distribuidorcintastesa.es\/?post_type=product&#038;p=5348"},"modified":"2022-03-24T15:12:50","modified_gmt":"2022-03-24T15:12:50","slug":"extra-power-extreme-outdoor","status":"publish","type":"product","link":"https:\/\/distribuidorcintastesa.es\/fr\/producto\/extra-power-extreme-outdoor\/","title":{"rendered":"Tesa extra Power\u00ae Extreme Outdoor"},"content":{"rendered":"<p><strong>Tesa extra Power Extreme Outdoor<\/strong><\/p>\n<p>&nbsp;<\/p>\n<p>Ruban adh\u00e9sif imperm\u00e9able tesa\u00ae Extra Power Extreme renforc\u00e9 \u00e0 haute adh\u00e9rence. Id\u00e9al pour les r\u00e9parations ext\u00e9rieures.<\/p>\n<p>tesa Extra Power\u00ae Extreme Reinforced Outdoor Tape est un ruban adh\u00e9sif r\u00e9sistant aux intemp\u00e9ries con\u00e7u pour une large gamme d&rsquo;applications ext\u00e9rieures sp\u00e9cifiques. Il est fabriqu\u00e9 \u00e0 partir d&rsquo;un film transparent renforc\u00e9 extra fort et offre un pouvoir de liaison plus fort. Utilisez cette bande adh\u00e9sive tr\u00e8s polyvalente r\u00e9sistante aux UV, \u00e0 l&rsquo;eau, aux intemp\u00e9ries et \u00e0 la temp\u00e9rature comme une bande adh\u00e9sive ultra-r\u00e9sistante pour l&rsquo;artisanat, la r\u00e9paration, le collage, le renforcement, le marquage et bien plus encore. Il est id\u00e9al pour le camping, le caravaning, la randonn\u00e9e et toute autre activit\u00e9 de plein air o\u00f9 quelque chose doit \u00eatre r\u00e9par\u00e9 de toute urgence.<\/p>\n<p>&#8211; Extr\u00eamement r\u00e9sistant aux intemp\u00e9ries et \u00e9tanche, sp\u00e9cialement con\u00e7u pour les applications ext\u00e9rieures<br \/>\n&#8211; R\u00e9sistant aux UV jusqu&rsquo;\u00e0 1 an<br \/>\n&#8211; R\u00e9siste aux changements de temp\u00e9rature de -40\u00b0C \u00e0 +95\u00b0C<br \/>\n&#8211; Il est coup\u00e9 \u00e0 la main<br \/>\n&#8211; Sans solvants<\/p>\n<p><strong>applications principales<\/strong><\/p>\n<p>&#8211; Pour l&rsquo;artisanat, les r\u00e9parations, la fixation, le renforcement, le marquage et bien plus encore<\/p>\n<p>&nbsp;<\/p>\n<p>&nbsp;<\/p>\n<p><img fetchpriority=\"high\" decoding=\"async\" class=\"alignnone wp-image-5356 size-medium\" src=\"https:\/\/distribuidorcintastesa.es\/wp-content\/uploads\/2022\/03\/Tesa-extra-Power-Extreme-Outdoor_1-300x168.jpg\" alt=\"Tesa extra Power Extreme Outdoor\" width=\"300\" height=\"168\" srcset=\"https:\/\/distribuidorcintastesa.es\/wp-content\/uploads\/2022\/03\/Tesa-extra-Power-Extreme-Outdoor_1-300x168.jpg 300w, https:\/\/distribuidorcintastesa.es\/wp-content\/uploads\/2022\/03\/Tesa-extra-Power-Extreme-Outdoor_1-600x337.jpg 600w, https:\/\/distribuidorcintastesa.es\/wp-content\/uploads\/2022\/03\/Tesa-extra-Power-Extreme-Outdoor_1-64x36.jpg 64w, https:\/\/distribuidorcintastesa.es\/wp-content\/uploads\/2022\/03\/Tesa-extra-Power-Extreme-Outdoor_1.jpg 720w\" sizes=\"(max-width: 300px) 100vw, 300px\" \/><\/p>\n<p>&nbsp;<\/p>\n<p>&nbsp;<\/p>\n<p><strong> Donn\u00e9es techniques Tesa extra Power\u00ae Extreme Outdoor<\/strong><\/p>\n<table width=\"714\">\n<tbody>\n<tr>\n<td width=\"134\"><strong>PRODUIT<\/strong><\/td>\n<td width=\"134\"><strong>UNITE<\/strong><\/td>\n<td width=\"178\"><strong>EMBALLAGE<\/strong><\/td>\n<td width=\"134\"><strong>DIMENSIONS<\/strong><\/td>\n<td width=\"134\"><strong>COULEUR<\/strong><\/td>\n<\/tr>\n<tr>\n<td><strong>Extra Power Extreme Outdoor<\/strong><\/td>\n<td width=\"134\">Rouleau<\/td>\n<td width=\"178\">24 rouleaux\/Bo\u00eete<\/td>\n<td width=\"134\">48 mm x 20 mt<\/td>\n<td width=\"134\"><img decoding=\"async\" class=\"alignnone size-full wp-image-4415\" src=\"https:\/\/distribuidorcintastesa.es\/wp-content\/uploads\/2021\/10\/Transparente.jpg\" alt=\"\" width=\"38\" height=\"19\" \/><\/td>\n<\/tr>\n<\/tbody>\n<\/table>\n<p><a href=\"https:\/\/distribuidorcintastesa.es\/fr\/catalogues\/\" target=\"_blank\" rel=\"noopener\"><br \/>\nCatalogues TESA<\/a><\/p>\n","protected":false},"excerpt":{"rendered":"<p>Tesa extra Power Extreme Outdoor &nbsp; Ruban adh\u00e9sif imperm\u00e9able tesa\u00ae Extra Power Extreme renforc\u00e9 \u00e0 haute adh\u00e9rence. Id\u00e9al pour les r\u00e9parations ext\u00e9rieures. tesa Extra Power\u00ae Extreme Reinforced Outdoor Tape est un ruban adh\u00e9sif r\u00e9sistant aux intemp\u00e9ries con\u00e7u pour une large gamme d&rsquo;applications ext\u00e9rieures sp\u00e9cifiques. Il est fabriqu\u00e9 \u00e0 partir d&rsquo;un film transparent renforc\u00e9 extra fort [&hellip;]<\/p>\n","protected":false},"featured_media":5352,"template":"","meta":{"site-sidebar-layout":"default","site-content-layout":"","ast-site-content-layout":"default","site-content-style":"default","site-sidebar-style":"default","ast-global-header-display":"","ast-banner-title-visibility":"","ast-main-header-display":"","ast-hfb-above-header-display":"","ast-hfb-below-header-display":"","ast-hfb-mobile-header-display":"","site-post-title":"","ast-breadcrumbs-content":"","ast-featured-img":"","footer-sml-layout":"","ast-disable-related-posts":"","theme-transparent-header-meta":"","adv-header-id-meta":"","stick-header-meta":"","header-above-stick-meta":"","header-main-stick-meta":"","header-below-stick-meta":"","astra-migrate-meta-layouts":"default","ast-page-background-enabled":"default","ast-page-background-meta":{"desktop":{"background-color":"","background-image":"","background-repeat":"repeat","background-position":"center center","background-size":"auto","background-attachment":"scroll","background-type":"","background-media":"","overlay-type":"","overlay-color":"","overlay-opacity":"","overlay-gradient":""},"tablet":{"background-color":"","background-image":"","background-repeat":"repeat","background-position":"center center","background-size":"auto","background-attachment":"scroll","background-type":"","background-media":"","overlay-type":"","overlay-color":"","overlay-opacity":"","overlay-gradient":""},"mobile":{"background-color":"","background-image":"","background-repeat":"repeat","background-position":"center center","background-size":"auto","background-attachment":"scroll","background-type":"","background-media":"","overlay-type":"","overlay-color":"","overlay-opacity":"","overlay-gradient":""}},"ast-content-background-meta":{"desktop":{"background-color":"var(--ast-global-color-5)","background-image":"","background-repeat":"repeat","background-position":"center center","background-size":"auto","background-attachment":"scroll","background-type":"","background-media":"","overlay-type":"","overlay-color":"","overlay-opacity":"","overlay-gradient":""},"tablet":{"background-color":"var(--ast-global-color-5)","background-image":"","background-repeat":"repeat","background-position":"center center","background-size":"auto","background-attachment":"scroll","background-type":"","background-media":"","overlay-type":"","overlay-color":"","overlay-opacity":"","overlay-gradient":""},"mobile":{"background-color":"var(--ast-global-color-5)","background-image":"","background-repeat":"repeat","background-position":"center center","background-size":"auto","background-attachment":"scroll","background-type":"","background-media":"","overlay-type":"","overlay-color":"","overlay-opacity":"","overlay-gradient":""}}},"product_brand":[],"product_cat":[181,180],"product_tag":[],"class_list":{"0":"post-5348","1":"product","2":"type-product","3":"status-publish","4":"has-post-thumbnail","6":"product_cat-ruban-xtreme-conditions","7":"product_cat-solutions-de-reparation-et-isolation","8":"desktop-align-center","9":"tablet-align-center","10":"mobile-align-center","12":"first","13":"instock","14":"shipping-taxable","15":"product-type-simple"},"yoast_head":"<!-- This site is optimized with the Yoast SEO Premium plugin v27.2 (Yoast SEO v27.2) - https:\/\/yoast.com\/product\/yoast-seo-premium-wordpress\/ -->\n<title>Extra Power Extreme Outdoor Tesa Xtreme Solutions r\u00e9paration<\/title>\n<meta name=\"description\" content=\"Extra Power Extreme Outdoor Tesa Tape Xtreme Conditions Solutions de r\u00e9paration. Disponible dans notre boutique en ligne\" \/>\n<meta name=\"robots\" content=\"index, follow, max-snippet:-1, max-image-preview:large, max-video-preview:-1\" \/>\n<link rel=\"canonical\" href=\"https:\/\/distribuidorcintastesa.es\/fr\/producto\/extra-power-extreme-outdoor\/\" \/>\n<meta property=\"og:locale\" content=\"fr_FR\" \/>\n<meta property=\"og:type\" content=\"article\" \/>\n<meta property=\"og:title\" content=\"Tesa extra Power\u00ae Extreme Outdoor\" \/>\n<meta property=\"og:description\" content=\"Extra Power Extreme Outdoor Tesa Tape Xtreme Conditions Solutions de r\u00e9paration. Disponible dans notre boutique en ligne\" \/>\n<meta property=\"og:url\" content=\"https:\/\/distribuidorcintastesa.es\/fr\/producto\/extra-power-extreme-outdoor\/\" \/>\n<meta property=\"og:site_name\" content=\"Distribuidor de cintas tesa, cintas tesa, tesa cintas, distribuidor tesa, tesa productos, productos tesa, tesa distribuidores, http:\/\/www.http:\/\/distribuidorcintas3m.es, Mejores ofertas en cintas\" \/>\n<meta property=\"article:modified_time\" content=\"2022-03-24T15:12:50+00:00\" \/>\n<meta property=\"og:image\" content=\"https:\/\/distribuidorcintastesa.es\/wp-content\/uploads\/2022\/03\/Tesa-extra-Power-Extreme-Outdoor.jpg\" \/>\n\t<meta property=\"og:image:width\" content=\"624\" \/>\n\t<meta property=\"og:image:height\" content=\"477\" \/>\n\t<meta property=\"og:image:type\" content=\"image\/jpeg\" \/>\n<meta name=\"twitter:card\" content=\"summary_large_image\" \/>\n<meta name=\"twitter:label1\" content=\"Dur\u00e9e de lecture estim\u00e9e\" \/>\n\t<meta name=\"twitter:data1\" content=\"2 minutes\" \/>\n<script type=\"application\/ld+json\" class=\"yoast-schema-graph\">{\"@context\":\"https:\/\/schema.org\",\"@graph\":[{\"@type\":\"WebPage\",\"@id\":\"https:\/\/distribuidorcintastesa.es\/fr\/producto\/extra-power-extreme-outdoor\/\",\"url\":\"https:\/\/distribuidorcintastesa.es\/fr\/producto\/extra-power-extreme-outdoor\/\",\"name\":\"Extra Power Extreme Outdoor Tesa Xtreme Solutions r\u00e9paration\",\"isPartOf\":{\"@id\":\"https:\/\/distribuidorcintastesa.es\/fr\/#website\"},\"primaryImageOfPage\":{\"@id\":\"https:\/\/distribuidorcintastesa.es\/fr\/producto\/extra-power-extreme-outdoor\/#primaryimage\"},\"image\":{\"@id\":\"https:\/\/distribuidorcintastesa.es\/fr\/producto\/extra-power-extreme-outdoor\/#primaryimage\"},\"thumbnailUrl\":\"https:\/\/distribuidorcintastesa.es\/wp-content\/uploads\/2022\/03\/Tesa-extra-Power-Extreme-Outdoor.jpg\",\"datePublished\":\"2022-03-24T14:42:28+00:00\",\"dateModified\":\"2022-03-24T15:12:50+00:00\",\"description\":\"Extra Power Extreme Outdoor Tesa Tape Xtreme Conditions Solutions de r\u00e9paration. Disponible dans notre boutique en ligne\",\"breadcrumb\":{\"@id\":\"https:\/\/distribuidorcintastesa.es\/fr\/producto\/extra-power-extreme-outdoor\/#breadcrumb\"},\"inLanguage\":\"fr-FR\",\"potentialAction\":[{\"@type\":\"ReadAction\",\"target\":[\"https:\/\/distribuidorcintastesa.es\/fr\/producto\/extra-power-extreme-outdoor\/\"]}]},{\"@type\":\"ImageObject\",\"inLanguage\":\"fr-FR\",\"@id\":\"https:\/\/distribuidorcintastesa.es\/fr\/producto\/extra-power-extreme-outdoor\/#primaryimage\",\"url\":\"https:\/\/distribuidorcintastesa.es\/wp-content\/uploads\/2022\/03\/Tesa-extra-Power-Extreme-Outdoor.jpg\",\"contentUrl\":\"https:\/\/distribuidorcintastesa.es\/wp-content\/uploads\/2022\/03\/Tesa-extra-Power-Extreme-Outdoor.jpg\",\"width\":624,\"height\":477,\"caption\":\"Tesa extra Power Extreme Outdoor\"},{\"@type\":\"BreadcrumbList\",\"@id\":\"https:\/\/distribuidorcintastesa.es\/fr\/producto\/extra-power-extreme-outdoor\/#breadcrumb\",\"itemListElement\":[{\"@type\":\"ListItem\",\"position\":1,\"name\":\"Portada\",\"item\":\"https:\/\/distribuidorcintastesa.es\/fr\/\"},{\"@type\":\"ListItem\",\"position\":2,\"name\":\"Produits\",\"item\":\"https:\/\/distribuidorcintastesa.es\/fr\/produits\/\"},{\"@type\":\"ListItem\",\"position\":3,\"name\":\"Tesa extra Power\u00ae Extreme Outdoor\"}]},{\"@type\":\"WebSite\",\"@id\":\"https:\/\/distribuidorcintastesa.es\/fr\/#website\",\"url\":\"https:\/\/distribuidorcintastesa.es\/fr\/\",\"name\":\"Distribuidor de cintas tesa\",\"description\":\"Distribuidor de cintas tesa, cintas tesa, tesa cintas, distribuidor tesa, tesa productos, productos tesa, tesa distribuidores, cintas y adhesivos, tesa cinta doble cara, cinta tesa doble cara, adhesivos tesa, cinta antideslizante, velcro tesa, cinta reflectante, tesa supergen, softprint, cinta doble cara tesa, selladores y adhesivos, cintas adhesivas de doble cara, cintas de aluminio, cintas de vinilo para se\u00f1alizaci\u00f3n, cintas de tela americanas, cintas de papel para enmascarar, cintas para embalaje\",\"publisher\":{\"@id\":\"https:\/\/distribuidorcintastesa.es\/fr\/#organization\"},\"potentialAction\":[{\"@type\":\"SearchAction\",\"target\":{\"@type\":\"EntryPoint\",\"urlTemplate\":\"https:\/\/distribuidorcintastesa.es\/fr\/?s={search_term_string}\"},\"query-input\":{\"@type\":\"PropertyValueSpecification\",\"valueRequired\":true,\"valueName\":\"search_term_string\"}}],\"inLanguage\":\"fr-FR\"},{\"@type\":\"Organization\",\"@id\":\"https:\/\/distribuidorcintastesa.es\/fr\/#organization\",\"name\":\"Distribuidor de cintas tesa\",\"url\":\"https:\/\/distribuidorcintastesa.es\/fr\/\",\"logo\":{\"@type\":\"ImageObject\",\"inLanguage\":\"fr-FR\",\"@id\":\"https:\/\/distribuidorcintastesa.es\/fr\/#\/schema\/logo\/image\/\",\"url\":\"https:\/\/distribuidorcintastesa.es\/wp-content\/uploads\/2022\/10\/logo-espanol-portugues.png\",\"contentUrl\":\"https:\/\/distribuidorcintastesa.es\/wp-content\/uploads\/2022\/10\/logo-espanol-portugues.png\",\"width\":871,\"height\":142,\"caption\":\"Distribuidor de cintas tesa\"},\"image\":{\"@id\":\"https:\/\/distribuidorcintastesa.es\/fr\/#\/schema\/logo\/image\/\"},\"sameAs\":[\"https:\/\/muralsrd.com\/\",\"https:\/\/solbi-mural.com\/es\/\",\"https:\/\/distribuidor-cintas-adhesivas.es\",\"https:\/\/www.instagram.com\/solbimural\/?igsh=ZnR6ZmkzZm1ubWhl\"]}]}<\/script>\n<!-- \/ Yoast SEO Premium plugin. -->","yoast_head_json":{"title":"Extra Power Extreme Outdoor Tesa Xtreme Solutions r\u00e9paration","description":"Extra Power Extreme Outdoor Tesa Tape Xtreme Conditions Solutions de r\u00e9paration. Disponible dans notre boutique en ligne","robots":{"index":"index","follow":"follow","max-snippet":"max-snippet:-1","max-image-preview":"max-image-preview:large","max-video-preview":"max-video-preview:-1"},"canonical":"https:\/\/distribuidorcintastesa.es\/fr\/producto\/extra-power-extreme-outdoor\/","og_locale":"fr_FR","og_type":"article","og_title":"Tesa extra Power\u00ae Extreme Outdoor","og_description":"Extra Power Extreme Outdoor Tesa Tape Xtreme Conditions Solutions de r\u00e9paration. Disponible dans notre boutique en ligne","og_url":"https:\/\/distribuidorcintastesa.es\/fr\/producto\/extra-power-extreme-outdoor\/","og_site_name":"Distribuidor de cintas tesa, cintas tesa, tesa cintas, distribuidor tesa, tesa productos, productos tesa, tesa distribuidores, http:\/\/www.http:\/\/distribuidorcintas3m.es, Mejores ofertas en cintas","article_modified_time":"2022-03-24T15:12:50+00:00","og_image":[{"width":624,"height":477,"url":"https:\/\/distribuidorcintastesa.es\/wp-content\/uploads\/2022\/03\/Tesa-extra-Power-Extreme-Outdoor.jpg","type":"image\/jpeg"}],"twitter_card":"summary_large_image","twitter_misc":{"Dur\u00e9e de lecture estim\u00e9e":"2 minutes"},"schema":{"@context":"https:\/\/schema.org","@graph":[{"@type":"WebPage","@id":"https:\/\/distribuidorcintastesa.es\/fr\/producto\/extra-power-extreme-outdoor\/","url":"https:\/\/distribuidorcintastesa.es\/fr\/producto\/extra-power-extreme-outdoor\/","name":"Extra Power Extreme Outdoor Tesa Xtreme Solutions r\u00e9paration","isPartOf":{"@id":"https:\/\/distribuidorcintastesa.es\/fr\/#website"},"primaryImageOfPage":{"@id":"https:\/\/distribuidorcintastesa.es\/fr\/producto\/extra-power-extreme-outdoor\/#primaryimage"},"image":{"@id":"https:\/\/distribuidorcintastesa.es\/fr\/producto\/extra-power-extreme-outdoor\/#primaryimage"},"thumbnailUrl":"https:\/\/distribuidorcintastesa.es\/wp-content\/uploads\/2022\/03\/Tesa-extra-Power-Extreme-Outdoor.jpg","datePublished":"2022-03-24T14:42:28+00:00","dateModified":"2022-03-24T15:12:50+00:00","description":"Extra Power Extreme Outdoor Tesa Tape Xtreme Conditions Solutions de r\u00e9paration. Disponible dans notre boutique en ligne","breadcrumb":{"@id":"https:\/\/distribuidorcintastesa.es\/fr\/producto\/extra-power-extreme-outdoor\/#breadcrumb"},"inLanguage":"fr-FR","potentialAction":[{"@type":"ReadAction","target":["https:\/\/distribuidorcintastesa.es\/fr\/producto\/extra-power-extreme-outdoor\/"]}]},{"@type":"ImageObject","inLanguage":"fr-FR","@id":"https:\/\/distribuidorcintastesa.es\/fr\/producto\/extra-power-extreme-outdoor\/#primaryimage","url":"https:\/\/distribuidorcintastesa.es\/wp-content\/uploads\/2022\/03\/Tesa-extra-Power-Extreme-Outdoor.jpg","contentUrl":"https:\/\/distribuidorcintastesa.es\/wp-content\/uploads\/2022\/03\/Tesa-extra-Power-Extreme-Outdoor.jpg","width":624,"height":477,"caption":"Tesa extra Power Extreme Outdoor"},{"@type":"BreadcrumbList","@id":"https:\/\/distribuidorcintastesa.es\/fr\/producto\/extra-power-extreme-outdoor\/#breadcrumb","itemListElement":[{"@type":"ListItem","position":1,"name":"Portada","item":"https:\/\/distribuidorcintastesa.es\/fr\/"},{"@type":"ListItem","position":2,"name":"Produits","item":"https:\/\/distribuidorcintastesa.es\/fr\/produits\/"},{"@type":"ListItem","position":3,"name":"Tesa extra Power\u00ae Extreme Outdoor"}]},{"@type":"WebSite","@id":"https:\/\/distribuidorcintastesa.es\/fr\/#website","url":"https:\/\/distribuidorcintastesa.es\/fr\/","name":"Distribuidor de cintas tesa","description":"Distribuidor de cintas tesa, cintas tesa, tesa cintas, distribuidor tesa, tesa productos, productos tesa, tesa distribuidores, cintas y adhesivos, tesa cinta doble cara, cinta tesa doble cara, adhesivos tesa, cinta antideslizante, velcro tesa, cinta reflectante, tesa supergen, softprint, cinta doble cara tesa, selladores y adhesivos, cintas adhesivas de doble cara, cintas de aluminio, cintas de vinilo para se\u00f1alizaci\u00f3n, cintas de tela americanas, cintas de papel para enmascarar, cintas para embalaje","publisher":{"@id":"https:\/\/distribuidorcintastesa.es\/fr\/#organization"},"potentialAction":[{"@type":"SearchAction","target":{"@type":"EntryPoint","urlTemplate":"https:\/\/distribuidorcintastesa.es\/fr\/?s={search_term_string}"},"query-input":{"@type":"PropertyValueSpecification","valueRequired":true,"valueName":"search_term_string"}}],"inLanguage":"fr-FR"},{"@type":"Organization","@id":"https:\/\/distribuidorcintastesa.es\/fr\/#organization","name":"Distribuidor de cintas tesa","url":"https:\/\/distribuidorcintastesa.es\/fr\/","logo":{"@type":"ImageObject","inLanguage":"fr-FR","@id":"https:\/\/distribuidorcintastesa.es\/fr\/#\/schema\/logo\/image\/","url":"https:\/\/distribuidorcintastesa.es\/wp-content\/uploads\/2022\/10\/logo-espanol-portugues.png","contentUrl":"https:\/\/distribuidorcintastesa.es\/wp-content\/uploads\/2022\/10\/logo-espanol-portugues.png","width":871,"height":142,"caption":"Distribuidor de cintas tesa"},"image":{"@id":"https:\/\/distribuidorcintastesa.es\/fr\/#\/schema\/logo\/image\/"},"sameAs":["https:\/\/muralsrd.com\/","https:\/\/solbi-mural.com\/es\/","https:\/\/distribuidor-cintas-adhesivas.es","https:\/\/www.instagram.com\/solbimural\/?igsh=ZnR6ZmkzZm1ubWhl"]}]}},"_links":{"self":[{"href":"https:\/\/distribuidorcintastesa.es\/fr\/wp-json\/wp\/v2\/product\/5348","targetHints":{"allow":["GET"]}}],"collection":[{"href":"https:\/\/distribuidorcintastesa.es\/fr\/wp-json\/wp\/v2\/product"}],"about":[{"href":"https:\/\/distribuidorcintastesa.es\/fr\/wp-json\/wp\/v2\/types\/product"}],"wp:featuredmedia":[{"embeddable":true,"href":"https:\/\/distribuidorcintastesa.es\/fr\/wp-json\/wp\/v2\/media\/5352"}],"wp:attachment":[{"href":"https:\/\/distribuidorcintastesa.es\/fr\/wp-json\/wp\/v2\/media?parent=5348"}],"wp:term":[{"taxonomy":"product_brand","embeddable":true,"href":"https:\/\/distribuidorcintastesa.es\/fr\/wp-json\/wp\/v2\/product_brand?post=5348"},{"taxonomy":"product_cat","embeddable":true,"href":"https:\/\/distribuidorcintastesa.es\/fr\/wp-json\/wp\/v2\/product_cat?post=5348"},{"taxonomy":"product_tag","embeddable":true,"href":"https:\/\/distribuidorcintastesa.es\/fr\/wp-json\/wp\/v2\/product_tag?post=5348"}],"curies":[{"name":"wp","href":"https:\/\/api.w.org\/{rel}","templated":true}]}}