{"id":5256,"date":"2022-03-11T11:49:45","date_gmt":"2022-03-11T11:49:45","guid":{"rendered":"https:\/\/distribuidorcintastesa.es\/?post_type=product&#038;p=5256"},"modified":"2022-03-11T12:06:11","modified_gmt":"2022-03-11T12:06:11","slug":"tesa-6300-basique","status":"publish","type":"product","link":"https:\/\/distribuidorcintastesa.es\/fr\/producto\/tesa-6300-basique\/","title":{"rendered":"Tesa\u00ae 6300 Basique"},"content":{"rendered":"<p><strong>Tesa 6300 Basique<\/strong><\/p>\n<p>Tesa\u00ae 6300 est un d\u00e9rouleur manuel de fermeture de bo\u00eetes \u00ab\u00a0BASIC\u00a0\u00bb qui peut \u00eatre utilis\u00e9 avec tous les types de rubans d&#8217;emballage tesa \u00ae jusqu&rsquo;\u00e0 50 mm de large.<br \/>\nLa tension du ruban est r\u00e9glable manuellement avec un frein, situ\u00e9 au centre du support du mandrin. La lame de coupe est prot\u00e9g\u00e9e par un capuchon pour \u00e9viter les blessures lorsqu&rsquo;elle n&rsquo;est pas utilis\u00e9e.<\/p>\n<p>&#8211; Tension du ruban r\u00e9glable manuellement avec frein.<br \/>\n&#8211; Couverture pour la protection de la lame lorsqu&rsquo;elle n&rsquo;est pas utilis\u00e9e.<\/p>\n<p><strong>applications principales<\/strong><\/p>\n<p>Mettez le distributeur dans la bo\u00eete et tirez-le vers vous en appuyant sur la bande avec le rouleau en caoutchouc. Le ruban est coup\u00e9 avec la lame en inclinant le d\u00e9vidoir. Le rouleau tesa\u00ae est plac\u00e9 sur le porte-mandrin de mani\u00e8re \u00e0 ce que la face adh\u00e9sive du ruban soit tourn\u00e9e vers le bas. Tirez l&rsquo;extr\u00e9mit\u00e9 du ruban entre le rouleau de guidage du ruban et la plaque m\u00e9tallique jusqu&rsquo;\u00e0 ce que le ruban ne se froisse pas.<\/p>\n<p>&nbsp;<\/p>\n<p><strong>Disponible dans notre boutique en ligne<\/strong><\/p>\n<p><a href=\"https:\/\/solbi-mural.com\/fr\/appareils-distributeur-bandes-adhesives\/370-1985-tesa-dispenser-basic-pour-rubans-adhesifs-demballage-6300-4042448913852.html\" target=\"_blank\" rel=\"noopener\">TESA\u00ae Dispenser \u00ab BASIC \u00bb pour Rubans Adh\u00e9sifs d\u2019Emballage 6300<\/a><\/p>\n<p>&nbsp;<\/p>\n<p><img fetchpriority=\"high\" decoding=\"async\" class=\"alignnone wp-image-5264 size-medium\" src=\"https:\/\/distribuidorcintastesa.es\/wp-content\/uploads\/2022\/03\/tesa-6300_1-298x300.jpg\" alt=\"Tesa 6300 Basique\" width=\"298\" height=\"300\" srcset=\"https:\/\/distribuidorcintastesa.es\/wp-content\/uploads\/2022\/03\/tesa-6300_1-298x300.jpg 298w, https:\/\/distribuidorcintastesa.es\/wp-content\/uploads\/2022\/03\/tesa-6300_1-150x150.jpg 150w, https:\/\/distribuidorcintastesa.es\/wp-content\/uploads\/2022\/03\/tesa-6300_1-100x100.jpg 100w, https:\/\/distribuidorcintastesa.es\/wp-content\/uploads\/2022\/03\/tesa-6300_1-64x64.jpg 64w, https:\/\/distribuidorcintastesa.es\/wp-content\/uploads\/2022\/03\/tesa-6300_1.jpg 352w\" sizes=\"(max-width: 298px) 100vw, 298px\" \/><\/p>\n<p>&nbsp;<\/p>\n<p>&nbsp;<\/p>\n<p><strong> Donn\u00e9es techniques Tesa 6300 Basique<\/strong><\/p>\n<table width=\"497\">\n<tbody>\n<tr>\n<td width=\"268\">largeur du rouleau [mm]<\/td>\n<td width=\"229\">50<\/td>\n<\/tr>\n<tr>\n<td>diam\u00e8tre max. rouleau [mm]<\/td>\n<td>170<\/td>\n<\/tr>\n<tr>\n<td>Diam\u00e8tre int\u00e9rieur du mandrin [\u00ab\u00a0]<\/td>\n<td>3<\/td>\n<\/tr>\n<tr>\n<td>Poids [gr.]<\/td>\n<td>400<\/td>\n<\/tr>\n<\/tbody>\n<\/table>\n<table width=\"580\">\n<tbody>\n<tr>\n<td width=\"134\"><strong>PRODUIT<\/strong><\/td>\n<td width=\"134\"><strong>UNITE<\/strong><\/td>\n<td width=\"178\"><strong>EMBALLAGE<\/strong><\/td>\n<td width=\"134\"><strong>COULEUR<\/strong><\/td>\n<\/tr>\n<tr>\n<td width=\"134\"><strong>6300<\/strong><\/td>\n<td width=\"134\">Distributeur<\/td>\n<td width=\"178\">20 Distributeurs\/Bo\u00eete<\/td>\n<td width=\"134\"><img decoding=\"async\" class=\"alignnone size-full wp-image-5252\" src=\"https:\/\/distribuidorcintastesa.es\/wp-content\/uploads\/2022\/03\/rojo_azul.jpg\" alt=\"rojo\/azul\" width=\"38\" height=\"19\" \/><\/td>\n<\/tr>\n<\/tbody>\n<\/table>\n<p><strong>Disponible dans notre boutique en ligne<\/strong><\/p>\n<p><a href=\"https:\/\/solbi-mural.com\/fr\/appareils-distributeur-bandes-adhesives\/370-1985-tesa-dispenser-basic-pour-rubans-adhesifs-demballage-6300-4042448913852.html\" target=\"_blank\" rel=\"noopener\">TESA\u00ae Dispenser \u00ab BASIC \u00bb pour Rubans Adh\u00e9sifs d\u2019Emballage 6300<\/a><\/p>\n","protected":false},"excerpt":{"rendered":"<p>Tesa 6300 Basique Tesa\u00ae 6300 est un d\u00e9rouleur manuel de fermeture de bo\u00eetes \u00ab\u00a0BASIC\u00a0\u00bb qui peut \u00eatre utilis\u00e9 avec tous les types de rubans d&#8217;emballage tesa \u00ae jusqu&rsquo;\u00e0 50 mm de large. La tension du ruban est r\u00e9glable manuellement avec un frein, situ\u00e9 au centre du support du mandrin. La lame de coupe est prot\u00e9g\u00e9e [&hellip;]<\/p>\n","protected":false},"featured_media":5260,"template":"","meta":{"site-sidebar-layout":"default","site-content-layout":"","ast-site-content-layout":"default","site-content-style":"default","site-sidebar-style":"default","ast-global-header-display":"","ast-banner-title-visibility":"","ast-main-header-display":"","ast-hfb-above-header-display":"","ast-hfb-below-header-display":"","ast-hfb-mobile-header-display":"","site-post-title":"","ast-breadcrumbs-content":"","ast-featured-img":"","footer-sml-layout":"","ast-disable-related-posts":"","theme-transparent-header-meta":"","adv-header-id-meta":"","stick-header-meta":"","header-above-stick-meta":"","header-main-stick-meta":"","header-below-stick-meta":"","astra-migrate-meta-layouts":"default","ast-page-background-enabled":"default","ast-page-background-meta":{"desktop":{"background-color":"","background-image":"","background-repeat":"repeat","background-position":"center center","background-size":"auto","background-attachment":"scroll","background-type":"","background-media":"","overlay-type":"","overlay-color":"","overlay-opacity":"","overlay-gradient":""},"tablet":{"background-color":"","background-image":"","background-repeat":"repeat","background-position":"center center","background-size":"auto","background-attachment":"scroll","background-type":"","background-media":"","overlay-type":"","overlay-color":"","overlay-opacity":"","overlay-gradient":""},"mobile":{"background-color":"","background-image":"","background-repeat":"repeat","background-position":"center center","background-size":"auto","background-attachment":"scroll","background-type":"","background-media":"","overlay-type":"","overlay-color":"","overlay-opacity":"","overlay-gradient":""}},"ast-content-background-meta":{"desktop":{"background-color":"var(--ast-global-color-5)","background-image":"","background-repeat":"repeat","background-position":"center center","background-size":"auto","background-attachment":"scroll","background-type":"","background-media":"","overlay-type":"","overlay-color":"","overlay-opacity":"","overlay-gradient":""},"tablet":{"background-color":"var(--ast-global-color-5)","background-image":"","background-repeat":"repeat","background-position":"center center","background-size":"auto","background-attachment":"scroll","background-type":"","background-media":"","overlay-type":"","overlay-color":"","overlay-opacity":"","overlay-gradient":""},"mobile":{"background-color":"var(--ast-global-color-5)","background-image":"","background-repeat":"repeat","background-position":"center center","background-size":"auto","background-attachment":"scroll","background-type":"","background-media":"","overlay-type":"","overlay-color":"","overlay-opacity":"","overlay-gradient":""}}},"product_brand":[],"product_cat":[196],"product_tag":[],"class_list":{"0":"post-5256","1":"product","2":"type-product","3":"status-publish","4":"has-post-thumbnail","6":"product_cat-distributeurs","7":"desktop-align-center","8":"tablet-align-center","9":"mobile-align-center","11":"first","12":"instock","13":"shipping-taxable","14":"product-type-simple"},"yoast_head":"<!-- This site is optimized with the Yoast SEO Premium plugin v27.2 (Yoast SEO v27.2) - https:\/\/yoast.com\/product\/yoast-seo-premium-wordpress\/ -->\n<title>Tesa 6300 Basique\u00a0Distributeurs Tesa - Distributeurs manuels<\/title>\n<meta name=\"description\" content=\"Tesa 6300 Basique Tesa Dispensers Distributeurs manuels. Robuste pour l&#039;\u00e9tanch\u00e9it\u00e9 des bo\u00eetes. Disponible dans boutique en ligne\" \/>\n<meta name=\"robots\" content=\"index, follow, max-snippet:-1, max-image-preview:large, max-video-preview:-1\" \/>\n<link rel=\"canonical\" href=\"https:\/\/distribuidorcintastesa.es\/fr\/producto\/tesa-6300-basique\/\" \/>\n<meta property=\"og:locale\" content=\"fr_FR\" \/>\n<meta property=\"og:type\" content=\"article\" \/>\n<meta property=\"og:title\" content=\"Tesa\u00ae 6300 Basique\" \/>\n<meta property=\"og:description\" content=\"Tesa 6300 Basique Tesa Dispensers Distributeurs manuels. Robuste pour l&#039;\u00e9tanch\u00e9it\u00e9 des bo\u00eetes. Disponible dans boutique en ligne\" \/>\n<meta property=\"og:url\" content=\"https:\/\/distribuidorcintastesa.es\/fr\/producto\/tesa-6300-basique\/\" \/>\n<meta property=\"og:site_name\" content=\"Distribuidor de cintas tesa, cintas tesa, tesa cintas, distribuidor tesa, tesa productos, productos tesa, tesa distribuidores, http:\/\/www.http:\/\/distribuidorcintas3m.es, Mejores ofertas en cintas\" \/>\n<meta property=\"article:modified_time\" content=\"2022-03-11T12:06:11+00:00\" \/>\n<meta property=\"og:image\" content=\"https:\/\/distribuidorcintastesa.es\/wp-content\/uploads\/2022\/03\/tesa-6300.jpg\" \/>\n\t<meta property=\"og:image:width\" content=\"445\" \/>\n\t<meta property=\"og:image:height\" content=\"589\" \/>\n\t<meta property=\"og:image:type\" content=\"image\/jpeg\" \/>\n<meta name=\"twitter:card\" content=\"summary_large_image\" \/>\n<meta name=\"twitter:label1\" content=\"Dur\u00e9e de lecture estim\u00e9e\" \/>\n\t<meta name=\"twitter:data1\" content=\"2 minutes\" \/>\n<script type=\"application\/ld+json\" class=\"yoast-schema-graph\">{\"@context\":\"https:\/\/schema.org\",\"@graph\":[{\"@type\":\"WebPage\",\"@id\":\"https:\/\/distribuidorcintastesa.es\/fr\/producto\/tesa-6300-basique\/\",\"url\":\"https:\/\/distribuidorcintastesa.es\/fr\/producto\/tesa-6300-basique\/\",\"name\":\"Tesa 6300 Basique\u00a0Distributeurs Tesa - Distributeurs manuels\",\"isPartOf\":{\"@id\":\"https:\/\/distribuidorcintastesa.es\/fr\/#website\"},\"primaryImageOfPage\":{\"@id\":\"https:\/\/distribuidorcintastesa.es\/fr\/producto\/tesa-6300-basique\/#primaryimage\"},\"image\":{\"@id\":\"https:\/\/distribuidorcintastesa.es\/fr\/producto\/tesa-6300-basique\/#primaryimage\"},\"thumbnailUrl\":\"https:\/\/distribuidorcintastesa.es\/wp-content\/uploads\/2022\/03\/tesa-6300.jpg\",\"datePublished\":\"2022-03-11T11:49:45+00:00\",\"dateModified\":\"2022-03-11T12:06:11+00:00\",\"description\":\"Tesa 6300 Basique Tesa Dispensers Distributeurs manuels. Robuste pour l'\u00e9tanch\u00e9it\u00e9 des bo\u00eetes. Disponible dans boutique en ligne\",\"breadcrumb\":{\"@id\":\"https:\/\/distribuidorcintastesa.es\/fr\/producto\/tesa-6300-basique\/#breadcrumb\"},\"inLanguage\":\"fr-FR\",\"potentialAction\":[{\"@type\":\"ReadAction\",\"target\":[\"https:\/\/distribuidorcintastesa.es\/fr\/producto\/tesa-6300-basique\/\"]}]},{\"@type\":\"ImageObject\",\"inLanguage\":\"fr-FR\",\"@id\":\"https:\/\/distribuidorcintastesa.es\/fr\/producto\/tesa-6300-basique\/#primaryimage\",\"url\":\"https:\/\/distribuidorcintastesa.es\/wp-content\/uploads\/2022\/03\/tesa-6300.jpg\",\"contentUrl\":\"https:\/\/distribuidorcintastesa.es\/wp-content\/uploads\/2022\/03\/tesa-6300.jpg\",\"width\":445,\"height\":589,\"caption\":\"Tesa 6300 Basique\"},{\"@type\":\"BreadcrumbList\",\"@id\":\"https:\/\/distribuidorcintastesa.es\/fr\/producto\/tesa-6300-basique\/#breadcrumb\",\"itemListElement\":[{\"@type\":\"ListItem\",\"position\":1,\"name\":\"Portada\",\"item\":\"https:\/\/distribuidorcintastesa.es\/fr\/\"},{\"@type\":\"ListItem\",\"position\":2,\"name\":\"Produits\",\"item\":\"https:\/\/distribuidorcintastesa.es\/fr\/produits\/\"},{\"@type\":\"ListItem\",\"position\":3,\"name\":\"Tesa\u00ae 6300 Basique\"}]},{\"@type\":\"WebSite\",\"@id\":\"https:\/\/distribuidorcintastesa.es\/fr\/#website\",\"url\":\"https:\/\/distribuidorcintastesa.es\/fr\/\",\"name\":\"Distribuidor de cintas tesa\",\"description\":\"Distribuidor de cintas tesa, cintas tesa, tesa cintas, distribuidor tesa, tesa productos, productos tesa, tesa distribuidores, cintas y adhesivos, tesa cinta doble cara, cinta tesa doble cara, adhesivos tesa, cinta antideslizante, velcro tesa, cinta reflectante, tesa supergen, softprint, cinta doble cara tesa, selladores y adhesivos, cintas adhesivas de doble cara, cintas de aluminio, cintas de vinilo para se\u00f1alizaci\u00f3n, cintas de tela americanas, cintas de papel para enmascarar, cintas para embalaje\",\"publisher\":{\"@id\":\"https:\/\/distribuidorcintastesa.es\/fr\/#organization\"},\"potentialAction\":[{\"@type\":\"SearchAction\",\"target\":{\"@type\":\"EntryPoint\",\"urlTemplate\":\"https:\/\/distribuidorcintastesa.es\/fr\/?s={search_term_string}\"},\"query-input\":{\"@type\":\"PropertyValueSpecification\",\"valueRequired\":true,\"valueName\":\"search_term_string\"}}],\"inLanguage\":\"fr-FR\"},{\"@type\":\"Organization\",\"@id\":\"https:\/\/distribuidorcintastesa.es\/fr\/#organization\",\"name\":\"Distribuidor de cintas tesa\",\"url\":\"https:\/\/distribuidorcintastesa.es\/fr\/\",\"logo\":{\"@type\":\"ImageObject\",\"inLanguage\":\"fr-FR\",\"@id\":\"https:\/\/distribuidorcintastesa.es\/fr\/#\/schema\/logo\/image\/\",\"url\":\"https:\/\/distribuidorcintastesa.es\/wp-content\/uploads\/2022\/10\/logo-espanol-portugues.png\",\"contentUrl\":\"https:\/\/distribuidorcintastesa.es\/wp-content\/uploads\/2022\/10\/logo-espanol-portugues.png\",\"width\":871,\"height\":142,\"caption\":\"Distribuidor de cintas tesa\"},\"image\":{\"@id\":\"https:\/\/distribuidorcintastesa.es\/fr\/#\/schema\/logo\/image\/\"},\"sameAs\":[\"https:\/\/muralsrd.com\/\",\"https:\/\/solbi-mural.com\/es\/\",\"https:\/\/distribuidor-cintas-adhesivas.es\",\"https:\/\/www.instagram.com\/solbimural\/?igsh=ZnR6ZmkzZm1ubWhl\"]}]}<\/script>\n<!-- \/ Yoast SEO Premium plugin. -->","yoast_head_json":{"title":"Tesa 6300 Basique\u00a0Distributeurs Tesa - Distributeurs manuels","description":"Tesa 6300 Basique Tesa Dispensers Distributeurs manuels. Robuste pour l'\u00e9tanch\u00e9it\u00e9 des bo\u00eetes. Disponible dans boutique en ligne","robots":{"index":"index","follow":"follow","max-snippet":"max-snippet:-1","max-image-preview":"max-image-preview:large","max-video-preview":"max-video-preview:-1"},"canonical":"https:\/\/distribuidorcintastesa.es\/fr\/producto\/tesa-6300-basique\/","og_locale":"fr_FR","og_type":"article","og_title":"Tesa\u00ae 6300 Basique","og_description":"Tesa 6300 Basique Tesa Dispensers Distributeurs manuels. Robuste pour l'\u00e9tanch\u00e9it\u00e9 des bo\u00eetes. Disponible dans boutique en ligne","og_url":"https:\/\/distribuidorcintastesa.es\/fr\/producto\/tesa-6300-basique\/","og_site_name":"Distribuidor de cintas tesa, cintas tesa, tesa cintas, distribuidor tesa, tesa productos, productos tesa, tesa distribuidores, http:\/\/www.http:\/\/distribuidorcintas3m.es, Mejores ofertas en cintas","article_modified_time":"2022-03-11T12:06:11+00:00","og_image":[{"width":445,"height":589,"url":"https:\/\/distribuidorcintastesa.es\/wp-content\/uploads\/2022\/03\/tesa-6300.jpg","type":"image\/jpeg"}],"twitter_card":"summary_large_image","twitter_misc":{"Dur\u00e9e de lecture estim\u00e9e":"2 minutes"},"schema":{"@context":"https:\/\/schema.org","@graph":[{"@type":"WebPage","@id":"https:\/\/distribuidorcintastesa.es\/fr\/producto\/tesa-6300-basique\/","url":"https:\/\/distribuidorcintastesa.es\/fr\/producto\/tesa-6300-basique\/","name":"Tesa 6300 Basique\u00a0Distributeurs Tesa - Distributeurs manuels","isPartOf":{"@id":"https:\/\/distribuidorcintastesa.es\/fr\/#website"},"primaryImageOfPage":{"@id":"https:\/\/distribuidorcintastesa.es\/fr\/producto\/tesa-6300-basique\/#primaryimage"},"image":{"@id":"https:\/\/distribuidorcintastesa.es\/fr\/producto\/tesa-6300-basique\/#primaryimage"},"thumbnailUrl":"https:\/\/distribuidorcintastesa.es\/wp-content\/uploads\/2022\/03\/tesa-6300.jpg","datePublished":"2022-03-11T11:49:45+00:00","dateModified":"2022-03-11T12:06:11+00:00","description":"Tesa 6300 Basique Tesa Dispensers Distributeurs manuels. Robuste pour l'\u00e9tanch\u00e9it\u00e9 des bo\u00eetes. Disponible dans boutique en ligne","breadcrumb":{"@id":"https:\/\/distribuidorcintastesa.es\/fr\/producto\/tesa-6300-basique\/#breadcrumb"},"inLanguage":"fr-FR","potentialAction":[{"@type":"ReadAction","target":["https:\/\/distribuidorcintastesa.es\/fr\/producto\/tesa-6300-basique\/"]}]},{"@type":"ImageObject","inLanguage":"fr-FR","@id":"https:\/\/distribuidorcintastesa.es\/fr\/producto\/tesa-6300-basique\/#primaryimage","url":"https:\/\/distribuidorcintastesa.es\/wp-content\/uploads\/2022\/03\/tesa-6300.jpg","contentUrl":"https:\/\/distribuidorcintastesa.es\/wp-content\/uploads\/2022\/03\/tesa-6300.jpg","width":445,"height":589,"caption":"Tesa 6300 Basique"},{"@type":"BreadcrumbList","@id":"https:\/\/distribuidorcintastesa.es\/fr\/producto\/tesa-6300-basique\/#breadcrumb","itemListElement":[{"@type":"ListItem","position":1,"name":"Portada","item":"https:\/\/distribuidorcintastesa.es\/fr\/"},{"@type":"ListItem","position":2,"name":"Produits","item":"https:\/\/distribuidorcintastesa.es\/fr\/produits\/"},{"@type":"ListItem","position":3,"name":"Tesa\u00ae 6300 Basique"}]},{"@type":"WebSite","@id":"https:\/\/distribuidorcintastesa.es\/fr\/#website","url":"https:\/\/distribuidorcintastesa.es\/fr\/","name":"Distribuidor de cintas tesa","description":"Distribuidor de cintas tesa, cintas tesa, tesa cintas, distribuidor tesa, tesa productos, productos tesa, tesa distribuidores, cintas y adhesivos, tesa cinta doble cara, cinta tesa doble cara, adhesivos tesa, cinta antideslizante, velcro tesa, cinta reflectante, tesa supergen, softprint, cinta doble cara tesa, selladores y adhesivos, cintas adhesivas de doble cara, cintas de aluminio, cintas de vinilo para se\u00f1alizaci\u00f3n, cintas de tela americanas, cintas de papel para enmascarar, cintas para embalaje","publisher":{"@id":"https:\/\/distribuidorcintastesa.es\/fr\/#organization"},"potentialAction":[{"@type":"SearchAction","target":{"@type":"EntryPoint","urlTemplate":"https:\/\/distribuidorcintastesa.es\/fr\/?s={search_term_string}"},"query-input":{"@type":"PropertyValueSpecification","valueRequired":true,"valueName":"search_term_string"}}],"inLanguage":"fr-FR"},{"@type":"Organization","@id":"https:\/\/distribuidorcintastesa.es\/fr\/#organization","name":"Distribuidor de cintas tesa","url":"https:\/\/distribuidorcintastesa.es\/fr\/","logo":{"@type":"ImageObject","inLanguage":"fr-FR","@id":"https:\/\/distribuidorcintastesa.es\/fr\/#\/schema\/logo\/image\/","url":"https:\/\/distribuidorcintastesa.es\/wp-content\/uploads\/2022\/10\/logo-espanol-portugues.png","contentUrl":"https:\/\/distribuidorcintastesa.es\/wp-content\/uploads\/2022\/10\/logo-espanol-portugues.png","width":871,"height":142,"caption":"Distribuidor de cintas tesa"},"image":{"@id":"https:\/\/distribuidorcintastesa.es\/fr\/#\/schema\/logo\/image\/"},"sameAs":["https:\/\/muralsrd.com\/","https:\/\/solbi-mural.com\/es\/","https:\/\/distribuidor-cintas-adhesivas.es","https:\/\/www.instagram.com\/solbimural\/?igsh=ZnR6ZmkzZm1ubWhl"]}]}},"_links":{"self":[{"href":"https:\/\/distribuidorcintastesa.es\/fr\/wp-json\/wp\/v2\/product\/5256","targetHints":{"allow":["GET"]}}],"collection":[{"href":"https:\/\/distribuidorcintastesa.es\/fr\/wp-json\/wp\/v2\/product"}],"about":[{"href":"https:\/\/distribuidorcintastesa.es\/fr\/wp-json\/wp\/v2\/types\/product"}],"wp:featuredmedia":[{"embeddable":true,"href":"https:\/\/distribuidorcintastesa.es\/fr\/wp-json\/wp\/v2\/media\/5260"}],"wp:attachment":[{"href":"https:\/\/distribuidorcintastesa.es\/fr\/wp-json\/wp\/v2\/media?parent=5256"}],"wp:term":[{"taxonomy":"product_brand","embeddable":true,"href":"https:\/\/distribuidorcintastesa.es\/fr\/wp-json\/wp\/v2\/product_brand?post=5256"},{"taxonomy":"product_cat","embeddable":true,"href":"https:\/\/distribuidorcintastesa.es\/fr\/wp-json\/wp\/v2\/product_cat?post=5256"},{"taxonomy":"product_tag","embeddable":true,"href":"https:\/\/distribuidorcintastesa.es\/fr\/wp-json\/wp\/v2\/product_tag?post=5256"}],"curies":[{"name":"wp","href":"https:\/\/api.w.org\/{rel}","templated":true}]}}