{"id":5223,"date":"2022-03-10T14:28:47","date_gmt":"2022-03-10T14:28:47","guid":{"rendered":"https:\/\/distribuidorcintastesa.es\/?post_type=product&#038;p=5223"},"modified":"2022-03-10T15:42:42","modified_gmt":"2022-03-10T15:42:42","slug":"tesa-4104-pvc","status":"publish","type":"product","link":"https:\/\/distribuidorcintastesa.es\/fr\/producto\/tesa-4104-pvc\/","title":{"rendered":"Tesa\u00ae 4104 PVC"},"content":{"rendered":"<p><strong>Tesa 4104 PVC<\/strong><\/p>\n<p>Tesa\u00ae 4104 est un ruban d&#8217;emballage de qualit\u00e9 sup\u00e9rieure compos\u00e9 d&rsquo;un support en film PVC et d&rsquo;un adh\u00e9sif en caoutchouc naturel. Il offre d&rsquo;excellents r\u00e9sultats sur tous les types de cartons et garantit une fermeture s\u00e9curis\u00e9e. L&rsquo;adh\u00e9sif en caoutchouc naturel est con\u00e7u pour obtenir les meilleurs r\u00e9sultats sur diff\u00e9rents types de surfaces.<\/p>\n<p>&#8211; Ruban d&#8217;emballage int\u00e9rieur, id\u00e9al pour fermer les sacs, sceller les bo\u00eetes, signaler ou m\u00eame comme doublure dans les applications de peinture.<br \/>\n&#8211; Support souple, avec une tr\u00e8s bonne impression couleur et d&rsquo;excellentes propri\u00e9t\u00e9s d&rsquo;\u00e9tanch\u00e9it\u00e9.<\/p>\n<p><strong>applications principales<\/strong><\/p>\n<p>&#8211; Scellement de petites bo\u00eetes (carton ou plastique)<br \/>\n&#8211; Scellement des canettes et des sacs<br \/>\n&#8211; Fermeture de cartons moyens et lourds<\/p>\n<p>&nbsp;<\/p>\n<p><img fetchpriority=\"high\" decoding=\"async\" class=\"alignnone wp-image-5234 size-medium\" src=\"https:\/\/distribuidorcintastesa.es\/wp-content\/uploads\/2022\/03\/tesa-4104_1-300x300.jpg\" alt=\"Tesa 4104 PVC\u00a0\" width=\"300\" height=\"300\" srcset=\"https:\/\/distribuidorcintastesa.es\/wp-content\/uploads\/2022\/03\/tesa-4104_1-300x300.jpg 300w, https:\/\/distribuidorcintastesa.es\/wp-content\/uploads\/2022\/03\/tesa-4104_1-150x150.jpg 150w, https:\/\/distribuidorcintastesa.es\/wp-content\/uploads\/2022\/03\/tesa-4104_1-100x100.jpg 100w, https:\/\/distribuidorcintastesa.es\/wp-content\/uploads\/2022\/03\/tesa-4104_1-64x64.jpg 64w, https:\/\/distribuidorcintastesa.es\/wp-content\/uploads\/2022\/03\/tesa-4104_1.jpg 357w\" sizes=\"(max-width: 300px) 100vw, 300px\" \/><\/p>\n<p><a href=\"https:\/\/www.youtube.com\/watch?v=JRIZYcmjTY0\" target=\"_blank\" rel=\"noopener\">Tesa\u00ae 4104 PVC<\/a><\/p>\n<p>&nbsp;<\/p>\n<p><strong> Donn\u00e9es techniques Tesa 4104 PVC<\/strong><\/p>\n<table width=\"497\">\n<tbody>\n<tr>\n<td width=\"268\">Support<\/td>\n<td width=\"229\">PVC<\/td>\n<\/tr>\n<tr>\n<td>Type d&rsquo;adh\u00e9sif<\/td>\n<td>caoutchouc naturel<\/td>\n<\/tr>\n<tr>\n<td>Allongement \u00e0 la rupture [%]<\/td>\n<td>60<\/td>\n<\/tr>\n<tr>\n<td>R\u00e9sistance \u00e0 la traction [N\/cm]<\/td>\n<td>60<\/td>\n<\/tr>\n<tr>\n<td>\u00c9paisseur totale [\u00b5m]<\/td>\n<td>65<\/td>\n<\/tr>\n<tr>\n<td>Adh\u00e9sion \/ acier [N\/cm]<\/td>\n<td>2,3<\/td>\n<\/tr>\n<tr>\n<td>R\u00e9sist. Roture [N\/cm]<\/td>\n<td>60<\/td>\n<\/tr>\n<\/tbody>\n<\/table>\n<table width=\"696\">\n<tbody>\n<tr>\n<td width=\"134\"><strong>PRODUIT<\/strong><\/td>\n<td width=\"134\"><strong>UNITE<\/strong><\/td>\n<td width=\"160\"><strong>EMBALLAGE<\/strong><\/td>\n<td width=\"134\"><strong>DIMENSIONS<\/strong><\/td>\n<td width=\"134\"><strong>COULEUR<\/strong><\/td>\n<\/tr>\n<tr>\n<td rowspan=\"3\" width=\"134\"><strong>4104<\/strong><\/td>\n<td width=\"134\">Rouleau<\/td>\n<td width=\"160\">96 Rouleaux\/Bo\u00eete<\/td>\n<td width=\"134\">19 mm x 66 mt<\/td>\n<td width=\"134\"><img decoding=\"async\" class=\"alignnone size-full wp-image-4415\" src=\"https:\/\/distribuidorcintastesa.es\/wp-content\/uploads\/2021\/10\/Transparente.jpg\" alt=\"\" width=\"38\" height=\"19\" \/><\/td>\n<\/tr>\n<tr>\n<td width=\"134\">Rouleau<\/td>\n<td width=\"160\">60 Rouleaux\/Bo\u00eete<\/td>\n<td width=\"134\">30 mm x 66 mt<\/td>\n<td width=\"134\"><img decoding=\"async\" class=\"alignnone size-full wp-image-4415\" src=\"https:\/\/distribuidorcintastesa.es\/wp-content\/uploads\/2021\/10\/Transparente.jpg\" alt=\"\" width=\"38\" height=\"19\" \/><\/td>\n<\/tr>\n<tr>\n<td width=\"134\">Rouleau<\/td>\n<td width=\"160\">36 Rouleaux\/Bo\u00eete<\/td>\n<td width=\"134\">50 mm x 66 mt<\/td>\n<td width=\"134\"><img decoding=\"async\" class=\"alignnone size-full wp-image-4415\" src=\"https:\/\/distribuidorcintastesa.es\/wp-content\/uploads\/2021\/10\/Transparente.jpg\" alt=\"\" width=\"38\" height=\"19\" \/><\/td>\n<\/tr>\n<\/tbody>\n<\/table>\n<p><a href=\"https:\/\/distribuidorcintastesa.es\/en\/catalogs\/\" target=\"_blank\" rel=\"noopener\"><br \/>\nCatalogues TESA<\/a><\/p>\n","protected":false},"excerpt":{"rendered":"<p>Tesa 4104 PVC Tesa\u00ae 4104 est un ruban d&#8217;emballage de qualit\u00e9 sup\u00e9rieure compos\u00e9 d&rsquo;un support en film PVC et d&rsquo;un adh\u00e9sif en caoutchouc naturel. Il offre d&rsquo;excellents r\u00e9sultats sur tous les types de cartons et garantit une fermeture s\u00e9curis\u00e9e. L&rsquo;adh\u00e9sif en caoutchouc naturel est con\u00e7u pour obtenir les meilleurs r\u00e9sultats sur diff\u00e9rents types de surfaces. [&hellip;]<\/p>\n","protected":false},"featured_media":5230,"template":"","meta":{"site-sidebar-layout":"default","site-content-layout":"","ast-site-content-layout":"default","site-content-style":"default","site-sidebar-style":"default","ast-global-header-display":"","ast-banner-title-visibility":"","ast-main-header-display":"","ast-hfb-above-header-display":"","ast-hfb-below-header-display":"","ast-hfb-mobile-header-display":"","site-post-title":"","ast-breadcrumbs-content":"","ast-featured-img":"","footer-sml-layout":"","ast-disable-related-posts":"","theme-transparent-header-meta":"","adv-header-id-meta":"","stick-header-meta":"","header-above-stick-meta":"","header-main-stick-meta":"","header-below-stick-meta":"","astra-migrate-meta-layouts":"default","ast-page-background-enabled":"default","ast-page-background-meta":{"desktop":{"background-color":"","background-image":"","background-repeat":"repeat","background-position":"center center","background-size":"auto","background-attachment":"scroll","background-type":"","background-media":"","overlay-type":"","overlay-color":"","overlay-opacity":"","overlay-gradient":""},"tablet":{"background-color":"","background-image":"","background-repeat":"repeat","background-position":"center center","background-size":"auto","background-attachment":"scroll","background-type":"","background-media":"","overlay-type":"","overlay-color":"","overlay-opacity":"","overlay-gradient":""},"mobile":{"background-color":"","background-image":"","background-repeat":"repeat","background-position":"center center","background-size":"auto","background-attachment":"scroll","background-type":"","background-media":"","overlay-type":"","overlay-color":"","overlay-opacity":"","overlay-gradient":""}},"ast-content-background-meta":{"desktop":{"background-color":"var(--ast-global-color-5)","background-image":"","background-repeat":"repeat","background-position":"center center","background-size":"auto","background-attachment":"scroll","background-type":"","background-media":"","overlay-type":"","overlay-color":"","overlay-opacity":"","overlay-gradient":""},"tablet":{"background-color":"var(--ast-global-color-5)","background-image":"","background-repeat":"repeat","background-position":"center center","background-size":"auto","background-attachment":"scroll","background-type":"","background-media":"","overlay-type":"","overlay-color":"","overlay-opacity":"","overlay-gradient":""},"mobile":{"background-color":"var(--ast-global-color-5)","background-image":"","background-repeat":"repeat","background-position":"center center","background-size":"auto","background-attachment":"scroll","background-type":"","background-media":"","overlay-type":"","overlay-color":"","overlay-opacity":"","overlay-gradient":""}}},"product_brand":[],"product_cat":[2504,195],"product_tag":[],"class_list":{"0":"post-5223","1":"product","2":"type-product","3":"status-publish","4":"has-post-thumbnail","6":"product_cat-emballage-interieur","7":"product_cat-solutions-demballage","8":"desktop-align-center","9":"tablet-align-center","10":"mobile-align-center","12":"first","13":"instock","14":"shipping-taxable","15":"product-type-simple"},"yoast_head":"<!-- This site is optimized with the Yoast SEO Premium plugin v27.2 (Yoast SEO v27.2) - https:\/\/yoast.com\/product\/yoast-seo-premium-wordpress\/ -->\n<title>Tesa 4104 PVC\u00a0Solutions d&#039;emballage Emballage int\u00e9rieur<\/title>\n<meta name=\"description\" content=\"Tesa 4104 PVC\u00a0Solutions d&#039;emballage Emballage int\u00e9rieur. Film PVC et adh\u00e9sif en caoutchouc naturel. Disponible dans notre boutique en ligne\" \/>\n<meta name=\"robots\" content=\"index, follow, max-snippet:-1, max-image-preview:large, max-video-preview:-1\" \/>\n<link rel=\"canonical\" href=\"https:\/\/distribuidorcintastesa.es\/fr\/producto\/tesa-4104-pvc\/\" \/>\n<meta property=\"og:locale\" content=\"fr_FR\" \/>\n<meta property=\"og:type\" content=\"article\" \/>\n<meta property=\"og:title\" content=\"Tesa\u00ae 4104 PVC\" \/>\n<meta property=\"og:description\" content=\"Tesa 4104 PVC\u00a0Solutions d&#039;emballage Emballage int\u00e9rieur. Film PVC et adh\u00e9sif en caoutchouc naturel. Disponible dans notre boutique en ligne\" \/>\n<meta property=\"og:url\" content=\"https:\/\/distribuidorcintastesa.es\/fr\/producto\/tesa-4104-pvc\/\" \/>\n<meta property=\"og:site_name\" content=\"Distribuidor de cintas tesa, cintas tesa, tesa cintas, distribuidor tesa, tesa productos, productos tesa, tesa distribuidores, http:\/\/www.http:\/\/distribuidorcintas3m.es, Mejores ofertas en cintas\" \/>\n<meta property=\"article:modified_time\" content=\"2022-03-10T15:42:42+00:00\" \/>\n<meta property=\"og:image\" content=\"https:\/\/distribuidorcintastesa.es\/wp-content\/uploads\/2022\/03\/tesa-4104.jpg\" \/>\n\t<meta property=\"og:image:width\" content=\"543\" \/>\n\t<meta property=\"og:image:height\" content=\"544\" \/>\n\t<meta property=\"og:image:type\" content=\"image\/jpeg\" \/>\n<meta name=\"twitter:card\" content=\"summary_large_image\" \/>\n<meta name=\"twitter:label1\" content=\"Dur\u00e9e de lecture estim\u00e9e\" \/>\n\t<meta name=\"twitter:data1\" content=\"2 minutes\" \/>\n<script type=\"application\/ld+json\" class=\"yoast-schema-graph\">{\"@context\":\"https:\/\/schema.org\",\"@graph\":[{\"@type\":\"WebPage\",\"@id\":\"https:\/\/distribuidorcintastesa.es\/fr\/producto\/tesa-4104-pvc\/\",\"url\":\"https:\/\/distribuidorcintastesa.es\/fr\/producto\/tesa-4104-pvc\/\",\"name\":\"Tesa 4104 PVC\u00a0Solutions d'emballage Emballage int\u00e9rieur\",\"isPartOf\":{\"@id\":\"https:\/\/distribuidorcintastesa.es\/fr\/#website\"},\"primaryImageOfPage\":{\"@id\":\"https:\/\/distribuidorcintastesa.es\/fr\/producto\/tesa-4104-pvc\/#primaryimage\"},\"image\":{\"@id\":\"https:\/\/distribuidorcintastesa.es\/fr\/producto\/tesa-4104-pvc\/#primaryimage\"},\"thumbnailUrl\":\"https:\/\/distribuidorcintastesa.es\/wp-content\/uploads\/2022\/03\/tesa-4104.jpg\",\"datePublished\":\"2022-03-10T14:28:47+00:00\",\"dateModified\":\"2022-03-10T15:42:42+00:00\",\"description\":\"Tesa 4104 PVC\u00a0Solutions d'emballage Emballage int\u00e9rieur. Film PVC et adh\u00e9sif en caoutchouc naturel. Disponible dans notre boutique en ligne\",\"breadcrumb\":{\"@id\":\"https:\/\/distribuidorcintastesa.es\/fr\/producto\/tesa-4104-pvc\/#breadcrumb\"},\"inLanguage\":\"fr-FR\",\"potentialAction\":[{\"@type\":\"ReadAction\",\"target\":[\"https:\/\/distribuidorcintastesa.es\/fr\/producto\/tesa-4104-pvc\/\"]}]},{\"@type\":\"ImageObject\",\"inLanguage\":\"fr-FR\",\"@id\":\"https:\/\/distribuidorcintastesa.es\/fr\/producto\/tesa-4104-pvc\/#primaryimage\",\"url\":\"https:\/\/distribuidorcintastesa.es\/wp-content\/uploads\/2022\/03\/tesa-4104.jpg\",\"contentUrl\":\"https:\/\/distribuidorcintastesa.es\/wp-content\/uploads\/2022\/03\/tesa-4104.jpg\",\"width\":543,\"height\":544,\"caption\":\"Tesa 4104 PVC\u00a0\"},{\"@type\":\"BreadcrumbList\",\"@id\":\"https:\/\/distribuidorcintastesa.es\/fr\/producto\/tesa-4104-pvc\/#breadcrumb\",\"itemListElement\":[{\"@type\":\"ListItem\",\"position\":1,\"name\":\"Portada\",\"item\":\"https:\/\/distribuidorcintastesa.es\/fr\/\"},{\"@type\":\"ListItem\",\"position\":2,\"name\":\"Produits\",\"item\":\"https:\/\/distribuidorcintastesa.es\/fr\/produits\/\"},{\"@type\":\"ListItem\",\"position\":3,\"name\":\"Tesa\u00ae 4104 PVC\"}]},{\"@type\":\"WebSite\",\"@id\":\"https:\/\/distribuidorcintastesa.es\/fr\/#website\",\"url\":\"https:\/\/distribuidorcintastesa.es\/fr\/\",\"name\":\"Distribuidor de cintas tesa\",\"description\":\"Distribuidor de cintas tesa, cintas tesa, tesa cintas, distribuidor tesa, tesa productos, productos tesa, tesa distribuidores, cintas y adhesivos, tesa cinta doble cara, cinta tesa doble cara, adhesivos tesa, cinta antideslizante, velcro tesa, cinta reflectante, tesa supergen, softprint, cinta doble cara tesa, selladores y adhesivos, cintas adhesivas de doble cara, cintas de aluminio, cintas de vinilo para se\u00f1alizaci\u00f3n, cintas de tela americanas, cintas de papel para enmascarar, cintas para embalaje\",\"publisher\":{\"@id\":\"https:\/\/distribuidorcintastesa.es\/fr\/#organization\"},\"potentialAction\":[{\"@type\":\"SearchAction\",\"target\":{\"@type\":\"EntryPoint\",\"urlTemplate\":\"https:\/\/distribuidorcintastesa.es\/fr\/?s={search_term_string}\"},\"query-input\":{\"@type\":\"PropertyValueSpecification\",\"valueRequired\":true,\"valueName\":\"search_term_string\"}}],\"inLanguage\":\"fr-FR\"},{\"@type\":\"Organization\",\"@id\":\"https:\/\/distribuidorcintastesa.es\/fr\/#organization\",\"name\":\"Distribuidor de cintas tesa\",\"url\":\"https:\/\/distribuidorcintastesa.es\/fr\/\",\"logo\":{\"@type\":\"ImageObject\",\"inLanguage\":\"fr-FR\",\"@id\":\"https:\/\/distribuidorcintastesa.es\/fr\/#\/schema\/logo\/image\/\",\"url\":\"https:\/\/distribuidorcintastesa.es\/wp-content\/uploads\/2022\/10\/logo-espanol-portugues.png\",\"contentUrl\":\"https:\/\/distribuidorcintastesa.es\/wp-content\/uploads\/2022\/10\/logo-espanol-portugues.png\",\"width\":871,\"height\":142,\"caption\":\"Distribuidor de cintas tesa\"},\"image\":{\"@id\":\"https:\/\/distribuidorcintastesa.es\/fr\/#\/schema\/logo\/image\/\"},\"sameAs\":[\"https:\/\/muralsrd.com\/\",\"https:\/\/solbi-mural.com\/es\/\",\"https:\/\/distribuidor-cintas-adhesivas.es\",\"https:\/\/www.instagram.com\/solbimural\/?igsh=ZnR6ZmkzZm1ubWhl\"]}]}<\/script>\n<!-- \/ Yoast SEO Premium plugin. -->","yoast_head_json":{"title":"Tesa 4104 PVC\u00a0Solutions d'emballage Emballage int\u00e9rieur","description":"Tesa 4104 PVC\u00a0Solutions d'emballage Emballage int\u00e9rieur. Film PVC et adh\u00e9sif en caoutchouc naturel. Disponible dans notre boutique en ligne","robots":{"index":"index","follow":"follow","max-snippet":"max-snippet:-1","max-image-preview":"max-image-preview:large","max-video-preview":"max-video-preview:-1"},"canonical":"https:\/\/distribuidorcintastesa.es\/fr\/producto\/tesa-4104-pvc\/","og_locale":"fr_FR","og_type":"article","og_title":"Tesa\u00ae 4104 PVC","og_description":"Tesa 4104 PVC\u00a0Solutions d'emballage Emballage int\u00e9rieur. Film PVC et adh\u00e9sif en caoutchouc naturel. Disponible dans notre boutique en ligne","og_url":"https:\/\/distribuidorcintastesa.es\/fr\/producto\/tesa-4104-pvc\/","og_site_name":"Distribuidor de cintas tesa, cintas tesa, tesa cintas, distribuidor tesa, tesa productos, productos tesa, tesa distribuidores, http:\/\/www.http:\/\/distribuidorcintas3m.es, Mejores ofertas en cintas","article_modified_time":"2022-03-10T15:42:42+00:00","og_image":[{"width":543,"height":544,"url":"https:\/\/distribuidorcintastesa.es\/wp-content\/uploads\/2022\/03\/tesa-4104.jpg","type":"image\/jpeg"}],"twitter_card":"summary_large_image","twitter_misc":{"Dur\u00e9e de lecture estim\u00e9e":"2 minutes"},"schema":{"@context":"https:\/\/schema.org","@graph":[{"@type":"WebPage","@id":"https:\/\/distribuidorcintastesa.es\/fr\/producto\/tesa-4104-pvc\/","url":"https:\/\/distribuidorcintastesa.es\/fr\/producto\/tesa-4104-pvc\/","name":"Tesa 4104 PVC\u00a0Solutions d'emballage Emballage int\u00e9rieur","isPartOf":{"@id":"https:\/\/distribuidorcintastesa.es\/fr\/#website"},"primaryImageOfPage":{"@id":"https:\/\/distribuidorcintastesa.es\/fr\/producto\/tesa-4104-pvc\/#primaryimage"},"image":{"@id":"https:\/\/distribuidorcintastesa.es\/fr\/producto\/tesa-4104-pvc\/#primaryimage"},"thumbnailUrl":"https:\/\/distribuidorcintastesa.es\/wp-content\/uploads\/2022\/03\/tesa-4104.jpg","datePublished":"2022-03-10T14:28:47+00:00","dateModified":"2022-03-10T15:42:42+00:00","description":"Tesa 4104 PVC\u00a0Solutions d'emballage Emballage int\u00e9rieur. Film PVC et adh\u00e9sif en caoutchouc naturel. Disponible dans notre boutique en ligne","breadcrumb":{"@id":"https:\/\/distribuidorcintastesa.es\/fr\/producto\/tesa-4104-pvc\/#breadcrumb"},"inLanguage":"fr-FR","potentialAction":[{"@type":"ReadAction","target":["https:\/\/distribuidorcintastesa.es\/fr\/producto\/tesa-4104-pvc\/"]}]},{"@type":"ImageObject","inLanguage":"fr-FR","@id":"https:\/\/distribuidorcintastesa.es\/fr\/producto\/tesa-4104-pvc\/#primaryimage","url":"https:\/\/distribuidorcintastesa.es\/wp-content\/uploads\/2022\/03\/tesa-4104.jpg","contentUrl":"https:\/\/distribuidorcintastesa.es\/wp-content\/uploads\/2022\/03\/tesa-4104.jpg","width":543,"height":544,"caption":"Tesa 4104 PVC\u00a0"},{"@type":"BreadcrumbList","@id":"https:\/\/distribuidorcintastesa.es\/fr\/producto\/tesa-4104-pvc\/#breadcrumb","itemListElement":[{"@type":"ListItem","position":1,"name":"Portada","item":"https:\/\/distribuidorcintastesa.es\/fr\/"},{"@type":"ListItem","position":2,"name":"Produits","item":"https:\/\/distribuidorcintastesa.es\/fr\/produits\/"},{"@type":"ListItem","position":3,"name":"Tesa\u00ae 4104 PVC"}]},{"@type":"WebSite","@id":"https:\/\/distribuidorcintastesa.es\/fr\/#website","url":"https:\/\/distribuidorcintastesa.es\/fr\/","name":"Distribuidor de cintas tesa","description":"Distribuidor de cintas tesa, cintas tesa, tesa cintas, distribuidor tesa, tesa productos, productos tesa, tesa distribuidores, cintas y adhesivos, tesa cinta doble cara, cinta tesa doble cara, adhesivos tesa, cinta antideslizante, velcro tesa, cinta reflectante, tesa supergen, softprint, cinta doble cara tesa, selladores y adhesivos, cintas adhesivas de doble cara, cintas de aluminio, cintas de vinilo para se\u00f1alizaci\u00f3n, cintas de tela americanas, cintas de papel para enmascarar, cintas para embalaje","publisher":{"@id":"https:\/\/distribuidorcintastesa.es\/fr\/#organization"},"potentialAction":[{"@type":"SearchAction","target":{"@type":"EntryPoint","urlTemplate":"https:\/\/distribuidorcintastesa.es\/fr\/?s={search_term_string}"},"query-input":{"@type":"PropertyValueSpecification","valueRequired":true,"valueName":"search_term_string"}}],"inLanguage":"fr-FR"},{"@type":"Organization","@id":"https:\/\/distribuidorcintastesa.es\/fr\/#organization","name":"Distribuidor de cintas tesa","url":"https:\/\/distribuidorcintastesa.es\/fr\/","logo":{"@type":"ImageObject","inLanguage":"fr-FR","@id":"https:\/\/distribuidorcintastesa.es\/fr\/#\/schema\/logo\/image\/","url":"https:\/\/distribuidorcintastesa.es\/wp-content\/uploads\/2022\/10\/logo-espanol-portugues.png","contentUrl":"https:\/\/distribuidorcintastesa.es\/wp-content\/uploads\/2022\/10\/logo-espanol-portugues.png","width":871,"height":142,"caption":"Distribuidor de cintas tesa"},"image":{"@id":"https:\/\/distribuidorcintastesa.es\/fr\/#\/schema\/logo\/image\/"},"sameAs":["https:\/\/muralsrd.com\/","https:\/\/solbi-mural.com\/es\/","https:\/\/distribuidor-cintas-adhesivas.es","https:\/\/www.instagram.com\/solbimural\/?igsh=ZnR6ZmkzZm1ubWhl"]}]}},"_links":{"self":[{"href":"https:\/\/distribuidorcintastesa.es\/fr\/wp-json\/wp\/v2\/product\/5223","targetHints":{"allow":["GET"]}}],"collection":[{"href":"https:\/\/distribuidorcintastesa.es\/fr\/wp-json\/wp\/v2\/product"}],"about":[{"href":"https:\/\/distribuidorcintastesa.es\/fr\/wp-json\/wp\/v2\/types\/product"}],"wp:featuredmedia":[{"embeddable":true,"href":"https:\/\/distribuidorcintastesa.es\/fr\/wp-json\/wp\/v2\/media\/5230"}],"wp:attachment":[{"href":"https:\/\/distribuidorcintastesa.es\/fr\/wp-json\/wp\/v2\/media?parent=5223"}],"wp:term":[{"taxonomy":"product_brand","embeddable":true,"href":"https:\/\/distribuidorcintastesa.es\/fr\/wp-json\/wp\/v2\/product_brand?post=5223"},{"taxonomy":"product_cat","embeddable":true,"href":"https:\/\/distribuidorcintastesa.es\/fr\/wp-json\/wp\/v2\/product_cat?post=5223"},{"taxonomy":"product_tag","embeddable":true,"href":"https:\/\/distribuidorcintastesa.es\/fr\/wp-json\/wp\/v2\/product_tag?post=5223"}],"curies":[{"name":"wp","href":"https:\/\/api.w.org\/{rel}","templated":true}]}}