{"id":5110,"date":"2022-03-03T12:58:19","date_gmt":"2022-03-03T12:58:20","guid":{"rendered":"https:\/\/distribuidorcintastesa.es\/?post_type=product&#038;p=5110"},"modified":"2022-03-03T14:01:31","modified_gmt":"2022-03-03T14:01:31","slug":"tesa-4591-filament-croise","status":"publish","type":"product","link":"https:\/\/distribuidorcintastesa.es\/fr\/producto\/tesa-4591-filament-croise\/","title":{"rendered":"Tesa\u00ae 4591 Filament crois\u00e9"},"content":{"rendered":"<p><strong>Tesa 4591 Filament crois\u00e9<\/strong><\/p>\n<p>&nbsp;<\/p>\n<p>Tesa\u00ae 4591 est un ruban de filament bidirectionnel \u00e0 usage g\u00e9n\u00e9ral compos\u00e9 de filaments de verre li\u00e9s \u00e0 une couche de polyester. Le ruban est utilis\u00e9 pour les applications industrielles de rubanage, de palettisation et de fixation. tesa\u00ae 4591 combine une haute r\u00e9sistance \u00e0 la traction longitudinale avec un tr\u00e8s faible allongement. L&rsquo;adh\u00e9sif en caoutchouc synth\u00e9tique assure une fixation s\u00fbre sur diverses surfaces, y compris les surfaces non polaires telles que le poly\u00e9thyl\u00e8ne ou le polypropyl\u00e8ne. tesa\u00ae 4591 offre une excellente adh\u00e9rence et n\u00e9cessite peu de temps pour atteindre son plein pouvoir adh\u00e9sif. Le ruban pr\u00e9sente \u00e9galement une excellente adh\u00e9rence sur une vari\u00e9t\u00e9 de surfaces de carton ondul\u00e9 et solide. tesa\u00ae 4591 est r\u00e9sistant \u00e0 l&rsquo;usure.<\/p>\n<p>&#8211; Transparent, filament crois\u00e9<br \/>\n&#8211; Filaments de fibre de verre<br \/>\n&#8211; Adh\u00e9sivit\u00e9 \u00e9lev\u00e9e et excellente r\u00e9sistance \u00e0 la rupture.<br \/>\n&#8211; Pour les applications de palettisation, de cerclage de bobines, d&#8217;emballage, de transport s\u00e9curis\u00e9 et de fixation.<\/p>\n<p>&nbsp;<\/p>\n<p><strong>applications principales<\/strong><\/p>\n<p>&#8211; Attach\u00e9 et palettis\u00e9<br \/>\n&#8211; Scellement de grandes bo\u00eetes en carton<br \/>\n&#8211; Assurance transports<br \/>\n-Fixation<br \/>\n&#8211; onglets de fin<\/p>\n<p>&nbsp;<\/p>\n<p><img fetchpriority=\"high\" decoding=\"async\" class=\"alignnone wp-image-5118 size-medium\" src=\"https:\/\/distribuidorcintastesa.es\/wp-content\/uploads\/2022\/03\/TESA-4591_1-300x227.jpg\" alt=\"Tesa 4591 Filament crois\u00e9\" width=\"300\" height=\"227\" srcset=\"https:\/\/distribuidorcintastesa.es\/wp-content\/uploads\/2022\/03\/TESA-4591_1-300x227.jpg 300w, https:\/\/distribuidorcintastesa.es\/wp-content\/uploads\/2022\/03\/TESA-4591_1-64x48.jpg 64w, https:\/\/distribuidorcintastesa.es\/wp-content\/uploads\/2022\/03\/TESA-4591_1.jpg 467w\" sizes=\"(max-width: 300px) 100vw, 300px\" \/><\/p>\n<p>&nbsp;<\/p>\n<p><strong> Donn\u00e9es techniques Tesa 4591 Filament crois\u00e9<\/strong><\/p>\n<table width=\"497\">\n<tbody>\n<tr>\n<td width=\"268\">Support<\/td>\n<td width=\"229\">PET + fibre de verre<\/td>\n<\/tr>\n<tr>\n<td>Type d&rsquo;adh\u00e9sif<\/td>\n<td>&lsquo;caoutchouc synth\u00e9tique<\/td>\n<\/tr>\n<tr>\n<td>Allongement \u00e0 la rupture [%]<\/td>\n<td>4<\/td>\n<\/tr>\n<tr>\n<td>R\u00e9sistance \u00e0 la traction [N\/cm]<\/td>\n<td>250<\/td>\n<\/tr>\n<tr>\n<td>\u00c9paisseur totale [\u00b5m]<\/td>\n<td>140<\/td>\n<\/tr>\n<tr>\n<td>Adh\u00e9sion \/ acier [N\/cm]<\/td>\n<td>9,5<\/td>\n<\/tr>\n<tr>\n<td>R\u00e9sist. Roture [N\/cm]<\/td>\n<td>250<\/td>\n<\/tr>\n<\/tbody>\n<\/table>\n<table width=\"696\">\n<tbody>\n<tr>\n<td width=\"134\"><strong>PRODUIT<\/strong><\/td>\n<td width=\"134\"><strong>UNITE<\/strong><\/td>\n<td width=\"160\"><strong>EMBALLAGE<\/strong><\/td>\n<td width=\"134\"><strong>DIMENSIONS<\/strong><\/td>\n<td width=\"134\"><strong>COULEUR<\/strong><\/td>\n<\/tr>\n<tr>\n<td rowspan=\"5\" width=\"134\"><strong>4591<\/strong><\/td>\n<td width=\"134\">Rouleau<\/td>\n<td width=\"160\">48 Rouleaux\/Bo\u00eete<\/td>\n<td width=\"134\">19 mm x 50 mt<\/td>\n<td width=\"134\"><img decoding=\"async\" class=\"alignnone size-full wp-image-4415\" src=\"https:\/\/distribuidorcintastesa.es\/wp-content\/uploads\/2021\/10\/Transparente.jpg\" alt=\"\" width=\"38\" height=\"19\" \/><\/td>\n<\/tr>\n<tr>\n<td width=\"134\">Rouleau<\/td>\n<td width=\"160\">36 Rouleaux\/Bo\u00eete<\/td>\n<td width=\"134\">25 mm x 50 mt<\/td>\n<td width=\"134\"><img decoding=\"async\" class=\"alignnone size-full wp-image-2987\" src=\"https:\/\/distribuidorcintastesa.es\/wp-content\/uploads\/2021\/02\/blanco_1.jpg\" alt=\"color BLANCO\" width=\"38\" height=\"19\" \/><\/td>\n<\/tr>\n<tr>\n<td width=\"134\">Rouleau<\/td>\n<td width=\"160\">18 Rouleaux\/Bo\u00eete<\/td>\n<td width=\"134\">50 mm x 50 mt<\/td>\n<td width=\"134\"><img decoding=\"async\" class=\"alignnone size-full wp-image-2987\" src=\"https:\/\/distribuidorcintastesa.es\/wp-content\/uploads\/2021\/02\/blanco_1.jpg\" alt=\"color BLANCO\" width=\"38\" height=\"19\" \/><\/td>\n<\/tr>\n<tr>\n<td width=\"134\">Rouleau<\/td>\n<td width=\"160\">12 Rouleaux\/Bo\u00eete<\/td>\n<td width=\"134\">75 mm x 50 mt<\/td>\n<td width=\"134\"><img decoding=\"async\" class=\"alignnone size-full wp-image-4415\" src=\"https:\/\/distribuidorcintastesa.es\/wp-content\/uploads\/2021\/10\/Transparente.jpg\" alt=\"\" width=\"38\" height=\"19\" \/><\/td>\n<\/tr>\n<tr>\n<td width=\"134\">Rouleau<\/td>\n<td width=\"160\">12 Rouleaux\/Bo\u00eete<\/td>\n<td width=\"134\">100 mm x 50 mt<\/td>\n<td width=\"134\"><img decoding=\"async\" class=\"alignnone size-full wp-image-4415\" src=\"https:\/\/distribuidorcintastesa.es\/wp-content\/uploads\/2021\/10\/Transparente.jpg\" alt=\"\" width=\"38\" height=\"19\" \/><\/td>\n<\/tr>\n<\/tbody>\n<\/table>\n<p>&nbsp;<\/p>\n","protected":false},"excerpt":{"rendered":"<p>Tesa 4591 Filament crois\u00e9 &nbsp; Tesa\u00ae 4591 est un ruban de filament bidirectionnel \u00e0 usage g\u00e9n\u00e9ral compos\u00e9 de filaments de verre li\u00e9s \u00e0 une couche de polyester. Le ruban est utilis\u00e9 pour les applications industrielles de rubanage, de palettisation et de fixation. tesa\u00ae 4591 combine une haute r\u00e9sistance \u00e0 la traction longitudinale avec un tr\u00e8s [&hellip;]<\/p>\n","protected":false},"featured_media":5114,"template":"","meta":{"site-sidebar-layout":"default","site-content-layout":"","ast-site-content-layout":"default","site-content-style":"default","site-sidebar-style":"default","ast-global-header-display":"","ast-banner-title-visibility":"","ast-main-header-display":"","ast-hfb-above-header-display":"","ast-hfb-below-header-display":"","ast-hfb-mobile-header-display":"","site-post-title":"","ast-breadcrumbs-content":"","ast-featured-img":"","footer-sml-layout":"","ast-disable-related-posts":"","theme-transparent-header-meta":"","adv-header-id-meta":"","stick-header-meta":"","header-above-stick-meta":"","header-main-stick-meta":"","header-below-stick-meta":"","astra-migrate-meta-layouts":"default","ast-page-background-enabled":"default","ast-page-background-meta":{"desktop":{"background-color":"","background-image":"","background-repeat":"repeat","background-position":"center center","background-size":"auto","background-attachment":"scroll","background-type":"","background-media":"","overlay-type":"","overlay-color":"","overlay-opacity":"","overlay-gradient":""},"tablet":{"background-color":"","background-image":"","background-repeat":"repeat","background-position":"center center","background-size":"auto","background-attachment":"scroll","background-type":"","background-media":"","overlay-type":"","overlay-color":"","overlay-opacity":"","overlay-gradient":""},"mobile":{"background-color":"","background-image":"","background-repeat":"repeat","background-position":"center center","background-size":"auto","background-attachment":"scroll","background-type":"","background-media":"","overlay-type":"","overlay-color":"","overlay-opacity":"","overlay-gradient":""}},"ast-content-background-meta":{"desktop":{"background-color":"var(--ast-global-color-5)","background-image":"","background-repeat":"repeat","background-position":"center center","background-size":"auto","background-attachment":"scroll","background-type":"","background-media":"","overlay-type":"","overlay-color":"","overlay-opacity":"","overlay-gradient":""},"tablet":{"background-color":"var(--ast-global-color-5)","background-image":"","background-repeat":"repeat","background-position":"center center","background-size":"auto","background-attachment":"scroll","background-type":"","background-media":"","overlay-type":"","overlay-color":"","overlay-opacity":"","overlay-gradient":""},"mobile":{"background-color":"var(--ast-global-color-5)","background-image":"","background-repeat":"repeat","background-position":"center center","background-size":"auto","background-attachment":"scroll","background-type":"","background-media":"","overlay-type":"","overlay-color":"","overlay-opacity":"","overlay-gradient":""}}},"product_brand":[],"product_cat":[2507,195],"product_tag":[],"class_list":{"0":"post-5110","1":"product","2":"type-product","3":"status-publish","4":"has-post-thumbnail","6":"product_cat-sangle-et-reliure","7":"product_cat-solutions-demballage","8":"desktop-align-center","9":"tablet-align-center","10":"mobile-align-center","12":"first","13":"instock","14":"shipping-taxable","15":"product-type-simple"},"yoast_head":"<!-- This site is optimized with the Yoast SEO Premium plugin v27.2 (Yoast SEO v27.2) - https:\/\/yoast.com\/product\/yoast-seo-premium-wordpress\/ -->\n<title>Tesa 4591 Filament crois\u00e9\u00a0Solution pour cerclage et groupage emballages<\/title>\n<meta name=\"description\" content=\"Tesa 4591 Filament crois\u00e9\u00a0Solutions pour cerclage et groupage des emballages. Disponible dans notre magasin online.\" \/>\n<meta name=\"robots\" content=\"index, follow, max-snippet:-1, max-image-preview:large, max-video-preview:-1\" \/>\n<link rel=\"canonical\" href=\"https:\/\/distribuidorcintastesa.es\/fr\/producto\/tesa-4591-filament-croise\/\" \/>\n<meta property=\"og:locale\" content=\"fr_FR\" \/>\n<meta property=\"og:type\" content=\"article\" \/>\n<meta property=\"og:title\" content=\"Tesa\u00ae 4591 Filament crois\u00e9\" \/>\n<meta property=\"og:description\" content=\"Tesa 4591 Filament crois\u00e9\u00a0Solutions pour cerclage et groupage des emballages. Disponible dans notre magasin online.\" \/>\n<meta property=\"og:url\" content=\"https:\/\/distribuidorcintastesa.es\/fr\/producto\/tesa-4591-filament-croise\/\" \/>\n<meta property=\"og:site_name\" content=\"Distribuidor de cintas tesa, cintas tesa, tesa cintas, distribuidor tesa, tesa productos, productos tesa, tesa distribuidores, http:\/\/www.http:\/\/distribuidorcintas3m.es, Mejores ofertas en cintas\" \/>\n<meta property=\"article:modified_time\" content=\"2022-03-03T14:01:31+00:00\" \/>\n<meta property=\"og:image\" content=\"https:\/\/distribuidorcintastesa.es\/wp-content\/uploads\/2022\/03\/TESA-4591.jpg\" \/>\n\t<meta property=\"og:image:width\" content=\"519\" \/>\n\t<meta property=\"og:image:height\" content=\"552\" \/>\n\t<meta property=\"og:image:type\" content=\"image\/jpeg\" \/>\n<meta name=\"twitter:card\" content=\"summary_large_image\" \/>\n<meta name=\"twitter:label1\" content=\"Dur\u00e9e de lecture estim\u00e9e\" \/>\n\t<meta name=\"twitter:data1\" content=\"3 minutes\" \/>\n<script type=\"application\/ld+json\" class=\"yoast-schema-graph\">{\"@context\":\"https:\/\/schema.org\",\"@graph\":[{\"@type\":\"WebPage\",\"@id\":\"https:\/\/distribuidorcintastesa.es\/fr\/producto\/tesa-4591-filament-croise\/\",\"url\":\"https:\/\/distribuidorcintastesa.es\/fr\/producto\/tesa-4591-filament-croise\/\",\"name\":\"Tesa 4591 Filament crois\u00e9\u00a0Solution pour cerclage et groupage emballages\",\"isPartOf\":{\"@id\":\"https:\/\/distribuidorcintastesa.es\/fr\/#website\"},\"primaryImageOfPage\":{\"@id\":\"https:\/\/distribuidorcintastesa.es\/fr\/producto\/tesa-4591-filament-croise\/#primaryimage\"},\"image\":{\"@id\":\"https:\/\/distribuidorcintastesa.es\/fr\/producto\/tesa-4591-filament-croise\/#primaryimage\"},\"thumbnailUrl\":\"https:\/\/distribuidorcintastesa.es\/wp-content\/uploads\/2022\/03\/TESA-4591.jpg\",\"datePublished\":\"2022-03-03T12:58:20+00:00\",\"dateModified\":\"2022-03-03T14:01:31+00:00\",\"description\":\"Tesa 4591 Filament crois\u00e9\u00a0Solutions pour cerclage et groupage des emballages. Disponible dans notre magasin online.\",\"breadcrumb\":{\"@id\":\"https:\/\/distribuidorcintastesa.es\/fr\/producto\/tesa-4591-filament-croise\/#breadcrumb\"},\"inLanguage\":\"fr-FR\",\"potentialAction\":[{\"@type\":\"ReadAction\",\"target\":[\"https:\/\/distribuidorcintastesa.es\/fr\/producto\/tesa-4591-filament-croise\/\"]}]},{\"@type\":\"ImageObject\",\"inLanguage\":\"fr-FR\",\"@id\":\"https:\/\/distribuidorcintastesa.es\/fr\/producto\/tesa-4591-filament-croise\/#primaryimage\",\"url\":\"https:\/\/distribuidorcintastesa.es\/wp-content\/uploads\/2022\/03\/TESA-4591.jpg\",\"contentUrl\":\"https:\/\/distribuidorcintastesa.es\/wp-content\/uploads\/2022\/03\/TESA-4591.jpg\",\"width\":519,\"height\":552,\"caption\":\"Tesa 4591 Filament crois\u00e9\"},{\"@type\":\"BreadcrumbList\",\"@id\":\"https:\/\/distribuidorcintastesa.es\/fr\/producto\/tesa-4591-filament-croise\/#breadcrumb\",\"itemListElement\":[{\"@type\":\"ListItem\",\"position\":1,\"name\":\"Portada\",\"item\":\"https:\/\/distribuidorcintastesa.es\/fr\/\"},{\"@type\":\"ListItem\",\"position\":2,\"name\":\"Produits\",\"item\":\"https:\/\/distribuidorcintastesa.es\/fr\/produits\/\"},{\"@type\":\"ListItem\",\"position\":3,\"name\":\"Tesa\u00ae 4591 Filament crois\u00e9\"}]},{\"@type\":\"WebSite\",\"@id\":\"https:\/\/distribuidorcintastesa.es\/fr\/#website\",\"url\":\"https:\/\/distribuidorcintastesa.es\/fr\/\",\"name\":\"Distribuidor de cintas tesa\",\"description\":\"Distribuidor de cintas tesa, cintas tesa, tesa cintas, distribuidor tesa, tesa productos, productos tesa, tesa distribuidores, cintas y adhesivos, tesa cinta doble cara, cinta tesa doble cara, adhesivos tesa, cinta antideslizante, velcro tesa, cinta reflectante, tesa supergen, softprint, cinta doble cara tesa, selladores y adhesivos, cintas adhesivas de doble cara, cintas de aluminio, cintas de vinilo para se\u00f1alizaci\u00f3n, cintas de tela americanas, cintas de papel para enmascarar, cintas para embalaje\",\"publisher\":{\"@id\":\"https:\/\/distribuidorcintastesa.es\/fr\/#organization\"},\"potentialAction\":[{\"@type\":\"SearchAction\",\"target\":{\"@type\":\"EntryPoint\",\"urlTemplate\":\"https:\/\/distribuidorcintastesa.es\/fr\/?s={search_term_string}\"},\"query-input\":{\"@type\":\"PropertyValueSpecification\",\"valueRequired\":true,\"valueName\":\"search_term_string\"}}],\"inLanguage\":\"fr-FR\"},{\"@type\":\"Organization\",\"@id\":\"https:\/\/distribuidorcintastesa.es\/fr\/#organization\",\"name\":\"Distribuidor de cintas tesa\",\"url\":\"https:\/\/distribuidorcintastesa.es\/fr\/\",\"logo\":{\"@type\":\"ImageObject\",\"inLanguage\":\"fr-FR\",\"@id\":\"https:\/\/distribuidorcintastesa.es\/fr\/#\/schema\/logo\/image\/\",\"url\":\"https:\/\/distribuidorcintastesa.es\/wp-content\/uploads\/2022\/10\/logo-espanol-portugues.png\",\"contentUrl\":\"https:\/\/distribuidorcintastesa.es\/wp-content\/uploads\/2022\/10\/logo-espanol-portugues.png\",\"width\":871,\"height\":142,\"caption\":\"Distribuidor de cintas tesa\"},\"image\":{\"@id\":\"https:\/\/distribuidorcintastesa.es\/fr\/#\/schema\/logo\/image\/\"},\"sameAs\":[\"https:\/\/muralsrd.com\/\",\"https:\/\/solbi-mural.com\/es\/\",\"https:\/\/distribuidor-cintas-adhesivas.es\",\"https:\/\/www.instagram.com\/solbimural\/?igsh=ZnR6ZmkzZm1ubWhl\"]}]}<\/script>\n<!-- \/ Yoast SEO Premium plugin. -->","yoast_head_json":{"title":"Tesa 4591 Filament crois\u00e9\u00a0Solution pour cerclage et groupage emballages","description":"Tesa 4591 Filament crois\u00e9\u00a0Solutions pour cerclage et groupage des emballages. Disponible dans notre magasin online.","robots":{"index":"index","follow":"follow","max-snippet":"max-snippet:-1","max-image-preview":"max-image-preview:large","max-video-preview":"max-video-preview:-1"},"canonical":"https:\/\/distribuidorcintastesa.es\/fr\/producto\/tesa-4591-filament-croise\/","og_locale":"fr_FR","og_type":"article","og_title":"Tesa\u00ae 4591 Filament crois\u00e9","og_description":"Tesa 4591 Filament crois\u00e9\u00a0Solutions pour cerclage et groupage des emballages. Disponible dans notre magasin online.","og_url":"https:\/\/distribuidorcintastesa.es\/fr\/producto\/tesa-4591-filament-croise\/","og_site_name":"Distribuidor de cintas tesa, cintas tesa, tesa cintas, distribuidor tesa, tesa productos, productos tesa, tesa distribuidores, http:\/\/www.http:\/\/distribuidorcintas3m.es, Mejores ofertas en cintas","article_modified_time":"2022-03-03T14:01:31+00:00","og_image":[{"width":519,"height":552,"url":"https:\/\/distribuidorcintastesa.es\/wp-content\/uploads\/2022\/03\/TESA-4591.jpg","type":"image\/jpeg"}],"twitter_card":"summary_large_image","twitter_misc":{"Dur\u00e9e de lecture estim\u00e9e":"3 minutes"},"schema":{"@context":"https:\/\/schema.org","@graph":[{"@type":"WebPage","@id":"https:\/\/distribuidorcintastesa.es\/fr\/producto\/tesa-4591-filament-croise\/","url":"https:\/\/distribuidorcintastesa.es\/fr\/producto\/tesa-4591-filament-croise\/","name":"Tesa 4591 Filament crois\u00e9\u00a0Solution pour cerclage et groupage emballages","isPartOf":{"@id":"https:\/\/distribuidorcintastesa.es\/fr\/#website"},"primaryImageOfPage":{"@id":"https:\/\/distribuidorcintastesa.es\/fr\/producto\/tesa-4591-filament-croise\/#primaryimage"},"image":{"@id":"https:\/\/distribuidorcintastesa.es\/fr\/producto\/tesa-4591-filament-croise\/#primaryimage"},"thumbnailUrl":"https:\/\/distribuidorcintastesa.es\/wp-content\/uploads\/2022\/03\/TESA-4591.jpg","datePublished":"2022-03-03T12:58:20+00:00","dateModified":"2022-03-03T14:01:31+00:00","description":"Tesa 4591 Filament crois\u00e9\u00a0Solutions pour cerclage et groupage des emballages. Disponible dans notre magasin online.","breadcrumb":{"@id":"https:\/\/distribuidorcintastesa.es\/fr\/producto\/tesa-4591-filament-croise\/#breadcrumb"},"inLanguage":"fr-FR","potentialAction":[{"@type":"ReadAction","target":["https:\/\/distribuidorcintastesa.es\/fr\/producto\/tesa-4591-filament-croise\/"]}]},{"@type":"ImageObject","inLanguage":"fr-FR","@id":"https:\/\/distribuidorcintastesa.es\/fr\/producto\/tesa-4591-filament-croise\/#primaryimage","url":"https:\/\/distribuidorcintastesa.es\/wp-content\/uploads\/2022\/03\/TESA-4591.jpg","contentUrl":"https:\/\/distribuidorcintastesa.es\/wp-content\/uploads\/2022\/03\/TESA-4591.jpg","width":519,"height":552,"caption":"Tesa 4591 Filament crois\u00e9"},{"@type":"BreadcrumbList","@id":"https:\/\/distribuidorcintastesa.es\/fr\/producto\/tesa-4591-filament-croise\/#breadcrumb","itemListElement":[{"@type":"ListItem","position":1,"name":"Portada","item":"https:\/\/distribuidorcintastesa.es\/fr\/"},{"@type":"ListItem","position":2,"name":"Produits","item":"https:\/\/distribuidorcintastesa.es\/fr\/produits\/"},{"@type":"ListItem","position":3,"name":"Tesa\u00ae 4591 Filament crois\u00e9"}]},{"@type":"WebSite","@id":"https:\/\/distribuidorcintastesa.es\/fr\/#website","url":"https:\/\/distribuidorcintastesa.es\/fr\/","name":"Distribuidor de cintas tesa","description":"Distribuidor de cintas tesa, cintas tesa, tesa cintas, distribuidor tesa, tesa productos, productos tesa, tesa distribuidores, cintas y adhesivos, tesa cinta doble cara, cinta tesa doble cara, adhesivos tesa, cinta antideslizante, velcro tesa, cinta reflectante, tesa supergen, softprint, cinta doble cara tesa, selladores y adhesivos, cintas adhesivas de doble cara, cintas de aluminio, cintas de vinilo para se\u00f1alizaci\u00f3n, cintas de tela americanas, cintas de papel para enmascarar, cintas para embalaje","publisher":{"@id":"https:\/\/distribuidorcintastesa.es\/fr\/#organization"},"potentialAction":[{"@type":"SearchAction","target":{"@type":"EntryPoint","urlTemplate":"https:\/\/distribuidorcintastesa.es\/fr\/?s={search_term_string}"},"query-input":{"@type":"PropertyValueSpecification","valueRequired":true,"valueName":"search_term_string"}}],"inLanguage":"fr-FR"},{"@type":"Organization","@id":"https:\/\/distribuidorcintastesa.es\/fr\/#organization","name":"Distribuidor de cintas tesa","url":"https:\/\/distribuidorcintastesa.es\/fr\/","logo":{"@type":"ImageObject","inLanguage":"fr-FR","@id":"https:\/\/distribuidorcintastesa.es\/fr\/#\/schema\/logo\/image\/","url":"https:\/\/distribuidorcintastesa.es\/wp-content\/uploads\/2022\/10\/logo-espanol-portugues.png","contentUrl":"https:\/\/distribuidorcintastesa.es\/wp-content\/uploads\/2022\/10\/logo-espanol-portugues.png","width":871,"height":142,"caption":"Distribuidor de cintas tesa"},"image":{"@id":"https:\/\/distribuidorcintastesa.es\/fr\/#\/schema\/logo\/image\/"},"sameAs":["https:\/\/muralsrd.com\/","https:\/\/solbi-mural.com\/es\/","https:\/\/distribuidor-cintas-adhesivas.es","https:\/\/www.instagram.com\/solbimural\/?igsh=ZnR6ZmkzZm1ubWhl"]}]}},"_links":{"self":[{"href":"https:\/\/distribuidorcintastesa.es\/fr\/wp-json\/wp\/v2\/product\/5110","targetHints":{"allow":["GET"]}}],"collection":[{"href":"https:\/\/distribuidorcintastesa.es\/fr\/wp-json\/wp\/v2\/product"}],"about":[{"href":"https:\/\/distribuidorcintastesa.es\/fr\/wp-json\/wp\/v2\/types\/product"}],"wp:featuredmedia":[{"embeddable":true,"href":"https:\/\/distribuidorcintastesa.es\/fr\/wp-json\/wp\/v2\/media\/5114"}],"wp:attachment":[{"href":"https:\/\/distribuidorcintastesa.es\/fr\/wp-json\/wp\/v2\/media?parent=5110"}],"wp:term":[{"taxonomy":"product_brand","embeddable":true,"href":"https:\/\/distribuidorcintastesa.es\/fr\/wp-json\/wp\/v2\/product_brand?post=5110"},{"taxonomy":"product_cat","embeddable":true,"href":"https:\/\/distribuidorcintastesa.es\/fr\/wp-json\/wp\/v2\/product_cat?post=5110"},{"taxonomy":"product_tag","embeddable":true,"href":"https:\/\/distribuidorcintastesa.es\/fr\/wp-json\/wp\/v2\/product_tag?post=5110"}],"curies":[{"name":"wp","href":"https:\/\/api.w.org\/{rel}","templated":true}]}}