{"id":5097,"date":"2022-03-03T12:02:26","date_gmt":"2022-03-03T12:02:26","guid":{"rendered":"https:\/\/distribuidorcintastesa.es\/?post_type=product&#038;p=5097"},"modified":"2022-03-03T12:53:12","modified_gmt":"2022-03-03T12:53:12","slug":"tesa-4590-filament-unidirectionnel","status":"publish","type":"product","link":"https:\/\/distribuidorcintastesa.es\/fr\/producto\/tesa-4590-filament-unidirectionnel\/","title":{"rendered":"Tesa\u00ae 4590 Filament unidirectionnel"},"content":{"rendered":"<p><strong>\u00a0Tesa 4590 Filament unidirectionnel<\/strong><\/p>\n<p>&nbsp;<\/p>\n<p>tesa\u00ae 4590 est un ruban filament unidirectionnel \u00e0 usage g\u00e9n\u00e9ral \u00e0 base de filaments de verre lamin\u00e9s sur un film polyester. tesa\u00ae 4590 combine une bonne r\u00e9sistance \u00e0 la traction longitudinale avec un faible allongement.<br \/>\nLe syst\u00e8me adh\u00e9sif en caoutchouc synth\u00e9tique assure une liaison s\u00fbre sur diverses surfaces, m\u00eame sur des surfaces non polaires telles que le PE et le PP. Le ruban pr\u00e9sente \u00e9galement une excellente adh\u00e9rence sur une vari\u00e9t\u00e9 de surfaces de carton ondul\u00e9 et solide.<br \/>\nTesa\u00ae 4590 est r\u00e9sistant \u00e0 la d\u00e9chirure.<\/p>\n<p>&#8211; Filaments longitudinaux transparents<br \/>\n&#8211; Filaments de fibre de verre<br \/>\n&#8211; Adh\u00e9sivit\u00e9 \u00e9lev\u00e9e et excellente r\u00e9sistance \u00e0 la rupture.<br \/>\n&#8211; Pour les applications de palettisation, de cerclage de bobines, d&#8217;emballage, de transport s\u00e9curis\u00e9 et de fixation.<\/p>\n<p><strong>applications principales<\/strong><\/p>\n<p>&#8211; Groupage et palettisation<br \/>\n&#8211; Scellement en carton solide<br \/>\n&#8211; assurance transports<br \/>\n&#8211; fixation<\/p>\n<p>&nbsp;<\/p>\n<p><img fetchpriority=\"high\" decoding=\"async\" class=\"alignnone wp-image-5105 size-medium\" src=\"https:\/\/distribuidorcintastesa.es\/wp-content\/uploads\/2022\/03\/tesa-4590_1-300x222.jpg\" alt=\"Tesa 4590 Filament unidirectionnel\" width=\"300\" height=\"222\" srcset=\"https:\/\/distribuidorcintastesa.es\/wp-content\/uploads\/2022\/03\/tesa-4590_1-300x222.jpg 300w, https:\/\/distribuidorcintastesa.es\/wp-content\/uploads\/2022\/03\/tesa-4590_1-64x47.jpg 64w, https:\/\/distribuidorcintastesa.es\/wp-content\/uploads\/2022\/03\/tesa-4590_1.jpg 479w\" sizes=\"(max-width: 300px) 100vw, 300px\" \/><\/p>\n<p>&nbsp;<\/p>\n<p>&nbsp;<\/p>\n<p><strong> Donn\u00e9es techniques Tesa 4590 Filament unidirectionnel <\/strong><\/p>\n<table width=\"497\">\n<tbody>\n<tr>\n<td width=\"268\">Support<\/td>\n<td width=\"229\">PET + fibre de verre<\/td>\n<\/tr>\n<tr>\n<td>Type d&rsquo;adh\u00e9sif<\/td>\n<td>&lsquo;caoutchouc synth\u00e9tique<\/td>\n<\/tr>\n<tr>\n<td>Allongement \u00e0 la rupture [%]<\/td>\n<td>4<\/td>\n<\/tr>\n<tr>\n<td>R\u00e9sistance \u00e0 la traction [N\/cm]<\/td>\n<td>250<\/td>\n<\/tr>\n<tr>\n<td>\u00c9paisseur totale [\u00b5m]<\/td>\n<td>105<\/td>\n<\/tr>\n<tr>\n<td>Adh\u00e9sion \/ acier [N\/cm]<\/td>\n<td>9<\/td>\n<\/tr>\n<tr>\n<td>R\u00e9sist. Roture [N\/cm]<\/td>\n<td>250<\/td>\n<\/tr>\n<\/tbody>\n<\/table>\n<table width=\"696\">\n<tbody>\n<tr>\n<td width=\"134\"><strong>PRODUIT<\/strong><\/td>\n<td width=\"134\"><strong>UNITE<\/strong><\/td>\n<td width=\"160\"><strong>EMBALLAGE<\/strong><\/td>\n<td width=\"134\"><strong>DIMENSIONS<\/strong><\/td>\n<td width=\"134\"><strong>COULEUR<\/strong><\/td>\n<\/tr>\n<tr>\n<td rowspan=\"5\" width=\"134\"><strong>4590<\/strong><\/td>\n<td width=\"134\">Rouleau<\/td>\n<td width=\"160\">78 Rouleaux\/Bo\u00eete<\/td>\n<td width=\"134\">12 mm x 50 mt<\/td>\n<td width=\"134\"><img decoding=\"async\" class=\"alignnone wp-image-4415 size-full\" src=\"https:\/\/distribuidorcintastesa.es\/wp-content\/uploads\/2021\/10\/Transparente.jpg\" alt=\"Tesa 4590 Filament unidirectionnel\" width=\"38\" height=\"19\" \/><\/td>\n<\/tr>\n<tr>\n<td width=\"134\">Rouleau<\/td>\n<td width=\"160\">48 Rouleaux\/Bo\u00eete<\/td>\n<td width=\"134\">19 mm x 50 mt<\/td>\n<td width=\"134\"><img decoding=\"async\" class=\"alignnone wp-image-4415 size-full\" src=\"https:\/\/distribuidorcintastesa.es\/wp-content\/uploads\/2021\/10\/Transparente.jpg\" alt=\"Tesa 4590 Filament unidirectionnel\" width=\"38\" height=\"19\" \/><\/td>\n<\/tr>\n<tr>\n<td width=\"134\">Rouleau<\/td>\n<td width=\"160\">36 Rouleaux\/Bo\u00eete<\/td>\n<td width=\"134\">25 mm x 50 mt<\/td>\n<td width=\"134\"><img decoding=\"async\" class=\"alignnone size-full wp-image-4415\" src=\"https:\/\/distribuidorcintastesa.es\/wp-content\/uploads\/2021\/10\/Transparente.jpg\" alt=\"\" width=\"38\" height=\"19\" \/><\/td>\n<\/tr>\n<tr>\n<td width=\"134\">Rouleau<\/td>\n<td width=\"160\">24 Rouleaux\/Bo\u00eete<\/td>\n<td width=\"134\">38 mm x 50 mt<\/td>\n<td width=\"134\"><img decoding=\"async\" class=\"alignnone size-full wp-image-4415\" src=\"https:\/\/distribuidorcintastesa.es\/wp-content\/uploads\/2021\/10\/Transparente.jpg\" alt=\"\" width=\"38\" height=\"19\" \/><\/td>\n<\/tr>\n<tr>\n<td width=\"134\">Rouleau<\/td>\n<td width=\"160\">18 Rouleaux\/Bo\u00eete<\/td>\n<td width=\"134\">50 mm x 50 mt<\/td>\n<td width=\"134\"><img loading=\"lazy\" decoding=\"async\" class=\"alignnone wp-image-2987 size-full\" src=\"https:\/\/distribuidorcintastesa.es\/wp-content\/uploads\/2021\/02\/blanco_1.jpg\" alt=\"Tesa 4590 Filament unidirectionnel\" width=\"38\" height=\"19\" \/><\/td>\n<\/tr>\n<\/tbody>\n<\/table>\n","protected":false},"excerpt":{"rendered":"<p>\u00a0Tesa 4590 Filament unidirectionnel &nbsp; tesa\u00ae 4590 est un ruban filament unidirectionnel \u00e0 usage g\u00e9n\u00e9ral \u00e0 base de filaments de verre lamin\u00e9s sur un film polyester. tesa\u00ae 4590 combine une bonne r\u00e9sistance \u00e0 la traction longitudinale avec un faible allongement. Le syst\u00e8me adh\u00e9sif en caoutchouc synth\u00e9tique assure une liaison s\u00fbre sur diverses surfaces, m\u00eame sur [&hellip;]<\/p>\n","protected":false},"featured_media":5101,"template":"","meta":{"site-sidebar-layout":"default","site-content-layout":"","ast-site-content-layout":"default","site-content-style":"default","site-sidebar-style":"default","ast-global-header-display":"","ast-banner-title-visibility":"","ast-main-header-display":"","ast-hfb-above-header-display":"","ast-hfb-below-header-display":"","ast-hfb-mobile-header-display":"","site-post-title":"","ast-breadcrumbs-content":"","ast-featured-img":"","footer-sml-layout":"","ast-disable-related-posts":"","theme-transparent-header-meta":"","adv-header-id-meta":"","stick-header-meta":"","header-above-stick-meta":"","header-main-stick-meta":"","header-below-stick-meta":"","astra-migrate-meta-layouts":"default","ast-page-background-enabled":"default","ast-page-background-meta":{"desktop":{"background-color":"","background-image":"","background-repeat":"repeat","background-position":"center center","background-size":"auto","background-attachment":"scroll","background-type":"","background-media":"","overlay-type":"","overlay-color":"","overlay-opacity":"","overlay-gradient":""},"tablet":{"background-color":"","background-image":"","background-repeat":"repeat","background-position":"center center","background-size":"auto","background-attachment":"scroll","background-type":"","background-media":"","overlay-type":"","overlay-color":"","overlay-opacity":"","overlay-gradient":""},"mobile":{"background-color":"","background-image":"","background-repeat":"repeat","background-position":"center center","background-size":"auto","background-attachment":"scroll","background-type":"","background-media":"","overlay-type":"","overlay-color":"","overlay-opacity":"","overlay-gradient":""}},"ast-content-background-meta":{"desktop":{"background-color":"var(--ast-global-color-5)","background-image":"","background-repeat":"repeat","background-position":"center center","background-size":"auto","background-attachment":"scroll","background-type":"","background-media":"","overlay-type":"","overlay-color":"","overlay-opacity":"","overlay-gradient":""},"tablet":{"background-color":"var(--ast-global-color-5)","background-image":"","background-repeat":"repeat","background-position":"center center","background-size":"auto","background-attachment":"scroll","background-type":"","background-media":"","overlay-type":"","overlay-color":"","overlay-opacity":"","overlay-gradient":""},"mobile":{"background-color":"var(--ast-global-color-5)","background-image":"","background-repeat":"repeat","background-position":"center center","background-size":"auto","background-attachment":"scroll","background-type":"","background-media":"","overlay-type":"","overlay-color":"","overlay-opacity":"","overlay-gradient":""}}},"product_brand":[],"product_cat":[2507,195],"product_tag":[],"class_list":{"0":"post-5097","1":"product","2":"type-product","3":"status-publish","4":"has-post-thumbnail","6":"product_cat-sangle-et-reliure","7":"product_cat-solutions-demballage","8":"desktop-align-center","9":"tablet-align-center","10":"mobile-align-center","12":"first","13":"instock","14":"shipping-taxable","15":"product-type-simple"},"yoast_head":"<!-- This site is optimized with the Yoast SEO Premium plugin v27.2 (Yoast SEO v27.2) - https:\/\/yoast.com\/product\/yoast-seo-premium-wordpress\/ -->\n<title>Tesa 4590 Filament unidirectionnel\u00a0Solution cerclage groupage emballages<\/title>\n<meta name=\"description\" content=\"Tesa 4590 Filament unidirectionnel\u00a0Solutions pour cerclage et groupage des emballages. Disponible dans notre magasin online.\" \/>\n<meta name=\"robots\" content=\"index, follow, max-snippet:-1, max-image-preview:large, max-video-preview:-1\" \/>\n<link rel=\"canonical\" href=\"https:\/\/distribuidorcintastesa.es\/fr\/producto\/tesa-4590-filament-unidirectionnel\/\" \/>\n<meta property=\"og:locale\" content=\"fr_FR\" \/>\n<meta property=\"og:type\" content=\"article\" \/>\n<meta property=\"og:title\" content=\"Tesa\u00ae 4590 Filament unidirectionnel\" \/>\n<meta property=\"og:description\" content=\"Tesa 4590 Filament unidirectionnel\u00a0Solutions pour cerclage et groupage des emballages. Disponible dans notre magasin online.\" \/>\n<meta property=\"og:url\" content=\"https:\/\/distribuidorcintastesa.es\/fr\/producto\/tesa-4590-filament-unidirectionnel\/\" \/>\n<meta property=\"og:site_name\" content=\"Distribuidor de cintas tesa, cintas tesa, tesa cintas, distribuidor tesa, tesa productos, productos tesa, tesa distribuidores, http:\/\/www.http:\/\/distribuidorcintas3m.es, Mejores ofertas en cintas\" \/>\n<meta property=\"article:modified_time\" content=\"2022-03-03T12:53:12+00:00\" \/>\n<meta property=\"og:image\" content=\"https:\/\/distribuidorcintastesa.es\/wp-content\/uploads\/2022\/03\/tesa-4590.jpg\" \/>\n\t<meta property=\"og:image:width\" content=\"522\" \/>\n\t<meta property=\"og:image:height\" content=\"561\" \/>\n\t<meta property=\"og:image:type\" content=\"image\/jpeg\" \/>\n<meta name=\"twitter:card\" content=\"summary_large_image\" \/>\n<meta name=\"twitter:label1\" content=\"Dur\u00e9e de lecture estim\u00e9e\" \/>\n\t<meta name=\"twitter:data1\" content=\"3 minutes\" \/>\n<script type=\"application\/ld+json\" class=\"yoast-schema-graph\">{\"@context\":\"https:\/\/schema.org\",\"@graph\":[{\"@type\":\"WebPage\",\"@id\":\"https:\/\/distribuidorcintastesa.es\/fr\/producto\/tesa-4590-filament-unidirectionnel\/\",\"url\":\"https:\/\/distribuidorcintastesa.es\/fr\/producto\/tesa-4590-filament-unidirectionnel\/\",\"name\":\"Tesa 4590 Filament unidirectionnel\u00a0Solution cerclage groupage emballages\",\"isPartOf\":{\"@id\":\"https:\/\/distribuidorcintastesa.es\/fr\/#website\"},\"primaryImageOfPage\":{\"@id\":\"https:\/\/distribuidorcintastesa.es\/fr\/producto\/tesa-4590-filament-unidirectionnel\/#primaryimage\"},\"image\":{\"@id\":\"https:\/\/distribuidorcintastesa.es\/fr\/producto\/tesa-4590-filament-unidirectionnel\/#primaryimage\"},\"thumbnailUrl\":\"https:\/\/distribuidorcintastesa.es\/wp-content\/uploads\/2022\/03\/tesa-4590.jpg\",\"datePublished\":\"2022-03-03T12:02:26+00:00\",\"dateModified\":\"2022-03-03T12:53:12+00:00\",\"description\":\"Tesa 4590 Filament unidirectionnel\u00a0Solutions pour cerclage et groupage des emballages. Disponible dans notre magasin online.\",\"breadcrumb\":{\"@id\":\"https:\/\/distribuidorcintastesa.es\/fr\/producto\/tesa-4590-filament-unidirectionnel\/#breadcrumb\"},\"inLanguage\":\"fr-FR\",\"potentialAction\":[{\"@type\":\"ReadAction\",\"target\":[\"https:\/\/distribuidorcintastesa.es\/fr\/producto\/tesa-4590-filament-unidirectionnel\/\"]}]},{\"@type\":\"ImageObject\",\"inLanguage\":\"fr-FR\",\"@id\":\"https:\/\/distribuidorcintastesa.es\/fr\/producto\/tesa-4590-filament-unidirectionnel\/#primaryimage\",\"url\":\"https:\/\/distribuidorcintastesa.es\/wp-content\/uploads\/2022\/03\/tesa-4590.jpg\",\"contentUrl\":\"https:\/\/distribuidorcintastesa.es\/wp-content\/uploads\/2022\/03\/tesa-4590.jpg\",\"width\":522,\"height\":561,\"caption\":\"Tesa 4590 Filament unidirectionnel\"},{\"@type\":\"BreadcrumbList\",\"@id\":\"https:\/\/distribuidorcintastesa.es\/fr\/producto\/tesa-4590-filament-unidirectionnel\/#breadcrumb\",\"itemListElement\":[{\"@type\":\"ListItem\",\"position\":1,\"name\":\"Portada\",\"item\":\"https:\/\/distribuidorcintastesa.es\/fr\/\"},{\"@type\":\"ListItem\",\"position\":2,\"name\":\"Produits\",\"item\":\"https:\/\/distribuidorcintastesa.es\/fr\/produits\/\"},{\"@type\":\"ListItem\",\"position\":3,\"name\":\"Tesa\u00ae 4590 Filament unidirectionnel\"}]},{\"@type\":\"WebSite\",\"@id\":\"https:\/\/distribuidorcintastesa.es\/fr\/#website\",\"url\":\"https:\/\/distribuidorcintastesa.es\/fr\/\",\"name\":\"Distribuidor de cintas tesa\",\"description\":\"Distribuidor de cintas tesa, cintas tesa, tesa cintas, distribuidor tesa, tesa productos, productos tesa, tesa distribuidores, cintas y adhesivos, tesa cinta doble cara, cinta tesa doble cara, adhesivos tesa, cinta antideslizante, velcro tesa, cinta reflectante, tesa supergen, softprint, cinta doble cara tesa, selladores y adhesivos, cintas adhesivas de doble cara, cintas de aluminio, cintas de vinilo para se\u00f1alizaci\u00f3n, cintas de tela americanas, cintas de papel para enmascarar, cintas para embalaje\",\"publisher\":{\"@id\":\"https:\/\/distribuidorcintastesa.es\/fr\/#organization\"},\"potentialAction\":[{\"@type\":\"SearchAction\",\"target\":{\"@type\":\"EntryPoint\",\"urlTemplate\":\"https:\/\/distribuidorcintastesa.es\/fr\/?s={search_term_string}\"},\"query-input\":{\"@type\":\"PropertyValueSpecification\",\"valueRequired\":true,\"valueName\":\"search_term_string\"}}],\"inLanguage\":\"fr-FR\"},{\"@type\":\"Organization\",\"@id\":\"https:\/\/distribuidorcintastesa.es\/fr\/#organization\",\"name\":\"Distribuidor de cintas tesa\",\"url\":\"https:\/\/distribuidorcintastesa.es\/fr\/\",\"logo\":{\"@type\":\"ImageObject\",\"inLanguage\":\"fr-FR\",\"@id\":\"https:\/\/distribuidorcintastesa.es\/fr\/#\/schema\/logo\/image\/\",\"url\":\"https:\/\/distribuidorcintastesa.es\/wp-content\/uploads\/2022\/10\/logo-espanol-portugues.png\",\"contentUrl\":\"https:\/\/distribuidorcintastesa.es\/wp-content\/uploads\/2022\/10\/logo-espanol-portugues.png\",\"width\":871,\"height\":142,\"caption\":\"Distribuidor de cintas tesa\"},\"image\":{\"@id\":\"https:\/\/distribuidorcintastesa.es\/fr\/#\/schema\/logo\/image\/\"},\"sameAs\":[\"https:\/\/muralsrd.com\/\",\"https:\/\/solbi-mural.com\/es\/\",\"https:\/\/distribuidor-cintas-adhesivas.es\",\"https:\/\/www.instagram.com\/solbimural\/?igsh=ZnR6ZmkzZm1ubWhl\"]}]}<\/script>\n<!-- \/ Yoast SEO Premium plugin. -->","yoast_head_json":{"title":"Tesa 4590 Filament unidirectionnel\u00a0Solution cerclage groupage emballages","description":"Tesa 4590 Filament unidirectionnel\u00a0Solutions pour cerclage et groupage des emballages. Disponible dans notre magasin online.","robots":{"index":"index","follow":"follow","max-snippet":"max-snippet:-1","max-image-preview":"max-image-preview:large","max-video-preview":"max-video-preview:-1"},"canonical":"https:\/\/distribuidorcintastesa.es\/fr\/producto\/tesa-4590-filament-unidirectionnel\/","og_locale":"fr_FR","og_type":"article","og_title":"Tesa\u00ae 4590 Filament unidirectionnel","og_description":"Tesa 4590 Filament unidirectionnel\u00a0Solutions pour cerclage et groupage des emballages. Disponible dans notre magasin online.","og_url":"https:\/\/distribuidorcintastesa.es\/fr\/producto\/tesa-4590-filament-unidirectionnel\/","og_site_name":"Distribuidor de cintas tesa, cintas tesa, tesa cintas, distribuidor tesa, tesa productos, productos tesa, tesa distribuidores, http:\/\/www.http:\/\/distribuidorcintas3m.es, Mejores ofertas en cintas","article_modified_time":"2022-03-03T12:53:12+00:00","og_image":[{"width":522,"height":561,"url":"https:\/\/distribuidorcintastesa.es\/wp-content\/uploads\/2022\/03\/tesa-4590.jpg","type":"image\/jpeg"}],"twitter_card":"summary_large_image","twitter_misc":{"Dur\u00e9e de lecture estim\u00e9e":"3 minutes"},"schema":{"@context":"https:\/\/schema.org","@graph":[{"@type":"WebPage","@id":"https:\/\/distribuidorcintastesa.es\/fr\/producto\/tesa-4590-filament-unidirectionnel\/","url":"https:\/\/distribuidorcintastesa.es\/fr\/producto\/tesa-4590-filament-unidirectionnel\/","name":"Tesa 4590 Filament unidirectionnel\u00a0Solution cerclage groupage emballages","isPartOf":{"@id":"https:\/\/distribuidorcintastesa.es\/fr\/#website"},"primaryImageOfPage":{"@id":"https:\/\/distribuidorcintastesa.es\/fr\/producto\/tesa-4590-filament-unidirectionnel\/#primaryimage"},"image":{"@id":"https:\/\/distribuidorcintastesa.es\/fr\/producto\/tesa-4590-filament-unidirectionnel\/#primaryimage"},"thumbnailUrl":"https:\/\/distribuidorcintastesa.es\/wp-content\/uploads\/2022\/03\/tesa-4590.jpg","datePublished":"2022-03-03T12:02:26+00:00","dateModified":"2022-03-03T12:53:12+00:00","description":"Tesa 4590 Filament unidirectionnel\u00a0Solutions pour cerclage et groupage des emballages. Disponible dans notre magasin online.","breadcrumb":{"@id":"https:\/\/distribuidorcintastesa.es\/fr\/producto\/tesa-4590-filament-unidirectionnel\/#breadcrumb"},"inLanguage":"fr-FR","potentialAction":[{"@type":"ReadAction","target":["https:\/\/distribuidorcintastesa.es\/fr\/producto\/tesa-4590-filament-unidirectionnel\/"]}]},{"@type":"ImageObject","inLanguage":"fr-FR","@id":"https:\/\/distribuidorcintastesa.es\/fr\/producto\/tesa-4590-filament-unidirectionnel\/#primaryimage","url":"https:\/\/distribuidorcintastesa.es\/wp-content\/uploads\/2022\/03\/tesa-4590.jpg","contentUrl":"https:\/\/distribuidorcintastesa.es\/wp-content\/uploads\/2022\/03\/tesa-4590.jpg","width":522,"height":561,"caption":"Tesa 4590 Filament unidirectionnel"},{"@type":"BreadcrumbList","@id":"https:\/\/distribuidorcintastesa.es\/fr\/producto\/tesa-4590-filament-unidirectionnel\/#breadcrumb","itemListElement":[{"@type":"ListItem","position":1,"name":"Portada","item":"https:\/\/distribuidorcintastesa.es\/fr\/"},{"@type":"ListItem","position":2,"name":"Produits","item":"https:\/\/distribuidorcintastesa.es\/fr\/produits\/"},{"@type":"ListItem","position":3,"name":"Tesa\u00ae 4590 Filament unidirectionnel"}]},{"@type":"WebSite","@id":"https:\/\/distribuidorcintastesa.es\/fr\/#website","url":"https:\/\/distribuidorcintastesa.es\/fr\/","name":"Distribuidor de cintas tesa","description":"Distribuidor de cintas tesa, cintas tesa, tesa cintas, distribuidor tesa, tesa productos, productos tesa, tesa distribuidores, cintas y adhesivos, tesa cinta doble cara, cinta tesa doble cara, adhesivos tesa, cinta antideslizante, velcro tesa, cinta reflectante, tesa supergen, softprint, cinta doble cara tesa, selladores y adhesivos, cintas adhesivas de doble cara, cintas de aluminio, cintas de vinilo para se\u00f1alizaci\u00f3n, cintas de tela americanas, cintas de papel para enmascarar, cintas para embalaje","publisher":{"@id":"https:\/\/distribuidorcintastesa.es\/fr\/#organization"},"potentialAction":[{"@type":"SearchAction","target":{"@type":"EntryPoint","urlTemplate":"https:\/\/distribuidorcintastesa.es\/fr\/?s={search_term_string}"},"query-input":{"@type":"PropertyValueSpecification","valueRequired":true,"valueName":"search_term_string"}}],"inLanguage":"fr-FR"},{"@type":"Organization","@id":"https:\/\/distribuidorcintastesa.es\/fr\/#organization","name":"Distribuidor de cintas tesa","url":"https:\/\/distribuidorcintastesa.es\/fr\/","logo":{"@type":"ImageObject","inLanguage":"fr-FR","@id":"https:\/\/distribuidorcintastesa.es\/fr\/#\/schema\/logo\/image\/","url":"https:\/\/distribuidorcintastesa.es\/wp-content\/uploads\/2022\/10\/logo-espanol-portugues.png","contentUrl":"https:\/\/distribuidorcintastesa.es\/wp-content\/uploads\/2022\/10\/logo-espanol-portugues.png","width":871,"height":142,"caption":"Distribuidor de cintas tesa"},"image":{"@id":"https:\/\/distribuidorcintastesa.es\/fr\/#\/schema\/logo\/image\/"},"sameAs":["https:\/\/muralsrd.com\/","https:\/\/solbi-mural.com\/es\/","https:\/\/distribuidor-cintas-adhesivas.es","https:\/\/www.instagram.com\/solbimural\/?igsh=ZnR6ZmkzZm1ubWhl"]}]}},"_links":{"self":[{"href":"https:\/\/distribuidorcintastesa.es\/fr\/wp-json\/wp\/v2\/product\/5097","targetHints":{"allow":["GET"]}}],"collection":[{"href":"https:\/\/distribuidorcintastesa.es\/fr\/wp-json\/wp\/v2\/product"}],"about":[{"href":"https:\/\/distribuidorcintastesa.es\/fr\/wp-json\/wp\/v2\/types\/product"}],"wp:featuredmedia":[{"embeddable":true,"href":"https:\/\/distribuidorcintastesa.es\/fr\/wp-json\/wp\/v2\/media\/5101"}],"wp:attachment":[{"href":"https:\/\/distribuidorcintastesa.es\/fr\/wp-json\/wp\/v2\/media?parent=5097"}],"wp:term":[{"taxonomy":"product_brand","embeddable":true,"href":"https:\/\/distribuidorcintastesa.es\/fr\/wp-json\/wp\/v2\/product_brand?post=5097"},{"taxonomy":"product_cat","embeddable":true,"href":"https:\/\/distribuidorcintastesa.es\/fr\/wp-json\/wp\/v2\/product_cat?post=5097"},{"taxonomy":"product_tag","embeddable":true,"href":"https:\/\/distribuidorcintastesa.es\/fr\/wp-json\/wp\/v2\/product_tag?post=5097"}],"curies":[{"name":"wp","href":"https:\/\/api.w.org\/{rel}","templated":true}]}}