{"id":4805,"date":"2022-02-15T11:42:30","date_gmt":"2022-02-15T11:42:30","guid":{"rendered":"https:\/\/distribuidorcintastesa.es\/?post_type=product&#038;p=4805"},"modified":"2022-02-15T12:41:24","modified_gmt":"2022-02-15T12:41:24","slug":"tesa-4563-grip-tape-support-de-production-grip-et-anti-adhesif","status":"publish","type":"product","link":"https:\/\/distribuidorcintastesa.es\/fr\/producto\/tesa-4563-grip-tape-support-de-production-grip-et-anti-adhesif\/","title":{"rendered":"Tesa\u00ae 4563 Grip Tape"},"content":{"rendered":"<p><strong>Tesa 4563 Grip Tape<\/strong><\/p>\n<p>&nbsp;<\/p>\n<p>Tesa\u00ae 4563 Grip Tape, se compose d&rsquo;un support en tissu et d&rsquo;une surface lisse enduite de silicone qui offre une \u00ab\u00a0adh\u00e9rence\u00a0\u00bb fiable et repousse une vari\u00e9t\u00e9 de substances. La conception du produit garantit une r\u00e9sistance \u00e9lev\u00e9e \u00e0 l&rsquo;usure, une application facile et un retrait sans r\u00e9sidus, m\u00eame apr\u00e8s une utilisation \u00e0 long terme et une exposition \u00e0 des temp\u00e9ratures \u00e9lev\u00e9es.<\/p>\n<p>&#8211; Id\u00e9al pour le rev\u00eatement des cylindres en \u00e9vitant la casse ou les plis du mat\u00e9riau lors de son passage dans les rouleaux de production.<br \/>\n&#8211; Surface lisse.<br \/>\n&#8211; Il agit \u00e9galement comme un r\u00e9pulsif des substances collantes.<\/p>\n<p>&nbsp;<\/p>\n<p><strong>applications principales<\/strong><\/p>\n<p>Con\u00e7u pour le r\u00e9tr\u00e9cissement au rouleau dans un certain nombre de processus de fabrication et d&rsquo;impression qui utilisent des syst\u00e8mes de rouleaux pour traiter des mat\u00e9riaux en bande tels que des films, des textiles, du papier et bien d&rsquo;autres&#8230;<\/p>\n<p>&nbsp;<\/p>\n<p><img fetchpriority=\"high\" decoding=\"async\" class=\"alignnone wp-image-4813 size-medium\" src=\"https:\/\/distribuidorcintastesa.es\/wp-content\/uploads\/2022\/02\/tesa-4563_1-300x168.jpg\" alt=\"Tesa 4563 Grip Tape\" width=\"300\" height=\"168\" srcset=\"https:\/\/distribuidorcintastesa.es\/wp-content\/uploads\/2022\/02\/tesa-4563_1-300x168.jpg 300w, https:\/\/distribuidorcintastesa.es\/wp-content\/uploads\/2022\/02\/tesa-4563_1-600x337.jpg 600w, https:\/\/distribuidorcintastesa.es\/wp-content\/uploads\/2022\/02\/tesa-4563_1-64x36.jpg 64w, https:\/\/distribuidorcintastesa.es\/wp-content\/uploads\/2022\/02\/tesa-4563_1.jpg 634w\" sizes=\"(max-width: 300px) 100vw, 300px\" \/><\/p>\n<p><a href=\"https:\/\/www.youtube.com\/c\/cintaadhesivaSolbi\/videos\" target=\"_blank\" rel=\"noopener\">Tesa\u00ae 4563 Grip Tape<\/a><\/p>\n<p>&nbsp;<\/p>\n<p><strong> Donn\u00e9es techniques Tesa 4563 Grip Tape<\/strong><\/p>\n<table width=\"436\">\n<tbody>\n<tr>\n<td width=\"268\">Support<\/td>\n<td width=\"168\">Tissu silicon\u00e9<\/td>\n<\/tr>\n<tr>\n<td>Type d&rsquo;adh\u00e9sif<\/td>\n<td>Caoutchouc naturel<\/td>\n<\/tr>\n<tr>\n<td>Texture de surface<\/td>\n<td>doux<\/td>\n<\/tr>\n<tr>\n<td>Type de Liner<\/td>\n<td>PP<\/td>\n<\/tr>\n<tr>\n<td>\u00c9paisseur totale [\u00b5m]<\/td>\n<td>380<\/td>\n<\/tr>\n<tr>\n<td>\u00c9paisseur du protecteur [\u00b5m]<\/td>\n<td>80<\/td>\n<\/tr>\n<tr>\n<td>Adh\u00e9sion \/ acier [N\/cm]<\/td>\n<td>3,6<\/td>\n<\/tr>\n<\/tbody>\n<\/table>\n<table width=\"691\">\n<tbody>\n<tr>\n<td width=\"134\"><strong>PRODUIT<\/strong><\/td>\n<td width=\"134\"><strong>UNITE<\/strong><\/td>\n<td width=\"155\"><strong>EMBALLAGE<\/strong><\/td>\n<td width=\"134\"><strong>DIMENSIONS<\/strong><\/td>\n<td width=\"134\"><strong>COULEUR<\/strong><\/td>\n<\/tr>\n<tr>\n<td rowspan=\"2\" width=\"134\"><strong>4563<\/strong><\/td>\n<td width=\"134\">Rouleau<\/td>\n<td width=\"155\">6 Rouleaux\/Bo\u00eete<\/td>\n<td width=\"134\">50 mm x 25 mt<\/td>\n<td width=\"134\"><img decoding=\"async\" class=\"alignnone size-full wp-image-3014\" src=\"https:\/\/distribuidorcintastesa.es\/wp-content\/uploads\/2021\/03\/GRIS_1.png\" alt=\"color gris\" width=\"38\" height=\"19\" \/><\/td>\n<\/tr>\n<tr>\n<td width=\"134\">Rouleau<\/td>\n<td width=\"155\">2 Rouleaux\/Bo\u00eete<\/td>\n<td width=\"134\">100 mm x 25 mt<\/td>\n<td width=\"134\"><img decoding=\"async\" class=\"alignnone size-full wp-image-3014\" src=\"https:\/\/distribuidorcintastesa.es\/wp-content\/uploads\/2021\/03\/GRIS_1.png\" alt=\"color gris\" width=\"38\" height=\"19\" \/><\/td>\n<\/tr>\n<\/tbody>\n<\/table>\n<p><a href=\"https:\/\/distribuidorcintastesa.es\/fr\/catalogues\/\" target=\"_blank\" rel=\"noopener\">Catalogues TESA<\/a><\/p>\n","protected":false},"excerpt":{"rendered":"<p>Tesa 4563 Grip Tape &nbsp; Tesa\u00ae 4563 Grip Tape, se compose d&rsquo;un support en tissu et d&rsquo;une surface lisse enduite de silicone qui offre une \u00ab\u00a0adh\u00e9rence\u00a0\u00bb fiable et repousse une vari\u00e9t\u00e9 de substances. La conception du produit garantit une r\u00e9sistance \u00e9lev\u00e9e \u00e0 l&rsquo;usure, une application facile et un retrait sans r\u00e9sidus, m\u00eame apr\u00e8s une utilisation [&hellip;]<\/p>\n","protected":false},"featured_media":4809,"template":"","meta":{"site-sidebar-layout":"default","site-content-layout":"","ast-site-content-layout":"default","site-content-style":"default","site-sidebar-style":"default","ast-global-header-display":"","ast-banner-title-visibility":"","ast-main-header-display":"","ast-hfb-above-header-display":"","ast-hfb-below-header-display":"","ast-hfb-mobile-header-display":"","site-post-title":"","ast-breadcrumbs-content":"","ast-featured-img":"","footer-sml-layout":"","ast-disable-related-posts":"","theme-transparent-header-meta":"","adv-header-id-meta":"","stick-header-meta":"","header-above-stick-meta":"","header-main-stick-meta":"","header-below-stick-meta":"","astra-migrate-meta-layouts":"default","ast-page-background-enabled":"default","ast-page-background-meta":{"desktop":{"background-color":"","background-image":"","background-repeat":"repeat","background-position":"center center","background-size":"auto","background-attachment":"scroll","background-type":"","background-media":"","overlay-type":"","overlay-color":"","overlay-opacity":"","overlay-gradient":""},"tablet":{"background-color":"","background-image":"","background-repeat":"repeat","background-position":"center center","background-size":"auto","background-attachment":"scroll","background-type":"","background-media":"","overlay-type":"","overlay-color":"","overlay-opacity":"","overlay-gradient":""},"mobile":{"background-color":"","background-image":"","background-repeat":"repeat","background-position":"center center","background-size":"auto","background-attachment":"scroll","background-type":"","background-media":"","overlay-type":"","overlay-color":"","overlay-opacity":"","overlay-gradient":""}},"ast-content-background-meta":{"desktop":{"background-color":"var(--ast-global-color-5)","background-image":"","background-repeat":"repeat","background-position":"center center","background-size":"auto","background-attachment":"scroll","background-type":"","background-media":"","overlay-type":"","overlay-color":"","overlay-opacity":"","overlay-gradient":""},"tablet":{"background-color":"var(--ast-global-color-5)","background-image":"","background-repeat":"repeat","background-position":"center center","background-size":"auto","background-attachment":"scroll","background-type":"","background-media":"","overlay-type":"","overlay-color":"","overlay-opacity":"","overlay-gradient":""},"mobile":{"background-color":"var(--ast-global-color-5)","background-image":"","background-repeat":"repeat","background-position":"center center","background-size":"auto","background-attachment":"scroll","background-type":"","background-media":"","overlay-type":"","overlay-color":"","overlay-opacity":"","overlay-gradient":""}}},"product_brand":[],"product_cat":[194],"product_tag":[],"class_list":{"0":"post-4805","1":"product","2":"type-product","3":"status-publish","4":"has-post-thumbnail","6":"product_cat-support-a-la-production","7":"desktop-align-center","8":"tablet-align-center","9":"mobile-align-center","11":"first","12":"instock","13":"shipping-taxable","14":"product-type-simple"},"yoast_head":"<!-- This site is optimized with the Yoast SEO Premium plugin v27.5 (Yoast SEO v27.5) - https:\/\/yoast.com\/product\/yoast-seo-premium-wordpress\/ -->\n<title>Tesa 4563 Grip Tape Support de production Grip et anti-adh\u00e9sif<\/title>\n<meta name=\"description\" content=\"Tesa 4563 Grip Tape Support de production Grip et anti-adh\u00e9sif. Rev\u00eatement cylindres. Disponible magasin online\" \/>\n<meta name=\"robots\" content=\"index, follow, max-snippet:-1, max-image-preview:large, max-video-preview:-1\" \/>\n<link rel=\"canonical\" href=\"https:\/\/distribuidorcintastesa.es\/fr\/producto\/tesa-4563-grip-tape-support-de-production-grip-et-anti-adhesif\/\" \/>\n<meta property=\"og:locale\" content=\"fr_FR\" \/>\n<meta property=\"og:type\" content=\"article\" \/>\n<meta property=\"og:title\" content=\"Tesa\u00ae 4563 Grip Tape\" \/>\n<meta property=\"og:description\" content=\"Tesa 4563 Grip Tape Support de production Grip et anti-adh\u00e9sif. Rev\u00eatement cylindres. Disponible magasin online\" \/>\n<meta property=\"og:url\" content=\"https:\/\/distribuidorcintastesa.es\/fr\/producto\/tesa-4563-grip-tape-support-de-production-grip-et-anti-adhesif\/\" \/>\n<meta property=\"og:site_name\" content=\"Distribuidor de cintas tesa, cintas tesa, tesa cintas, distribuidor tesa, tesa productos, productos tesa, tesa distribuidores, http:\/\/www.http:\/\/distribuidorcintas3m.es, Mejores ofertas en cintas\" \/>\n<meta property=\"article:modified_time\" content=\"2022-02-15T12:41:24+00:00\" \/>\n<meta property=\"og:image\" content=\"https:\/\/distribuidorcintastesa.es\/wp-content\/uploads\/2022\/02\/tesa-4563.jpg\" \/>\n\t<meta property=\"og:image:width\" content=\"652\" \/>\n\t<meta property=\"og:image:height\" content=\"605\" \/>\n\t<meta property=\"og:image:type\" content=\"image\/jpeg\" \/>\n<meta name=\"twitter:card\" content=\"summary_large_image\" \/>\n<meta name=\"twitter:label1\" content=\"Dur\u00e9e de lecture estim\u00e9e\" \/>\n\t<meta name=\"twitter:data1\" content=\"2 minutes\" \/>\n<script type=\"application\/ld+json\" class=\"yoast-schema-graph\">{\"@context\":\"https:\\\/\\\/schema.org\",\"@graph\":[{\"@type\":\"WebPage\",\"@id\":\"https:\\\/\\\/distribuidorcintastesa.es\\\/fr\\\/producto\\\/tesa-4563-grip-tape-support-de-production-grip-et-anti-adhesif\\\/\",\"url\":\"https:\\\/\\\/distribuidorcintastesa.es\\\/fr\\\/producto\\\/tesa-4563-grip-tape-support-de-production-grip-et-anti-adhesif\\\/\",\"name\":\"Tesa 4563 Grip Tape Support de production Grip et anti-adh\u00e9sif\",\"isPartOf\":{\"@id\":\"https:\\\/\\\/distribuidorcintastesa.es\\\/fr\\\/#website\"},\"primaryImageOfPage\":{\"@id\":\"https:\\\/\\\/distribuidorcintastesa.es\\\/fr\\\/producto\\\/tesa-4563-grip-tape-support-de-production-grip-et-anti-adhesif\\\/#primaryimage\"},\"image\":{\"@id\":\"https:\\\/\\\/distribuidorcintastesa.es\\\/fr\\\/producto\\\/tesa-4563-grip-tape-support-de-production-grip-et-anti-adhesif\\\/#primaryimage\"},\"thumbnailUrl\":\"https:\\\/\\\/distribuidorcintastesa.es\\\/wp-content\\\/uploads\\\/2022\\\/02\\\/tesa-4563.jpg\",\"datePublished\":\"2022-02-15T11:42:30+00:00\",\"dateModified\":\"2022-02-15T12:41:24+00:00\",\"description\":\"Tesa 4563 Grip Tape Support de production Grip et anti-adh\u00e9sif. Rev\u00eatement cylindres. Disponible magasin online\",\"breadcrumb\":{\"@id\":\"https:\\\/\\\/distribuidorcintastesa.es\\\/fr\\\/producto\\\/tesa-4563-grip-tape-support-de-production-grip-et-anti-adhesif\\\/#breadcrumb\"},\"inLanguage\":\"fr-FR\",\"potentialAction\":[{\"@type\":\"ReadAction\",\"target\":[\"https:\\\/\\\/distribuidorcintastesa.es\\\/fr\\\/producto\\\/tesa-4563-grip-tape-support-de-production-grip-et-anti-adhesif\\\/\"]}]},{\"@type\":\"ImageObject\",\"inLanguage\":\"fr-FR\",\"@id\":\"https:\\\/\\\/distribuidorcintastesa.es\\\/fr\\\/producto\\\/tesa-4563-grip-tape-support-de-production-grip-et-anti-adhesif\\\/#primaryimage\",\"url\":\"https:\\\/\\\/distribuidorcintastesa.es\\\/wp-content\\\/uploads\\\/2022\\\/02\\\/tesa-4563.jpg\",\"contentUrl\":\"https:\\\/\\\/distribuidorcintastesa.es\\\/wp-content\\\/uploads\\\/2022\\\/02\\\/tesa-4563.jpg\",\"width\":652,\"height\":605,\"caption\":\"Tesa 4563 Grip Tape\"},{\"@type\":\"BreadcrumbList\",\"@id\":\"https:\\\/\\\/distribuidorcintastesa.es\\\/fr\\\/producto\\\/tesa-4563-grip-tape-support-de-production-grip-et-anti-adhesif\\\/#breadcrumb\",\"itemListElement\":[{\"@type\":\"ListItem\",\"position\":1,\"name\":\"Portada\",\"item\":\"https:\\\/\\\/distribuidorcintastesa.es\\\/fr\\\/\"},{\"@type\":\"ListItem\",\"position\":2,\"name\":\"Produits\",\"item\":\"https:\\\/\\\/distribuidorcintastesa.es\\\/fr\\\/produits\\\/\"},{\"@type\":\"ListItem\",\"position\":3,\"name\":\"Tesa\u00ae 4563 Grip Tape\"}]},{\"@type\":\"WebSite\",\"@id\":\"https:\\\/\\\/distribuidorcintastesa.es\\\/fr\\\/#website\",\"url\":\"https:\\\/\\\/distribuidorcintastesa.es\\\/fr\\\/\",\"name\":\"Distribuidor de cintas tesa\",\"description\":\"Distribuidor de cintas tesa, cintas tesa, tesa cintas, distribuidor tesa, tesa productos, productos tesa, tesa distribuidores, cintas y adhesivos, tesa cinta doble cara, cinta tesa doble cara, adhesivos tesa, cinta antideslizante, velcro tesa, cinta reflectante, tesa supergen, softprint, cinta doble cara tesa, selladores y adhesivos, cintas adhesivas de doble cara, cintas de aluminio, cintas de vinilo para se\u00f1alizaci\u00f3n, cintas de tela americanas, cintas de papel para enmascarar, cintas para embalaje\",\"publisher\":{\"@id\":\"https:\\\/\\\/distribuidorcintastesa.es\\\/fr\\\/#organization\"},\"potentialAction\":[{\"@type\":\"SearchAction\",\"target\":{\"@type\":\"EntryPoint\",\"urlTemplate\":\"https:\\\/\\\/distribuidorcintastesa.es\\\/fr\\\/?s={search_term_string}\"},\"query-input\":{\"@type\":\"PropertyValueSpecification\",\"valueRequired\":true,\"valueName\":\"search_term_string\"}}],\"inLanguage\":\"fr-FR\"},{\"@type\":\"Organization\",\"@id\":\"https:\\\/\\\/distribuidorcintastesa.es\\\/fr\\\/#organization\",\"name\":\"Distribuidor de cintas tesa\",\"url\":\"https:\\\/\\\/distribuidorcintastesa.es\\\/fr\\\/\",\"logo\":{\"@type\":\"ImageObject\",\"inLanguage\":\"fr-FR\",\"@id\":\"https:\\\/\\\/distribuidorcintastesa.es\\\/fr\\\/#\\\/schema\\\/logo\\\/image\\\/\",\"url\":\"https:\\\/\\\/distribuidorcintastesa.es\\\/wp-content\\\/uploads\\\/2022\\\/10\\\/logo-espanol-portugues.png\",\"contentUrl\":\"https:\\\/\\\/distribuidorcintastesa.es\\\/wp-content\\\/uploads\\\/2022\\\/10\\\/logo-espanol-portugues.png\",\"width\":871,\"height\":142,\"caption\":\"Distribuidor de cintas tesa\"},\"image\":{\"@id\":\"https:\\\/\\\/distribuidorcintastesa.es\\\/fr\\\/#\\\/schema\\\/logo\\\/image\\\/\"},\"sameAs\":[\"https:\\\/\\\/muralsrd.com\\\/\",\"https:\\\/\\\/solbi-mural.com\\\/es\\\/\",\"https:\\\/\\\/distribuidor-cintas-adhesivas.es\",\"https:\\\/\\\/www.instagram.com\\\/solbimural\\\/?igsh=ZnR6ZmkzZm1ubWhl\"]}]}<\/script>\n<!-- \/ Yoast SEO Premium plugin. -->","yoast_head_json":{"title":"Tesa 4563 Grip Tape Support de production Grip et anti-adh\u00e9sif","description":"Tesa 4563 Grip Tape Support de production Grip et anti-adh\u00e9sif. Rev\u00eatement cylindres. Disponible magasin online","robots":{"index":"index","follow":"follow","max-snippet":"max-snippet:-1","max-image-preview":"max-image-preview:large","max-video-preview":"max-video-preview:-1"},"canonical":"https:\/\/distribuidorcintastesa.es\/fr\/producto\/tesa-4563-grip-tape-support-de-production-grip-et-anti-adhesif\/","og_locale":"fr_FR","og_type":"article","og_title":"Tesa\u00ae 4563 Grip Tape","og_description":"Tesa 4563 Grip Tape Support de production Grip et anti-adh\u00e9sif. Rev\u00eatement cylindres. Disponible magasin online","og_url":"https:\/\/distribuidorcintastesa.es\/fr\/producto\/tesa-4563-grip-tape-support-de-production-grip-et-anti-adhesif\/","og_site_name":"Distribuidor de cintas tesa, cintas tesa, tesa cintas, distribuidor tesa, tesa productos, productos tesa, tesa distribuidores, http:\/\/www.http:\/\/distribuidorcintas3m.es, Mejores ofertas en cintas","article_modified_time":"2022-02-15T12:41:24+00:00","og_image":[{"width":652,"height":605,"url":"https:\/\/distribuidorcintastesa.es\/wp-content\/uploads\/2022\/02\/tesa-4563.jpg","type":"image\/jpeg"}],"twitter_card":"summary_large_image","twitter_misc":{"Dur\u00e9e de lecture estim\u00e9e":"2 minutes"},"schema":{"@context":"https:\/\/schema.org","@graph":[{"@type":"WebPage","@id":"https:\/\/distribuidorcintastesa.es\/fr\/producto\/tesa-4563-grip-tape-support-de-production-grip-et-anti-adhesif\/","url":"https:\/\/distribuidorcintastesa.es\/fr\/producto\/tesa-4563-grip-tape-support-de-production-grip-et-anti-adhesif\/","name":"Tesa 4563 Grip Tape Support de production Grip et anti-adh\u00e9sif","isPartOf":{"@id":"https:\/\/distribuidorcintastesa.es\/fr\/#website"},"primaryImageOfPage":{"@id":"https:\/\/distribuidorcintastesa.es\/fr\/producto\/tesa-4563-grip-tape-support-de-production-grip-et-anti-adhesif\/#primaryimage"},"image":{"@id":"https:\/\/distribuidorcintastesa.es\/fr\/producto\/tesa-4563-grip-tape-support-de-production-grip-et-anti-adhesif\/#primaryimage"},"thumbnailUrl":"https:\/\/distribuidorcintastesa.es\/wp-content\/uploads\/2022\/02\/tesa-4563.jpg","datePublished":"2022-02-15T11:42:30+00:00","dateModified":"2022-02-15T12:41:24+00:00","description":"Tesa 4563 Grip Tape Support de production Grip et anti-adh\u00e9sif. Rev\u00eatement cylindres. Disponible magasin online","breadcrumb":{"@id":"https:\/\/distribuidorcintastesa.es\/fr\/producto\/tesa-4563-grip-tape-support-de-production-grip-et-anti-adhesif\/#breadcrumb"},"inLanguage":"fr-FR","potentialAction":[{"@type":"ReadAction","target":["https:\/\/distribuidorcintastesa.es\/fr\/producto\/tesa-4563-grip-tape-support-de-production-grip-et-anti-adhesif\/"]}]},{"@type":"ImageObject","inLanguage":"fr-FR","@id":"https:\/\/distribuidorcintastesa.es\/fr\/producto\/tesa-4563-grip-tape-support-de-production-grip-et-anti-adhesif\/#primaryimage","url":"https:\/\/distribuidorcintastesa.es\/wp-content\/uploads\/2022\/02\/tesa-4563.jpg","contentUrl":"https:\/\/distribuidorcintastesa.es\/wp-content\/uploads\/2022\/02\/tesa-4563.jpg","width":652,"height":605,"caption":"Tesa 4563 Grip Tape"},{"@type":"BreadcrumbList","@id":"https:\/\/distribuidorcintastesa.es\/fr\/producto\/tesa-4563-grip-tape-support-de-production-grip-et-anti-adhesif\/#breadcrumb","itemListElement":[{"@type":"ListItem","position":1,"name":"Portada","item":"https:\/\/distribuidorcintastesa.es\/fr\/"},{"@type":"ListItem","position":2,"name":"Produits","item":"https:\/\/distribuidorcintastesa.es\/fr\/produits\/"},{"@type":"ListItem","position":3,"name":"Tesa\u00ae 4563 Grip Tape"}]},{"@type":"WebSite","@id":"https:\/\/distribuidorcintastesa.es\/fr\/#website","url":"https:\/\/distribuidorcintastesa.es\/fr\/","name":"Distribuidor de cintas tesa","description":"Distribuidor de cintas tesa, cintas tesa, tesa cintas, distribuidor tesa, tesa productos, productos tesa, tesa distribuidores, cintas y adhesivos, tesa cinta doble cara, cinta tesa doble cara, adhesivos tesa, cinta antideslizante, velcro tesa, cinta reflectante, tesa supergen, softprint, cinta doble cara tesa, selladores y adhesivos, cintas adhesivas de doble cara, cintas de aluminio, cintas de vinilo para se\u00f1alizaci\u00f3n, cintas de tela americanas, cintas de papel para enmascarar, cintas para embalaje","publisher":{"@id":"https:\/\/distribuidorcintastesa.es\/fr\/#organization"},"potentialAction":[{"@type":"SearchAction","target":{"@type":"EntryPoint","urlTemplate":"https:\/\/distribuidorcintastesa.es\/fr\/?s={search_term_string}"},"query-input":{"@type":"PropertyValueSpecification","valueRequired":true,"valueName":"search_term_string"}}],"inLanguage":"fr-FR"},{"@type":"Organization","@id":"https:\/\/distribuidorcintastesa.es\/fr\/#organization","name":"Distribuidor de cintas tesa","url":"https:\/\/distribuidorcintastesa.es\/fr\/","logo":{"@type":"ImageObject","inLanguage":"fr-FR","@id":"https:\/\/distribuidorcintastesa.es\/fr\/#\/schema\/logo\/image\/","url":"https:\/\/distribuidorcintastesa.es\/wp-content\/uploads\/2022\/10\/logo-espanol-portugues.png","contentUrl":"https:\/\/distribuidorcintastesa.es\/wp-content\/uploads\/2022\/10\/logo-espanol-portugues.png","width":871,"height":142,"caption":"Distribuidor de cintas tesa"},"image":{"@id":"https:\/\/distribuidorcintastesa.es\/fr\/#\/schema\/logo\/image\/"},"sameAs":["https:\/\/muralsrd.com\/","https:\/\/solbi-mural.com\/es\/","https:\/\/distribuidor-cintas-adhesivas.es","https:\/\/www.instagram.com\/solbimural\/?igsh=ZnR6ZmkzZm1ubWhl"]}]}},"_links":{"self":[{"href":"https:\/\/distribuidorcintastesa.es\/fr\/wp-json\/wp\/v2\/product\/4805","targetHints":{"allow":["GET"]}}],"collection":[{"href":"https:\/\/distribuidorcintastesa.es\/fr\/wp-json\/wp\/v2\/product"}],"about":[{"href":"https:\/\/distribuidorcintastesa.es\/fr\/wp-json\/wp\/v2\/types\/product"}],"wp:featuredmedia":[{"embeddable":true,"href":"https:\/\/distribuidorcintastesa.es\/fr\/wp-json\/wp\/v2\/media\/4809"}],"wp:attachment":[{"href":"https:\/\/distribuidorcintastesa.es\/fr\/wp-json\/wp\/v2\/media?parent=4805"}],"wp:term":[{"taxonomy":"product_brand","embeddable":true,"href":"https:\/\/distribuidorcintastesa.es\/fr\/wp-json\/wp\/v2\/product_brand?post=4805"},{"taxonomy":"product_cat","embeddable":true,"href":"https:\/\/distribuidorcintastesa.es\/fr\/wp-json\/wp\/v2\/product_cat?post=4805"},{"taxonomy":"product_tag","embeddable":true,"href":"https:\/\/distribuidorcintastesa.es\/fr\/wp-json\/wp\/v2\/product_tag?post=4805"}],"curies":[{"name":"wp","href":"https:\/\/api.w.org\/{rel}","templated":true}]}}