{"id":4382,"date":"2021-10-22T10:38:31","date_gmt":"2021-10-22T10:38:32","guid":{"rendered":"https:\/\/distribuidorcintastesa.es\/?post_type=product&#038;p=4382"},"modified":"2022-02-11T10:04:42","modified_gmt":"2022-02-11T10:04:42","slug":"tesa-60950-antiderapant-solutions-securite-signalisation","status":"publish","type":"product","link":"https:\/\/distribuidorcintastesa.es\/fr\/producto\/tesa-60950-antiderapant-solutions-securite-signalisation\/","title":{"rendered":"Tesa\u00ae 60950 Antid\u00e9rapant"},"content":{"rendered":"<p><strong>Tesa 60950 Antid\u00e9rapant<\/strong><\/p>\n<p>Le ruban adh\u00e9sif, Tesa\u00ae 60950 Non-Slip, est utilis\u00e9 aussi bien \u00e0 l&rsquo;int\u00e9rieur qu&rsquo;\u00e0 l&rsquo;ext\u00e9rieur, offrant une prise ferme dans les zones o\u00f9 la s\u00e9curit\u00e9 est primordiale. L&rsquo;association d&rsquo;un substrat PVC enduit d&rsquo;oxyde d&rsquo;aluminium et d&rsquo;un adh\u00e9sif acrylique offre un effet antid\u00e9rapant qui dure jusqu&rsquo;\u00e0 deux ans. Le ruban adh\u00e9sif antid\u00e9rapant tesa\u00ae 60950 est certifi\u00e9 selon la norme DIN 51130 et se distingue par sa r\u00e9sistance \u00e0 l&rsquo;eau sal\u00e9e et aux produits chimiques, ainsi que par le fait qu&rsquo;il peut \u00eatre coup\u00e9 \u00e0 la main et retir\u00e9 sans aucune difficult\u00e9.<\/p>\n<p>\u2013 Surface antid\u00e9rapante extr\u00eamement rugueuse et r\u00e9sistante.<br \/>\n\u2013 Haute adh\u00e9rence et s&rsquo;enl\u00e8ve sans laisser de r\u00e9sidus.<br \/>\n\u2013 R\u00e9sistant \u00e0 l&rsquo;eau, \u00e0 la temp\u00e9rature, aux rayons UV et aux produits de nettoyage.<br \/>\n\u2013 Convient aux zones humides.<\/p>\n<p>&nbsp;<\/p>\n<p><strong>Disponible dans notre magasin online<\/strong><\/p>\n<p><a href=\"https:\/\/solbi-mural.com\/fr\/rubans-adhesifs-une-face\/372-382-tesa-ruban-adhesif-anti-derapant-55589-60950-noir-rouleau-de-15m-x-50mm.html\" target=\"_blank\" rel=\"noopener\">https:\/\/solbi-mural.com\/fr\/rubans-adhesifs-une-face\/372-382-tesa-ruban-adhesif-anti-derapant-55589-60950-noir-rouleau-de-15m-x-50mm.html<\/a><\/p>\n<p><a href=\"https:\/\/solbi-mural.com\/fr\/rubans-adhesifs-une-face\/373-385-tesa-ruban-adhesif-anti-derapant-55589-60950-noir-rouleau-de-15m-x-25mm-4042448101600.html\" target=\"_blank\" rel=\"noopener\">https:\/\/solbi-mural.com\/fr\/rubans-adhesifs-une-face\/373-385-tesa-ruban-adhesif-anti-derapant-55589-60950-noir-rouleau-de-15m-x-25mm-4042448101600.html<\/a><\/p>\n<p>&nbsp;<\/p>\n<p><img fetchpriority=\"high\" decoding=\"async\" class=\"alignnone wp-image-4390 size-medium\" src=\"https:\/\/distribuidorcintastesa.es\/wp-content\/uploads\/2021\/10\/TESA-60950-2-300x300.jpg\" alt=\"Tesa 60950 Antid\u00e9rapant\" width=\"300\" height=\"300\" srcset=\"https:\/\/distribuidorcintastesa.es\/wp-content\/uploads\/2021\/10\/TESA-60950-2-300x300.jpg 300w, https:\/\/distribuidorcintastesa.es\/wp-content\/uploads\/2021\/10\/TESA-60950-2-150x150.jpg 150w, https:\/\/distribuidorcintastesa.es\/wp-content\/uploads\/2021\/10\/TESA-60950-2-600x600.jpg 600w, https:\/\/distribuidorcintastesa.es\/wp-content\/uploads\/2021\/10\/TESA-60950-2-100x100.jpg 100w, https:\/\/distribuidorcintastesa.es\/wp-content\/uploads\/2021\/10\/TESA-60950-2-64x64.jpg 64w, https:\/\/distribuidorcintastesa.es\/wp-content\/uploads\/2021\/10\/TESA-60950-2.jpg 768w\" sizes=\"(max-width: 300px) 100vw, 300px\" \/><\/p>\n<p>&nbsp;<\/p>\n<p><strong> Donn\u00e9es techniques Tesa 60950 Antid\u00e9rapant<\/strong><\/p>\n<table width=\"436\">\n<tbody>\n<tr>\n<td width=\"268\">Support<\/td>\n<td width=\"168\">PVC<\/td>\n<\/tr>\n<tr>\n<td>Type d&rsquo;adh\u00e9sif<\/td>\n<td>Acrylique<\/td>\n<\/tr>\n<tr>\n<td>R\u00e9sistance \u00e0 la traction [N\/cm]<\/td>\n<td>30<\/td>\n<\/tr>\n<tr>\n<td>Allongement \u00e0 la rupture [%]<\/td>\n<td>25<\/td>\n<\/tr>\n<tr>\n<td>Epaisseur du ruban [\u00b5m]<\/td>\n<td>720<\/td>\n<\/tr>\n<tr>\n<td>Epaisseur du protecteur [\u00b5m]<\/td>\n<td>180<\/td>\n<\/tr>\n<tr>\n<td>\u00c9paisseur totale [\u00b5m]<\/td>\n<td>900<\/td>\n<\/tr>\n<tr>\n<td>Adh\u00e9sion \/ acier [N\/cm]<\/td>\n<td>5.8<\/td>\n<\/tr>\n<tr>\n<td>R\u00e9sist. Roture [N\/cm]<\/td>\n<td>&#8212;<\/td>\n<\/tr>\n<tr>\n<td>R\u00e9sist. \u00e0 t\u00ba\u00a0 [\u00baC]<\/td>\n<td>-5 a +50<\/td>\n<\/tr>\n<\/tbody>\n<\/table>\n<p><strong>Caract\u00e9ristiques<\/strong><\/p>\n<table width=\"597\">\n<tbody>\n<tr>\n<td colspan=\"2\" width=\"393\">R\u00e9sistance chimique<\/td>\n<td colspan=\"2\" width=\"204\">+<\/td>\n<\/tr>\n<tr>\n<td colspan=\"2\">R\u00e9sistance \u00e0 l&rsquo;eau sal\u00e9e<\/td>\n<td colspan=\"2\">+<\/td>\n<\/tr>\n<tr>\n<td colspan=\"2\">Adapt\u00e9 \u00e0 la d\u00e9coupe<\/td>\n<td colspan=\"2\">Oui<\/td>\n<\/tr>\n<tr>\n<td colspan=\"2\">peut \u00eatre coup\u00e9 \u00e0 la main<\/td>\n<td colspan=\"2\">+<\/td>\n<\/tr>\n<\/tbody>\n<\/table>\n<table width=\"691\">\n<tbody>\n<tr>\n<td width=\"134\"><strong>PRODUIT<\/strong><\/td>\n<td width=\"134\"><strong>UNITE<\/strong><\/td>\n<td width=\"155\"><strong>EMBALLAGE<\/strong><\/td>\n<td width=\"134\"><strong>DIMENSIONS<\/strong><\/td>\n<td width=\"134\"><strong>COULEUR<\/strong><\/td>\n<\/tr>\n<tr>\n<td rowspan=\"4\" width=\"134\"><strong>60950<\/strong><\/td>\n<td width=\"134\">Rouleau<\/td>\n<td width=\"155\">36 Rouleaux\/Bo\u00eete<\/td>\n<td width=\"134\">25 mm x 15 mt<\/td>\n<td width=\"134\"><img decoding=\"async\" class=\"alignnone size-full wp-image-2996\" src=\"https:\/\/distribuidorcintastesa.es\/wp-content\/uploads\/2021\/02\/NEGRO_1.jpg\" alt=\"color NEGRO_1\" width=\"38\" height=\"19\" \/><\/td>\n<\/tr>\n<tr>\n<td width=\"134\">Rouleau<\/td>\n<td width=\"155\">18 Rouleaux\/Bo\u00eete<\/td>\n<td width=\"134\">50 mm x 15 mt<\/td>\n<td width=\"134\"><img decoding=\"async\" class=\"alignnone size-full wp-image-2996\" src=\"https:\/\/distribuidorcintastesa.es\/wp-content\/uploads\/2021\/02\/NEGRO_1.jpg\" alt=\"color NEGRO_1\" width=\"38\" height=\"19\" \/><\/td>\n<\/tr>\n<tr>\n<td width=\"134\">Rouleau<\/td>\n<td width=\"155\">9 Rouleaux\/Bo\u00eete<\/td>\n<td width=\"134\">100 mm x 15 mt<\/td>\n<td width=\"134\"><img decoding=\"async\" class=\"alignnone size-full wp-image-2996\" src=\"https:\/\/distribuidorcintastesa.es\/wp-content\/uploads\/2021\/02\/NEGRO_1.jpg\" alt=\"color NEGRO_1\" width=\"38\" height=\"19\" \/><\/td>\n<\/tr>\n<tr>\n<td width=\"134\">Rouleau<\/td>\n<td width=\"155\">1 Rouleau\/Bo\u00eete<\/td>\n<td width=\"134\">1000 mm x 15 mt<\/td>\n<td width=\"134\"><img decoding=\"async\" class=\"alignnone size-full wp-image-2996\" src=\"https:\/\/distribuidorcintastesa.es\/wp-content\/uploads\/2021\/02\/NEGRO_1.jpg\" alt=\"color NEGRO_1\" width=\"38\" height=\"19\" \/><\/td>\n<\/tr>\n<\/tbody>\n<\/table>\n<p><strong>Disponible dans notre magasin online<\/strong><\/p>\n<p><a href=\"https:\/\/solbi-mural.com\/fr\/rubans-adhesifs-une-face\/372-382-tesa-ruban-adhesif-anti-derapant-55589-60950-noir-rouleau-de-15m-x-50mm.html\" target=\"_blank\" rel=\"noopener\">https:\/\/solbi-mural.com\/fr\/rubans-adhesifs-une-face\/372-382-tesa-ruban-adhesif-anti-derapant-55589-60950-noir-rouleau-de-15m-x-50mm.html<\/a><\/p>\n<p><a href=\"https:\/\/solbi-mural.com\/fr\/rubans-adhesifs-une-face\/373-385-tesa-ruban-adhesif-anti-derapant-55589-60950-noir-rouleau-de-15m-x-25mm-4042448101600.html\" target=\"_blank\" rel=\"noopener\">https:\/\/solbi-mural.com\/fr\/rubans-adhesifs-une-face\/373-385-tesa-ruban-adhesif-anti-derapant-55589-60950-noir-rouleau-de-15m-x-25mm-4042448101600.html<\/a><\/p>\n","protected":false},"excerpt":{"rendered":"<p>Tesa 60950 Antid\u00e9rapant Le ruban adh\u00e9sif, Tesa\u00ae 60950 Non-Slip, est utilis\u00e9 aussi bien \u00e0 l&rsquo;int\u00e9rieur qu&rsquo;\u00e0 l&rsquo;ext\u00e9rieur, offrant une prise ferme dans les zones o\u00f9 la s\u00e9curit\u00e9 est primordiale. L&rsquo;association d&rsquo;un substrat PVC enduit d&rsquo;oxyde d&rsquo;aluminium et d&rsquo;un adh\u00e9sif acrylique offre un effet antid\u00e9rapant qui dure jusqu&rsquo;\u00e0 deux ans. Le ruban adh\u00e9sif antid\u00e9rapant tesa\u00ae 60950 [&hellip;]<\/p>\n","protected":false},"featured_media":4740,"template":"","meta":{"site-sidebar-layout":"default","site-content-layout":"","ast-site-content-layout":"default","site-content-style":"default","site-sidebar-style":"default","ast-global-header-display":"","ast-banner-title-visibility":"","ast-main-header-display":"","ast-hfb-above-header-display":"","ast-hfb-below-header-display":"","ast-hfb-mobile-header-display":"","site-post-title":"","ast-breadcrumbs-content":"","ast-featured-img":"","footer-sml-layout":"","ast-disable-related-posts":"","theme-transparent-header-meta":"","adv-header-id-meta":"","stick-header-meta":"","header-above-stick-meta":"","header-main-stick-meta":"","header-below-stick-meta":"","astra-migrate-meta-layouts":"default","ast-page-background-enabled":"default","ast-page-background-meta":{"desktop":{"background-color":"","background-image":"","background-repeat":"repeat","background-position":"center center","background-size":"auto","background-attachment":"scroll","background-type":"","background-media":"","overlay-type":"","overlay-color":"","overlay-opacity":"","overlay-gradient":""},"tablet":{"background-color":"","background-image":"","background-repeat":"repeat","background-position":"center center","background-size":"auto","background-attachment":"scroll","background-type":"","background-media":"","overlay-type":"","overlay-color":"","overlay-opacity":"","overlay-gradient":""},"mobile":{"background-color":"","background-image":"","background-repeat":"repeat","background-position":"center center","background-size":"auto","background-attachment":"scroll","background-type":"","background-media":"","overlay-type":"","overlay-color":"","overlay-opacity":"","overlay-gradient":""}},"ast-content-background-meta":{"desktop":{"background-color":"var(--ast-global-color-5)","background-image":"","background-repeat":"repeat","background-position":"center center","background-size":"auto","background-attachment":"scroll","background-type":"","background-media":"","overlay-type":"","overlay-color":"","overlay-opacity":"","overlay-gradient":""},"tablet":{"background-color":"var(--ast-global-color-5)","background-image":"","background-repeat":"repeat","background-position":"center center","background-size":"auto","background-attachment":"scroll","background-type":"","background-media":"","overlay-type":"","overlay-color":"","overlay-opacity":"","overlay-gradient":""},"mobile":{"background-color":"var(--ast-global-color-5)","background-image":"","background-repeat":"repeat","background-position":"center center","background-size":"auto","background-attachment":"scroll","background-type":"","background-media":"","overlay-type":"","overlay-color":"","overlay-opacity":"","overlay-gradient":""}}},"product_brand":[],"product_cat":[90],"product_tag":[],"class_list":{"0":"post-4382","1":"product","2":"type-product","3":"status-publish","4":"has-post-thumbnail","6":"product_cat-solution-de-securite-et-signalisation","7":"desktop-align-center","8":"tablet-align-center","9":"mobile-align-center","11":"first","12":"instock","13":"shipping-taxable","14":"product-type-simple"},"yoast_head":"<!-- This site is optimized with the Yoast SEO Premium plugin v27.2 (Yoast SEO v27.2) - https:\/\/yoast.com\/product\/yoast-seo-premium-wordpress\/ -->\n<title>Tesa 60950 Antid\u00e9rapant Solutions s\u00e9curit\u00e9 signalisation<\/title>\n<meta name=\"description\" content=\"Tesa 60950 Antid\u00e9rapant Solutions s\u00e9curit\u00e9 signalisation Solutions pour la s\u00e9curit\u00e9 et la signalisation Disponible dans notre magasin online\" \/>\n<meta name=\"robots\" content=\"index, follow, max-snippet:-1, max-image-preview:large, max-video-preview:-1\" \/>\n<link rel=\"canonical\" href=\"https:\/\/distribuidorcintastesa.es\/fr\/producto\/tesa-60950-antiderapant-solutions-securite-signalisation\/\" \/>\n<meta property=\"og:locale\" content=\"fr_FR\" \/>\n<meta property=\"og:type\" content=\"article\" \/>\n<meta property=\"og:title\" content=\"Tesa\u00ae 60950 Antid\u00e9rapant\" \/>\n<meta property=\"og:description\" content=\"Tesa 60950 Antid\u00e9rapant Solutions s\u00e9curit\u00e9 signalisation Solutions pour la s\u00e9curit\u00e9 et la signalisation Disponible dans notre magasin online\" \/>\n<meta property=\"og:url\" content=\"https:\/\/distribuidorcintastesa.es\/fr\/producto\/tesa-60950-antiderapant-solutions-securite-signalisation\/\" \/>\n<meta property=\"og:site_name\" content=\"Distribuidor de cintas tesa, cintas tesa, tesa cintas, distribuidor tesa, tesa productos, productos tesa, tesa distribuidores, http:\/\/www.http:\/\/distribuidorcintas3m.es, Mejores ofertas en cintas\" \/>\n<meta property=\"article:modified_time\" content=\"2022-02-11T10:04:42+00:00\" \/>\n<meta property=\"og:image\" content=\"https:\/\/distribuidorcintastesa.es\/wp-content\/uploads\/2021\/10\/TESA-60950-1.jpg\" \/>\n\t<meta property=\"og:image:width\" content=\"596\" \/>\n\t<meta property=\"og:image:height\" content=\"577\" \/>\n\t<meta property=\"og:image:type\" content=\"image\/jpeg\" \/>\n<meta name=\"twitter:card\" content=\"summary_large_image\" \/>\n<meta name=\"twitter:label1\" content=\"Dur\u00e9e de lecture estim\u00e9e\" \/>\n\t<meta name=\"twitter:data1\" content=\"3 minutes\" \/>\n<script type=\"application\/ld+json\" class=\"yoast-schema-graph\">{\"@context\":\"https:\/\/schema.org\",\"@graph\":[{\"@type\":\"WebPage\",\"@id\":\"https:\/\/distribuidorcintastesa.es\/fr\/producto\/tesa-60950-antiderapant-solutions-securite-signalisation\/\",\"url\":\"https:\/\/distribuidorcintastesa.es\/fr\/producto\/tesa-60950-antiderapant-solutions-securite-signalisation\/\",\"name\":\"Tesa 60950 Antid\u00e9rapant Solutions s\u00e9curit\u00e9 signalisation\",\"isPartOf\":{\"@id\":\"https:\/\/distribuidorcintastesa.es\/fr\/#website\"},\"primaryImageOfPage\":{\"@id\":\"https:\/\/distribuidorcintastesa.es\/fr\/producto\/tesa-60950-antiderapant-solutions-securite-signalisation\/#primaryimage\"},\"image\":{\"@id\":\"https:\/\/distribuidorcintastesa.es\/fr\/producto\/tesa-60950-antiderapant-solutions-securite-signalisation\/#primaryimage\"},\"thumbnailUrl\":\"https:\/\/distribuidorcintastesa.es\/wp-content\/uploads\/2021\/10\/TESA-60950-1.jpg\",\"datePublished\":\"2021-10-22T10:38:32+00:00\",\"dateModified\":\"2022-02-11T10:04:42+00:00\",\"description\":\"Tesa 60950 Antid\u00e9rapant Solutions s\u00e9curit\u00e9 signalisation Solutions pour la s\u00e9curit\u00e9 et la signalisation Disponible dans notre magasin online\",\"breadcrumb\":{\"@id\":\"https:\/\/distribuidorcintastesa.es\/fr\/producto\/tesa-60950-antiderapant-solutions-securite-signalisation\/#breadcrumb\"},\"inLanguage\":\"fr-FR\",\"potentialAction\":[{\"@type\":\"ReadAction\",\"target\":[\"https:\/\/distribuidorcintastesa.es\/fr\/producto\/tesa-60950-antiderapant-solutions-securite-signalisation\/\"]}]},{\"@type\":\"ImageObject\",\"inLanguage\":\"fr-FR\",\"@id\":\"https:\/\/distribuidorcintastesa.es\/fr\/producto\/tesa-60950-antiderapant-solutions-securite-signalisation\/#primaryimage\",\"url\":\"https:\/\/distribuidorcintastesa.es\/wp-content\/uploads\/2021\/10\/TESA-60950-1.jpg\",\"contentUrl\":\"https:\/\/distribuidorcintastesa.es\/wp-content\/uploads\/2021\/10\/TESA-60950-1.jpg\",\"width\":596,\"height\":577,\"caption\":\"Tesa 60950 Antid\u00e9rapant\"},{\"@type\":\"BreadcrumbList\",\"@id\":\"https:\/\/distribuidorcintastesa.es\/fr\/producto\/tesa-60950-antiderapant-solutions-securite-signalisation\/#breadcrumb\",\"itemListElement\":[{\"@type\":\"ListItem\",\"position\":1,\"name\":\"Portada\",\"item\":\"https:\/\/distribuidorcintastesa.es\/fr\/\"},{\"@type\":\"ListItem\",\"position\":2,\"name\":\"Produits\",\"item\":\"https:\/\/distribuidorcintastesa.es\/fr\/produits\/\"},{\"@type\":\"ListItem\",\"position\":3,\"name\":\"Tesa\u00ae 60950 Antid\u00e9rapant\"}]},{\"@type\":\"WebSite\",\"@id\":\"https:\/\/distribuidorcintastesa.es\/fr\/#website\",\"url\":\"https:\/\/distribuidorcintastesa.es\/fr\/\",\"name\":\"Distribuidor de cintas tesa\",\"description\":\"Distribuidor de cintas tesa, cintas tesa, tesa cintas, distribuidor tesa, tesa productos, productos tesa, tesa distribuidores, cintas y adhesivos, tesa cinta doble cara, cinta tesa doble cara, adhesivos tesa, cinta antideslizante, velcro tesa, cinta reflectante, tesa supergen, softprint, cinta doble cara tesa, selladores y adhesivos, cintas adhesivas de doble cara, cintas de aluminio, cintas de vinilo para se\u00f1alizaci\u00f3n, cintas de tela americanas, cintas de papel para enmascarar, cintas para embalaje\",\"publisher\":{\"@id\":\"https:\/\/distribuidorcintastesa.es\/fr\/#organization\"},\"potentialAction\":[{\"@type\":\"SearchAction\",\"target\":{\"@type\":\"EntryPoint\",\"urlTemplate\":\"https:\/\/distribuidorcintastesa.es\/fr\/?s={search_term_string}\"},\"query-input\":{\"@type\":\"PropertyValueSpecification\",\"valueRequired\":true,\"valueName\":\"search_term_string\"}}],\"inLanguage\":\"fr-FR\"},{\"@type\":\"Organization\",\"@id\":\"https:\/\/distribuidorcintastesa.es\/fr\/#organization\",\"name\":\"Distribuidor de cintas tesa\",\"url\":\"https:\/\/distribuidorcintastesa.es\/fr\/\",\"logo\":{\"@type\":\"ImageObject\",\"inLanguage\":\"fr-FR\",\"@id\":\"https:\/\/distribuidorcintastesa.es\/fr\/#\/schema\/logo\/image\/\",\"url\":\"https:\/\/distribuidorcintastesa.es\/wp-content\/uploads\/2022\/10\/logo-espanol-portugues.png\",\"contentUrl\":\"https:\/\/distribuidorcintastesa.es\/wp-content\/uploads\/2022\/10\/logo-espanol-portugues.png\",\"width\":871,\"height\":142,\"caption\":\"Distribuidor de cintas tesa\"},\"image\":{\"@id\":\"https:\/\/distribuidorcintastesa.es\/fr\/#\/schema\/logo\/image\/\"},\"sameAs\":[\"https:\/\/muralsrd.com\/\",\"https:\/\/solbi-mural.com\/es\/\",\"https:\/\/distribuidor-cintas-adhesivas.es\",\"https:\/\/www.instagram.com\/solbimural\/?igsh=ZnR6ZmkzZm1ubWhl\"]}]}<\/script>\n<!-- \/ Yoast SEO Premium plugin. -->","yoast_head_json":{"title":"Tesa 60950 Antid\u00e9rapant Solutions s\u00e9curit\u00e9 signalisation","description":"Tesa 60950 Antid\u00e9rapant Solutions s\u00e9curit\u00e9 signalisation Solutions pour la s\u00e9curit\u00e9 et la signalisation Disponible dans notre magasin online","robots":{"index":"index","follow":"follow","max-snippet":"max-snippet:-1","max-image-preview":"max-image-preview:large","max-video-preview":"max-video-preview:-1"},"canonical":"https:\/\/distribuidorcintastesa.es\/fr\/producto\/tesa-60950-antiderapant-solutions-securite-signalisation\/","og_locale":"fr_FR","og_type":"article","og_title":"Tesa\u00ae 60950 Antid\u00e9rapant","og_description":"Tesa 60950 Antid\u00e9rapant Solutions s\u00e9curit\u00e9 signalisation Solutions pour la s\u00e9curit\u00e9 et la signalisation Disponible dans notre magasin online","og_url":"https:\/\/distribuidorcintastesa.es\/fr\/producto\/tesa-60950-antiderapant-solutions-securite-signalisation\/","og_site_name":"Distribuidor de cintas tesa, cintas tesa, tesa cintas, distribuidor tesa, tesa productos, productos tesa, tesa distribuidores, http:\/\/www.http:\/\/distribuidorcintas3m.es, Mejores ofertas en cintas","article_modified_time":"2022-02-11T10:04:42+00:00","og_image":[{"width":596,"height":577,"url":"https:\/\/distribuidorcintastesa.es\/wp-content\/uploads\/2021\/10\/TESA-60950-1.jpg","type":"image\/jpeg"}],"twitter_card":"summary_large_image","twitter_misc":{"Dur\u00e9e de lecture estim\u00e9e":"3 minutes"},"schema":{"@context":"https:\/\/schema.org","@graph":[{"@type":"WebPage","@id":"https:\/\/distribuidorcintastesa.es\/fr\/producto\/tesa-60950-antiderapant-solutions-securite-signalisation\/","url":"https:\/\/distribuidorcintastesa.es\/fr\/producto\/tesa-60950-antiderapant-solutions-securite-signalisation\/","name":"Tesa 60950 Antid\u00e9rapant Solutions s\u00e9curit\u00e9 signalisation","isPartOf":{"@id":"https:\/\/distribuidorcintastesa.es\/fr\/#website"},"primaryImageOfPage":{"@id":"https:\/\/distribuidorcintastesa.es\/fr\/producto\/tesa-60950-antiderapant-solutions-securite-signalisation\/#primaryimage"},"image":{"@id":"https:\/\/distribuidorcintastesa.es\/fr\/producto\/tesa-60950-antiderapant-solutions-securite-signalisation\/#primaryimage"},"thumbnailUrl":"https:\/\/distribuidorcintastesa.es\/wp-content\/uploads\/2021\/10\/TESA-60950-1.jpg","datePublished":"2021-10-22T10:38:32+00:00","dateModified":"2022-02-11T10:04:42+00:00","description":"Tesa 60950 Antid\u00e9rapant Solutions s\u00e9curit\u00e9 signalisation Solutions pour la s\u00e9curit\u00e9 et la signalisation Disponible dans notre magasin online","breadcrumb":{"@id":"https:\/\/distribuidorcintastesa.es\/fr\/producto\/tesa-60950-antiderapant-solutions-securite-signalisation\/#breadcrumb"},"inLanguage":"fr-FR","potentialAction":[{"@type":"ReadAction","target":["https:\/\/distribuidorcintastesa.es\/fr\/producto\/tesa-60950-antiderapant-solutions-securite-signalisation\/"]}]},{"@type":"ImageObject","inLanguage":"fr-FR","@id":"https:\/\/distribuidorcintastesa.es\/fr\/producto\/tesa-60950-antiderapant-solutions-securite-signalisation\/#primaryimage","url":"https:\/\/distribuidorcintastesa.es\/wp-content\/uploads\/2021\/10\/TESA-60950-1.jpg","contentUrl":"https:\/\/distribuidorcintastesa.es\/wp-content\/uploads\/2021\/10\/TESA-60950-1.jpg","width":596,"height":577,"caption":"Tesa 60950 Antid\u00e9rapant"},{"@type":"BreadcrumbList","@id":"https:\/\/distribuidorcintastesa.es\/fr\/producto\/tesa-60950-antiderapant-solutions-securite-signalisation\/#breadcrumb","itemListElement":[{"@type":"ListItem","position":1,"name":"Portada","item":"https:\/\/distribuidorcintastesa.es\/fr\/"},{"@type":"ListItem","position":2,"name":"Produits","item":"https:\/\/distribuidorcintastesa.es\/fr\/produits\/"},{"@type":"ListItem","position":3,"name":"Tesa\u00ae 60950 Antid\u00e9rapant"}]},{"@type":"WebSite","@id":"https:\/\/distribuidorcintastesa.es\/fr\/#website","url":"https:\/\/distribuidorcintastesa.es\/fr\/","name":"Distribuidor de cintas tesa","description":"Distribuidor de cintas tesa, cintas tesa, tesa cintas, distribuidor tesa, tesa productos, productos tesa, tesa distribuidores, cintas y adhesivos, tesa cinta doble cara, cinta tesa doble cara, adhesivos tesa, cinta antideslizante, velcro tesa, cinta reflectante, tesa supergen, softprint, cinta doble cara tesa, selladores y adhesivos, cintas adhesivas de doble cara, cintas de aluminio, cintas de vinilo para se\u00f1alizaci\u00f3n, cintas de tela americanas, cintas de papel para enmascarar, cintas para embalaje","publisher":{"@id":"https:\/\/distribuidorcintastesa.es\/fr\/#organization"},"potentialAction":[{"@type":"SearchAction","target":{"@type":"EntryPoint","urlTemplate":"https:\/\/distribuidorcintastesa.es\/fr\/?s={search_term_string}"},"query-input":{"@type":"PropertyValueSpecification","valueRequired":true,"valueName":"search_term_string"}}],"inLanguage":"fr-FR"},{"@type":"Organization","@id":"https:\/\/distribuidorcintastesa.es\/fr\/#organization","name":"Distribuidor de cintas tesa","url":"https:\/\/distribuidorcintastesa.es\/fr\/","logo":{"@type":"ImageObject","inLanguage":"fr-FR","@id":"https:\/\/distribuidorcintastesa.es\/fr\/#\/schema\/logo\/image\/","url":"https:\/\/distribuidorcintastesa.es\/wp-content\/uploads\/2022\/10\/logo-espanol-portugues.png","contentUrl":"https:\/\/distribuidorcintastesa.es\/wp-content\/uploads\/2022\/10\/logo-espanol-portugues.png","width":871,"height":142,"caption":"Distribuidor de cintas tesa"},"image":{"@id":"https:\/\/distribuidorcintastesa.es\/fr\/#\/schema\/logo\/image\/"},"sameAs":["https:\/\/muralsrd.com\/","https:\/\/solbi-mural.com\/es\/","https:\/\/distribuidor-cintas-adhesivas.es","https:\/\/www.instagram.com\/solbimural\/?igsh=ZnR6ZmkzZm1ubWhl"]}]}},"_links":{"self":[{"href":"https:\/\/distribuidorcintastesa.es\/fr\/wp-json\/wp\/v2\/product\/4382","targetHints":{"allow":["GET"]}}],"collection":[{"href":"https:\/\/distribuidorcintastesa.es\/fr\/wp-json\/wp\/v2\/product"}],"about":[{"href":"https:\/\/distribuidorcintastesa.es\/fr\/wp-json\/wp\/v2\/types\/product"}],"wp:featuredmedia":[{"embeddable":true,"href":"https:\/\/distribuidorcintastesa.es\/fr\/wp-json\/wp\/v2\/media\/4740"}],"wp:attachment":[{"href":"https:\/\/distribuidorcintastesa.es\/fr\/wp-json\/wp\/v2\/media?parent=4382"}],"wp:term":[{"taxonomy":"product_brand","embeddable":true,"href":"https:\/\/distribuidorcintastesa.es\/fr\/wp-json\/wp\/v2\/product_brand?post=4382"},{"taxonomy":"product_cat","embeddable":true,"href":"https:\/\/distribuidorcintastesa.es\/fr\/wp-json\/wp\/v2\/product_cat?post=4382"},{"taxonomy":"product_tag","embeddable":true,"href":"https:\/\/distribuidorcintastesa.es\/fr\/wp-json\/wp\/v2\/product_tag?post=4382"}],"curies":[{"name":"wp","href":"https:\/\/api.w.org\/{rel}","templated":true}]}}