{"id":4334,"date":"2021-10-21T11:43:36","date_gmt":"2021-10-21T11:43:36","guid":{"rendered":"https:\/\/distribuidorcintastesa.es\/?post_type=product&#038;p=4334"},"modified":"2022-02-10T14:20:39","modified_gmt":"2022-02-10T14:20:39","slug":"tesa-4316-krepp-moyenne-temperature-peinture-solutions-masquage","status":"publish","type":"product","link":"https:\/\/distribuidorcintastesa.es\/fr\/producto\/tesa-4316-krepp-moyenne-temperature-peinture-solutions-masquage\/","title":{"rendered":"Tesa\u00ae 4316 Krepp 100\u00baC &#8211; Temp\u00e9rature moyenne"},"content":{"rendered":"<p><strong>Tesa 4316 Krepp 100\u00baC \u2013 Moyenne temp\u00e9rature<\/strong><\/p>\n<p>&nbsp;<\/p>\n<p>Tesa\u00ae 4316 Krepp 100\u00baC \u2013 Moyenne temp\u00e9rature, est un ruban de masquage en papier cr\u00eape doux. Le produit est fin et flexible et donc id\u00e9al pour toutes les applications de masquage g\u00e9n\u00e9rales ainsi que les applications s\u00e8ches au four jusqu&rsquo;\u00e0 une temp\u00e9rature de 100\u00b0C.<\/p>\n<p>\u2013 Masquage des m\u00e9taux peints, du caoutchouc, du verre et des pi\u00e8ces chrom\u00e9es.<br \/>\n\u2013 R\u00e9sistant \u00e0 des temp\u00e9ratures jusqu&rsquo;\u00e0 100\u00baC.<br \/>\n\u2013 L\u00e9g\u00e8rement cr\u00eap\u00e9, fin et souple.<\/p>\n<p><strong>applications principales<\/strong><\/p>\n<p>Le produit est r\u00e9sistant au sablage humide. Les peintures et mastics adh\u00e8rent bien au support.<br \/>\nLe mat\u00e9riau peut \u00eatre utilis\u00e9 sur le m\u00e9tal peint, le caoutchouc, le verre et les pi\u00e8ces chrom\u00e9es.<\/p>\n<p>&nbsp;<\/p>\n<p><img fetchpriority=\"high\" decoding=\"async\" class=\"alignnone wp-image-4342 size-medium\" src=\"https:\/\/distribuidorcintastesa.es\/wp-content\/uploads\/2021\/10\/tesa-4316-300x169.jpg\" alt=\"Tesa 4316 Krepp 100\u00baC \u2013 Moyenne temp\u00e9rature\" width=\"300\" height=\"169\" srcset=\"https:\/\/distribuidorcintastesa.es\/wp-content\/uploads\/2021\/10\/tesa-4316-300x169.jpg 300w, https:\/\/distribuidorcintastesa.es\/wp-content\/uploads\/2021\/10\/tesa-4316-600x338.jpg 600w, https:\/\/distribuidorcintastesa.es\/wp-content\/uploads\/2021\/10\/tesa-4316-64x36.jpg 64w, https:\/\/distribuidorcintastesa.es\/wp-content\/uploads\/2021\/10\/tesa-4316.jpg 608w\" sizes=\"(max-width: 300px) 100vw, 300px\" \/><\/p>\n<p>&nbsp;<\/p>\n<p><a href=\"https:\/\/solbi-mural.com\/fr\/32-tesa-rubans-une-face\" target=\"_blank\" rel=\"noopener\">Disponible dans notre magasin online<\/a><\/p>\n<p>&nbsp;<\/p>\n<p><strong> Donn\u00e9es techniques Tesa 4316 Krepp 100\u00baC \u2013 Moyenne temp\u00e9rature<\/strong><\/p>\n<table width=\"409\">\n<tbody>\n<tr>\n<td width=\"202\"><strong>Support<\/strong><\/td>\n<td width=\"207\">Papier cr\u00e9pon<\/td>\n<\/tr>\n<tr>\n<td><strong>\u00c9paisseur totale [\u00b5m]<\/strong><\/td>\n<td>140<\/td>\n<\/tr>\n<tr>\n<td><strong>Adh\u00e9sion \/ acier [N\/cm]<\/strong><\/td>\n<td>3,4<\/td>\n<\/tr>\n<tr>\n<td><strong>R\u00e9sist. roture [N\/cm]<\/strong><\/td>\n<td>38<\/td>\n<\/tr>\n<tr>\n<td><strong>Resist. \u00e0 temp. [\u00baC]<\/strong><\/td>\n<td>110\/1h<\/td>\n<\/tr>\n<\/tbody>\n<\/table>\n<table width=\"691\">\n<tbody>\n<tr>\n<td width=\"134\"><strong>PRODUIT<\/strong><\/td>\n<td width=\"134\"><strong>UNITE<\/strong><\/td>\n<td width=\"155\"><strong>EMBALLAGE<\/strong><\/td>\n<td width=\"134\"><strong>DIMENSIONS<\/strong><\/td>\n<td width=\"134\"><strong>COULEUR<\/strong><\/td>\n<\/tr>\n<tr>\n<td rowspan=\"13\" width=\"134\"><strong>4316<\/strong><\/td>\n<td width=\"134\">Rouleau<\/td>\n<td width=\"155\">192 Rouleaux\/Bo\u00eete<\/td>\n<td width=\"134\">9 mm x 50 mt<\/td>\n<td width=\"134\"><img decoding=\"async\" class=\"alignnone wp-image-4338 size-full\" src=\"https:\/\/distribuidorcintastesa.es\/wp-content\/uploads\/2021\/10\/AMARILLO-2.jpg\" alt=\"Tesa 4316 Krepp 100\u00baC \u2013 Moyenne temp\u00e9rature\" width=\"38\" height=\"19\" \/><\/td>\n<\/tr>\n<tr>\n<td width=\"134\">Rouleau<\/td>\n<td width=\"155\">144 Rouleaux\/Bo\u00eete<\/td>\n<td width=\"134\">12 mm x 50 mt<\/td>\n<td width=\"134\"><img decoding=\"async\" class=\"alignnone wp-image-4338 size-full\" src=\"https:\/\/distribuidorcintastesa.es\/wp-content\/uploads\/2021\/10\/AMARILLO-2.jpg\" alt=\"Tesa 4316 Krepp 100\u00baC \u2013 Moyenne temp\u00e9rature\" width=\"38\" height=\"19\" \/><\/td>\n<\/tr>\n<tr>\n<td width=\"134\">Rouleau<\/td>\n<td width=\"155\">120 Rouleaux\/Bo\u00eete<\/td>\n<td width=\"134\">15 mm x 50 mt<\/td>\n<td width=\"134\"><img decoding=\"async\" class=\"alignnone wp-image-4338 size-full\" src=\"https:\/\/distribuidorcintastesa.es\/wp-content\/uploads\/2021\/10\/AMARILLO-2.jpg\" alt=\"Tesa 4316 Krepp 100\u00baC \u2013 Moyenne temp\u00e9rature\" width=\"38\" height=\"19\" \/><\/td>\n<\/tr>\n<tr>\n<td width=\"134\">Rouleau<\/td>\n<td width=\"155\">96 Rouleaux\/Bo\u00eete<\/td>\n<td width=\"134\">19 mm x 50 mt<\/td>\n<td width=\"134\"><img decoding=\"async\" class=\"alignnone size-full wp-image-4338\" src=\"https:\/\/distribuidorcintastesa.es\/wp-content\/uploads\/2021\/10\/AMARILLO-2.jpg\" alt=\"\" width=\"38\" height=\"19\" \/><\/td>\n<\/tr>\n<tr>\n<td width=\"134\">Rouleau<\/td>\n<td width=\"155\">72 Rouleaux\/Bo\u00eete<\/td>\n<td width=\"134\">25 mm x 50 mt<\/td>\n<td width=\"134\"><img decoding=\"async\" class=\"alignnone size-full wp-image-4338\" src=\"https:\/\/distribuidorcintastesa.es\/wp-content\/uploads\/2021\/10\/AMARILLO-2.jpg\" alt=\"\" width=\"38\" height=\"19\" \/><\/td>\n<\/tr>\n<tr>\n<td width=\"134\">Rouleau<\/td>\n<td width=\"155\">60 Rouleaux\/Bo\u00eete<\/td>\n<td width=\"134\">30 mm x 50 mt<\/td>\n<td width=\"134\"><img decoding=\"async\" class=\"alignnone size-full wp-image-4338\" src=\"https:\/\/distribuidorcintastesa.es\/wp-content\/uploads\/2021\/10\/AMARILLO-2.jpg\" alt=\"\" width=\"38\" height=\"19\" \/><\/td>\n<\/tr>\n<tr>\n<td width=\"134\">Rouleau<\/td>\n<td width=\"155\">48 Rouleaux\/Bo\u00eete<\/td>\n<td width=\"134\">38 mm x 50 mt<\/td>\n<td width=\"134\"><img decoding=\"async\" class=\"alignnone size-full wp-image-4338\" src=\"https:\/\/distribuidorcintastesa.es\/wp-content\/uploads\/2021\/10\/AMARILLO-2.jpg\" alt=\"\" width=\"38\" height=\"19\" \/><\/td>\n<\/tr>\n<tr>\n<td width=\"134\">Rouleau<\/td>\n<td width=\"155\">36 Rouleaux\/Bo\u00eete<\/td>\n<td width=\"134\">50 mm x 50 mt<\/td>\n<td width=\"134\"><img decoding=\"async\" class=\"alignnone size-full wp-image-4338\" src=\"https:\/\/distribuidorcintastesa.es\/wp-content\/uploads\/2021\/10\/AMARILLO-2.jpg\" alt=\"\" width=\"38\" height=\"19\" \/><\/td>\n<\/tr>\n<tr>\n<td width=\"134\">Rouleau<\/td>\n<td width=\"155\">30 Rouleaux\/Bo\u00eete<\/td>\n<td width=\"134\">60 mm x 50 mt<\/td>\n<td width=\"134\"><img decoding=\"async\" class=\"alignnone size-full wp-image-4338\" src=\"https:\/\/distribuidorcintastesa.es\/wp-content\/uploads\/2021\/10\/AMARILLO-2.jpg\" alt=\"\" width=\"38\" height=\"19\" \/><\/td>\n<\/tr>\n<tr>\n<td width=\"134\">Rouleau<\/td>\n<td width=\"155\">24 Rouleaux\/Bo\u00eete<\/td>\n<td width=\"134\">75 mm x 50 mt<\/td>\n<td width=\"134\"><img decoding=\"async\" class=\"alignnone size-full wp-image-4338\" src=\"https:\/\/distribuidorcintastesa.es\/wp-content\/uploads\/2021\/10\/AMARILLO-2.jpg\" alt=\"\" width=\"38\" height=\"19\" \/><\/td>\n<\/tr>\n<tr>\n<td width=\"134\">Rouleau<\/td>\n<td width=\"155\">18 Rouleaux\/Bo\u00eete<\/td>\n<td width=\"134\">100 mm x 50 mt<\/td>\n<td width=\"134\"><img decoding=\"async\" class=\"alignnone size-full wp-image-4338\" src=\"https:\/\/distribuidorcintastesa.es\/wp-content\/uploads\/2021\/10\/AMARILLO-2.jpg\" alt=\"\" width=\"38\" height=\"19\" \/><\/td>\n<\/tr>\n<tr>\n<td width=\"134\">Rouleau<\/td>\n<td width=\"155\">1 Rouleau\/Bo\u00eete<\/td>\n<td width=\"134\">1600 mm x 50 mt\u00a0 (Coupe)<\/td>\n<td width=\"134\"><img decoding=\"async\" class=\"alignnone size-full wp-image-4338\" src=\"https:\/\/distribuidorcintastesa.es\/wp-content\/uploads\/2021\/10\/AMARILLO-2.jpg\" alt=\"\" width=\"38\" height=\"19\" \/><\/td>\n<\/tr>\n<tr>\n<td width=\"134\">Rouleau<\/td>\n<td width=\"155\">12 Rouleaux\/Bo\u00eete<\/td>\n<td width=\"134\">1600 mm x 50 mt<\/td>\n<td width=\"134\"><img decoding=\"async\" class=\"alignnone size-full wp-image-4338\" src=\"https:\/\/distribuidorcintastesa.es\/wp-content\/uploads\/2021\/10\/AMARILLO-2.jpg\" alt=\"\" width=\"38\" height=\"19\" \/><\/td>\n<\/tr>\n<\/tbody>\n<\/table>\n<p><a href=\"https:\/\/solbi-mural.com\/fr\/32-tesa-rubans-une-face\" target=\"_blank\" rel=\"noopener\">Disponible dans notre magasin online<\/a><\/p>\n","protected":false},"excerpt":{"rendered":"<p>Tesa 4316 Krepp 100\u00baC \u2013 Moyenne temp\u00e9rature &nbsp; Tesa\u00ae 4316 Krepp 100\u00baC \u2013 Moyenne temp\u00e9rature, est un ruban de masquage en papier cr\u00eape doux. Le produit est fin et flexible et donc id\u00e9al pour toutes les applications de masquage g\u00e9n\u00e9rales ainsi que les applications s\u00e8ches au four jusqu&rsquo;\u00e0 une temp\u00e9rature de 100\u00b0C. \u2013 Masquage des [&hellip;]<\/p>\n","protected":false},"featured_media":4346,"template":"","meta":{"site-sidebar-layout":"default","site-content-layout":"","ast-site-content-layout":"default","site-content-style":"default","site-sidebar-style":"default","ast-global-header-display":"","ast-banner-title-visibility":"","ast-main-header-display":"","ast-hfb-above-header-display":"","ast-hfb-below-header-display":"","ast-hfb-mobile-header-display":"","site-post-title":"","ast-breadcrumbs-content":"","ast-featured-img":"","footer-sml-layout":"","ast-disable-related-posts":"","theme-transparent-header-meta":"","adv-header-id-meta":"","stick-header-meta":"","header-above-stick-meta":"","header-main-stick-meta":"","header-below-stick-meta":"","astra-migrate-meta-layouts":"default","ast-page-background-enabled":"default","ast-page-background-meta":{"desktop":{"background-color":"","background-image":"","background-repeat":"repeat","background-position":"center center","background-size":"auto","background-attachment":"scroll","background-type":"","background-media":"","overlay-type":"","overlay-color":"","overlay-opacity":"","overlay-gradient":""},"tablet":{"background-color":"","background-image":"","background-repeat":"repeat","background-position":"center center","background-size":"auto","background-attachment":"scroll","background-type":"","background-media":"","overlay-type":"","overlay-color":"","overlay-opacity":"","overlay-gradient":""},"mobile":{"background-color":"","background-image":"","background-repeat":"repeat","background-position":"center center","background-size":"auto","background-attachment":"scroll","background-type":"","background-media":"","overlay-type":"","overlay-color":"","overlay-opacity":"","overlay-gradient":""}},"ast-content-background-meta":{"desktop":{"background-color":"var(--ast-global-color-5)","background-image":"","background-repeat":"repeat","background-position":"center center","background-size":"auto","background-attachment":"scroll","background-type":"","background-media":"","overlay-type":"","overlay-color":"","overlay-opacity":"","overlay-gradient":""},"tablet":{"background-color":"var(--ast-global-color-5)","background-image":"","background-repeat":"repeat","background-position":"center center","background-size":"auto","background-attachment":"scroll","background-type":"","background-media":"","overlay-type":"","overlay-color":"","overlay-opacity":"","overlay-gradient":""},"mobile":{"background-color":"var(--ast-global-color-5)","background-image":"","background-repeat":"repeat","background-position":"center center","background-size":"auto","background-attachment":"scroll","background-type":"","background-media":"","overlay-type":"","overlay-color":"","overlay-opacity":"","overlay-gradient":""}}},"product_brand":[],"product_cat":[193,187],"product_tag":[],"class_list":{"0":"post-4334","1":"product","2":"type-product","3":"status-publish","4":"has-post-thumbnail","6":"product_cat-bande-pour-peinture","7":"product_cat-solutions-de-masquage","8":"desktop-align-center","9":"tablet-align-center","10":"mobile-align-center","12":"first","13":"instock","14":"shipping-taxable","15":"product-type-simple"},"yoast_head":"<!-- This site is optimized with the Yoast SEO Premium plugin v27.2 (Yoast SEO v27.2) - https:\/\/yoast.com\/product\/yoast-seo-premium-wordpress\/ -->\n<title>Tesa 4316 Krepp Moyenne temp\u00e9rature Peinture Solutions masquage<\/title>\n<meta name=\"description\" content=\"Tesa 4316 Krepp Moyenne temp\u00e9rature Peinture Solutions masquage. R\u00e9sistant \u00e0 des temp\u00e9ratures jusqu&#039;\u00e0 100\u00baC. Disponible magasin online\" \/>\n<meta name=\"robots\" content=\"index, follow, max-snippet:-1, max-image-preview:large, max-video-preview:-1\" \/>\n<link rel=\"canonical\" href=\"https:\/\/distribuidorcintastesa.es\/fr\/producto\/tesa-4316-krepp-moyenne-temperature-peinture-solutions-masquage\/\" \/>\n<meta property=\"og:locale\" content=\"fr_FR\" \/>\n<meta property=\"og:type\" content=\"article\" \/>\n<meta property=\"og:title\" content=\"Tesa\u00ae 4316 Krepp 100\u00baC - Temp\u00e9rature moyenne\" \/>\n<meta property=\"og:description\" content=\"Tesa 4316 Krepp Moyenne temp\u00e9rature Peinture Solutions masquage. R\u00e9sistant \u00e0 des temp\u00e9ratures jusqu&#039;\u00e0 100\u00baC. Disponible magasin online\" \/>\n<meta property=\"og:url\" content=\"https:\/\/distribuidorcintastesa.es\/fr\/producto\/tesa-4316-krepp-moyenne-temperature-peinture-solutions-masquage\/\" \/>\n<meta property=\"og:site_name\" content=\"Distribuidor de cintas tesa, cintas tesa, tesa cintas, distribuidor tesa, tesa productos, productos tesa, tesa distribuidores, http:\/\/www.http:\/\/distribuidorcintas3m.es, Mejores ofertas en cintas\" \/>\n<meta property=\"article:modified_time\" content=\"2022-02-10T14:20:39+00:00\" \/>\n<meta property=\"og:image\" content=\"https:\/\/distribuidorcintastesa.es\/wp-content\/uploads\/2021\/10\/tesa-cinta-de-enmascarado-tesakrep-100c-4316-aplicaciones-generales-rollo-de-50m-x-25mm.jpg\" \/>\n\t<meta property=\"og:image:width\" content=\"300\" \/>\n\t<meta property=\"og:image:height\" content=\"300\" \/>\n\t<meta property=\"og:image:type\" content=\"image\/jpeg\" \/>\n<meta name=\"twitter:card\" content=\"summary_large_image\" \/>\n<meta name=\"twitter:label1\" content=\"Dur\u00e9e de lecture estim\u00e9e\" \/>\n\t<meta name=\"twitter:data1\" content=\"4 minutes\" \/>\n<script type=\"application\/ld+json\" class=\"yoast-schema-graph\">{\"@context\":\"https:\/\/schema.org\",\"@graph\":[{\"@type\":\"WebPage\",\"@id\":\"https:\/\/distribuidorcintastesa.es\/fr\/producto\/tesa-4316-krepp-moyenne-temperature-peinture-solutions-masquage\/\",\"url\":\"https:\/\/distribuidorcintastesa.es\/fr\/producto\/tesa-4316-krepp-moyenne-temperature-peinture-solutions-masquage\/\",\"name\":\"Tesa 4316 Krepp Moyenne temp\u00e9rature Peinture Solutions masquage\",\"isPartOf\":{\"@id\":\"https:\/\/distribuidorcintastesa.es\/fr\/#website\"},\"primaryImageOfPage\":{\"@id\":\"https:\/\/distribuidorcintastesa.es\/fr\/producto\/tesa-4316-krepp-moyenne-temperature-peinture-solutions-masquage\/#primaryimage\"},\"image\":{\"@id\":\"https:\/\/distribuidorcintastesa.es\/fr\/producto\/tesa-4316-krepp-moyenne-temperature-peinture-solutions-masquage\/#primaryimage\"},\"thumbnailUrl\":\"https:\/\/distribuidorcintastesa.es\/wp-content\/uploads\/2021\/10\/tesa-cinta-de-enmascarado-tesakrep-100c-4316-aplicaciones-generales-rollo-de-50m-x-25mm.jpg\",\"datePublished\":\"2021-10-21T11:43:36+00:00\",\"dateModified\":\"2022-02-10T14:20:39+00:00\",\"description\":\"Tesa 4316 Krepp Moyenne temp\u00e9rature Peinture Solutions masquage. R\u00e9sistant \u00e0 des temp\u00e9ratures jusqu'\u00e0 100\u00baC. Disponible magasin online\",\"breadcrumb\":{\"@id\":\"https:\/\/distribuidorcintastesa.es\/fr\/producto\/tesa-4316-krepp-moyenne-temperature-peinture-solutions-masquage\/#breadcrumb\"},\"inLanguage\":\"fr-FR\",\"potentialAction\":[{\"@type\":\"ReadAction\",\"target\":[\"https:\/\/distribuidorcintastesa.es\/fr\/producto\/tesa-4316-krepp-moyenne-temperature-peinture-solutions-masquage\/\"]}]},{\"@type\":\"ImageObject\",\"inLanguage\":\"fr-FR\",\"@id\":\"https:\/\/distribuidorcintastesa.es\/fr\/producto\/tesa-4316-krepp-moyenne-temperature-peinture-solutions-masquage\/#primaryimage\",\"url\":\"https:\/\/distribuidorcintastesa.es\/wp-content\/uploads\/2021\/10\/tesa-cinta-de-enmascarado-tesakrep-100c-4316-aplicaciones-generales-rollo-de-50m-x-25mm.jpg\",\"contentUrl\":\"https:\/\/distribuidorcintastesa.es\/wp-content\/uploads\/2021\/10\/tesa-cinta-de-enmascarado-tesakrep-100c-4316-aplicaciones-generales-rollo-de-50m-x-25mm.jpg\",\"width\":300,\"height\":300,\"caption\":\"Tesa 4316 Krepp 100\u00baC \u2013 Moyenne temp\u00e9rature\"},{\"@type\":\"BreadcrumbList\",\"@id\":\"https:\/\/distribuidorcintastesa.es\/fr\/producto\/tesa-4316-krepp-moyenne-temperature-peinture-solutions-masquage\/#breadcrumb\",\"itemListElement\":[{\"@type\":\"ListItem\",\"position\":1,\"name\":\"Portada\",\"item\":\"https:\/\/distribuidorcintastesa.es\/fr\/\"},{\"@type\":\"ListItem\",\"position\":2,\"name\":\"Produits\",\"item\":\"https:\/\/distribuidorcintastesa.es\/fr\/produits\/\"},{\"@type\":\"ListItem\",\"position\":3,\"name\":\"Tesa\u00ae 4316 Krepp 100\u00baC &#8211; Temp\u00e9rature moyenne\"}]},{\"@type\":\"WebSite\",\"@id\":\"https:\/\/distribuidorcintastesa.es\/fr\/#website\",\"url\":\"https:\/\/distribuidorcintastesa.es\/fr\/\",\"name\":\"Distribuidor de cintas tesa\",\"description\":\"Distribuidor de cintas tesa, cintas tesa, tesa cintas, distribuidor tesa, tesa productos, productos tesa, tesa distribuidores, cintas y adhesivos, tesa cinta doble cara, cinta tesa doble cara, adhesivos tesa, cinta antideslizante, velcro tesa, cinta reflectante, tesa supergen, softprint, cinta doble cara tesa, selladores y adhesivos, cintas adhesivas de doble cara, cintas de aluminio, cintas de vinilo para se\u00f1alizaci\u00f3n, cintas de tela americanas, cintas de papel para enmascarar, cintas para embalaje\",\"publisher\":{\"@id\":\"https:\/\/distribuidorcintastesa.es\/fr\/#organization\"},\"potentialAction\":[{\"@type\":\"SearchAction\",\"target\":{\"@type\":\"EntryPoint\",\"urlTemplate\":\"https:\/\/distribuidorcintastesa.es\/fr\/?s={search_term_string}\"},\"query-input\":{\"@type\":\"PropertyValueSpecification\",\"valueRequired\":true,\"valueName\":\"search_term_string\"}}],\"inLanguage\":\"fr-FR\"},{\"@type\":\"Organization\",\"@id\":\"https:\/\/distribuidorcintastesa.es\/fr\/#organization\",\"name\":\"Distribuidor de cintas tesa\",\"url\":\"https:\/\/distribuidorcintastesa.es\/fr\/\",\"logo\":{\"@type\":\"ImageObject\",\"inLanguage\":\"fr-FR\",\"@id\":\"https:\/\/distribuidorcintastesa.es\/fr\/#\/schema\/logo\/image\/\",\"url\":\"https:\/\/distribuidorcintastesa.es\/wp-content\/uploads\/2022\/10\/logo-espanol-portugues.png\",\"contentUrl\":\"https:\/\/distribuidorcintastesa.es\/wp-content\/uploads\/2022\/10\/logo-espanol-portugues.png\",\"width\":871,\"height\":142,\"caption\":\"Distribuidor de cintas tesa\"},\"image\":{\"@id\":\"https:\/\/distribuidorcintastesa.es\/fr\/#\/schema\/logo\/image\/\"},\"sameAs\":[\"https:\/\/muralsrd.com\/\",\"https:\/\/solbi-mural.com\/es\/\",\"https:\/\/distribuidor-cintas-adhesivas.es\",\"https:\/\/www.instagram.com\/solbimural\/?igsh=ZnR6ZmkzZm1ubWhl\"]}]}<\/script>\n<!-- \/ Yoast SEO Premium plugin. -->","yoast_head_json":{"title":"Tesa 4316 Krepp Moyenne temp\u00e9rature Peinture Solutions masquage","description":"Tesa 4316 Krepp Moyenne temp\u00e9rature Peinture Solutions masquage. R\u00e9sistant \u00e0 des temp\u00e9ratures jusqu'\u00e0 100\u00baC. Disponible magasin online","robots":{"index":"index","follow":"follow","max-snippet":"max-snippet:-1","max-image-preview":"max-image-preview:large","max-video-preview":"max-video-preview:-1"},"canonical":"https:\/\/distribuidorcintastesa.es\/fr\/producto\/tesa-4316-krepp-moyenne-temperature-peinture-solutions-masquage\/","og_locale":"fr_FR","og_type":"article","og_title":"Tesa\u00ae 4316 Krepp 100\u00baC - Temp\u00e9rature moyenne","og_description":"Tesa 4316 Krepp Moyenne temp\u00e9rature Peinture Solutions masquage. R\u00e9sistant \u00e0 des temp\u00e9ratures jusqu'\u00e0 100\u00baC. Disponible magasin online","og_url":"https:\/\/distribuidorcintastesa.es\/fr\/producto\/tesa-4316-krepp-moyenne-temperature-peinture-solutions-masquage\/","og_site_name":"Distribuidor de cintas tesa, cintas tesa, tesa cintas, distribuidor tesa, tesa productos, productos tesa, tesa distribuidores, http:\/\/www.http:\/\/distribuidorcintas3m.es, Mejores ofertas en cintas","article_modified_time":"2022-02-10T14:20:39+00:00","og_image":[{"width":300,"height":300,"url":"https:\/\/distribuidorcintastesa.es\/wp-content\/uploads\/2021\/10\/tesa-cinta-de-enmascarado-tesakrep-100c-4316-aplicaciones-generales-rollo-de-50m-x-25mm.jpg","type":"image\/jpeg"}],"twitter_card":"summary_large_image","twitter_misc":{"Dur\u00e9e de lecture estim\u00e9e":"4 minutes"},"schema":{"@context":"https:\/\/schema.org","@graph":[{"@type":"WebPage","@id":"https:\/\/distribuidorcintastesa.es\/fr\/producto\/tesa-4316-krepp-moyenne-temperature-peinture-solutions-masquage\/","url":"https:\/\/distribuidorcintastesa.es\/fr\/producto\/tesa-4316-krepp-moyenne-temperature-peinture-solutions-masquage\/","name":"Tesa 4316 Krepp Moyenne temp\u00e9rature Peinture Solutions masquage","isPartOf":{"@id":"https:\/\/distribuidorcintastesa.es\/fr\/#website"},"primaryImageOfPage":{"@id":"https:\/\/distribuidorcintastesa.es\/fr\/producto\/tesa-4316-krepp-moyenne-temperature-peinture-solutions-masquage\/#primaryimage"},"image":{"@id":"https:\/\/distribuidorcintastesa.es\/fr\/producto\/tesa-4316-krepp-moyenne-temperature-peinture-solutions-masquage\/#primaryimage"},"thumbnailUrl":"https:\/\/distribuidorcintastesa.es\/wp-content\/uploads\/2021\/10\/tesa-cinta-de-enmascarado-tesakrep-100c-4316-aplicaciones-generales-rollo-de-50m-x-25mm.jpg","datePublished":"2021-10-21T11:43:36+00:00","dateModified":"2022-02-10T14:20:39+00:00","description":"Tesa 4316 Krepp Moyenne temp\u00e9rature Peinture Solutions masquage. R\u00e9sistant \u00e0 des temp\u00e9ratures jusqu'\u00e0 100\u00baC. Disponible magasin online","breadcrumb":{"@id":"https:\/\/distribuidorcintastesa.es\/fr\/producto\/tesa-4316-krepp-moyenne-temperature-peinture-solutions-masquage\/#breadcrumb"},"inLanguage":"fr-FR","potentialAction":[{"@type":"ReadAction","target":["https:\/\/distribuidorcintastesa.es\/fr\/producto\/tesa-4316-krepp-moyenne-temperature-peinture-solutions-masquage\/"]}]},{"@type":"ImageObject","inLanguage":"fr-FR","@id":"https:\/\/distribuidorcintastesa.es\/fr\/producto\/tesa-4316-krepp-moyenne-temperature-peinture-solutions-masquage\/#primaryimage","url":"https:\/\/distribuidorcintastesa.es\/wp-content\/uploads\/2021\/10\/tesa-cinta-de-enmascarado-tesakrep-100c-4316-aplicaciones-generales-rollo-de-50m-x-25mm.jpg","contentUrl":"https:\/\/distribuidorcintastesa.es\/wp-content\/uploads\/2021\/10\/tesa-cinta-de-enmascarado-tesakrep-100c-4316-aplicaciones-generales-rollo-de-50m-x-25mm.jpg","width":300,"height":300,"caption":"Tesa 4316 Krepp 100\u00baC \u2013 Moyenne temp\u00e9rature"},{"@type":"BreadcrumbList","@id":"https:\/\/distribuidorcintastesa.es\/fr\/producto\/tesa-4316-krepp-moyenne-temperature-peinture-solutions-masquage\/#breadcrumb","itemListElement":[{"@type":"ListItem","position":1,"name":"Portada","item":"https:\/\/distribuidorcintastesa.es\/fr\/"},{"@type":"ListItem","position":2,"name":"Produits","item":"https:\/\/distribuidorcintastesa.es\/fr\/produits\/"},{"@type":"ListItem","position":3,"name":"Tesa\u00ae 4316 Krepp 100\u00baC &#8211; Temp\u00e9rature moyenne"}]},{"@type":"WebSite","@id":"https:\/\/distribuidorcintastesa.es\/fr\/#website","url":"https:\/\/distribuidorcintastesa.es\/fr\/","name":"Distribuidor de cintas tesa","description":"Distribuidor de cintas tesa, cintas tesa, tesa cintas, distribuidor tesa, tesa productos, productos tesa, tesa distribuidores, cintas y adhesivos, tesa cinta doble cara, cinta tesa doble cara, adhesivos tesa, cinta antideslizante, velcro tesa, cinta reflectante, tesa supergen, softprint, cinta doble cara tesa, selladores y adhesivos, cintas adhesivas de doble cara, cintas de aluminio, cintas de vinilo para se\u00f1alizaci\u00f3n, cintas de tela americanas, cintas de papel para enmascarar, cintas para embalaje","publisher":{"@id":"https:\/\/distribuidorcintastesa.es\/fr\/#organization"},"potentialAction":[{"@type":"SearchAction","target":{"@type":"EntryPoint","urlTemplate":"https:\/\/distribuidorcintastesa.es\/fr\/?s={search_term_string}"},"query-input":{"@type":"PropertyValueSpecification","valueRequired":true,"valueName":"search_term_string"}}],"inLanguage":"fr-FR"},{"@type":"Organization","@id":"https:\/\/distribuidorcintastesa.es\/fr\/#organization","name":"Distribuidor de cintas tesa","url":"https:\/\/distribuidorcintastesa.es\/fr\/","logo":{"@type":"ImageObject","inLanguage":"fr-FR","@id":"https:\/\/distribuidorcintastesa.es\/fr\/#\/schema\/logo\/image\/","url":"https:\/\/distribuidorcintastesa.es\/wp-content\/uploads\/2022\/10\/logo-espanol-portugues.png","contentUrl":"https:\/\/distribuidorcintastesa.es\/wp-content\/uploads\/2022\/10\/logo-espanol-portugues.png","width":871,"height":142,"caption":"Distribuidor de cintas tesa"},"image":{"@id":"https:\/\/distribuidorcintastesa.es\/fr\/#\/schema\/logo\/image\/"},"sameAs":["https:\/\/muralsrd.com\/","https:\/\/solbi-mural.com\/es\/","https:\/\/distribuidor-cintas-adhesivas.es","https:\/\/www.instagram.com\/solbimural\/?igsh=ZnR6ZmkzZm1ubWhl"]}]}},"_links":{"self":[{"href":"https:\/\/distribuidorcintastesa.es\/fr\/wp-json\/wp\/v2\/product\/4334","targetHints":{"allow":["GET"]}}],"collection":[{"href":"https:\/\/distribuidorcintastesa.es\/fr\/wp-json\/wp\/v2\/product"}],"about":[{"href":"https:\/\/distribuidorcintastesa.es\/fr\/wp-json\/wp\/v2\/types\/product"}],"wp:featuredmedia":[{"embeddable":true,"href":"https:\/\/distribuidorcintastesa.es\/fr\/wp-json\/wp\/v2\/media\/4346"}],"wp:attachment":[{"href":"https:\/\/distribuidorcintastesa.es\/fr\/wp-json\/wp\/v2\/media?parent=4334"}],"wp:term":[{"taxonomy":"product_brand","embeddable":true,"href":"https:\/\/distribuidorcintastesa.es\/fr\/wp-json\/wp\/v2\/product_brand?post=4334"},{"taxonomy":"product_cat","embeddable":true,"href":"https:\/\/distribuidorcintastesa.es\/fr\/wp-json\/wp\/v2\/product_cat?post=4334"},{"taxonomy":"product_tag","embeddable":true,"href":"https:\/\/distribuidorcintastesa.es\/fr\/wp-json\/wp\/v2\/product_tag?post=4334"}],"curies":[{"name":"wp","href":"https:\/\/api.w.org\/{rel}","templated":true}]}}