{"id":4294,"date":"2021-10-20T14:57:32","date_gmt":"2021-10-20T14:57:32","guid":{"rendered":"https:\/\/distribuidorcintastesa.es\/?post_type=product&#038;p=4294"},"modified":"2022-02-10T11:28:52","modified_gmt":"2022-02-10T11:28:52","slug":"tesa-4318-krepp-haute-temperature-peinture-solutions-masquage","status":"publish","type":"product","link":"https:\/\/distribuidorcintastesa.es\/fr\/producto\/tesa-4318-krepp-haute-temperature-peinture-solutions-masquage\/","title":{"rendered":"Tesa\u00ae 4318 Krepp 160\u00baC &#8211; Haute temp\u00e9rature"},"content":{"rendered":"<p><strong>Tesa 4318 Krepp 160\u00baC \u2013 Haute temp\u00e9rature<\/strong><\/p>\n<p>Tesa\u00ae 4318 Krepp 160\u00baC \u2013 Haute temp\u00e9rature est un ruban de masquage souple en cr\u00eape doux, id\u00e9al pour les exigences strictes des travaux de peinture (peintures \u00e0 base d&rsquo;eau ou de solvant) suivis d&rsquo;un s\u00e9chage au four.<\/p>\n<p>\u2013 Pour peinture appliqu\u00e9e au pistolet et s\u00e9chant jusqu&rsquo;\u00e0 160\u00baC.<br \/>\n\u2013 Bonne adh\u00e9rence sur les surfaces peintes.<br \/>\n\u2013 Ne laisse aucun r\u00e9sidu sur le caoutchouc et la peinture m\u00eame \u00e0 basse temp\u00e9rature<\/p>\n<p>&nbsp;<\/p>\n<p><img decoding=\"async\" class=\"alignnone wp-image-4305\" src=\"https:\/\/distribuidorcintastesa.es\/wp-content\/uploads\/2021\/10\/tesa-4318-2.jpg\" alt=\"Tesa 4318 Krepp 160\u00baC \u2013 Haute temp\u00e9rature\" width=\"238\" height=\"160\" srcset=\"https:\/\/distribuidorcintastesa.es\/wp-content\/uploads\/2021\/10\/tesa-4318-2.jpg 150w, https:\/\/distribuidorcintastesa.es\/wp-content\/uploads\/2021\/10\/tesa-4318-2-64x43.jpg 64w\" sizes=\"(max-width: 238px) 100vw, 238px\" \/><\/p>\n<p><a href=\"https:\/\/www.youtube.com\/watch?v=2qDx7o70W30\" target=\"_blank\" rel=\"noopener\">Tesa\u00ae 4318 Krepp 160\u00baC &#8211; Haute temp\u00e9rature<\/a><\/p>\n<p>&nbsp;<\/p>\n<p><strong> Donn\u00e9es techniques Tesa 4318 Krepp 160\u00baC \u2013 Haute temp\u00e9rature<\/strong><\/p>\n<table width=\"436\">\n<tbody>\n<tr>\n<td width=\"268\"><strong>Support<\/strong><\/td>\n<td width=\"168\">Papier cr\u00eape Sp\u00e9cial<\/td>\n<\/tr>\n<tr>\n<td><strong>Type d&rsquo;adh\u00e9sif<\/strong><\/td>\n<td>Caoutchouc naturel<\/td>\n<\/tr>\n<tr>\n<td><strong>R\u00e9sistance \u00e0 la traction [N\/cm]<\/strong><\/td>\n<td>47<\/td>\n<\/tr>\n<tr>\n<td><strong>Allongement \u00e0 la rupture [%]<\/strong><\/td>\n<td>12<\/td>\n<\/tr>\n<tr>\n<td><strong>\u00c9paisseur totale [\u00b5m]<\/strong><\/td>\n<td>170<\/td>\n<\/tr>\n<tr>\n<td><strong>Adh\u00e9sion \/ acier [N\/cm]<\/strong><\/td>\n<td>4<\/td>\n<\/tr>\n<tr>\n<td><strong>R\u00e9sist. Roture [N\/cm]<\/strong><\/td>\n<td>47<\/td>\n<\/tr>\n<tr>\n<td><strong>R\u00e9sist. \u00e0 t\u00ba\u00a0 [\u00baC]<\/strong><\/td>\n<td>160\/1h<\/td>\n<\/tr>\n<\/tbody>\n<\/table>\n<p><strong>Caract\u00e9ristiques<\/strong><\/p>\n<table width=\"597\">\n<tbody>\n<tr>\n<td colspan=\"2\" width=\"393\"><strong>Conformable<\/strong><\/td>\n<td colspan=\"2\" width=\"204\">+<\/td>\n<\/tr>\n<tr>\n<td colspan=\"2\"><strong>Couleur de bordure d\u00e9finie<\/strong><\/td>\n<td colspan=\"2\">+<\/td>\n<\/tr>\n<tr>\n<td colspan=\"2\"><strong>peut \u00eatre coup\u00e9 \u00e0 la main<\/strong><\/td>\n<td colspan=\"2\">++<\/td>\n<\/tr>\n<tr>\n<td colspan=\"2\"><strong>Bonne ancrage de la peinture<\/strong><\/td>\n<td colspan=\"2\">++<\/td>\n<\/tr>\n<tr>\n<td colspan=\"2\"><strong>Facile \u00e0 enlever<\/strong><\/td>\n<td colspan=\"2\">Oui<\/td>\n<\/tr>\n<\/tbody>\n<\/table>\n<table width=\"691\">\n<tbody>\n<tr>\n<td width=\"134\"><strong>PRODUIT<\/strong><\/td>\n<td width=\"134\"><strong>UNITE<\/strong><\/td>\n<td width=\"155\"><strong>EMBALLAGE<\/strong><\/td>\n<td width=\"134\"><strong>DIMENSIONS<\/strong><\/td>\n<td width=\"134\"><strong>COULEUR<\/strong><\/td>\n<\/tr>\n<tr>\n<td rowspan=\"4\" width=\"134\"><strong>4318<\/strong><\/td>\n<td width=\"134\">Rouleau<\/td>\n<td width=\"155\">36 Rouleaux\/Bo\u00eete<\/td>\n<td width=\"134\">9 mm x 50 mt<\/td>\n<td width=\"134\"><img decoding=\"async\" class=\"alignnone size-full wp-image-4297\" src=\"https:\/\/distribuidorcintastesa.es\/wp-content\/uploads\/2021\/10\/beige2.jpg\" alt=\"\" width=\"38\" height=\"19\" \/><\/td>\n<\/tr>\n<tr>\n<td width=\"134\">Rouleau<\/td>\n<td width=\"155\">37 Rouleaux\/Bo\u00eete<\/td>\n<td width=\"134\">25 mm x 50 mt<\/td>\n<td width=\"134\"><img decoding=\"async\" class=\"alignnone size-full wp-image-4297\" src=\"https:\/\/distribuidorcintastesa.es\/wp-content\/uploads\/2021\/10\/beige2.jpg\" alt=\"\" width=\"38\" height=\"19\" \/><\/td>\n<\/tr>\n<tr>\n<td width=\"134\">Rouleau<\/td>\n<td width=\"155\">38 Rouleaux\/Bo\u00eete<\/td>\n<td width=\"134\">38 mm x 50 mt<\/td>\n<td width=\"134\"><img decoding=\"async\" class=\"alignnone size-full wp-image-4297\" src=\"https:\/\/distribuidorcintastesa.es\/wp-content\/uploads\/2021\/10\/beige2.jpg\" alt=\"\" width=\"38\" height=\"19\" \/><\/td>\n<\/tr>\n<tr>\n<td width=\"134\">Rouleau<\/td>\n<td width=\"155\">60 Rouleaux\/Bo\u00eete<\/td>\n<td width=\"134\">50 mm x 50 mt<\/td>\n<td width=\"134\"><img decoding=\"async\" class=\"alignnone size-full wp-image-4297\" src=\"https:\/\/distribuidorcintastesa.es\/wp-content\/uploads\/2021\/10\/beige2.jpg\" alt=\"\" width=\"38\" height=\"19\" \/><\/td>\n<\/tr>\n<\/tbody>\n<\/table>\n<p><a href=\"https:\/\/distribuidorcintastesa.es\/fr\/catalogues\/\" target=\"_blank\" rel=\"noopener\">Catalogues TESA<\/a><\/p>\n","protected":false},"excerpt":{"rendered":"<p>Tesa 4318 Krepp 160\u00baC \u2013 Haute temp\u00e9rature Tesa\u00ae 4318 Krepp 160\u00baC \u2013 Haute temp\u00e9rature est un ruban de masquage souple en cr\u00eape doux, id\u00e9al pour les exigences strictes des travaux de peinture (peintures \u00e0 base d&rsquo;eau ou de solvant) suivis d&rsquo;un s\u00e9chage au four. \u2013 Pour peinture appliqu\u00e9e au pistolet et s\u00e9chant jusqu&rsquo;\u00e0 160\u00baC. \u2013 [&hellip;]<\/p>\n","protected":false},"featured_media":4301,"template":"","meta":{"site-sidebar-layout":"default","site-content-layout":"","ast-site-content-layout":"default","site-content-style":"default","site-sidebar-style":"default","ast-global-header-display":"","ast-banner-title-visibility":"","ast-main-header-display":"","ast-hfb-above-header-display":"","ast-hfb-below-header-display":"","ast-hfb-mobile-header-display":"","site-post-title":"","ast-breadcrumbs-content":"","ast-featured-img":"","footer-sml-layout":"","ast-disable-related-posts":"","theme-transparent-header-meta":"","adv-header-id-meta":"","stick-header-meta":"","header-above-stick-meta":"","header-main-stick-meta":"","header-below-stick-meta":"","astra-migrate-meta-layouts":"default","ast-page-background-enabled":"default","ast-page-background-meta":{"desktop":{"background-color":"","background-image":"","background-repeat":"repeat","background-position":"center center","background-size":"auto","background-attachment":"scroll","background-type":"","background-media":"","overlay-type":"","overlay-color":"","overlay-opacity":"","overlay-gradient":""},"tablet":{"background-color":"","background-image":"","background-repeat":"repeat","background-position":"center center","background-size":"auto","background-attachment":"scroll","background-type":"","background-media":"","overlay-type":"","overlay-color":"","overlay-opacity":"","overlay-gradient":""},"mobile":{"background-color":"","background-image":"","background-repeat":"repeat","background-position":"center center","background-size":"auto","background-attachment":"scroll","background-type":"","background-media":"","overlay-type":"","overlay-color":"","overlay-opacity":"","overlay-gradient":""}},"ast-content-background-meta":{"desktop":{"background-color":"var(--ast-global-color-5)","background-image":"","background-repeat":"repeat","background-position":"center center","background-size":"auto","background-attachment":"scroll","background-type":"","background-media":"","overlay-type":"","overlay-color":"","overlay-opacity":"","overlay-gradient":""},"tablet":{"background-color":"var(--ast-global-color-5)","background-image":"","background-repeat":"repeat","background-position":"center center","background-size":"auto","background-attachment":"scroll","background-type":"","background-media":"","overlay-type":"","overlay-color":"","overlay-opacity":"","overlay-gradient":""},"mobile":{"background-color":"var(--ast-global-color-5)","background-image":"","background-repeat":"repeat","background-position":"center center","background-size":"auto","background-attachment":"scroll","background-type":"","background-media":"","overlay-type":"","overlay-color":"","overlay-opacity":"","overlay-gradient":""}}},"product_brand":[],"product_cat":[193,187],"product_tag":[],"class_list":{"0":"post-4294","1":"product","2":"type-product","3":"status-publish","4":"has-post-thumbnail","6":"product_cat-bande-pour-peinture","7":"product_cat-solutions-de-masquage","8":"desktop-align-center","9":"tablet-align-center","10":"mobile-align-center","12":"first","13":"instock","14":"shipping-taxable","15":"product-type-simple"},"yoast_head":"<!-- This site is optimized with the Yoast SEO Premium plugin v27.2 (Yoast SEO v27.2) - https:\/\/yoast.com\/product\/yoast-seo-premium-wordpress\/ -->\n<title>Tesa 4318 Krepp Haute temp\u00e9rature Peinture Solutions masquage<\/title>\n<meta name=\"description\" content=\"Tesa 4318 Krepp Haute temp\u00e9rature Peinture Solutions masquage s\u00e9chage jusqu&#039;\u00e0 160\u00baC Disponible dans notre boutique en ligne\" \/>\n<meta name=\"robots\" content=\"index, follow, max-snippet:-1, max-image-preview:large, max-video-preview:-1\" \/>\n<link rel=\"canonical\" href=\"https:\/\/distribuidorcintastesa.es\/fr\/producto\/tesa-4318-krepp-haute-temperature-peinture-solutions-masquage\/\" \/>\n<meta property=\"og:locale\" content=\"fr_FR\" \/>\n<meta property=\"og:type\" content=\"article\" \/>\n<meta property=\"og:title\" content=\"Tesa\u00ae 4318 Krepp 160\u00baC - Haute temp\u00e9rature\" \/>\n<meta property=\"og:description\" content=\"Tesa 4318 Krepp Haute temp\u00e9rature Peinture Solutions masquage s\u00e9chage jusqu&#039;\u00e0 160\u00baC Disponible dans notre boutique en ligne\" \/>\n<meta property=\"og:url\" content=\"https:\/\/distribuidorcintastesa.es\/fr\/producto\/tesa-4318-krepp-haute-temperature-peinture-solutions-masquage\/\" \/>\n<meta property=\"og:site_name\" content=\"Distribuidor de cintas tesa, cintas tesa, tesa cintas, distribuidor tesa, tesa productos, productos tesa, tesa distribuidores, http:\/\/www.http:\/\/distribuidorcintas3m.es, Mejores ofertas en cintas\" \/>\n<meta property=\"article:modified_time\" content=\"2022-02-10T11:28:52+00:00\" \/>\n<meta property=\"og:image\" content=\"https:\/\/distribuidorcintastesa.es\/wp-content\/uploads\/2021\/10\/tesa-4318.jpg\" \/>\n\t<meta property=\"og:image:width\" content=\"608\" \/>\n\t<meta property=\"og:image:height\" content=\"608\" \/>\n\t<meta property=\"og:image:type\" content=\"image\/jpeg\" \/>\n<meta name=\"twitter:card\" content=\"summary_large_image\" \/>\n<meta name=\"twitter:label1\" content=\"Dur\u00e9e de lecture estim\u00e9e\" \/>\n\t<meta name=\"twitter:data1\" content=\"2 minutes\" \/>\n<script type=\"application\/ld+json\" class=\"yoast-schema-graph\">{\"@context\":\"https:\/\/schema.org\",\"@graph\":[{\"@type\":\"WebPage\",\"@id\":\"https:\/\/distribuidorcintastesa.es\/fr\/producto\/tesa-4318-krepp-haute-temperature-peinture-solutions-masquage\/\",\"url\":\"https:\/\/distribuidorcintastesa.es\/fr\/producto\/tesa-4318-krepp-haute-temperature-peinture-solutions-masquage\/\",\"name\":\"Tesa 4318 Krepp Haute temp\u00e9rature Peinture Solutions masquage\",\"isPartOf\":{\"@id\":\"https:\/\/distribuidorcintastesa.es\/fr\/#website\"},\"primaryImageOfPage\":{\"@id\":\"https:\/\/distribuidorcintastesa.es\/fr\/producto\/tesa-4318-krepp-haute-temperature-peinture-solutions-masquage\/#primaryimage\"},\"image\":{\"@id\":\"https:\/\/distribuidorcintastesa.es\/fr\/producto\/tesa-4318-krepp-haute-temperature-peinture-solutions-masquage\/#primaryimage\"},\"thumbnailUrl\":\"https:\/\/distribuidorcintastesa.es\/wp-content\/uploads\/2021\/10\/tesa-4318.jpg\",\"datePublished\":\"2021-10-20T14:57:32+00:00\",\"dateModified\":\"2022-02-10T11:28:52+00:00\",\"description\":\"Tesa 4318 Krepp Haute temp\u00e9rature Peinture Solutions masquage s\u00e9chage jusqu'\u00e0 160\u00baC Disponible dans notre boutique en ligne\",\"breadcrumb\":{\"@id\":\"https:\/\/distribuidorcintastesa.es\/fr\/producto\/tesa-4318-krepp-haute-temperature-peinture-solutions-masquage\/#breadcrumb\"},\"inLanguage\":\"fr-FR\",\"potentialAction\":[{\"@type\":\"ReadAction\",\"target\":[\"https:\/\/distribuidorcintastesa.es\/fr\/producto\/tesa-4318-krepp-haute-temperature-peinture-solutions-masquage\/\"]}]},{\"@type\":\"ImageObject\",\"inLanguage\":\"fr-FR\",\"@id\":\"https:\/\/distribuidorcintastesa.es\/fr\/producto\/tesa-4318-krepp-haute-temperature-peinture-solutions-masquage\/#primaryimage\",\"url\":\"https:\/\/distribuidorcintastesa.es\/wp-content\/uploads\/2021\/10\/tesa-4318.jpg\",\"contentUrl\":\"https:\/\/distribuidorcintastesa.es\/wp-content\/uploads\/2021\/10\/tesa-4318.jpg\",\"width\":608,\"height\":608,\"caption\":\"Tesa 4318 Krepp 160\u00baC \u2013 Haute temp\u00e9rature\"},{\"@type\":\"BreadcrumbList\",\"@id\":\"https:\/\/distribuidorcintastesa.es\/fr\/producto\/tesa-4318-krepp-haute-temperature-peinture-solutions-masquage\/#breadcrumb\",\"itemListElement\":[{\"@type\":\"ListItem\",\"position\":1,\"name\":\"Portada\",\"item\":\"https:\/\/distribuidorcintastesa.es\/fr\/\"},{\"@type\":\"ListItem\",\"position\":2,\"name\":\"Produits\",\"item\":\"https:\/\/distribuidorcintastesa.es\/fr\/produits\/\"},{\"@type\":\"ListItem\",\"position\":3,\"name\":\"Tesa\u00ae 4318 Krepp 160\u00baC &#8211; Haute temp\u00e9rature\"}]},{\"@type\":\"WebSite\",\"@id\":\"https:\/\/distribuidorcintastesa.es\/fr\/#website\",\"url\":\"https:\/\/distribuidorcintastesa.es\/fr\/\",\"name\":\"Distribuidor de cintas tesa\",\"description\":\"Distribuidor de cintas tesa, cintas tesa, tesa cintas, distribuidor tesa, tesa productos, productos tesa, tesa distribuidores, cintas y adhesivos, tesa cinta doble cara, cinta tesa doble cara, adhesivos tesa, cinta antideslizante, velcro tesa, cinta reflectante, tesa supergen, softprint, cinta doble cara tesa, selladores y adhesivos, cintas adhesivas de doble cara, cintas de aluminio, cintas de vinilo para se\u00f1alizaci\u00f3n, cintas de tela americanas, cintas de papel para enmascarar, cintas para embalaje\",\"publisher\":{\"@id\":\"https:\/\/distribuidorcintastesa.es\/fr\/#organization\"},\"potentialAction\":[{\"@type\":\"SearchAction\",\"target\":{\"@type\":\"EntryPoint\",\"urlTemplate\":\"https:\/\/distribuidorcintastesa.es\/fr\/?s={search_term_string}\"},\"query-input\":{\"@type\":\"PropertyValueSpecification\",\"valueRequired\":true,\"valueName\":\"search_term_string\"}}],\"inLanguage\":\"fr-FR\"},{\"@type\":\"Organization\",\"@id\":\"https:\/\/distribuidorcintastesa.es\/fr\/#organization\",\"name\":\"Distribuidor de cintas tesa\",\"url\":\"https:\/\/distribuidorcintastesa.es\/fr\/\",\"logo\":{\"@type\":\"ImageObject\",\"inLanguage\":\"fr-FR\",\"@id\":\"https:\/\/distribuidorcintastesa.es\/fr\/#\/schema\/logo\/image\/\",\"url\":\"https:\/\/distribuidorcintastesa.es\/wp-content\/uploads\/2022\/10\/logo-espanol-portugues.png\",\"contentUrl\":\"https:\/\/distribuidorcintastesa.es\/wp-content\/uploads\/2022\/10\/logo-espanol-portugues.png\",\"width\":871,\"height\":142,\"caption\":\"Distribuidor de cintas tesa\"},\"image\":{\"@id\":\"https:\/\/distribuidorcintastesa.es\/fr\/#\/schema\/logo\/image\/\"},\"sameAs\":[\"https:\/\/muralsrd.com\/\",\"https:\/\/solbi-mural.com\/es\/\",\"https:\/\/distribuidor-cintas-adhesivas.es\",\"https:\/\/www.instagram.com\/solbimural\/?igsh=ZnR6ZmkzZm1ubWhl\"]}]}<\/script>\n<!-- \/ Yoast SEO Premium plugin. -->","yoast_head_json":{"title":"Tesa 4318 Krepp Haute temp\u00e9rature Peinture Solutions masquage","description":"Tesa 4318 Krepp Haute temp\u00e9rature Peinture Solutions masquage s\u00e9chage jusqu'\u00e0 160\u00baC Disponible dans notre boutique en ligne","robots":{"index":"index","follow":"follow","max-snippet":"max-snippet:-1","max-image-preview":"max-image-preview:large","max-video-preview":"max-video-preview:-1"},"canonical":"https:\/\/distribuidorcintastesa.es\/fr\/producto\/tesa-4318-krepp-haute-temperature-peinture-solutions-masquage\/","og_locale":"fr_FR","og_type":"article","og_title":"Tesa\u00ae 4318 Krepp 160\u00baC - Haute temp\u00e9rature","og_description":"Tesa 4318 Krepp Haute temp\u00e9rature Peinture Solutions masquage s\u00e9chage jusqu'\u00e0 160\u00baC Disponible dans notre boutique en ligne","og_url":"https:\/\/distribuidorcintastesa.es\/fr\/producto\/tesa-4318-krepp-haute-temperature-peinture-solutions-masquage\/","og_site_name":"Distribuidor de cintas tesa, cintas tesa, tesa cintas, distribuidor tesa, tesa productos, productos tesa, tesa distribuidores, http:\/\/www.http:\/\/distribuidorcintas3m.es, Mejores ofertas en cintas","article_modified_time":"2022-02-10T11:28:52+00:00","og_image":[{"width":608,"height":608,"url":"https:\/\/distribuidorcintastesa.es\/wp-content\/uploads\/2021\/10\/tesa-4318.jpg","type":"image\/jpeg"}],"twitter_card":"summary_large_image","twitter_misc":{"Dur\u00e9e de lecture estim\u00e9e":"2 minutes"},"schema":{"@context":"https:\/\/schema.org","@graph":[{"@type":"WebPage","@id":"https:\/\/distribuidorcintastesa.es\/fr\/producto\/tesa-4318-krepp-haute-temperature-peinture-solutions-masquage\/","url":"https:\/\/distribuidorcintastesa.es\/fr\/producto\/tesa-4318-krepp-haute-temperature-peinture-solutions-masquage\/","name":"Tesa 4318 Krepp Haute temp\u00e9rature Peinture Solutions masquage","isPartOf":{"@id":"https:\/\/distribuidorcintastesa.es\/fr\/#website"},"primaryImageOfPage":{"@id":"https:\/\/distribuidorcintastesa.es\/fr\/producto\/tesa-4318-krepp-haute-temperature-peinture-solutions-masquage\/#primaryimage"},"image":{"@id":"https:\/\/distribuidorcintastesa.es\/fr\/producto\/tesa-4318-krepp-haute-temperature-peinture-solutions-masquage\/#primaryimage"},"thumbnailUrl":"https:\/\/distribuidorcintastesa.es\/wp-content\/uploads\/2021\/10\/tesa-4318.jpg","datePublished":"2021-10-20T14:57:32+00:00","dateModified":"2022-02-10T11:28:52+00:00","description":"Tesa 4318 Krepp Haute temp\u00e9rature Peinture Solutions masquage s\u00e9chage jusqu'\u00e0 160\u00baC Disponible dans notre boutique en ligne","breadcrumb":{"@id":"https:\/\/distribuidorcintastesa.es\/fr\/producto\/tesa-4318-krepp-haute-temperature-peinture-solutions-masquage\/#breadcrumb"},"inLanguage":"fr-FR","potentialAction":[{"@type":"ReadAction","target":["https:\/\/distribuidorcintastesa.es\/fr\/producto\/tesa-4318-krepp-haute-temperature-peinture-solutions-masquage\/"]}]},{"@type":"ImageObject","inLanguage":"fr-FR","@id":"https:\/\/distribuidorcintastesa.es\/fr\/producto\/tesa-4318-krepp-haute-temperature-peinture-solutions-masquage\/#primaryimage","url":"https:\/\/distribuidorcintastesa.es\/wp-content\/uploads\/2021\/10\/tesa-4318.jpg","contentUrl":"https:\/\/distribuidorcintastesa.es\/wp-content\/uploads\/2021\/10\/tesa-4318.jpg","width":608,"height":608,"caption":"Tesa 4318 Krepp 160\u00baC \u2013 Haute temp\u00e9rature"},{"@type":"BreadcrumbList","@id":"https:\/\/distribuidorcintastesa.es\/fr\/producto\/tesa-4318-krepp-haute-temperature-peinture-solutions-masquage\/#breadcrumb","itemListElement":[{"@type":"ListItem","position":1,"name":"Portada","item":"https:\/\/distribuidorcintastesa.es\/fr\/"},{"@type":"ListItem","position":2,"name":"Produits","item":"https:\/\/distribuidorcintastesa.es\/fr\/produits\/"},{"@type":"ListItem","position":3,"name":"Tesa\u00ae 4318 Krepp 160\u00baC &#8211; Haute temp\u00e9rature"}]},{"@type":"WebSite","@id":"https:\/\/distribuidorcintastesa.es\/fr\/#website","url":"https:\/\/distribuidorcintastesa.es\/fr\/","name":"Distribuidor de cintas tesa","description":"Distribuidor de cintas tesa, cintas tesa, tesa cintas, distribuidor tesa, tesa productos, productos tesa, tesa distribuidores, cintas y adhesivos, tesa cinta doble cara, cinta tesa doble cara, adhesivos tesa, cinta antideslizante, velcro tesa, cinta reflectante, tesa supergen, softprint, cinta doble cara tesa, selladores y adhesivos, cintas adhesivas de doble cara, cintas de aluminio, cintas de vinilo para se\u00f1alizaci\u00f3n, cintas de tela americanas, cintas de papel para enmascarar, cintas para embalaje","publisher":{"@id":"https:\/\/distribuidorcintastesa.es\/fr\/#organization"},"potentialAction":[{"@type":"SearchAction","target":{"@type":"EntryPoint","urlTemplate":"https:\/\/distribuidorcintastesa.es\/fr\/?s={search_term_string}"},"query-input":{"@type":"PropertyValueSpecification","valueRequired":true,"valueName":"search_term_string"}}],"inLanguage":"fr-FR"},{"@type":"Organization","@id":"https:\/\/distribuidorcintastesa.es\/fr\/#organization","name":"Distribuidor de cintas tesa","url":"https:\/\/distribuidorcintastesa.es\/fr\/","logo":{"@type":"ImageObject","inLanguage":"fr-FR","@id":"https:\/\/distribuidorcintastesa.es\/fr\/#\/schema\/logo\/image\/","url":"https:\/\/distribuidorcintastesa.es\/wp-content\/uploads\/2022\/10\/logo-espanol-portugues.png","contentUrl":"https:\/\/distribuidorcintastesa.es\/wp-content\/uploads\/2022\/10\/logo-espanol-portugues.png","width":871,"height":142,"caption":"Distribuidor de cintas tesa"},"image":{"@id":"https:\/\/distribuidorcintastesa.es\/fr\/#\/schema\/logo\/image\/"},"sameAs":["https:\/\/muralsrd.com\/","https:\/\/solbi-mural.com\/es\/","https:\/\/distribuidor-cintas-adhesivas.es","https:\/\/www.instagram.com\/solbimural\/?igsh=ZnR6ZmkzZm1ubWhl"]}]}},"_links":{"self":[{"href":"https:\/\/distribuidorcintastesa.es\/fr\/wp-json\/wp\/v2\/product\/4294","targetHints":{"allow":["GET"]}}],"collection":[{"href":"https:\/\/distribuidorcintastesa.es\/fr\/wp-json\/wp\/v2\/product"}],"about":[{"href":"https:\/\/distribuidorcintastesa.es\/fr\/wp-json\/wp\/v2\/types\/product"}],"wp:featuredmedia":[{"embeddable":true,"href":"https:\/\/distribuidorcintastesa.es\/fr\/wp-json\/wp\/v2\/media\/4301"}],"wp:attachment":[{"href":"https:\/\/distribuidorcintastesa.es\/fr\/wp-json\/wp\/v2\/media?parent=4294"}],"wp:term":[{"taxonomy":"product_brand","embeddable":true,"href":"https:\/\/distribuidorcintastesa.es\/fr\/wp-json\/wp\/v2\/product_brand?post=4294"},{"taxonomy":"product_cat","embeddable":true,"href":"https:\/\/distribuidorcintastesa.es\/fr\/wp-json\/wp\/v2\/product_cat?post=4294"},{"taxonomy":"product_tag","embeddable":true,"href":"https:\/\/distribuidorcintastesa.es\/fr\/wp-json\/wp\/v2\/product_tag?post=4294"}],"curies":[{"name":"wp","href":"https:\/\/api.w.org\/{rel}","templated":true}]}}