{"id":4239,"date":"2021-10-19T15:04:53","date_gmt":"2021-10-19T15:04:54","guid":{"rendered":"https:\/\/distribuidorcintastesa.es\/?post_type=product&#038;p=4239"},"modified":"2022-02-04T14:10:32","modified_gmt":"2022-02-04T14:10:32","slug":"tesa-4334-precision-mask-specialites-solutions-masquage","status":"publish","type":"product","link":"https:\/\/distribuidorcintastesa.es\/fr\/producto\/tesa-4334-precision-mask-specialites-solutions-masquage\/","title":{"rendered":"Tesa\u00ae 4334 Pr\u00e9cision Mask"},"content":{"rendered":"<h3><strong>Tesa 4334 Pr\u00e9cision Mask<\/strong><\/h3>\n<p>Tesa 4334 Pr\u00e9cision Mask est compos\u00e9 d&rsquo;un support en papier extra-fin mais tr\u00e8s r\u00e9sistant et d&rsquo;un adh\u00e9sif acrylique. La combinaison d&rsquo;un support de haute qualit\u00e9 avec une formulation adh\u00e9sive inhabituelle permet au ruban d&rsquo;\u00eatre facilement retir\u00e9 jusqu&rsquo;\u00e0 6 mois apr\u00e8s l&rsquo;application. Cela permet d&rsquo;effectuer diverses t\u00e2ches de peinture en un seul processus de masquage.<\/p>\n<p>tesa\u00ae 4334 Precision Mask\u00ae Tape fonctionne sur toute la ligne, offrant la meilleure base pour les travaux de peinture professionnels \u00e0 l&rsquo;int\u00e9rieur et \u00e0 l&rsquo;ext\u00e9rieur. Le support en papier extr\u00eamement fin, enduit d&rsquo;un adh\u00e9sif acrylique sp\u00e9cial, assure des bords de peinture nets et droits et prot\u00e8ge la surface de base des \u00e9claboussures de peinture. Ce ruban de masquage convient \u00e9galement pour masquer les surfaces pendant la peinture au pistolet et le s\u00e9chage ult\u00e9rieur jusqu&rsquo;\u00e0 120 \u00b0 C. En raison de la haute qualit\u00e9 du ruban, il n&rsquo;y aura pas de retouches co\u00fbteuses et pas de temps perdu.<\/p>\n<p>\u2013 Pour obtenir des ar\u00eates pr\u00e9cises et nettes.<br \/>\n\u2013 Support papier extra-fin et tr\u00e8s r\u00e9sistant.<br \/>\n\u2013 Pour les surfaces d\u00e9licates.<br \/>\n\u2013 Excellentes performances avec les peintures \u00e0 base d&rsquo;eau.<br \/>\n\u2013 R\u00e9sistant jusqu&rsquo;\u00e0 100\u00ba.<\/p>\n<p>&nbsp;<\/p>\n<h3><strong>Applications principales<\/strong><\/h3>\n<p>Ce ruban convient \u00e0 presque tous les travaux de peinture int\u00e9rieure. Le masque de pr\u00e9cision tesa\u00ae 4334 peut \u00eatre appliqu\u00e9 avec des peintures et des laques \u00e0 base d&rsquo;eau et peut m\u00eame \u00eatre utilis\u00e9 avec des techniques qui n\u00e9cessitent une spatule, une truelle ou une truelle. Il convient \u00e0 une grande vari\u00e9t\u00e9 de surfaces telles que : verre, aluminium, PVC et bois. Il est particuli\u00e8rement adapt\u00e9 aux applications int\u00e9rieures lorsqu&rsquo;une finition parfaitement propre et pr\u00e9cise est requise.<\/p>\n<p>&nbsp;<\/p>\n<p>&nbsp;<\/p>\n<p><strong>Disponible dans notre magasin online<\/strong><\/p>\n<p><a href=\"https:\/\/solbi-mural.com\/fr\/rubans-adhesifs-une-face\/307-286-tesa-ruban-de-masquage-precision-mask-4334-jaune-rouleaux-de-50m-x-25mm-4042448816108.html\" target=\"_blank\" rel=\"noopener\">TESA\u00ae Ruban de Masquage Precision Mask 4334 Jaune \u2013Rouleaux de 50m x 25mm<\/a><\/p>\n<p><a href=\"https:\/\/solbi-mural.com\/fr\/rubans-adhesifs-une-face\/308-287-tesa-ruban-de-masquage-precision-mask-4334-jaune-rouleaux-de-50m-x-19mm-4042448816092.html\" target=\"_blank\" rel=\"noopener\">TESA\u00ae Ruban de Masquage Precision Mask 4334 Jaune \u2013Rouleaux de 50m x 19mm<\/a><\/p>\n<p>&nbsp;<\/p>\n<p><img fetchpriority=\"high\" decoding=\"async\" class=\"alignnone wp-image-4246 size-medium\" src=\"https:\/\/distribuidorcintastesa.es\/wp-content\/uploads\/2021\/10\/tesa-4334-2-300x225.jpg\" alt=\"Tesa 4334 Pr\u00e9cision Mask\" width=\"300\" height=\"225\" srcset=\"https:\/\/distribuidorcintastesa.es\/wp-content\/uploads\/2021\/10\/tesa-4334-2-300x225.jpg 300w, https:\/\/distribuidorcintastesa.es\/wp-content\/uploads\/2021\/10\/tesa-4334-2-64x48.jpg 64w, https:\/\/distribuidorcintastesa.es\/wp-content\/uploads\/2021\/10\/tesa-4334-2.jpg 456w\" sizes=\"(max-width: 300px) 100vw, 300px\" \/><\/p>\n<p>&nbsp;<\/p>\n<p><strong> Donn\u00e9es techniques Tesa 4334 Pr\u00e9cision Mask<\/strong><\/p>\n<table width=\"409\">\n<tbody>\n<tr>\n<td width=\"202\"><strong>Support<\/strong><\/td>\n<td width=\"207\">Papier de riz<\/td>\n<\/tr>\n<tr>\n<td><strong>\u00c9paisseur totale [\u00b5m]<\/strong><\/td>\n<td>90<\/td>\n<\/tr>\n<tr>\n<td><strong>Adh\u00e9sion \/ acier [N\/cm]<\/strong><\/td>\n<td>1,85<\/td>\n<\/tr>\n<tr>\n<td><strong>R\u00e9sist. roture [N\/cm]<\/strong><\/td>\n<td>30<\/td>\n<\/tr>\n<tr>\n<td><strong>Resist. int\u00e9rieur<\/strong><\/td>\n<td>5 mois<\/td>\n<\/tr>\n<\/tbody>\n<\/table>\n<table width=\"691\">\n<tbody>\n<tr>\n<td width=\"134\"><strong>PRODUIT<\/strong><\/td>\n<td width=\"134\"><strong>UNITE<\/strong><\/td>\n<td width=\"155\"><strong>EMBALLAGE<\/strong><\/td>\n<td width=\"134\"><strong>DIMENSIONS<\/strong><\/td>\n<td width=\"134\"><strong>COULEUR<\/strong><\/td>\n<\/tr>\n<tr>\n<td rowspan=\"5\" width=\"134\"><strong>4334<\/strong><\/td>\n<td width=\"134\">Rouleau<\/td>\n<td width=\"155\">48 Rouleaux\/Bo\u00eete<\/td>\n<td width=\"134\">19 mm x 50 mt<\/td>\n<td width=\"134\"><img decoding=\"async\" class=\"alignnone size-full wp-image-3068\" src=\"https:\/\/distribuidorcintastesa.es\/wp-content\/uploads\/2021\/03\/AMARILLO-FLUO.jpg\" alt=\"color AMARILLO FLUO\" width=\"38\" height=\"19\" \/><\/td>\n<\/tr>\n<tr>\n<td width=\"134\">Rouleau<\/td>\n<td width=\"155\">36 Rouleaux\/Bo\u00eete<\/td>\n<td width=\"134\">25 mm x 50 mt<\/td>\n<td width=\"134\"><img decoding=\"async\" class=\"alignnone size-full wp-image-3068\" src=\"https:\/\/distribuidorcintastesa.es\/wp-content\/uploads\/2021\/03\/AMARILLO-FLUO.jpg\" alt=\"color AMARILLO FLUO\" width=\"38\" height=\"19\" \/><\/td>\n<\/tr>\n<tr>\n<td width=\"134\">Rouleau<\/td>\n<td width=\"155\">30 Rouleaux\/Bo\u00eete<\/td>\n<td width=\"134\">30 mm x 50 mt<\/td>\n<td width=\"134\"><img decoding=\"async\" class=\"alignnone size-full wp-image-3068\" src=\"https:\/\/distribuidorcintastesa.es\/wp-content\/uploads\/2021\/03\/AMARILLO-FLUO.jpg\" alt=\"color AMARILLO FLUO\" width=\"38\" height=\"19\" \/><\/td>\n<\/tr>\n<tr>\n<td width=\"134\">Rouleau<\/td>\n<td width=\"155\">24 Rouleaux\/Bo\u00eete<\/td>\n<td width=\"134\">38 mm x 50 mt<\/td>\n<td width=\"134\"><img decoding=\"async\" class=\"alignnone size-full wp-image-3068\" src=\"https:\/\/distribuidorcintastesa.es\/wp-content\/uploads\/2021\/03\/AMARILLO-FLUO.jpg\" alt=\"color AMARILLO FLUO\" width=\"38\" height=\"19\" \/><\/td>\n<\/tr>\n<tr>\n<td width=\"134\">Rouleau<\/td>\n<td width=\"155\">18 Rouleaux\/Bo\u00eete<\/td>\n<td width=\"134\">50 mm x 50 mt<\/td>\n<td width=\"134\"><img decoding=\"async\" class=\"alignnone size-full wp-image-3068\" src=\"https:\/\/distribuidorcintastesa.es\/wp-content\/uploads\/2021\/03\/AMARILLO-FLUO.jpg\" alt=\"color AMARILLO FLUO\" width=\"38\" height=\"19\" \/><\/td>\n<\/tr>\n<\/tbody>\n<\/table>\n<p><strong>Disponible dans notre magasin online<\/strong><\/p>\n<p><a href=\"https:\/\/solbi-mural.com\/fr\/rubans-adhesifs-une-face\/307-286-tesa-ruban-de-masquage-precision-mask-4334-jaune-rouleaux-de-50m-x-25mm-4042448816108.html\" target=\"_blank\" rel=\"noopener\">TESA\u00ae Ruban de Masquage Precision Mask 4334 Jaune \u2013Rouleaux de 50m x 25mm<\/a><\/p>\n<p><a href=\"https:\/\/solbi-mural.com\/fr\/rubans-adhesifs-une-face\/308-287-tesa-ruban-de-masquage-precision-mask-4334-jaune-rouleaux-de-50m-x-19mm-4042448816092.html\" target=\"_blank\" rel=\"noopener\">TESA\u00ae Ruban de Masquage Precision Mask 4334 Jaune \u2013Rouleaux de 50m x 19mm<\/a><\/p>\n","protected":false},"excerpt":{"rendered":"<p>Tesa 4334 Pr\u00e9cision Mask Tesa 4334 Pr\u00e9cision Mask est compos\u00e9 d&rsquo;un support en papier extra-fin mais tr\u00e8s r\u00e9sistant et d&rsquo;un adh\u00e9sif acrylique. La combinaison d&rsquo;un support de haute qualit\u00e9 avec une formulation adh\u00e9sive inhabituelle permet au ruban d&rsquo;\u00eatre facilement retir\u00e9 jusqu&rsquo;\u00e0 6 mois apr\u00e8s l&rsquo;application. Cela permet d&rsquo;effectuer diverses t\u00e2ches de peinture en un seul [&hellip;]<\/p>\n","protected":false},"featured_media":4242,"template":"","meta":{"site-sidebar-layout":"default","site-content-layout":"","ast-site-content-layout":"default","site-content-style":"default","site-sidebar-style":"default","ast-global-header-display":"","ast-banner-title-visibility":"","ast-main-header-display":"","ast-hfb-above-header-display":"","ast-hfb-below-header-display":"","ast-hfb-mobile-header-display":"","site-post-title":"","ast-breadcrumbs-content":"","ast-featured-img":"","footer-sml-layout":"","ast-disable-related-posts":"","theme-transparent-header-meta":"","adv-header-id-meta":"","stick-header-meta":"","header-above-stick-meta":"","header-main-stick-meta":"","header-below-stick-meta":"","astra-migrate-meta-layouts":"default","ast-page-background-enabled":"default","ast-page-background-meta":{"desktop":{"background-color":"","background-image":"","background-repeat":"repeat","background-position":"center center","background-size":"auto","background-attachment":"scroll","background-type":"","background-media":"","overlay-type":"","overlay-color":"","overlay-opacity":"","overlay-gradient":""},"tablet":{"background-color":"","background-image":"","background-repeat":"repeat","background-position":"center center","background-size":"auto","background-attachment":"scroll","background-type":"","background-media":"","overlay-type":"","overlay-color":"","overlay-opacity":"","overlay-gradient":""},"mobile":{"background-color":"","background-image":"","background-repeat":"repeat","background-position":"center center","background-size":"auto","background-attachment":"scroll","background-type":"","background-media":"","overlay-type":"","overlay-color":"","overlay-opacity":"","overlay-gradient":""}},"ast-content-background-meta":{"desktop":{"background-color":"var(--ast-global-color-5)","background-image":"","background-repeat":"repeat","background-position":"center center","background-size":"auto","background-attachment":"scroll","background-type":"","background-media":"","overlay-type":"","overlay-color":"","overlay-opacity":"","overlay-gradient":""},"tablet":{"background-color":"var(--ast-global-color-5)","background-image":"","background-repeat":"repeat","background-position":"center center","background-size":"auto","background-attachment":"scroll","background-type":"","background-media":"","overlay-type":"","overlay-color":"","overlay-opacity":"","overlay-gradient":""},"mobile":{"background-color":"var(--ast-global-color-5)","background-image":"","background-repeat":"repeat","background-position":"center center","background-size":"auto","background-attachment":"scroll","background-type":"","background-media":"","overlay-type":"","overlay-color":"","overlay-opacity":"","overlay-gradient":""}}},"product_brand":[],"product_cat":[187,192],"product_tag":[],"class_list":{"0":"post-4239","1":"product","2":"type-product","3":"status-publish","4":"has-post-thumbnail","6":"product_cat-solutions-de-masquage","7":"product_cat-specialites","8":"desktop-align-center","9":"tablet-align-center","10":"mobile-align-center","12":"first","13":"instock","14":"shipping-taxable","15":"product-type-simple"},"yoast_head":"<!-- This site is optimized with the Yoast SEO Premium plugin v27.2 (Yoast SEO v27.2) - https:\/\/yoast.com\/product\/yoast-seo-premium-wordpress\/ -->\n<title>Tesa 4334 Pr\u00e9cision Mask Sp\u00e9cialit\u00e9s Solutions masquage<\/title>\n<meta name=\"description\" content=\"Tesa 4334 Pr\u00e9cision Mask Sp\u00e9cialit\u00e9s Solutions de masquage. convient aux travaux de peinture int\u00e9rieure Disponible dans magasin online\" \/>\n<meta name=\"robots\" content=\"index, follow, max-snippet:-1, max-image-preview:large, max-video-preview:-1\" \/>\n<link rel=\"canonical\" href=\"https:\/\/distribuidorcintastesa.es\/fr\/producto\/tesa-4334-precision-mask-specialites-solutions-masquage\/\" \/>\n<meta property=\"og:locale\" content=\"fr_FR\" \/>\n<meta property=\"og:type\" content=\"article\" \/>\n<meta property=\"og:title\" content=\"Tesa\u00ae 4334 Pr\u00e9cision Mask\" \/>\n<meta property=\"og:description\" content=\"Tesa 4334 Pr\u00e9cision Mask Sp\u00e9cialit\u00e9s Solutions de masquage. convient aux travaux de peinture int\u00e9rieure Disponible dans magasin online\" \/>\n<meta property=\"og:url\" content=\"https:\/\/distribuidorcintastesa.es\/fr\/producto\/tesa-4334-precision-mask-specialites-solutions-masquage\/\" \/>\n<meta property=\"og:site_name\" content=\"Distribuidor de cintas tesa, cintas tesa, tesa cintas, distribuidor tesa, tesa productos, productos tesa, tesa distribuidores, http:\/\/www.http:\/\/distribuidorcintas3m.es, Mejores ofertas en cintas\" \/>\n<meta property=\"article:modified_time\" content=\"2022-02-04T14:10:32+00:00\" \/>\n<meta property=\"og:image\" content=\"https:\/\/distribuidorcintastesa.es\/wp-content\/uploads\/2021\/10\/tesa-4334.jpg\" \/>\n\t<meta property=\"og:image:width\" content=\"600\" \/>\n\t<meta property=\"og:image:height\" content=\"600\" \/>\n\t<meta property=\"og:image:type\" content=\"image\/jpeg\" \/>\n<meta name=\"twitter:card\" content=\"summary_large_image\" \/>\n<meta name=\"twitter:label1\" content=\"Dur\u00e9e de lecture estim\u00e9e\" \/>\n\t<meta name=\"twitter:data1\" content=\"2 minutes\" \/>\n<script type=\"application\/ld+json\" class=\"yoast-schema-graph\">{\"@context\":\"https:\/\/schema.org\",\"@graph\":[{\"@type\":\"WebPage\",\"@id\":\"https:\/\/distribuidorcintastesa.es\/fr\/producto\/tesa-4334-precision-mask-specialites-solutions-masquage\/\",\"url\":\"https:\/\/distribuidorcintastesa.es\/fr\/producto\/tesa-4334-precision-mask-specialites-solutions-masquage\/\",\"name\":\"Tesa 4334 Pr\u00e9cision Mask Sp\u00e9cialit\u00e9s Solutions masquage\",\"isPartOf\":{\"@id\":\"https:\/\/distribuidorcintastesa.es\/fr\/#website\"},\"primaryImageOfPage\":{\"@id\":\"https:\/\/distribuidorcintastesa.es\/fr\/producto\/tesa-4334-precision-mask-specialites-solutions-masquage\/#primaryimage\"},\"image\":{\"@id\":\"https:\/\/distribuidorcintastesa.es\/fr\/producto\/tesa-4334-precision-mask-specialites-solutions-masquage\/#primaryimage\"},\"thumbnailUrl\":\"https:\/\/distribuidorcintastesa.es\/wp-content\/uploads\/2021\/10\/tesa-4334.jpg\",\"datePublished\":\"2021-10-19T15:04:54+00:00\",\"dateModified\":\"2022-02-04T14:10:32+00:00\",\"description\":\"Tesa 4334 Pr\u00e9cision Mask Sp\u00e9cialit\u00e9s Solutions de masquage. convient aux travaux de peinture int\u00e9rieure Disponible dans magasin online\",\"breadcrumb\":{\"@id\":\"https:\/\/distribuidorcintastesa.es\/fr\/producto\/tesa-4334-precision-mask-specialites-solutions-masquage\/#breadcrumb\"},\"inLanguage\":\"fr-FR\",\"potentialAction\":[{\"@type\":\"ReadAction\",\"target\":[\"https:\/\/distribuidorcintastesa.es\/fr\/producto\/tesa-4334-precision-mask-specialites-solutions-masquage\/\"]}]},{\"@type\":\"ImageObject\",\"inLanguage\":\"fr-FR\",\"@id\":\"https:\/\/distribuidorcintastesa.es\/fr\/producto\/tesa-4334-precision-mask-specialites-solutions-masquage\/#primaryimage\",\"url\":\"https:\/\/distribuidorcintastesa.es\/wp-content\/uploads\/2021\/10\/tesa-4334.jpg\",\"contentUrl\":\"https:\/\/distribuidorcintastesa.es\/wp-content\/uploads\/2021\/10\/tesa-4334.jpg\",\"width\":600,\"height\":600,\"caption\":\"Tesa 4334 Pr\u00e9cision Mask\"},{\"@type\":\"BreadcrumbList\",\"@id\":\"https:\/\/distribuidorcintastesa.es\/fr\/producto\/tesa-4334-precision-mask-specialites-solutions-masquage\/#breadcrumb\",\"itemListElement\":[{\"@type\":\"ListItem\",\"position\":1,\"name\":\"Portada\",\"item\":\"https:\/\/distribuidorcintastesa.es\/fr\/\"},{\"@type\":\"ListItem\",\"position\":2,\"name\":\"Produits\",\"item\":\"https:\/\/distribuidorcintastesa.es\/fr\/produits\/\"},{\"@type\":\"ListItem\",\"position\":3,\"name\":\"Tesa\u00ae 4334 Pr\u00e9cision Mask\"}]},{\"@type\":\"WebSite\",\"@id\":\"https:\/\/distribuidorcintastesa.es\/fr\/#website\",\"url\":\"https:\/\/distribuidorcintastesa.es\/fr\/\",\"name\":\"Distribuidor de cintas tesa\",\"description\":\"Distribuidor de cintas tesa, cintas tesa, tesa cintas, distribuidor tesa, tesa productos, productos tesa, tesa distribuidores, cintas y adhesivos, tesa cinta doble cara, cinta tesa doble cara, adhesivos tesa, cinta antideslizante, velcro tesa, cinta reflectante, tesa supergen, softprint, cinta doble cara tesa, selladores y adhesivos, cintas adhesivas de doble cara, cintas de aluminio, cintas de vinilo para se\u00f1alizaci\u00f3n, cintas de tela americanas, cintas de papel para enmascarar, cintas para embalaje\",\"publisher\":{\"@id\":\"https:\/\/distribuidorcintastesa.es\/fr\/#organization\"},\"potentialAction\":[{\"@type\":\"SearchAction\",\"target\":{\"@type\":\"EntryPoint\",\"urlTemplate\":\"https:\/\/distribuidorcintastesa.es\/fr\/?s={search_term_string}\"},\"query-input\":{\"@type\":\"PropertyValueSpecification\",\"valueRequired\":true,\"valueName\":\"search_term_string\"}}],\"inLanguage\":\"fr-FR\"},{\"@type\":\"Organization\",\"@id\":\"https:\/\/distribuidorcintastesa.es\/fr\/#organization\",\"name\":\"Distribuidor de cintas tesa\",\"url\":\"https:\/\/distribuidorcintastesa.es\/fr\/\",\"logo\":{\"@type\":\"ImageObject\",\"inLanguage\":\"fr-FR\",\"@id\":\"https:\/\/distribuidorcintastesa.es\/fr\/#\/schema\/logo\/image\/\",\"url\":\"https:\/\/distribuidorcintastesa.es\/wp-content\/uploads\/2022\/10\/logo-espanol-portugues.png\",\"contentUrl\":\"https:\/\/distribuidorcintastesa.es\/wp-content\/uploads\/2022\/10\/logo-espanol-portugues.png\",\"width\":871,\"height\":142,\"caption\":\"Distribuidor de cintas tesa\"},\"image\":{\"@id\":\"https:\/\/distribuidorcintastesa.es\/fr\/#\/schema\/logo\/image\/\"},\"sameAs\":[\"https:\/\/muralsrd.com\/\",\"https:\/\/solbi-mural.com\/es\/\",\"https:\/\/distribuidor-cintas-adhesivas.es\",\"https:\/\/www.instagram.com\/solbimural\/?igsh=ZnR6ZmkzZm1ubWhl\"]}]}<\/script>\n<!-- \/ Yoast SEO Premium plugin. -->","yoast_head_json":{"title":"Tesa 4334 Pr\u00e9cision Mask Sp\u00e9cialit\u00e9s Solutions masquage","description":"Tesa 4334 Pr\u00e9cision Mask Sp\u00e9cialit\u00e9s Solutions de masquage. convient aux travaux de peinture int\u00e9rieure Disponible dans magasin online","robots":{"index":"index","follow":"follow","max-snippet":"max-snippet:-1","max-image-preview":"max-image-preview:large","max-video-preview":"max-video-preview:-1"},"canonical":"https:\/\/distribuidorcintastesa.es\/fr\/producto\/tesa-4334-precision-mask-specialites-solutions-masquage\/","og_locale":"fr_FR","og_type":"article","og_title":"Tesa\u00ae 4334 Pr\u00e9cision Mask","og_description":"Tesa 4334 Pr\u00e9cision Mask Sp\u00e9cialit\u00e9s Solutions de masquage. convient aux travaux de peinture int\u00e9rieure Disponible dans magasin online","og_url":"https:\/\/distribuidorcintastesa.es\/fr\/producto\/tesa-4334-precision-mask-specialites-solutions-masquage\/","og_site_name":"Distribuidor de cintas tesa, cintas tesa, tesa cintas, distribuidor tesa, tesa productos, productos tesa, tesa distribuidores, http:\/\/www.http:\/\/distribuidorcintas3m.es, Mejores ofertas en cintas","article_modified_time":"2022-02-04T14:10:32+00:00","og_image":[{"width":600,"height":600,"url":"https:\/\/distribuidorcintastesa.es\/wp-content\/uploads\/2021\/10\/tesa-4334.jpg","type":"image\/jpeg"}],"twitter_card":"summary_large_image","twitter_misc":{"Dur\u00e9e de lecture estim\u00e9e":"2 minutes"},"schema":{"@context":"https:\/\/schema.org","@graph":[{"@type":"WebPage","@id":"https:\/\/distribuidorcintastesa.es\/fr\/producto\/tesa-4334-precision-mask-specialites-solutions-masquage\/","url":"https:\/\/distribuidorcintastesa.es\/fr\/producto\/tesa-4334-precision-mask-specialites-solutions-masquage\/","name":"Tesa 4334 Pr\u00e9cision Mask Sp\u00e9cialit\u00e9s Solutions masquage","isPartOf":{"@id":"https:\/\/distribuidorcintastesa.es\/fr\/#website"},"primaryImageOfPage":{"@id":"https:\/\/distribuidorcintastesa.es\/fr\/producto\/tesa-4334-precision-mask-specialites-solutions-masquage\/#primaryimage"},"image":{"@id":"https:\/\/distribuidorcintastesa.es\/fr\/producto\/tesa-4334-precision-mask-specialites-solutions-masquage\/#primaryimage"},"thumbnailUrl":"https:\/\/distribuidorcintastesa.es\/wp-content\/uploads\/2021\/10\/tesa-4334.jpg","datePublished":"2021-10-19T15:04:54+00:00","dateModified":"2022-02-04T14:10:32+00:00","description":"Tesa 4334 Pr\u00e9cision Mask Sp\u00e9cialit\u00e9s Solutions de masquage. convient aux travaux de peinture int\u00e9rieure Disponible dans magasin online","breadcrumb":{"@id":"https:\/\/distribuidorcintastesa.es\/fr\/producto\/tesa-4334-precision-mask-specialites-solutions-masquage\/#breadcrumb"},"inLanguage":"fr-FR","potentialAction":[{"@type":"ReadAction","target":["https:\/\/distribuidorcintastesa.es\/fr\/producto\/tesa-4334-precision-mask-specialites-solutions-masquage\/"]}]},{"@type":"ImageObject","inLanguage":"fr-FR","@id":"https:\/\/distribuidorcintastesa.es\/fr\/producto\/tesa-4334-precision-mask-specialites-solutions-masquage\/#primaryimage","url":"https:\/\/distribuidorcintastesa.es\/wp-content\/uploads\/2021\/10\/tesa-4334.jpg","contentUrl":"https:\/\/distribuidorcintastesa.es\/wp-content\/uploads\/2021\/10\/tesa-4334.jpg","width":600,"height":600,"caption":"Tesa 4334 Pr\u00e9cision Mask"},{"@type":"BreadcrumbList","@id":"https:\/\/distribuidorcintastesa.es\/fr\/producto\/tesa-4334-precision-mask-specialites-solutions-masquage\/#breadcrumb","itemListElement":[{"@type":"ListItem","position":1,"name":"Portada","item":"https:\/\/distribuidorcintastesa.es\/fr\/"},{"@type":"ListItem","position":2,"name":"Produits","item":"https:\/\/distribuidorcintastesa.es\/fr\/produits\/"},{"@type":"ListItem","position":3,"name":"Tesa\u00ae 4334 Pr\u00e9cision Mask"}]},{"@type":"WebSite","@id":"https:\/\/distribuidorcintastesa.es\/fr\/#website","url":"https:\/\/distribuidorcintastesa.es\/fr\/","name":"Distribuidor de cintas tesa","description":"Distribuidor de cintas tesa, cintas tesa, tesa cintas, distribuidor tesa, tesa productos, productos tesa, tesa distribuidores, cintas y adhesivos, tesa cinta doble cara, cinta tesa doble cara, adhesivos tesa, cinta antideslizante, velcro tesa, cinta reflectante, tesa supergen, softprint, cinta doble cara tesa, selladores y adhesivos, cintas adhesivas de doble cara, cintas de aluminio, cintas de vinilo para se\u00f1alizaci\u00f3n, cintas de tela americanas, cintas de papel para enmascarar, cintas para embalaje","publisher":{"@id":"https:\/\/distribuidorcintastesa.es\/fr\/#organization"},"potentialAction":[{"@type":"SearchAction","target":{"@type":"EntryPoint","urlTemplate":"https:\/\/distribuidorcintastesa.es\/fr\/?s={search_term_string}"},"query-input":{"@type":"PropertyValueSpecification","valueRequired":true,"valueName":"search_term_string"}}],"inLanguage":"fr-FR"},{"@type":"Organization","@id":"https:\/\/distribuidorcintastesa.es\/fr\/#organization","name":"Distribuidor de cintas tesa","url":"https:\/\/distribuidorcintastesa.es\/fr\/","logo":{"@type":"ImageObject","inLanguage":"fr-FR","@id":"https:\/\/distribuidorcintastesa.es\/fr\/#\/schema\/logo\/image\/","url":"https:\/\/distribuidorcintastesa.es\/wp-content\/uploads\/2022\/10\/logo-espanol-portugues.png","contentUrl":"https:\/\/distribuidorcintastesa.es\/wp-content\/uploads\/2022\/10\/logo-espanol-portugues.png","width":871,"height":142,"caption":"Distribuidor de cintas tesa"},"image":{"@id":"https:\/\/distribuidorcintastesa.es\/fr\/#\/schema\/logo\/image\/"},"sameAs":["https:\/\/muralsrd.com\/","https:\/\/solbi-mural.com\/es\/","https:\/\/distribuidor-cintas-adhesivas.es","https:\/\/www.instagram.com\/solbimural\/?igsh=ZnR6ZmkzZm1ubWhl"]}]}},"_links":{"self":[{"href":"https:\/\/distribuidorcintastesa.es\/fr\/wp-json\/wp\/v2\/product\/4239","targetHints":{"allow":["GET"]}}],"collection":[{"href":"https:\/\/distribuidorcintastesa.es\/fr\/wp-json\/wp\/v2\/product"}],"about":[{"href":"https:\/\/distribuidorcintastesa.es\/fr\/wp-json\/wp\/v2\/types\/product"}],"wp:featuredmedia":[{"embeddable":true,"href":"https:\/\/distribuidorcintastesa.es\/fr\/wp-json\/wp\/v2\/media\/4242"}],"wp:attachment":[{"href":"https:\/\/distribuidorcintastesa.es\/fr\/wp-json\/wp\/v2\/media?parent=4239"}],"wp:term":[{"taxonomy":"product_brand","embeddable":true,"href":"https:\/\/distribuidorcintastesa.es\/fr\/wp-json\/wp\/v2\/product_brand?post=4239"},{"taxonomy":"product_cat","embeddable":true,"href":"https:\/\/distribuidorcintastesa.es\/fr\/wp-json\/wp\/v2\/product_cat?post=4239"},{"taxonomy":"product_tag","embeddable":true,"href":"https:\/\/distribuidorcintastesa.es\/fr\/wp-json\/wp\/v2\/product_tag?post=4239"}],"curies":[{"name":"wp","href":"https:\/\/api.w.org\/{rel}","templated":true}]}}