{"id":4206,"date":"2021-10-19T12:34:03","date_gmt":"2021-10-19T12:34:03","guid":{"rendered":"https:\/\/distribuidorcintastesa.es\/?post_type=product&#038;p=4206"},"modified":"2021-10-19T12:53:38","modified_gmt":"2021-10-19T12:53:38","slug":"tesa-51134-film-de-protection-90oc","status":"publish","type":"product","link":"https:\/\/distribuidorcintastesa.es\/fr\/producto\/tesa-51134-film-de-protection-90oc\/","title":{"rendered":"Tesa\u00ae 51134 Film de protection 90\u00baC"},"content":{"rendered":"<p><strong>Tesa\u00ae 51134 Film de protection 90\u00baC<\/strong><\/p>\n<p>&#8211; R\u00e9sistant jusqu&rsquo;\u00e0 90\u00baC.<br \/>\n&#8211; Bonne r\u00e9sistance \u00e0 la d\u00e9chirure.<br \/>\n&#8211; Bonne adh\u00e9rence initiale sur plusieurs surfaces.<br \/>\n&#8211; Tr\u00e8s mall\u00e9able.<\/p>\n<p>&nbsp;<\/p>\n<p><img decoding=\"async\" class=\"alignnone size-full wp-image-4198\" src=\"https:\/\/distribuidorcintastesa.es\/wp-content\/uploads\/2021\/10\/tesa-51134_2.jpg\" alt=\"\" width=\"155\" height=\"174\" srcset=\"https:\/\/distribuidorcintastesa.es\/wp-content\/uploads\/2021\/10\/tesa-51134_2.jpg 155w, https:\/\/distribuidorcintastesa.es\/wp-content\/uploads\/2021\/10\/tesa-51134_2-64x72.jpg 64w\" sizes=\"(max-width: 155px) 100vw, 155px\" \/><\/p>\n<p>&nbsp;<\/p>\n<p><strong> Donn\u00e9es techniques<\/strong><\/p>\n<table width=\"409\">\n<tbody>\n<tr>\n<td width=\"202\"><strong>Support<\/strong><\/td>\n<td width=\"207\">Poly\u00e9thyl\u00e8ne (PE)<\/td>\n<\/tr>\n<tr>\n<td><strong>\u00c9paisseur totale [\u00b5m]<\/strong><\/td>\n<td>84<\/td>\n<\/tr>\n<tr>\n<td><strong>Adh\u00e9sion \/ acier [N\/cm]<\/strong><\/td>\n<td>2,4<\/td>\n<\/tr>\n<tr>\n<td><strong>R\u00e9sist. Roture [N\/cm]<\/strong><\/td>\n<td>15,0<\/td>\n<\/tr>\n<tr>\n<td><strong>Resist. At Temp. [\u00baC]<\/strong><\/td>\n<td>90<\/td>\n<\/tr>\n<\/tbody>\n<\/table>\n<table width=\"691\">\n<tbody>\n<tr>\n<td width=\"134\"><strong>PRODUIT<\/strong><\/td>\n<td width=\"134\"><strong>UNITE<\/strong><\/td>\n<td width=\"155\"><strong>EMBALLAGE<\/strong><\/td>\n<td width=\"134\"><strong>DIMENSIONS<\/strong><\/td>\n<td width=\"134\"><strong>COULEUR<\/strong><\/td>\n<\/tr>\n<tr>\n<td rowspan=\"4\" width=\"134\"><strong>51134<\/strong><\/td>\n<td width=\"134\">Rouleau<\/td>\n<td width=\"155\"><\/td>\n<td width=\"134\">150 mm x 100 mt<\/td>\n<td width=\"134\">Transp.<\/td>\n<\/tr>\n<tr>\n<td width=\"134\">Rouleau<\/td>\n<td width=\"155\">22 Rouleau\/Bo\u00eete<\/td>\n<td width=\"134\">980 mm x 200 mt<\/td>\n<td width=\"134\">Transp.<\/td>\n<\/tr>\n<tr>\n<td width=\"134\">Rouleau<\/td>\n<td width=\"155\"><\/td>\n<td width=\"134\">400 mm x 200 mt<\/td>\n<td width=\"134\">Transp.<\/td>\n<\/tr>\n<tr>\n<td width=\"134\">Rouleau<\/td>\n<td width=\"155\"><\/td>\n<td width=\"134\">490 mm x 200 mt<\/td>\n<td width=\"134\">Transp.<\/td>\n<\/tr>\n<\/tbody>\n<\/table>\n","protected":false},"excerpt":{"rendered":"<p>Tesa\u00ae 51134 Film de protection 90\u00baC &#8211; R\u00e9sistant jusqu&rsquo;\u00e0 90\u00baC. &#8211; Bonne r\u00e9sistance \u00e0 la d\u00e9chirure. &#8211; Bonne adh\u00e9rence initiale sur plusieurs surfaces. &#8211; Tr\u00e8s mall\u00e9able. &nbsp; &nbsp; Donn\u00e9es techniques Support Poly\u00e9thyl\u00e8ne (PE) \u00c9paisseur totale [\u00b5m] 84 Adh\u00e9sion \/ acier [N\/cm] 2,4 R\u00e9sist. Roture [N\/cm] 15,0 Resist. At Temp. [\u00baC] 90 PRODUIT UNITE EMBALLAGE DIMENSIONS [&hellip;]<\/p>\n","protected":false},"featured_media":0,"template":"","meta":{"site-sidebar-layout":"default","site-content-layout":"","ast-site-content-layout":"default","site-content-style":"default","site-sidebar-style":"default","ast-global-header-display":"","ast-banner-title-visibility":"","ast-main-header-display":"","ast-hfb-above-header-display":"","ast-hfb-below-header-display":"","ast-hfb-mobile-header-display":"","site-post-title":"","ast-breadcrumbs-content":"","ast-featured-img":"","footer-sml-layout":"","ast-disable-related-posts":"","theme-transparent-header-meta":"","adv-header-id-meta":"","stick-header-meta":"","header-above-stick-meta":"","header-main-stick-meta":"","header-below-stick-meta":"","astra-migrate-meta-layouts":"default","ast-page-background-enabled":"default","ast-page-background-meta":{"desktop":{"background-color":"","background-image":"","background-repeat":"repeat","background-position":"center center","background-size":"auto","background-attachment":"scroll","background-type":"","background-media":"","overlay-type":"","overlay-color":"","overlay-opacity":"","overlay-gradient":""},"tablet":{"background-color":"","background-image":"","background-repeat":"repeat","background-position":"center center","background-size":"auto","background-attachment":"scroll","background-type":"","background-media":"","overlay-type":"","overlay-color":"","overlay-opacity":"","overlay-gradient":""},"mobile":{"background-color":"","background-image":"","background-repeat":"repeat","background-position":"center center","background-size":"auto","background-attachment":"scroll","background-type":"","background-media":"","overlay-type":"","overlay-color":"","overlay-opacity":"","overlay-gradient":""}},"ast-content-background-meta":{"desktop":{"background-color":"var(--ast-global-color-5)","background-image":"","background-repeat":"repeat","background-position":"center center","background-size":"auto","background-attachment":"scroll","background-type":"","background-media":"","overlay-type":"","overlay-color":"","overlay-opacity":"","overlay-gradient":""},"tablet":{"background-color":"var(--ast-global-color-5)","background-image":"","background-repeat":"repeat","background-position":"center center","background-size":"auto","background-attachment":"scroll","background-type":"","background-media":"","overlay-type":"","overlay-color":"","overlay-opacity":"","overlay-gradient":""},"mobile":{"background-color":"var(--ast-global-color-5)","background-image":"","background-repeat":"repeat","background-position":"center center","background-size":"auto","background-attachment":"scroll","background-type":"","background-media":"","overlay-type":"","overlay-color":"","overlay-opacity":"","overlay-gradient":""}}},"product_brand":[],"product_cat":[17],"product_tag":[],"class_list":{"0":"post-4206","1":"product","2":"type-product","3":"status-publish","5":"product_cat-sin-categorizar","6":"desktop-align-center","7":"tablet-align-center","8":"mobile-align-center","10":"first","11":"instock","12":"shipping-taxable","13":"product-type-simple"},"yoast_head":"<!-- This site is optimized with the Yoast SEO Premium plugin v27.2 (Yoast SEO v27.2) - https:\/\/yoast.com\/product\/yoast-seo-premium-wordpress\/ -->\n<title>Tesa\u00ae 51134 Film de protection 90\u00baC<\/title>\n<meta name=\"robots\" content=\"index, follow, max-snippet:-1, max-image-preview:large, max-video-preview:-1\" \/>\n<link rel=\"canonical\" href=\"https:\/\/distribuidorcintastesa.es\/fr\/producto\/tesa-51134-film-de-protection-90oc\/\" \/>\n<meta property=\"og:locale\" content=\"fr_FR\" \/>\n<meta property=\"og:type\" content=\"article\" \/>\n<meta property=\"og:title\" content=\"Tesa\u00ae 51134 Film de protection 90\u00baC\" \/>\n<meta property=\"og:description\" content=\"Tesa\u00ae 51134 Film de protection 90\u00baC &#8211; R\u00e9sistant jusqu&rsquo;\u00e0 90\u00baC. &#8211; Bonne r\u00e9sistance \u00e0 la d\u00e9chirure. &#8211; Bonne adh\u00e9rence initiale sur plusieurs surfaces. &#8211; Tr\u00e8s mall\u00e9able. &nbsp; &nbsp; Donn\u00e9es techniques Support Poly\u00e9thyl\u00e8ne (PE) \u00c9paisseur totale [\u00b5m] 84 Adh\u00e9sion \/ acier [N\/cm] 2,4 R\u00e9sist. Roture [N\/cm] 15,0 Resist. At Temp. [\u00baC] 90 PRODUIT UNITE EMBALLAGE DIMENSIONS [&hellip;]\" \/>\n<meta property=\"og:url\" content=\"https:\/\/distribuidorcintastesa.es\/fr\/producto\/tesa-51134-film-de-protection-90oc\/\" \/>\n<meta property=\"og:site_name\" content=\"Distribuidor de cintas tesa, cintas tesa, tesa cintas, distribuidor tesa, tesa productos, productos tesa, tesa distribuidores, http:\/\/www.http:\/\/distribuidorcintas3m.es, Mejores ofertas en cintas\" \/>\n<meta property=\"article:modified_time\" content=\"2021-10-19T12:53:38+00:00\" \/>\n<meta property=\"og:image\" content=\"https:\/\/distribuidorcintastesa.es\/wp-content\/uploads\/2021\/10\/tesa-51134_2.jpg\" \/>\n<meta name=\"twitter:card\" content=\"summary_large_image\" \/>\n<script type=\"application\/ld+json\" class=\"yoast-schema-graph\">{\"@context\":\"https:\/\/schema.org\",\"@graph\":[{\"@type\":\"WebPage\",\"@id\":\"https:\/\/distribuidorcintastesa.es\/fr\/producto\/tesa-51134-film-de-protection-90oc\/\",\"url\":\"https:\/\/distribuidorcintastesa.es\/fr\/producto\/tesa-51134-film-de-protection-90oc\/\",\"name\":\"Tesa\u00ae 51134 Film de protection 90\u00baC\",\"isPartOf\":{\"@id\":\"https:\/\/distribuidorcintastesa.es\/fr\/#website\"},\"primaryImageOfPage\":{\"@id\":\"https:\/\/distribuidorcintastesa.es\/fr\/producto\/tesa-51134-film-de-protection-90oc\/#primaryimage\"},\"image\":{\"@id\":\"https:\/\/distribuidorcintastesa.es\/fr\/producto\/tesa-51134-film-de-protection-90oc\/#primaryimage\"},\"thumbnailUrl\":\"https:\/\/distribuidorcintastesa.es\/wp-content\/uploads\/2021\/10\/tesa-51134_2.jpg\",\"datePublished\":\"2021-10-19T12:34:03+00:00\",\"dateModified\":\"2021-10-19T12:53:38+00:00\",\"breadcrumb\":{\"@id\":\"https:\/\/distribuidorcintastesa.es\/fr\/producto\/tesa-51134-film-de-protection-90oc\/#breadcrumb\"},\"inLanguage\":\"fr-FR\",\"potentialAction\":[{\"@type\":\"ReadAction\",\"target\":[\"https:\/\/distribuidorcintastesa.es\/fr\/producto\/tesa-51134-film-de-protection-90oc\/\"]}]},{\"@type\":\"ImageObject\",\"inLanguage\":\"fr-FR\",\"@id\":\"https:\/\/distribuidorcintastesa.es\/fr\/producto\/tesa-51134-film-de-protection-90oc\/#primaryimage\",\"url\":\"https:\/\/distribuidorcintastesa.es\/wp-content\/uploads\/2021\/10\/tesa-51134_2.jpg\",\"contentUrl\":\"https:\/\/distribuidorcintastesa.es\/wp-content\/uploads\/2021\/10\/tesa-51134_2.jpg\"},{\"@type\":\"BreadcrumbList\",\"@id\":\"https:\/\/distribuidorcintastesa.es\/fr\/producto\/tesa-51134-film-de-protection-90oc\/#breadcrumb\",\"itemListElement\":[{\"@type\":\"ListItem\",\"position\":1,\"name\":\"Portada\",\"item\":\"https:\/\/distribuidorcintastesa.es\/fr\/\"},{\"@type\":\"ListItem\",\"position\":2,\"name\":\"Produits\",\"item\":\"https:\/\/distribuidorcintastesa.es\/fr\/produits\/\"},{\"@type\":\"ListItem\",\"position\":3,\"name\":\"Tesa\u00ae 51134 Film de protection 90\u00baC\"}]},{\"@type\":\"WebSite\",\"@id\":\"https:\/\/distribuidorcintastesa.es\/fr\/#website\",\"url\":\"https:\/\/distribuidorcintastesa.es\/fr\/\",\"name\":\"Distribuidor de cintas tesa\",\"description\":\"Distribuidor de cintas tesa, cintas tesa, tesa cintas, distribuidor tesa, tesa productos, productos tesa, tesa distribuidores, cintas y adhesivos, tesa cinta doble cara, cinta tesa doble cara, adhesivos tesa, cinta antideslizante, velcro tesa, cinta reflectante, tesa supergen, softprint, cinta doble cara tesa, selladores y adhesivos, cintas adhesivas de doble cara, cintas de aluminio, cintas de vinilo para se\u00f1alizaci\u00f3n, cintas de tela americanas, cintas de papel para enmascarar, cintas para embalaje\",\"publisher\":{\"@id\":\"https:\/\/distribuidorcintastesa.es\/fr\/#organization\"},\"potentialAction\":[{\"@type\":\"SearchAction\",\"target\":{\"@type\":\"EntryPoint\",\"urlTemplate\":\"https:\/\/distribuidorcintastesa.es\/fr\/?s={search_term_string}\"},\"query-input\":{\"@type\":\"PropertyValueSpecification\",\"valueRequired\":true,\"valueName\":\"search_term_string\"}}],\"inLanguage\":\"fr-FR\"},{\"@type\":\"Organization\",\"@id\":\"https:\/\/distribuidorcintastesa.es\/fr\/#organization\",\"name\":\"Distribuidor de cintas tesa\",\"url\":\"https:\/\/distribuidorcintastesa.es\/fr\/\",\"logo\":{\"@type\":\"ImageObject\",\"inLanguage\":\"fr-FR\",\"@id\":\"https:\/\/distribuidorcintastesa.es\/fr\/#\/schema\/logo\/image\/\",\"url\":\"https:\/\/distribuidorcintastesa.es\/wp-content\/uploads\/2022\/10\/logo-espanol-portugues.png\",\"contentUrl\":\"https:\/\/distribuidorcintastesa.es\/wp-content\/uploads\/2022\/10\/logo-espanol-portugues.png\",\"width\":871,\"height\":142,\"caption\":\"Distribuidor de cintas tesa\"},\"image\":{\"@id\":\"https:\/\/distribuidorcintastesa.es\/fr\/#\/schema\/logo\/image\/\"},\"sameAs\":[\"https:\/\/muralsrd.com\/\",\"https:\/\/solbi-mural.com\/es\/\",\"https:\/\/distribuidor-cintas-adhesivas.es\",\"https:\/\/www.instagram.com\/solbimural\/?igsh=ZnR6ZmkzZm1ubWhl\"]}]}<\/script>\n<!-- \/ Yoast SEO Premium plugin. -->","yoast_head_json":{"title":"Tesa\u00ae 51134 Film de protection 90\u00baC","robots":{"index":"index","follow":"follow","max-snippet":"max-snippet:-1","max-image-preview":"max-image-preview:large","max-video-preview":"max-video-preview:-1"},"canonical":"https:\/\/distribuidorcintastesa.es\/fr\/producto\/tesa-51134-film-de-protection-90oc\/","og_locale":"fr_FR","og_type":"article","og_title":"Tesa\u00ae 51134 Film de protection 90\u00baC","og_description":"Tesa\u00ae 51134 Film de protection 90\u00baC &#8211; R\u00e9sistant jusqu&rsquo;\u00e0 90\u00baC. &#8211; Bonne r\u00e9sistance \u00e0 la d\u00e9chirure. &#8211; Bonne adh\u00e9rence initiale sur plusieurs surfaces. &#8211; Tr\u00e8s mall\u00e9able. &nbsp; &nbsp; Donn\u00e9es techniques Support Poly\u00e9thyl\u00e8ne (PE) \u00c9paisseur totale [\u00b5m] 84 Adh\u00e9sion \/ acier [N\/cm] 2,4 R\u00e9sist. Roture [N\/cm] 15,0 Resist. At Temp. [\u00baC] 90 PRODUIT UNITE EMBALLAGE DIMENSIONS [&hellip;]","og_url":"https:\/\/distribuidorcintastesa.es\/fr\/producto\/tesa-51134-film-de-protection-90oc\/","og_site_name":"Distribuidor de cintas tesa, cintas tesa, tesa cintas, distribuidor tesa, tesa productos, productos tesa, tesa distribuidores, http:\/\/www.http:\/\/distribuidorcintas3m.es, Mejores ofertas en cintas","article_modified_time":"2021-10-19T12:53:38+00:00","og_image":[{"url":"https:\/\/distribuidorcintastesa.es\/wp-content\/uploads\/2021\/10\/tesa-51134_2.jpg","type":"","width":"","height":""}],"twitter_card":"summary_large_image","schema":{"@context":"https:\/\/schema.org","@graph":[{"@type":"WebPage","@id":"https:\/\/distribuidorcintastesa.es\/fr\/producto\/tesa-51134-film-de-protection-90oc\/","url":"https:\/\/distribuidorcintastesa.es\/fr\/producto\/tesa-51134-film-de-protection-90oc\/","name":"Tesa\u00ae 51134 Film de protection 90\u00baC","isPartOf":{"@id":"https:\/\/distribuidorcintastesa.es\/fr\/#website"},"primaryImageOfPage":{"@id":"https:\/\/distribuidorcintastesa.es\/fr\/producto\/tesa-51134-film-de-protection-90oc\/#primaryimage"},"image":{"@id":"https:\/\/distribuidorcintastesa.es\/fr\/producto\/tesa-51134-film-de-protection-90oc\/#primaryimage"},"thumbnailUrl":"https:\/\/distribuidorcintastesa.es\/wp-content\/uploads\/2021\/10\/tesa-51134_2.jpg","datePublished":"2021-10-19T12:34:03+00:00","dateModified":"2021-10-19T12:53:38+00:00","breadcrumb":{"@id":"https:\/\/distribuidorcintastesa.es\/fr\/producto\/tesa-51134-film-de-protection-90oc\/#breadcrumb"},"inLanguage":"fr-FR","potentialAction":[{"@type":"ReadAction","target":["https:\/\/distribuidorcintastesa.es\/fr\/producto\/tesa-51134-film-de-protection-90oc\/"]}]},{"@type":"ImageObject","inLanguage":"fr-FR","@id":"https:\/\/distribuidorcintastesa.es\/fr\/producto\/tesa-51134-film-de-protection-90oc\/#primaryimage","url":"https:\/\/distribuidorcintastesa.es\/wp-content\/uploads\/2021\/10\/tesa-51134_2.jpg","contentUrl":"https:\/\/distribuidorcintastesa.es\/wp-content\/uploads\/2021\/10\/tesa-51134_2.jpg"},{"@type":"BreadcrumbList","@id":"https:\/\/distribuidorcintastesa.es\/fr\/producto\/tesa-51134-film-de-protection-90oc\/#breadcrumb","itemListElement":[{"@type":"ListItem","position":1,"name":"Portada","item":"https:\/\/distribuidorcintastesa.es\/fr\/"},{"@type":"ListItem","position":2,"name":"Produits","item":"https:\/\/distribuidorcintastesa.es\/fr\/produits\/"},{"@type":"ListItem","position":3,"name":"Tesa\u00ae 51134 Film de protection 90\u00baC"}]},{"@type":"WebSite","@id":"https:\/\/distribuidorcintastesa.es\/fr\/#website","url":"https:\/\/distribuidorcintastesa.es\/fr\/","name":"Distribuidor de cintas tesa","description":"Distribuidor de cintas tesa, cintas tesa, tesa cintas, distribuidor tesa, tesa productos, productos tesa, tesa distribuidores, cintas y adhesivos, tesa cinta doble cara, cinta tesa doble cara, adhesivos tesa, cinta antideslizante, velcro tesa, cinta reflectante, tesa supergen, softprint, cinta doble cara tesa, selladores y adhesivos, cintas adhesivas de doble cara, cintas de aluminio, cintas de vinilo para se\u00f1alizaci\u00f3n, cintas de tela americanas, cintas de papel para enmascarar, cintas para embalaje","publisher":{"@id":"https:\/\/distribuidorcintastesa.es\/fr\/#organization"},"potentialAction":[{"@type":"SearchAction","target":{"@type":"EntryPoint","urlTemplate":"https:\/\/distribuidorcintastesa.es\/fr\/?s={search_term_string}"},"query-input":{"@type":"PropertyValueSpecification","valueRequired":true,"valueName":"search_term_string"}}],"inLanguage":"fr-FR"},{"@type":"Organization","@id":"https:\/\/distribuidorcintastesa.es\/fr\/#organization","name":"Distribuidor de cintas tesa","url":"https:\/\/distribuidorcintastesa.es\/fr\/","logo":{"@type":"ImageObject","inLanguage":"fr-FR","@id":"https:\/\/distribuidorcintastesa.es\/fr\/#\/schema\/logo\/image\/","url":"https:\/\/distribuidorcintastesa.es\/wp-content\/uploads\/2022\/10\/logo-espanol-portugues.png","contentUrl":"https:\/\/distribuidorcintastesa.es\/wp-content\/uploads\/2022\/10\/logo-espanol-portugues.png","width":871,"height":142,"caption":"Distribuidor de cintas tesa"},"image":{"@id":"https:\/\/distribuidorcintastesa.es\/fr\/#\/schema\/logo\/image\/"},"sameAs":["https:\/\/muralsrd.com\/","https:\/\/solbi-mural.com\/es\/","https:\/\/distribuidor-cintas-adhesivas.es","https:\/\/www.instagram.com\/solbimural\/?igsh=ZnR6ZmkzZm1ubWhl"]}]}},"_links":{"self":[{"href":"https:\/\/distribuidorcintastesa.es\/fr\/wp-json\/wp\/v2\/product\/4206","targetHints":{"allow":["GET"]}}],"collection":[{"href":"https:\/\/distribuidorcintastesa.es\/fr\/wp-json\/wp\/v2\/product"}],"about":[{"href":"https:\/\/distribuidorcintastesa.es\/fr\/wp-json\/wp\/v2\/types\/product"}],"wp:attachment":[{"href":"https:\/\/distribuidorcintastesa.es\/fr\/wp-json\/wp\/v2\/media?parent=4206"}],"wp:term":[{"taxonomy":"product_brand","embeddable":true,"href":"https:\/\/distribuidorcintastesa.es\/fr\/wp-json\/wp\/v2\/product_brand?post=4206"},{"taxonomy":"product_cat","embeddable":true,"href":"https:\/\/distribuidorcintastesa.es\/fr\/wp-json\/wp\/v2\/product_cat?post=4206"},{"taxonomy":"product_tag","embeddable":true,"href":"https:\/\/distribuidorcintastesa.es\/fr\/wp-json\/wp\/v2\/product_tag?post=4206"}],"curies":[{"name":"wp","href":"https:\/\/api.w.org\/{rel}","templated":true}]}}