{"id":3373,"date":"2021-03-24T17:28:48","date_gmt":"2021-03-24T17:28:48","guid":{"rendered":"https:\/\/distribuidorcintastesa.es\/?post_type=product&#038;p=3373"},"modified":"2022-01-28T12:16:42","modified_gmt":"2022-01-28T12:16:42","slug":"tesa-50600-polyester-standard-traitements-pulverisation-masquage","status":"publish","type":"product","link":"https:\/\/distribuidorcintastesa.es\/fr\/producto\/tesa-50600-polyester-standard-traitements-pulverisation-masquage\/","title":{"rendered":"Tesa\u00ae 50600 Polyester Standard"},"content":{"rendered":"<p><strong>Tesa 50600 Polyester Standard<\/strong><\/p>\n<p>Le ruban Tesa\u00ae 50600 est un ruban de masquage haute temp\u00e9rature vert translucide avec un support en polyester avec un adh\u00e9sif silicone.<\/p>\n<p>Tesa\u00ae 50600 est utilis\u00e9 pour diverses applications, en particulier pour le masquage pendant les processus de rev\u00eatement en poudre, les applications de protection de surface ou l&rsquo;assemblage et l&rsquo;\u00e9pissure de mat\u00e9riaux non polaires.<\/p>\n<p>Ce ruban permet d&rsquo;obtenir des bords color\u00e9s nets et offre un excellent ancrage de la peinture.<\/p>\n<p>Le syst\u00e8me adh\u00e9sif en silicone du ruban de masquage rend le ruban extr\u00eamement r\u00e9sistant \u00e0 la chaleur, r\u00e9sistant \u00e0 des temp\u00e9ratures extr\u00eames allant jusqu&rsquo;\u00e0 220 \u00b0 C pendant 30 minutes \u00e0 la fois.<\/p>\n<p>Le ruban haute temp\u00e9rature permet une application facile et un retrait facile d&rsquo;une pi\u00e8ce sans laisser de r\u00e9sidus.<\/p>\n<p>La bande adh\u00e9sive Tesa\u00ae 50600 est \u00e9galement disponible en version enduite.<\/p>\n<p>&nbsp;<\/p>\n<h3><strong>B\u00e9n\u00e9fices<\/strong>:<\/h3>\n<ul>\n<li>R\u00e9sistance haute temp\u00e9rature (jusqu&rsquo;\u00e0 220 \u00b0 C pendant 30 minutes)<\/li>\n<li>Pas d&rsquo;\u00e9limination des r\u00e9sidus pour les applications de masquage et de protection de surface<\/li>\n<li>Tesa\u00ae 50600 est \u00e9galement disponible dans un rev\u00eatement sp\u00e9cial en PET de 50 \u03bcm d&rsquo;\u00e9paisseur (50600 PV1<\/li>\n<li>Id\u00e9al pour masquer les zones qui doivent \u00eatre prot\u00e9g\u00e9es pendant les processus de rev\u00eatement en poudre<\/li>\n<li>Tesa\u00ae 50600 est utilis\u00e9 pour la protection de surface ou les applications de collage et d&rsquo;\u00e9pissure de mat\u00e9riaux non polaires<\/li>\n<\/ul>\n<p>&#8211; Ruban polyester avec adh\u00e9sif silicone.<br \/>\n&#8211; Facile \u00e0 enlever sans laisser de r\u00e9sidu d&rsquo;adh\u00e9sif.<br \/>\n&#8211; Tr\u00e8s bonne adh\u00e9rence, m\u00eame sur les surfaces silicone.<br \/>\n&#8211; Peut \u00e9galement \u00eatre utilis\u00e9 pour l&rsquo;\u00e9pissage bobines de mat\u00e9riaux en silicone.<\/p>\n<p><a href=\"https:\/\/solbi-mural.com\/fr\/rubans-adhesifs-une-face\/719-tesa-ruban-adhesif-polyester-pet-50600-vert-rouleau-de-66m-x-50mm.html\" target=\"_blank\" rel=\"noopener\">Disponible dans notre magasin online<\/a><\/p>\n<p>&nbsp;<\/p>\n<p><img fetchpriority=\"high\" decoding=\"async\" class=\"alignnone wp-image-3385 size-medium\" src=\"https:\/\/distribuidorcintastesa.es\/wp-content\/uploads\/2021\/03\/tesa-50600-300x201.jpg\" alt=\"Tesa 50600 Polyester Standard\" width=\"300\" height=\"201\" srcset=\"https:\/\/distribuidorcintastesa.es\/wp-content\/uploads\/2021\/03\/tesa-50600-300x201.jpg 300w, https:\/\/distribuidorcintastesa.es\/wp-content\/uploads\/2021\/03\/tesa-50600-768x514.jpg 768w, https:\/\/distribuidorcintastesa.es\/wp-content\/uploads\/2021\/03\/tesa-50600-600x402.jpg 600w, https:\/\/distribuidorcintastesa.es\/wp-content\/uploads\/2021\/03\/tesa-50600-64x43.jpg 64w, https:\/\/distribuidorcintastesa.es\/wp-content\/uploads\/2021\/03\/tesa-50600.jpg 869w\" sizes=\"(max-width: 300px) 100vw, 300px\" \/><\/p>\n<p>&nbsp;<\/p>\n<p><strong> Donn\u00e9es techniques Tesa 50600 Polyester Standard<\/strong><\/p>\n<table width=\"409\">\n<tbody>\n<tr>\n<td width=\"202\"><strong>Support<\/strong><\/td>\n<td width=\"207\">Polyester (PET)<\/td>\n<\/tr>\n<tr>\n<td><strong>\u00c9paisseur totale [\u00b5m]<\/strong><\/td>\n<td>80<\/td>\n<\/tr>\n<tr>\n<td><strong>Adh\u00e9sion \/ acier [N\/cm]<\/strong><\/td>\n<td>4,0<\/td>\n<\/tr>\n<tr>\n<td><strong>R\u00e9sist. Roture [N\/cm]<\/strong><\/td>\n<td>72,0<\/td>\n<\/tr>\n<tr>\n<td><strong>R\u00e9siste \u00e0 t\u00aa [\u00baC]<\/strong><\/td>\n<td>220<\/td>\n<\/tr>\n<\/tbody>\n<\/table>\n<table width=\"675\">\n<tbody>\n<tr>\n<td width=\"131\"><strong>PRODUIT<\/strong><\/td>\n<td width=\"131\"><strong>UNITE<\/strong><\/td>\n<td width=\"151\"><strong>EMBALLAGE<\/strong><\/td>\n<td width=\"131\"><strong>DIMENSIONS<\/strong><\/td>\n<td width=\"131\"><strong>COULEUR<\/strong><\/td>\n<\/tr>\n<tr>\n<td rowspan=\"8\" width=\"131\"><strong>50600<\/strong><\/td>\n<td width=\"131\">Rouleau<\/td>\n<td width=\"151\">72 Rouleaux\/Bo\u00eete<\/td>\n<td width=\"131\">25 mm x 66 mt<\/td>\n<td width=\"131\"><img decoding=\"async\" class=\"alignnone size-full wp-image-3377\" src=\"https:\/\/distribuidorcintastesa.es\/wp-content\/uploads\/2021\/03\/verde_2.png\" alt=\"color verde\" width=\"38\" height=\"19\" \/><\/td>\n<\/tr>\n<tr>\n<td width=\"131\">Rouleau<\/td>\n<td width=\"151\">54 Rouleaux\/Bo\u00eete<\/td>\n<td width=\"131\">30 mm x 66 mt<\/td>\n<td width=\"131\"><img decoding=\"async\" class=\"alignnone size-full wp-image-3377\" src=\"https:\/\/distribuidorcintastesa.es\/wp-content\/uploads\/2021\/03\/verde_2.png\" alt=\"color verde\" width=\"38\" height=\"19\" \/><\/td>\n<\/tr>\n<tr>\n<td width=\"131\">Rouleau<\/td>\n<td width=\"151\">36 Rouleaux\/Bo\u00eete<\/td>\n<td width=\"131\">50 mm x 66 mt<\/td>\n<td width=\"131\"><img decoding=\"async\" class=\"alignnone size-full wp-image-3377\" src=\"https:\/\/distribuidorcintastesa.es\/wp-content\/uploads\/2021\/03\/verde_2.png\" alt=\"color verde\" width=\"38\" height=\"19\" \/><\/td>\n<\/tr>\n<tr>\n<td width=\"131\">Rouleau<\/td>\n<td width=\"151\">1 Rouleau\/Bo\u00eete<\/td>\n<td width=\"131\">1250 mm x 66 mt\u00a0\u00a0 (Coupe)<\/td>\n<td width=\"131\"><img decoding=\"async\" class=\"alignnone size-full wp-image-3377\" src=\"https:\/\/distribuidorcintastesa.es\/wp-content\/uploads\/2021\/03\/verde_2.png\" alt=\"color verde\" width=\"38\" height=\"19\" \/><\/td>\n<\/tr>\n<tr>\n<td width=\"131\">Rouleau<\/td>\n<td width=\"151\">1 Rouleau\/Bo\u00eete<\/td>\n<td width=\"131\">1282 mm x 66 mt<\/td>\n<td width=\"131\"><img decoding=\"async\" class=\"alignnone size-full wp-image-3377\" src=\"https:\/\/distribuidorcintastesa.es\/wp-content\/uploads\/2021\/03\/verde_2.png\" alt=\"color verde\" width=\"38\" height=\"19\" \/><\/td>\n<\/tr>\n<tr>\n<td width=\"131\">Rouleau<\/td>\n<td width=\"151\">1 Rouleau\/Bo\u00eete<\/td>\n<td width=\"131\">980 mm x 66 mt\u00a0\u00a0 (Corte)<\/td>\n<td width=\"131\"><img decoding=\"async\" class=\"alignnone size-full wp-image-3377\" src=\"https:\/\/distribuidorcintastesa.es\/wp-content\/uploads\/2021\/03\/verde_2.png\" alt=\"color verde\" width=\"38\" height=\"19\" \/><\/td>\n<\/tr>\n<tr>\n<td width=\"131\">Rouleau<\/td>\n<td width=\"151\">4 Rouleaux\/Bo\u00eete<\/td>\n<td width=\"131\">980 mm x 66 mt\u00a0\u00a0 (Liner)<\/td>\n<td width=\"131\"><img decoding=\"async\" class=\"alignnone size-full wp-image-3377\" src=\"https:\/\/distribuidorcintastesa.es\/wp-content\/uploads\/2021\/03\/verde_2.png\" alt=\"color verde\" width=\"38\" height=\"19\" \/><\/td>\n<\/tr>\n<tr>\n<td width=\"131\">Rouleau<\/td>\n<td width=\"151\">1 Rouleau\/Bo\u00eete<\/td>\n<td width=\"131\">980 mm x 66 mt\u00a0\u00a0 (Liner + coupe)<\/td>\n<td width=\"131\"><img decoding=\"async\" class=\"alignnone size-full wp-image-3377\" src=\"https:\/\/distribuidorcintastesa.es\/wp-content\/uploads\/2021\/03\/verde_2.png\" alt=\"color verde\" width=\"38\" height=\"19\" \/><\/td>\n<\/tr>\n<\/tbody>\n<\/table>\n<p><a href=\"https:\/\/solbi-mural.com\/fr\/rubans-adhesifs-une-face\/719-tesa-ruban-adhesif-polyester-pet-50600-vert-rouleau-de-66m-x-50mm.html\" target=\"_blank\" rel=\"noopener\">Disponible dans notre magasin online<\/a><\/p>\n","protected":false},"excerpt":{"rendered":"<p>Tesa 50600 Polyester Standard Le ruban Tesa\u00ae 50600 est un ruban de masquage haute temp\u00e9rature vert translucide avec un support en polyester avec un adh\u00e9sif silicone. Tesa\u00ae 50600 est utilis\u00e9 pour diverses applications, en particulier pour le masquage pendant les processus de rev\u00eatement en poudre, les applications de protection de surface ou l&rsquo;assemblage et l&rsquo;\u00e9pissure [&hellip;]<\/p>\n","protected":false},"featured_media":3381,"template":"","meta":{"site-sidebar-layout":"default","site-content-layout":"","ast-site-content-layout":"default","site-content-style":"default","site-sidebar-style":"default","ast-global-header-display":"","ast-banner-title-visibility":"","ast-main-header-display":"","ast-hfb-above-header-display":"","ast-hfb-below-header-display":"","ast-hfb-mobile-header-display":"","site-post-title":"","ast-breadcrumbs-content":"","ast-featured-img":"","footer-sml-layout":"","ast-disable-related-posts":"","theme-transparent-header-meta":"","adv-header-id-meta":"","stick-header-meta":"","header-above-stick-meta":"","header-main-stick-meta":"","header-below-stick-meta":"","astra-migrate-meta-layouts":"default","ast-page-background-enabled":"default","ast-page-background-meta":{"desktop":{"background-color":"","background-image":"","background-repeat":"repeat","background-position":"center center","background-size":"auto","background-attachment":"scroll","background-type":"","background-media":"","overlay-type":"","overlay-color":"","overlay-opacity":"","overlay-gradient":""},"tablet":{"background-color":"","background-image":"","background-repeat":"repeat","background-position":"center center","background-size":"auto","background-attachment":"scroll","background-type":"","background-media":"","overlay-type":"","overlay-color":"","overlay-opacity":"","overlay-gradient":""},"mobile":{"background-color":"","background-image":"","background-repeat":"repeat","background-position":"center center","background-size":"auto","background-attachment":"scroll","background-type":"","background-media":"","overlay-type":"","overlay-color":"","overlay-opacity":"","overlay-gradient":""}},"ast-content-background-meta":{"desktop":{"background-color":"var(--ast-global-color-5)","background-image":"","background-repeat":"repeat","background-position":"center center","background-size":"auto","background-attachment":"scroll","background-type":"","background-media":"","overlay-type":"","overlay-color":"","overlay-opacity":"","overlay-gradient":""},"tablet":{"background-color":"var(--ast-global-color-5)","background-image":"","background-repeat":"repeat","background-position":"center center","background-size":"auto","background-attachment":"scroll","background-type":"","background-media":"","overlay-type":"","overlay-color":"","overlay-opacity":"","overlay-gradient":""},"mobile":{"background-color":"var(--ast-global-color-5)","background-image":"","background-repeat":"repeat","background-position":"center center","background-size":"auto","background-attachment":"scroll","background-type":"","background-media":"","overlay-type":"","overlay-color":"","overlay-opacity":"","overlay-gradient":""}}},"product_brand":[],"product_cat":[189,187],"product_tag":[],"class_list":{"0":"post-3373","1":"product","2":"type-product","3":"status-publish","4":"has-post-thumbnail","6":"product_cat-ruban-pour-les-traitements-par-pulverisation","7":"product_cat-solutions-de-masquage","8":"desktop-align-center","9":"tablet-align-center","10":"mobile-align-center","12":"first","13":"instock","14":"shipping-taxable","15":"product-type-simple"},"yoast_head":"<!-- This site is optimized with the Yoast SEO Premium plugin v27.2 (Yoast SEO v27.2) - https:\/\/yoast.com\/product\/yoast-seo-premium-wordpress\/ -->\n<title>Tesa 50600 Polyester Standard Traitements pulv\u00e9risation masquage<\/title>\n<meta name=\"description\" content=\"Tesa 50600 Polyester Standard Traitements pulv\u00e9risation Solutions masquage.. Disponible dans notre magasin online\" \/>\n<meta name=\"robots\" content=\"index, follow, max-snippet:-1, max-image-preview:large, max-video-preview:-1\" \/>\n<link rel=\"canonical\" href=\"https:\/\/distribuidorcintastesa.es\/fr\/producto\/tesa-50600-polyester-standard-traitements-pulverisation-masquage\/\" \/>\n<meta property=\"og:locale\" content=\"fr_FR\" \/>\n<meta property=\"og:type\" content=\"article\" \/>\n<meta property=\"og:title\" content=\"Tesa\u00ae 50600 Polyester Standard\" \/>\n<meta property=\"og:description\" content=\"Tesa 50600 Polyester Standard Traitements pulv\u00e9risation Solutions masquage.. Disponible dans notre magasin online\" \/>\n<meta property=\"og:url\" content=\"https:\/\/distribuidorcintastesa.es\/fr\/producto\/tesa-50600-polyester-standard-traitements-pulverisation-masquage\/\" \/>\n<meta property=\"og:site_name\" content=\"Distribuidor de cintas tesa, cintas tesa, tesa cintas, distribuidor tesa, tesa productos, productos tesa, tesa distribuidores, http:\/\/www.http:\/\/distribuidorcintas3m.es, Mejores ofertas en cintas\" \/>\n<meta property=\"article:modified_time\" content=\"2022-01-28T12:16:42+00:00\" \/>\n<meta property=\"og:image\" content=\"https:\/\/distribuidorcintastesa.es\/wp-content\/uploads\/2021\/03\/tesa-50600_1.jpg\" \/>\n\t<meta property=\"og:image:width\" content=\"582\" \/>\n\t<meta property=\"og:image:height\" content=\"582\" \/>\n\t<meta property=\"og:image:type\" content=\"image\/jpeg\" \/>\n<meta name=\"twitter:card\" content=\"summary_large_image\" \/>\n<meta name=\"twitter:label1\" content=\"Dur\u00e9e de lecture estim\u00e9e\" \/>\n\t<meta name=\"twitter:data1\" content=\"4 minutes\" \/>\n<script type=\"application\/ld+json\" class=\"yoast-schema-graph\">{\"@context\":\"https:\/\/schema.org\",\"@graph\":[{\"@type\":\"WebPage\",\"@id\":\"https:\/\/distribuidorcintastesa.es\/fr\/producto\/tesa-50600-polyester-standard-traitements-pulverisation-masquage\/\",\"url\":\"https:\/\/distribuidorcintastesa.es\/fr\/producto\/tesa-50600-polyester-standard-traitements-pulverisation-masquage\/\",\"name\":\"Tesa 50600 Polyester Standard Traitements pulv\u00e9risation masquage\",\"isPartOf\":{\"@id\":\"https:\/\/distribuidorcintastesa.es\/fr\/#website\"},\"primaryImageOfPage\":{\"@id\":\"https:\/\/distribuidorcintastesa.es\/fr\/producto\/tesa-50600-polyester-standard-traitements-pulverisation-masquage\/#primaryimage\"},\"image\":{\"@id\":\"https:\/\/distribuidorcintastesa.es\/fr\/producto\/tesa-50600-polyester-standard-traitements-pulverisation-masquage\/#primaryimage\"},\"thumbnailUrl\":\"https:\/\/distribuidorcintastesa.es\/wp-content\/uploads\/2021\/03\/tesa-50600_1.jpg\",\"datePublished\":\"2021-03-24T17:28:48+00:00\",\"dateModified\":\"2022-01-28T12:16:42+00:00\",\"description\":\"Tesa 50600 Polyester Standard Traitements pulv\u00e9risation Solutions masquage.. Disponible dans notre magasin online\",\"breadcrumb\":{\"@id\":\"https:\/\/distribuidorcintastesa.es\/fr\/producto\/tesa-50600-polyester-standard-traitements-pulverisation-masquage\/#breadcrumb\"},\"inLanguage\":\"fr-FR\",\"potentialAction\":[{\"@type\":\"ReadAction\",\"target\":[\"https:\/\/distribuidorcintastesa.es\/fr\/producto\/tesa-50600-polyester-standard-traitements-pulverisation-masquage\/\"]}]},{\"@type\":\"ImageObject\",\"inLanguage\":\"fr-FR\",\"@id\":\"https:\/\/distribuidorcintastesa.es\/fr\/producto\/tesa-50600-polyester-standard-traitements-pulverisation-masquage\/#primaryimage\",\"url\":\"https:\/\/distribuidorcintastesa.es\/wp-content\/uploads\/2021\/03\/tesa-50600_1.jpg\",\"contentUrl\":\"https:\/\/distribuidorcintastesa.es\/wp-content\/uploads\/2021\/03\/tesa-50600_1.jpg\",\"width\":582,\"height\":582,\"caption\":\"Tesa 50600 Polyester Standard\"},{\"@type\":\"BreadcrumbList\",\"@id\":\"https:\/\/distribuidorcintastesa.es\/fr\/producto\/tesa-50600-polyester-standard-traitements-pulverisation-masquage\/#breadcrumb\",\"itemListElement\":[{\"@type\":\"ListItem\",\"position\":1,\"name\":\"Portada\",\"item\":\"https:\/\/distribuidorcintastesa.es\/fr\/\"},{\"@type\":\"ListItem\",\"position\":2,\"name\":\"Produits\",\"item\":\"https:\/\/distribuidorcintastesa.es\/fr\/produits\/\"},{\"@type\":\"ListItem\",\"position\":3,\"name\":\"Tesa\u00ae 50600 Polyester Standard\"}]},{\"@type\":\"WebSite\",\"@id\":\"https:\/\/distribuidorcintastesa.es\/fr\/#website\",\"url\":\"https:\/\/distribuidorcintastesa.es\/fr\/\",\"name\":\"Distribuidor de cintas tesa\",\"description\":\"Distribuidor de cintas tesa, cintas tesa, tesa cintas, distribuidor tesa, tesa productos, productos tesa, tesa distribuidores, cintas y adhesivos, tesa cinta doble cara, cinta tesa doble cara, adhesivos tesa, cinta antideslizante, velcro tesa, cinta reflectante, tesa supergen, softprint, cinta doble cara tesa, selladores y adhesivos, cintas adhesivas de doble cara, cintas de aluminio, cintas de vinilo para se\u00f1alizaci\u00f3n, cintas de tela americanas, cintas de papel para enmascarar, cintas para embalaje\",\"publisher\":{\"@id\":\"https:\/\/distribuidorcintastesa.es\/fr\/#organization\"},\"potentialAction\":[{\"@type\":\"SearchAction\",\"target\":{\"@type\":\"EntryPoint\",\"urlTemplate\":\"https:\/\/distribuidorcintastesa.es\/fr\/?s={search_term_string}\"},\"query-input\":{\"@type\":\"PropertyValueSpecification\",\"valueRequired\":true,\"valueName\":\"search_term_string\"}}],\"inLanguage\":\"fr-FR\"},{\"@type\":\"Organization\",\"@id\":\"https:\/\/distribuidorcintastesa.es\/fr\/#organization\",\"name\":\"Distribuidor de cintas tesa\",\"url\":\"https:\/\/distribuidorcintastesa.es\/fr\/\",\"logo\":{\"@type\":\"ImageObject\",\"inLanguage\":\"fr-FR\",\"@id\":\"https:\/\/distribuidorcintastesa.es\/fr\/#\/schema\/logo\/image\/\",\"url\":\"https:\/\/distribuidorcintastesa.es\/wp-content\/uploads\/2022\/10\/logo-espanol-portugues.png\",\"contentUrl\":\"https:\/\/distribuidorcintastesa.es\/wp-content\/uploads\/2022\/10\/logo-espanol-portugues.png\",\"width\":871,\"height\":142,\"caption\":\"Distribuidor de cintas tesa\"},\"image\":{\"@id\":\"https:\/\/distribuidorcintastesa.es\/fr\/#\/schema\/logo\/image\/\"},\"sameAs\":[\"https:\/\/muralsrd.com\/\",\"https:\/\/solbi-mural.com\/es\/\",\"https:\/\/distribuidor-cintas-adhesivas.es\",\"https:\/\/www.instagram.com\/solbimural\/?igsh=ZnR6ZmkzZm1ubWhl\"]}]}<\/script>\n<!-- \/ Yoast SEO Premium plugin. -->","yoast_head_json":{"title":"Tesa 50600 Polyester Standard Traitements pulv\u00e9risation masquage","description":"Tesa 50600 Polyester Standard Traitements pulv\u00e9risation Solutions masquage.. Disponible dans notre magasin online","robots":{"index":"index","follow":"follow","max-snippet":"max-snippet:-1","max-image-preview":"max-image-preview:large","max-video-preview":"max-video-preview:-1"},"canonical":"https:\/\/distribuidorcintastesa.es\/fr\/producto\/tesa-50600-polyester-standard-traitements-pulverisation-masquage\/","og_locale":"fr_FR","og_type":"article","og_title":"Tesa\u00ae 50600 Polyester Standard","og_description":"Tesa 50600 Polyester Standard Traitements pulv\u00e9risation Solutions masquage.. Disponible dans notre magasin online","og_url":"https:\/\/distribuidorcintastesa.es\/fr\/producto\/tesa-50600-polyester-standard-traitements-pulverisation-masquage\/","og_site_name":"Distribuidor de cintas tesa, cintas tesa, tesa cintas, distribuidor tesa, tesa productos, productos tesa, tesa distribuidores, http:\/\/www.http:\/\/distribuidorcintas3m.es, Mejores ofertas en cintas","article_modified_time":"2022-01-28T12:16:42+00:00","og_image":[{"width":582,"height":582,"url":"https:\/\/distribuidorcintastesa.es\/wp-content\/uploads\/2021\/03\/tesa-50600_1.jpg","type":"image\/jpeg"}],"twitter_card":"summary_large_image","twitter_misc":{"Dur\u00e9e de lecture estim\u00e9e":"4 minutes"},"schema":{"@context":"https:\/\/schema.org","@graph":[{"@type":"WebPage","@id":"https:\/\/distribuidorcintastesa.es\/fr\/producto\/tesa-50600-polyester-standard-traitements-pulverisation-masquage\/","url":"https:\/\/distribuidorcintastesa.es\/fr\/producto\/tesa-50600-polyester-standard-traitements-pulverisation-masquage\/","name":"Tesa 50600 Polyester Standard Traitements pulv\u00e9risation masquage","isPartOf":{"@id":"https:\/\/distribuidorcintastesa.es\/fr\/#website"},"primaryImageOfPage":{"@id":"https:\/\/distribuidorcintastesa.es\/fr\/producto\/tesa-50600-polyester-standard-traitements-pulverisation-masquage\/#primaryimage"},"image":{"@id":"https:\/\/distribuidorcintastesa.es\/fr\/producto\/tesa-50600-polyester-standard-traitements-pulverisation-masquage\/#primaryimage"},"thumbnailUrl":"https:\/\/distribuidorcintastesa.es\/wp-content\/uploads\/2021\/03\/tesa-50600_1.jpg","datePublished":"2021-03-24T17:28:48+00:00","dateModified":"2022-01-28T12:16:42+00:00","description":"Tesa 50600 Polyester Standard Traitements pulv\u00e9risation Solutions masquage.. Disponible dans notre magasin online","breadcrumb":{"@id":"https:\/\/distribuidorcintastesa.es\/fr\/producto\/tesa-50600-polyester-standard-traitements-pulverisation-masquage\/#breadcrumb"},"inLanguage":"fr-FR","potentialAction":[{"@type":"ReadAction","target":["https:\/\/distribuidorcintastesa.es\/fr\/producto\/tesa-50600-polyester-standard-traitements-pulverisation-masquage\/"]}]},{"@type":"ImageObject","inLanguage":"fr-FR","@id":"https:\/\/distribuidorcintastesa.es\/fr\/producto\/tesa-50600-polyester-standard-traitements-pulverisation-masquage\/#primaryimage","url":"https:\/\/distribuidorcintastesa.es\/wp-content\/uploads\/2021\/03\/tesa-50600_1.jpg","contentUrl":"https:\/\/distribuidorcintastesa.es\/wp-content\/uploads\/2021\/03\/tesa-50600_1.jpg","width":582,"height":582,"caption":"Tesa 50600 Polyester Standard"},{"@type":"BreadcrumbList","@id":"https:\/\/distribuidorcintastesa.es\/fr\/producto\/tesa-50600-polyester-standard-traitements-pulverisation-masquage\/#breadcrumb","itemListElement":[{"@type":"ListItem","position":1,"name":"Portada","item":"https:\/\/distribuidorcintastesa.es\/fr\/"},{"@type":"ListItem","position":2,"name":"Produits","item":"https:\/\/distribuidorcintastesa.es\/fr\/produits\/"},{"@type":"ListItem","position":3,"name":"Tesa\u00ae 50600 Polyester Standard"}]},{"@type":"WebSite","@id":"https:\/\/distribuidorcintastesa.es\/fr\/#website","url":"https:\/\/distribuidorcintastesa.es\/fr\/","name":"Distribuidor de cintas tesa","description":"Distribuidor de cintas tesa, cintas tesa, tesa cintas, distribuidor tesa, tesa productos, productos tesa, tesa distribuidores, cintas y adhesivos, tesa cinta doble cara, cinta tesa doble cara, adhesivos tesa, cinta antideslizante, velcro tesa, cinta reflectante, tesa supergen, softprint, cinta doble cara tesa, selladores y adhesivos, cintas adhesivas de doble cara, cintas de aluminio, cintas de vinilo para se\u00f1alizaci\u00f3n, cintas de tela americanas, cintas de papel para enmascarar, cintas para embalaje","publisher":{"@id":"https:\/\/distribuidorcintastesa.es\/fr\/#organization"},"potentialAction":[{"@type":"SearchAction","target":{"@type":"EntryPoint","urlTemplate":"https:\/\/distribuidorcintastesa.es\/fr\/?s={search_term_string}"},"query-input":{"@type":"PropertyValueSpecification","valueRequired":true,"valueName":"search_term_string"}}],"inLanguage":"fr-FR"},{"@type":"Organization","@id":"https:\/\/distribuidorcintastesa.es\/fr\/#organization","name":"Distribuidor de cintas tesa","url":"https:\/\/distribuidorcintastesa.es\/fr\/","logo":{"@type":"ImageObject","inLanguage":"fr-FR","@id":"https:\/\/distribuidorcintastesa.es\/fr\/#\/schema\/logo\/image\/","url":"https:\/\/distribuidorcintastesa.es\/wp-content\/uploads\/2022\/10\/logo-espanol-portugues.png","contentUrl":"https:\/\/distribuidorcintastesa.es\/wp-content\/uploads\/2022\/10\/logo-espanol-portugues.png","width":871,"height":142,"caption":"Distribuidor de cintas tesa"},"image":{"@id":"https:\/\/distribuidorcintastesa.es\/fr\/#\/schema\/logo\/image\/"},"sameAs":["https:\/\/muralsrd.com\/","https:\/\/solbi-mural.com\/es\/","https:\/\/distribuidor-cintas-adhesivas.es","https:\/\/www.instagram.com\/solbimural\/?igsh=ZnR6ZmkzZm1ubWhl"]}]}},"_links":{"self":[{"href":"https:\/\/distribuidorcintastesa.es\/fr\/wp-json\/wp\/v2\/product\/3373","targetHints":{"allow":["GET"]}}],"collection":[{"href":"https:\/\/distribuidorcintastesa.es\/fr\/wp-json\/wp\/v2\/product"}],"about":[{"href":"https:\/\/distribuidorcintastesa.es\/fr\/wp-json\/wp\/v2\/types\/product"}],"wp:featuredmedia":[{"embeddable":true,"href":"https:\/\/distribuidorcintastesa.es\/fr\/wp-json\/wp\/v2\/media\/3381"}],"wp:attachment":[{"href":"https:\/\/distribuidorcintastesa.es\/fr\/wp-json\/wp\/v2\/media?parent=3373"}],"wp:term":[{"taxonomy":"product_brand","embeddable":true,"href":"https:\/\/distribuidorcintastesa.es\/fr\/wp-json\/wp\/v2\/product_brand?post=3373"},{"taxonomy":"product_cat","embeddable":true,"href":"https:\/\/distribuidorcintastesa.es\/fr\/wp-json\/wp\/v2\/product_cat?post=3373"},{"taxonomy":"product_tag","embeddable":true,"href":"https:\/\/distribuidorcintastesa.es\/fr\/wp-json\/wp\/v2\/product_tag?post=3373"}],"curies":[{"name":"wp","href":"https:\/\/api.w.org\/{rel}","templated":true}]}}