{"id":3340,"date":"2021-03-11T17:27:48","date_gmt":"2021-03-11T17:27:48","guid":{"rendered":"https:\/\/distribuidorcintastesa.es\/?post_type=product&#038;p=3340"},"modified":"2022-01-27T16:03:13","modified_gmt":"2022-01-27T16:03:13","slug":"tesa-4331-polyester-krepp-traitements-pulverisation-solutions-masquage","status":"publish","type":"product","link":"https:\/\/distribuidorcintastesa.es\/fr\/producto\/tesa-4331-polyester-krepp-traitements-pulverisation-solutions-masquage\/","title":{"rendered":"Tesa\u00ae 4331 Polyester krepp 200\u00b0C"},"content":{"rendered":"<p><strong>Tesa 4331 Polyester krepp 200\u00b0C<\/strong><\/p>\n<p>&#8211; Ruban de masquage<br \/>\n&#8211; Id\u00e9al pour le masquage lors des op\u00e9rations de projection de pi\u00e8ces, ex : acier.<br \/>\n&#8211; Ruban polyester lamin\u00e9 avec fibre non tiss\u00e9e et adh\u00e9sif silicone.<br \/>\n&#8211; R\u00e9sistant jusqu&rsquo;\u00e0 200\u00baC.<br \/>\n&#8211; Avec un support lisse qui offre les propri\u00e9t\u00e9s suivantes :<br \/>\n* haute adh\u00e9rence et haute r\u00e9sistance thermique.<br \/>\n* offre une ligne de peinture pointue<br \/>\n* peut \u00eatre enlev\u00e9 sans r\u00e9sidu<\/p>\n<p><strong>applications principales<\/strong><\/p>\n<p>&#8211; Masqu\u00e9 pendant la peinture avec de la peinture en poudre<br \/>\n&#8211; Mobilier m\u00e9tallique et mat\u00e9riel hospitalier<br \/>\n&#8211; Tesa\u00ae 4331 adh\u00e8re m\u00eame aux surfaces contenant du silicone.<\/p>\n<p>&nbsp;<\/p>\n<p><img fetchpriority=\"high\" decoding=\"async\" class=\"alignnone size-medium wp-image-4666\" src=\"https:\/\/distribuidorcintastesa.es\/wp-content\/uploads\/2021\/03\/tesa-4331-1-226x300.jpg\" alt=\"Tesa 4331 Polyester krepp 200\u00b0C\" width=\"226\" height=\"300\" srcset=\"https:\/\/distribuidorcintastesa.es\/wp-content\/uploads\/2021\/03\/tesa-4331-1-226x300.jpg 226w, https:\/\/distribuidorcintastesa.es\/wp-content\/uploads\/2021\/03\/tesa-4331-1-600x795.jpg 600w, https:\/\/distribuidorcintastesa.es\/wp-content\/uploads\/2021\/03\/tesa-4331-1-64x85.jpg 64w, https:\/\/distribuidorcintastesa.es\/wp-content\/uploads\/2021\/03\/tesa-4331-1.jpg 605w\" sizes=\"(max-width: 226px) 100vw, 226px\" \/><\/p>\n<p><a href=\"https:\/\/www.youtube.com\/c\/cintaadhesivaSolbi\" target=\"_blank\" rel=\"noopener\">Tesa\u00ae 4331 Polyester krepp 200\u00b0C<\/a><\/p>\n<p>&nbsp;<\/p>\n<p><strong> Donn\u00e9es techniques Tesa 4331 Polyester krepp 200\u00b0C<\/strong><\/p>\n<table width=\"409\">\n<tbody>\n<tr>\n<td width=\"202\"><strong>Support<\/strong><\/td>\n<td width=\"207\">PET et papier<\/td>\n<\/tr>\n<tr>\n<td><strong>\u00c9paisseur totale [\u00b5m]<\/strong><\/td>\n<td>110<\/td>\n<\/tr>\n<tr>\n<td><strong>Adh\u00e9sion \/ acier [N\/cm]<\/strong><\/td>\n<td>4,0<\/td>\n<\/tr>\n<tr>\n<td><strong>R\u00e9sist. Roture [N\/cm]<\/strong><\/td>\n<td>53,0<\/td>\n<\/tr>\n<tr>\n<td><strong>R\u00e9siste \u00e0 t\u00aa [\u00baC]<\/strong><\/td>\n<td>200\/1h<\/td>\n<\/tr>\n<\/tbody>\n<\/table>\n<table width=\"675\">\n<tbody>\n<tr>\n<td width=\"131\"><strong>PRODUIT<\/strong><\/td>\n<td width=\"131\"><strong>UNITE<\/strong><\/td>\n<td width=\"151\"><strong>EMBALLAGE<\/strong><\/td>\n<td width=\"131\"><strong>DIMENSIONS<\/strong><\/td>\n<td width=\"131\"><strong>COULEUR<\/strong><\/td>\n<\/tr>\n<tr>\n<td rowspan=\"3\" width=\"131\"><strong>4331<\/strong><\/td>\n<td width=\"131\">Rouleau<\/td>\n<td width=\"151\">96 Rouleaux\/Bo\u00eete<\/td>\n<td width=\"131\">19 mm x 50 mt<\/td>\n<td width=\"131\"><img decoding=\"async\" class=\"alignnone size-full wp-image-3332\" src=\"https:\/\/distribuidorcintastesa.es\/wp-content\/uploads\/2021\/03\/color-BLANCO-ROTO.jpg\" alt=\"color BLANCO ROTO\" width=\"38\" height=\"19\" \/><\/td>\n<\/tr>\n<tr>\n<td width=\"131\">Rouleau<\/td>\n<td width=\"151\">36 Rouleaux\/Bo\u00eete<\/td>\n<td width=\"131\">50 mm x 50 mt<\/td>\n<td width=\"131\"><img decoding=\"async\" class=\"alignnone size-full wp-image-3332\" src=\"https:\/\/distribuidorcintastesa.es\/wp-content\/uploads\/2021\/03\/color-BLANCO-ROTO.jpg\" alt=\"color BLANCO ROTO\" width=\"38\" height=\"19\" \/><\/td>\n<\/tr>\n<tr>\n<td width=\"131\">Rouleau<\/td>\n<td width=\"151\">1 Rouleau\/Bo\u00eete<\/td>\n<td width=\"131\">1230 mm x 50 mt<\/td>\n<td width=\"131\"><img decoding=\"async\" class=\"alignnone size-full wp-image-3332\" src=\"https:\/\/distribuidorcintastesa.es\/wp-content\/uploads\/2021\/03\/color-BLANCO-ROTO.jpg\" alt=\"color BLANCO ROTO\" width=\"38\" height=\"19\" \/><\/td>\n<\/tr>\n<\/tbody>\n<\/table>\n<p><a href=\"https:\/\/distribuidorcintastesa.es\/fr\/catalogues\/\" target=\"_blank\" rel=\"noopener\">Catalogues TESA<\/a><\/p>\n","protected":false},"excerpt":{"rendered":"<p>Tesa 4331 Polyester krepp 200\u00b0C &#8211; Ruban de masquage &#8211; Id\u00e9al pour le masquage lors des op\u00e9rations de projection de pi\u00e8ces, ex : acier. &#8211; Ruban polyester lamin\u00e9 avec fibre non tiss\u00e9e et adh\u00e9sif silicone. &#8211; R\u00e9sistant jusqu&rsquo;\u00e0 200\u00baC. &#8211; Avec un support lisse qui offre les propri\u00e9t\u00e9s suivantes : * haute adh\u00e9rence et haute [&hellip;]<\/p>\n","protected":false},"featured_media":3348,"template":"","meta":{"site-sidebar-layout":"default","site-content-layout":"","ast-site-content-layout":"default","site-content-style":"default","site-sidebar-style":"default","ast-global-header-display":"","ast-banner-title-visibility":"","ast-main-header-display":"","ast-hfb-above-header-display":"","ast-hfb-below-header-display":"","ast-hfb-mobile-header-display":"","site-post-title":"","ast-breadcrumbs-content":"","ast-featured-img":"","footer-sml-layout":"","ast-disable-related-posts":"","theme-transparent-header-meta":"","adv-header-id-meta":"","stick-header-meta":"","header-above-stick-meta":"","header-main-stick-meta":"","header-below-stick-meta":"","astra-migrate-meta-layouts":"default","ast-page-background-enabled":"default","ast-page-background-meta":{"desktop":{"background-color":"","background-image":"","background-repeat":"repeat","background-position":"center center","background-size":"auto","background-attachment":"scroll","background-type":"","background-media":"","overlay-type":"","overlay-color":"","overlay-opacity":"","overlay-gradient":""},"tablet":{"background-color":"","background-image":"","background-repeat":"repeat","background-position":"center center","background-size":"auto","background-attachment":"scroll","background-type":"","background-media":"","overlay-type":"","overlay-color":"","overlay-opacity":"","overlay-gradient":""},"mobile":{"background-color":"","background-image":"","background-repeat":"repeat","background-position":"center center","background-size":"auto","background-attachment":"scroll","background-type":"","background-media":"","overlay-type":"","overlay-color":"","overlay-opacity":"","overlay-gradient":""}},"ast-content-background-meta":{"desktop":{"background-color":"var(--ast-global-color-5)","background-image":"","background-repeat":"repeat","background-position":"center center","background-size":"auto","background-attachment":"scroll","background-type":"","background-media":"","overlay-type":"","overlay-color":"","overlay-opacity":"","overlay-gradient":""},"tablet":{"background-color":"var(--ast-global-color-5)","background-image":"","background-repeat":"repeat","background-position":"center center","background-size":"auto","background-attachment":"scroll","background-type":"","background-media":"","overlay-type":"","overlay-color":"","overlay-opacity":"","overlay-gradient":""},"mobile":{"background-color":"var(--ast-global-color-5)","background-image":"","background-repeat":"repeat","background-position":"center center","background-size":"auto","background-attachment":"scroll","background-type":"","background-media":"","overlay-type":"","overlay-color":"","overlay-opacity":"","overlay-gradient":""}}},"product_brand":[],"product_cat":[189,187],"product_tag":[],"class_list":{"0":"post-3340","1":"product","2":"type-product","3":"status-publish","4":"has-post-thumbnail","6":"product_cat-ruban-pour-les-traitements-par-pulverisation","7":"product_cat-solutions-de-masquage","8":"desktop-align-center","9":"tablet-align-center","10":"mobile-align-center","12":"first","13":"instock","14":"shipping-taxable","15":"product-type-simple"},"yoast_head":"<!-- This site is optimized with the Yoast SEO Premium plugin v27.2 (Yoast SEO v27.2) - https:\/\/yoast.com\/product\/yoast-seo-premium-wordpress\/ -->\n<title>Tesa 4331 Polyester krepp Traitements pulv\u00e9risation Solutions masquage<\/title>\n<meta name=\"description\" content=\"Tesa 4331 Polyester krepp Traitements pulv\u00e9risation Solutions masquage. Disponible dans notre magasin online\" \/>\n<meta name=\"robots\" content=\"index, follow, max-snippet:-1, max-image-preview:large, max-video-preview:-1\" \/>\n<link rel=\"canonical\" href=\"https:\/\/distribuidorcintastesa.es\/fr\/producto\/tesa-4331-polyester-krepp-traitements-pulverisation-solutions-masquage\/\" \/>\n<meta property=\"og:locale\" content=\"fr_FR\" \/>\n<meta property=\"og:type\" content=\"article\" \/>\n<meta property=\"og:title\" content=\"Tesa\u00ae 4331 Polyester krepp 200\u00b0C\" \/>\n<meta property=\"og:description\" content=\"Tesa 4331 Polyester krepp Traitements pulv\u00e9risation Solutions masquage. Disponible dans notre magasin online\" \/>\n<meta property=\"og:url\" content=\"https:\/\/distribuidorcintastesa.es\/fr\/producto\/tesa-4331-polyester-krepp-traitements-pulverisation-solutions-masquage\/\" \/>\n<meta property=\"og:site_name\" content=\"Distribuidor de cintas tesa, cintas tesa, tesa cintas, distribuidor tesa, tesa productos, productos tesa, tesa distribuidores, http:\/\/www.http:\/\/distribuidorcintas3m.es, Mejores ofertas en cintas\" \/>\n<meta property=\"article:modified_time\" content=\"2022-01-27T16:03:13+00:00\" \/>\n<meta property=\"og:image\" content=\"https:\/\/distribuidorcintastesa.es\/wp-content\/uploads\/2021\/03\/TESA-4331.jpg\" \/>\n\t<meta property=\"og:image:width\" content=\"501\" \/>\n\t<meta property=\"og:image:height\" content=\"501\" \/>\n\t<meta property=\"og:image:type\" content=\"image\/jpeg\" \/>\n<meta name=\"twitter:card\" content=\"summary_large_image\" \/>\n<meta name=\"twitter:label1\" content=\"Dur\u00e9e de lecture estim\u00e9e\" \/>\n\t<meta name=\"twitter:data1\" content=\"2 minutes\" \/>\n<script type=\"application\/ld+json\" class=\"yoast-schema-graph\">{\"@context\":\"https:\/\/schema.org\",\"@graph\":[{\"@type\":\"WebPage\",\"@id\":\"https:\/\/distribuidorcintastesa.es\/fr\/producto\/tesa-4331-polyester-krepp-traitements-pulverisation-solutions-masquage\/\",\"url\":\"https:\/\/distribuidorcintastesa.es\/fr\/producto\/tesa-4331-polyester-krepp-traitements-pulverisation-solutions-masquage\/\",\"name\":\"Tesa 4331 Polyester krepp Traitements pulv\u00e9risation Solutions masquage\",\"isPartOf\":{\"@id\":\"https:\/\/distribuidorcintastesa.es\/fr\/#website\"},\"primaryImageOfPage\":{\"@id\":\"https:\/\/distribuidorcintastesa.es\/fr\/producto\/tesa-4331-polyester-krepp-traitements-pulverisation-solutions-masquage\/#primaryimage\"},\"image\":{\"@id\":\"https:\/\/distribuidorcintastesa.es\/fr\/producto\/tesa-4331-polyester-krepp-traitements-pulverisation-solutions-masquage\/#primaryimage\"},\"thumbnailUrl\":\"https:\/\/distribuidorcintastesa.es\/wp-content\/uploads\/2021\/03\/TESA-4331.jpg\",\"datePublished\":\"2021-03-11T17:27:48+00:00\",\"dateModified\":\"2022-01-27T16:03:13+00:00\",\"description\":\"Tesa 4331 Polyester krepp Traitements pulv\u00e9risation Solutions masquage. Disponible dans notre magasin online\",\"breadcrumb\":{\"@id\":\"https:\/\/distribuidorcintastesa.es\/fr\/producto\/tesa-4331-polyester-krepp-traitements-pulverisation-solutions-masquage\/#breadcrumb\"},\"inLanguage\":\"fr-FR\",\"potentialAction\":[{\"@type\":\"ReadAction\",\"target\":[\"https:\/\/distribuidorcintastesa.es\/fr\/producto\/tesa-4331-polyester-krepp-traitements-pulverisation-solutions-masquage\/\"]}]},{\"@type\":\"ImageObject\",\"inLanguage\":\"fr-FR\",\"@id\":\"https:\/\/distribuidorcintastesa.es\/fr\/producto\/tesa-4331-polyester-krepp-traitements-pulverisation-solutions-masquage\/#primaryimage\",\"url\":\"https:\/\/distribuidorcintastesa.es\/wp-content\/uploads\/2021\/03\/TESA-4331.jpg\",\"contentUrl\":\"https:\/\/distribuidorcintastesa.es\/wp-content\/uploads\/2021\/03\/TESA-4331.jpg\",\"width\":501,\"height\":501,\"caption\":\"Tesa 4331 Polyester krepp 200\u00b0C\"},{\"@type\":\"BreadcrumbList\",\"@id\":\"https:\/\/distribuidorcintastesa.es\/fr\/producto\/tesa-4331-polyester-krepp-traitements-pulverisation-solutions-masquage\/#breadcrumb\",\"itemListElement\":[{\"@type\":\"ListItem\",\"position\":1,\"name\":\"Portada\",\"item\":\"https:\/\/distribuidorcintastesa.es\/fr\/\"},{\"@type\":\"ListItem\",\"position\":2,\"name\":\"Produits\",\"item\":\"https:\/\/distribuidorcintastesa.es\/fr\/produits\/\"},{\"@type\":\"ListItem\",\"position\":3,\"name\":\"Tesa\u00ae 4331 Polyester krepp 200\u00b0C\"}]},{\"@type\":\"WebSite\",\"@id\":\"https:\/\/distribuidorcintastesa.es\/fr\/#website\",\"url\":\"https:\/\/distribuidorcintastesa.es\/fr\/\",\"name\":\"Distribuidor de cintas tesa\",\"description\":\"Distribuidor de cintas tesa, cintas tesa, tesa cintas, distribuidor tesa, tesa productos, productos tesa, tesa distribuidores, cintas y adhesivos, tesa cinta doble cara, cinta tesa doble cara, adhesivos tesa, cinta antideslizante, velcro tesa, cinta reflectante, tesa supergen, softprint, cinta doble cara tesa, selladores y adhesivos, cintas adhesivas de doble cara, cintas de aluminio, cintas de vinilo para se\u00f1alizaci\u00f3n, cintas de tela americanas, cintas de papel para enmascarar, cintas para embalaje\",\"publisher\":{\"@id\":\"https:\/\/distribuidorcintastesa.es\/fr\/#organization\"},\"potentialAction\":[{\"@type\":\"SearchAction\",\"target\":{\"@type\":\"EntryPoint\",\"urlTemplate\":\"https:\/\/distribuidorcintastesa.es\/fr\/?s={search_term_string}\"},\"query-input\":{\"@type\":\"PropertyValueSpecification\",\"valueRequired\":true,\"valueName\":\"search_term_string\"}}],\"inLanguage\":\"fr-FR\"},{\"@type\":\"Organization\",\"@id\":\"https:\/\/distribuidorcintastesa.es\/fr\/#organization\",\"name\":\"Distribuidor de cintas tesa\",\"url\":\"https:\/\/distribuidorcintastesa.es\/fr\/\",\"logo\":{\"@type\":\"ImageObject\",\"inLanguage\":\"fr-FR\",\"@id\":\"https:\/\/distribuidorcintastesa.es\/fr\/#\/schema\/logo\/image\/\",\"url\":\"https:\/\/distribuidorcintastesa.es\/wp-content\/uploads\/2022\/10\/logo-espanol-portugues.png\",\"contentUrl\":\"https:\/\/distribuidorcintastesa.es\/wp-content\/uploads\/2022\/10\/logo-espanol-portugues.png\",\"width\":871,\"height\":142,\"caption\":\"Distribuidor de cintas tesa\"},\"image\":{\"@id\":\"https:\/\/distribuidorcintastesa.es\/fr\/#\/schema\/logo\/image\/\"},\"sameAs\":[\"https:\/\/muralsrd.com\/\",\"https:\/\/solbi-mural.com\/es\/\",\"https:\/\/distribuidor-cintas-adhesivas.es\",\"https:\/\/www.instagram.com\/solbimural\/?igsh=ZnR6ZmkzZm1ubWhl\"]}]}<\/script>\n<!-- \/ Yoast SEO Premium plugin. -->","yoast_head_json":{"title":"Tesa 4331 Polyester krepp Traitements pulv\u00e9risation Solutions masquage","description":"Tesa 4331 Polyester krepp Traitements pulv\u00e9risation Solutions masquage. Disponible dans notre magasin online","robots":{"index":"index","follow":"follow","max-snippet":"max-snippet:-1","max-image-preview":"max-image-preview:large","max-video-preview":"max-video-preview:-1"},"canonical":"https:\/\/distribuidorcintastesa.es\/fr\/producto\/tesa-4331-polyester-krepp-traitements-pulverisation-solutions-masquage\/","og_locale":"fr_FR","og_type":"article","og_title":"Tesa\u00ae 4331 Polyester krepp 200\u00b0C","og_description":"Tesa 4331 Polyester krepp Traitements pulv\u00e9risation Solutions masquage. Disponible dans notre magasin online","og_url":"https:\/\/distribuidorcintastesa.es\/fr\/producto\/tesa-4331-polyester-krepp-traitements-pulverisation-solutions-masquage\/","og_site_name":"Distribuidor de cintas tesa, cintas tesa, tesa cintas, distribuidor tesa, tesa productos, productos tesa, tesa distribuidores, http:\/\/www.http:\/\/distribuidorcintas3m.es, Mejores ofertas en cintas","article_modified_time":"2022-01-27T16:03:13+00:00","og_image":[{"width":501,"height":501,"url":"https:\/\/distribuidorcintastesa.es\/wp-content\/uploads\/2021\/03\/TESA-4331.jpg","type":"image\/jpeg"}],"twitter_card":"summary_large_image","twitter_misc":{"Dur\u00e9e de lecture estim\u00e9e":"2 minutes"},"schema":{"@context":"https:\/\/schema.org","@graph":[{"@type":"WebPage","@id":"https:\/\/distribuidorcintastesa.es\/fr\/producto\/tesa-4331-polyester-krepp-traitements-pulverisation-solutions-masquage\/","url":"https:\/\/distribuidorcintastesa.es\/fr\/producto\/tesa-4331-polyester-krepp-traitements-pulverisation-solutions-masquage\/","name":"Tesa 4331 Polyester krepp Traitements pulv\u00e9risation Solutions masquage","isPartOf":{"@id":"https:\/\/distribuidorcintastesa.es\/fr\/#website"},"primaryImageOfPage":{"@id":"https:\/\/distribuidorcintastesa.es\/fr\/producto\/tesa-4331-polyester-krepp-traitements-pulverisation-solutions-masquage\/#primaryimage"},"image":{"@id":"https:\/\/distribuidorcintastesa.es\/fr\/producto\/tesa-4331-polyester-krepp-traitements-pulverisation-solutions-masquage\/#primaryimage"},"thumbnailUrl":"https:\/\/distribuidorcintastesa.es\/wp-content\/uploads\/2021\/03\/TESA-4331.jpg","datePublished":"2021-03-11T17:27:48+00:00","dateModified":"2022-01-27T16:03:13+00:00","description":"Tesa 4331 Polyester krepp Traitements pulv\u00e9risation Solutions masquage. Disponible dans notre magasin online","breadcrumb":{"@id":"https:\/\/distribuidorcintastesa.es\/fr\/producto\/tesa-4331-polyester-krepp-traitements-pulverisation-solutions-masquage\/#breadcrumb"},"inLanguage":"fr-FR","potentialAction":[{"@type":"ReadAction","target":["https:\/\/distribuidorcintastesa.es\/fr\/producto\/tesa-4331-polyester-krepp-traitements-pulverisation-solutions-masquage\/"]}]},{"@type":"ImageObject","inLanguage":"fr-FR","@id":"https:\/\/distribuidorcintastesa.es\/fr\/producto\/tesa-4331-polyester-krepp-traitements-pulverisation-solutions-masquage\/#primaryimage","url":"https:\/\/distribuidorcintastesa.es\/wp-content\/uploads\/2021\/03\/TESA-4331.jpg","contentUrl":"https:\/\/distribuidorcintastesa.es\/wp-content\/uploads\/2021\/03\/TESA-4331.jpg","width":501,"height":501,"caption":"Tesa 4331 Polyester krepp 200\u00b0C"},{"@type":"BreadcrumbList","@id":"https:\/\/distribuidorcintastesa.es\/fr\/producto\/tesa-4331-polyester-krepp-traitements-pulverisation-solutions-masquage\/#breadcrumb","itemListElement":[{"@type":"ListItem","position":1,"name":"Portada","item":"https:\/\/distribuidorcintastesa.es\/fr\/"},{"@type":"ListItem","position":2,"name":"Produits","item":"https:\/\/distribuidorcintastesa.es\/fr\/produits\/"},{"@type":"ListItem","position":3,"name":"Tesa\u00ae 4331 Polyester krepp 200\u00b0C"}]},{"@type":"WebSite","@id":"https:\/\/distribuidorcintastesa.es\/fr\/#website","url":"https:\/\/distribuidorcintastesa.es\/fr\/","name":"Distribuidor de cintas tesa","description":"Distribuidor de cintas tesa, cintas tesa, tesa cintas, distribuidor tesa, tesa productos, productos tesa, tesa distribuidores, cintas y adhesivos, tesa cinta doble cara, cinta tesa doble cara, adhesivos tesa, cinta antideslizante, velcro tesa, cinta reflectante, tesa supergen, softprint, cinta doble cara tesa, selladores y adhesivos, cintas adhesivas de doble cara, cintas de aluminio, cintas de vinilo para se\u00f1alizaci\u00f3n, cintas de tela americanas, cintas de papel para enmascarar, cintas para embalaje","publisher":{"@id":"https:\/\/distribuidorcintastesa.es\/fr\/#organization"},"potentialAction":[{"@type":"SearchAction","target":{"@type":"EntryPoint","urlTemplate":"https:\/\/distribuidorcintastesa.es\/fr\/?s={search_term_string}"},"query-input":{"@type":"PropertyValueSpecification","valueRequired":true,"valueName":"search_term_string"}}],"inLanguage":"fr-FR"},{"@type":"Organization","@id":"https:\/\/distribuidorcintastesa.es\/fr\/#organization","name":"Distribuidor de cintas tesa","url":"https:\/\/distribuidorcintastesa.es\/fr\/","logo":{"@type":"ImageObject","inLanguage":"fr-FR","@id":"https:\/\/distribuidorcintastesa.es\/fr\/#\/schema\/logo\/image\/","url":"https:\/\/distribuidorcintastesa.es\/wp-content\/uploads\/2022\/10\/logo-espanol-portugues.png","contentUrl":"https:\/\/distribuidorcintastesa.es\/wp-content\/uploads\/2022\/10\/logo-espanol-portugues.png","width":871,"height":142,"caption":"Distribuidor de cintas tesa"},"image":{"@id":"https:\/\/distribuidorcintastesa.es\/fr\/#\/schema\/logo\/image\/"},"sameAs":["https:\/\/muralsrd.com\/","https:\/\/solbi-mural.com\/es\/","https:\/\/distribuidor-cintas-adhesivas.es","https:\/\/www.instagram.com\/solbimural\/?igsh=ZnR6ZmkzZm1ubWhl"]}]}},"_links":{"self":[{"href":"https:\/\/distribuidorcintastesa.es\/fr\/wp-json\/wp\/v2\/product\/3340","targetHints":{"allow":["GET"]}}],"collection":[{"href":"https:\/\/distribuidorcintastesa.es\/fr\/wp-json\/wp\/v2\/product"}],"about":[{"href":"https:\/\/distribuidorcintastesa.es\/fr\/wp-json\/wp\/v2\/types\/product"}],"wp:featuredmedia":[{"embeddable":true,"href":"https:\/\/distribuidorcintastesa.es\/fr\/wp-json\/wp\/v2\/media\/3348"}],"wp:attachment":[{"href":"https:\/\/distribuidorcintastesa.es\/fr\/wp-json\/wp\/v2\/media?parent=3340"}],"wp:term":[{"taxonomy":"product_brand","embeddable":true,"href":"https:\/\/distribuidorcintastesa.es\/fr\/wp-json\/wp\/v2\/product_brand?post=3340"},{"taxonomy":"product_cat","embeddable":true,"href":"https:\/\/distribuidorcintastesa.es\/fr\/wp-json\/wp\/v2\/product_cat?post=3340"},{"taxonomy":"product_tag","embeddable":true,"href":"https:\/\/distribuidorcintastesa.es\/fr\/wp-json\/wp\/v2\/product_tag?post=3340"}],"curies":[{"name":"wp","href":"https:\/\/api.w.org\/{rel}","templated":true}]}}