{"id":3300,"date":"2021-03-11T11:58:48","date_gmt":"2021-03-11T11:58:48","guid":{"rendered":"https:\/\/distribuidorcintastesa.es\/?post_type=product&#038;p=3300"},"modified":"2022-01-18T17:28:08","modified_gmt":"2022-01-18T17:28:08","slug":"tesaflex-4163-ruban-isolant-premium-solutions-reparation-et-disolation","status":"publish","type":"product","link":"https:\/\/distribuidorcintastesa.es\/fr\/producto\/tesaflex-4163-ruban-isolant-premium-solutions-reparation-et-disolation\/","title":{"rendered":"Tesaflex\u00ae 4163 Ruban isolant Premium"},"content":{"rendered":"<h3><strong>Tesaflex 4163 Ruban isolant Premium<\/strong><\/h3>\n<p>tesaflex 4163 est un ruban PVC souple avec une formulation sp\u00e9ciale, une bonne flexibilit\u00e9 du film et un adh\u00e9sif acrylique r\u00e9sistant \u00e0 l&rsquo;usure et aux UV. tesaflex\u00ae 4163 est universellement applicable, bien qu&rsquo;il soit exceptionnellement adapt\u00e9 aux applications dans les travaux d&rsquo;installation \u00e9lectrique, la r\u00e9paration, l&rsquo;\u00e9pissure ou le nouage. Le support en PVC garantit une grande durabilit\u00e9, tandis que l&rsquo;adh\u00e9sif acrylique lui conf\u00e8re une grande adh\u00e9rence sur diverses surfaces. De plus, le ruban est conforme \u00e0 la norme de s\u00e9curit\u00e9 am\u00e9ricaine 302. tesaflex\u00ae 4163 est disponible en plusieurs couleurs : noir, blanc, gris, bleu, jaune, rouge et vert. Les largeurs habituelles sont de 12 et 19 mm (plus disponibles) et sont propos\u00e9es avec une longueur de 33 m\u00e8tres.<\/p>\n<p><strong>Avantage<\/strong>:<br \/>\n&#8211; Support souple en PVC souple pour une excellente adaptabilit\u00e9<br \/>\n&#8211; Bonne adh\u00e9rence sur une grande vari\u00e9t\u00e9 de surfaces<br \/>\n&#8211; tesaflex\u00ae 4163 est conforme \u00e0 la norme de s\u00e9curit\u00e9 am\u00e9ricaine 302<\/p>\n<p>\u2013 R\u00e9siste \u00e0 des temp\u00e9ratures jusqu&rsquo;\u00e0 +105\u00baC.<br \/>\n\u2013 R\u00e9sistant aux acides et aux solvants.<br \/>\n\u2013 R\u00e9sistance aux rayons UV, id\u00e9al pour l&rsquo;ext\u00e9rieur.<br \/>\n\u2013 Gamme de couleurs adapt\u00e9es aux travaux d&rsquo;installation.<\/p>\n<p><strong>Applications principales<\/strong><br \/>\n&#8211; Convient pour les travaux d&rsquo;installation \u00e9lectrique, les r\u00e9parations, les \u00e9pissures et les attaches<br \/>\n&#8211; Peut \u00e9galement \u00eatre utilis\u00e9 pour le marquage et le codage couleur<br \/>\n&#8211; Couleur gris isog\u00e9nique pour l&rsquo;installation, par exemple, de tuyaux de chauffage<\/p>\n<p>&nbsp;<\/p>\n<p><img fetchpriority=\"high\" decoding=\"async\" class=\"alignnone wp-image-3303 size-medium\" src=\"https:\/\/distribuidorcintastesa.es\/wp-content\/uploads\/2021\/03\/tesa-4163_2-300x169.jpg\" alt=\"Tesaflex 4163 Ruban isolant Premium\" width=\"300\" height=\"169\" srcset=\"https:\/\/distribuidorcintastesa.es\/wp-content\/uploads\/2021\/03\/tesa-4163_2-300x169.jpg 300w, https:\/\/distribuidorcintastesa.es\/wp-content\/uploads\/2021\/03\/tesa-4163_2-600x338.jpg 600w, https:\/\/distribuidorcintastesa.es\/wp-content\/uploads\/2021\/03\/tesa-4163_2-64x36.jpg 64w, https:\/\/distribuidorcintastesa.es\/wp-content\/uploads\/2021\/03\/tesa-4163_2.jpg 607w\" sizes=\"(max-width: 300px) 100vw, 300px\" \/><\/p>\n<p>&nbsp;<\/p>\n<p><strong> Donn\u00e9es techniques<\/strong><\/p>\n<table width=\"409\">\n<tbody>\n<tr>\n<td width=\"202\"><strong>Support<\/strong><\/td>\n<td width=\"207\">PVC souple<\/td>\n<\/tr>\n<tr>\n<td><strong>\u00c9paisseur totale [\u00b5m]<\/strong><\/td>\n<td>130<\/td>\n<\/tr>\n<tr>\n<td><strong>Adh\u00e9sion \/ acier [N\/cm]<\/strong><\/td>\n<td>1.8<\/td>\n<\/tr>\n<tr>\n<td><strong>R\u00e9sist. Roture [N\/cm]<\/strong><\/td>\n<td>30,0<\/td>\n<\/tr>\n<\/tbody>\n<\/table>\n<table width=\"675\">\n<tbody>\n<tr>\n<td width=\"131\">PRODUIT<\/td>\n<td width=\"131\">UNITE<\/td>\n<td width=\"151\">EMBALLAGE<\/td>\n<td width=\"131\">DIMENSIONS<\/td>\n<td width=\"131\">COULEUR<\/td>\n<\/tr>\n<tr>\n<td rowspan=\"6\" width=\"131\">4163<\/td>\n<td width=\"131\">Rouleau<\/td>\n<td width=\"151\">120 Rouleaux\/Bo\u00eete<\/td>\n<td width=\"131\">15 mm x 33 mt<\/td>\n<td width=\"131\"><img decoding=\"async\" class=\"alignnone size-full wp-image-2996\" src=\"https:\/\/distribuidorcintastesa.es\/wp-content\/uploads\/2021\/02\/NEGRO_1.jpg\" alt=\"color NEGRO_1\" width=\"38\" height=\"19\" \/><img decoding=\"async\" class=\"alignnone size-full wp-image-3018\" src=\"https:\/\/distribuidorcintastesa.es\/wp-content\/uploads\/2021\/03\/AZUL_1.png\" alt=\"color azul\" width=\"38\" height=\"19\" \/><img loading=\"lazy\" decoding=\"async\" class=\"alignnone size-full wp-image-3034\" src=\"https:\/\/distribuidorcintastesa.es\/wp-content\/uploads\/2021\/03\/AMARILLO_1.png\" alt=\"color amarillo\" width=\"38\" height=\"19\" \/><\/td>\n<\/tr>\n<tr>\n<td width=\"131\">Rouleau<\/td>\n<td width=\"151\">120 Rouleaux\/Bo\u00eete<\/td>\n<td width=\"131\">19 mm x 33 mt<\/td>\n<td width=\"131\"><img decoding=\"async\" class=\"alignnone size-full wp-image-2996\" src=\"https:\/\/distribuidorcintastesa.es\/wp-content\/uploads\/2021\/02\/NEGRO_1.jpg\" alt=\"color NEGRO_1\" width=\"38\" height=\"19\" \/><img loading=\"lazy\" decoding=\"async\" class=\"alignnone size-full wp-image-2987\" src=\"https:\/\/distribuidorcintastesa.es\/wp-content\/uploads\/2021\/02\/blanco_1.jpg\" alt=\"color BLANCO\" width=\"38\" height=\"19\" \/><img loading=\"lazy\" decoding=\"async\" class=\"alignnone size-full wp-image-3022\" src=\"https:\/\/distribuidorcintastesa.es\/wp-content\/uploads\/2021\/03\/ROJO_1.png\" alt=\"color rojo\" width=\"38\" height=\"19\" \/><img loading=\"lazy\" decoding=\"async\" class=\"alignnone size-full wp-image-3026\" src=\"https:\/\/distribuidorcintastesa.es\/wp-content\/uploads\/2021\/03\/VERDE_1.png\" alt=\"color verde\" width=\"38\" height=\"20\" \/><\/td>\n<\/tr>\n<tr>\n<td width=\"131\">Rouleau<\/td>\n<td width=\"151\">72 Rouleaux\/Bo\u00eete<\/td>\n<td width=\"131\">25 mm x 33 mt<\/td>\n<td width=\"131\"><img decoding=\"async\" class=\"alignnone size-full wp-image-2996\" src=\"https:\/\/distribuidorcintastesa.es\/wp-content\/uploads\/2021\/02\/NEGRO_1.jpg\" alt=\"color NEGRO_1\" width=\"38\" height=\"19\" \/><\/td>\n<\/tr>\n<tr>\n<td width=\"131\">Rouleau<\/td>\n<td width=\"151\">60 Rouleaux\/Bo\u00eete<\/td>\n<td width=\"131\">30 mm x 33 mt<\/td>\n<td width=\"131\"><img decoding=\"async\" class=\"alignnone size-full wp-image-2996\" src=\"https:\/\/distribuidorcintastesa.es\/wp-content\/uploads\/2021\/02\/NEGRO_1.jpg\" alt=\"color NEGRO_1\" width=\"38\" height=\"19\" \/><\/td>\n<\/tr>\n<tr>\n<td width=\"131\">Rouleau<\/td>\n<td width=\"151\">36 Rouleaux\/Bo\u00eete<\/td>\n<td width=\"131\">50 mm x 33 mt<\/td>\n<td width=\"131\"><img decoding=\"async\" class=\"alignnone size-full wp-image-2996\" src=\"https:\/\/distribuidorcintastesa.es\/wp-content\/uploads\/2021\/02\/NEGRO_1.jpg\" alt=\"color NEGRO_1\" width=\"38\" height=\"19\" \/><\/td>\n<\/tr>\n<tr>\n<td width=\"131\">Rouleau<\/td>\n<td width=\"151\">12 Rouleaux\/Bo\u00eete<\/td>\n<td width=\"131\">100 mm x 33 mt<\/td>\n<td width=\"131\"><img decoding=\"async\" class=\"alignnone size-full wp-image-2996\" src=\"https:\/\/distribuidorcintastesa.es\/wp-content\/uploads\/2021\/02\/NEGRO_1.jpg\" alt=\"color NEGRO_1\" width=\"38\" height=\"19\" \/><\/td>\n<\/tr>\n<\/tbody>\n<\/table>\n<p><a href=\"https:\/\/distribuidorcintastesa.es\/fr\/catalogues\/\" target=\"_blank\" rel=\"noopener\">Catalogues TESA<\/a><\/p>\n","protected":false},"excerpt":{"rendered":"<p>Tesaflex 4163 Ruban isolant Premium tesaflex 4163 est un ruban PVC souple avec une formulation sp\u00e9ciale, une bonne flexibilit\u00e9 du film et un adh\u00e9sif acrylique r\u00e9sistant \u00e0 l&rsquo;usure et aux UV. tesaflex\u00ae 4163 est universellement applicable, bien qu&rsquo;il soit exceptionnellement adapt\u00e9 aux applications dans les travaux d&rsquo;installation \u00e9lectrique, la r\u00e9paration, l&rsquo;\u00e9pissure ou le nouage. Le [&hellip;]<\/p>\n","protected":false},"featured_media":3307,"template":"","meta":{"site-sidebar-layout":"default","site-content-layout":"","ast-site-content-layout":"default","site-content-style":"default","site-sidebar-style":"default","ast-global-header-display":"","ast-banner-title-visibility":"","ast-main-header-display":"","ast-hfb-above-header-display":"","ast-hfb-below-header-display":"","ast-hfb-mobile-header-display":"","site-post-title":"","ast-breadcrumbs-content":"","ast-featured-img":"","footer-sml-layout":"","ast-disable-related-posts":"","theme-transparent-header-meta":"","adv-header-id-meta":"","stick-header-meta":"","header-above-stick-meta":"","header-main-stick-meta":"","header-below-stick-meta":"","astra-migrate-meta-layouts":"default","ast-page-background-enabled":"default","ast-page-background-meta":{"desktop":{"background-color":"","background-image":"","background-repeat":"repeat","background-position":"center center","background-size":"auto","background-attachment":"scroll","background-type":"","background-media":"","overlay-type":"","overlay-color":"","overlay-opacity":"","overlay-gradient":""},"tablet":{"background-color":"","background-image":"","background-repeat":"repeat","background-position":"center center","background-size":"auto","background-attachment":"scroll","background-type":"","background-media":"","overlay-type":"","overlay-color":"","overlay-opacity":"","overlay-gradient":""},"mobile":{"background-color":"","background-image":"","background-repeat":"repeat","background-position":"center center","background-size":"auto","background-attachment":"scroll","background-type":"","background-media":"","overlay-type":"","overlay-color":"","overlay-opacity":"","overlay-gradient":""}},"ast-content-background-meta":{"desktop":{"background-color":"var(--ast-global-color-5)","background-image":"","background-repeat":"repeat","background-position":"center center","background-size":"auto","background-attachment":"scroll","background-type":"","background-media":"","overlay-type":"","overlay-color":"","overlay-opacity":"","overlay-gradient":""},"tablet":{"background-color":"var(--ast-global-color-5)","background-image":"","background-repeat":"repeat","background-position":"center center","background-size":"auto","background-attachment":"scroll","background-type":"","background-media":"","overlay-type":"","overlay-color":"","overlay-opacity":"","overlay-gradient":""},"mobile":{"background-color":"var(--ast-global-color-5)","background-image":"","background-repeat":"repeat","background-position":"center center","background-size":"auto","background-attachment":"scroll","background-type":"","background-media":"","overlay-type":"","overlay-color":"","overlay-opacity":"","overlay-gradient":""}}},"product_brand":[],"product_cat":[186,180],"product_tag":[],"class_list":{"0":"post-3300","1":"product","2":"type-product","3":"status-publish","4":"has-post-thumbnail","6":"product_cat-ruban-isolant","7":"product_cat-solutions-de-reparation-et-isolation","8":"desktop-align-center","9":"tablet-align-center","10":"mobile-align-center","12":"first","13":"instock","14":"shipping-taxable","15":"product-type-simple"},"yoast_head":"<!-- This site is optimized with the Yoast SEO Premium plugin v27.2 (Yoast SEO v27.2) - https:\/\/yoast.com\/product\/yoast-seo-premium-wordpress\/ -->\n<title>Tesaflex 4163 Ruban isolant Premium Solutions r\u00e9paration et d&#039;isolation<\/title>\n<meta name=\"description\" content=\"Tesaflex 4163 Ruban isolant Premium Solutions de r\u00e9paration et d&#039;isolation. Disponible dans notre magasin online\" \/>\n<meta name=\"robots\" content=\"index, follow, max-snippet:-1, max-image-preview:large, max-video-preview:-1\" \/>\n<link rel=\"canonical\" href=\"https:\/\/distribuidorcintastesa.es\/fr\/producto\/tesaflex-4163-ruban-isolant-premium-solutions-reparation-et-disolation\/\" \/>\n<meta property=\"og:locale\" content=\"fr_FR\" \/>\n<meta property=\"og:type\" content=\"article\" \/>\n<meta property=\"og:title\" content=\"Tesaflex\u00ae 4163 Ruban isolant Premium\" \/>\n<meta property=\"og:description\" content=\"Tesaflex 4163 Ruban isolant Premium Solutions de r\u00e9paration et d&#039;isolation. Disponible dans notre magasin online\" \/>\n<meta property=\"og:url\" content=\"https:\/\/distribuidorcintastesa.es\/fr\/producto\/tesaflex-4163-ruban-isolant-premium-solutions-reparation-et-disolation\/\" \/>\n<meta property=\"og:site_name\" content=\"Distribuidor de cintas tesa, cintas tesa, tesa cintas, distribuidor tesa, tesa productos, productos tesa, tesa distribuidores, http:\/\/www.http:\/\/distribuidorcintas3m.es, Mejores ofertas en cintas\" \/>\n<meta property=\"article:modified_time\" content=\"2022-01-18T17:28:08+00:00\" \/>\n<meta property=\"og:image\" content=\"https:\/\/distribuidorcintastesa.es\/wp-content\/uploads\/2021\/03\/tesa-4163_1.jpg\" \/>\n\t<meta property=\"og:image:width\" content=\"1034\" \/>\n\t<meta property=\"og:image:height\" content=\"731\" \/>\n\t<meta property=\"og:image:type\" content=\"image\/jpeg\" \/>\n<meta name=\"twitter:card\" content=\"summary_large_image\" \/>\n<meta name=\"twitter:label1\" content=\"Dur\u00e9e de lecture estim\u00e9e\" \/>\n\t<meta name=\"twitter:data1\" content=\"3 minutes\" \/>\n<script type=\"application\/ld+json\" class=\"yoast-schema-graph\">{\"@context\":\"https:\/\/schema.org\",\"@graph\":[{\"@type\":\"WebPage\",\"@id\":\"https:\/\/distribuidorcintastesa.es\/fr\/producto\/tesaflex-4163-ruban-isolant-premium-solutions-reparation-et-disolation\/\",\"url\":\"https:\/\/distribuidorcintastesa.es\/fr\/producto\/tesaflex-4163-ruban-isolant-premium-solutions-reparation-et-disolation\/\",\"name\":\"Tesaflex 4163 Ruban isolant Premium Solutions r\u00e9paration et d'isolation\",\"isPartOf\":{\"@id\":\"https:\/\/distribuidorcintastesa.es\/fr\/#website\"},\"primaryImageOfPage\":{\"@id\":\"https:\/\/distribuidorcintastesa.es\/fr\/producto\/tesaflex-4163-ruban-isolant-premium-solutions-reparation-et-disolation\/#primaryimage\"},\"image\":{\"@id\":\"https:\/\/distribuidorcintastesa.es\/fr\/producto\/tesaflex-4163-ruban-isolant-premium-solutions-reparation-et-disolation\/#primaryimage\"},\"thumbnailUrl\":\"https:\/\/distribuidorcintastesa.es\/wp-content\/uploads\/2021\/03\/tesa-4163_1.jpg\",\"datePublished\":\"2021-03-11T11:58:48+00:00\",\"dateModified\":\"2022-01-18T17:28:08+00:00\",\"description\":\"Tesaflex 4163 Ruban isolant Premium Solutions de r\u00e9paration et d'isolation. Disponible dans notre magasin online\",\"breadcrumb\":{\"@id\":\"https:\/\/distribuidorcintastesa.es\/fr\/producto\/tesaflex-4163-ruban-isolant-premium-solutions-reparation-et-disolation\/#breadcrumb\"},\"inLanguage\":\"fr-FR\",\"potentialAction\":[{\"@type\":\"ReadAction\",\"target\":[\"https:\/\/distribuidorcintastesa.es\/fr\/producto\/tesaflex-4163-ruban-isolant-premium-solutions-reparation-et-disolation\/\"]}]},{\"@type\":\"ImageObject\",\"inLanguage\":\"fr-FR\",\"@id\":\"https:\/\/distribuidorcintastesa.es\/fr\/producto\/tesaflex-4163-ruban-isolant-premium-solutions-reparation-et-disolation\/#primaryimage\",\"url\":\"https:\/\/distribuidorcintastesa.es\/wp-content\/uploads\/2021\/03\/tesa-4163_1.jpg\",\"contentUrl\":\"https:\/\/distribuidorcintastesa.es\/wp-content\/uploads\/2021\/03\/tesa-4163_1.jpg\",\"width\":1034,\"height\":731,\"caption\":\"Tesaflex 4163 Ruban isolant Premium\"},{\"@type\":\"BreadcrumbList\",\"@id\":\"https:\/\/distribuidorcintastesa.es\/fr\/producto\/tesaflex-4163-ruban-isolant-premium-solutions-reparation-et-disolation\/#breadcrumb\",\"itemListElement\":[{\"@type\":\"ListItem\",\"position\":1,\"name\":\"Portada\",\"item\":\"https:\/\/distribuidorcintastesa.es\/fr\/\"},{\"@type\":\"ListItem\",\"position\":2,\"name\":\"Produits\",\"item\":\"https:\/\/distribuidorcintastesa.es\/fr\/produits\/\"},{\"@type\":\"ListItem\",\"position\":3,\"name\":\"Tesaflex\u00ae 4163 Ruban isolant Premium\"}]},{\"@type\":\"WebSite\",\"@id\":\"https:\/\/distribuidorcintastesa.es\/fr\/#website\",\"url\":\"https:\/\/distribuidorcintastesa.es\/fr\/\",\"name\":\"Distribuidor de cintas tesa\",\"description\":\"Distribuidor de cintas tesa, cintas tesa, tesa cintas, distribuidor tesa, tesa productos, productos tesa, tesa distribuidores, cintas y adhesivos, tesa cinta doble cara, cinta tesa doble cara, adhesivos tesa, cinta antideslizante, velcro tesa, cinta reflectante, tesa supergen, softprint, cinta doble cara tesa, selladores y adhesivos, cintas adhesivas de doble cara, cintas de aluminio, cintas de vinilo para se\u00f1alizaci\u00f3n, cintas de tela americanas, cintas de papel para enmascarar, cintas para embalaje\",\"publisher\":{\"@id\":\"https:\/\/distribuidorcintastesa.es\/fr\/#organization\"},\"potentialAction\":[{\"@type\":\"SearchAction\",\"target\":{\"@type\":\"EntryPoint\",\"urlTemplate\":\"https:\/\/distribuidorcintastesa.es\/fr\/?s={search_term_string}\"},\"query-input\":{\"@type\":\"PropertyValueSpecification\",\"valueRequired\":true,\"valueName\":\"search_term_string\"}}],\"inLanguage\":\"fr-FR\"},{\"@type\":\"Organization\",\"@id\":\"https:\/\/distribuidorcintastesa.es\/fr\/#organization\",\"name\":\"Distribuidor de cintas tesa\",\"url\":\"https:\/\/distribuidorcintastesa.es\/fr\/\",\"logo\":{\"@type\":\"ImageObject\",\"inLanguage\":\"fr-FR\",\"@id\":\"https:\/\/distribuidorcintastesa.es\/fr\/#\/schema\/logo\/image\/\",\"url\":\"https:\/\/distribuidorcintastesa.es\/wp-content\/uploads\/2022\/10\/logo-espanol-portugues.png\",\"contentUrl\":\"https:\/\/distribuidorcintastesa.es\/wp-content\/uploads\/2022\/10\/logo-espanol-portugues.png\",\"width\":871,\"height\":142,\"caption\":\"Distribuidor de cintas tesa\"},\"image\":{\"@id\":\"https:\/\/distribuidorcintastesa.es\/fr\/#\/schema\/logo\/image\/\"},\"sameAs\":[\"https:\/\/muralsrd.com\/\",\"https:\/\/solbi-mural.com\/es\/\",\"https:\/\/distribuidor-cintas-adhesivas.es\",\"https:\/\/www.instagram.com\/solbimural\/?igsh=ZnR6ZmkzZm1ubWhl\"]}]}<\/script>\n<!-- \/ Yoast SEO Premium plugin. -->","yoast_head_json":{"title":"Tesaflex 4163 Ruban isolant Premium Solutions r\u00e9paration et d'isolation","description":"Tesaflex 4163 Ruban isolant Premium Solutions de r\u00e9paration et d'isolation. Disponible dans notre magasin online","robots":{"index":"index","follow":"follow","max-snippet":"max-snippet:-1","max-image-preview":"max-image-preview:large","max-video-preview":"max-video-preview:-1"},"canonical":"https:\/\/distribuidorcintastesa.es\/fr\/producto\/tesaflex-4163-ruban-isolant-premium-solutions-reparation-et-disolation\/","og_locale":"fr_FR","og_type":"article","og_title":"Tesaflex\u00ae 4163 Ruban isolant Premium","og_description":"Tesaflex 4163 Ruban isolant Premium Solutions de r\u00e9paration et d'isolation. Disponible dans notre magasin online","og_url":"https:\/\/distribuidorcintastesa.es\/fr\/producto\/tesaflex-4163-ruban-isolant-premium-solutions-reparation-et-disolation\/","og_site_name":"Distribuidor de cintas tesa, cintas tesa, tesa cintas, distribuidor tesa, tesa productos, productos tesa, tesa distribuidores, http:\/\/www.http:\/\/distribuidorcintas3m.es, Mejores ofertas en cintas","article_modified_time":"2022-01-18T17:28:08+00:00","og_image":[{"width":1034,"height":731,"url":"https:\/\/distribuidorcintastesa.es\/wp-content\/uploads\/2021\/03\/tesa-4163_1.jpg","type":"image\/jpeg"}],"twitter_card":"summary_large_image","twitter_misc":{"Dur\u00e9e de lecture estim\u00e9e":"3 minutes"},"schema":{"@context":"https:\/\/schema.org","@graph":[{"@type":"WebPage","@id":"https:\/\/distribuidorcintastesa.es\/fr\/producto\/tesaflex-4163-ruban-isolant-premium-solutions-reparation-et-disolation\/","url":"https:\/\/distribuidorcintastesa.es\/fr\/producto\/tesaflex-4163-ruban-isolant-premium-solutions-reparation-et-disolation\/","name":"Tesaflex 4163 Ruban isolant Premium Solutions r\u00e9paration et d'isolation","isPartOf":{"@id":"https:\/\/distribuidorcintastesa.es\/fr\/#website"},"primaryImageOfPage":{"@id":"https:\/\/distribuidorcintastesa.es\/fr\/producto\/tesaflex-4163-ruban-isolant-premium-solutions-reparation-et-disolation\/#primaryimage"},"image":{"@id":"https:\/\/distribuidorcintastesa.es\/fr\/producto\/tesaflex-4163-ruban-isolant-premium-solutions-reparation-et-disolation\/#primaryimage"},"thumbnailUrl":"https:\/\/distribuidorcintastesa.es\/wp-content\/uploads\/2021\/03\/tesa-4163_1.jpg","datePublished":"2021-03-11T11:58:48+00:00","dateModified":"2022-01-18T17:28:08+00:00","description":"Tesaflex 4163 Ruban isolant Premium Solutions de r\u00e9paration et d'isolation. Disponible dans notre magasin online","breadcrumb":{"@id":"https:\/\/distribuidorcintastesa.es\/fr\/producto\/tesaflex-4163-ruban-isolant-premium-solutions-reparation-et-disolation\/#breadcrumb"},"inLanguage":"fr-FR","potentialAction":[{"@type":"ReadAction","target":["https:\/\/distribuidorcintastesa.es\/fr\/producto\/tesaflex-4163-ruban-isolant-premium-solutions-reparation-et-disolation\/"]}]},{"@type":"ImageObject","inLanguage":"fr-FR","@id":"https:\/\/distribuidorcintastesa.es\/fr\/producto\/tesaflex-4163-ruban-isolant-premium-solutions-reparation-et-disolation\/#primaryimage","url":"https:\/\/distribuidorcintastesa.es\/wp-content\/uploads\/2021\/03\/tesa-4163_1.jpg","contentUrl":"https:\/\/distribuidorcintastesa.es\/wp-content\/uploads\/2021\/03\/tesa-4163_1.jpg","width":1034,"height":731,"caption":"Tesaflex 4163 Ruban isolant Premium"},{"@type":"BreadcrumbList","@id":"https:\/\/distribuidorcintastesa.es\/fr\/producto\/tesaflex-4163-ruban-isolant-premium-solutions-reparation-et-disolation\/#breadcrumb","itemListElement":[{"@type":"ListItem","position":1,"name":"Portada","item":"https:\/\/distribuidorcintastesa.es\/fr\/"},{"@type":"ListItem","position":2,"name":"Produits","item":"https:\/\/distribuidorcintastesa.es\/fr\/produits\/"},{"@type":"ListItem","position":3,"name":"Tesaflex\u00ae 4163 Ruban isolant Premium"}]},{"@type":"WebSite","@id":"https:\/\/distribuidorcintastesa.es\/fr\/#website","url":"https:\/\/distribuidorcintastesa.es\/fr\/","name":"Distribuidor de cintas tesa","description":"Distribuidor de cintas tesa, cintas tesa, tesa cintas, distribuidor tesa, tesa productos, productos tesa, tesa distribuidores, cintas y adhesivos, tesa cinta doble cara, cinta tesa doble cara, adhesivos tesa, cinta antideslizante, velcro tesa, cinta reflectante, tesa supergen, softprint, cinta doble cara tesa, selladores y adhesivos, cintas adhesivas de doble cara, cintas de aluminio, cintas de vinilo para se\u00f1alizaci\u00f3n, cintas de tela americanas, cintas de papel para enmascarar, cintas para embalaje","publisher":{"@id":"https:\/\/distribuidorcintastesa.es\/fr\/#organization"},"potentialAction":[{"@type":"SearchAction","target":{"@type":"EntryPoint","urlTemplate":"https:\/\/distribuidorcintastesa.es\/fr\/?s={search_term_string}"},"query-input":{"@type":"PropertyValueSpecification","valueRequired":true,"valueName":"search_term_string"}}],"inLanguage":"fr-FR"},{"@type":"Organization","@id":"https:\/\/distribuidorcintastesa.es\/fr\/#organization","name":"Distribuidor de cintas tesa","url":"https:\/\/distribuidorcintastesa.es\/fr\/","logo":{"@type":"ImageObject","inLanguage":"fr-FR","@id":"https:\/\/distribuidorcintastesa.es\/fr\/#\/schema\/logo\/image\/","url":"https:\/\/distribuidorcintastesa.es\/wp-content\/uploads\/2022\/10\/logo-espanol-portugues.png","contentUrl":"https:\/\/distribuidorcintastesa.es\/wp-content\/uploads\/2022\/10\/logo-espanol-portugues.png","width":871,"height":142,"caption":"Distribuidor de cintas tesa"},"image":{"@id":"https:\/\/distribuidorcintastesa.es\/fr\/#\/schema\/logo\/image\/"},"sameAs":["https:\/\/muralsrd.com\/","https:\/\/solbi-mural.com\/es\/","https:\/\/distribuidor-cintas-adhesivas.es","https:\/\/www.instagram.com\/solbimural\/?igsh=ZnR6ZmkzZm1ubWhl"]}]}},"_links":{"self":[{"href":"https:\/\/distribuidorcintastesa.es\/fr\/wp-json\/wp\/v2\/product\/3300","targetHints":{"allow":["GET"]}}],"collection":[{"href":"https:\/\/distribuidorcintastesa.es\/fr\/wp-json\/wp\/v2\/product"}],"about":[{"href":"https:\/\/distribuidorcintastesa.es\/fr\/wp-json\/wp\/v2\/types\/product"}],"wp:featuredmedia":[{"embeddable":true,"href":"https:\/\/distribuidorcintastesa.es\/fr\/wp-json\/wp\/v2\/media\/3307"}],"wp:attachment":[{"href":"https:\/\/distribuidorcintastesa.es\/fr\/wp-json\/wp\/v2\/media?parent=3300"}],"wp:term":[{"taxonomy":"product_brand","embeddable":true,"href":"https:\/\/distribuidorcintastesa.es\/fr\/wp-json\/wp\/v2\/product_brand?post=3300"},{"taxonomy":"product_cat","embeddable":true,"href":"https:\/\/distribuidorcintastesa.es\/fr\/wp-json\/wp\/v2\/product_cat?post=3300"},{"taxonomy":"product_tag","embeddable":true,"href":"https:\/\/distribuidorcintastesa.es\/fr\/wp-json\/wp\/v2\/product_tag?post=3300"}],"curies":[{"name":"wp","href":"https:\/\/api.w.org\/{rel}","templated":true}]}}